{"id":52115,"date":"2024-11-08T12:47:36","date_gmt":"2024-11-08T10:47:36","guid":{"rendered":"https:\/\/miumjau.ee\/toode\/carnilove-true-fresh-sausa-bariba-kakiem-ar-zivim-48-kg\/"},"modified":"2024-11-08T12:47:36","modified_gmt":"2024-11-08T10:47:36","slug":"carnilove-true-fresh-sausa-bariba-kakiem-ar-zivim-48-kg","status":"publish","type":"product","link":"https:\/\/miumjau.ee\/lv\/produkts\/carnilove-true-fresh-sausa-bariba-kakiem-ar-zivim-48-kg\/","title":{"rendered":"Carnilove True Fresh saus\u0101 bar\u012bba ka\u0137iem ar ziv\u012bm 4,8 kg"},"content":{"rendered":"","protected":false},"excerpt":{"rendered":"<p data-start=\"162\" data-end=\"803\">Unik\u0101la receptes pagatavo\u0161anas metode saglab\u0101 s\u0101kotn\u0113jo sast\u0101vda\u013cu \u012bpa\u0161\u012bbas un apmierina ka\u0137u dabiskos instinktus. Sast\u0101v\u0101 izmantot\u0101 svaig\u0101 zivs nodro\u0161ina izcilu gar\u0161u, labu sagremojam\u012bbu un dabisk\u0101ku baro\u0161anas veidu. Las\u012b e\u013c\u013ca ir pretiekaisuma l\u012bdzeklis, pal\u012bdz uztur\u0113t ka\u0137a ka\u017eoku un \u0101du, k\u0101 ar\u012b nov\u0113r\u0161 \u0101das jut\u012bgumu un aler\u0123ijas. Omega-3 tauksk\u0101bes no svaigas zivis un las\u012b e\u013c\u013cas ir \u013coti v\u0113rt\u012bgas visp\u0101r\u0113jai organisma vesel\u012bbai. T\u0101s pal\u012bdz l\u0113nin\u0101t \u0101das noveco\u0161anos, atbalsta sirds vesel\u012bbu un nodro\u0161ina pareizu redzi un centr\u0101l\u0101s nervu sist\u0113mas att\u012bst\u012bbu. Dz\u0113rvenes, smilts\u0113rk\u0161\u0137i, mellenes un \u016bdenskrese ir lieliski antioksidantu avoti.<\/p>\n<p data-start=\"805\" data-end=\"981\">L\u012bdz\u012bgas Carnilove True Fresh Cat Fresh Fish receptes sast\u0101vda\u013cas \u013cauj rot\u0113t da\u017e\u0101dus olbaltumvielu veidus, lai bar\u012bba ilg\u0101k saglab\u0101tu pievilc\u012bbu un ka\u0137im nerastos garlaic\u012bba.<\/p>\n<p data-start=\"983\" data-end=\"1054\">Dab\u012bg\u0101s sast\u0101vda\u013cas ir funkcion\u0101las un lieliski papildina viena otru.<\/p>\n<p data-start=\"1056\" data-end=\"1594\"><strong data-start=\"1056\" data-end=\"1068\">Sast\u0101vs:<\/strong> Svaiga zivs (70 %), zir\u0146u prote\u012bns, sarkan\u0101s l\u0113cas, gri\u0137i (4 %), dab\u012bg\u0101s aromatiz\u0113jo\u0161\u0101s vielas, vistas tauki, las\u012b e\u013c\u013ca (1 %), n\u0101trija hlor\u012bds, k\u0101lija hlor\u012bds, kalt\u0113tas br\u016bn\u0101s j\u016brasz\u0101les (0,5 %), \u016bdenskrese prote\u012bns (0,5 %), zir\u0146u milti, kalt\u0113ti smilts\u0113rk\u0161\u0137i (0,2 %), kalt\u0113ta ingvera sakne (0,1 %), kalt\u0113tas mellenes (0,1 %), kalt\u0113ts rozmar\u012bns (0,1 %), kalt\u0113tas dz\u0113rvenes (0,1 %), kalt\u0113ts timi\u0101ns (0,1 %), alus raugs (mannan-oligosahar\u012bds, 0,015 %), cikorijas sakne (frukto-oligosahar\u012bds, 0,015 %), parast\u0101 jukka (0,008 %).<\/p>\n<p data-start=\"1596\" data-end=\"2165\"><strong data-start=\"1596\" data-end=\"1632\">Uzturvielu papildin\u0101jumi \/ 1 kg:<\/strong> A vitam\u012bns (3a672a) 20 000 SV, D3 vitam\u012bns (3a671) 800 SV, E vitam\u012bns (3a700) 600 mg, C vitam\u012bns (3a312) 300 mg, taur\u012bns (3a370) 2 500 mg, hol\u012bna hlor\u012bds (3a890) 3 000 mg, karnit\u012bns (3a910) 100 mg, biot\u012bns (3a880) 2 mg, niacinam\u012bds (3a315) 50 mg, jods (3b201) 4 mg, cinks (3b606) 120 mg, mang\u0101ns (3b504) 55 mg, var\u0161 (3b406) 10 mg, dzelzs (3b106) 45 mg, sel\u0113ns (3b810) 0,2 mg, metion\u012bns (3c305) 5 000 mg. Satur dab\u012bgus antioksidantus: tokoferolu ekstrakti no augu e\u013c\u013c\u0101m (1b306(i)), askorb\u012blpalmit\u0101ts (1b304) un rozmar\u012bna ekstrakts.<\/p>\n<p data-start=\"2167\" data-end=\"2395\"><strong data-start=\"2167\" data-end=\"2192\">Anal\u012btiskais sast\u0101vs:<\/strong> kopprote\u012bns 35 %, tauki 14 %, kop\u0113jie pelni 9,8 %, kop\u0161\u0137iedra 3,6 %, mitrums 10 %, kalcijs 1 %, fosfors 0,8 %, n\u0101trijs 1,3 %, Omega-3 0,9 %, Omega-6 1,1 %, EPA (20:5 n-3) 0,2 %, DHA (22:6 n-3) 0,25 %.<\/p>\n<p data-start=\"2397\" data-end=\"2438\"><strong data-start=\"2397\" data-end=\"2422\">Metabolisk\u0101 ener\u0123ija:<\/strong> 3 620 kcal\/kg<\/p>\n","protected":false},"featured_media":52114,"template":"","meta":[],"product_brand":[],"product_cat":[569],"product_tag":[],"class_list":{"0":"post-52115","1":"product","2":"type-product","3":"status-publish","4":"has-post-thumbnail","6":"product_cat-sausa-bariba","8":"first","9":"instock","10":"sale","11":"taxable","12":"shipping-taxable","13":"purchasable","14":"product-type-simple"},"yoast_head":"<!-- This site is optimized with the Yoast SEO plugin v27.2 - https:\/\/yoast.com\/product\/yoast-seo-wordpress\/ -->\n<title>Carnilove True Fresh saus\u0101 bar\u012bba ka\u0137iem ar ziv\u012bm 4,8 kg - MiuMjau<\/title>\n<meta name=\"robots\" content=\"index, follow, max-snippet:-1, max-image-preview:large, max-video-preview:-1\" \/>\n<link rel=\"canonical\" href=\"https:\/\/miumjau.ee\/lv\/produkts\/carnilove-true-fresh-sausa-bariba-kakiem-ar-zivim-48-kg\/\" \/>\n<meta property=\"og:locale\" content=\"lv_LV\" \/>\n<meta property=\"og:type\" content=\"article\" \/>\n<meta property=\"og:title\" content=\"Carnilove True Fresh saus\u0101 bar\u012bba ka\u0137iem ar ziv\u012bm 4,8 kg - MiuMjau\" \/>\n<meta property=\"og:description\" content=\"Unik\u0101la receptes pagatavo\u0161anas metode saglab\u0101 s\u0101kotn\u0113jo sast\u0101vda\u013cu \u012bpa\u0161\u012bbas un apmierina ka\u0137u dabiskos instinktus. Sast\u0101v\u0101 izmantot\u0101 svaig\u0101 zivs nodro\u0161ina izcilu gar\u0161u, labu sagremojam\u012bbu un dabisk\u0101ku baro\u0161anas veidu. Las\u012b e\u013c\u013ca ir pretiekaisuma l\u012bdzeklis, pal\u012bdz uztur\u0113t ka\u0137a ka\u017eoku un \u0101du, k\u0101 ar\u012b nov\u0113r\u0161 \u0101das jut\u012bgumu un aler\u0123ijas. Omega-3 tauksk\u0101bes no svaigas zivis un las\u012b e\u013c\u013cas ir \u013coti v\u0113rt\u012bgas visp\u0101r\u0113jai organisma vesel\u012bbai. T\u0101s pal\u012bdz l\u0113nin\u0101t \u0101das noveco\u0161anos, atbalsta sirds vesel\u012bbu un nodro\u0161ina pareizu redzi un centr\u0101l\u0101s nervu sist\u0113mas att\u012bst\u012bbu. Dz\u0113rvenes, smilts\u0113rk\u0161\u0137i, mellenes un \u016bdenskrese ir lieliski antioksidantu avoti. L\u012bdz\u012bgas Carnilove True Fresh Cat Fresh Fish receptes sast\u0101vda\u013cas \u013cauj rot\u0113t da\u017e\u0101dus olbaltumvielu veidus, lai bar\u012bba ilg\u0101k saglab\u0101tu pievilc\u012bbu un ka\u0137im nerastos garlaic\u012bba. Dab\u012bg\u0101s sast\u0101vda\u013cas ir funkcion\u0101las un lieliski papildina viena otru. Sast\u0101vs: Svaiga zivs (70 %), zir\u0146u prote\u012bns, sarkan\u0101s l\u0113cas, gri\u0137i (4 %), dab\u012bg\u0101s aromatiz\u0113jo\u0161\u0101s vielas, vistas tauki, las\u012b e\u013c\u013ca (1 %), n\u0101trija hlor\u012bds, k\u0101lija hlor\u012bds, kalt\u0113tas br\u016bn\u0101s j\u016brasz\u0101les (0,5 %), \u016bdenskrese prote\u012bns (0,5 %), zir\u0146u milti, kalt\u0113ti smilts\u0113rk\u0161\u0137i (0,2 %), kalt\u0113ta ingvera sakne (0,1 %), kalt\u0113tas mellenes (0,1 %), kalt\u0113ts rozmar\u012bns (0,1 %), kalt\u0113tas dz\u0113rvenes (0,1 %), kalt\u0113ts timi\u0101ns (0,1 %), alus raugs (mannan-oligosahar\u012bds, 0,015 %), cikorijas sakne (frukto-oligosahar\u012bds, 0,015 %), parast\u0101 jukka (0,008 %). Uzturvielu papildin\u0101jumi \/ 1 kg: A vitam\u012bns (3a672a) 20 000 SV, D3 vitam\u012bns (3a671) 800 SV, E vitam\u012bns (3a700) 600 mg, C vitam\u012bns (3a312) 300 mg, taur\u012bns (3a370) 2 500 mg, hol\u012bna hlor\u012bds (3a890) 3 000 mg, karnit\u012bns (3a910) 100 mg, biot\u012bns (3a880) 2 mg, niacinam\u012bds (3a315) 50 mg, jods (3b201) 4 mg, cinks (3b606) 120 mg, mang\u0101ns (3b504) 55 mg, var\u0161 (3b406) 10 mg, dzelzs (3b106) 45 mg, sel\u0113ns (3b810) 0,2 mg, metion\u012bns (3c305) 5 000 mg. Satur dab\u012bgus antioksidantus: tokoferolu ekstrakti no augu e\u013c\u013c\u0101m (1b306(i)), askorb\u012blpalmit\u0101ts (1b304) un rozmar\u012bna ekstrakts. Anal\u012btiskais sast\u0101vs: kopprote\u012bns 35 %, tauki 14 %, kop\u0113jie pelni 9,8 %, kop\u0161\u0137iedra 3,6 %, mitrums 10 %, kalcijs 1 %, fosfors 0,8 %, n\u0101trijs 1,3 %, Omega-3 0,9 %, Omega-6 1,1 %, EPA (20:5 n-3) 0,2 %, DHA (22:6 n-3) 0,25 %. Metabolisk\u0101 ener\u0123ija: 3 620 kcal\/kg\" \/>\n<meta property=\"og:url\" content=\"https:\/\/miumjau.ee\/lv\/produkts\/carnilove-true-fresh-sausa-bariba-kakiem-ar-zivim-48-kg\/\" \/>\n<meta property=\"og:site_name\" content=\"MiuMjau\" \/>\n<meta property=\"article:publisher\" content=\"https:\/\/www.facebook.com\/miumjaupood\/\" \/>\n<meta property=\"og:image\" content=\"https:\/\/miumjau.ee\/wp-content\/uploads\/2024\/11\/carnilove-kuivtoit-kassile-true-fresh1-Photoroom.jpg\" \/>\n\t<meta property=\"og:image:width\" content=\"600\" \/>\n\t<meta property=\"og:image:height\" content=\"800\" \/>\n\t<meta property=\"og:image:type\" content=\"image\/jpeg\" \/>\n<meta name=\"twitter:card\" content=\"summary_large_image\" \/>\n<script type=\"application\/ld+json\" class=\"yoast-schema-graph\">{\"@context\":\"https:\/\/schema.org\",\"@graph\":[{\"@type\":\"WebPage\",\"@id\":\"https:\/\/miumjau.ee\/lv\/produkts\/carnilove-true-fresh-sausa-bariba-kakiem-ar-zivim-48-kg\/\",\"url\":\"https:\/\/miumjau.ee\/lv\/produkts\/carnilove-true-fresh-sausa-bariba-kakiem-ar-zivim-48-kg\/\",\"name\":\"Carnilove True Fresh saus\u0101 bar\u012bba ka\u0137iem ar ziv\u012bm 4,8 kg - MiuMjau\",\"isPartOf\":{\"@id\":\"https:\/\/miumjau.ee\/#website\"},\"primaryImageOfPage\":{\"@id\":\"https:\/\/miumjau.ee\/lv\/produkts\/carnilove-true-fresh-sausa-bariba-kakiem-ar-zivim-48-kg\/#primaryimage\"},\"image\":{\"@id\":\"https:\/\/miumjau.ee\/lv\/produkts\/carnilove-true-fresh-sausa-bariba-kakiem-ar-zivim-48-kg\/#primaryimage\"},\"thumbnailUrl\":\"https:\/\/miumjau.ee\/wp-content\/uploads\/2024\/11\/carnilove-kuivtoit-kassile-true-fresh1-Photoroom.jpg\",\"datePublished\":\"2024-11-08T10:47:36+00:00\",\"breadcrumb\":{\"@id\":\"https:\/\/miumjau.ee\/lv\/produkts\/carnilove-true-fresh-sausa-bariba-kakiem-ar-zivim-48-kg\/#breadcrumb\"},\"inLanguage\":\"lv-LV\",\"potentialAction\":[{\"@type\":\"ReadAction\",\"target\":[\"https:\/\/miumjau.ee\/lv\/produkts\/carnilove-true-fresh-sausa-bariba-kakiem-ar-zivim-48-kg\/\"]}]},{\"@type\":\"ImageObject\",\"inLanguage\":\"lv-LV\",\"@id\":\"https:\/\/miumjau.ee\/lv\/produkts\/carnilove-true-fresh-sausa-bariba-kakiem-ar-zivim-48-kg\/#primaryimage\",\"url\":\"https:\/\/miumjau.ee\/wp-content\/uploads\/2024\/11\/carnilove-kuivtoit-kassile-true-fresh1-Photoroom.jpg\",\"contentUrl\":\"https:\/\/miumjau.ee\/wp-content\/uploads\/2024\/11\/carnilove-kuivtoit-kassile-true-fresh1-Photoroom.jpg\",\"width\":600,\"height\":800},{\"@type\":\"BreadcrumbList\",\"@id\":\"https:\/\/miumjau.ee\/lv\/produkts\/carnilove-true-fresh-sausa-bariba-kakiem-ar-zivim-48-kg\/#breadcrumb\",\"itemListElement\":[{\"@type\":\"ListItem\",\"position\":1,\"name\":\"Home\",\"item\":\"https:\/\/miumjau.ee\/lv\/\"},{\"@type\":\"ListItem\",\"position\":2,\"name\":\"Veikals\",\"item\":\"https:\/\/miumjau.ee\/lv\/veikals\/\"},{\"@type\":\"ListItem\",\"position\":3,\"name\":\"Carnilove True Fresh saus\u0101 bar\u012bba ka\u0137iem ar ziv\u012bm 4,8 kg\"}]},{\"@type\":\"WebSite\",\"@id\":\"https:\/\/miumjau.ee\/#website\",\"url\":\"https:\/\/miumjau.ee\/\",\"name\":\"MiuMjau\",\"description\":\"Kraapimispuud kassidele\",\"publisher\":{\"@id\":\"https:\/\/miumjau.ee\/#organization\"},\"potentialAction\":[{\"@type\":\"SearchAction\",\"target\":{\"@type\":\"EntryPoint\",\"urlTemplate\":\"https:\/\/miumjau.ee\/?s={search_term_string}\"},\"query-input\":{\"@type\":\"PropertyValueSpecification\",\"valueRequired\":true,\"valueName\":\"search_term_string\"}}],\"inLanguage\":\"lv-LV\"},{\"@type\":\"Organization\",\"@id\":\"https:\/\/miumjau.ee\/#organization\",\"name\":\"MiuMjau O\u00dc\",\"url\":\"https:\/\/miumjau.ee\/\",\"logo\":{\"@type\":\"ImageObject\",\"inLanguage\":\"lv-LV\",\"@id\":\"https:\/\/miumjau.ee\/#\/schema\/logo\/image\/\",\"url\":\"https:\/\/miumjau.ee\/wp-content\/uploads\/2022\/04\/MiuMjau-logo-kollane.png\",\"contentUrl\":\"https:\/\/miumjau.ee\/wp-content\/uploads\/2022\/04\/MiuMjau-logo-kollane.png\",\"width\":219,\"height\":100,\"caption\":\"MiuMjau O\u00dc\"},\"image\":{\"@id\":\"https:\/\/miumjau.ee\/#\/schema\/logo\/image\/\"},\"sameAs\":[\"https:\/\/www.facebook.com\/miumjaupood\/\"]}]}<\/script>\n<!-- \/ Yoast SEO plugin. -->","yoast_head_json":{"title":"Carnilove True Fresh saus\u0101 bar\u012bba ka\u0137iem ar ziv\u012bm 4,8 kg - MiuMjau","robots":{"index":"index","follow":"follow","max-snippet":"max-snippet:-1","max-image-preview":"max-image-preview:large","max-video-preview":"max-video-preview:-1"},"canonical":"https:\/\/miumjau.ee\/lv\/produkts\/carnilove-true-fresh-sausa-bariba-kakiem-ar-zivim-48-kg\/","og_locale":"lv_LV","og_type":"article","og_title":"Carnilove True Fresh saus\u0101 bar\u012bba ka\u0137iem ar ziv\u012bm 4,8 kg - MiuMjau","og_description":"Unik\u0101la receptes pagatavo\u0161anas metode saglab\u0101 s\u0101kotn\u0113jo sast\u0101vda\u013cu \u012bpa\u0161\u012bbas un apmierina ka\u0137u dabiskos instinktus. Sast\u0101v\u0101 izmantot\u0101 svaig\u0101 zivs nodro\u0161ina izcilu gar\u0161u, labu sagremojam\u012bbu un dabisk\u0101ku baro\u0161anas veidu. Las\u012b e\u013c\u013ca ir pretiekaisuma l\u012bdzeklis, pal\u012bdz uztur\u0113t ka\u0137a ka\u017eoku un \u0101du, k\u0101 ar\u012b nov\u0113r\u0161 \u0101das jut\u012bgumu un aler\u0123ijas. Omega-3 tauksk\u0101bes no svaigas zivis un las\u012b e\u013c\u013cas ir \u013coti v\u0113rt\u012bgas visp\u0101r\u0113jai organisma vesel\u012bbai. T\u0101s pal\u012bdz l\u0113nin\u0101t \u0101das noveco\u0161anos, atbalsta sirds vesel\u012bbu un nodro\u0161ina pareizu redzi un centr\u0101l\u0101s nervu sist\u0113mas att\u012bst\u012bbu. Dz\u0113rvenes, smilts\u0113rk\u0161\u0137i, mellenes un \u016bdenskrese ir lieliski antioksidantu avoti. L\u012bdz\u012bgas Carnilove True Fresh Cat Fresh Fish receptes sast\u0101vda\u013cas \u013cauj rot\u0113t da\u017e\u0101dus olbaltumvielu veidus, lai bar\u012bba ilg\u0101k saglab\u0101tu pievilc\u012bbu un ka\u0137im nerastos garlaic\u012bba. Dab\u012bg\u0101s sast\u0101vda\u013cas ir funkcion\u0101las un lieliski papildina viena otru. Sast\u0101vs: Svaiga zivs (70 %), zir\u0146u prote\u012bns, sarkan\u0101s l\u0113cas, gri\u0137i (4 %), dab\u012bg\u0101s aromatiz\u0113jo\u0161\u0101s vielas, vistas tauki, las\u012b e\u013c\u013ca (1 %), n\u0101trija hlor\u012bds, k\u0101lija hlor\u012bds, kalt\u0113tas br\u016bn\u0101s j\u016brasz\u0101les (0,5 %), \u016bdenskrese prote\u012bns (0,5 %), zir\u0146u milti, kalt\u0113ti smilts\u0113rk\u0161\u0137i (0,2 %), kalt\u0113ta ingvera sakne (0,1 %), kalt\u0113tas mellenes (0,1 %), kalt\u0113ts rozmar\u012bns (0,1 %), kalt\u0113tas dz\u0113rvenes (0,1 %), kalt\u0113ts timi\u0101ns (0,1 %), alus raugs (mannan-oligosahar\u012bds, 0,015 %), cikorijas sakne (frukto-oligosahar\u012bds, 0,015 %), parast\u0101 jukka (0,008 %). Uzturvielu papildin\u0101jumi \/ 1 kg: A vitam\u012bns (3a672a) 20 000 SV, D3 vitam\u012bns (3a671) 800 SV, E vitam\u012bns (3a700) 600 mg, C vitam\u012bns (3a312) 300 mg, taur\u012bns (3a370) 2 500 mg, hol\u012bna hlor\u012bds (3a890) 3 000 mg, karnit\u012bns (3a910) 100 mg, biot\u012bns (3a880) 2 mg, niacinam\u012bds (3a315) 50 mg, jods (3b201) 4 mg, cinks (3b606) 120 mg, mang\u0101ns (3b504) 55 mg, var\u0161 (3b406) 10 mg, dzelzs (3b106) 45 mg, sel\u0113ns (3b810) 0,2 mg, metion\u012bns (3c305) 5 000 mg. Satur dab\u012bgus antioksidantus: tokoferolu ekstrakti no augu e\u013c\u013c\u0101m (1b306(i)), askorb\u012blpalmit\u0101ts (1b304) un rozmar\u012bna ekstrakts. Anal\u012btiskais sast\u0101vs: kopprote\u012bns 35 %, tauki 14 %, kop\u0113jie pelni 9,8 %, kop\u0161\u0137iedra 3,6 %, mitrums 10 %, kalcijs 1 %, fosfors 0,8 %, n\u0101trijs 1,3 %, Omega-3 0,9 %, Omega-6 1,1 %, EPA (20:5 n-3) 0,2 %, DHA (22:6 n-3) 0,25 %. Metabolisk\u0101 ener\u0123ija: 3 620 kcal\/kg","og_url":"https:\/\/miumjau.ee\/lv\/produkts\/carnilove-true-fresh-sausa-bariba-kakiem-ar-zivim-48-kg\/","og_site_name":"MiuMjau","article_publisher":"https:\/\/www.facebook.com\/miumjaupood\/","og_image":[{"width":600,"height":800,"url":"https:\/\/miumjau.ee\/wp-content\/uploads\/2024\/11\/carnilove-kuivtoit-kassile-true-fresh1-Photoroom.jpg","type":"image\/jpeg"}],"twitter_card":"summary_large_image","schema":{"@context":"https:\/\/schema.org","@graph":[{"@type":"WebPage","@id":"https:\/\/miumjau.ee\/lv\/produkts\/carnilove-true-fresh-sausa-bariba-kakiem-ar-zivim-48-kg\/","url":"https:\/\/miumjau.ee\/lv\/produkts\/carnilove-true-fresh-sausa-bariba-kakiem-ar-zivim-48-kg\/","name":"Carnilove True Fresh saus\u0101 bar\u012bba ka\u0137iem ar ziv\u012bm 4,8 kg - MiuMjau","isPartOf":{"@id":"https:\/\/miumjau.ee\/#website"},"primaryImageOfPage":{"@id":"https:\/\/miumjau.ee\/lv\/produkts\/carnilove-true-fresh-sausa-bariba-kakiem-ar-zivim-48-kg\/#primaryimage"},"image":{"@id":"https:\/\/miumjau.ee\/lv\/produkts\/carnilove-true-fresh-sausa-bariba-kakiem-ar-zivim-48-kg\/#primaryimage"},"thumbnailUrl":"https:\/\/miumjau.ee\/wp-content\/uploads\/2024\/11\/carnilove-kuivtoit-kassile-true-fresh1-Photoroom.jpg","datePublished":"2024-11-08T10:47:36+00:00","breadcrumb":{"@id":"https:\/\/miumjau.ee\/lv\/produkts\/carnilove-true-fresh-sausa-bariba-kakiem-ar-zivim-48-kg\/#breadcrumb"},"inLanguage":"lv-LV","potentialAction":[{"@type":"ReadAction","target":["https:\/\/miumjau.ee\/lv\/produkts\/carnilove-true-fresh-sausa-bariba-kakiem-ar-zivim-48-kg\/"]}]},{"@type":"ImageObject","inLanguage":"lv-LV","@id":"https:\/\/miumjau.ee\/lv\/produkts\/carnilove-true-fresh-sausa-bariba-kakiem-ar-zivim-48-kg\/#primaryimage","url":"https:\/\/miumjau.ee\/wp-content\/uploads\/2024\/11\/carnilove-kuivtoit-kassile-true-fresh1-Photoroom.jpg","contentUrl":"https:\/\/miumjau.ee\/wp-content\/uploads\/2024\/11\/carnilove-kuivtoit-kassile-true-fresh1-Photoroom.jpg","width":600,"height":800},{"@type":"BreadcrumbList","@id":"https:\/\/miumjau.ee\/lv\/produkts\/carnilove-true-fresh-sausa-bariba-kakiem-ar-zivim-48-kg\/#breadcrumb","itemListElement":[{"@type":"ListItem","position":1,"name":"Home","item":"https:\/\/miumjau.ee\/lv\/"},{"@type":"ListItem","position":2,"name":"Veikals","item":"https:\/\/miumjau.ee\/lv\/veikals\/"},{"@type":"ListItem","position":3,"name":"Carnilove True Fresh saus\u0101 bar\u012bba ka\u0137iem ar ziv\u012bm 4,8 kg"}]},{"@type":"WebSite","@id":"https:\/\/miumjau.ee\/#website","url":"https:\/\/miumjau.ee\/","name":"MiuMjau","description":"Kraapimispuud kassidele","publisher":{"@id":"https:\/\/miumjau.ee\/#organization"},"potentialAction":[{"@type":"SearchAction","target":{"@type":"EntryPoint","urlTemplate":"https:\/\/miumjau.ee\/?s={search_term_string}"},"query-input":{"@type":"PropertyValueSpecification","valueRequired":true,"valueName":"search_term_string"}}],"inLanguage":"lv-LV"},{"@type":"Organization","@id":"https:\/\/miumjau.ee\/#organization","name":"MiuMjau O\u00dc","url":"https:\/\/miumjau.ee\/","logo":{"@type":"ImageObject","inLanguage":"lv-LV","@id":"https:\/\/miumjau.ee\/#\/schema\/logo\/image\/","url":"https:\/\/miumjau.ee\/wp-content\/uploads\/2022\/04\/MiuMjau-logo-kollane.png","contentUrl":"https:\/\/miumjau.ee\/wp-content\/uploads\/2022\/04\/MiuMjau-logo-kollane.png","width":219,"height":100,"caption":"MiuMjau O\u00dc"},"image":{"@id":"https:\/\/miumjau.ee\/#\/schema\/logo\/image\/"},"sameAs":["https:\/\/www.facebook.com\/miumjaupood\/"]}]}},"_links":{"self":[{"href":"https:\/\/miumjau.ee\/lv\/wp-json\/wp\/v2\/product\/52115","targetHints":{"allow":["GET"]}}],"collection":[{"href":"https:\/\/miumjau.ee\/lv\/wp-json\/wp\/v2\/product"}],"about":[{"href":"https:\/\/miumjau.ee\/lv\/wp-json\/wp\/v2\/types\/product"}],"wp:featuredmedia":[{"embeddable":true,"href":"https:\/\/miumjau.ee\/lv\/wp-json\/wp\/v2\/media\/52114"}],"wp:attachment":[{"href":"https:\/\/miumjau.ee\/lv\/wp-json\/wp\/v2\/media?parent=52115"}],"wp:term":[{"taxonomy":"product_brand","embeddable":true,"href":"https:\/\/miumjau.ee\/lv\/wp-json\/wp\/v2\/product_brand?post=52115"},{"taxonomy":"product_cat","embeddable":true,"href":"https:\/\/miumjau.ee\/lv\/wp-json\/wp\/v2\/product_cat?post=52115"},{"taxonomy":"product_tag","embeddable":true,"href":"https:\/\/miumjau.ee\/lv\/wp-json\/wp\/v2\/product_tag?post=52115"}],"curies":[{"name":"wp","href":"https:\/\/api.w.org\/{rel}","templated":true}]}}