{"id":52109,"date":"2024-11-11T11:45:02","date_gmt":"2024-11-11T09:45:02","guid":{"rendered":"https:\/\/miumjau.ee\/toode\/carnilove-mitra-bariba-kakiem-ar-foreli-un-ehinaceju-85-g\/"},"modified":"2024-11-11T11:45:02","modified_gmt":"2024-11-11T09:45:02","slug":"carnilove-mitra-bariba-kakiem-ar-foreli-un-ehinaceju-85-g","status":"publish","type":"product","link":"https:\/\/miumjau.ee\/lv\/produkts\/carnilove-mitra-bariba-kakiem-ar-foreli-un-ehinaceju-85-g\/","title":{"rendered":"Carnilove mitr\u0101 bar\u012bba ka\u0137iem ar foreli un ehinaceju 85 g"},"content":{"rendered":"","protected":false},"excerpt":{"rendered":"<p data-start=\"173\" data-end=\"227\">Carnilove pilnv\u0113rt\u012bgs konservs ka\u0137iem ar 85 % ga\u013cas!<\/p>\n<p data-start=\"229\" data-end=\"243\"><strong data-start=\"229\" data-end=\"241\">Apraksts<\/strong><\/p>\n<ul data-start=\"244\" data-end=\"815\">\n<li data-start=\"244\" data-end=\"269\">\n<p data-start=\"246\" data-end=\"269\">Liels daudzums ga\u013cas.<\/p>\n<\/li>\n<li data-start=\"270\" data-end=\"377\">\n<p data-start=\"272\" data-end=\"377\">Savva\u013cas ga\u013cas filejas gabali\u0146i. Var izmantot k\u0101 ikdienas bar\u012bbu vai k\u0101 papildin\u0101jumu sausajai bar\u012bbai.<\/p>\n<\/li>\n<li data-start=\"378\" data-end=\"458\">\n<p data-start=\"380\" data-end=\"458\">Nesatur graudus, kartupe\u013cus, \u0122MO, soju, cukuru, konservantus vai kr\u0101svielas.<\/p>\n<\/li>\n<li data-start=\"459\" data-end=\"636\">\n<p data-start=\"461\" data-end=\"636\">Augstas uzturv\u0113rt\u012bbas fore\u013cu ga\u013ca, kas veicina gremo\u0161anas sist\u0113mas vesel\u012bbu un optim\u0101lu \u0137erme\u0146a st\u0101vokli. Omega-3 tauksk\u0101bes pal\u012bdz uztur\u0113t vesel\u012bgu \u0101du, sirdi un loc\u012btavas.<\/p>\n<\/li>\n<li data-start=\"637\" data-end=\"815\">\n<p data-start=\"639\" data-end=\"815\">Ehinaceja atbalsta imunit\u0101ti, tai piem\u012bt pretiekaisuma, antibakteri\u0101las un pretv\u012brusu \u012bpa\u0161\u012bbas. T\u0101 ar\u012b veicina vesel\u012bgu \u0101du un gremo\u0161anu un pal\u012bdz uzlabot visp\u0101r\u0113jo vesel\u012bbu.<\/p>\n<\/li>\n<\/ul>\n<p data-start=\"817\" data-end=\"964\"><strong data-start=\"817\" data-end=\"829\">Sast\u0101vs:<\/strong> 85 % ga\u013cas fileja (71 % vistas, 14 % forele), 12 % buljons, 1 % ehinaceja, 1 % lins\u0113klu e\u013c\u013ca, 0,5 % miner\u0101lvielas, 0,5 % augu ciete.<\/p>\n<p data-start=\"966\" data-end=\"1143\"><strong data-start=\"966\" data-end=\"991\">Anal\u012btiskais sast\u0101vs:<\/strong> kopprote\u012bns 7,5 %, tauku saturs 4 %, kop\u0113jie pelni 2 %, kop\u0161\u0137iedra 0,5 %, mitrums 82 %, kalcijs 0,15 %, fosfors 0,2 %, n\u0101trijs 0,3 %, Omega-3 0,25 %.<\/p>\n<p data-start=\"1145\" data-end=\"1392\"><strong data-start=\"1145\" data-end=\"1181\">Uzturvielu papildin\u0101jumi \/ 1 kg:<\/strong> D3 vitam\u012bns (E671) 250 SV, E vitam\u012bns (3a700) 150 mg, biot\u012bns (3a880) 0,5 mg, cinks (3b606) 12 mg, mang\u0101ns (3b502) 3 mg, dzelzs (3b103) 10 mg, var\u0161 (3b405) 0,4 mg, jods (3b201) 0,7 mg, taur\u012bns (3a370) 500 mg.<\/p>\n<p data-start=\"1394\" data-end=\"1433\"><strong data-start=\"1394\" data-end=\"1419\">Metabolisk\u0101 ener\u0123ija:<\/strong> 810 kcal\/kg<\/p>\n<p data-start=\"1435\" data-end=\"1607\"><strong data-start=\"1435\" data-end=\"1460\">Baro\u0161anas nor\u0101d\u012bjumi:<\/strong> Pasniedziet Carnilove Forele ar Ehinaceju istabas temperat\u016br\u0101 un vienm\u0113r nodro\u0161iniet b\u013codu ar svaigu \u016bdeni. P\u0113c atv\u0113r\u0161anas glab\u0101jiet ledusskap\u012b.<\/p>\n","protected":false},"featured_media":52092,"template":"","meta":[],"product_brand":[],"product_cat":[571],"product_tag":[],"class_list":{"0":"post-52109","1":"product","2":"type-product","3":"status-publish","4":"has-post-thumbnail","6":"product_cat-mitra-bariba","8":"first","9":"instock","10":"taxable","11":"shipping-taxable","12":"purchasable","13":"product-type-simple"},"yoast_head":"<!-- This site is optimized with the Yoast SEO plugin v27.2 - https:\/\/yoast.com\/product\/yoast-seo-wordpress\/ -->\n<title>Carnilove mitr\u0101 bar\u012bba ka\u0137iem ar foreli un ehinaceju 85 g - MiuMjau<\/title>\n<meta name=\"robots\" content=\"index, follow, max-snippet:-1, max-image-preview:large, max-video-preview:-1\" \/>\n<link rel=\"canonical\" href=\"https:\/\/miumjau.ee\/lv\/produkts\/carnilove-mitra-bariba-kakiem-ar-foreli-un-ehinaceju-85-g\/\" \/>\n<meta property=\"og:locale\" content=\"lv_LV\" \/>\n<meta property=\"og:type\" content=\"article\" \/>\n<meta property=\"og:title\" content=\"Carnilove mitr\u0101 bar\u012bba ka\u0137iem ar foreli un ehinaceju 85 g - MiuMjau\" \/>\n<meta property=\"og:description\" content=\"Carnilove pilnv\u0113rt\u012bgs konservs ka\u0137iem ar 85 % ga\u013cas! Apraksts     Liels daudzums ga\u013cas.    Savva\u013cas ga\u013cas filejas gabali\u0146i. Var izmantot k\u0101 ikdienas bar\u012bbu vai k\u0101 papildin\u0101jumu sausajai bar\u012bbai.    Nesatur graudus, kartupe\u013cus, \u0122MO, soju, cukuru, konservantus vai kr\u0101svielas.    Augstas uzturv\u0113rt\u012bbas fore\u013cu ga\u013ca, kas veicina gremo\u0161anas sist\u0113mas vesel\u012bbu un optim\u0101lu \u0137erme\u0146a st\u0101vokli. Omega-3 tauksk\u0101bes pal\u012bdz uztur\u0113t vesel\u012bgu \u0101du, sirdi un loc\u012btavas.    Ehinaceja atbalsta imunit\u0101ti, tai piem\u012bt pretiekaisuma, antibakteri\u0101las un pretv\u012brusu \u012bpa\u0161\u012bbas. T\u0101 ar\u012b veicina vesel\u012bgu \u0101du un gremo\u0161anu un pal\u012bdz uzlabot visp\u0101r\u0113jo vesel\u012bbu.   Sast\u0101vs: 85 % ga\u013cas fileja (71 % vistas, 14 % forele), 12 % buljons, 1 % ehinaceja, 1 % lins\u0113klu e\u013c\u013ca, 0,5 % miner\u0101lvielas, 0,5 % augu ciete. Anal\u012btiskais sast\u0101vs: kopprote\u012bns 7,5 %, tauku saturs 4 %, kop\u0113jie pelni 2 %, kop\u0161\u0137iedra 0,5 %, mitrums 82 %, kalcijs 0,15 %, fosfors 0,2 %, n\u0101trijs 0,3 %, Omega-3 0,25 %. Uzturvielu papildin\u0101jumi \/ 1 kg: D3 vitam\u012bns (E671) 250 SV, E vitam\u012bns (3a700) 150 mg, biot\u012bns (3a880) 0,5 mg, cinks (3b606) 12 mg, mang\u0101ns (3b502) 3 mg, dzelzs (3b103) 10 mg, var\u0161 (3b405) 0,4 mg, jods (3b201) 0,7 mg, taur\u012bns (3a370) 500 mg. Metabolisk\u0101 ener\u0123ija: 810 kcal\/kg Baro\u0161anas nor\u0101d\u012bjumi: Pasniedziet Carnilove Forele ar Ehinaceju istabas temperat\u016br\u0101 un vienm\u0113r nodro\u0161iniet b\u013codu ar svaigu \u016bdeni. P\u0113c atv\u0113r\u0161anas glab\u0101jiet ledusskap\u012b.\" \/>\n<meta property=\"og:url\" content=\"https:\/\/miumjau.ee\/lv\/produkts\/carnilove-mitra-bariba-kakiem-ar-foreli-un-ehinaceju-85-g\/\" \/>\n<meta property=\"og:site_name\" content=\"MiuMjau\" \/>\n<meta property=\"article:publisher\" content=\"https:\/\/www.facebook.com\/miumjaupood\/\" \/>\n<meta property=\"og:image\" content=\"https:\/\/miumjau.ee\/wp-content\/uploads\/2024\/11\/carnilove-konserv-85g3.jpg\" \/>\n\t<meta property=\"og:image:width\" content=\"600\" \/>\n\t<meta property=\"og:image:height\" content=\"800\" \/>\n\t<meta property=\"og:image:type\" content=\"image\/jpeg\" \/>\n<meta name=\"twitter:card\" content=\"summary_large_image\" \/>\n<script type=\"application\/ld+json\" class=\"yoast-schema-graph\">{\"@context\":\"https:\/\/schema.org\",\"@graph\":[{\"@type\":\"WebPage\",\"@id\":\"https:\/\/miumjau.ee\/lv\/produkts\/carnilove-mitra-bariba-kakiem-ar-foreli-un-ehinaceju-85-g\/\",\"url\":\"https:\/\/miumjau.ee\/lv\/produkts\/carnilove-mitra-bariba-kakiem-ar-foreli-un-ehinaceju-85-g\/\",\"name\":\"Carnilove mitr\u0101 bar\u012bba ka\u0137iem ar foreli un ehinaceju 85 g - MiuMjau\",\"isPartOf\":{\"@id\":\"https:\/\/miumjau.ee\/#website\"},\"primaryImageOfPage\":{\"@id\":\"https:\/\/miumjau.ee\/lv\/produkts\/carnilove-mitra-bariba-kakiem-ar-foreli-un-ehinaceju-85-g\/#primaryimage\"},\"image\":{\"@id\":\"https:\/\/miumjau.ee\/lv\/produkts\/carnilove-mitra-bariba-kakiem-ar-foreli-un-ehinaceju-85-g\/#primaryimage\"},\"thumbnailUrl\":\"https:\/\/miumjau.ee\/wp-content\/uploads\/2024\/11\/carnilove-konserv-85g3.jpg\",\"datePublished\":\"2024-11-11T09:45:02+00:00\",\"breadcrumb\":{\"@id\":\"https:\/\/miumjau.ee\/lv\/produkts\/carnilove-mitra-bariba-kakiem-ar-foreli-un-ehinaceju-85-g\/#breadcrumb\"},\"inLanguage\":\"lv-LV\",\"potentialAction\":[{\"@type\":\"ReadAction\",\"target\":[\"https:\/\/miumjau.ee\/lv\/produkts\/carnilove-mitra-bariba-kakiem-ar-foreli-un-ehinaceju-85-g\/\"]}]},{\"@type\":\"ImageObject\",\"inLanguage\":\"lv-LV\",\"@id\":\"https:\/\/miumjau.ee\/lv\/produkts\/carnilove-mitra-bariba-kakiem-ar-foreli-un-ehinaceju-85-g\/#primaryimage\",\"url\":\"https:\/\/miumjau.ee\/wp-content\/uploads\/2024\/11\/carnilove-konserv-85g3.jpg\",\"contentUrl\":\"https:\/\/miumjau.ee\/wp-content\/uploads\/2024\/11\/carnilove-konserv-85g3.jpg\",\"width\":600,\"height\":800},{\"@type\":\"BreadcrumbList\",\"@id\":\"https:\/\/miumjau.ee\/lv\/produkts\/carnilove-mitra-bariba-kakiem-ar-foreli-un-ehinaceju-85-g\/#breadcrumb\",\"itemListElement\":[{\"@type\":\"ListItem\",\"position\":1,\"name\":\"Home\",\"item\":\"https:\/\/miumjau.ee\/lv\/\"},{\"@type\":\"ListItem\",\"position\":2,\"name\":\"Veikals\",\"item\":\"https:\/\/miumjau.ee\/lv\/veikals\/\"},{\"@type\":\"ListItem\",\"position\":3,\"name\":\"Carnilove mitr\u0101 bar\u012bba ka\u0137iem ar foreli un ehinaceju 85 g\"}]},{\"@type\":\"WebSite\",\"@id\":\"https:\/\/miumjau.ee\/#website\",\"url\":\"https:\/\/miumjau.ee\/\",\"name\":\"MiuMjau\",\"description\":\"Kraapimispuud kassidele\",\"publisher\":{\"@id\":\"https:\/\/miumjau.ee\/#organization\"},\"potentialAction\":[{\"@type\":\"SearchAction\",\"target\":{\"@type\":\"EntryPoint\",\"urlTemplate\":\"https:\/\/miumjau.ee\/?s={search_term_string}\"},\"query-input\":{\"@type\":\"PropertyValueSpecification\",\"valueRequired\":true,\"valueName\":\"search_term_string\"}}],\"inLanguage\":\"lv-LV\"},{\"@type\":\"Organization\",\"@id\":\"https:\/\/miumjau.ee\/#organization\",\"name\":\"MiuMjau O\u00dc\",\"url\":\"https:\/\/miumjau.ee\/\",\"logo\":{\"@type\":\"ImageObject\",\"inLanguage\":\"lv-LV\",\"@id\":\"https:\/\/miumjau.ee\/#\/schema\/logo\/image\/\",\"url\":\"https:\/\/miumjau.ee\/wp-content\/uploads\/2022\/04\/MiuMjau-logo-kollane.png\",\"contentUrl\":\"https:\/\/miumjau.ee\/wp-content\/uploads\/2022\/04\/MiuMjau-logo-kollane.png\",\"width\":219,\"height\":100,\"caption\":\"MiuMjau O\u00dc\"},\"image\":{\"@id\":\"https:\/\/miumjau.ee\/#\/schema\/logo\/image\/\"},\"sameAs\":[\"https:\/\/www.facebook.com\/miumjaupood\/\"]}]}<\/script>\n<!-- \/ Yoast SEO plugin. -->","yoast_head_json":{"title":"Carnilove mitr\u0101 bar\u012bba ka\u0137iem ar foreli un ehinaceju 85 g - MiuMjau","robots":{"index":"index","follow":"follow","max-snippet":"max-snippet:-1","max-image-preview":"max-image-preview:large","max-video-preview":"max-video-preview:-1"},"canonical":"https:\/\/miumjau.ee\/lv\/produkts\/carnilove-mitra-bariba-kakiem-ar-foreli-un-ehinaceju-85-g\/","og_locale":"lv_LV","og_type":"article","og_title":"Carnilove mitr\u0101 bar\u012bba ka\u0137iem ar foreli un ehinaceju 85 g - MiuMjau","og_description":"Carnilove pilnv\u0113rt\u012bgs konservs ka\u0137iem ar 85 % ga\u013cas! Apraksts     Liels daudzums ga\u013cas.    Savva\u013cas ga\u013cas filejas gabali\u0146i. Var izmantot k\u0101 ikdienas bar\u012bbu vai k\u0101 papildin\u0101jumu sausajai bar\u012bbai.    Nesatur graudus, kartupe\u013cus, \u0122MO, soju, cukuru, konservantus vai kr\u0101svielas.    Augstas uzturv\u0113rt\u012bbas fore\u013cu ga\u013ca, kas veicina gremo\u0161anas sist\u0113mas vesel\u012bbu un optim\u0101lu \u0137erme\u0146a st\u0101vokli. Omega-3 tauksk\u0101bes pal\u012bdz uztur\u0113t vesel\u012bgu \u0101du, sirdi un loc\u012btavas.    Ehinaceja atbalsta imunit\u0101ti, tai piem\u012bt pretiekaisuma, antibakteri\u0101las un pretv\u012brusu \u012bpa\u0161\u012bbas. T\u0101 ar\u012b veicina vesel\u012bgu \u0101du un gremo\u0161anu un pal\u012bdz uzlabot visp\u0101r\u0113jo vesel\u012bbu.   Sast\u0101vs: 85 % ga\u013cas fileja (71 % vistas, 14 % forele), 12 % buljons, 1 % ehinaceja, 1 % lins\u0113klu e\u013c\u013ca, 0,5 % miner\u0101lvielas, 0,5 % augu ciete. Anal\u012btiskais sast\u0101vs: kopprote\u012bns 7,5 %, tauku saturs 4 %, kop\u0113jie pelni 2 %, kop\u0161\u0137iedra 0,5 %, mitrums 82 %, kalcijs 0,15 %, fosfors 0,2 %, n\u0101trijs 0,3 %, Omega-3 0,25 %. Uzturvielu papildin\u0101jumi \/ 1 kg: D3 vitam\u012bns (E671) 250 SV, E vitam\u012bns (3a700) 150 mg, biot\u012bns (3a880) 0,5 mg, cinks (3b606) 12 mg, mang\u0101ns (3b502) 3 mg, dzelzs (3b103) 10 mg, var\u0161 (3b405) 0,4 mg, jods (3b201) 0,7 mg, taur\u012bns (3a370) 500 mg. Metabolisk\u0101 ener\u0123ija: 810 kcal\/kg Baro\u0161anas nor\u0101d\u012bjumi: Pasniedziet Carnilove Forele ar Ehinaceju istabas temperat\u016br\u0101 un vienm\u0113r nodro\u0161iniet b\u013codu ar svaigu \u016bdeni. P\u0113c atv\u0113r\u0161anas glab\u0101jiet ledusskap\u012b.","og_url":"https:\/\/miumjau.ee\/lv\/produkts\/carnilove-mitra-bariba-kakiem-ar-foreli-un-ehinaceju-85-g\/","og_site_name":"MiuMjau","article_publisher":"https:\/\/www.facebook.com\/miumjaupood\/","og_image":[{"width":600,"height":800,"url":"https:\/\/miumjau.ee\/wp-content\/uploads\/2024\/11\/carnilove-konserv-85g3.jpg","type":"image\/jpeg"}],"twitter_card":"summary_large_image","schema":{"@context":"https:\/\/schema.org","@graph":[{"@type":"WebPage","@id":"https:\/\/miumjau.ee\/lv\/produkts\/carnilove-mitra-bariba-kakiem-ar-foreli-un-ehinaceju-85-g\/","url":"https:\/\/miumjau.ee\/lv\/produkts\/carnilove-mitra-bariba-kakiem-ar-foreli-un-ehinaceju-85-g\/","name":"Carnilove mitr\u0101 bar\u012bba ka\u0137iem ar foreli un ehinaceju 85 g - MiuMjau","isPartOf":{"@id":"https:\/\/miumjau.ee\/#website"},"primaryImageOfPage":{"@id":"https:\/\/miumjau.ee\/lv\/produkts\/carnilove-mitra-bariba-kakiem-ar-foreli-un-ehinaceju-85-g\/#primaryimage"},"image":{"@id":"https:\/\/miumjau.ee\/lv\/produkts\/carnilove-mitra-bariba-kakiem-ar-foreli-un-ehinaceju-85-g\/#primaryimage"},"thumbnailUrl":"https:\/\/miumjau.ee\/wp-content\/uploads\/2024\/11\/carnilove-konserv-85g3.jpg","datePublished":"2024-11-11T09:45:02+00:00","breadcrumb":{"@id":"https:\/\/miumjau.ee\/lv\/produkts\/carnilove-mitra-bariba-kakiem-ar-foreli-un-ehinaceju-85-g\/#breadcrumb"},"inLanguage":"lv-LV","potentialAction":[{"@type":"ReadAction","target":["https:\/\/miumjau.ee\/lv\/produkts\/carnilove-mitra-bariba-kakiem-ar-foreli-un-ehinaceju-85-g\/"]}]},{"@type":"ImageObject","inLanguage":"lv-LV","@id":"https:\/\/miumjau.ee\/lv\/produkts\/carnilove-mitra-bariba-kakiem-ar-foreli-un-ehinaceju-85-g\/#primaryimage","url":"https:\/\/miumjau.ee\/wp-content\/uploads\/2024\/11\/carnilove-konserv-85g3.jpg","contentUrl":"https:\/\/miumjau.ee\/wp-content\/uploads\/2024\/11\/carnilove-konserv-85g3.jpg","width":600,"height":800},{"@type":"BreadcrumbList","@id":"https:\/\/miumjau.ee\/lv\/produkts\/carnilove-mitra-bariba-kakiem-ar-foreli-un-ehinaceju-85-g\/#breadcrumb","itemListElement":[{"@type":"ListItem","position":1,"name":"Home","item":"https:\/\/miumjau.ee\/lv\/"},{"@type":"ListItem","position":2,"name":"Veikals","item":"https:\/\/miumjau.ee\/lv\/veikals\/"},{"@type":"ListItem","position":3,"name":"Carnilove mitr\u0101 bar\u012bba ka\u0137iem ar foreli un ehinaceju 85 g"}]},{"@type":"WebSite","@id":"https:\/\/miumjau.ee\/#website","url":"https:\/\/miumjau.ee\/","name":"MiuMjau","description":"Kraapimispuud kassidele","publisher":{"@id":"https:\/\/miumjau.ee\/#organization"},"potentialAction":[{"@type":"SearchAction","target":{"@type":"EntryPoint","urlTemplate":"https:\/\/miumjau.ee\/?s={search_term_string}"},"query-input":{"@type":"PropertyValueSpecification","valueRequired":true,"valueName":"search_term_string"}}],"inLanguage":"lv-LV"},{"@type":"Organization","@id":"https:\/\/miumjau.ee\/#organization","name":"MiuMjau O\u00dc","url":"https:\/\/miumjau.ee\/","logo":{"@type":"ImageObject","inLanguage":"lv-LV","@id":"https:\/\/miumjau.ee\/#\/schema\/logo\/image\/","url":"https:\/\/miumjau.ee\/wp-content\/uploads\/2022\/04\/MiuMjau-logo-kollane.png","contentUrl":"https:\/\/miumjau.ee\/wp-content\/uploads\/2022\/04\/MiuMjau-logo-kollane.png","width":219,"height":100,"caption":"MiuMjau O\u00dc"},"image":{"@id":"https:\/\/miumjau.ee\/#\/schema\/logo\/image\/"},"sameAs":["https:\/\/www.facebook.com\/miumjaupood\/"]}]}},"_links":{"self":[{"href":"https:\/\/miumjau.ee\/lv\/wp-json\/wp\/v2\/product\/52109","targetHints":{"allow":["GET"]}}],"collection":[{"href":"https:\/\/miumjau.ee\/lv\/wp-json\/wp\/v2\/product"}],"about":[{"href":"https:\/\/miumjau.ee\/lv\/wp-json\/wp\/v2\/types\/product"}],"wp:featuredmedia":[{"embeddable":true,"href":"https:\/\/miumjau.ee\/lv\/wp-json\/wp\/v2\/media\/52092"}],"wp:attachment":[{"href":"https:\/\/miumjau.ee\/lv\/wp-json\/wp\/v2\/media?parent=52109"}],"wp:term":[{"taxonomy":"product_brand","embeddable":true,"href":"https:\/\/miumjau.ee\/lv\/wp-json\/wp\/v2\/product_brand?post=52109"},{"taxonomy":"product_cat","embeddable":true,"href":"https:\/\/miumjau.ee\/lv\/wp-json\/wp\/v2\/product_cat?post=52109"},{"taxonomy":"product_tag","embeddable":true,"href":"https:\/\/miumjau.ee\/lv\/wp-json\/wp\/v2\/product_tag?post=52109"}],"curies":[{"name":"wp","href":"https:\/\/api.w.org\/{rel}","templated":true}]}}