{"id":52089,"date":"2024-11-11T11:41:11","date_gmt":"2024-11-11T09:41:11","guid":{"rendered":"https:\/\/miumjau.ee\/toode\/carnilove-mitra-bariba-kakiem-ar-fazana-galu-un-avenem-85-g\/"},"modified":"2024-11-11T11:41:11","modified_gmt":"2024-11-11T09:41:11","slug":"carnilove-mitra-bariba-kakiem-ar-fazana-galu-un-avenem-85-g","status":"publish","type":"product","link":"https:\/\/miumjau.ee\/lv\/produkts\/carnilove-mitra-bariba-kakiem-ar-fazana-galu-un-avenem-85-g\/","title":{"rendered":"Carnilove mitr\u0101 bar\u012bba ka\u0137iem ar faz\u0101na ga\u013cu un aven\u0113m 85 g"},"content":{"rendered":"","protected":false},"excerpt":{"rendered":"<p data-start=\"175\" data-end=\"244\">\u012asti gar\u0161\u012bga un augstas ga\u013cas kvalit\u0101tes mitr\u0101 bar\u012bba J\u016bsu m\u012blulim.<\/p>\n<ul data-start=\"246\" data-end=\"898\">\n<li data-start=\"246\" data-end=\"293\">\n<p data-start=\"248\" data-end=\"293\">Liels daudzums faz\u0101na ga\u013cas ar ave\u0146u lap\u0101m.<\/p>\n<\/li>\n<li data-start=\"294\" data-end=\"401\">\n<p data-start=\"296\" data-end=\"401\">Savva\u013cas ga\u013cas filejas gabali\u0146i. Var izmantot k\u0101 ikdienas bar\u012bbu vai k\u0101 papildin\u0101jumu sausajai bar\u012bbai.<\/p>\n<\/li>\n<li data-start=\"402\" data-end=\"482\">\n<p data-start=\"404\" data-end=\"482\">Nesatur graudus, kartupe\u013cus, \u0122MO, soju, cukuru, konservantus vai kr\u0101svielas.<\/p>\n<\/li>\n<li data-start=\"483\" data-end=\"607\">\n<p data-start=\"485\" data-end=\"607\">Hipoaler\u0123iska un viegli sagremojama faz\u0101na ga\u013ca. Augsts polinepies\u0101tin\u0101to tauksk\u0101bju saturs aizsarg\u0101 sirdi un asinsriti.<\/p>\n<\/li>\n<li data-start=\"608\" data-end=\"898\">\n<p data-start=\"610\" data-end=\"898\">Sarkan\u0101s ave\u0146u lapas ir bag\u0101tas ar pretiekaisuma \u012bpa\u0161\u012bb\u0101m un antioksidantiem. T\u0101s atbalsta vesel\u012bgu ur\u012bnce\u013cu, smaganu, aknu un loc\u012btavu darb\u012bbu un samazina loc\u012btavu s\u0101pes. Augsts sel\u0113na l\u012bmenis aizsarg\u0101 \u0161\u016bnas no oksidat\u012bv\u0101 stresa, kas pal\u012bdz uzlabot \u0101das, loc\u012btavu un smadze\u0146u vesel\u012bbu.<\/p>\n<\/li>\n<\/ul>\n<p data-start=\"900\" data-end=\"1049\"><strong data-start=\"900\" data-end=\"912\">Sast\u0101vs:<\/strong> 85 % ga\u013cas fileja (71 % vistas, 14 % faz\u0101ns), 12 % buljons, 1 % ave\u0146u lapas, 1 % lins\u0113klu e\u013c\u013ca, 0,5 % miner\u0101lvielas, 0,5 % augu ciete.<\/p>\n<p data-start=\"1051\" data-end=\"1229\"><strong data-start=\"1051\" data-end=\"1076\">Anal\u012btiskais sast\u0101vs:<\/strong> kopprote\u012bns 8 %, tauku saturs 4,8 %, kop\u0113jie pelni 2,1 %, kop\u0161\u0137iedra 0,5 %, mitrums 82 %, kalcijs 0,15 %, fosfors 0,2 %, n\u0101trijs 0,3 %, Omega-3 0,2 %.<\/p>\n<p data-start=\"1231\" data-end=\"1478\"><strong data-start=\"1231\" data-end=\"1267\">Uzturvielu papildin\u0101jumi \/ 1 kg:<\/strong> D3 vitam\u012bns (E671) 250 SV, E vitam\u012bns (3a700) 150 mg, biot\u012bns (3a880) 0,5 mg, cinks (3b606) 12 mg, mang\u0101ns (3b502) 3 mg, dzelzs (3b103) 10 mg, var\u0161 (3b405) 0,4 mg, jods (3b201) 0,7 mg, taur\u012bns (3a370) 500 mg.<\/p>\n<p data-start=\"1480\" data-end=\"1519\"><strong data-start=\"1480\" data-end=\"1505\">Metabolisk\u0101 ener\u0123ija:<\/strong> 840 kcal\/kg<\/p>\n<p data-start=\"1521\" data-end=\"1695\"><strong data-start=\"1521\" data-end=\"1546\">Baro\u0161anas nor\u0101d\u012bjumi:<\/strong> Pasniedziet Carnilove Faz\u0101ns ar Ave\u0146u Lap\u0101m istabas temperat\u016br\u0101 un vienm\u0113r nodro\u0161iniet b\u013codu ar svaigu \u016bdeni. P\u0113c atv\u0113r\u0161anas glab\u0101jiet ledusskap\u012b.<\/p>\n","protected":false},"featured_media":52091,"template":"","meta":[],"product_brand":[],"product_cat":[571],"product_tag":[],"class_list":{"0":"post-52089","1":"product","2":"type-product","3":"status-publish","4":"has-post-thumbnail","6":"product_cat-mitra-bariba","8":"first","9":"instock","10":"sale","11":"taxable","12":"shipping-taxable","13":"purchasable","14":"product-type-simple"},"yoast_head":"<!-- This site is optimized with the Yoast SEO plugin v27.2 - https:\/\/yoast.com\/product\/yoast-seo-wordpress\/ -->\n<title>Carnilove mitr\u0101 bar\u012bba ka\u0137iem ar faz\u0101na ga\u013cu un aven\u0113m 85 g - MiuMjau<\/title>\n<meta name=\"robots\" content=\"index, follow, max-snippet:-1, max-image-preview:large, max-video-preview:-1\" \/>\n<link rel=\"canonical\" href=\"https:\/\/miumjau.ee\/lv\/produkts\/carnilove-mitra-bariba-kakiem-ar-fazana-galu-un-avenem-85-g\/\" \/>\n<meta property=\"og:locale\" content=\"lv_LV\" \/>\n<meta property=\"og:type\" content=\"article\" \/>\n<meta property=\"og:title\" content=\"Carnilove mitr\u0101 bar\u012bba ka\u0137iem ar faz\u0101na ga\u013cu un aven\u0113m 85 g - MiuMjau\" \/>\n<meta property=\"og:description\" content=\"\u012asti gar\u0161\u012bga un augstas ga\u013cas kvalit\u0101tes mitr\u0101 bar\u012bba J\u016bsu m\u012blulim.     Liels daudzums faz\u0101na ga\u013cas ar ave\u0146u lap\u0101m.    Savva\u013cas ga\u013cas filejas gabali\u0146i. Var izmantot k\u0101 ikdienas bar\u012bbu vai k\u0101 papildin\u0101jumu sausajai bar\u012bbai.    Nesatur graudus, kartupe\u013cus, \u0122MO, soju, cukuru, konservantus vai kr\u0101svielas.    Hipoaler\u0123iska un viegli sagremojama faz\u0101na ga\u013ca. Augsts polinepies\u0101tin\u0101to tauksk\u0101bju saturs aizsarg\u0101 sirdi un asinsriti.    Sarkan\u0101s ave\u0146u lapas ir bag\u0101tas ar pretiekaisuma \u012bpa\u0161\u012bb\u0101m un antioksidantiem. T\u0101s atbalsta vesel\u012bgu ur\u012bnce\u013cu, smaganu, aknu un loc\u012btavu darb\u012bbu un samazina loc\u012btavu s\u0101pes. Augsts sel\u0113na l\u012bmenis aizsarg\u0101 \u0161\u016bnas no oksidat\u012bv\u0101 stresa, kas pal\u012bdz uzlabot \u0101das, loc\u012btavu un smadze\u0146u vesel\u012bbu.   Sast\u0101vs: 85 % ga\u013cas fileja (71 % vistas, 14 % faz\u0101ns), 12 % buljons, 1 % ave\u0146u lapas, 1 % lins\u0113klu e\u013c\u013ca, 0,5 % miner\u0101lvielas, 0,5 % augu ciete. Anal\u012btiskais sast\u0101vs: kopprote\u012bns 8 %, tauku saturs 4,8 %, kop\u0113jie pelni 2,1 %, kop\u0161\u0137iedra 0,5 %, mitrums 82 %, kalcijs 0,15 %, fosfors 0,2 %, n\u0101trijs 0,3 %, Omega-3 0,2 %. Uzturvielu papildin\u0101jumi \/ 1 kg: D3 vitam\u012bns (E671) 250 SV, E vitam\u012bns (3a700) 150 mg, biot\u012bns (3a880) 0,5 mg, cinks (3b606) 12 mg, mang\u0101ns (3b502) 3 mg, dzelzs (3b103) 10 mg, var\u0161 (3b405) 0,4 mg, jods (3b201) 0,7 mg, taur\u012bns (3a370) 500 mg. Metabolisk\u0101 ener\u0123ija: 840 kcal\/kg Baro\u0161anas nor\u0101d\u012bjumi: Pasniedziet Carnilove Faz\u0101ns ar Ave\u0146u Lap\u0101m istabas temperat\u016br\u0101 un vienm\u0113r nodro\u0161iniet b\u013codu ar svaigu \u016bdeni. P\u0113c atv\u0113r\u0161anas glab\u0101jiet ledusskap\u012b.\" \/>\n<meta property=\"og:url\" content=\"https:\/\/miumjau.ee\/lv\/produkts\/carnilove-mitra-bariba-kakiem-ar-fazana-galu-un-avenem-85-g\/\" \/>\n<meta property=\"og:site_name\" content=\"MiuMjau\" \/>\n<meta property=\"article:publisher\" content=\"https:\/\/www.facebook.com\/miumjaupood\/\" \/>\n<meta property=\"og:image\" content=\"https:\/\/miumjau.ee\/wp-content\/uploads\/2024\/11\/carnilove-konserv-85g2.jpg\" \/>\n\t<meta property=\"og:image:width\" content=\"600\" \/>\n\t<meta property=\"og:image:height\" content=\"800\" \/>\n\t<meta property=\"og:image:type\" content=\"image\/jpeg\" \/>\n<meta name=\"twitter:card\" content=\"summary_large_image\" \/>\n<script type=\"application\/ld+json\" class=\"yoast-schema-graph\">{\"@context\":\"https:\/\/schema.org\",\"@graph\":[{\"@type\":\"WebPage\",\"@id\":\"https:\/\/miumjau.ee\/lv\/produkts\/carnilove-mitra-bariba-kakiem-ar-fazana-galu-un-avenem-85-g\/\",\"url\":\"https:\/\/miumjau.ee\/lv\/produkts\/carnilove-mitra-bariba-kakiem-ar-fazana-galu-un-avenem-85-g\/\",\"name\":\"Carnilove mitr\u0101 bar\u012bba ka\u0137iem ar faz\u0101na ga\u013cu un aven\u0113m 85 g - MiuMjau\",\"isPartOf\":{\"@id\":\"https:\/\/miumjau.ee\/#website\"},\"primaryImageOfPage\":{\"@id\":\"https:\/\/miumjau.ee\/lv\/produkts\/carnilove-mitra-bariba-kakiem-ar-fazana-galu-un-avenem-85-g\/#primaryimage\"},\"image\":{\"@id\":\"https:\/\/miumjau.ee\/lv\/produkts\/carnilove-mitra-bariba-kakiem-ar-fazana-galu-un-avenem-85-g\/#primaryimage\"},\"thumbnailUrl\":\"https:\/\/miumjau.ee\/wp-content\/uploads\/2024\/11\/carnilove-konserv-85g2.jpg\",\"datePublished\":\"2024-11-11T09:41:11+00:00\",\"breadcrumb\":{\"@id\":\"https:\/\/miumjau.ee\/lv\/produkts\/carnilove-mitra-bariba-kakiem-ar-fazana-galu-un-avenem-85-g\/#breadcrumb\"},\"inLanguage\":\"lv-LV\",\"potentialAction\":[{\"@type\":\"ReadAction\",\"target\":[\"https:\/\/miumjau.ee\/lv\/produkts\/carnilove-mitra-bariba-kakiem-ar-fazana-galu-un-avenem-85-g\/\"]}]},{\"@type\":\"ImageObject\",\"inLanguage\":\"lv-LV\",\"@id\":\"https:\/\/miumjau.ee\/lv\/produkts\/carnilove-mitra-bariba-kakiem-ar-fazana-galu-un-avenem-85-g\/#primaryimage\",\"url\":\"https:\/\/miumjau.ee\/wp-content\/uploads\/2024\/11\/carnilove-konserv-85g2.jpg\",\"contentUrl\":\"https:\/\/miumjau.ee\/wp-content\/uploads\/2024\/11\/carnilove-konserv-85g2.jpg\",\"width\":600,\"height\":800},{\"@type\":\"BreadcrumbList\",\"@id\":\"https:\/\/miumjau.ee\/lv\/produkts\/carnilove-mitra-bariba-kakiem-ar-fazana-galu-un-avenem-85-g\/#breadcrumb\",\"itemListElement\":[{\"@type\":\"ListItem\",\"position\":1,\"name\":\"Home\",\"item\":\"https:\/\/miumjau.ee\/lv\/\"},{\"@type\":\"ListItem\",\"position\":2,\"name\":\"Veikals\",\"item\":\"https:\/\/miumjau.ee\/lv\/veikals\/\"},{\"@type\":\"ListItem\",\"position\":3,\"name\":\"Carnilove mitr\u0101 bar\u012bba ka\u0137iem ar faz\u0101na ga\u013cu un aven\u0113m 85 g\"}]},{\"@type\":\"WebSite\",\"@id\":\"https:\/\/miumjau.ee\/#website\",\"url\":\"https:\/\/miumjau.ee\/\",\"name\":\"MiuMjau\",\"description\":\"Kraapimispuud kassidele\",\"publisher\":{\"@id\":\"https:\/\/miumjau.ee\/#organization\"},\"potentialAction\":[{\"@type\":\"SearchAction\",\"target\":{\"@type\":\"EntryPoint\",\"urlTemplate\":\"https:\/\/miumjau.ee\/?s={search_term_string}\"},\"query-input\":{\"@type\":\"PropertyValueSpecification\",\"valueRequired\":true,\"valueName\":\"search_term_string\"}}],\"inLanguage\":\"lv-LV\"},{\"@type\":\"Organization\",\"@id\":\"https:\/\/miumjau.ee\/#organization\",\"name\":\"MiuMjau O\u00dc\",\"url\":\"https:\/\/miumjau.ee\/\",\"logo\":{\"@type\":\"ImageObject\",\"inLanguage\":\"lv-LV\",\"@id\":\"https:\/\/miumjau.ee\/#\/schema\/logo\/image\/\",\"url\":\"https:\/\/miumjau.ee\/wp-content\/uploads\/2022\/04\/MiuMjau-logo-kollane.png\",\"contentUrl\":\"https:\/\/miumjau.ee\/wp-content\/uploads\/2022\/04\/MiuMjau-logo-kollane.png\",\"width\":219,\"height\":100,\"caption\":\"MiuMjau O\u00dc\"},\"image\":{\"@id\":\"https:\/\/miumjau.ee\/#\/schema\/logo\/image\/\"},\"sameAs\":[\"https:\/\/www.facebook.com\/miumjaupood\/\"]}]}<\/script>\n<!-- \/ Yoast SEO plugin. -->","yoast_head_json":{"title":"Carnilove mitr\u0101 bar\u012bba ka\u0137iem ar faz\u0101na ga\u013cu un aven\u0113m 85 g - MiuMjau","robots":{"index":"index","follow":"follow","max-snippet":"max-snippet:-1","max-image-preview":"max-image-preview:large","max-video-preview":"max-video-preview:-1"},"canonical":"https:\/\/miumjau.ee\/lv\/produkts\/carnilove-mitra-bariba-kakiem-ar-fazana-galu-un-avenem-85-g\/","og_locale":"lv_LV","og_type":"article","og_title":"Carnilove mitr\u0101 bar\u012bba ka\u0137iem ar faz\u0101na ga\u013cu un aven\u0113m 85 g - MiuMjau","og_description":"\u012asti gar\u0161\u012bga un augstas ga\u013cas kvalit\u0101tes mitr\u0101 bar\u012bba J\u016bsu m\u012blulim.     Liels daudzums faz\u0101na ga\u013cas ar ave\u0146u lap\u0101m.    Savva\u013cas ga\u013cas filejas gabali\u0146i. Var izmantot k\u0101 ikdienas bar\u012bbu vai k\u0101 papildin\u0101jumu sausajai bar\u012bbai.    Nesatur graudus, kartupe\u013cus, \u0122MO, soju, cukuru, konservantus vai kr\u0101svielas.    Hipoaler\u0123iska un viegli sagremojama faz\u0101na ga\u013ca. Augsts polinepies\u0101tin\u0101to tauksk\u0101bju saturs aizsarg\u0101 sirdi un asinsriti.    Sarkan\u0101s ave\u0146u lapas ir bag\u0101tas ar pretiekaisuma \u012bpa\u0161\u012bb\u0101m un antioksidantiem. T\u0101s atbalsta vesel\u012bgu ur\u012bnce\u013cu, smaganu, aknu un loc\u012btavu darb\u012bbu un samazina loc\u012btavu s\u0101pes. Augsts sel\u0113na l\u012bmenis aizsarg\u0101 \u0161\u016bnas no oksidat\u012bv\u0101 stresa, kas pal\u012bdz uzlabot \u0101das, loc\u012btavu un smadze\u0146u vesel\u012bbu.   Sast\u0101vs: 85 % ga\u013cas fileja (71 % vistas, 14 % faz\u0101ns), 12 % buljons, 1 % ave\u0146u lapas, 1 % lins\u0113klu e\u013c\u013ca, 0,5 % miner\u0101lvielas, 0,5 % augu ciete. Anal\u012btiskais sast\u0101vs: kopprote\u012bns 8 %, tauku saturs 4,8 %, kop\u0113jie pelni 2,1 %, kop\u0161\u0137iedra 0,5 %, mitrums 82 %, kalcijs 0,15 %, fosfors 0,2 %, n\u0101trijs 0,3 %, Omega-3 0,2 %. Uzturvielu papildin\u0101jumi \/ 1 kg: D3 vitam\u012bns (E671) 250 SV, E vitam\u012bns (3a700) 150 mg, biot\u012bns (3a880) 0,5 mg, cinks (3b606) 12 mg, mang\u0101ns (3b502) 3 mg, dzelzs (3b103) 10 mg, var\u0161 (3b405) 0,4 mg, jods (3b201) 0,7 mg, taur\u012bns (3a370) 500 mg. Metabolisk\u0101 ener\u0123ija: 840 kcal\/kg Baro\u0161anas nor\u0101d\u012bjumi: Pasniedziet Carnilove Faz\u0101ns ar Ave\u0146u Lap\u0101m istabas temperat\u016br\u0101 un vienm\u0113r nodro\u0161iniet b\u013codu ar svaigu \u016bdeni. P\u0113c atv\u0113r\u0161anas glab\u0101jiet ledusskap\u012b.","og_url":"https:\/\/miumjau.ee\/lv\/produkts\/carnilove-mitra-bariba-kakiem-ar-fazana-galu-un-avenem-85-g\/","og_site_name":"MiuMjau","article_publisher":"https:\/\/www.facebook.com\/miumjaupood\/","og_image":[{"width":600,"height":800,"url":"https:\/\/miumjau.ee\/wp-content\/uploads\/2024\/11\/carnilove-konserv-85g2.jpg","type":"image\/jpeg"}],"twitter_card":"summary_large_image","schema":{"@context":"https:\/\/schema.org","@graph":[{"@type":"WebPage","@id":"https:\/\/miumjau.ee\/lv\/produkts\/carnilove-mitra-bariba-kakiem-ar-fazana-galu-un-avenem-85-g\/","url":"https:\/\/miumjau.ee\/lv\/produkts\/carnilove-mitra-bariba-kakiem-ar-fazana-galu-un-avenem-85-g\/","name":"Carnilove mitr\u0101 bar\u012bba ka\u0137iem ar faz\u0101na ga\u013cu un aven\u0113m 85 g - MiuMjau","isPartOf":{"@id":"https:\/\/miumjau.ee\/#website"},"primaryImageOfPage":{"@id":"https:\/\/miumjau.ee\/lv\/produkts\/carnilove-mitra-bariba-kakiem-ar-fazana-galu-un-avenem-85-g\/#primaryimage"},"image":{"@id":"https:\/\/miumjau.ee\/lv\/produkts\/carnilove-mitra-bariba-kakiem-ar-fazana-galu-un-avenem-85-g\/#primaryimage"},"thumbnailUrl":"https:\/\/miumjau.ee\/wp-content\/uploads\/2024\/11\/carnilove-konserv-85g2.jpg","datePublished":"2024-11-11T09:41:11+00:00","breadcrumb":{"@id":"https:\/\/miumjau.ee\/lv\/produkts\/carnilove-mitra-bariba-kakiem-ar-fazana-galu-un-avenem-85-g\/#breadcrumb"},"inLanguage":"lv-LV","potentialAction":[{"@type":"ReadAction","target":["https:\/\/miumjau.ee\/lv\/produkts\/carnilove-mitra-bariba-kakiem-ar-fazana-galu-un-avenem-85-g\/"]}]},{"@type":"ImageObject","inLanguage":"lv-LV","@id":"https:\/\/miumjau.ee\/lv\/produkts\/carnilove-mitra-bariba-kakiem-ar-fazana-galu-un-avenem-85-g\/#primaryimage","url":"https:\/\/miumjau.ee\/wp-content\/uploads\/2024\/11\/carnilove-konserv-85g2.jpg","contentUrl":"https:\/\/miumjau.ee\/wp-content\/uploads\/2024\/11\/carnilove-konserv-85g2.jpg","width":600,"height":800},{"@type":"BreadcrumbList","@id":"https:\/\/miumjau.ee\/lv\/produkts\/carnilove-mitra-bariba-kakiem-ar-fazana-galu-un-avenem-85-g\/#breadcrumb","itemListElement":[{"@type":"ListItem","position":1,"name":"Home","item":"https:\/\/miumjau.ee\/lv\/"},{"@type":"ListItem","position":2,"name":"Veikals","item":"https:\/\/miumjau.ee\/lv\/veikals\/"},{"@type":"ListItem","position":3,"name":"Carnilove mitr\u0101 bar\u012bba ka\u0137iem ar faz\u0101na ga\u013cu un aven\u0113m 85 g"}]},{"@type":"WebSite","@id":"https:\/\/miumjau.ee\/#website","url":"https:\/\/miumjau.ee\/","name":"MiuMjau","description":"Kraapimispuud kassidele","publisher":{"@id":"https:\/\/miumjau.ee\/#organization"},"potentialAction":[{"@type":"SearchAction","target":{"@type":"EntryPoint","urlTemplate":"https:\/\/miumjau.ee\/?s={search_term_string}"},"query-input":{"@type":"PropertyValueSpecification","valueRequired":true,"valueName":"search_term_string"}}],"inLanguage":"lv-LV"},{"@type":"Organization","@id":"https:\/\/miumjau.ee\/#organization","name":"MiuMjau O\u00dc","url":"https:\/\/miumjau.ee\/","logo":{"@type":"ImageObject","inLanguage":"lv-LV","@id":"https:\/\/miumjau.ee\/#\/schema\/logo\/image\/","url":"https:\/\/miumjau.ee\/wp-content\/uploads\/2022\/04\/MiuMjau-logo-kollane.png","contentUrl":"https:\/\/miumjau.ee\/wp-content\/uploads\/2022\/04\/MiuMjau-logo-kollane.png","width":219,"height":100,"caption":"MiuMjau O\u00dc"},"image":{"@id":"https:\/\/miumjau.ee\/#\/schema\/logo\/image\/"},"sameAs":["https:\/\/www.facebook.com\/miumjaupood\/"]}]}},"_links":{"self":[{"href":"https:\/\/miumjau.ee\/lv\/wp-json\/wp\/v2\/product\/52089","targetHints":{"allow":["GET"]}}],"collection":[{"href":"https:\/\/miumjau.ee\/lv\/wp-json\/wp\/v2\/product"}],"about":[{"href":"https:\/\/miumjau.ee\/lv\/wp-json\/wp\/v2\/types\/product"}],"wp:featuredmedia":[{"embeddable":true,"href":"https:\/\/miumjau.ee\/lv\/wp-json\/wp\/v2\/media\/52091"}],"wp:attachment":[{"href":"https:\/\/miumjau.ee\/lv\/wp-json\/wp\/v2\/media?parent=52089"}],"wp:term":[{"taxonomy":"product_brand","embeddable":true,"href":"https:\/\/miumjau.ee\/lv\/wp-json\/wp\/v2\/product_brand?post=52089"},{"taxonomy":"product_cat","embeddable":true,"href":"https:\/\/miumjau.ee\/lv\/wp-json\/wp\/v2\/product_cat?post=52089"},{"taxonomy":"product_tag","embeddable":true,"href":"https:\/\/miumjau.ee\/lv\/wp-json\/wp\/v2\/product_tag?post=52089"}],"curies":[{"name":"wp","href":"https:\/\/api.w.org\/{rel}","templated":true}]}}