{"id":52081,"date":"2024-11-11T14:46:09","date_gmt":"2024-11-11T12:46:09","guid":{"rendered":"https:\/\/miumjau.ee\/toode\/carnilove-fresh-sausa-bariba-kakiem-karpas-un-foreles-04-kg\/"},"modified":"2024-11-11T14:46:09","modified_gmt":"2024-11-11T12:46:09","slug":"carnilove-fresh-sausa-bariba-kakiem-karpas-un-foreles-04-kg","status":"publish","type":"product","link":"https:\/\/miumjau.ee\/lv\/produkts\/carnilove-fresh-sausa-bariba-kakiem-karpas-un-foreles-04-kg\/","title":{"rendered":"Carnilove Fresh saus\u0101 bar\u012bba ka\u0137iem, karpas un foreles 0,4 kg"},"content":{"rendered":"","protected":false},"excerpt":{"rendered":"<p data-start=\"175\" data-end=\"222\">Augstas ga\u013cas kvalit\u0101tes bar\u012bba J\u016bsu m\u012blulim!<\/p>\n<p data-start=\"224\" data-end=\"861\"><strong data-start=\"224\" data-end=\"236\">Sast\u0101vs:<\/strong> svaiga bezkaulu karpa 25 %, kalt\u0113ta forele 20 %, svaiga bezkaulu la\u0161i 14 %, kalt\u0113ta la\u0161i 12 %, mutt, vistas tauki (konserv\u0113ti ar tokoferoliem) 4 %, turku zir\u0146i, zir\u0146i, vistas aknas 3 %, la\u0161a e\u013c\u013ca 2 %, \u0101boli, burk\u0101ni, lins\u0113klas, hidroliz\u0113ti j\u016bras \u010daulas (glikozam\u012bna avots) 0,026 %, skrim\u0161\u013ca ekstrakts (hondroit\u012bna avots) 0,016 %, alus raugs (mannan-oligosahar\u012bdu avots) 0,015 %, cigori\u0146\u0161 (fruktooligosahar\u012bdu avots) 0,012 %, a\u013c\u0123es 0,01 %, juka 0,01 %, miltu ban\u0101ns 0,01 %, timi\u0101ns 0,01 %, rozmar\u012bns 0,01 %, pune 0,01 %, dz\u0113rvene 0,0008 %, melle\u0146u 0,0008 %, smilts\u0113rk\u0161\u0137is 0,0008 %, ingvera sakne 0,0008 %, \u0161alvija 0,0008 %.<\/p>\n<p data-start=\"863\" data-end=\"1275\"><strong data-start=\"863\" data-end=\"881\">Papildin\u0101jumi:<\/strong> A vitam\u012bns (E672) 23 000 SV, D3 vitam\u012bns (E671) 940 SV, E vitam\u012bns (3a700) 650 mg, C vitam\u012bns (E300) 300 mg, taur\u012bns 2 400 mg, hol\u012bna hlor\u012bds 2 200 mg, L-karnit\u012bns 65 mg, niac\u012bns 45 mg, biot\u012bns 1,8 mg, cinks (E6) 100 mg, mang\u0101ns (E5) 55 mg, dzelzs (E1) 48 mg, var\u0161 (E4) 11 mg, jods (E2) 3,8 mg, sel\u0113ns (E8) 0,2 mg, L-metion\u012bns (3.1.1) 14 mg, argin\u012bns (3c3.6.1) 12 mg, L-liz\u012bns (3.2.3) 10 mg.<\/p>\n<p data-start=\"1277\" data-end=\"1317\"><strong data-start=\"1277\" data-end=\"1301\">Ener\u0123\u0113tisk\u0101 v\u0113rt\u012bba:<\/strong> 3 630 kcal\/kg<\/p>\n<p data-start=\"1319\" data-end=\"1532\"><strong data-start=\"1319\" data-end=\"1344\">Anal\u012btiskais sast\u0101vs:<\/strong> kopprote\u012bns 34,0 %, tauku saturs 14,0 %, kop\u0161\u0137iedra 3,5 %, kop\u0113jie pelni 9,5 %, mitrums 10,0 %, kalcijs 0,9 %, fosfors 0,8 %, n\u0101trijs 1,2 %, magnijs 0,04 %, Omega-3 0,8 %, Omega-6 1,7 %<\/p>\n","protected":false},"featured_media":52082,"template":"","meta":[],"product_brand":[],"product_cat":[569],"product_tag":[],"class_list":{"0":"post-52081","1":"product","2":"type-product","3":"status-publish","4":"has-post-thumbnail","6":"product_cat-sausa-bariba","8":"first","9":"instock","10":"sale","11":"taxable","12":"shipping-taxable","13":"purchasable","14":"product-type-simple"},"yoast_head":"<!-- This site is optimized with the Yoast SEO plugin v27.2 - https:\/\/yoast.com\/product\/yoast-seo-wordpress\/ -->\n<title>Carnilove Fresh saus\u0101 bar\u012bba ka\u0137iem, karpas un foreles 0,4 kg - MiuMjau<\/title>\n<meta name=\"robots\" content=\"index, follow, max-snippet:-1, max-image-preview:large, max-video-preview:-1\" \/>\n<link rel=\"canonical\" href=\"https:\/\/miumjau.ee\/lv\/produkts\/carnilove-fresh-sausa-bariba-kakiem-karpas-un-foreles-04-kg\/\" \/>\n<meta property=\"og:locale\" content=\"lv_LV\" \/>\n<meta property=\"og:type\" content=\"article\" \/>\n<meta property=\"og:title\" content=\"Carnilove Fresh saus\u0101 bar\u012bba ka\u0137iem, karpas un foreles 0,4 kg - MiuMjau\" \/>\n<meta property=\"og:description\" content=\"Augstas ga\u013cas kvalit\u0101tes bar\u012bba J\u016bsu m\u012blulim! Sast\u0101vs: svaiga bezkaulu karpa 25 %, kalt\u0113ta forele 20 %, svaiga bezkaulu la\u0161i 14 %, kalt\u0113ta la\u0161i 12 %, mutt, vistas tauki (konserv\u0113ti ar tokoferoliem) 4 %, turku zir\u0146i, zir\u0146i, vistas aknas 3 %, la\u0161a e\u013c\u013ca 2 %, \u0101boli, burk\u0101ni, lins\u0113klas, hidroliz\u0113ti j\u016bras \u010daulas (glikozam\u012bna avots) 0,026 %, skrim\u0161\u013ca ekstrakts (hondroit\u012bna avots) 0,016 %, alus raugs (mannan-oligosahar\u012bdu avots) 0,015 %, cigori\u0146\u0161 (fruktooligosahar\u012bdu avots) 0,012 %, a\u013c\u0123es 0,01 %, juka 0,01 %, miltu ban\u0101ns 0,01 %, timi\u0101ns 0,01 %, rozmar\u012bns 0,01 %, pune 0,01 %, dz\u0113rvene 0,0008 %, melle\u0146u 0,0008 %, smilts\u0113rk\u0161\u0137is 0,0008 %, ingvera sakne 0,0008 %, \u0161alvija 0,0008 %. Papildin\u0101jumi: A vitam\u012bns (E672) 23 000 SV, D3 vitam\u012bns (E671) 940 SV, E vitam\u012bns (3a700) 650 mg, C vitam\u012bns (E300) 300 mg, taur\u012bns 2 400 mg, hol\u012bna hlor\u012bds 2 200 mg, L-karnit\u012bns 65 mg, niac\u012bns 45 mg, biot\u012bns 1,8 mg, cinks (E6) 100 mg, mang\u0101ns (E5) 55 mg, dzelzs (E1) 48 mg, var\u0161 (E4) 11 mg, jods (E2) 3,8 mg, sel\u0113ns (E8) 0,2 mg, L-metion\u012bns (3.1.1) 14 mg, argin\u012bns (3c3.6.1) 12 mg, L-liz\u012bns (3.2.3) 10 mg. Ener\u0123\u0113tisk\u0101 v\u0113rt\u012bba: 3 630 kcal\/kg Anal\u012btiskais sast\u0101vs: kopprote\u012bns 34,0 %, tauku saturs 14,0 %, kop\u0161\u0137iedra 3,5 %, kop\u0113jie pelni 9,5 %, mitrums 10,0 %, kalcijs 0,9 %, fosfors 0,8 %, n\u0101trijs 1,2 %, magnijs 0,04 %, Omega-3 0,8 %, Omega-6 1,7 %\" \/>\n<meta property=\"og:url\" content=\"https:\/\/miumjau.ee\/lv\/produkts\/carnilove-fresh-sausa-bariba-kakiem-karpas-un-foreles-04-kg\/\" \/>\n<meta property=\"og:site_name\" content=\"MiuMjau\" \/>\n<meta property=\"article:publisher\" content=\"https:\/\/www.facebook.com\/miumjaupood\/\" \/>\n<meta property=\"og:image\" content=\"https:\/\/miumjau.ee\/wp-content\/uploads\/2024\/11\/carnilove-fresh-kuivtoit-kassile1.jpg\" \/>\n\t<meta property=\"og:image:width\" content=\"600\" \/>\n\t<meta property=\"og:image:height\" content=\"800\" \/>\n\t<meta property=\"og:image:type\" content=\"image\/jpeg\" \/>\n<meta name=\"twitter:card\" content=\"summary_large_image\" \/>\n<script type=\"application\/ld+json\" class=\"yoast-schema-graph\">{\"@context\":\"https:\/\/schema.org\",\"@graph\":[{\"@type\":\"WebPage\",\"@id\":\"https:\/\/miumjau.ee\/lv\/produkts\/carnilove-fresh-sausa-bariba-kakiem-karpas-un-foreles-04-kg\/\",\"url\":\"https:\/\/miumjau.ee\/lv\/produkts\/carnilove-fresh-sausa-bariba-kakiem-karpas-un-foreles-04-kg\/\",\"name\":\"Carnilove Fresh saus\u0101 bar\u012bba ka\u0137iem, karpas un foreles 0,4 kg - MiuMjau\",\"isPartOf\":{\"@id\":\"https:\/\/miumjau.ee\/#website\"},\"primaryImageOfPage\":{\"@id\":\"https:\/\/miumjau.ee\/lv\/produkts\/carnilove-fresh-sausa-bariba-kakiem-karpas-un-foreles-04-kg\/#primaryimage\"},\"image\":{\"@id\":\"https:\/\/miumjau.ee\/lv\/produkts\/carnilove-fresh-sausa-bariba-kakiem-karpas-un-foreles-04-kg\/#primaryimage\"},\"thumbnailUrl\":\"https:\/\/miumjau.ee\/wp-content\/uploads\/2024\/11\/carnilove-fresh-kuivtoit-kassile1.jpg\",\"datePublished\":\"2024-11-11T12:46:09+00:00\",\"breadcrumb\":{\"@id\":\"https:\/\/miumjau.ee\/lv\/produkts\/carnilove-fresh-sausa-bariba-kakiem-karpas-un-foreles-04-kg\/#breadcrumb\"},\"inLanguage\":\"lv-LV\",\"potentialAction\":[{\"@type\":\"ReadAction\",\"target\":[\"https:\/\/miumjau.ee\/lv\/produkts\/carnilove-fresh-sausa-bariba-kakiem-karpas-un-foreles-04-kg\/\"]}]},{\"@type\":\"ImageObject\",\"inLanguage\":\"lv-LV\",\"@id\":\"https:\/\/miumjau.ee\/lv\/produkts\/carnilove-fresh-sausa-bariba-kakiem-karpas-un-foreles-04-kg\/#primaryimage\",\"url\":\"https:\/\/miumjau.ee\/wp-content\/uploads\/2024\/11\/carnilove-fresh-kuivtoit-kassile1.jpg\",\"contentUrl\":\"https:\/\/miumjau.ee\/wp-content\/uploads\/2024\/11\/carnilove-fresh-kuivtoit-kassile1.jpg\",\"width\":600,\"height\":800},{\"@type\":\"BreadcrumbList\",\"@id\":\"https:\/\/miumjau.ee\/lv\/produkts\/carnilove-fresh-sausa-bariba-kakiem-karpas-un-foreles-04-kg\/#breadcrumb\",\"itemListElement\":[{\"@type\":\"ListItem\",\"position\":1,\"name\":\"Home\",\"item\":\"https:\/\/miumjau.ee\/lv\/\"},{\"@type\":\"ListItem\",\"position\":2,\"name\":\"Veikals\",\"item\":\"https:\/\/miumjau.ee\/lv\/veikals\/\"},{\"@type\":\"ListItem\",\"position\":3,\"name\":\"Carnilove Fresh saus\u0101 bar\u012bba ka\u0137iem, karpas un foreles 0,4 kg\"}]},{\"@type\":\"WebSite\",\"@id\":\"https:\/\/miumjau.ee\/#website\",\"url\":\"https:\/\/miumjau.ee\/\",\"name\":\"MiuMjau\",\"description\":\"Kraapimispuud kassidele\",\"publisher\":{\"@id\":\"https:\/\/miumjau.ee\/#organization\"},\"potentialAction\":[{\"@type\":\"SearchAction\",\"target\":{\"@type\":\"EntryPoint\",\"urlTemplate\":\"https:\/\/miumjau.ee\/?s={search_term_string}\"},\"query-input\":{\"@type\":\"PropertyValueSpecification\",\"valueRequired\":true,\"valueName\":\"search_term_string\"}}],\"inLanguage\":\"lv-LV\"},{\"@type\":\"Organization\",\"@id\":\"https:\/\/miumjau.ee\/#organization\",\"name\":\"MiuMjau O\u00dc\",\"url\":\"https:\/\/miumjau.ee\/\",\"logo\":{\"@type\":\"ImageObject\",\"inLanguage\":\"lv-LV\",\"@id\":\"https:\/\/miumjau.ee\/#\/schema\/logo\/image\/\",\"url\":\"https:\/\/miumjau.ee\/wp-content\/uploads\/2022\/04\/MiuMjau-logo-kollane.png\",\"contentUrl\":\"https:\/\/miumjau.ee\/wp-content\/uploads\/2022\/04\/MiuMjau-logo-kollane.png\",\"width\":219,\"height\":100,\"caption\":\"MiuMjau O\u00dc\"},\"image\":{\"@id\":\"https:\/\/miumjau.ee\/#\/schema\/logo\/image\/\"},\"sameAs\":[\"https:\/\/www.facebook.com\/miumjaupood\/\"]}]}<\/script>\n<!-- \/ Yoast SEO plugin. -->","yoast_head_json":{"title":"Carnilove Fresh saus\u0101 bar\u012bba ka\u0137iem, karpas un foreles 0,4 kg - MiuMjau","robots":{"index":"index","follow":"follow","max-snippet":"max-snippet:-1","max-image-preview":"max-image-preview:large","max-video-preview":"max-video-preview:-1"},"canonical":"https:\/\/miumjau.ee\/lv\/produkts\/carnilove-fresh-sausa-bariba-kakiem-karpas-un-foreles-04-kg\/","og_locale":"lv_LV","og_type":"article","og_title":"Carnilove Fresh saus\u0101 bar\u012bba ka\u0137iem, karpas un foreles 0,4 kg - MiuMjau","og_description":"Augstas ga\u013cas kvalit\u0101tes bar\u012bba J\u016bsu m\u012blulim! Sast\u0101vs: svaiga bezkaulu karpa 25 %, kalt\u0113ta forele 20 %, svaiga bezkaulu la\u0161i 14 %, kalt\u0113ta la\u0161i 12 %, mutt, vistas tauki (konserv\u0113ti ar tokoferoliem) 4 %, turku zir\u0146i, zir\u0146i, vistas aknas 3 %, la\u0161a e\u013c\u013ca 2 %, \u0101boli, burk\u0101ni, lins\u0113klas, hidroliz\u0113ti j\u016bras \u010daulas (glikozam\u012bna avots) 0,026 %, skrim\u0161\u013ca ekstrakts (hondroit\u012bna avots) 0,016 %, alus raugs (mannan-oligosahar\u012bdu avots) 0,015 %, cigori\u0146\u0161 (fruktooligosahar\u012bdu avots) 0,012 %, a\u013c\u0123es 0,01 %, juka 0,01 %, miltu ban\u0101ns 0,01 %, timi\u0101ns 0,01 %, rozmar\u012bns 0,01 %, pune 0,01 %, dz\u0113rvene 0,0008 %, melle\u0146u 0,0008 %, smilts\u0113rk\u0161\u0137is 0,0008 %, ingvera sakne 0,0008 %, \u0161alvija 0,0008 %. Papildin\u0101jumi: A vitam\u012bns (E672) 23 000 SV, D3 vitam\u012bns (E671) 940 SV, E vitam\u012bns (3a700) 650 mg, C vitam\u012bns (E300) 300 mg, taur\u012bns 2 400 mg, hol\u012bna hlor\u012bds 2 200 mg, L-karnit\u012bns 65 mg, niac\u012bns 45 mg, biot\u012bns 1,8 mg, cinks (E6) 100 mg, mang\u0101ns (E5) 55 mg, dzelzs (E1) 48 mg, var\u0161 (E4) 11 mg, jods (E2) 3,8 mg, sel\u0113ns (E8) 0,2 mg, L-metion\u012bns (3.1.1) 14 mg, argin\u012bns (3c3.6.1) 12 mg, L-liz\u012bns (3.2.3) 10 mg. Ener\u0123\u0113tisk\u0101 v\u0113rt\u012bba: 3 630 kcal\/kg Anal\u012btiskais sast\u0101vs: kopprote\u012bns 34,0 %, tauku saturs 14,0 %, kop\u0161\u0137iedra 3,5 %, kop\u0113jie pelni 9,5 %, mitrums 10,0 %, kalcijs 0,9 %, fosfors 0,8 %, n\u0101trijs 1,2 %, magnijs 0,04 %, Omega-3 0,8 %, Omega-6 1,7 %","og_url":"https:\/\/miumjau.ee\/lv\/produkts\/carnilove-fresh-sausa-bariba-kakiem-karpas-un-foreles-04-kg\/","og_site_name":"MiuMjau","article_publisher":"https:\/\/www.facebook.com\/miumjaupood\/","og_image":[{"width":600,"height":800,"url":"https:\/\/miumjau.ee\/wp-content\/uploads\/2024\/11\/carnilove-fresh-kuivtoit-kassile1.jpg","type":"image\/jpeg"}],"twitter_card":"summary_large_image","schema":{"@context":"https:\/\/schema.org","@graph":[{"@type":"WebPage","@id":"https:\/\/miumjau.ee\/lv\/produkts\/carnilove-fresh-sausa-bariba-kakiem-karpas-un-foreles-04-kg\/","url":"https:\/\/miumjau.ee\/lv\/produkts\/carnilove-fresh-sausa-bariba-kakiem-karpas-un-foreles-04-kg\/","name":"Carnilove Fresh saus\u0101 bar\u012bba ka\u0137iem, karpas un foreles 0,4 kg - MiuMjau","isPartOf":{"@id":"https:\/\/miumjau.ee\/#website"},"primaryImageOfPage":{"@id":"https:\/\/miumjau.ee\/lv\/produkts\/carnilove-fresh-sausa-bariba-kakiem-karpas-un-foreles-04-kg\/#primaryimage"},"image":{"@id":"https:\/\/miumjau.ee\/lv\/produkts\/carnilove-fresh-sausa-bariba-kakiem-karpas-un-foreles-04-kg\/#primaryimage"},"thumbnailUrl":"https:\/\/miumjau.ee\/wp-content\/uploads\/2024\/11\/carnilove-fresh-kuivtoit-kassile1.jpg","datePublished":"2024-11-11T12:46:09+00:00","breadcrumb":{"@id":"https:\/\/miumjau.ee\/lv\/produkts\/carnilove-fresh-sausa-bariba-kakiem-karpas-un-foreles-04-kg\/#breadcrumb"},"inLanguage":"lv-LV","potentialAction":[{"@type":"ReadAction","target":["https:\/\/miumjau.ee\/lv\/produkts\/carnilove-fresh-sausa-bariba-kakiem-karpas-un-foreles-04-kg\/"]}]},{"@type":"ImageObject","inLanguage":"lv-LV","@id":"https:\/\/miumjau.ee\/lv\/produkts\/carnilove-fresh-sausa-bariba-kakiem-karpas-un-foreles-04-kg\/#primaryimage","url":"https:\/\/miumjau.ee\/wp-content\/uploads\/2024\/11\/carnilove-fresh-kuivtoit-kassile1.jpg","contentUrl":"https:\/\/miumjau.ee\/wp-content\/uploads\/2024\/11\/carnilove-fresh-kuivtoit-kassile1.jpg","width":600,"height":800},{"@type":"BreadcrumbList","@id":"https:\/\/miumjau.ee\/lv\/produkts\/carnilove-fresh-sausa-bariba-kakiem-karpas-un-foreles-04-kg\/#breadcrumb","itemListElement":[{"@type":"ListItem","position":1,"name":"Home","item":"https:\/\/miumjau.ee\/lv\/"},{"@type":"ListItem","position":2,"name":"Veikals","item":"https:\/\/miumjau.ee\/lv\/veikals\/"},{"@type":"ListItem","position":3,"name":"Carnilove Fresh saus\u0101 bar\u012bba ka\u0137iem, karpas un foreles 0,4 kg"}]},{"@type":"WebSite","@id":"https:\/\/miumjau.ee\/#website","url":"https:\/\/miumjau.ee\/","name":"MiuMjau","description":"Kraapimispuud kassidele","publisher":{"@id":"https:\/\/miumjau.ee\/#organization"},"potentialAction":[{"@type":"SearchAction","target":{"@type":"EntryPoint","urlTemplate":"https:\/\/miumjau.ee\/?s={search_term_string}"},"query-input":{"@type":"PropertyValueSpecification","valueRequired":true,"valueName":"search_term_string"}}],"inLanguage":"lv-LV"},{"@type":"Organization","@id":"https:\/\/miumjau.ee\/#organization","name":"MiuMjau O\u00dc","url":"https:\/\/miumjau.ee\/","logo":{"@type":"ImageObject","inLanguage":"lv-LV","@id":"https:\/\/miumjau.ee\/#\/schema\/logo\/image\/","url":"https:\/\/miumjau.ee\/wp-content\/uploads\/2022\/04\/MiuMjau-logo-kollane.png","contentUrl":"https:\/\/miumjau.ee\/wp-content\/uploads\/2022\/04\/MiuMjau-logo-kollane.png","width":219,"height":100,"caption":"MiuMjau O\u00dc"},"image":{"@id":"https:\/\/miumjau.ee\/#\/schema\/logo\/image\/"},"sameAs":["https:\/\/www.facebook.com\/miumjaupood\/"]}]}},"_links":{"self":[{"href":"https:\/\/miumjau.ee\/lv\/wp-json\/wp\/v2\/product\/52081","targetHints":{"allow":["GET"]}}],"collection":[{"href":"https:\/\/miumjau.ee\/lv\/wp-json\/wp\/v2\/product"}],"about":[{"href":"https:\/\/miumjau.ee\/lv\/wp-json\/wp\/v2\/types\/product"}],"wp:featuredmedia":[{"embeddable":true,"href":"https:\/\/miumjau.ee\/lv\/wp-json\/wp\/v2\/media\/52082"}],"wp:attachment":[{"href":"https:\/\/miumjau.ee\/lv\/wp-json\/wp\/v2\/media?parent=52081"}],"wp:term":[{"taxonomy":"product_brand","embeddable":true,"href":"https:\/\/miumjau.ee\/lv\/wp-json\/wp\/v2\/product_brand?post=52081"},{"taxonomy":"product_cat","embeddable":true,"href":"https:\/\/miumjau.ee\/lv\/wp-json\/wp\/v2\/product_cat?post=52081"},{"taxonomy":"product_tag","embeddable":true,"href":"https:\/\/miumjau.ee\/lv\/wp-json\/wp\/v2\/product_tag?post=52081"}],"curies":[{"name":"wp","href":"https:\/\/api.w.org\/{rel}","templated":true}]}}