{"id":52063,"date":"2024-11-11T21:49:27","date_gmt":"2024-11-11T19:49:27","guid":{"rendered":"https:\/\/miumjau.ee\/toode\/carnilove-sausa-bariba-kakeniem-ar-lasi-un-titaru-6-kg\/"},"modified":"2024-11-11T21:49:27","modified_gmt":"2024-11-11T19:49:27","slug":"carnilove-sausa-bariba-kakeniem-ar-lasi-un-titaru-6-kg","status":"publish","type":"product","link":"https:\/\/miumjau.ee\/lv\/produkts\/carnilove-sausa-bariba-kakeniem-ar-lasi-un-titaru-6-kg\/","title":{"rendered":"Carnilove saus\u0101 bar\u012bba ka\u0137\u0113niem ar lasi un t\u012btaru 6 kg"},"content":{"rendered":"","protected":false},"excerpt":{"rendered":"<p data-start=\"168\" data-end=\"243\">Graudu un kartupe\u013cu nesaturo\u0161a recepte ka\u0137\u0113niem. Pilnv\u0113rt\u012bga bar\u012bba ka\u0137iem.<\/p>\n<p data-start=\"245\" data-end=\"811\">Ka\u0137\u0113niem ir \u012bpa\u0161i svar\u012bgi izv\u0113l\u0113ties bar\u012bbu, kas bag\u0101ta ar kvalitat\u012bviem prote\u012bniem, taukiem, vitam\u012bniem un b\u016btisk\u0101m uzturviel\u0101m, lai nodro\u0161in\u0101tu vesel\u012bgu aug\u0161anu un optim\u0101lu \u0137erme\u0146a att\u012bst\u012bbu. Carnilove Lasis &amp; T\u012btars ka\u0137\u0113niem ir izstr\u0101d\u0101ta, \u0146emot v\u0113r\u0101 ka\u0137u dabisko uzturu. Recepte balst\u0101s uz la\u0161a un t\u012btaru ga\u013cu, kas ir neaizvietojamo aminosk\u0101bju avots. Kop\u0101 ar me\u017ea og\u0101m, d\u0101rze\u0146iem un gar\u0161augiem t\u0101 nodro\u0161ina ka\u0137\u0113nus ar nepiecie\u0161amaj\u0101m uzturviel\u0101m, vitam\u012bniem, miner\u0101lviel\u0101m un antioksidantiem, atbalstot pareizu skeleta, musku\u013cu un dabisk\u0101s imunit\u0101tes att\u012bst\u012bbu.<\/p>\n<p data-start=\"813\" data-end=\"1420\"><strong data-start=\"813\" data-end=\"825\">Sast\u0101vs:<\/strong> la\u0161a milti 25 %, t\u012btaru milti 24 %, dzeltenie zir\u0146i 18 %, vistas tauki (konserv\u0113ti ar tokoferoliem) 11 %, hidroliz\u0113ti vistas prote\u012bni 9 %, vistas aknas 3 %, la\u0161a e\u013c\u013ca 3 %, tapiokas ciete 2 %, \u0101boli 1 %, burk\u0101ni 1 %, lins\u0113klas 1 %, turku zir\u0146i 1 %, hidroliz\u0113ti j\u016bras \u010daulas (glikozam\u012bna avots) 0,028 %, skrim\u0161\u013ca ekstrakts (hondroit\u012bna avots) 0,017 %, alus raugs (mannan-oligosahar\u012bdu avots) 0,017 %, cigori\u0146\u0161 (fruktooligosahar\u012bdu avots) 0,014 %, juka 0,01 %, a\u013c\u0123es 0,01 %, t\u0113jas lapas 0,01 %, timi\u0101ns 0,01 %, rozmar\u012bns 0,01 %, pune 0,01 %, dz\u0113rvenes 0,0008 %, mellenes 0,0008 %, avenes 0,0008 %.<\/p>\n<p data-start=\"1422\" data-end=\"1855\"><strong data-start=\"1422\" data-end=\"1459\">Uzturvielu papildin\u0101jumi uz 1 kg:<\/strong> A vitam\u012bns (E672) 25 000 SV, D3 vitam\u012bns (E671) 1 000 SV, E vitam\u012bns (3a700) 750 SV, C vitam\u012bns (E300) 350 mg, taur\u012bns 2 500 mg, hol\u012bna hlor\u012bds 2 300 mg, L-karnit\u012bns 70 mg, niac\u012bns 50 mg, biot\u012bns 2,0 mg, cinks (E6) 160 mg, mang\u0101ns (E5) 60 mg, dzelzs (E1) 50 mg, var\u0161 (E4) 12 mg, jods (E2) 4,0 mg, sel\u0113ns (E8) 0,25 mg, DL-metion\u012bns (3.1.1) 15 mg, argin\u012bns (3c3.6.1) 13 mg, L-liz\u012bns (3.2.3) 11 mg.<\/p>\n<p data-start=\"1857\" data-end=\"2046\"><strong data-start=\"1857\" data-end=\"1889\">Anal\u012btiskais sast\u0101vs \/ 1 kg:<\/strong> kopprote\u012bns 40,0 %, tauku saturs 20,0 %, kop\u0161\u0137iedra 2,0 %, kop\u0113jie pelni 7,5 %, mitrums 10,0 %, kalcijs 1,3 %, fosfors 1,0 %, n\u0101trijs 0,5 %, magnijs 0,08 %.<\/p>\n<p data-start=\"2048\" data-end=\"2123\"><strong data-start=\"2048\" data-end=\"2073\">Metabolisk\u0101 ener\u0123ija:<\/strong> 4 150 kcal\/kg, Omega-3: 0,60 %, Omega-6: 2,70 %<\/p>\n","protected":false},"featured_media":52064,"template":"","meta":[],"product_brand":[],"product_cat":[569],"product_tag":[],"class_list":{"0":"post-52063","1":"product","2":"type-product","3":"status-publish","4":"has-post-thumbnail","6":"product_cat-sausa-bariba","8":"first","9":"instock","10":"sale","11":"taxable","12":"shipping-taxable","13":"purchasable","14":"product-type-simple"},"yoast_head":"<!-- This site is optimized with the Yoast SEO plugin v27.2 - https:\/\/yoast.com\/product\/yoast-seo-wordpress\/ -->\n<title>Carnilove saus\u0101 bar\u012bba ka\u0137\u0113niem ar lasi un t\u012btaru 6 kg - MiuMjau<\/title>\n<meta name=\"robots\" content=\"index, follow, max-snippet:-1, max-image-preview:large, max-video-preview:-1\" \/>\n<link rel=\"canonical\" href=\"https:\/\/miumjau.ee\/lv\/produkts\/carnilove-sausa-bariba-kakeniem-ar-lasi-un-titaru-6-kg\/\" \/>\n<meta property=\"og:locale\" content=\"lv_LV\" \/>\n<meta property=\"og:type\" content=\"article\" \/>\n<meta property=\"og:title\" content=\"Carnilove saus\u0101 bar\u012bba ka\u0137\u0113niem ar lasi un t\u012btaru 6 kg - MiuMjau\" \/>\n<meta property=\"og:description\" content=\"Graudu un kartupe\u013cu nesaturo\u0161a recepte ka\u0137\u0113niem. Pilnv\u0113rt\u012bga bar\u012bba ka\u0137iem. Ka\u0137\u0113niem ir \u012bpa\u0161i svar\u012bgi izv\u0113l\u0113ties bar\u012bbu, kas bag\u0101ta ar kvalitat\u012bviem prote\u012bniem, taukiem, vitam\u012bniem un b\u016btisk\u0101m uzturviel\u0101m, lai nodro\u0161in\u0101tu vesel\u012bgu aug\u0161anu un optim\u0101lu \u0137erme\u0146a att\u012bst\u012bbu. Carnilove Lasis &amp; T\u012btars ka\u0137\u0113niem ir izstr\u0101d\u0101ta, \u0146emot v\u0113r\u0101 ka\u0137u dabisko uzturu. Recepte balst\u0101s uz la\u0161a un t\u012btaru ga\u013cu, kas ir neaizvietojamo aminosk\u0101bju avots. Kop\u0101 ar me\u017ea og\u0101m, d\u0101rze\u0146iem un gar\u0161augiem t\u0101 nodro\u0161ina ka\u0137\u0113nus ar nepiecie\u0161amaj\u0101m uzturviel\u0101m, vitam\u012bniem, miner\u0101lviel\u0101m un antioksidantiem, atbalstot pareizu skeleta, musku\u013cu un dabisk\u0101s imunit\u0101tes att\u012bst\u012bbu. Sast\u0101vs: la\u0161a milti 25 %, t\u012btaru milti 24 %, dzeltenie zir\u0146i 18 %, vistas tauki (konserv\u0113ti ar tokoferoliem) 11 %, hidroliz\u0113ti vistas prote\u012bni 9 %, vistas aknas 3 %, la\u0161a e\u013c\u013ca 3 %, tapiokas ciete 2 %, \u0101boli 1 %, burk\u0101ni 1 %, lins\u0113klas 1 %, turku zir\u0146i 1 %, hidroliz\u0113ti j\u016bras \u010daulas (glikozam\u012bna avots) 0,028 %, skrim\u0161\u013ca ekstrakts (hondroit\u012bna avots) 0,017 %, alus raugs (mannan-oligosahar\u012bdu avots) 0,017 %, cigori\u0146\u0161 (fruktooligosahar\u012bdu avots) 0,014 %, juka 0,01 %, a\u013c\u0123es 0,01 %, t\u0113jas lapas 0,01 %, timi\u0101ns 0,01 %, rozmar\u012bns 0,01 %, pune 0,01 %, dz\u0113rvenes 0,0008 %, mellenes 0,0008 %, avenes 0,0008 %. Uzturvielu papildin\u0101jumi uz 1 kg: A vitam\u012bns (E672) 25 000 SV, D3 vitam\u012bns (E671) 1 000 SV, E vitam\u012bns (3a700) 750 SV, C vitam\u012bns (E300) 350 mg, taur\u012bns 2 500 mg, hol\u012bna hlor\u012bds 2 300 mg, L-karnit\u012bns 70 mg, niac\u012bns 50 mg, biot\u012bns 2,0 mg, cinks (E6) 160 mg, mang\u0101ns (E5) 60 mg, dzelzs (E1) 50 mg, var\u0161 (E4) 12 mg, jods (E2) 4,0 mg, sel\u0113ns (E8) 0,25 mg, DL-metion\u012bns (3.1.1) 15 mg, argin\u012bns (3c3.6.1) 13 mg, L-liz\u012bns (3.2.3) 11 mg. Anal\u012btiskais sast\u0101vs \/ 1 kg: kopprote\u012bns 40,0 %, tauku saturs 20,0 %, kop\u0161\u0137iedra 2,0 %, kop\u0113jie pelni 7,5 %, mitrums 10,0 %, kalcijs 1,3 %, fosfors 1,0 %, n\u0101trijs 0,5 %, magnijs 0,08 %. Metabolisk\u0101 ener\u0123ija: 4 150 kcal\/kg, Omega-3: 0,60 %, Omega-6: 2,70 %\" \/>\n<meta property=\"og:url\" content=\"https:\/\/miumjau.ee\/lv\/produkts\/carnilove-sausa-bariba-kakeniem-ar-lasi-un-titaru-6-kg\/\" \/>\n<meta property=\"og:site_name\" content=\"MiuMjau\" \/>\n<meta property=\"article:publisher\" content=\"https:\/\/www.facebook.com\/miumjaupood\/\" \/>\n<meta property=\"og:image\" content=\"https:\/\/miumjau.ee\/wp-content\/uploads\/2024\/11\/carnilove-kuivtoit-kassidele8.jpg\" \/>\n\t<meta property=\"og:image:width\" content=\"600\" \/>\n\t<meta property=\"og:image:height\" content=\"800\" \/>\n\t<meta property=\"og:image:type\" content=\"image\/jpeg\" \/>\n<meta name=\"twitter:card\" content=\"summary_large_image\" \/>\n<script type=\"application\/ld+json\" class=\"yoast-schema-graph\">{\"@context\":\"https:\/\/schema.org\",\"@graph\":[{\"@type\":\"WebPage\",\"@id\":\"https:\/\/miumjau.ee\/lv\/produkts\/carnilove-sausa-bariba-kakeniem-ar-lasi-un-titaru-6-kg\/\",\"url\":\"https:\/\/miumjau.ee\/lv\/produkts\/carnilove-sausa-bariba-kakeniem-ar-lasi-un-titaru-6-kg\/\",\"name\":\"Carnilove saus\u0101 bar\u012bba ka\u0137\u0113niem ar lasi un t\u012btaru 6 kg - MiuMjau\",\"isPartOf\":{\"@id\":\"https:\/\/miumjau.ee\/#website\"},\"primaryImageOfPage\":{\"@id\":\"https:\/\/miumjau.ee\/lv\/produkts\/carnilove-sausa-bariba-kakeniem-ar-lasi-un-titaru-6-kg\/#primaryimage\"},\"image\":{\"@id\":\"https:\/\/miumjau.ee\/lv\/produkts\/carnilove-sausa-bariba-kakeniem-ar-lasi-un-titaru-6-kg\/#primaryimage\"},\"thumbnailUrl\":\"https:\/\/miumjau.ee\/wp-content\/uploads\/2024\/11\/carnilove-kuivtoit-kassidele8.jpg\",\"datePublished\":\"2024-11-11T19:49:27+00:00\",\"breadcrumb\":{\"@id\":\"https:\/\/miumjau.ee\/lv\/produkts\/carnilove-sausa-bariba-kakeniem-ar-lasi-un-titaru-6-kg\/#breadcrumb\"},\"inLanguage\":\"lv-LV\",\"potentialAction\":[{\"@type\":\"ReadAction\",\"target\":[\"https:\/\/miumjau.ee\/lv\/produkts\/carnilove-sausa-bariba-kakeniem-ar-lasi-un-titaru-6-kg\/\"]}]},{\"@type\":\"ImageObject\",\"inLanguage\":\"lv-LV\",\"@id\":\"https:\/\/miumjau.ee\/lv\/produkts\/carnilove-sausa-bariba-kakeniem-ar-lasi-un-titaru-6-kg\/#primaryimage\",\"url\":\"https:\/\/miumjau.ee\/wp-content\/uploads\/2024\/11\/carnilove-kuivtoit-kassidele8.jpg\",\"contentUrl\":\"https:\/\/miumjau.ee\/wp-content\/uploads\/2024\/11\/carnilove-kuivtoit-kassidele8.jpg\",\"width\":600,\"height\":800},{\"@type\":\"BreadcrumbList\",\"@id\":\"https:\/\/miumjau.ee\/lv\/produkts\/carnilove-sausa-bariba-kakeniem-ar-lasi-un-titaru-6-kg\/#breadcrumb\",\"itemListElement\":[{\"@type\":\"ListItem\",\"position\":1,\"name\":\"Home\",\"item\":\"https:\/\/miumjau.ee\/lv\/\"},{\"@type\":\"ListItem\",\"position\":2,\"name\":\"Veikals\",\"item\":\"https:\/\/miumjau.ee\/lv\/veikals\/\"},{\"@type\":\"ListItem\",\"position\":3,\"name\":\"Carnilove saus\u0101 bar\u012bba ka\u0137\u0113niem ar lasi un t\u012btaru 6 kg\"}]},{\"@type\":\"WebSite\",\"@id\":\"https:\/\/miumjau.ee\/#website\",\"url\":\"https:\/\/miumjau.ee\/\",\"name\":\"MiuMjau\",\"description\":\"Kraapimispuud kassidele\",\"publisher\":{\"@id\":\"https:\/\/miumjau.ee\/#organization\"},\"potentialAction\":[{\"@type\":\"SearchAction\",\"target\":{\"@type\":\"EntryPoint\",\"urlTemplate\":\"https:\/\/miumjau.ee\/?s={search_term_string}\"},\"query-input\":{\"@type\":\"PropertyValueSpecification\",\"valueRequired\":true,\"valueName\":\"search_term_string\"}}],\"inLanguage\":\"lv-LV\"},{\"@type\":\"Organization\",\"@id\":\"https:\/\/miumjau.ee\/#organization\",\"name\":\"MiuMjau O\u00dc\",\"url\":\"https:\/\/miumjau.ee\/\",\"logo\":{\"@type\":\"ImageObject\",\"inLanguage\":\"lv-LV\",\"@id\":\"https:\/\/miumjau.ee\/#\/schema\/logo\/image\/\",\"url\":\"https:\/\/miumjau.ee\/wp-content\/uploads\/2022\/04\/MiuMjau-logo-kollane.png\",\"contentUrl\":\"https:\/\/miumjau.ee\/wp-content\/uploads\/2022\/04\/MiuMjau-logo-kollane.png\",\"width\":219,\"height\":100,\"caption\":\"MiuMjau O\u00dc\"},\"image\":{\"@id\":\"https:\/\/miumjau.ee\/#\/schema\/logo\/image\/\"},\"sameAs\":[\"https:\/\/www.facebook.com\/miumjaupood\/\"]}]}<\/script>\n<!-- \/ Yoast SEO plugin. -->","yoast_head_json":{"title":"Carnilove saus\u0101 bar\u012bba ka\u0137\u0113niem ar lasi un t\u012btaru 6 kg - MiuMjau","robots":{"index":"index","follow":"follow","max-snippet":"max-snippet:-1","max-image-preview":"max-image-preview:large","max-video-preview":"max-video-preview:-1"},"canonical":"https:\/\/miumjau.ee\/lv\/produkts\/carnilove-sausa-bariba-kakeniem-ar-lasi-un-titaru-6-kg\/","og_locale":"lv_LV","og_type":"article","og_title":"Carnilove saus\u0101 bar\u012bba ka\u0137\u0113niem ar lasi un t\u012btaru 6 kg - MiuMjau","og_description":"Graudu un kartupe\u013cu nesaturo\u0161a recepte ka\u0137\u0113niem. Pilnv\u0113rt\u012bga bar\u012bba ka\u0137iem. Ka\u0137\u0113niem ir \u012bpa\u0161i svar\u012bgi izv\u0113l\u0113ties bar\u012bbu, kas bag\u0101ta ar kvalitat\u012bviem prote\u012bniem, taukiem, vitam\u012bniem un b\u016btisk\u0101m uzturviel\u0101m, lai nodro\u0161in\u0101tu vesel\u012bgu aug\u0161anu un optim\u0101lu \u0137erme\u0146a att\u012bst\u012bbu. Carnilove Lasis &amp; T\u012btars ka\u0137\u0113niem ir izstr\u0101d\u0101ta, \u0146emot v\u0113r\u0101 ka\u0137u dabisko uzturu. Recepte balst\u0101s uz la\u0161a un t\u012btaru ga\u013cu, kas ir neaizvietojamo aminosk\u0101bju avots. Kop\u0101 ar me\u017ea og\u0101m, d\u0101rze\u0146iem un gar\u0161augiem t\u0101 nodro\u0161ina ka\u0137\u0113nus ar nepiecie\u0161amaj\u0101m uzturviel\u0101m, vitam\u012bniem, miner\u0101lviel\u0101m un antioksidantiem, atbalstot pareizu skeleta, musku\u013cu un dabisk\u0101s imunit\u0101tes att\u012bst\u012bbu. Sast\u0101vs: la\u0161a milti 25 %, t\u012btaru milti 24 %, dzeltenie zir\u0146i 18 %, vistas tauki (konserv\u0113ti ar tokoferoliem) 11 %, hidroliz\u0113ti vistas prote\u012bni 9 %, vistas aknas 3 %, la\u0161a e\u013c\u013ca 3 %, tapiokas ciete 2 %, \u0101boli 1 %, burk\u0101ni 1 %, lins\u0113klas 1 %, turku zir\u0146i 1 %, hidroliz\u0113ti j\u016bras \u010daulas (glikozam\u012bna avots) 0,028 %, skrim\u0161\u013ca ekstrakts (hondroit\u012bna avots) 0,017 %, alus raugs (mannan-oligosahar\u012bdu avots) 0,017 %, cigori\u0146\u0161 (fruktooligosahar\u012bdu avots) 0,014 %, juka 0,01 %, a\u013c\u0123es 0,01 %, t\u0113jas lapas 0,01 %, timi\u0101ns 0,01 %, rozmar\u012bns 0,01 %, pune 0,01 %, dz\u0113rvenes 0,0008 %, mellenes 0,0008 %, avenes 0,0008 %. Uzturvielu papildin\u0101jumi uz 1 kg: A vitam\u012bns (E672) 25 000 SV, D3 vitam\u012bns (E671) 1 000 SV, E vitam\u012bns (3a700) 750 SV, C vitam\u012bns (E300) 350 mg, taur\u012bns 2 500 mg, hol\u012bna hlor\u012bds 2 300 mg, L-karnit\u012bns 70 mg, niac\u012bns 50 mg, biot\u012bns 2,0 mg, cinks (E6) 160 mg, mang\u0101ns (E5) 60 mg, dzelzs (E1) 50 mg, var\u0161 (E4) 12 mg, jods (E2) 4,0 mg, sel\u0113ns (E8) 0,25 mg, DL-metion\u012bns (3.1.1) 15 mg, argin\u012bns (3c3.6.1) 13 mg, L-liz\u012bns (3.2.3) 11 mg. Anal\u012btiskais sast\u0101vs \/ 1 kg: kopprote\u012bns 40,0 %, tauku saturs 20,0 %, kop\u0161\u0137iedra 2,0 %, kop\u0113jie pelni 7,5 %, mitrums 10,0 %, kalcijs 1,3 %, fosfors 1,0 %, n\u0101trijs 0,5 %, magnijs 0,08 %. Metabolisk\u0101 ener\u0123ija: 4 150 kcal\/kg, Omega-3: 0,60 %, Omega-6: 2,70 %","og_url":"https:\/\/miumjau.ee\/lv\/produkts\/carnilove-sausa-bariba-kakeniem-ar-lasi-un-titaru-6-kg\/","og_site_name":"MiuMjau","article_publisher":"https:\/\/www.facebook.com\/miumjaupood\/","og_image":[{"width":600,"height":800,"url":"https:\/\/miumjau.ee\/wp-content\/uploads\/2024\/11\/carnilove-kuivtoit-kassidele8.jpg","type":"image\/jpeg"}],"twitter_card":"summary_large_image","schema":{"@context":"https:\/\/schema.org","@graph":[{"@type":"WebPage","@id":"https:\/\/miumjau.ee\/lv\/produkts\/carnilove-sausa-bariba-kakeniem-ar-lasi-un-titaru-6-kg\/","url":"https:\/\/miumjau.ee\/lv\/produkts\/carnilove-sausa-bariba-kakeniem-ar-lasi-un-titaru-6-kg\/","name":"Carnilove saus\u0101 bar\u012bba ka\u0137\u0113niem ar lasi un t\u012btaru 6 kg - MiuMjau","isPartOf":{"@id":"https:\/\/miumjau.ee\/#website"},"primaryImageOfPage":{"@id":"https:\/\/miumjau.ee\/lv\/produkts\/carnilove-sausa-bariba-kakeniem-ar-lasi-un-titaru-6-kg\/#primaryimage"},"image":{"@id":"https:\/\/miumjau.ee\/lv\/produkts\/carnilove-sausa-bariba-kakeniem-ar-lasi-un-titaru-6-kg\/#primaryimage"},"thumbnailUrl":"https:\/\/miumjau.ee\/wp-content\/uploads\/2024\/11\/carnilove-kuivtoit-kassidele8.jpg","datePublished":"2024-11-11T19:49:27+00:00","breadcrumb":{"@id":"https:\/\/miumjau.ee\/lv\/produkts\/carnilove-sausa-bariba-kakeniem-ar-lasi-un-titaru-6-kg\/#breadcrumb"},"inLanguage":"lv-LV","potentialAction":[{"@type":"ReadAction","target":["https:\/\/miumjau.ee\/lv\/produkts\/carnilove-sausa-bariba-kakeniem-ar-lasi-un-titaru-6-kg\/"]}]},{"@type":"ImageObject","inLanguage":"lv-LV","@id":"https:\/\/miumjau.ee\/lv\/produkts\/carnilove-sausa-bariba-kakeniem-ar-lasi-un-titaru-6-kg\/#primaryimage","url":"https:\/\/miumjau.ee\/wp-content\/uploads\/2024\/11\/carnilove-kuivtoit-kassidele8.jpg","contentUrl":"https:\/\/miumjau.ee\/wp-content\/uploads\/2024\/11\/carnilove-kuivtoit-kassidele8.jpg","width":600,"height":800},{"@type":"BreadcrumbList","@id":"https:\/\/miumjau.ee\/lv\/produkts\/carnilove-sausa-bariba-kakeniem-ar-lasi-un-titaru-6-kg\/#breadcrumb","itemListElement":[{"@type":"ListItem","position":1,"name":"Home","item":"https:\/\/miumjau.ee\/lv\/"},{"@type":"ListItem","position":2,"name":"Veikals","item":"https:\/\/miumjau.ee\/lv\/veikals\/"},{"@type":"ListItem","position":3,"name":"Carnilove saus\u0101 bar\u012bba ka\u0137\u0113niem ar lasi un t\u012btaru 6 kg"}]},{"@type":"WebSite","@id":"https:\/\/miumjau.ee\/#website","url":"https:\/\/miumjau.ee\/","name":"MiuMjau","description":"Kraapimispuud kassidele","publisher":{"@id":"https:\/\/miumjau.ee\/#organization"},"potentialAction":[{"@type":"SearchAction","target":{"@type":"EntryPoint","urlTemplate":"https:\/\/miumjau.ee\/?s={search_term_string}"},"query-input":{"@type":"PropertyValueSpecification","valueRequired":true,"valueName":"search_term_string"}}],"inLanguage":"lv-LV"},{"@type":"Organization","@id":"https:\/\/miumjau.ee\/#organization","name":"MiuMjau O\u00dc","url":"https:\/\/miumjau.ee\/","logo":{"@type":"ImageObject","inLanguage":"lv-LV","@id":"https:\/\/miumjau.ee\/#\/schema\/logo\/image\/","url":"https:\/\/miumjau.ee\/wp-content\/uploads\/2022\/04\/MiuMjau-logo-kollane.png","contentUrl":"https:\/\/miumjau.ee\/wp-content\/uploads\/2022\/04\/MiuMjau-logo-kollane.png","width":219,"height":100,"caption":"MiuMjau O\u00dc"},"image":{"@id":"https:\/\/miumjau.ee\/#\/schema\/logo\/image\/"},"sameAs":["https:\/\/www.facebook.com\/miumjaupood\/"]}]}},"_links":{"self":[{"href":"https:\/\/miumjau.ee\/lv\/wp-json\/wp\/v2\/product\/52063","targetHints":{"allow":["GET"]}}],"collection":[{"href":"https:\/\/miumjau.ee\/lv\/wp-json\/wp\/v2\/product"}],"about":[{"href":"https:\/\/miumjau.ee\/lv\/wp-json\/wp\/v2\/types\/product"}],"wp:featuredmedia":[{"embeddable":true,"href":"https:\/\/miumjau.ee\/lv\/wp-json\/wp\/v2\/media\/52064"}],"wp:attachment":[{"href":"https:\/\/miumjau.ee\/lv\/wp-json\/wp\/v2\/media?parent=52063"}],"wp:term":[{"taxonomy":"product_brand","embeddable":true,"href":"https:\/\/miumjau.ee\/lv\/wp-json\/wp\/v2\/product_brand?post=52063"},{"taxonomy":"product_cat","embeddable":true,"href":"https:\/\/miumjau.ee\/lv\/wp-json\/wp\/v2\/product_cat?post=52063"},{"taxonomy":"product_tag","embeddable":true,"href":"https:\/\/miumjau.ee\/lv\/wp-json\/wp\/v2\/product_tag?post=52063"}],"curies":[{"name":"wp","href":"https:\/\/api.w.org\/{rel}","templated":true}]}}