{"id":52058,"date":"2024-11-11T21:55:05","date_gmt":"2024-11-11T19:55:05","guid":{"rendered":"https:\/\/miumjau.ee\/toode\/carnilove-sausa-bariba-kakiem-pile-un-fazans-pret-bumbinam-2-kg\/"},"modified":"2024-11-11T21:55:05","modified_gmt":"2024-11-11T19:55:05","slug":"carnilove-sausa-bariba-kakiem-pile-un-fazans-pret-bumbinam-2-kg","status":"publish","type":"product","link":"https:\/\/miumjau.ee\/lv\/produkts\/carnilove-sausa-bariba-kakiem-pile-un-fazans-pret-bumbinam-2-kg\/","title":{"rendered":"Carnilove saus\u0101 bar\u012bba ka\u0137iem, p\u012ble un faz\u0101ns, pret bumbi\u0146\u0101m 2 kg"},"content":{"rendered":"","protected":false},"excerpt":{"rendered":"<p data-start=\"179\" data-end=\"257\">Carnilove holistisk\u0101 bar\u012bba ir izstr\u0101d\u0101ta, \u0146emot v\u0113r\u0101 ka\u0137u sen\u010du dabisko dabu.<\/p>\n<p data-start=\"259\" data-end=\"486\">Pla\u0161s r\u016bp\u012bgi atlas\u012btu dab\u012bgu ga\u013cas avotu kl\u0101sts \u2013 piem\u0113ram, brie\u017ea ga\u013ca, faz\u0101na ga\u013ca, p\u012bles ga\u013ca, t\u012btaru ga\u013ca, j\u0113ra ga\u013ca un lasis \u2013 atbilst dab\u012bg\u0101 laup\u012bjuma sast\u0101vam un nodro\u0161ina nepiecie\u0161amo neaizvietojamo aminosk\u0101bju pieg\u0101di.<\/p>\n<p data-start=\"488\" data-end=\"663\">Me\u017ea ogas, d\u0101rze\u0146i, dabiskas ogas un gar\u0161augi nodro\u0161ina nepiecie\u0161amos dab\u012bgos vitam\u012bnus, antioksidantus un citas svar\u012bgas uzturvielas. 70 % ga\u013cas, bez graudiem un kartupe\u013ciem.<\/p>\n<p data-start=\"665\" data-end=\"775\">Graudu un kartupe\u013cu bez bar\u012bba pieaugu\u0161iem ka\u0137iem. Satur daudz bie\u0161u \u0161\u0137iedrvielu, kas pal\u012bdz nov\u0113rst bumbi\u0146as.<\/p>\n<p data-start=\"777\" data-end=\"1395\"><strong data-start=\"777\" data-end=\"789\">Sast\u0101vs:<\/strong> p\u012bles ga\u013ca 30 %, faz\u0101na ga\u013ca 25 %, dzeltenie zir\u0146i 15 %, vistas tauki (konserv\u0113ti ar tokoferoliem) 6 %, bie\u0161u biezenis 6 %, bezkaulu p\u012bles ga\u013ca 4 %, tapiokas ciete 3 %, vistas aknas 3 %, \u0101boli 2 %, la\u0161a e\u013c\u013ca 2 %, burk\u0101ni 1 %, lins\u0113klas 1 %, turku zir\u0146i 1 %, hidroliz\u0113tas j\u016bras \u010daulas (glikozam\u012bna avots) 0,026 %, skrim\u0161\u013ca ekstrakts (hondroit\u012bna avots) 0,016 %, alus raugs (mannan-oligosahar\u012bdu avots) 0,016 %, cigori\u0146\u0161 (fruktooligosahar\u012bdu avots) 0,012 %, juka 0,01 %, a\u013c\u0123es 0,01 %, t\u0113jas lapas 0,01 %, timi\u0101ns 0,01 %, rozmar\u012bns 0,01 %, pune 0,01 %, dz\u0113rvenes 0,0008 %, mellenes 0,0008 %, avenes 0,0008 %.<\/p>\n<p data-start=\"1397\" data-end=\"1579\"><strong data-start=\"1397\" data-end=\"1422\">Anal\u012btiskais sast\u0101vs:<\/strong> kopprote\u012bns 40,0 %, tauku saturs 18,0 %, kop\u0161\u0137iedra 5,0 %, kop\u0113jie pelni 7,8 %, mitrums 10,0 %, kalcijs 1,4 %, fosfors 1,1 %, n\u0101trijs 0,3 %, magnijs 0,08 %.<\/p>\n<p data-start=\"1581\" data-end=\"2007\"><strong data-start=\"1581\" data-end=\"1613\">Pievienotie vitam\u012bni \/ 1 kg:<\/strong> A vitam\u012bns (E672) 23 000 SV, D3 vitam\u012bns (E671) 940 SV, E vitam\u012bns (3a700) 650 SV, C vitam\u012bns (E300) 300 mg, taur\u012bns 2 400 mg, hol\u012bna hlor\u012bds 2 200 mg, L-karnit\u012bns 65 mg, niac\u012bns 45 mg, biot\u012bns 1,8 mg, cinks (E6) 150 mg, mang\u0101ns (E5) 55 mg, dzelzs (E1) 48 mg, var\u0161 (E4) 11 mg, jods (E2) 3,8 mg, sel\u0113ns (E8) 0,23 mg, DL-metion\u012bns (3.1.1) 14 mg, argin\u012bns (3c3.6.1) 12 mg, L-liz\u012bns (3.2.3) 10 mg.<\/p>\n<p data-start=\"2009\" data-end=\"2083\"><strong data-start=\"2009\" data-end=\"2033\">Ener\u0123\u0113tisk\u0101 v\u0113rt\u012bba:<\/strong> 3 800 kcal\/kg, Omega-3: 0,33 %, Omega-6: 2,28 %<\/p>\n","protected":false},"featured_media":52056,"template":"","meta":[],"product_brand":[],"product_cat":[569],"product_tag":[],"class_list":{"0":"post-52058","1":"product","2":"type-product","3":"status-publish","4":"has-post-thumbnail","6":"product_cat-sausa-bariba","8":"first","9":"instock","10":"sale","11":"taxable","12":"shipping-taxable","13":"purchasable","14":"product-type-simple"},"yoast_head":"<!-- This site is optimized with the Yoast SEO plugin v27.2 - https:\/\/yoast.com\/product\/yoast-seo-wordpress\/ -->\n<title>Carnilove saus\u0101 bar\u012bba ka\u0137iem, p\u012ble un faz\u0101ns, pret bumbi\u0146\u0101m 2 kg - MiuMjau<\/title>\n<meta name=\"robots\" content=\"index, follow, max-snippet:-1, max-image-preview:large, max-video-preview:-1\" \/>\n<link rel=\"canonical\" href=\"https:\/\/miumjau.ee\/lv\/produkts\/carnilove-sausa-bariba-kakiem-pile-un-fazans-pret-bumbinam-2-kg\/\" \/>\n<meta property=\"og:locale\" content=\"lv_LV\" \/>\n<meta property=\"og:type\" content=\"article\" \/>\n<meta property=\"og:title\" content=\"Carnilove saus\u0101 bar\u012bba ka\u0137iem, p\u012ble un faz\u0101ns, pret bumbi\u0146\u0101m 2 kg - MiuMjau\" \/>\n<meta property=\"og:description\" content=\"Carnilove holistisk\u0101 bar\u012bba ir izstr\u0101d\u0101ta, \u0146emot v\u0113r\u0101 ka\u0137u sen\u010du dabisko dabu. Pla\u0161s r\u016bp\u012bgi atlas\u012btu dab\u012bgu ga\u013cas avotu kl\u0101sts \u2013 piem\u0113ram, brie\u017ea ga\u013ca, faz\u0101na ga\u013ca, p\u012bles ga\u013ca, t\u012btaru ga\u013ca, j\u0113ra ga\u013ca un lasis \u2013 atbilst dab\u012bg\u0101 laup\u012bjuma sast\u0101vam un nodro\u0161ina nepiecie\u0161amo neaizvietojamo aminosk\u0101bju pieg\u0101di. Me\u017ea ogas, d\u0101rze\u0146i, dabiskas ogas un gar\u0161augi nodro\u0161ina nepiecie\u0161amos dab\u012bgos vitam\u012bnus, antioksidantus un citas svar\u012bgas uzturvielas. 70 % ga\u013cas, bez graudiem un kartupe\u013ciem. Graudu un kartupe\u013cu bez bar\u012bba pieaugu\u0161iem ka\u0137iem. Satur daudz bie\u0161u \u0161\u0137iedrvielu, kas pal\u012bdz nov\u0113rst bumbi\u0146as. Sast\u0101vs: p\u012bles ga\u013ca 30 %, faz\u0101na ga\u013ca 25 %, dzeltenie zir\u0146i 15 %, vistas tauki (konserv\u0113ti ar tokoferoliem) 6 %, bie\u0161u biezenis 6 %, bezkaulu p\u012bles ga\u013ca 4 %, tapiokas ciete 3 %, vistas aknas 3 %, \u0101boli 2 %, la\u0161a e\u013c\u013ca 2 %, burk\u0101ni 1 %, lins\u0113klas 1 %, turku zir\u0146i 1 %, hidroliz\u0113tas j\u016bras \u010daulas (glikozam\u012bna avots) 0,026 %, skrim\u0161\u013ca ekstrakts (hondroit\u012bna avots) 0,016 %, alus raugs (mannan-oligosahar\u012bdu avots) 0,016 %, cigori\u0146\u0161 (fruktooligosahar\u012bdu avots) 0,012 %, juka 0,01 %, a\u013c\u0123es 0,01 %, t\u0113jas lapas 0,01 %, timi\u0101ns 0,01 %, rozmar\u012bns 0,01 %, pune 0,01 %, dz\u0113rvenes 0,0008 %, mellenes 0,0008 %, avenes 0,0008 %. Anal\u012btiskais sast\u0101vs: kopprote\u012bns 40,0 %, tauku saturs 18,0 %, kop\u0161\u0137iedra 5,0 %, kop\u0113jie pelni 7,8 %, mitrums 10,0 %, kalcijs 1,4 %, fosfors 1,1 %, n\u0101trijs 0,3 %, magnijs 0,08 %. Pievienotie vitam\u012bni \/ 1 kg: A vitam\u012bns (E672) 23 000 SV, D3 vitam\u012bns (E671) 940 SV, E vitam\u012bns (3a700) 650 SV, C vitam\u012bns (E300) 300 mg, taur\u012bns 2 400 mg, hol\u012bna hlor\u012bds 2 200 mg, L-karnit\u012bns 65 mg, niac\u012bns 45 mg, biot\u012bns 1,8 mg, cinks (E6) 150 mg, mang\u0101ns (E5) 55 mg, dzelzs (E1) 48 mg, var\u0161 (E4) 11 mg, jods (E2) 3,8 mg, sel\u0113ns (E8) 0,23 mg, DL-metion\u012bns (3.1.1) 14 mg, argin\u012bns (3c3.6.1) 12 mg, L-liz\u012bns (3.2.3) 10 mg. Ener\u0123\u0113tisk\u0101 v\u0113rt\u012bba: 3 800 kcal\/kg, Omega-3: 0,33 %, Omega-6: 2,28 %\" \/>\n<meta property=\"og:url\" content=\"https:\/\/miumjau.ee\/lv\/produkts\/carnilove-sausa-bariba-kakiem-pile-un-fazans-pret-bumbinam-2-kg\/\" \/>\n<meta property=\"og:site_name\" content=\"MiuMjau\" \/>\n<meta property=\"article:publisher\" content=\"https:\/\/www.facebook.com\/miumjaupood\/\" \/>\n<meta property=\"og:image\" content=\"https:\/\/miumjau.ee\/wp-content\/uploads\/2024\/11\/carnilove-kuivtoit-kassidele9.jpg\" \/>\n\t<meta property=\"og:image:width\" content=\"600\" \/>\n\t<meta property=\"og:image:height\" content=\"800\" \/>\n\t<meta property=\"og:image:type\" content=\"image\/jpeg\" \/>\n<meta name=\"twitter:card\" content=\"summary_large_image\" \/>\n<script type=\"application\/ld+json\" class=\"yoast-schema-graph\">{\"@context\":\"https:\/\/schema.org\",\"@graph\":[{\"@type\":\"WebPage\",\"@id\":\"https:\/\/miumjau.ee\/lv\/produkts\/carnilove-sausa-bariba-kakiem-pile-un-fazans-pret-bumbinam-2-kg\/\",\"url\":\"https:\/\/miumjau.ee\/lv\/produkts\/carnilove-sausa-bariba-kakiem-pile-un-fazans-pret-bumbinam-2-kg\/\",\"name\":\"Carnilove saus\u0101 bar\u012bba ka\u0137iem, p\u012ble un faz\u0101ns, pret bumbi\u0146\u0101m 2 kg - MiuMjau\",\"isPartOf\":{\"@id\":\"https:\/\/miumjau.ee\/#website\"},\"primaryImageOfPage\":{\"@id\":\"https:\/\/miumjau.ee\/lv\/produkts\/carnilove-sausa-bariba-kakiem-pile-un-fazans-pret-bumbinam-2-kg\/#primaryimage\"},\"image\":{\"@id\":\"https:\/\/miumjau.ee\/lv\/produkts\/carnilove-sausa-bariba-kakiem-pile-un-fazans-pret-bumbinam-2-kg\/#primaryimage\"},\"thumbnailUrl\":\"https:\/\/miumjau.ee\/wp-content\/uploads\/2024\/11\/carnilove-kuivtoit-kassidele9.jpg\",\"datePublished\":\"2024-11-11T19:55:05+00:00\",\"breadcrumb\":{\"@id\":\"https:\/\/miumjau.ee\/lv\/produkts\/carnilove-sausa-bariba-kakiem-pile-un-fazans-pret-bumbinam-2-kg\/#breadcrumb\"},\"inLanguage\":\"lv-LV\",\"potentialAction\":[{\"@type\":\"ReadAction\",\"target\":[\"https:\/\/miumjau.ee\/lv\/produkts\/carnilove-sausa-bariba-kakiem-pile-un-fazans-pret-bumbinam-2-kg\/\"]}]},{\"@type\":\"ImageObject\",\"inLanguage\":\"lv-LV\",\"@id\":\"https:\/\/miumjau.ee\/lv\/produkts\/carnilove-sausa-bariba-kakiem-pile-un-fazans-pret-bumbinam-2-kg\/#primaryimage\",\"url\":\"https:\/\/miumjau.ee\/wp-content\/uploads\/2024\/11\/carnilove-kuivtoit-kassidele9.jpg\",\"contentUrl\":\"https:\/\/miumjau.ee\/wp-content\/uploads\/2024\/11\/carnilove-kuivtoit-kassidele9.jpg\",\"width\":600,\"height\":800},{\"@type\":\"BreadcrumbList\",\"@id\":\"https:\/\/miumjau.ee\/lv\/produkts\/carnilove-sausa-bariba-kakiem-pile-un-fazans-pret-bumbinam-2-kg\/#breadcrumb\",\"itemListElement\":[{\"@type\":\"ListItem\",\"position\":1,\"name\":\"Home\",\"item\":\"https:\/\/miumjau.ee\/lv\/\"},{\"@type\":\"ListItem\",\"position\":2,\"name\":\"Veikals\",\"item\":\"https:\/\/miumjau.ee\/lv\/veikals\/\"},{\"@type\":\"ListItem\",\"position\":3,\"name\":\"Carnilove saus\u0101 bar\u012bba ka\u0137iem, p\u012ble un faz\u0101ns, pret bumbi\u0146\u0101m 2 kg\"}]},{\"@type\":\"WebSite\",\"@id\":\"https:\/\/miumjau.ee\/#website\",\"url\":\"https:\/\/miumjau.ee\/\",\"name\":\"MiuMjau\",\"description\":\"Kraapimispuud kassidele\",\"publisher\":{\"@id\":\"https:\/\/miumjau.ee\/#organization\"},\"potentialAction\":[{\"@type\":\"SearchAction\",\"target\":{\"@type\":\"EntryPoint\",\"urlTemplate\":\"https:\/\/miumjau.ee\/?s={search_term_string}\"},\"query-input\":{\"@type\":\"PropertyValueSpecification\",\"valueRequired\":true,\"valueName\":\"search_term_string\"}}],\"inLanguage\":\"lv-LV\"},{\"@type\":\"Organization\",\"@id\":\"https:\/\/miumjau.ee\/#organization\",\"name\":\"MiuMjau O\u00dc\",\"url\":\"https:\/\/miumjau.ee\/\",\"logo\":{\"@type\":\"ImageObject\",\"inLanguage\":\"lv-LV\",\"@id\":\"https:\/\/miumjau.ee\/#\/schema\/logo\/image\/\",\"url\":\"https:\/\/miumjau.ee\/wp-content\/uploads\/2022\/04\/MiuMjau-logo-kollane.png\",\"contentUrl\":\"https:\/\/miumjau.ee\/wp-content\/uploads\/2022\/04\/MiuMjau-logo-kollane.png\",\"width\":219,\"height\":100,\"caption\":\"MiuMjau O\u00dc\"},\"image\":{\"@id\":\"https:\/\/miumjau.ee\/#\/schema\/logo\/image\/\"},\"sameAs\":[\"https:\/\/www.facebook.com\/miumjaupood\/\"]}]}<\/script>\n<!-- \/ Yoast SEO plugin. -->","yoast_head_json":{"title":"Carnilove saus\u0101 bar\u012bba ka\u0137iem, p\u012ble un faz\u0101ns, pret bumbi\u0146\u0101m 2 kg - MiuMjau","robots":{"index":"index","follow":"follow","max-snippet":"max-snippet:-1","max-image-preview":"max-image-preview:large","max-video-preview":"max-video-preview:-1"},"canonical":"https:\/\/miumjau.ee\/lv\/produkts\/carnilove-sausa-bariba-kakiem-pile-un-fazans-pret-bumbinam-2-kg\/","og_locale":"lv_LV","og_type":"article","og_title":"Carnilove saus\u0101 bar\u012bba ka\u0137iem, p\u012ble un faz\u0101ns, pret bumbi\u0146\u0101m 2 kg - MiuMjau","og_description":"Carnilove holistisk\u0101 bar\u012bba ir izstr\u0101d\u0101ta, \u0146emot v\u0113r\u0101 ka\u0137u sen\u010du dabisko dabu. Pla\u0161s r\u016bp\u012bgi atlas\u012btu dab\u012bgu ga\u013cas avotu kl\u0101sts \u2013 piem\u0113ram, brie\u017ea ga\u013ca, faz\u0101na ga\u013ca, p\u012bles ga\u013ca, t\u012btaru ga\u013ca, j\u0113ra ga\u013ca un lasis \u2013 atbilst dab\u012bg\u0101 laup\u012bjuma sast\u0101vam un nodro\u0161ina nepiecie\u0161amo neaizvietojamo aminosk\u0101bju pieg\u0101di. Me\u017ea ogas, d\u0101rze\u0146i, dabiskas ogas un gar\u0161augi nodro\u0161ina nepiecie\u0161amos dab\u012bgos vitam\u012bnus, antioksidantus un citas svar\u012bgas uzturvielas. 70 % ga\u013cas, bez graudiem un kartupe\u013ciem. Graudu un kartupe\u013cu bez bar\u012bba pieaugu\u0161iem ka\u0137iem. Satur daudz bie\u0161u \u0161\u0137iedrvielu, kas pal\u012bdz nov\u0113rst bumbi\u0146as. Sast\u0101vs: p\u012bles ga\u013ca 30 %, faz\u0101na ga\u013ca 25 %, dzeltenie zir\u0146i 15 %, vistas tauki (konserv\u0113ti ar tokoferoliem) 6 %, bie\u0161u biezenis 6 %, bezkaulu p\u012bles ga\u013ca 4 %, tapiokas ciete 3 %, vistas aknas 3 %, \u0101boli 2 %, la\u0161a e\u013c\u013ca 2 %, burk\u0101ni 1 %, lins\u0113klas 1 %, turku zir\u0146i 1 %, hidroliz\u0113tas j\u016bras \u010daulas (glikozam\u012bna avots) 0,026 %, skrim\u0161\u013ca ekstrakts (hondroit\u012bna avots) 0,016 %, alus raugs (mannan-oligosahar\u012bdu avots) 0,016 %, cigori\u0146\u0161 (fruktooligosahar\u012bdu avots) 0,012 %, juka 0,01 %, a\u013c\u0123es 0,01 %, t\u0113jas lapas 0,01 %, timi\u0101ns 0,01 %, rozmar\u012bns 0,01 %, pune 0,01 %, dz\u0113rvenes 0,0008 %, mellenes 0,0008 %, avenes 0,0008 %. Anal\u012btiskais sast\u0101vs: kopprote\u012bns 40,0 %, tauku saturs 18,0 %, kop\u0161\u0137iedra 5,0 %, kop\u0113jie pelni 7,8 %, mitrums 10,0 %, kalcijs 1,4 %, fosfors 1,1 %, n\u0101trijs 0,3 %, magnijs 0,08 %. Pievienotie vitam\u012bni \/ 1 kg: A vitam\u012bns (E672) 23 000 SV, D3 vitam\u012bns (E671) 940 SV, E vitam\u012bns (3a700) 650 SV, C vitam\u012bns (E300) 300 mg, taur\u012bns 2 400 mg, hol\u012bna hlor\u012bds 2 200 mg, L-karnit\u012bns 65 mg, niac\u012bns 45 mg, biot\u012bns 1,8 mg, cinks (E6) 150 mg, mang\u0101ns (E5) 55 mg, dzelzs (E1) 48 mg, var\u0161 (E4) 11 mg, jods (E2) 3,8 mg, sel\u0113ns (E8) 0,23 mg, DL-metion\u012bns (3.1.1) 14 mg, argin\u012bns (3c3.6.1) 12 mg, L-liz\u012bns (3.2.3) 10 mg. Ener\u0123\u0113tisk\u0101 v\u0113rt\u012bba: 3 800 kcal\/kg, Omega-3: 0,33 %, Omega-6: 2,28 %","og_url":"https:\/\/miumjau.ee\/lv\/produkts\/carnilove-sausa-bariba-kakiem-pile-un-fazans-pret-bumbinam-2-kg\/","og_site_name":"MiuMjau","article_publisher":"https:\/\/www.facebook.com\/miumjaupood\/","og_image":[{"width":600,"height":800,"url":"https:\/\/miumjau.ee\/wp-content\/uploads\/2024\/11\/carnilove-kuivtoit-kassidele9.jpg","type":"image\/jpeg"}],"twitter_card":"summary_large_image","schema":{"@context":"https:\/\/schema.org","@graph":[{"@type":"WebPage","@id":"https:\/\/miumjau.ee\/lv\/produkts\/carnilove-sausa-bariba-kakiem-pile-un-fazans-pret-bumbinam-2-kg\/","url":"https:\/\/miumjau.ee\/lv\/produkts\/carnilove-sausa-bariba-kakiem-pile-un-fazans-pret-bumbinam-2-kg\/","name":"Carnilove saus\u0101 bar\u012bba ka\u0137iem, p\u012ble un faz\u0101ns, pret bumbi\u0146\u0101m 2 kg - MiuMjau","isPartOf":{"@id":"https:\/\/miumjau.ee\/#website"},"primaryImageOfPage":{"@id":"https:\/\/miumjau.ee\/lv\/produkts\/carnilove-sausa-bariba-kakiem-pile-un-fazans-pret-bumbinam-2-kg\/#primaryimage"},"image":{"@id":"https:\/\/miumjau.ee\/lv\/produkts\/carnilove-sausa-bariba-kakiem-pile-un-fazans-pret-bumbinam-2-kg\/#primaryimage"},"thumbnailUrl":"https:\/\/miumjau.ee\/wp-content\/uploads\/2024\/11\/carnilove-kuivtoit-kassidele9.jpg","datePublished":"2024-11-11T19:55:05+00:00","breadcrumb":{"@id":"https:\/\/miumjau.ee\/lv\/produkts\/carnilove-sausa-bariba-kakiem-pile-un-fazans-pret-bumbinam-2-kg\/#breadcrumb"},"inLanguage":"lv-LV","potentialAction":[{"@type":"ReadAction","target":["https:\/\/miumjau.ee\/lv\/produkts\/carnilove-sausa-bariba-kakiem-pile-un-fazans-pret-bumbinam-2-kg\/"]}]},{"@type":"ImageObject","inLanguage":"lv-LV","@id":"https:\/\/miumjau.ee\/lv\/produkts\/carnilove-sausa-bariba-kakiem-pile-un-fazans-pret-bumbinam-2-kg\/#primaryimage","url":"https:\/\/miumjau.ee\/wp-content\/uploads\/2024\/11\/carnilove-kuivtoit-kassidele9.jpg","contentUrl":"https:\/\/miumjau.ee\/wp-content\/uploads\/2024\/11\/carnilove-kuivtoit-kassidele9.jpg","width":600,"height":800},{"@type":"BreadcrumbList","@id":"https:\/\/miumjau.ee\/lv\/produkts\/carnilove-sausa-bariba-kakiem-pile-un-fazans-pret-bumbinam-2-kg\/#breadcrumb","itemListElement":[{"@type":"ListItem","position":1,"name":"Home","item":"https:\/\/miumjau.ee\/lv\/"},{"@type":"ListItem","position":2,"name":"Veikals","item":"https:\/\/miumjau.ee\/lv\/veikals\/"},{"@type":"ListItem","position":3,"name":"Carnilove saus\u0101 bar\u012bba ka\u0137iem, p\u012ble un faz\u0101ns, pret bumbi\u0146\u0101m 2 kg"}]},{"@type":"WebSite","@id":"https:\/\/miumjau.ee\/#website","url":"https:\/\/miumjau.ee\/","name":"MiuMjau","description":"Kraapimispuud kassidele","publisher":{"@id":"https:\/\/miumjau.ee\/#organization"},"potentialAction":[{"@type":"SearchAction","target":{"@type":"EntryPoint","urlTemplate":"https:\/\/miumjau.ee\/?s={search_term_string}"},"query-input":{"@type":"PropertyValueSpecification","valueRequired":true,"valueName":"search_term_string"}}],"inLanguage":"lv-LV"},{"@type":"Organization","@id":"https:\/\/miumjau.ee\/#organization","name":"MiuMjau O\u00dc","url":"https:\/\/miumjau.ee\/","logo":{"@type":"ImageObject","inLanguage":"lv-LV","@id":"https:\/\/miumjau.ee\/#\/schema\/logo\/image\/","url":"https:\/\/miumjau.ee\/wp-content\/uploads\/2022\/04\/MiuMjau-logo-kollane.png","contentUrl":"https:\/\/miumjau.ee\/wp-content\/uploads\/2022\/04\/MiuMjau-logo-kollane.png","width":219,"height":100,"caption":"MiuMjau O\u00dc"},"image":{"@id":"https:\/\/miumjau.ee\/#\/schema\/logo\/image\/"},"sameAs":["https:\/\/www.facebook.com\/miumjaupood\/"]}]}},"_links":{"self":[{"href":"https:\/\/miumjau.ee\/lv\/wp-json\/wp\/v2\/product\/52058","targetHints":{"allow":["GET"]}}],"collection":[{"href":"https:\/\/miumjau.ee\/lv\/wp-json\/wp\/v2\/product"}],"about":[{"href":"https:\/\/miumjau.ee\/lv\/wp-json\/wp\/v2\/types\/product"}],"wp:featuredmedia":[{"embeddable":true,"href":"https:\/\/miumjau.ee\/lv\/wp-json\/wp\/v2\/media\/52056"}],"wp:attachment":[{"href":"https:\/\/miumjau.ee\/lv\/wp-json\/wp\/v2\/media?parent=52058"}],"wp:term":[{"taxonomy":"product_brand","embeddable":true,"href":"https:\/\/miumjau.ee\/lv\/wp-json\/wp\/v2\/product_brand?post=52058"},{"taxonomy":"product_cat","embeddable":true,"href":"https:\/\/miumjau.ee\/lv\/wp-json\/wp\/v2\/product_cat?post=52058"},{"taxonomy":"product_tag","embeddable":true,"href":"https:\/\/miumjau.ee\/lv\/wp-json\/wp\/v2\/product_tag?post=52058"}],"curies":[{"name":"wp","href":"https:\/\/api.w.org\/{rel}","templated":true}]}}