{"id":52010,"date":"2024-11-11T22:06:50","date_gmt":"2024-11-11T20:06:50","guid":{"rendered":"https:\/\/miumjau.ee\/toode\/carnilove-reindeer-energy-outdoor-sausa-bariba-kakiem-6-kg\/"},"modified":"2024-11-11T22:06:50","modified_gmt":"2024-11-11T20:06:50","slug":"carnilove-reindeer-energy-outdoor-sausa-bariba-kakiem-6-kg","status":"publish","type":"product","link":"https:\/\/miumjau.ee\/lv\/produkts\/carnilove-reindeer-energy-outdoor-sausa-bariba-kakiem-6-kg\/","title":{"rendered":"Carnilove Reindeer Energy Outdoor saus\u0101 bar\u012bba ka\u0137iem 6 kg"},"content":{"rendered":"","protected":false},"excerpt":{"rendered":"<p data-start=\"1485\" data-end=\"1560\">Pilnv\u0113rt\u012bga bar\u012bba bez graudiem un kartupe\u013ciem pieaugu\u0161iem akt\u012bviem ka\u0137iem.<\/p>\n<p data-start=\"1562\" data-end=\"2183\"><strong data-start=\"1562\" data-end=\"1574\">Sast\u0101vs:<\/strong> zieme\u013cbrie\u017ea ga\u013ca (28 %), me\u017eac\u016bkas ga\u013ca (28 %), dzeltenie zir\u0146i (18 %), vistas tauki (konserv\u0113ti ar tokoferoliem 13 %), vistas aknas (4 %), tapiokas ciete (2 %), la\u0161a e\u013c\u013ca (2 %), \u0101boli (2 %), burk\u0101ni (1 %), lins\u0113klas (1 %), turku zir\u0146i (1 %), hidroliz\u0113ti v\u0113\u017eveid\u012bgo \u010daulas (glikozam\u012bna avots 0,026 %), skrim\u0161\u013ca ekstrakts (hondroit\u012bna avots 0,016 %), alus raugs (mannooligosahar\u012bdu avots 0,016 %), cigori\u0146i (fruktooligosahar\u012bdu avots 0,012 %), juka 0,01 %, a\u013c\u0123es (0,01 %), psilijs (0,01 %), timi\u0101ns (0,01 %), rozmar\u012bns (0,01 %), oregano (0,01 %), dz\u0113rvenes (0,0008 %), mellenes (0,0008 %), avenes (0,0008 %).<\/p>\n<p data-start=\"2185\" data-end=\"2486\"><strong data-start=\"2185\" data-end=\"2206\">Vitam\u012bni uz 1 kg:<\/strong> A 23 000 SV, D3 943 SV, E 650 SV, C vitam\u012bns 300 mg, taur\u012bns 2400 mg, hol\u012bna hlor\u012bds 2200 mg, L-karnit\u012bns 65 mg, niac\u012bns 45 mg, biot\u012bns 1,8 mg, cinks 150 mg, mang\u0101ns 55 mg, dzelzs 48 mg, var\u0161 11 mg, jods 3,8 mg, sel\u0113ns 0,23 mg, DL-metion\u012bns 14 mg, argin\u012bns 12 mg, L-liz\u012bns 10 mg.<\/p>\n<p data-start=\"2488\" data-end=\"2662\"><strong data-start=\"2488\" data-end=\"2513\">Anal\u012btiskais sast\u0101vs:<\/strong> kopprote\u012bns 41,0 %, tauki 19,0 %, kop\u0113jie pelni 5,5 %, kop\u0161\u0137iedra 2,5 %, mitrums 10,0 %, kalcijs 1,1 %, fosfors 0,9 %, k\u0101lijs 0,3 %, magnijs 0,08 %.<\/p>\n<p data-start=\"2664\" data-end=\"2702\"><strong data-start=\"2664\" data-end=\"2689\">Metabolisk\u0101 ener\u0123ija:<\/strong> 4050 kcal\/kg<\/p>\n","protected":false},"featured_media":52011,"template":"","meta":[],"product_brand":[],"product_cat":[569],"product_tag":[],"class_list":{"0":"post-52010","1":"product","2":"type-product","3":"status-publish","4":"has-post-thumbnail","6":"product_cat-sausa-bariba","8":"first","9":"instock","10":"sale","11":"taxable","12":"shipping-taxable","13":"purchasable","14":"product-type-simple"},"yoast_head":"<!-- This site is optimized with the Yoast SEO plugin v27.2 - https:\/\/yoast.com\/product\/yoast-seo-wordpress\/ -->\n<title>Carnilove Reindeer Energy Outdoor saus\u0101 bar\u012bba ka\u0137iem 6 kg - MiuMjau<\/title>\n<meta name=\"robots\" content=\"index, follow, max-snippet:-1, max-image-preview:large, max-video-preview:-1\" \/>\n<link rel=\"canonical\" href=\"https:\/\/miumjau.ee\/lv\/produkts\/carnilove-reindeer-energy-outdoor-sausa-bariba-kakiem-6-kg\/\" \/>\n<meta property=\"og:locale\" content=\"lv_LV\" \/>\n<meta property=\"og:type\" content=\"article\" \/>\n<meta property=\"og:title\" content=\"Carnilove Reindeer Energy Outdoor saus\u0101 bar\u012bba ka\u0137iem 6 kg - MiuMjau\" \/>\n<meta property=\"og:description\" content=\"Pilnv\u0113rt\u012bga bar\u012bba bez graudiem un kartupe\u013ciem pieaugu\u0161iem akt\u012bviem ka\u0137iem. Sast\u0101vs: zieme\u013cbrie\u017ea ga\u013ca (28 %), me\u017eac\u016bkas ga\u013ca (28 %), dzeltenie zir\u0146i (18 %), vistas tauki (konserv\u0113ti ar tokoferoliem 13 %), vistas aknas (4 %), tapiokas ciete (2 %), la\u0161a e\u013c\u013ca (2 %), \u0101boli (2 %), burk\u0101ni (1 %), lins\u0113klas (1 %), turku zir\u0146i (1 %), hidroliz\u0113ti v\u0113\u017eveid\u012bgo \u010daulas (glikozam\u012bna avots 0,026 %), skrim\u0161\u013ca ekstrakts (hondroit\u012bna avots 0,016 %), alus raugs (mannooligosahar\u012bdu avots 0,016 %), cigori\u0146i (fruktooligosahar\u012bdu avots 0,012 %), juka 0,01 %, a\u013c\u0123es (0,01 %), psilijs (0,01 %), timi\u0101ns (0,01 %), rozmar\u012bns (0,01 %), oregano (0,01 %), dz\u0113rvenes (0,0008 %), mellenes (0,0008 %), avenes (0,0008 %). Vitam\u012bni uz 1 kg: A 23 000 SV, D3 943 SV, E 650 SV, C vitam\u012bns 300 mg, taur\u012bns 2400 mg, hol\u012bna hlor\u012bds 2200 mg, L-karnit\u012bns 65 mg, niac\u012bns 45 mg, biot\u012bns 1,8 mg, cinks 150 mg, mang\u0101ns 55 mg, dzelzs 48 mg, var\u0161 11 mg, jods 3,8 mg, sel\u0113ns 0,23 mg, DL-metion\u012bns 14 mg, argin\u012bns 12 mg, L-liz\u012bns 10 mg. Anal\u012btiskais sast\u0101vs: kopprote\u012bns 41,0 %, tauki 19,0 %, kop\u0113jie pelni 5,5 %, kop\u0161\u0137iedra 2,5 %, mitrums 10,0 %, kalcijs 1,1 %, fosfors 0,9 %, k\u0101lijs 0,3 %, magnijs 0,08 %. Metabolisk\u0101 ener\u0123ija: 4050 kcal\/kg\" \/>\n<meta property=\"og:url\" content=\"https:\/\/miumjau.ee\/lv\/produkts\/carnilove-reindeer-energy-outdoor-sausa-bariba-kakiem-6-kg\/\" \/>\n<meta property=\"og:site_name\" content=\"MiuMjau\" \/>\n<meta property=\"article:publisher\" content=\"https:\/\/www.facebook.com\/miumjaupood\/\" \/>\n<meta property=\"og:image\" content=\"https:\/\/miumjau.ee\/wp-content\/uploads\/2024\/11\/carnilove-kuivtoit-kassidele7.jpg\" \/>\n\t<meta property=\"og:image:width\" content=\"600\" \/>\n\t<meta property=\"og:image:height\" content=\"800\" \/>\n\t<meta property=\"og:image:type\" content=\"image\/jpeg\" \/>\n<meta name=\"twitter:card\" content=\"summary_large_image\" \/>\n<script type=\"application\/ld+json\" class=\"yoast-schema-graph\">{\"@context\":\"https:\/\/schema.org\",\"@graph\":[{\"@type\":\"WebPage\",\"@id\":\"https:\/\/miumjau.ee\/lv\/produkts\/carnilove-reindeer-energy-outdoor-sausa-bariba-kakiem-6-kg\/\",\"url\":\"https:\/\/miumjau.ee\/lv\/produkts\/carnilove-reindeer-energy-outdoor-sausa-bariba-kakiem-6-kg\/\",\"name\":\"Carnilove Reindeer Energy Outdoor saus\u0101 bar\u012bba ka\u0137iem 6 kg - MiuMjau\",\"isPartOf\":{\"@id\":\"https:\/\/miumjau.ee\/#website\"},\"primaryImageOfPage\":{\"@id\":\"https:\/\/miumjau.ee\/lv\/produkts\/carnilove-reindeer-energy-outdoor-sausa-bariba-kakiem-6-kg\/#primaryimage\"},\"image\":{\"@id\":\"https:\/\/miumjau.ee\/lv\/produkts\/carnilove-reindeer-energy-outdoor-sausa-bariba-kakiem-6-kg\/#primaryimage\"},\"thumbnailUrl\":\"https:\/\/miumjau.ee\/wp-content\/uploads\/2024\/11\/carnilove-kuivtoit-kassidele7.jpg\",\"datePublished\":\"2024-11-11T20:06:50+00:00\",\"breadcrumb\":{\"@id\":\"https:\/\/miumjau.ee\/lv\/produkts\/carnilove-reindeer-energy-outdoor-sausa-bariba-kakiem-6-kg\/#breadcrumb\"},\"inLanguage\":\"lv-LV\",\"potentialAction\":[{\"@type\":\"ReadAction\",\"target\":[\"https:\/\/miumjau.ee\/lv\/produkts\/carnilove-reindeer-energy-outdoor-sausa-bariba-kakiem-6-kg\/\"]}]},{\"@type\":\"ImageObject\",\"inLanguage\":\"lv-LV\",\"@id\":\"https:\/\/miumjau.ee\/lv\/produkts\/carnilove-reindeer-energy-outdoor-sausa-bariba-kakiem-6-kg\/#primaryimage\",\"url\":\"https:\/\/miumjau.ee\/wp-content\/uploads\/2024\/11\/carnilove-kuivtoit-kassidele7.jpg\",\"contentUrl\":\"https:\/\/miumjau.ee\/wp-content\/uploads\/2024\/11\/carnilove-kuivtoit-kassidele7.jpg\",\"width\":600,\"height\":800},{\"@type\":\"BreadcrumbList\",\"@id\":\"https:\/\/miumjau.ee\/lv\/produkts\/carnilove-reindeer-energy-outdoor-sausa-bariba-kakiem-6-kg\/#breadcrumb\",\"itemListElement\":[{\"@type\":\"ListItem\",\"position\":1,\"name\":\"Home\",\"item\":\"https:\/\/miumjau.ee\/lv\/\"},{\"@type\":\"ListItem\",\"position\":2,\"name\":\"Veikals\",\"item\":\"https:\/\/miumjau.ee\/lv\/veikals\/\"},{\"@type\":\"ListItem\",\"position\":3,\"name\":\"Carnilove Reindeer Energy Outdoor saus\u0101 bar\u012bba ka\u0137iem 6 kg\"}]},{\"@type\":\"WebSite\",\"@id\":\"https:\/\/miumjau.ee\/#website\",\"url\":\"https:\/\/miumjau.ee\/\",\"name\":\"MiuMjau\",\"description\":\"Kraapimispuud kassidele\",\"publisher\":{\"@id\":\"https:\/\/miumjau.ee\/#organization\"},\"potentialAction\":[{\"@type\":\"SearchAction\",\"target\":{\"@type\":\"EntryPoint\",\"urlTemplate\":\"https:\/\/miumjau.ee\/?s={search_term_string}\"},\"query-input\":{\"@type\":\"PropertyValueSpecification\",\"valueRequired\":true,\"valueName\":\"search_term_string\"}}],\"inLanguage\":\"lv-LV\"},{\"@type\":\"Organization\",\"@id\":\"https:\/\/miumjau.ee\/#organization\",\"name\":\"MiuMjau O\u00dc\",\"url\":\"https:\/\/miumjau.ee\/\",\"logo\":{\"@type\":\"ImageObject\",\"inLanguage\":\"lv-LV\",\"@id\":\"https:\/\/miumjau.ee\/#\/schema\/logo\/image\/\",\"url\":\"https:\/\/miumjau.ee\/wp-content\/uploads\/2022\/04\/MiuMjau-logo-kollane.png\",\"contentUrl\":\"https:\/\/miumjau.ee\/wp-content\/uploads\/2022\/04\/MiuMjau-logo-kollane.png\",\"width\":219,\"height\":100,\"caption\":\"MiuMjau O\u00dc\"},\"image\":{\"@id\":\"https:\/\/miumjau.ee\/#\/schema\/logo\/image\/\"},\"sameAs\":[\"https:\/\/www.facebook.com\/miumjaupood\/\"]}]}<\/script>\n<!-- \/ Yoast SEO plugin. -->","yoast_head_json":{"title":"Carnilove Reindeer Energy Outdoor saus\u0101 bar\u012bba ka\u0137iem 6 kg - MiuMjau","robots":{"index":"index","follow":"follow","max-snippet":"max-snippet:-1","max-image-preview":"max-image-preview:large","max-video-preview":"max-video-preview:-1"},"canonical":"https:\/\/miumjau.ee\/lv\/produkts\/carnilove-reindeer-energy-outdoor-sausa-bariba-kakiem-6-kg\/","og_locale":"lv_LV","og_type":"article","og_title":"Carnilove Reindeer Energy Outdoor saus\u0101 bar\u012bba ka\u0137iem 6 kg - MiuMjau","og_description":"Pilnv\u0113rt\u012bga bar\u012bba bez graudiem un kartupe\u013ciem pieaugu\u0161iem akt\u012bviem ka\u0137iem. Sast\u0101vs: zieme\u013cbrie\u017ea ga\u013ca (28 %), me\u017eac\u016bkas ga\u013ca (28 %), dzeltenie zir\u0146i (18 %), vistas tauki (konserv\u0113ti ar tokoferoliem 13 %), vistas aknas (4 %), tapiokas ciete (2 %), la\u0161a e\u013c\u013ca (2 %), \u0101boli (2 %), burk\u0101ni (1 %), lins\u0113klas (1 %), turku zir\u0146i (1 %), hidroliz\u0113ti v\u0113\u017eveid\u012bgo \u010daulas (glikozam\u012bna avots 0,026 %), skrim\u0161\u013ca ekstrakts (hondroit\u012bna avots 0,016 %), alus raugs (mannooligosahar\u012bdu avots 0,016 %), cigori\u0146i (fruktooligosahar\u012bdu avots 0,012 %), juka 0,01 %, a\u013c\u0123es (0,01 %), psilijs (0,01 %), timi\u0101ns (0,01 %), rozmar\u012bns (0,01 %), oregano (0,01 %), dz\u0113rvenes (0,0008 %), mellenes (0,0008 %), avenes (0,0008 %). Vitam\u012bni uz 1 kg: A 23 000 SV, D3 943 SV, E 650 SV, C vitam\u012bns 300 mg, taur\u012bns 2400 mg, hol\u012bna hlor\u012bds 2200 mg, L-karnit\u012bns 65 mg, niac\u012bns 45 mg, biot\u012bns 1,8 mg, cinks 150 mg, mang\u0101ns 55 mg, dzelzs 48 mg, var\u0161 11 mg, jods 3,8 mg, sel\u0113ns 0,23 mg, DL-metion\u012bns 14 mg, argin\u012bns 12 mg, L-liz\u012bns 10 mg. Anal\u012btiskais sast\u0101vs: kopprote\u012bns 41,0 %, tauki 19,0 %, kop\u0113jie pelni 5,5 %, kop\u0161\u0137iedra 2,5 %, mitrums 10,0 %, kalcijs 1,1 %, fosfors 0,9 %, k\u0101lijs 0,3 %, magnijs 0,08 %. Metabolisk\u0101 ener\u0123ija: 4050 kcal\/kg","og_url":"https:\/\/miumjau.ee\/lv\/produkts\/carnilove-reindeer-energy-outdoor-sausa-bariba-kakiem-6-kg\/","og_site_name":"MiuMjau","article_publisher":"https:\/\/www.facebook.com\/miumjaupood\/","og_image":[{"width":600,"height":800,"url":"https:\/\/miumjau.ee\/wp-content\/uploads\/2024\/11\/carnilove-kuivtoit-kassidele7.jpg","type":"image\/jpeg"}],"twitter_card":"summary_large_image","schema":{"@context":"https:\/\/schema.org","@graph":[{"@type":"WebPage","@id":"https:\/\/miumjau.ee\/lv\/produkts\/carnilove-reindeer-energy-outdoor-sausa-bariba-kakiem-6-kg\/","url":"https:\/\/miumjau.ee\/lv\/produkts\/carnilove-reindeer-energy-outdoor-sausa-bariba-kakiem-6-kg\/","name":"Carnilove Reindeer Energy Outdoor saus\u0101 bar\u012bba ka\u0137iem 6 kg - MiuMjau","isPartOf":{"@id":"https:\/\/miumjau.ee\/#website"},"primaryImageOfPage":{"@id":"https:\/\/miumjau.ee\/lv\/produkts\/carnilove-reindeer-energy-outdoor-sausa-bariba-kakiem-6-kg\/#primaryimage"},"image":{"@id":"https:\/\/miumjau.ee\/lv\/produkts\/carnilove-reindeer-energy-outdoor-sausa-bariba-kakiem-6-kg\/#primaryimage"},"thumbnailUrl":"https:\/\/miumjau.ee\/wp-content\/uploads\/2024\/11\/carnilove-kuivtoit-kassidele7.jpg","datePublished":"2024-11-11T20:06:50+00:00","breadcrumb":{"@id":"https:\/\/miumjau.ee\/lv\/produkts\/carnilove-reindeer-energy-outdoor-sausa-bariba-kakiem-6-kg\/#breadcrumb"},"inLanguage":"lv-LV","potentialAction":[{"@type":"ReadAction","target":["https:\/\/miumjau.ee\/lv\/produkts\/carnilove-reindeer-energy-outdoor-sausa-bariba-kakiem-6-kg\/"]}]},{"@type":"ImageObject","inLanguage":"lv-LV","@id":"https:\/\/miumjau.ee\/lv\/produkts\/carnilove-reindeer-energy-outdoor-sausa-bariba-kakiem-6-kg\/#primaryimage","url":"https:\/\/miumjau.ee\/wp-content\/uploads\/2024\/11\/carnilove-kuivtoit-kassidele7.jpg","contentUrl":"https:\/\/miumjau.ee\/wp-content\/uploads\/2024\/11\/carnilove-kuivtoit-kassidele7.jpg","width":600,"height":800},{"@type":"BreadcrumbList","@id":"https:\/\/miumjau.ee\/lv\/produkts\/carnilove-reindeer-energy-outdoor-sausa-bariba-kakiem-6-kg\/#breadcrumb","itemListElement":[{"@type":"ListItem","position":1,"name":"Home","item":"https:\/\/miumjau.ee\/lv\/"},{"@type":"ListItem","position":2,"name":"Veikals","item":"https:\/\/miumjau.ee\/lv\/veikals\/"},{"@type":"ListItem","position":3,"name":"Carnilove Reindeer Energy Outdoor saus\u0101 bar\u012bba ka\u0137iem 6 kg"}]},{"@type":"WebSite","@id":"https:\/\/miumjau.ee\/#website","url":"https:\/\/miumjau.ee\/","name":"MiuMjau","description":"Kraapimispuud kassidele","publisher":{"@id":"https:\/\/miumjau.ee\/#organization"},"potentialAction":[{"@type":"SearchAction","target":{"@type":"EntryPoint","urlTemplate":"https:\/\/miumjau.ee\/?s={search_term_string}"},"query-input":{"@type":"PropertyValueSpecification","valueRequired":true,"valueName":"search_term_string"}}],"inLanguage":"lv-LV"},{"@type":"Organization","@id":"https:\/\/miumjau.ee\/#organization","name":"MiuMjau O\u00dc","url":"https:\/\/miumjau.ee\/","logo":{"@type":"ImageObject","inLanguage":"lv-LV","@id":"https:\/\/miumjau.ee\/#\/schema\/logo\/image\/","url":"https:\/\/miumjau.ee\/wp-content\/uploads\/2022\/04\/MiuMjau-logo-kollane.png","contentUrl":"https:\/\/miumjau.ee\/wp-content\/uploads\/2022\/04\/MiuMjau-logo-kollane.png","width":219,"height":100,"caption":"MiuMjau O\u00dc"},"image":{"@id":"https:\/\/miumjau.ee\/#\/schema\/logo\/image\/"},"sameAs":["https:\/\/www.facebook.com\/miumjaupood\/"]}]}},"_links":{"self":[{"href":"https:\/\/miumjau.ee\/lv\/wp-json\/wp\/v2\/product\/52010","targetHints":{"allow":["GET"]}}],"collection":[{"href":"https:\/\/miumjau.ee\/lv\/wp-json\/wp\/v2\/product"}],"about":[{"href":"https:\/\/miumjau.ee\/lv\/wp-json\/wp\/v2\/types\/product"}],"wp:featuredmedia":[{"embeddable":true,"href":"https:\/\/miumjau.ee\/lv\/wp-json\/wp\/v2\/media\/52011"}],"wp:attachment":[{"href":"https:\/\/miumjau.ee\/lv\/wp-json\/wp\/v2\/media?parent=52010"}],"wp:term":[{"taxonomy":"product_brand","embeddable":true,"href":"https:\/\/miumjau.ee\/lv\/wp-json\/wp\/v2\/product_brand?post=52010"},{"taxonomy":"product_cat","embeddable":true,"href":"https:\/\/miumjau.ee\/lv\/wp-json\/wp\/v2\/product_cat?post=52010"},{"taxonomy":"product_tag","embeddable":true,"href":"https:\/\/miumjau.ee\/lv\/wp-json\/wp\/v2\/product_tag?post=52010"}],"curies":[{"name":"wp","href":"https:\/\/api.w.org\/{rel}","templated":true}]}}