{"id":52001,"date":"2025-03-28T14:39:09","date_gmt":"2025-03-28T12:39:09","guid":{"rendered":"https:\/\/miumjau.ee\/toode\/carnilove-kraukskigs-sunu-karums-ar-jeru-un-dzervenem-200-g\/"},"modified":"2025-03-28T14:39:09","modified_gmt":"2025-03-28T12:39:09","slug":"carnilove-kraukskigs-sunu-karums-ar-jeru-un-dzervenem-200-g","status":"publish","type":"product","link":"https:\/\/miumjau.ee\/lv\/produkts\/carnilove-kraukskigs-sunu-karums-ar-jeru-un-dzervenem-200-g\/","title":{"rendered":"Carnilove krauk\u0161\u0137\u012bgs su\u0146u k\u0101rums ar j\u0113ru un dz\u0113rven\u0113m 200 g"},"content":{"rendered":"","protected":false},"excerpt":{"rendered":"<p data-start=\"951\" data-end=\"1078\">Gar\u0161\u012bgs j\u0113ra k\u0101rums piem\u0113rots ar\u012b jut\u012bgiem su\u0146iem. Satur dz\u0113rvenes \u2013 dabisku antioksidantu avotu sp\u0113c\u012bgas imunit\u0101tes atbalstam.<\/p>\n<p data-start=\"1080\" data-end=\"1356\"><strong data-start=\"1080\" data-end=\"1092\">Sast\u0101vs:<\/strong> J\u0113ra ga\u013ca 50 % (kalt\u0113ta j\u0113ra ga\u013ca 35 %, svaiga j\u0113ra ga\u013ca 15 %), \u0137irbis 15 %, dzeltenie zir\u0146i 8 %, kalt\u0113ts \u0101bols 5 %, burk\u0101ns 5 %, turku zir\u0146i 4 %, dz\u0113rvenes 4 %, vistas tauki (konserv\u0113ti ar tokoferoliem) 4 %, lins\u0113klas 2 %, kalt\u0113ti spin\u0101ti 2 %, lins\u0113klu e\u013c\u013ca 1 %.<\/p>\n<p data-start=\"1358\" data-end=\"1547\"><strong data-start=\"1358\" data-end=\"1391\">Anal\u012btiskais sast\u0101vs uz 1 kg:<\/strong> kopprote\u012bns 30,0 %, tauku saturs 10,0 %, mitrums 10,0 %, kop\u0113jie pelni 8,0 %, kop\u0161\u0137iedra 5,0 %, kalcijs 1,5 %, fosfors 1,2 %, omega-3 0,2 %, omega-6 0,6 %.<\/p>\n<p data-start=\"1549\" data-end=\"1588\"><strong data-start=\"1549\" data-end=\"1574\">Metabolisk\u0101 ener\u0123ija:<\/strong> 3 360 kcal\/kg<\/p>\n<p data-start=\"1590\" data-end=\"1612\"><strong data-start=\"1590\" data-end=\"1605\">Iepakojums:<\/strong> 0,2 kg<\/p>\n","protected":false},"featured_media":52002,"template":"","meta":[],"product_brand":[],"product_cat":[576],"product_tag":[],"class_list":{"0":"post-52001","1":"product","2":"type-product","3":"status-publish","4":"has-post-thumbnail","6":"product_cat-naski-suniem","8":"first","9":"instock","10":"sale","11":"taxable","12":"shipping-taxable","13":"purchasable","14":"product-type-simple"},"yoast_head":"<!-- This site is optimized with the Yoast SEO plugin v27.2 - https:\/\/yoast.com\/product\/yoast-seo-wordpress\/ -->\n<title>Carnilove krauk\u0161\u0137\u012bgs su\u0146u k\u0101rums ar j\u0113ru un dz\u0113rven\u0113m 200 g - MiuMjau<\/title>\n<meta name=\"robots\" content=\"index, follow, max-snippet:-1, max-image-preview:large, max-video-preview:-1\" \/>\n<link rel=\"canonical\" href=\"https:\/\/miumjau.ee\/lv\/produkts\/carnilove-kraukskigs-sunu-karums-ar-jeru-un-dzervenem-200-g\/\" \/>\n<meta property=\"og:locale\" content=\"lv_LV\" \/>\n<meta property=\"og:type\" content=\"article\" \/>\n<meta property=\"og:title\" content=\"Carnilove krauk\u0161\u0137\u012bgs su\u0146u k\u0101rums ar j\u0113ru un dz\u0113rven\u0113m 200 g - MiuMjau\" \/>\n<meta property=\"og:description\" content=\"Gar\u0161\u012bgs j\u0113ra k\u0101rums piem\u0113rots ar\u012b jut\u012bgiem su\u0146iem. Satur dz\u0113rvenes \u2013 dabisku antioksidantu avotu sp\u0113c\u012bgas imunit\u0101tes atbalstam. Sast\u0101vs: J\u0113ra ga\u013ca 50 % (kalt\u0113ta j\u0113ra ga\u013ca 35 %, svaiga j\u0113ra ga\u013ca 15 %), \u0137irbis 15 %, dzeltenie zir\u0146i 8 %, kalt\u0113ts \u0101bols 5 %, burk\u0101ns 5 %, turku zir\u0146i 4 %, dz\u0113rvenes 4 %, vistas tauki (konserv\u0113ti ar tokoferoliem) 4 %, lins\u0113klas 2 %, kalt\u0113ti spin\u0101ti 2 %, lins\u0113klu e\u013c\u013ca 1 %. Anal\u012btiskais sast\u0101vs uz 1 kg: kopprote\u012bns 30,0 %, tauku saturs 10,0 %, mitrums 10,0 %, kop\u0113jie pelni 8,0 %, kop\u0161\u0137iedra 5,0 %, kalcijs 1,5 %, fosfors 1,2 %, omega-3 0,2 %, omega-6 0,6 %. Metabolisk\u0101 ener\u0123ija: 3 360 kcal\/kg Iepakojums: 0,2 kg\" \/>\n<meta property=\"og:url\" content=\"https:\/\/miumjau.ee\/lv\/produkts\/carnilove-kraukskigs-sunu-karums-ar-jeru-un-dzervenem-200-g\/\" \/>\n<meta property=\"og:site_name\" content=\"MiuMjau\" \/>\n<meta property=\"article:publisher\" content=\"https:\/\/www.facebook.com\/miumjaupood\/\" \/>\n<meta property=\"og:image\" content=\"https:\/\/miumjau.ee\/wp-content\/uploads\/2025\/03\/carnilove-koeramaius7-Photoroom.jpg\" \/>\n\t<meta property=\"og:image:width\" content=\"600\" \/>\n\t<meta property=\"og:image:height\" content=\"800\" \/>\n\t<meta property=\"og:image:type\" content=\"image\/jpeg\" \/>\n<meta name=\"twitter:card\" content=\"summary_large_image\" \/>\n<script type=\"application\/ld+json\" class=\"yoast-schema-graph\">{\"@context\":\"https:\/\/schema.org\",\"@graph\":[{\"@type\":\"WebPage\",\"@id\":\"https:\/\/miumjau.ee\/lv\/produkts\/carnilove-kraukskigs-sunu-karums-ar-jeru-un-dzervenem-200-g\/\",\"url\":\"https:\/\/miumjau.ee\/lv\/produkts\/carnilove-kraukskigs-sunu-karums-ar-jeru-un-dzervenem-200-g\/\",\"name\":\"Carnilove krauk\u0161\u0137\u012bgs su\u0146u k\u0101rums ar j\u0113ru un dz\u0113rven\u0113m 200 g - MiuMjau\",\"isPartOf\":{\"@id\":\"https:\/\/miumjau.ee\/#website\"},\"primaryImageOfPage\":{\"@id\":\"https:\/\/miumjau.ee\/lv\/produkts\/carnilove-kraukskigs-sunu-karums-ar-jeru-un-dzervenem-200-g\/#primaryimage\"},\"image\":{\"@id\":\"https:\/\/miumjau.ee\/lv\/produkts\/carnilove-kraukskigs-sunu-karums-ar-jeru-un-dzervenem-200-g\/#primaryimage\"},\"thumbnailUrl\":\"https:\/\/miumjau.ee\/wp-content\/uploads\/2025\/03\/carnilove-koeramaius7-Photoroom.jpg\",\"datePublished\":\"2025-03-28T12:39:09+00:00\",\"breadcrumb\":{\"@id\":\"https:\/\/miumjau.ee\/lv\/produkts\/carnilove-kraukskigs-sunu-karums-ar-jeru-un-dzervenem-200-g\/#breadcrumb\"},\"inLanguage\":\"lv-LV\",\"potentialAction\":[{\"@type\":\"ReadAction\",\"target\":[\"https:\/\/miumjau.ee\/lv\/produkts\/carnilove-kraukskigs-sunu-karums-ar-jeru-un-dzervenem-200-g\/\"]}]},{\"@type\":\"ImageObject\",\"inLanguage\":\"lv-LV\",\"@id\":\"https:\/\/miumjau.ee\/lv\/produkts\/carnilove-kraukskigs-sunu-karums-ar-jeru-un-dzervenem-200-g\/#primaryimage\",\"url\":\"https:\/\/miumjau.ee\/wp-content\/uploads\/2025\/03\/carnilove-koeramaius7-Photoroom.jpg\",\"contentUrl\":\"https:\/\/miumjau.ee\/wp-content\/uploads\/2025\/03\/carnilove-koeramaius7-Photoroom.jpg\",\"width\":600,\"height\":800},{\"@type\":\"BreadcrumbList\",\"@id\":\"https:\/\/miumjau.ee\/lv\/produkts\/carnilove-kraukskigs-sunu-karums-ar-jeru-un-dzervenem-200-g\/#breadcrumb\",\"itemListElement\":[{\"@type\":\"ListItem\",\"position\":1,\"name\":\"Home\",\"item\":\"https:\/\/miumjau.ee\/lv\/\"},{\"@type\":\"ListItem\",\"position\":2,\"name\":\"Veikals\",\"item\":\"https:\/\/miumjau.ee\/lv\/veikals\/\"},{\"@type\":\"ListItem\",\"position\":3,\"name\":\"Carnilove krauk\u0161\u0137\u012bgs su\u0146u k\u0101rums ar j\u0113ru un dz\u0113rven\u0113m 200 g\"}]},{\"@type\":\"WebSite\",\"@id\":\"https:\/\/miumjau.ee\/#website\",\"url\":\"https:\/\/miumjau.ee\/\",\"name\":\"MiuMjau\",\"description\":\"Kraapimispuud kassidele\",\"publisher\":{\"@id\":\"https:\/\/miumjau.ee\/#organization\"},\"potentialAction\":[{\"@type\":\"SearchAction\",\"target\":{\"@type\":\"EntryPoint\",\"urlTemplate\":\"https:\/\/miumjau.ee\/?s={search_term_string}\"},\"query-input\":{\"@type\":\"PropertyValueSpecification\",\"valueRequired\":true,\"valueName\":\"search_term_string\"}}],\"inLanguage\":\"lv-LV\"},{\"@type\":\"Organization\",\"@id\":\"https:\/\/miumjau.ee\/#organization\",\"name\":\"MiuMjau O\u00dc\",\"url\":\"https:\/\/miumjau.ee\/\",\"logo\":{\"@type\":\"ImageObject\",\"inLanguage\":\"lv-LV\",\"@id\":\"https:\/\/miumjau.ee\/#\/schema\/logo\/image\/\",\"url\":\"https:\/\/miumjau.ee\/wp-content\/uploads\/2022\/04\/MiuMjau-logo-kollane.png\",\"contentUrl\":\"https:\/\/miumjau.ee\/wp-content\/uploads\/2022\/04\/MiuMjau-logo-kollane.png\",\"width\":219,\"height\":100,\"caption\":\"MiuMjau O\u00dc\"},\"image\":{\"@id\":\"https:\/\/miumjau.ee\/#\/schema\/logo\/image\/\"},\"sameAs\":[\"https:\/\/www.facebook.com\/miumjaupood\/\"]}]}<\/script>\n<!-- \/ Yoast SEO plugin. -->","yoast_head_json":{"title":"Carnilove krauk\u0161\u0137\u012bgs su\u0146u k\u0101rums ar j\u0113ru un dz\u0113rven\u0113m 200 g - MiuMjau","robots":{"index":"index","follow":"follow","max-snippet":"max-snippet:-1","max-image-preview":"max-image-preview:large","max-video-preview":"max-video-preview:-1"},"canonical":"https:\/\/miumjau.ee\/lv\/produkts\/carnilove-kraukskigs-sunu-karums-ar-jeru-un-dzervenem-200-g\/","og_locale":"lv_LV","og_type":"article","og_title":"Carnilove krauk\u0161\u0137\u012bgs su\u0146u k\u0101rums ar j\u0113ru un dz\u0113rven\u0113m 200 g - MiuMjau","og_description":"Gar\u0161\u012bgs j\u0113ra k\u0101rums piem\u0113rots ar\u012b jut\u012bgiem su\u0146iem. Satur dz\u0113rvenes \u2013 dabisku antioksidantu avotu sp\u0113c\u012bgas imunit\u0101tes atbalstam. Sast\u0101vs: J\u0113ra ga\u013ca 50 % (kalt\u0113ta j\u0113ra ga\u013ca 35 %, svaiga j\u0113ra ga\u013ca 15 %), \u0137irbis 15 %, dzeltenie zir\u0146i 8 %, kalt\u0113ts \u0101bols 5 %, burk\u0101ns 5 %, turku zir\u0146i 4 %, dz\u0113rvenes 4 %, vistas tauki (konserv\u0113ti ar tokoferoliem) 4 %, lins\u0113klas 2 %, kalt\u0113ti spin\u0101ti 2 %, lins\u0113klu e\u013c\u013ca 1 %. Anal\u012btiskais sast\u0101vs uz 1 kg: kopprote\u012bns 30,0 %, tauku saturs 10,0 %, mitrums 10,0 %, kop\u0113jie pelni 8,0 %, kop\u0161\u0137iedra 5,0 %, kalcijs 1,5 %, fosfors 1,2 %, omega-3 0,2 %, omega-6 0,6 %. Metabolisk\u0101 ener\u0123ija: 3 360 kcal\/kg Iepakojums: 0,2 kg","og_url":"https:\/\/miumjau.ee\/lv\/produkts\/carnilove-kraukskigs-sunu-karums-ar-jeru-un-dzervenem-200-g\/","og_site_name":"MiuMjau","article_publisher":"https:\/\/www.facebook.com\/miumjaupood\/","og_image":[{"width":600,"height":800,"url":"https:\/\/miumjau.ee\/wp-content\/uploads\/2025\/03\/carnilove-koeramaius7-Photoroom.jpg","type":"image\/jpeg"}],"twitter_card":"summary_large_image","schema":{"@context":"https:\/\/schema.org","@graph":[{"@type":"WebPage","@id":"https:\/\/miumjau.ee\/lv\/produkts\/carnilove-kraukskigs-sunu-karums-ar-jeru-un-dzervenem-200-g\/","url":"https:\/\/miumjau.ee\/lv\/produkts\/carnilove-kraukskigs-sunu-karums-ar-jeru-un-dzervenem-200-g\/","name":"Carnilove krauk\u0161\u0137\u012bgs su\u0146u k\u0101rums ar j\u0113ru un dz\u0113rven\u0113m 200 g - MiuMjau","isPartOf":{"@id":"https:\/\/miumjau.ee\/#website"},"primaryImageOfPage":{"@id":"https:\/\/miumjau.ee\/lv\/produkts\/carnilove-kraukskigs-sunu-karums-ar-jeru-un-dzervenem-200-g\/#primaryimage"},"image":{"@id":"https:\/\/miumjau.ee\/lv\/produkts\/carnilove-kraukskigs-sunu-karums-ar-jeru-un-dzervenem-200-g\/#primaryimage"},"thumbnailUrl":"https:\/\/miumjau.ee\/wp-content\/uploads\/2025\/03\/carnilove-koeramaius7-Photoroom.jpg","datePublished":"2025-03-28T12:39:09+00:00","breadcrumb":{"@id":"https:\/\/miumjau.ee\/lv\/produkts\/carnilove-kraukskigs-sunu-karums-ar-jeru-un-dzervenem-200-g\/#breadcrumb"},"inLanguage":"lv-LV","potentialAction":[{"@type":"ReadAction","target":["https:\/\/miumjau.ee\/lv\/produkts\/carnilove-kraukskigs-sunu-karums-ar-jeru-un-dzervenem-200-g\/"]}]},{"@type":"ImageObject","inLanguage":"lv-LV","@id":"https:\/\/miumjau.ee\/lv\/produkts\/carnilove-kraukskigs-sunu-karums-ar-jeru-un-dzervenem-200-g\/#primaryimage","url":"https:\/\/miumjau.ee\/wp-content\/uploads\/2025\/03\/carnilove-koeramaius7-Photoroom.jpg","contentUrl":"https:\/\/miumjau.ee\/wp-content\/uploads\/2025\/03\/carnilove-koeramaius7-Photoroom.jpg","width":600,"height":800},{"@type":"BreadcrumbList","@id":"https:\/\/miumjau.ee\/lv\/produkts\/carnilove-kraukskigs-sunu-karums-ar-jeru-un-dzervenem-200-g\/#breadcrumb","itemListElement":[{"@type":"ListItem","position":1,"name":"Home","item":"https:\/\/miumjau.ee\/lv\/"},{"@type":"ListItem","position":2,"name":"Veikals","item":"https:\/\/miumjau.ee\/lv\/veikals\/"},{"@type":"ListItem","position":3,"name":"Carnilove krauk\u0161\u0137\u012bgs su\u0146u k\u0101rums ar j\u0113ru un dz\u0113rven\u0113m 200 g"}]},{"@type":"WebSite","@id":"https:\/\/miumjau.ee\/#website","url":"https:\/\/miumjau.ee\/","name":"MiuMjau","description":"Kraapimispuud kassidele","publisher":{"@id":"https:\/\/miumjau.ee\/#organization"},"potentialAction":[{"@type":"SearchAction","target":{"@type":"EntryPoint","urlTemplate":"https:\/\/miumjau.ee\/?s={search_term_string}"},"query-input":{"@type":"PropertyValueSpecification","valueRequired":true,"valueName":"search_term_string"}}],"inLanguage":"lv-LV"},{"@type":"Organization","@id":"https:\/\/miumjau.ee\/#organization","name":"MiuMjau O\u00dc","url":"https:\/\/miumjau.ee\/","logo":{"@type":"ImageObject","inLanguage":"lv-LV","@id":"https:\/\/miumjau.ee\/#\/schema\/logo\/image\/","url":"https:\/\/miumjau.ee\/wp-content\/uploads\/2022\/04\/MiuMjau-logo-kollane.png","contentUrl":"https:\/\/miumjau.ee\/wp-content\/uploads\/2022\/04\/MiuMjau-logo-kollane.png","width":219,"height":100,"caption":"MiuMjau O\u00dc"},"image":{"@id":"https:\/\/miumjau.ee\/#\/schema\/logo\/image\/"},"sameAs":["https:\/\/www.facebook.com\/miumjaupood\/"]}]}},"_links":{"self":[{"href":"https:\/\/miumjau.ee\/lv\/wp-json\/wp\/v2\/product\/52001","targetHints":{"allow":["GET"]}}],"collection":[{"href":"https:\/\/miumjau.ee\/lv\/wp-json\/wp\/v2\/product"}],"about":[{"href":"https:\/\/miumjau.ee\/lv\/wp-json\/wp\/v2\/types\/product"}],"wp:featuredmedia":[{"embeddable":true,"href":"https:\/\/miumjau.ee\/lv\/wp-json\/wp\/v2\/media\/52002"}],"wp:attachment":[{"href":"https:\/\/miumjau.ee\/lv\/wp-json\/wp\/v2\/media?parent=52001"}],"wp:term":[{"taxonomy":"product_brand","embeddable":true,"href":"https:\/\/miumjau.ee\/lv\/wp-json\/wp\/v2\/product_brand?post=52001"},{"taxonomy":"product_cat","embeddable":true,"href":"https:\/\/miumjau.ee\/lv\/wp-json\/wp\/v2\/product_cat?post=52001"},{"taxonomy":"product_tag","embeddable":true,"href":"https:\/\/miumjau.ee\/lv\/wp-json\/wp\/v2\/product_tag?post=52001"}],"curies":[{"name":"wp","href":"https:\/\/api.w.org\/{rel}","templated":true}]}}