{"id":51985,"date":"2026-01-08T09:45:55","date_gmt":"2026-01-08T07:45:55","guid":{"rendered":"https:\/\/miumjau.ee\/toode\/suna-bloda-dog-fantasy-gallery-750-ml\/"},"modified":"2026-01-08T09:45:55","modified_gmt":"2026-01-08T07:45:55","slug":"suna-bloda-dog-fantasy-gallery-750-ml","status":"publish","type":"product","link":"https:\/\/miumjau.ee\/lv\/produkts\/suna-bloda-dog-fantasy-gallery-750-ml\/","title":{"rendered":"Su\u0146a b\u013coda Dog Fantasy Gallery 750 ml"},"content":{"rendered":"","protected":false},"excerpt":{"rendered":"<p data-start=\"1655\" data-end=\"2050\">\u201cGallery\u201d kolekcijas b\u013coda \u2013 kad pat ikdienas baro\u0161ana k\u013c\u016bst par m\u0101kslu.<br data-start=\"1727\" data-end=\"1730\" \/>Stil\u012bga un funkcion\u0101la su\u0146a b\u013coda ar unik\u0101lu dizainu, kas apvieno praktiskumu un eleganci.<br data-start=\"1820\" data-end=\"1823\" \/>Piem\u0113rota gan bar\u012bbai, gan \u016bdenim, viegli t\u012br\u0101ma un izgatavota no iztur\u012bga un ilgm\u016b\u017e\u012bga materi\u0101la, nodro\u0161inot \u0113rtu ikdienas lieto\u0161anu.<br data-start=\"1957\" data-end=\"1960\" \/>T\u0101 nav tikai b\u013coda, bet ar\u012b skaists interjera elements, kas iederas modern\u0101 m\u0101jok\u013ca stil\u0101.<\/p>\n<p data-start=\"2052\" data-end=\"2065\"><strong data-start=\"2052\" data-end=\"2065\">\u012apa\u0161\u012bbas:<\/strong><\/p>\n<p data-start=\"2067\" data-end=\"2287\">Piem\u0113rota gan \u016bdenim, gan bar\u012bbai<br data-start=\"2100\" data-end=\"2103\" \/>Moderns \u201cGallery\u201d kolekcijas dizains<br data-start=\"2139\" data-end=\"2142\" \/>Viegli t\u012br\u0101ma, vienk\u0101r\u0161a kop\u0161an\u0101<br data-start=\"2174\" data-end=\"2177\" \/>Iztur\u012bga un stipra materi\u0101la virsma \u2013 ilgsto\u0161ai lieto\u0161anai<br data-start=\"2235\" data-end=\"2238\" \/>Pieejama tr\u012bs izm\u0113ros: 220 ml, 450 ml un 750 ml<\/p>\n","protected":false},"featured_media":51865,"template":"","meta":[],"product_brand":[],"product_cat":[578],"product_tag":[],"class_list":{"0":"post-51985","1":"product","2":"type-product","3":"status-publish","4":"has-post-thumbnail","6":"product_cat-ediena-un-dzeriena-trauki","8":"first","9":"instock","10":"taxable","11":"shipping-taxable","12":"purchasable","13":"product-type-simple"},"yoast_head":"<!-- This site is optimized with the Yoast SEO plugin v27.2 - https:\/\/yoast.com\/product\/yoast-seo-wordpress\/ -->\n<title>Su\u0146a b\u013coda Dog Fantasy Gallery 750 ml - MiuMjau<\/title>\n<meta name=\"robots\" content=\"index, follow, max-snippet:-1, max-image-preview:large, max-video-preview:-1\" \/>\n<link rel=\"canonical\" href=\"https:\/\/miumjau.ee\/lv\/produkts\/suna-bloda-dog-fantasy-gallery-750-ml\/\" \/>\n<meta property=\"og:locale\" content=\"lv_LV\" \/>\n<meta property=\"og:type\" content=\"article\" \/>\n<meta property=\"og:title\" content=\"Su\u0146a b\u013coda Dog Fantasy Gallery 750 ml - MiuMjau\" \/>\n<meta property=\"og:description\" content=\"\u201cGallery\u201d kolekcijas b\u013coda \u2013 kad pat ikdienas baro\u0161ana k\u013c\u016bst par m\u0101kslu.Stil\u012bga un funkcion\u0101la su\u0146a b\u013coda ar unik\u0101lu dizainu, kas apvieno praktiskumu un eleganci.Piem\u0113rota gan bar\u012bbai, gan \u016bdenim, viegli t\u012br\u0101ma un izgatavota no iztur\u012bga un ilgm\u016b\u017e\u012bga materi\u0101la, nodro\u0161inot \u0113rtu ikdienas lieto\u0161anu.T\u0101 nav tikai b\u013coda, bet ar\u012b skaists interjera elements, kas iederas modern\u0101 m\u0101jok\u013ca stil\u0101. \u012apa\u0161\u012bbas: Piem\u0113rota gan \u016bdenim, gan bar\u012bbaiModerns \u201cGallery\u201d kolekcijas dizainsViegli t\u012br\u0101ma, vienk\u0101r\u0161a kop\u0161an\u0101Iztur\u012bga un stipra materi\u0101la virsma \u2013 ilgsto\u0161ai lieto\u0161anaiPieejama tr\u012bs izm\u0113ros: 220 ml, 450 ml un 750 ml\" \/>\n<meta property=\"og:url\" content=\"https:\/\/miumjau.ee\/lv\/produkts\/suna-bloda-dog-fantasy-gallery-750-ml\/\" \/>\n<meta property=\"og:site_name\" content=\"MiuMjau\" \/>\n<meta property=\"article:publisher\" content=\"https:\/\/www.facebook.com\/miumjaupood\/\" \/>\n<meta property=\"og:image\" content=\"https:\/\/miumjau.ee\/wp-content\/uploads\/2026\/01\/toidukauss-koerale-gallery3.jpg\" \/>\n\t<meta property=\"og:image:width\" content=\"600\" \/>\n\t<meta property=\"og:image:height\" content=\"800\" \/>\n\t<meta property=\"og:image:type\" content=\"image\/jpeg\" \/>\n<meta name=\"twitter:card\" content=\"summary_large_image\" \/>\n<script type=\"application\/ld+json\" class=\"yoast-schema-graph\">{\"@context\":\"https:\/\/schema.org\",\"@graph\":[{\"@type\":\"WebPage\",\"@id\":\"https:\/\/miumjau.ee\/lv\/produkts\/suna-bloda-dog-fantasy-gallery-750-ml\/\",\"url\":\"https:\/\/miumjau.ee\/lv\/produkts\/suna-bloda-dog-fantasy-gallery-750-ml\/\",\"name\":\"Su\u0146a b\u013coda Dog Fantasy Gallery 750 ml - MiuMjau\",\"isPartOf\":{\"@id\":\"https:\/\/miumjau.ee\/#website\"},\"primaryImageOfPage\":{\"@id\":\"https:\/\/miumjau.ee\/lv\/produkts\/suna-bloda-dog-fantasy-gallery-750-ml\/#primaryimage\"},\"image\":{\"@id\":\"https:\/\/miumjau.ee\/lv\/produkts\/suna-bloda-dog-fantasy-gallery-750-ml\/#primaryimage\"},\"thumbnailUrl\":\"https:\/\/miumjau.ee\/wp-content\/uploads\/2026\/01\/toidukauss-koerale-gallery3.jpg\",\"datePublished\":\"2026-01-08T07:45:55+00:00\",\"breadcrumb\":{\"@id\":\"https:\/\/miumjau.ee\/lv\/produkts\/suna-bloda-dog-fantasy-gallery-750-ml\/#breadcrumb\"},\"inLanguage\":\"lv-LV\",\"potentialAction\":[{\"@type\":\"ReadAction\",\"target\":[\"https:\/\/miumjau.ee\/lv\/produkts\/suna-bloda-dog-fantasy-gallery-750-ml\/\"]}]},{\"@type\":\"ImageObject\",\"inLanguage\":\"lv-LV\",\"@id\":\"https:\/\/miumjau.ee\/lv\/produkts\/suna-bloda-dog-fantasy-gallery-750-ml\/#primaryimage\",\"url\":\"https:\/\/miumjau.ee\/wp-content\/uploads\/2026\/01\/toidukauss-koerale-gallery3.jpg\",\"contentUrl\":\"https:\/\/miumjau.ee\/wp-content\/uploads\/2026\/01\/toidukauss-koerale-gallery3.jpg\",\"width\":600,\"height\":800,\"caption\":\"Toidukauss koerale Dog Fantasy Gallery\"},{\"@type\":\"BreadcrumbList\",\"@id\":\"https:\/\/miumjau.ee\/lv\/produkts\/suna-bloda-dog-fantasy-gallery-750-ml\/#breadcrumb\",\"itemListElement\":[{\"@type\":\"ListItem\",\"position\":1,\"name\":\"Home\",\"item\":\"https:\/\/miumjau.ee\/lv\/\"},{\"@type\":\"ListItem\",\"position\":2,\"name\":\"Veikals\",\"item\":\"https:\/\/miumjau.ee\/lv\/veikals\/\"},{\"@type\":\"ListItem\",\"position\":3,\"name\":\"Su\u0146a b\u013coda Dog Fantasy Gallery 750 ml\"}]},{\"@type\":\"WebSite\",\"@id\":\"https:\/\/miumjau.ee\/#website\",\"url\":\"https:\/\/miumjau.ee\/\",\"name\":\"MiuMjau\",\"description\":\"Kraapimispuud kassidele\",\"publisher\":{\"@id\":\"https:\/\/miumjau.ee\/#organization\"},\"potentialAction\":[{\"@type\":\"SearchAction\",\"target\":{\"@type\":\"EntryPoint\",\"urlTemplate\":\"https:\/\/miumjau.ee\/?s={search_term_string}\"},\"query-input\":{\"@type\":\"PropertyValueSpecification\",\"valueRequired\":true,\"valueName\":\"search_term_string\"}}],\"inLanguage\":\"lv-LV\"},{\"@type\":\"Organization\",\"@id\":\"https:\/\/miumjau.ee\/#organization\",\"name\":\"MiuMjau O\u00dc\",\"url\":\"https:\/\/miumjau.ee\/\",\"logo\":{\"@type\":\"ImageObject\",\"inLanguage\":\"lv-LV\",\"@id\":\"https:\/\/miumjau.ee\/#\/schema\/logo\/image\/\",\"url\":\"https:\/\/miumjau.ee\/wp-content\/uploads\/2022\/04\/MiuMjau-logo-kollane.png\",\"contentUrl\":\"https:\/\/miumjau.ee\/wp-content\/uploads\/2022\/04\/MiuMjau-logo-kollane.png\",\"width\":219,\"height\":100,\"caption\":\"MiuMjau O\u00dc\"},\"image\":{\"@id\":\"https:\/\/miumjau.ee\/#\/schema\/logo\/image\/\"},\"sameAs\":[\"https:\/\/www.facebook.com\/miumjaupood\/\"]}]}<\/script>\n<!-- \/ Yoast SEO plugin. -->","yoast_head_json":{"title":"Su\u0146a b\u013coda Dog Fantasy Gallery 750 ml - MiuMjau","robots":{"index":"index","follow":"follow","max-snippet":"max-snippet:-1","max-image-preview":"max-image-preview:large","max-video-preview":"max-video-preview:-1"},"canonical":"https:\/\/miumjau.ee\/lv\/produkts\/suna-bloda-dog-fantasy-gallery-750-ml\/","og_locale":"lv_LV","og_type":"article","og_title":"Su\u0146a b\u013coda Dog Fantasy Gallery 750 ml - MiuMjau","og_description":"\u201cGallery\u201d kolekcijas b\u013coda \u2013 kad pat ikdienas baro\u0161ana k\u013c\u016bst par m\u0101kslu.Stil\u012bga un funkcion\u0101la su\u0146a b\u013coda ar unik\u0101lu dizainu, kas apvieno praktiskumu un eleganci.Piem\u0113rota gan bar\u012bbai, gan \u016bdenim, viegli t\u012br\u0101ma un izgatavota no iztur\u012bga un ilgm\u016b\u017e\u012bga materi\u0101la, nodro\u0161inot \u0113rtu ikdienas lieto\u0161anu.T\u0101 nav tikai b\u013coda, bet ar\u012b skaists interjera elements, kas iederas modern\u0101 m\u0101jok\u013ca stil\u0101. \u012apa\u0161\u012bbas: Piem\u0113rota gan \u016bdenim, gan bar\u012bbaiModerns \u201cGallery\u201d kolekcijas dizainsViegli t\u012br\u0101ma, vienk\u0101r\u0161a kop\u0161an\u0101Iztur\u012bga un stipra materi\u0101la virsma \u2013 ilgsto\u0161ai lieto\u0161anaiPieejama tr\u012bs izm\u0113ros: 220 ml, 450 ml un 750 ml","og_url":"https:\/\/miumjau.ee\/lv\/produkts\/suna-bloda-dog-fantasy-gallery-750-ml\/","og_site_name":"MiuMjau","article_publisher":"https:\/\/www.facebook.com\/miumjaupood\/","og_image":[{"width":600,"height":800,"url":"https:\/\/miumjau.ee\/wp-content\/uploads\/2026\/01\/toidukauss-koerale-gallery3.jpg","type":"image\/jpeg"}],"twitter_card":"summary_large_image","schema":{"@context":"https:\/\/schema.org","@graph":[{"@type":"WebPage","@id":"https:\/\/miumjau.ee\/lv\/produkts\/suna-bloda-dog-fantasy-gallery-750-ml\/","url":"https:\/\/miumjau.ee\/lv\/produkts\/suna-bloda-dog-fantasy-gallery-750-ml\/","name":"Su\u0146a b\u013coda Dog Fantasy Gallery 750 ml - MiuMjau","isPartOf":{"@id":"https:\/\/miumjau.ee\/#website"},"primaryImageOfPage":{"@id":"https:\/\/miumjau.ee\/lv\/produkts\/suna-bloda-dog-fantasy-gallery-750-ml\/#primaryimage"},"image":{"@id":"https:\/\/miumjau.ee\/lv\/produkts\/suna-bloda-dog-fantasy-gallery-750-ml\/#primaryimage"},"thumbnailUrl":"https:\/\/miumjau.ee\/wp-content\/uploads\/2026\/01\/toidukauss-koerale-gallery3.jpg","datePublished":"2026-01-08T07:45:55+00:00","breadcrumb":{"@id":"https:\/\/miumjau.ee\/lv\/produkts\/suna-bloda-dog-fantasy-gallery-750-ml\/#breadcrumb"},"inLanguage":"lv-LV","potentialAction":[{"@type":"ReadAction","target":["https:\/\/miumjau.ee\/lv\/produkts\/suna-bloda-dog-fantasy-gallery-750-ml\/"]}]},{"@type":"ImageObject","inLanguage":"lv-LV","@id":"https:\/\/miumjau.ee\/lv\/produkts\/suna-bloda-dog-fantasy-gallery-750-ml\/#primaryimage","url":"https:\/\/miumjau.ee\/wp-content\/uploads\/2026\/01\/toidukauss-koerale-gallery3.jpg","contentUrl":"https:\/\/miumjau.ee\/wp-content\/uploads\/2026\/01\/toidukauss-koerale-gallery3.jpg","width":600,"height":800,"caption":"Toidukauss koerale Dog Fantasy Gallery"},{"@type":"BreadcrumbList","@id":"https:\/\/miumjau.ee\/lv\/produkts\/suna-bloda-dog-fantasy-gallery-750-ml\/#breadcrumb","itemListElement":[{"@type":"ListItem","position":1,"name":"Home","item":"https:\/\/miumjau.ee\/lv\/"},{"@type":"ListItem","position":2,"name":"Veikals","item":"https:\/\/miumjau.ee\/lv\/veikals\/"},{"@type":"ListItem","position":3,"name":"Su\u0146a b\u013coda Dog Fantasy Gallery 750 ml"}]},{"@type":"WebSite","@id":"https:\/\/miumjau.ee\/#website","url":"https:\/\/miumjau.ee\/","name":"MiuMjau","description":"Kraapimispuud kassidele","publisher":{"@id":"https:\/\/miumjau.ee\/#organization"},"potentialAction":[{"@type":"SearchAction","target":{"@type":"EntryPoint","urlTemplate":"https:\/\/miumjau.ee\/?s={search_term_string}"},"query-input":{"@type":"PropertyValueSpecification","valueRequired":true,"valueName":"search_term_string"}}],"inLanguage":"lv-LV"},{"@type":"Organization","@id":"https:\/\/miumjau.ee\/#organization","name":"MiuMjau O\u00dc","url":"https:\/\/miumjau.ee\/","logo":{"@type":"ImageObject","inLanguage":"lv-LV","@id":"https:\/\/miumjau.ee\/#\/schema\/logo\/image\/","url":"https:\/\/miumjau.ee\/wp-content\/uploads\/2022\/04\/MiuMjau-logo-kollane.png","contentUrl":"https:\/\/miumjau.ee\/wp-content\/uploads\/2022\/04\/MiuMjau-logo-kollane.png","width":219,"height":100,"caption":"MiuMjau O\u00dc"},"image":{"@id":"https:\/\/miumjau.ee\/#\/schema\/logo\/image\/"},"sameAs":["https:\/\/www.facebook.com\/miumjaupood\/"]}]}},"_links":{"self":[{"href":"https:\/\/miumjau.ee\/lv\/wp-json\/wp\/v2\/product\/51985","targetHints":{"allow":["GET"]}}],"collection":[{"href":"https:\/\/miumjau.ee\/lv\/wp-json\/wp\/v2\/product"}],"about":[{"href":"https:\/\/miumjau.ee\/lv\/wp-json\/wp\/v2\/types\/product"}],"wp:featuredmedia":[{"embeddable":true,"href":"https:\/\/miumjau.ee\/lv\/wp-json\/wp\/v2\/media\/51865"}],"wp:attachment":[{"href":"https:\/\/miumjau.ee\/lv\/wp-json\/wp\/v2\/media?parent=51985"}],"wp:term":[{"taxonomy":"product_brand","embeddable":true,"href":"https:\/\/miumjau.ee\/lv\/wp-json\/wp\/v2\/product_brand?post=51985"},{"taxonomy":"product_cat","embeddable":true,"href":"https:\/\/miumjau.ee\/lv\/wp-json\/wp\/v2\/product_cat?post=51985"},{"taxonomy":"product_tag","embeddable":true,"href":"https:\/\/miumjau.ee\/lv\/wp-json\/wp\/v2\/product_tag?post=51985"}],"curies":[{"name":"wp","href":"https:\/\/api.w.org\/{rel}","templated":true}]}}