{"id":51761,"date":"2025-03-20T14:45:44","date_gmt":"2025-03-20T12:45:44","guid":{"rendered":"https:\/\/miumjau.ee\/toode\/sana-dabisks-sunu-gardums-liellopu-plausas-150g\/"},"modified":"2025-03-20T14:45:44","modified_gmt":"2025-03-20T12:45:44","slug":"sana-dabisks-sunu-gardums-liellopu-plausas-150g","status":"publish","type":"product","link":"https:\/\/miumjau.ee\/lv\/produkts\/sana-dabisks-sunu-gardums-liellopu-plausas-150g\/","title":{"rendered":"Sana Dabisks Su\u0146u Gardums, Liellopu Plau\u0161as 150g"},"content":{"rendered":"","protected":false},"excerpt":{"rendered":"<p data-start=\"1480\" data-end=\"1547\">Pied\u0101v\u0101jiet savam sunim krauk\u0161\u0137\u012bgas un gar\u0161\u012bgas liellopu plau\u0161as!<\/p>\n<p data-start=\"1549\" data-end=\"1778\">Gardums ar maigu arom\u0101tu, viegli ko\u0161\u013c\u0101jamu tekst\u016bru un vienu sast\u0101vda\u013cu, ko visi su\u0146i m\u012bl. Liellopu plau\u0161as ir lielisks olbaltumvielu un aminosk\u0101bju avots. Nesatur konservantus vai piedevas, t\u0101d\u0113\u013c piem\u0113rots ar\u012b jut\u012bgiem su\u0146iem.<\/p>\n<p data-start=\"1780\" data-end=\"1942\"><strong data-start=\"1780\" data-end=\"1798\">Priek\u0161roc\u012bbas:<\/strong><br data-start=\"1798\" data-end=\"1801\" \/>\u2714 100 % t\u012brs liellops<br data-start=\"1822\" data-end=\"1825\" \/>\u2714 M\u012bksta un krauk\u0161\u0137\u012bga tekst\u016bra<br data-start=\"1856\" data-end=\"1859\" \/>\u2714 Dabiski olbaltumviel\u0101m bag\u0101ts<br data-start=\"1890\" data-end=\"1893\" \/>\u2714 Piem\u0113rots neapstr\u0101d\u0101tu p\u0101rtiku \u0113do\u0161iem su\u0146iem<\/p>\n<p data-start=\"1944\" data-end=\"1981\"><strong data-start=\"1944\" data-end=\"1956\">Sast\u0101vs:<\/strong> 100 % liellopu plau\u0161as<\/p>\n<p data-start=\"1983\" data-end=\"2089\"><strong data-start=\"1983\" data-end=\"2003\">Bar\u012bbas v\u0113rt\u012bba:<\/strong> Olbaltumvielas \u2013 54 %, Tauki \u2013 2,6 %, Mitrums \u2013 11 %, Pelni \u2013 2 %, \u0160\u0137iedras \u2013 1,6 %<\/p>\n","protected":false},"featured_media":51762,"template":"","meta":[],"product_brand":[],"product_cat":[576],"product_tag":[],"class_list":{"0":"post-51761","1":"product","2":"type-product","3":"status-publish","4":"has-post-thumbnail","6":"product_cat-naski-suniem","8":"first","9":"instock","10":"taxable","11":"shipping-taxable","12":"purchasable","13":"product-type-simple"},"yoast_head":"<!-- This site is optimized with the Yoast SEO plugin v27.2 - https:\/\/yoast.com\/product\/yoast-seo-wordpress\/ -->\n<title>Sana Dabisks Su\u0146u Gardums, Liellopu Plau\u0161as 150g - MiuMjau<\/title>\n<meta name=\"robots\" content=\"index, follow, max-snippet:-1, max-image-preview:large, max-video-preview:-1\" \/>\n<link rel=\"canonical\" href=\"https:\/\/miumjau.ee\/lv\/produkts\/sana-dabisks-sunu-gardums-liellopu-plausas-150g\/\" \/>\n<meta property=\"og:locale\" content=\"lv_LV\" \/>\n<meta property=\"og:type\" content=\"article\" \/>\n<meta property=\"og:title\" content=\"Sana Dabisks Su\u0146u Gardums, Liellopu Plau\u0161as 150g - MiuMjau\" \/>\n<meta property=\"og:description\" content=\"Pied\u0101v\u0101jiet savam sunim krauk\u0161\u0137\u012bgas un gar\u0161\u012bgas liellopu plau\u0161as! Gardums ar maigu arom\u0101tu, viegli ko\u0161\u013c\u0101jamu tekst\u016bru un vienu sast\u0101vda\u013cu, ko visi su\u0146i m\u012bl. Liellopu plau\u0161as ir lielisks olbaltumvielu un aminosk\u0101bju avots. Nesatur konservantus vai piedevas, t\u0101d\u0113\u013c piem\u0113rots ar\u012b jut\u012bgiem su\u0146iem. Priek\u0161roc\u012bbas:\u2714 100 % t\u012brs liellops\u2714 M\u012bksta un krauk\u0161\u0137\u012bga tekst\u016bra\u2714 Dabiski olbaltumviel\u0101m bag\u0101ts\u2714 Piem\u0113rots neapstr\u0101d\u0101tu p\u0101rtiku \u0113do\u0161iem su\u0146iem Sast\u0101vs: 100 % liellopu plau\u0161as Bar\u012bbas v\u0113rt\u012bba: Olbaltumvielas \u2013 54 %, Tauki \u2013 2,6 %, Mitrums \u2013 11 %, Pelni \u2013 2 %, \u0160\u0137iedras \u2013 1,6 %\" \/>\n<meta property=\"og:url\" content=\"https:\/\/miumjau.ee\/lv\/produkts\/sana-dabisks-sunu-gardums-liellopu-plausas-150g\/\" \/>\n<meta property=\"og:site_name\" content=\"MiuMjau\" \/>\n<meta property=\"article:publisher\" content=\"https:\/\/www.facebook.com\/miumjaupood\/\" \/>\n<meta property=\"og:image\" content=\"https:\/\/miumjau.ee\/wp-content\/uploads\/2025\/03\/veise-kops-sana1.jpg\" \/>\n\t<meta property=\"og:image:width\" content=\"600\" \/>\n\t<meta property=\"og:image:height\" content=\"800\" \/>\n\t<meta property=\"og:image:type\" content=\"image\/jpeg\" \/>\n<meta name=\"twitter:card\" content=\"summary_large_image\" \/>\n<script type=\"application\/ld+json\" class=\"yoast-schema-graph\">{\"@context\":\"https:\/\/schema.org\",\"@graph\":[{\"@type\":\"WebPage\",\"@id\":\"https:\/\/miumjau.ee\/lv\/produkts\/sana-dabisks-sunu-gardums-liellopu-plausas-150g\/\",\"url\":\"https:\/\/miumjau.ee\/lv\/produkts\/sana-dabisks-sunu-gardums-liellopu-plausas-150g\/\",\"name\":\"Sana Dabisks Su\u0146u Gardums, Liellopu Plau\u0161as 150g - MiuMjau\",\"isPartOf\":{\"@id\":\"https:\/\/miumjau.ee\/#website\"},\"primaryImageOfPage\":{\"@id\":\"https:\/\/miumjau.ee\/lv\/produkts\/sana-dabisks-sunu-gardums-liellopu-plausas-150g\/#primaryimage\"},\"image\":{\"@id\":\"https:\/\/miumjau.ee\/lv\/produkts\/sana-dabisks-sunu-gardums-liellopu-plausas-150g\/#primaryimage\"},\"thumbnailUrl\":\"https:\/\/miumjau.ee\/wp-content\/uploads\/2025\/03\/veise-kops-sana1.jpg\",\"datePublished\":\"2025-03-20T12:45:44+00:00\",\"breadcrumb\":{\"@id\":\"https:\/\/miumjau.ee\/lv\/produkts\/sana-dabisks-sunu-gardums-liellopu-plausas-150g\/#breadcrumb\"},\"inLanguage\":\"lv-LV\",\"potentialAction\":[{\"@type\":\"ReadAction\",\"target\":[\"https:\/\/miumjau.ee\/lv\/produkts\/sana-dabisks-sunu-gardums-liellopu-plausas-150g\/\"]}]},{\"@type\":\"ImageObject\",\"inLanguage\":\"lv-LV\",\"@id\":\"https:\/\/miumjau.ee\/lv\/produkts\/sana-dabisks-sunu-gardums-liellopu-plausas-150g\/#primaryimage\",\"url\":\"https:\/\/miumjau.ee\/wp-content\/uploads\/2025\/03\/veise-kops-sana1.jpg\",\"contentUrl\":\"https:\/\/miumjau.ee\/wp-content\/uploads\/2025\/03\/veise-kops-sana1.jpg\",\"width\":600,\"height\":800},{\"@type\":\"BreadcrumbList\",\"@id\":\"https:\/\/miumjau.ee\/lv\/produkts\/sana-dabisks-sunu-gardums-liellopu-plausas-150g\/#breadcrumb\",\"itemListElement\":[{\"@type\":\"ListItem\",\"position\":1,\"name\":\"Home\",\"item\":\"https:\/\/miumjau.ee\/lv\/\"},{\"@type\":\"ListItem\",\"position\":2,\"name\":\"Veikals\",\"item\":\"https:\/\/miumjau.ee\/lv\/veikals\/\"},{\"@type\":\"ListItem\",\"position\":3,\"name\":\"Sana Dabisks Su\u0146u Gardums, Liellopu Plau\u0161as 150g\"}]},{\"@type\":\"WebSite\",\"@id\":\"https:\/\/miumjau.ee\/#website\",\"url\":\"https:\/\/miumjau.ee\/\",\"name\":\"MiuMjau\",\"description\":\"Kraapimispuud kassidele\",\"publisher\":{\"@id\":\"https:\/\/miumjau.ee\/#organization\"},\"potentialAction\":[{\"@type\":\"SearchAction\",\"target\":{\"@type\":\"EntryPoint\",\"urlTemplate\":\"https:\/\/miumjau.ee\/?s={search_term_string}\"},\"query-input\":{\"@type\":\"PropertyValueSpecification\",\"valueRequired\":true,\"valueName\":\"search_term_string\"}}],\"inLanguage\":\"lv-LV\"},{\"@type\":\"Organization\",\"@id\":\"https:\/\/miumjau.ee\/#organization\",\"name\":\"MiuMjau O\u00dc\",\"url\":\"https:\/\/miumjau.ee\/\",\"logo\":{\"@type\":\"ImageObject\",\"inLanguage\":\"lv-LV\",\"@id\":\"https:\/\/miumjau.ee\/#\/schema\/logo\/image\/\",\"url\":\"https:\/\/miumjau.ee\/wp-content\/uploads\/2022\/04\/MiuMjau-logo-kollane.png\",\"contentUrl\":\"https:\/\/miumjau.ee\/wp-content\/uploads\/2022\/04\/MiuMjau-logo-kollane.png\",\"width\":219,\"height\":100,\"caption\":\"MiuMjau O\u00dc\"},\"image\":{\"@id\":\"https:\/\/miumjau.ee\/#\/schema\/logo\/image\/\"},\"sameAs\":[\"https:\/\/www.facebook.com\/miumjaupood\/\"]}]}<\/script>\n<!-- \/ Yoast SEO plugin. -->","yoast_head_json":{"title":"Sana Dabisks Su\u0146u Gardums, Liellopu Plau\u0161as 150g - MiuMjau","robots":{"index":"index","follow":"follow","max-snippet":"max-snippet:-1","max-image-preview":"max-image-preview:large","max-video-preview":"max-video-preview:-1"},"canonical":"https:\/\/miumjau.ee\/lv\/produkts\/sana-dabisks-sunu-gardums-liellopu-plausas-150g\/","og_locale":"lv_LV","og_type":"article","og_title":"Sana Dabisks Su\u0146u Gardums, Liellopu Plau\u0161as 150g - MiuMjau","og_description":"Pied\u0101v\u0101jiet savam sunim krauk\u0161\u0137\u012bgas un gar\u0161\u012bgas liellopu plau\u0161as! Gardums ar maigu arom\u0101tu, viegli ko\u0161\u013c\u0101jamu tekst\u016bru un vienu sast\u0101vda\u013cu, ko visi su\u0146i m\u012bl. Liellopu plau\u0161as ir lielisks olbaltumvielu un aminosk\u0101bju avots. Nesatur konservantus vai piedevas, t\u0101d\u0113\u013c piem\u0113rots ar\u012b jut\u012bgiem su\u0146iem. Priek\u0161roc\u012bbas:\u2714 100 % t\u012brs liellops\u2714 M\u012bksta un krauk\u0161\u0137\u012bga tekst\u016bra\u2714 Dabiski olbaltumviel\u0101m bag\u0101ts\u2714 Piem\u0113rots neapstr\u0101d\u0101tu p\u0101rtiku \u0113do\u0161iem su\u0146iem Sast\u0101vs: 100 % liellopu plau\u0161as Bar\u012bbas v\u0113rt\u012bba: Olbaltumvielas \u2013 54 %, Tauki \u2013 2,6 %, Mitrums \u2013 11 %, Pelni \u2013 2 %, \u0160\u0137iedras \u2013 1,6 %","og_url":"https:\/\/miumjau.ee\/lv\/produkts\/sana-dabisks-sunu-gardums-liellopu-plausas-150g\/","og_site_name":"MiuMjau","article_publisher":"https:\/\/www.facebook.com\/miumjaupood\/","og_image":[{"width":600,"height":800,"url":"https:\/\/miumjau.ee\/wp-content\/uploads\/2025\/03\/veise-kops-sana1.jpg","type":"image\/jpeg"}],"twitter_card":"summary_large_image","schema":{"@context":"https:\/\/schema.org","@graph":[{"@type":"WebPage","@id":"https:\/\/miumjau.ee\/lv\/produkts\/sana-dabisks-sunu-gardums-liellopu-plausas-150g\/","url":"https:\/\/miumjau.ee\/lv\/produkts\/sana-dabisks-sunu-gardums-liellopu-plausas-150g\/","name":"Sana Dabisks Su\u0146u Gardums, Liellopu Plau\u0161as 150g - MiuMjau","isPartOf":{"@id":"https:\/\/miumjau.ee\/#website"},"primaryImageOfPage":{"@id":"https:\/\/miumjau.ee\/lv\/produkts\/sana-dabisks-sunu-gardums-liellopu-plausas-150g\/#primaryimage"},"image":{"@id":"https:\/\/miumjau.ee\/lv\/produkts\/sana-dabisks-sunu-gardums-liellopu-plausas-150g\/#primaryimage"},"thumbnailUrl":"https:\/\/miumjau.ee\/wp-content\/uploads\/2025\/03\/veise-kops-sana1.jpg","datePublished":"2025-03-20T12:45:44+00:00","breadcrumb":{"@id":"https:\/\/miumjau.ee\/lv\/produkts\/sana-dabisks-sunu-gardums-liellopu-plausas-150g\/#breadcrumb"},"inLanguage":"lv-LV","potentialAction":[{"@type":"ReadAction","target":["https:\/\/miumjau.ee\/lv\/produkts\/sana-dabisks-sunu-gardums-liellopu-plausas-150g\/"]}]},{"@type":"ImageObject","inLanguage":"lv-LV","@id":"https:\/\/miumjau.ee\/lv\/produkts\/sana-dabisks-sunu-gardums-liellopu-plausas-150g\/#primaryimage","url":"https:\/\/miumjau.ee\/wp-content\/uploads\/2025\/03\/veise-kops-sana1.jpg","contentUrl":"https:\/\/miumjau.ee\/wp-content\/uploads\/2025\/03\/veise-kops-sana1.jpg","width":600,"height":800},{"@type":"BreadcrumbList","@id":"https:\/\/miumjau.ee\/lv\/produkts\/sana-dabisks-sunu-gardums-liellopu-plausas-150g\/#breadcrumb","itemListElement":[{"@type":"ListItem","position":1,"name":"Home","item":"https:\/\/miumjau.ee\/lv\/"},{"@type":"ListItem","position":2,"name":"Veikals","item":"https:\/\/miumjau.ee\/lv\/veikals\/"},{"@type":"ListItem","position":3,"name":"Sana Dabisks Su\u0146u Gardums, Liellopu Plau\u0161as 150g"}]},{"@type":"WebSite","@id":"https:\/\/miumjau.ee\/#website","url":"https:\/\/miumjau.ee\/","name":"MiuMjau","description":"Kraapimispuud kassidele","publisher":{"@id":"https:\/\/miumjau.ee\/#organization"},"potentialAction":[{"@type":"SearchAction","target":{"@type":"EntryPoint","urlTemplate":"https:\/\/miumjau.ee\/?s={search_term_string}"},"query-input":{"@type":"PropertyValueSpecification","valueRequired":true,"valueName":"search_term_string"}}],"inLanguage":"lv-LV"},{"@type":"Organization","@id":"https:\/\/miumjau.ee\/#organization","name":"MiuMjau O\u00dc","url":"https:\/\/miumjau.ee\/","logo":{"@type":"ImageObject","inLanguage":"lv-LV","@id":"https:\/\/miumjau.ee\/#\/schema\/logo\/image\/","url":"https:\/\/miumjau.ee\/wp-content\/uploads\/2022\/04\/MiuMjau-logo-kollane.png","contentUrl":"https:\/\/miumjau.ee\/wp-content\/uploads\/2022\/04\/MiuMjau-logo-kollane.png","width":219,"height":100,"caption":"MiuMjau O\u00dc"},"image":{"@id":"https:\/\/miumjau.ee\/#\/schema\/logo\/image\/"},"sameAs":["https:\/\/www.facebook.com\/miumjaupood\/"]}]}},"_links":{"self":[{"href":"https:\/\/miumjau.ee\/lv\/wp-json\/wp\/v2\/product\/51761","targetHints":{"allow":["GET"]}}],"collection":[{"href":"https:\/\/miumjau.ee\/lv\/wp-json\/wp\/v2\/product"}],"about":[{"href":"https:\/\/miumjau.ee\/lv\/wp-json\/wp\/v2\/types\/product"}],"wp:featuredmedia":[{"embeddable":true,"href":"https:\/\/miumjau.ee\/lv\/wp-json\/wp\/v2\/media\/51762"}],"wp:attachment":[{"href":"https:\/\/miumjau.ee\/lv\/wp-json\/wp\/v2\/media?parent=51761"}],"wp:term":[{"taxonomy":"product_brand","embeddable":true,"href":"https:\/\/miumjau.ee\/lv\/wp-json\/wp\/v2\/product_brand?post=51761"},{"taxonomy":"product_cat","embeddable":true,"href":"https:\/\/miumjau.ee\/lv\/wp-json\/wp\/v2\/product_cat?post=51761"},{"taxonomy":"product_tag","embeddable":true,"href":"https:\/\/miumjau.ee\/lv\/wp-json\/wp\/v2\/product_tag?post=51761"}],"curies":[{"name":"wp","href":"https:\/\/api.w.org\/{rel}","templated":true}]}}