{"id":51739,"date":"2025-03-25T11:18:31","date_gmt":"2025-03-25T09:18:31","guid":{"rendered":"https:\/\/miumjau.ee\/toode\/pita-versa-dzimumloceklis-25cm-monster-1-gab\/"},"modified":"2025-03-25T11:18:31","modified_gmt":"2025-03-25T09:18:31","slug":"pita-versa-dzimumloceklis-25cm-monster-1-gab","status":"publish","type":"product","link":"https:\/\/miumjau.ee\/lv\/produkts\/pita-versa-dzimumloceklis-25cm-monster-1-gab\/","title":{"rendered":"P\u012bt\u0101 V\u0113r\u0161a Dzimumloceklis 25cm (Monster) 1 gab."},"content":{"rendered":"","protected":false},"excerpt":{"rendered":"<p data-start=\"3349\" data-end=\"3684\">V\u0113r\u0161a dzimumloceklis ir pasaules vec\u0101kais un popul\u0101r\u0101kais su\u0146u ko\u0161\u013c\u0101jamais gardums. M\u016bsu \u012bpa\u0161ie ko\u0161\u013c\u0101jumi sniedz katram sunim vesel\u012bgu un ilgsto\u0161u ko\u0161\u013c\u0101\u0161anas prieku. Augsts olbaltumvielu saturs un kolag\u0113ns padara tos \u012bpa\u0161i v\u0113rt\u012bgus k\u0101 uzkodu. M\u016bsu p\u012btie gardumi ir v\u0113l \u012bpa\u0161\u0101ki \u2013 p\u012btes dobumi veicina r\u016bp\u012bgu un intens\u012bvu zobu kop\u0161anu.<\/p>\n<p data-start=\"3686\" data-end=\"3812\">L\u016bdzu, \u0146emiet v\u0113r\u0101 \u2013 tas ir m\u016bsu vissp\u0113c\u012bg\u0101kais un resn\u0101kais ko\u0161\u013c\u0101jamais gardums su\u0146iem. Ide\u0101la izv\u0113le ar\u012b lielaj\u0101m \u0161\u0137irn\u0113m!<\/p>\n<p data-start=\"3814\" data-end=\"4118\"><strong data-start=\"3814\" data-end=\"3879\">K\u0101p\u0113c izv\u0113l\u0113ties SANADOG v\u0113r\u0161a dzimumlocekli k\u0101 su\u0146u gardumu?<\/strong><br data-start=\"3879\" data-end=\"3882\" \/>\ud83d\udd39 Bez piedev\u0101m \u2013 t\u012brs un dabisks<br data-start=\"3915\" data-end=\"3918\" \/>\ud83d\udd39 Maigi \u017e\u0101v\u0113ts gais\u0101, bez nepat\u012bkamas smakas<br data-start=\"3963\" data-end=\"3966\" \/>\ud83d\udd39 Augsts olbaltumvielu saturs un bag\u0101ts kolag\u0113n\u0101<br data-start=\"4015\" data-end=\"4018\" \/>\ud83d\udd39 Pal\u012bdz t\u012br\u012bt zobus un stiprina ko\u0161\u013c\u0101\u0161anas musku\u013cus<br data-start=\"4071\" data-end=\"4074\" \/>\ud83d\udd39 100 % izsekojami viet\u0113jie izejmateri\u0101li<\/p>\n<p data-start=\"4120\" data-end=\"4282\">L\u0113t\u0101kie v\u0113r\u0161a astes gabali bie\u017ei n\u0101k no \u0100zijas, kur tos l\u0113ni \u017e\u0101v\u0113 saul\u0113 un p\u0113c tam \u0101tri steriliz\u0113. \u0160is process izraisa ferment\u0101ciju un sp\u0113c\u012bgu nepat\u012bkamu smaku.<\/p>\n<p data-start=\"4284\" data-end=\"4702\">M\u016bsu gardumi ir piln\u012bgi cit\u0101di! Tie tiek \u017e\u0101v\u0113ti \u012bpa\u0161\u0101 veid\u0101 gais\u0101 m\u016bsu pa\u0161u ra\u017eotn\u0113, saglab\u0101jot tikai vieglu un dabisku \u201cfermas smar\u017eu.\u201d M\u016bsu gaisa \u017e\u0101v\u0113\u0161anas tehnolo\u0123ija ir m\u016bsdien\u012bga gadsimtiem vecu ga\u013cas saglab\u0101\u0161anas meto\u017eu interpret\u0101cija. R\u016bp\u012bgi atlas\u012bti izejmateri\u0101li ir viet\u0113j\u0101s izcelsmes un 100 % izsekojami. Maiga ra\u017eo\u0161anas metode saglab\u0101 svar\u012bgas uzturvielas, pal\u012bdzot sunim ilgsto\u0161i b\u016bt veselam un dz\u012bv\u012bgam.<\/p>\n<p data-start=\"4704\" data-end=\"4803\">Gardumi tiek iepakoti caursp\u012bd\u012bg\u0101 atk\u0101rtoti aizveram\u0101 maisi\u0146\u0101 atbilsto\u0161i ieg\u0101d\u0101to gabalu skaitam.<\/p>\n","protected":false},"featured_media":51740,"template":"","meta":[],"product_brand":[],"product_cat":[576],"product_tag":[],"class_list":{"0":"post-51739","1":"product","2":"type-product","3":"status-publish","4":"has-post-thumbnail","6":"product_cat-naski-suniem","8":"first","9":"instock","10":"taxable","11":"shipping-taxable","12":"purchasable","13":"product-type-simple"},"yoast_head":"<!-- This site is optimized with the Yoast SEO plugin v27.2 - https:\/\/yoast.com\/product\/yoast-seo-wordpress\/ -->\n<title>P\u012bt\u0101 V\u0113r\u0161a Dzimumloceklis 25cm (Monster) 1 gab. - MiuMjau<\/title>\n<meta name=\"robots\" content=\"index, follow, max-snippet:-1, max-image-preview:large, max-video-preview:-1\" \/>\n<link rel=\"canonical\" href=\"https:\/\/miumjau.ee\/lv\/produkts\/pita-versa-dzimumloceklis-25cm-monster-1-gab\/\" \/>\n<meta property=\"og:locale\" content=\"lv_LV\" \/>\n<meta property=\"og:type\" content=\"article\" \/>\n<meta property=\"og:title\" content=\"P\u012bt\u0101 V\u0113r\u0161a Dzimumloceklis 25cm (Monster) 1 gab. - MiuMjau\" \/>\n<meta property=\"og:description\" content=\"V\u0113r\u0161a dzimumloceklis ir pasaules vec\u0101kais un popul\u0101r\u0101kais su\u0146u ko\u0161\u013c\u0101jamais gardums. M\u016bsu \u012bpa\u0161ie ko\u0161\u013c\u0101jumi sniedz katram sunim vesel\u012bgu un ilgsto\u0161u ko\u0161\u013c\u0101\u0161anas prieku. Augsts olbaltumvielu saturs un kolag\u0113ns padara tos \u012bpa\u0161i v\u0113rt\u012bgus k\u0101 uzkodu. M\u016bsu p\u012btie gardumi ir v\u0113l \u012bpa\u0161\u0101ki \u2013 p\u012btes dobumi veicina r\u016bp\u012bgu un intens\u012bvu zobu kop\u0161anu. L\u016bdzu, \u0146emiet v\u0113r\u0101 \u2013 tas ir m\u016bsu vissp\u0113c\u012bg\u0101kais un resn\u0101kais ko\u0161\u013c\u0101jamais gardums su\u0146iem. Ide\u0101la izv\u0113le ar\u012b lielaj\u0101m \u0161\u0137irn\u0113m! K\u0101p\u0113c izv\u0113l\u0113ties SANADOG v\u0113r\u0161a dzimumlocekli k\u0101 su\u0146u gardumu?\ud83d\udd39 Bez piedev\u0101m \u2013 t\u012brs un dabisks\ud83d\udd39 Maigi \u017e\u0101v\u0113ts gais\u0101, bez nepat\u012bkamas smakas\ud83d\udd39 Augsts olbaltumvielu saturs un bag\u0101ts kolag\u0113n\u0101\ud83d\udd39 Pal\u012bdz t\u012br\u012bt zobus un stiprina ko\u0161\u013c\u0101\u0161anas musku\u013cus\ud83d\udd39 100 % izsekojami viet\u0113jie izejmateri\u0101li L\u0113t\u0101kie v\u0113r\u0161a astes gabali bie\u017ei n\u0101k no \u0100zijas, kur tos l\u0113ni \u017e\u0101v\u0113 saul\u0113 un p\u0113c tam \u0101tri steriliz\u0113. \u0160is process izraisa ferment\u0101ciju un sp\u0113c\u012bgu nepat\u012bkamu smaku. M\u016bsu gardumi ir piln\u012bgi cit\u0101di! Tie tiek \u017e\u0101v\u0113ti \u012bpa\u0161\u0101 veid\u0101 gais\u0101 m\u016bsu pa\u0161u ra\u017eotn\u0113, saglab\u0101jot tikai vieglu un dabisku \u201cfermas smar\u017eu.\u201d M\u016bsu gaisa \u017e\u0101v\u0113\u0161anas tehnolo\u0123ija ir m\u016bsdien\u012bga gadsimtiem vecu ga\u013cas saglab\u0101\u0161anas meto\u017eu interpret\u0101cija. R\u016bp\u012bgi atlas\u012bti izejmateri\u0101li ir viet\u0113j\u0101s izcelsmes un 100 % izsekojami. Maiga ra\u017eo\u0161anas metode saglab\u0101 svar\u012bgas uzturvielas, pal\u012bdzot sunim ilgsto\u0161i b\u016bt veselam un dz\u012bv\u012bgam. Gardumi tiek iepakoti caursp\u012bd\u012bg\u0101 atk\u0101rtoti aizveram\u0101 maisi\u0146\u0101 atbilsto\u0161i ieg\u0101d\u0101to gabalu skaitam.\" \/>\n<meta property=\"og:url\" content=\"https:\/\/miumjau.ee\/lv\/produkts\/pita-versa-dzimumloceklis-25cm-monster-1-gab\/\" \/>\n<meta property=\"og:site_name\" content=\"MiuMjau\" \/>\n<meta property=\"article:publisher\" content=\"https:\/\/www.facebook.com\/miumjaupood\/\" \/>\n<meta property=\"og:image\" content=\"https:\/\/miumjau.ee\/wp-content\/uploads\/2025\/03\/punutud-pullipeenis-25cm-monster2-Photoroom.webp\" \/>\n\t<meta property=\"og:image:width\" content=\"600\" \/>\n\t<meta property=\"og:image:height\" content=\"800\" \/>\n\t<meta property=\"og:image:type\" content=\"image\/webp\" \/>\n<meta name=\"twitter:card\" content=\"summary_large_image\" \/>\n<script type=\"application\/ld+json\" class=\"yoast-schema-graph\">{\"@context\":\"https:\/\/schema.org\",\"@graph\":[{\"@type\":\"WebPage\",\"@id\":\"https:\/\/miumjau.ee\/lv\/produkts\/pita-versa-dzimumloceklis-25cm-monster-1-gab\/\",\"url\":\"https:\/\/miumjau.ee\/lv\/produkts\/pita-versa-dzimumloceklis-25cm-monster-1-gab\/\",\"name\":\"P\u012bt\u0101 V\u0113r\u0161a Dzimumloceklis 25cm (Monster) 1 gab. - MiuMjau\",\"isPartOf\":{\"@id\":\"https:\/\/miumjau.ee\/#website\"},\"primaryImageOfPage\":{\"@id\":\"https:\/\/miumjau.ee\/lv\/produkts\/pita-versa-dzimumloceklis-25cm-monster-1-gab\/#primaryimage\"},\"image\":{\"@id\":\"https:\/\/miumjau.ee\/lv\/produkts\/pita-versa-dzimumloceklis-25cm-monster-1-gab\/#primaryimage\"},\"thumbnailUrl\":\"https:\/\/miumjau.ee\/wp-content\/uploads\/2025\/03\/punutud-pullipeenis-25cm-monster2-Photoroom.webp\",\"datePublished\":\"2025-03-25T09:18:31+00:00\",\"breadcrumb\":{\"@id\":\"https:\/\/miumjau.ee\/lv\/produkts\/pita-versa-dzimumloceklis-25cm-monster-1-gab\/#breadcrumb\"},\"inLanguage\":\"lv-LV\",\"potentialAction\":[{\"@type\":\"ReadAction\",\"target\":[\"https:\/\/miumjau.ee\/lv\/produkts\/pita-versa-dzimumloceklis-25cm-monster-1-gab\/\"]}]},{\"@type\":\"ImageObject\",\"inLanguage\":\"lv-LV\",\"@id\":\"https:\/\/miumjau.ee\/lv\/produkts\/pita-versa-dzimumloceklis-25cm-monster-1-gab\/#primaryimage\",\"url\":\"https:\/\/miumjau.ee\/wp-content\/uploads\/2025\/03\/punutud-pullipeenis-25cm-monster2-Photoroom.webp\",\"contentUrl\":\"https:\/\/miumjau.ee\/wp-content\/uploads\/2025\/03\/punutud-pullipeenis-25cm-monster2-Photoroom.webp\",\"width\":600,\"height\":800},{\"@type\":\"BreadcrumbList\",\"@id\":\"https:\/\/miumjau.ee\/lv\/produkts\/pita-versa-dzimumloceklis-25cm-monster-1-gab\/#breadcrumb\",\"itemListElement\":[{\"@type\":\"ListItem\",\"position\":1,\"name\":\"Home\",\"item\":\"https:\/\/miumjau.ee\/lv\/\"},{\"@type\":\"ListItem\",\"position\":2,\"name\":\"Veikals\",\"item\":\"https:\/\/miumjau.ee\/lv\/veikals\/\"},{\"@type\":\"ListItem\",\"position\":3,\"name\":\"P\u012bt\u0101 V\u0113r\u0161a Dzimumloceklis 25cm (Monster) 1 gab.\"}]},{\"@type\":\"WebSite\",\"@id\":\"https:\/\/miumjau.ee\/#website\",\"url\":\"https:\/\/miumjau.ee\/\",\"name\":\"MiuMjau\",\"description\":\"Kraapimispuud kassidele\",\"publisher\":{\"@id\":\"https:\/\/miumjau.ee\/#organization\"},\"potentialAction\":[{\"@type\":\"SearchAction\",\"target\":{\"@type\":\"EntryPoint\",\"urlTemplate\":\"https:\/\/miumjau.ee\/?s={search_term_string}\"},\"query-input\":{\"@type\":\"PropertyValueSpecification\",\"valueRequired\":true,\"valueName\":\"search_term_string\"}}],\"inLanguage\":\"lv-LV\"},{\"@type\":\"Organization\",\"@id\":\"https:\/\/miumjau.ee\/#organization\",\"name\":\"MiuMjau O\u00dc\",\"url\":\"https:\/\/miumjau.ee\/\",\"logo\":{\"@type\":\"ImageObject\",\"inLanguage\":\"lv-LV\",\"@id\":\"https:\/\/miumjau.ee\/#\/schema\/logo\/image\/\",\"url\":\"https:\/\/miumjau.ee\/wp-content\/uploads\/2022\/04\/MiuMjau-logo-kollane.png\",\"contentUrl\":\"https:\/\/miumjau.ee\/wp-content\/uploads\/2022\/04\/MiuMjau-logo-kollane.png\",\"width\":219,\"height\":100,\"caption\":\"MiuMjau O\u00dc\"},\"image\":{\"@id\":\"https:\/\/miumjau.ee\/#\/schema\/logo\/image\/\"},\"sameAs\":[\"https:\/\/www.facebook.com\/miumjaupood\/\"]}]}<\/script>\n<!-- \/ Yoast SEO plugin. -->","yoast_head_json":{"title":"P\u012bt\u0101 V\u0113r\u0161a Dzimumloceklis 25cm (Monster) 1 gab. - MiuMjau","robots":{"index":"index","follow":"follow","max-snippet":"max-snippet:-1","max-image-preview":"max-image-preview:large","max-video-preview":"max-video-preview:-1"},"canonical":"https:\/\/miumjau.ee\/lv\/produkts\/pita-versa-dzimumloceklis-25cm-monster-1-gab\/","og_locale":"lv_LV","og_type":"article","og_title":"P\u012bt\u0101 V\u0113r\u0161a Dzimumloceklis 25cm (Monster) 1 gab. - MiuMjau","og_description":"V\u0113r\u0161a dzimumloceklis ir pasaules vec\u0101kais un popul\u0101r\u0101kais su\u0146u ko\u0161\u013c\u0101jamais gardums. M\u016bsu \u012bpa\u0161ie ko\u0161\u013c\u0101jumi sniedz katram sunim vesel\u012bgu un ilgsto\u0161u ko\u0161\u013c\u0101\u0161anas prieku. Augsts olbaltumvielu saturs un kolag\u0113ns padara tos \u012bpa\u0161i v\u0113rt\u012bgus k\u0101 uzkodu. M\u016bsu p\u012btie gardumi ir v\u0113l \u012bpa\u0161\u0101ki \u2013 p\u012btes dobumi veicina r\u016bp\u012bgu un intens\u012bvu zobu kop\u0161anu. L\u016bdzu, \u0146emiet v\u0113r\u0101 \u2013 tas ir m\u016bsu vissp\u0113c\u012bg\u0101kais un resn\u0101kais ko\u0161\u013c\u0101jamais gardums su\u0146iem. Ide\u0101la izv\u0113le ar\u012b lielaj\u0101m \u0161\u0137irn\u0113m! K\u0101p\u0113c izv\u0113l\u0113ties SANADOG v\u0113r\u0161a dzimumlocekli k\u0101 su\u0146u gardumu?\ud83d\udd39 Bez piedev\u0101m \u2013 t\u012brs un dabisks\ud83d\udd39 Maigi \u017e\u0101v\u0113ts gais\u0101, bez nepat\u012bkamas smakas\ud83d\udd39 Augsts olbaltumvielu saturs un bag\u0101ts kolag\u0113n\u0101\ud83d\udd39 Pal\u012bdz t\u012br\u012bt zobus un stiprina ko\u0161\u013c\u0101\u0161anas musku\u013cus\ud83d\udd39 100 % izsekojami viet\u0113jie izejmateri\u0101li L\u0113t\u0101kie v\u0113r\u0161a astes gabali bie\u017ei n\u0101k no \u0100zijas, kur tos l\u0113ni \u017e\u0101v\u0113 saul\u0113 un p\u0113c tam \u0101tri steriliz\u0113. \u0160is process izraisa ferment\u0101ciju un sp\u0113c\u012bgu nepat\u012bkamu smaku. M\u016bsu gardumi ir piln\u012bgi cit\u0101di! Tie tiek \u017e\u0101v\u0113ti \u012bpa\u0161\u0101 veid\u0101 gais\u0101 m\u016bsu pa\u0161u ra\u017eotn\u0113, saglab\u0101jot tikai vieglu un dabisku \u201cfermas smar\u017eu.\u201d M\u016bsu gaisa \u017e\u0101v\u0113\u0161anas tehnolo\u0123ija ir m\u016bsdien\u012bga gadsimtiem vecu ga\u013cas saglab\u0101\u0161anas meto\u017eu interpret\u0101cija. R\u016bp\u012bgi atlas\u012bti izejmateri\u0101li ir viet\u0113j\u0101s izcelsmes un 100 % izsekojami. Maiga ra\u017eo\u0161anas metode saglab\u0101 svar\u012bgas uzturvielas, pal\u012bdzot sunim ilgsto\u0161i b\u016bt veselam un dz\u012bv\u012bgam. Gardumi tiek iepakoti caursp\u012bd\u012bg\u0101 atk\u0101rtoti aizveram\u0101 maisi\u0146\u0101 atbilsto\u0161i ieg\u0101d\u0101to gabalu skaitam.","og_url":"https:\/\/miumjau.ee\/lv\/produkts\/pita-versa-dzimumloceklis-25cm-monster-1-gab\/","og_site_name":"MiuMjau","article_publisher":"https:\/\/www.facebook.com\/miumjaupood\/","og_image":[{"width":600,"height":800,"url":"https:\/\/miumjau.ee\/wp-content\/uploads\/2025\/03\/punutud-pullipeenis-25cm-monster2-Photoroom.webp","type":"image\/webp"}],"twitter_card":"summary_large_image","schema":{"@context":"https:\/\/schema.org","@graph":[{"@type":"WebPage","@id":"https:\/\/miumjau.ee\/lv\/produkts\/pita-versa-dzimumloceklis-25cm-monster-1-gab\/","url":"https:\/\/miumjau.ee\/lv\/produkts\/pita-versa-dzimumloceklis-25cm-monster-1-gab\/","name":"P\u012bt\u0101 V\u0113r\u0161a Dzimumloceklis 25cm (Monster) 1 gab. - MiuMjau","isPartOf":{"@id":"https:\/\/miumjau.ee\/#website"},"primaryImageOfPage":{"@id":"https:\/\/miumjau.ee\/lv\/produkts\/pita-versa-dzimumloceklis-25cm-monster-1-gab\/#primaryimage"},"image":{"@id":"https:\/\/miumjau.ee\/lv\/produkts\/pita-versa-dzimumloceklis-25cm-monster-1-gab\/#primaryimage"},"thumbnailUrl":"https:\/\/miumjau.ee\/wp-content\/uploads\/2025\/03\/punutud-pullipeenis-25cm-monster2-Photoroom.webp","datePublished":"2025-03-25T09:18:31+00:00","breadcrumb":{"@id":"https:\/\/miumjau.ee\/lv\/produkts\/pita-versa-dzimumloceklis-25cm-monster-1-gab\/#breadcrumb"},"inLanguage":"lv-LV","potentialAction":[{"@type":"ReadAction","target":["https:\/\/miumjau.ee\/lv\/produkts\/pita-versa-dzimumloceklis-25cm-monster-1-gab\/"]}]},{"@type":"ImageObject","inLanguage":"lv-LV","@id":"https:\/\/miumjau.ee\/lv\/produkts\/pita-versa-dzimumloceklis-25cm-monster-1-gab\/#primaryimage","url":"https:\/\/miumjau.ee\/wp-content\/uploads\/2025\/03\/punutud-pullipeenis-25cm-monster2-Photoroom.webp","contentUrl":"https:\/\/miumjau.ee\/wp-content\/uploads\/2025\/03\/punutud-pullipeenis-25cm-monster2-Photoroom.webp","width":600,"height":800},{"@type":"BreadcrumbList","@id":"https:\/\/miumjau.ee\/lv\/produkts\/pita-versa-dzimumloceklis-25cm-monster-1-gab\/#breadcrumb","itemListElement":[{"@type":"ListItem","position":1,"name":"Home","item":"https:\/\/miumjau.ee\/lv\/"},{"@type":"ListItem","position":2,"name":"Veikals","item":"https:\/\/miumjau.ee\/lv\/veikals\/"},{"@type":"ListItem","position":3,"name":"P\u012bt\u0101 V\u0113r\u0161a Dzimumloceklis 25cm (Monster) 1 gab."}]},{"@type":"WebSite","@id":"https:\/\/miumjau.ee\/#website","url":"https:\/\/miumjau.ee\/","name":"MiuMjau","description":"Kraapimispuud kassidele","publisher":{"@id":"https:\/\/miumjau.ee\/#organization"},"potentialAction":[{"@type":"SearchAction","target":{"@type":"EntryPoint","urlTemplate":"https:\/\/miumjau.ee\/?s={search_term_string}"},"query-input":{"@type":"PropertyValueSpecification","valueRequired":true,"valueName":"search_term_string"}}],"inLanguage":"lv-LV"},{"@type":"Organization","@id":"https:\/\/miumjau.ee\/#organization","name":"MiuMjau O\u00dc","url":"https:\/\/miumjau.ee\/","logo":{"@type":"ImageObject","inLanguage":"lv-LV","@id":"https:\/\/miumjau.ee\/#\/schema\/logo\/image\/","url":"https:\/\/miumjau.ee\/wp-content\/uploads\/2022\/04\/MiuMjau-logo-kollane.png","contentUrl":"https:\/\/miumjau.ee\/wp-content\/uploads\/2022\/04\/MiuMjau-logo-kollane.png","width":219,"height":100,"caption":"MiuMjau O\u00dc"},"image":{"@id":"https:\/\/miumjau.ee\/#\/schema\/logo\/image\/"},"sameAs":["https:\/\/www.facebook.com\/miumjaupood\/"]}]}},"_links":{"self":[{"href":"https:\/\/miumjau.ee\/lv\/wp-json\/wp\/v2\/product\/51739","targetHints":{"allow":["GET"]}}],"collection":[{"href":"https:\/\/miumjau.ee\/lv\/wp-json\/wp\/v2\/product"}],"about":[{"href":"https:\/\/miumjau.ee\/lv\/wp-json\/wp\/v2\/types\/product"}],"wp:featuredmedia":[{"embeddable":true,"href":"https:\/\/miumjau.ee\/lv\/wp-json\/wp\/v2\/media\/51740"}],"wp:attachment":[{"href":"https:\/\/miumjau.ee\/lv\/wp-json\/wp\/v2\/media?parent=51739"}],"wp:term":[{"taxonomy":"product_brand","embeddable":true,"href":"https:\/\/miumjau.ee\/lv\/wp-json\/wp\/v2\/product_brand?post=51739"},{"taxonomy":"product_cat","embeddable":true,"href":"https:\/\/miumjau.ee\/lv\/wp-json\/wp\/v2\/product_cat?post=51739"},{"taxonomy":"product_tag","embeddable":true,"href":"https:\/\/miumjau.ee\/lv\/wp-json\/wp\/v2\/product_tag?post=51739"}],"curies":[{"name":"wp","href":"https:\/\/api.w.org\/{rel}","templated":true}]}}