{"id":51700,"date":"2025-03-25T11:18:41","date_gmt":"2025-03-25T09:18:41","guid":{"rendered":"https:\/\/miumjau.ee\/toode\/zaveta-vistas-krutinas-fileja-sana-1kg\/"},"modified":"2025-03-25T11:18:41","modified_gmt":"2025-03-25T09:18:41","slug":"zaveta-vistas-krutinas-fileja-sana-1kg","status":"publish","type":"product","link":"https:\/\/miumjau.ee\/lv\/produkts\/zaveta-vistas-krutinas-fileja-sana-1kg\/","title":{"rendered":"\u017d\u0101v\u0113ta Vistas Kr\u016bti\u0146as Fileja Sana, 1kg"},"content":{"rendered":"","protected":false},"excerpt":{"rendered":"<p data-start=\"3202\" data-end=\"3337\">Vistas kr\u016bti\u0146as filejas tiek p\u0101rdotas p\u0113c svara un pieg\u0101d\u0101tas caursp\u012bd\u012bg\u0101 atk\u0101rtoti aizveram\u0101 maisi\u0146\u0101 atbilsto\u0161i v\u0113lamajam daudzumam.<\/p>\n<p data-start=\"3339\" data-end=\"3733\">M\u016bsu gar\u0161\u012bg\u0101 \u017e\u0101v\u0113t\u0101 vistas kr\u016bti\u0146as fileja ir \u012bsts delikateses produkts dabisko ko\u0161\u013c\u0101jamo starp\u0101. Vistas kr\u016bti\u0146as fileja ir liesa un prote\u012bniem bag\u0101ta ga\u013ca, viegli sagremojama, t\u0101p\u0113c lieliski piem\u0113rota gan kuc\u0113niem, gan vec\u0101kiem su\u0146iem. T\u0101 satur b\u016btiskos B vitam\u012bnus un nepies\u0101tin\u0101t\u0101s tauksk\u0101bes, kas atbalsta \u0101das un ka\u017eoka vesel\u012bbu. Magnijs un k\u0101lijs sp\u0113l\u0113 svar\u012bgu lomu vielmai\u0146as procesos.<\/p>\n<p data-start=\"3735\" data-end=\"4173\">M\u016bsu vistas kr\u016bti\u0146as filejas tiek ra\u017eotas m\u016bsu pa\u0161u ra\u017eotn\u0113 bez piedev\u0101m \u2013 nav kukur\u016bzas, kvie\u0161u, sojas, kr\u0101svielu, konservantu, ga\u013cas miltu vai pildvielu. T\u0101s tiek l\u0113ni \u017e\u0101v\u0113tas gais\u0101, lai saglab\u0101tu dabisk\u0101s bar\u012bbas vielas. R\u016bp\u012bgi atlas\u012btas vistas kr\u016bti\u0146as filejas ir viet\u0113j\u0101s izcelsmes un 100 % izsekojamas. M\u016bsu saudz\u012bg\u0101 ra\u017eo\u0161anas metode saglab\u0101 vistas ga\u013cas b\u016btisk\u0101s uzturvielas, pal\u012bdzot j\u016bsu sunim ilgsto\u0161i b\u016bt veselam un dz\u012bv\u012bgam.<\/p>\n<p data-start=\"4175\" data-end=\"4258\"><strong data-start=\"4175\" data-end=\"4187\">Sast\u0101vs:<\/strong> 100 % vistas kr\u016bti\u0146as fileja. Viena sast\u0101vda\u013ca, papildbar\u012bba su\u0146iem.<\/p>\n<p data-start=\"4260\" data-end=\"4375\"><strong data-start=\"4260\" data-end=\"4287\">Anal\u012btiskie komponenti:<\/strong> Olbaltumvielas \u2013 70 %, Tauki \u2013 3,7 %, Mitrums \u2013 12 %, Pelni \u2013 2,2 %, \u0160\u0137iedras \u2013 3,3 %<\/p>\n<p data-start=\"4377\" data-end=\"4597\"><strong data-start=\"4377\" data-end=\"4401\">Baro\u0161anas ieteikums:<\/strong> Dot k\u0101 gardumu vai uzkodu starp \u0113dienreiz\u0113m. Ja nepiecie\u0161ams, samaziniet galven\u0101s bar\u012bbas daudzumu. Vienm\u0113r nodro\u0161iniet svaigu un t\u012bru dzeramo \u016bdeni. Nav piem\u0113rots su\u0146iem l\u012bdz 3 m\u0113ne\u0161u vecumam.<\/p>\n<p data-start=\"4599\" data-end=\"4645\"><strong data-start=\"4599\" data-end=\"4615\">Uzglab\u0101\u0161ana:<\/strong> Uzglab\u0101t v\u0113s\u0101, saus\u0101 viet\u0101.<\/p>\n","protected":false},"featured_media":51701,"template":"","meta":[],"product_brand":[],"product_cat":[576],"product_tag":[],"class_list":{"0":"post-51700","1":"product","2":"type-product","3":"status-publish","4":"has-post-thumbnail","6":"product_cat-naski-suniem","8":"first","9":"instock","10":"taxable","11":"shipping-taxable","12":"purchasable","13":"product-type-simple"},"yoast_head":"<!-- This site is optimized with the Yoast SEO plugin v27.2 - https:\/\/yoast.com\/product\/yoast-seo-wordpress\/ -->\n<title>\u017d\u0101v\u0113ta Vistas Kr\u016bti\u0146as Fileja Sana, 1kg - MiuMjau<\/title>\n<meta name=\"robots\" content=\"index, follow, max-snippet:-1, max-image-preview:large, max-video-preview:-1\" \/>\n<link rel=\"canonical\" href=\"https:\/\/miumjau.ee\/lv\/produkts\/zaveta-vistas-krutinas-fileja-sana-1kg\/\" \/>\n<meta property=\"og:locale\" content=\"lv_LV\" \/>\n<meta property=\"og:type\" content=\"article\" \/>\n<meta property=\"og:title\" content=\"\u017d\u0101v\u0113ta Vistas Kr\u016bti\u0146as Fileja Sana, 1kg - MiuMjau\" \/>\n<meta property=\"og:description\" content=\"Vistas kr\u016bti\u0146as filejas tiek p\u0101rdotas p\u0113c svara un pieg\u0101d\u0101tas caursp\u012bd\u012bg\u0101 atk\u0101rtoti aizveram\u0101 maisi\u0146\u0101 atbilsto\u0161i v\u0113lamajam daudzumam. M\u016bsu gar\u0161\u012bg\u0101 \u017e\u0101v\u0113t\u0101 vistas kr\u016bti\u0146as fileja ir \u012bsts delikateses produkts dabisko ko\u0161\u013c\u0101jamo starp\u0101. Vistas kr\u016bti\u0146as fileja ir liesa un prote\u012bniem bag\u0101ta ga\u013ca, viegli sagremojama, t\u0101p\u0113c lieliski piem\u0113rota gan kuc\u0113niem, gan vec\u0101kiem su\u0146iem. T\u0101 satur b\u016btiskos B vitam\u012bnus un nepies\u0101tin\u0101t\u0101s tauksk\u0101bes, kas atbalsta \u0101das un ka\u017eoka vesel\u012bbu. Magnijs un k\u0101lijs sp\u0113l\u0113 svar\u012bgu lomu vielmai\u0146as procesos. M\u016bsu vistas kr\u016bti\u0146as filejas tiek ra\u017eotas m\u016bsu pa\u0161u ra\u017eotn\u0113 bez piedev\u0101m \u2013 nav kukur\u016bzas, kvie\u0161u, sojas, kr\u0101svielu, konservantu, ga\u013cas miltu vai pildvielu. T\u0101s tiek l\u0113ni \u017e\u0101v\u0113tas gais\u0101, lai saglab\u0101tu dabisk\u0101s bar\u012bbas vielas. R\u016bp\u012bgi atlas\u012btas vistas kr\u016bti\u0146as filejas ir viet\u0113j\u0101s izcelsmes un 100 % izsekojamas. M\u016bsu saudz\u012bg\u0101 ra\u017eo\u0161anas metode saglab\u0101 vistas ga\u013cas b\u016btisk\u0101s uzturvielas, pal\u012bdzot j\u016bsu sunim ilgsto\u0161i b\u016bt veselam un dz\u012bv\u012bgam. Sast\u0101vs: 100 % vistas kr\u016bti\u0146as fileja. Viena sast\u0101vda\u013ca, papildbar\u012bba su\u0146iem. Anal\u012btiskie komponenti: Olbaltumvielas \u2013 70 %, Tauki \u2013 3,7 %, Mitrums \u2013 12 %, Pelni \u2013 2,2 %, \u0160\u0137iedras \u2013 3,3 % Baro\u0161anas ieteikums: Dot k\u0101 gardumu vai uzkodu starp \u0113dienreiz\u0113m. Ja nepiecie\u0161ams, samaziniet galven\u0101s bar\u012bbas daudzumu. Vienm\u0113r nodro\u0161iniet svaigu un t\u012bru dzeramo \u016bdeni. Nav piem\u0113rots su\u0146iem l\u012bdz 3 m\u0113ne\u0161u vecumam. Uzglab\u0101\u0161ana: Uzglab\u0101t v\u0113s\u0101, saus\u0101 viet\u0101.\" \/>\n<meta property=\"og:url\" content=\"https:\/\/miumjau.ee\/lv\/produkts\/zaveta-vistas-krutinas-fileja-sana-1kg\/\" \/>\n<meta property=\"og:site_name\" content=\"MiuMjau\" \/>\n<meta property=\"article:publisher\" content=\"https:\/\/www.facebook.com\/miumjaupood\/\" \/>\n<meta property=\"og:image\" content=\"https:\/\/miumjau.ee\/wp-content\/uploads\/2025\/03\/kana-rinnafilee-kuivatatud-Photoroom-1.webp\" \/>\n\t<meta property=\"og:image:width\" content=\"600\" \/>\n\t<meta property=\"og:image:height\" content=\"800\" \/>\n\t<meta property=\"og:image:type\" content=\"image\/webp\" \/>\n<meta name=\"twitter:card\" content=\"summary_large_image\" \/>\n<script type=\"application\/ld+json\" class=\"yoast-schema-graph\">{\"@context\":\"https:\/\/schema.org\",\"@graph\":[{\"@type\":\"WebPage\",\"@id\":\"https:\/\/miumjau.ee\/lv\/produkts\/zaveta-vistas-krutinas-fileja-sana-1kg\/\",\"url\":\"https:\/\/miumjau.ee\/lv\/produkts\/zaveta-vistas-krutinas-fileja-sana-1kg\/\",\"name\":\"\u017d\u0101v\u0113ta Vistas Kr\u016bti\u0146as Fileja Sana, 1kg - MiuMjau\",\"isPartOf\":{\"@id\":\"https:\/\/miumjau.ee\/#website\"},\"primaryImageOfPage\":{\"@id\":\"https:\/\/miumjau.ee\/lv\/produkts\/zaveta-vistas-krutinas-fileja-sana-1kg\/#primaryimage\"},\"image\":{\"@id\":\"https:\/\/miumjau.ee\/lv\/produkts\/zaveta-vistas-krutinas-fileja-sana-1kg\/#primaryimage\"},\"thumbnailUrl\":\"https:\/\/miumjau.ee\/wp-content\/uploads\/2025\/03\/kana-rinnafilee-kuivatatud-Photoroom-1.webp\",\"datePublished\":\"2025-03-25T09:18:41+00:00\",\"breadcrumb\":{\"@id\":\"https:\/\/miumjau.ee\/lv\/produkts\/zaveta-vistas-krutinas-fileja-sana-1kg\/#breadcrumb\"},\"inLanguage\":\"lv-LV\",\"potentialAction\":[{\"@type\":\"ReadAction\",\"target\":[\"https:\/\/miumjau.ee\/lv\/produkts\/zaveta-vistas-krutinas-fileja-sana-1kg\/\"]}]},{\"@type\":\"ImageObject\",\"inLanguage\":\"lv-LV\",\"@id\":\"https:\/\/miumjau.ee\/lv\/produkts\/zaveta-vistas-krutinas-fileja-sana-1kg\/#primaryimage\",\"url\":\"https:\/\/miumjau.ee\/wp-content\/uploads\/2025\/03\/kana-rinnafilee-kuivatatud-Photoroom-1.webp\",\"contentUrl\":\"https:\/\/miumjau.ee\/wp-content\/uploads\/2025\/03\/kana-rinnafilee-kuivatatud-Photoroom-1.webp\",\"width\":600,\"height\":800},{\"@type\":\"BreadcrumbList\",\"@id\":\"https:\/\/miumjau.ee\/lv\/produkts\/zaveta-vistas-krutinas-fileja-sana-1kg\/#breadcrumb\",\"itemListElement\":[{\"@type\":\"ListItem\",\"position\":1,\"name\":\"Home\",\"item\":\"https:\/\/miumjau.ee\/lv\/\"},{\"@type\":\"ListItem\",\"position\":2,\"name\":\"Veikals\",\"item\":\"https:\/\/miumjau.ee\/lv\/veikals\/\"},{\"@type\":\"ListItem\",\"position\":3,\"name\":\"\u017d\u0101v\u0113ta Vistas Kr\u016bti\u0146as Fileja Sana, 1kg\"}]},{\"@type\":\"WebSite\",\"@id\":\"https:\/\/miumjau.ee\/#website\",\"url\":\"https:\/\/miumjau.ee\/\",\"name\":\"MiuMjau\",\"description\":\"Kraapimispuud kassidele\",\"publisher\":{\"@id\":\"https:\/\/miumjau.ee\/#organization\"},\"potentialAction\":[{\"@type\":\"SearchAction\",\"target\":{\"@type\":\"EntryPoint\",\"urlTemplate\":\"https:\/\/miumjau.ee\/?s={search_term_string}\"},\"query-input\":{\"@type\":\"PropertyValueSpecification\",\"valueRequired\":true,\"valueName\":\"search_term_string\"}}],\"inLanguage\":\"lv-LV\"},{\"@type\":\"Organization\",\"@id\":\"https:\/\/miumjau.ee\/#organization\",\"name\":\"MiuMjau O\u00dc\",\"url\":\"https:\/\/miumjau.ee\/\",\"logo\":{\"@type\":\"ImageObject\",\"inLanguage\":\"lv-LV\",\"@id\":\"https:\/\/miumjau.ee\/#\/schema\/logo\/image\/\",\"url\":\"https:\/\/miumjau.ee\/wp-content\/uploads\/2022\/04\/MiuMjau-logo-kollane.png\",\"contentUrl\":\"https:\/\/miumjau.ee\/wp-content\/uploads\/2022\/04\/MiuMjau-logo-kollane.png\",\"width\":219,\"height\":100,\"caption\":\"MiuMjau O\u00dc\"},\"image\":{\"@id\":\"https:\/\/miumjau.ee\/#\/schema\/logo\/image\/\"},\"sameAs\":[\"https:\/\/www.facebook.com\/miumjaupood\/\"]}]}<\/script>\n<!-- \/ Yoast SEO plugin. -->","yoast_head_json":{"title":"\u017d\u0101v\u0113ta Vistas Kr\u016bti\u0146as Fileja Sana, 1kg - MiuMjau","robots":{"index":"index","follow":"follow","max-snippet":"max-snippet:-1","max-image-preview":"max-image-preview:large","max-video-preview":"max-video-preview:-1"},"canonical":"https:\/\/miumjau.ee\/lv\/produkts\/zaveta-vistas-krutinas-fileja-sana-1kg\/","og_locale":"lv_LV","og_type":"article","og_title":"\u017d\u0101v\u0113ta Vistas Kr\u016bti\u0146as Fileja Sana, 1kg - MiuMjau","og_description":"Vistas kr\u016bti\u0146as filejas tiek p\u0101rdotas p\u0113c svara un pieg\u0101d\u0101tas caursp\u012bd\u012bg\u0101 atk\u0101rtoti aizveram\u0101 maisi\u0146\u0101 atbilsto\u0161i v\u0113lamajam daudzumam. M\u016bsu gar\u0161\u012bg\u0101 \u017e\u0101v\u0113t\u0101 vistas kr\u016bti\u0146as fileja ir \u012bsts delikateses produkts dabisko ko\u0161\u013c\u0101jamo starp\u0101. Vistas kr\u016bti\u0146as fileja ir liesa un prote\u012bniem bag\u0101ta ga\u013ca, viegli sagremojama, t\u0101p\u0113c lieliski piem\u0113rota gan kuc\u0113niem, gan vec\u0101kiem su\u0146iem. T\u0101 satur b\u016btiskos B vitam\u012bnus un nepies\u0101tin\u0101t\u0101s tauksk\u0101bes, kas atbalsta \u0101das un ka\u017eoka vesel\u012bbu. Magnijs un k\u0101lijs sp\u0113l\u0113 svar\u012bgu lomu vielmai\u0146as procesos. M\u016bsu vistas kr\u016bti\u0146as filejas tiek ra\u017eotas m\u016bsu pa\u0161u ra\u017eotn\u0113 bez piedev\u0101m \u2013 nav kukur\u016bzas, kvie\u0161u, sojas, kr\u0101svielu, konservantu, ga\u013cas miltu vai pildvielu. T\u0101s tiek l\u0113ni \u017e\u0101v\u0113tas gais\u0101, lai saglab\u0101tu dabisk\u0101s bar\u012bbas vielas. R\u016bp\u012bgi atlas\u012btas vistas kr\u016bti\u0146as filejas ir viet\u0113j\u0101s izcelsmes un 100 % izsekojamas. M\u016bsu saudz\u012bg\u0101 ra\u017eo\u0161anas metode saglab\u0101 vistas ga\u013cas b\u016btisk\u0101s uzturvielas, pal\u012bdzot j\u016bsu sunim ilgsto\u0161i b\u016bt veselam un dz\u012bv\u012bgam. Sast\u0101vs: 100 % vistas kr\u016bti\u0146as fileja. Viena sast\u0101vda\u013ca, papildbar\u012bba su\u0146iem. Anal\u012btiskie komponenti: Olbaltumvielas \u2013 70 %, Tauki \u2013 3,7 %, Mitrums \u2013 12 %, Pelni \u2013 2,2 %, \u0160\u0137iedras \u2013 3,3 % Baro\u0161anas ieteikums: Dot k\u0101 gardumu vai uzkodu starp \u0113dienreiz\u0113m. Ja nepiecie\u0161ams, samaziniet galven\u0101s bar\u012bbas daudzumu. Vienm\u0113r nodro\u0161iniet svaigu un t\u012bru dzeramo \u016bdeni. Nav piem\u0113rots su\u0146iem l\u012bdz 3 m\u0113ne\u0161u vecumam. Uzglab\u0101\u0161ana: Uzglab\u0101t v\u0113s\u0101, saus\u0101 viet\u0101.","og_url":"https:\/\/miumjau.ee\/lv\/produkts\/zaveta-vistas-krutinas-fileja-sana-1kg\/","og_site_name":"MiuMjau","article_publisher":"https:\/\/www.facebook.com\/miumjaupood\/","og_image":[{"width":600,"height":800,"url":"https:\/\/miumjau.ee\/wp-content\/uploads\/2025\/03\/kana-rinnafilee-kuivatatud-Photoroom-1.webp","type":"image\/webp"}],"twitter_card":"summary_large_image","schema":{"@context":"https:\/\/schema.org","@graph":[{"@type":"WebPage","@id":"https:\/\/miumjau.ee\/lv\/produkts\/zaveta-vistas-krutinas-fileja-sana-1kg\/","url":"https:\/\/miumjau.ee\/lv\/produkts\/zaveta-vistas-krutinas-fileja-sana-1kg\/","name":"\u017d\u0101v\u0113ta Vistas Kr\u016bti\u0146as Fileja Sana, 1kg - MiuMjau","isPartOf":{"@id":"https:\/\/miumjau.ee\/#website"},"primaryImageOfPage":{"@id":"https:\/\/miumjau.ee\/lv\/produkts\/zaveta-vistas-krutinas-fileja-sana-1kg\/#primaryimage"},"image":{"@id":"https:\/\/miumjau.ee\/lv\/produkts\/zaveta-vistas-krutinas-fileja-sana-1kg\/#primaryimage"},"thumbnailUrl":"https:\/\/miumjau.ee\/wp-content\/uploads\/2025\/03\/kana-rinnafilee-kuivatatud-Photoroom-1.webp","datePublished":"2025-03-25T09:18:41+00:00","breadcrumb":{"@id":"https:\/\/miumjau.ee\/lv\/produkts\/zaveta-vistas-krutinas-fileja-sana-1kg\/#breadcrumb"},"inLanguage":"lv-LV","potentialAction":[{"@type":"ReadAction","target":["https:\/\/miumjau.ee\/lv\/produkts\/zaveta-vistas-krutinas-fileja-sana-1kg\/"]}]},{"@type":"ImageObject","inLanguage":"lv-LV","@id":"https:\/\/miumjau.ee\/lv\/produkts\/zaveta-vistas-krutinas-fileja-sana-1kg\/#primaryimage","url":"https:\/\/miumjau.ee\/wp-content\/uploads\/2025\/03\/kana-rinnafilee-kuivatatud-Photoroom-1.webp","contentUrl":"https:\/\/miumjau.ee\/wp-content\/uploads\/2025\/03\/kana-rinnafilee-kuivatatud-Photoroom-1.webp","width":600,"height":800},{"@type":"BreadcrumbList","@id":"https:\/\/miumjau.ee\/lv\/produkts\/zaveta-vistas-krutinas-fileja-sana-1kg\/#breadcrumb","itemListElement":[{"@type":"ListItem","position":1,"name":"Home","item":"https:\/\/miumjau.ee\/lv\/"},{"@type":"ListItem","position":2,"name":"Veikals","item":"https:\/\/miumjau.ee\/lv\/veikals\/"},{"@type":"ListItem","position":3,"name":"\u017d\u0101v\u0113ta Vistas Kr\u016bti\u0146as Fileja Sana, 1kg"}]},{"@type":"WebSite","@id":"https:\/\/miumjau.ee\/#website","url":"https:\/\/miumjau.ee\/","name":"MiuMjau","description":"Kraapimispuud kassidele","publisher":{"@id":"https:\/\/miumjau.ee\/#organization"},"potentialAction":[{"@type":"SearchAction","target":{"@type":"EntryPoint","urlTemplate":"https:\/\/miumjau.ee\/?s={search_term_string}"},"query-input":{"@type":"PropertyValueSpecification","valueRequired":true,"valueName":"search_term_string"}}],"inLanguage":"lv-LV"},{"@type":"Organization","@id":"https:\/\/miumjau.ee\/#organization","name":"MiuMjau O\u00dc","url":"https:\/\/miumjau.ee\/","logo":{"@type":"ImageObject","inLanguage":"lv-LV","@id":"https:\/\/miumjau.ee\/#\/schema\/logo\/image\/","url":"https:\/\/miumjau.ee\/wp-content\/uploads\/2022\/04\/MiuMjau-logo-kollane.png","contentUrl":"https:\/\/miumjau.ee\/wp-content\/uploads\/2022\/04\/MiuMjau-logo-kollane.png","width":219,"height":100,"caption":"MiuMjau O\u00dc"},"image":{"@id":"https:\/\/miumjau.ee\/#\/schema\/logo\/image\/"},"sameAs":["https:\/\/www.facebook.com\/miumjaupood\/"]}]}},"_links":{"self":[{"href":"https:\/\/miumjau.ee\/lv\/wp-json\/wp\/v2\/product\/51700","targetHints":{"allow":["GET"]}}],"collection":[{"href":"https:\/\/miumjau.ee\/lv\/wp-json\/wp\/v2\/product"}],"about":[{"href":"https:\/\/miumjau.ee\/lv\/wp-json\/wp\/v2\/types\/product"}],"wp:featuredmedia":[{"embeddable":true,"href":"https:\/\/miumjau.ee\/lv\/wp-json\/wp\/v2\/media\/51701"}],"wp:attachment":[{"href":"https:\/\/miumjau.ee\/lv\/wp-json\/wp\/v2\/media?parent=51700"}],"wp:term":[{"taxonomy":"product_brand","embeddable":true,"href":"https:\/\/miumjau.ee\/lv\/wp-json\/wp\/v2\/product_brand?post=51700"},{"taxonomy":"product_cat","embeddable":true,"href":"https:\/\/miumjau.ee\/lv\/wp-json\/wp\/v2\/product_cat?post=51700"},{"taxonomy":"product_tag","embeddable":true,"href":"https:\/\/miumjau.ee\/lv\/wp-json\/wp\/v2\/product_tag?post=51700"}],"curies":[{"name":"wp","href":"https:\/\/api.w.org\/{rel}","templated":true}]}}