{"id":51694,"date":"2025-04-06T14:57:46","date_gmt":"2025-04-06T11:57:46","guid":{"rendered":"https:\/\/miumjau.ee\/toode\/primal-spirit-iberian-sardine-auksti-preseta-sunu-bariba-1kg\/"},"modified":"2026-01-07T21:11:54","modified_gmt":"2026-01-07T19:11:54","slug":"primal-spirit-iberian-sardine-auksti-preseta-sunu-bariba-1kg","status":"publish","type":"product","link":"https:\/\/miumjau.ee\/lv\/produkts\/primal-spirit-iberian-sardine-auksti-preseta-sunu-bariba-1kg\/","title":{"rendered":"Primal Spirit Iberian Sardine Auksti Pres\u0113ta Su\u0146u Bar\u012bba 1kg"},"content":{"rendered":"","protected":false},"excerpt":{"rendered":"<p data-start=\"1719\" data-end=\"1853\"><strong data-start=\"1719\" data-end=\"1771\">PILNV\u0112RT\u012aGS BAR\u012aBAS PRODUKTS PIEAUGU\u0160IEM SU\u0145IEM.<\/strong> \u012asta gar\u0161a un pat\u012bkama smar\u017ea. Bar\u012bba, kas su\u0146a v\u0113der\u0101 neuzbriest, bet iz\u0161\u0137\u012bst!<\/p>\n<p data-start=\"1855\" data-end=\"1953\"><strong data-start=\"1855\" data-end=\"1867\">Sast\u0101vs:<\/strong> 40 % svaiga c\u016bkga\u013ca, 30 % svaiga sard\u012bne, r\u012bsi, maltas bietes, alus raugs, kurkuma.<\/p>\n<p data-start=\"1955\" data-end=\"2119\"><strong data-start=\"1955\" data-end=\"1980\">Anal\u012btiskais sast\u0101vs:<\/strong> Kopprote\u012bns 28,4 %, kop\u0161\u0137iedra 2 %, koptauki 16,8 %, koppelni 8,1 %, mitrums 18 %. Metaboliz\u0113jam\u0101 ener\u0123ija 1 kg: 3,542 kcal \u2013 14,819 kJ.<\/p>\n<p data-start=\"2121\" data-end=\"2379\"><strong data-start=\"2121\" data-end=\"2147\">Lieto\u0161anas nor\u0101d\u012bjumi:<\/strong> Piem\u0113rots su\u0146iem vis\u0101m \u0161\u0137irn\u0113m. Skat\u012bt iepakojuma ieteicamo baro\u0161anas instrukciju. P\u0101rliecinieties, ka j\u016bsu m\u0101jdz\u012bvniekam vienm\u0113r ir pieejams svaigs \u016bdens. Uzglab\u0101t produktu v\u0113s\u0101, saus\u0101 viet\u0101, pasarg\u0101tu no tie\u0161iem saules stariem.<\/p>\n","protected":false},"featured_media":51693,"template":"","meta":[],"product_brand":[],"product_cat":[575],"product_tag":[],"class_list":{"0":"post-51694","1":"product","2":"type-product","3":"status-publish","4":"has-post-thumbnail","6":"product_cat-sausa-bariba-suniem","8":"first","9":"instock","10":"sale","11":"taxable","12":"shipping-taxable","13":"purchasable","14":"product-type-simple"},"yoast_head":"<!-- This site is optimized with the Yoast SEO plugin v27.2 - https:\/\/yoast.com\/product\/yoast-seo-wordpress\/ -->\n<title>Primal Spirit Iberian Sardine Auksti Pres\u0113ta Su\u0146u Bar\u012bba 1kg - MiuMjau<\/title>\n<meta name=\"robots\" content=\"index, follow, max-snippet:-1, max-image-preview:large, max-video-preview:-1\" \/>\n<link rel=\"canonical\" href=\"https:\/\/miumjau.ee\/lv\/produkts\/primal-spirit-iberian-sardine-auksti-preseta-sunu-bariba-1kg\/\" \/>\n<meta property=\"og:locale\" content=\"lv_LV\" \/>\n<meta property=\"og:type\" content=\"article\" \/>\n<meta property=\"og:title\" content=\"Primal Spirit Iberian Sardine Auksti Pres\u0113ta Su\u0146u Bar\u012bba 1kg - MiuMjau\" \/>\n<meta property=\"og:description\" content=\"PILNV\u0112RT\u012aGS BAR\u012aBAS PRODUKTS PIEAUGU\u0160IEM SU\u0145IEM. \u012asta gar\u0161a un pat\u012bkama smar\u017ea. Bar\u012bba, kas su\u0146a v\u0113der\u0101 neuzbriest, bet iz\u0161\u0137\u012bst! Sast\u0101vs: 40 % svaiga c\u016bkga\u013ca, 30 % svaiga sard\u012bne, r\u012bsi, maltas bietes, alus raugs, kurkuma. Anal\u012btiskais sast\u0101vs: Kopprote\u012bns 28,4 %, kop\u0161\u0137iedra 2 %, koptauki 16,8 %, koppelni 8,1 %, mitrums 18 %. Metaboliz\u0113jam\u0101 ener\u0123ija 1 kg: 3,542 kcal \u2013 14,819 kJ. Lieto\u0161anas nor\u0101d\u012bjumi: Piem\u0113rots su\u0146iem vis\u0101m \u0161\u0137irn\u0113m. Skat\u012bt iepakojuma ieteicamo baro\u0161anas instrukciju. P\u0101rliecinieties, ka j\u016bsu m\u0101jdz\u012bvniekam vienm\u0113r ir pieejams svaigs \u016bdens. Uzglab\u0101t produktu v\u0113s\u0101, saus\u0101 viet\u0101, pasarg\u0101tu no tie\u0161iem saules stariem.\" \/>\n<meta property=\"og:url\" content=\"https:\/\/miumjau.ee\/lv\/produkts\/primal-spirit-iberian-sardine-auksti-preseta-sunu-bariba-1kg\/\" \/>\n<meta property=\"og:site_name\" content=\"MiuMjau\" \/>\n<meta property=\"article:publisher\" content=\"https:\/\/www.facebook.com\/miumjaupood\/\" \/>\n<meta property=\"article:modified_time\" content=\"2026-01-07T19:11:54+00:00\" \/>\n<meta property=\"og:image\" content=\"https:\/\/miumjau.ee\/wp-content\/uploads\/2025\/04\/primal-spirit-iberian-kuivtoit-sardiin2-Photoroom.webp\" \/>\n\t<meta property=\"og:image:width\" content=\"600\" \/>\n\t<meta property=\"og:image:height\" content=\"800\" \/>\n\t<meta property=\"og:image:type\" content=\"image\/webp\" \/>\n<meta name=\"twitter:card\" content=\"summary_large_image\" \/>\n<script type=\"application\/ld+json\" class=\"yoast-schema-graph\">{\"@context\":\"https:\/\/schema.org\",\"@graph\":[{\"@type\":\"WebPage\",\"@id\":\"https:\/\/miumjau.ee\/lv\/produkts\/primal-spirit-iberian-sardine-auksti-preseta-sunu-bariba-1kg\/\",\"url\":\"https:\/\/miumjau.ee\/lv\/produkts\/primal-spirit-iberian-sardine-auksti-preseta-sunu-bariba-1kg\/\",\"name\":\"Primal Spirit Iberian Sardine Auksti Pres\u0113ta Su\u0146u Bar\u012bba 1kg - MiuMjau\",\"isPartOf\":{\"@id\":\"https:\/\/miumjau.ee\/#website\"},\"primaryImageOfPage\":{\"@id\":\"https:\/\/miumjau.ee\/lv\/produkts\/primal-spirit-iberian-sardine-auksti-preseta-sunu-bariba-1kg\/#primaryimage\"},\"image\":{\"@id\":\"https:\/\/miumjau.ee\/lv\/produkts\/primal-spirit-iberian-sardine-auksti-preseta-sunu-bariba-1kg\/#primaryimage\"},\"thumbnailUrl\":\"https:\/\/miumjau.ee\/wp-content\/uploads\/2025\/04\/primal-spirit-iberian-kuivtoit-sardiin2-Photoroom.webp\",\"datePublished\":\"2025-04-06T11:57:46+00:00\",\"dateModified\":\"2026-01-07T19:11:54+00:00\",\"breadcrumb\":{\"@id\":\"https:\/\/miumjau.ee\/lv\/produkts\/primal-spirit-iberian-sardine-auksti-preseta-sunu-bariba-1kg\/#breadcrumb\"},\"inLanguage\":\"lv-LV\",\"potentialAction\":[{\"@type\":\"ReadAction\",\"target\":[\"https:\/\/miumjau.ee\/lv\/produkts\/primal-spirit-iberian-sardine-auksti-preseta-sunu-bariba-1kg\/\"]}]},{\"@type\":\"ImageObject\",\"inLanguage\":\"lv-LV\",\"@id\":\"https:\/\/miumjau.ee\/lv\/produkts\/primal-spirit-iberian-sardine-auksti-preseta-sunu-bariba-1kg\/#primaryimage\",\"url\":\"https:\/\/miumjau.ee\/wp-content\/uploads\/2025\/04\/primal-spirit-iberian-kuivtoit-sardiin2-Photoroom.webp\",\"contentUrl\":\"https:\/\/miumjau.ee\/wp-content\/uploads\/2025\/04\/primal-spirit-iberian-kuivtoit-sardiin2-Photoroom.webp\",\"width\":600,\"height\":800},{\"@type\":\"BreadcrumbList\",\"@id\":\"https:\/\/miumjau.ee\/lv\/produkts\/primal-spirit-iberian-sardine-auksti-preseta-sunu-bariba-1kg\/#breadcrumb\",\"itemListElement\":[{\"@type\":\"ListItem\",\"position\":1,\"name\":\"Home\",\"item\":\"https:\/\/miumjau.ee\/lv\/\"},{\"@type\":\"ListItem\",\"position\":2,\"name\":\"Veikals\",\"item\":\"https:\/\/miumjau.ee\/lv\/veikals\/\"},{\"@type\":\"ListItem\",\"position\":3,\"name\":\"Primal Spirit Iberian Sardine Auksti Pres\u0113ta Su\u0146u Bar\u012bba 1kg\"}]},{\"@type\":\"WebSite\",\"@id\":\"https:\/\/miumjau.ee\/#website\",\"url\":\"https:\/\/miumjau.ee\/\",\"name\":\"MiuMjau\",\"description\":\"Kraapimispuud kassidele\",\"publisher\":{\"@id\":\"https:\/\/miumjau.ee\/#organization\"},\"potentialAction\":[{\"@type\":\"SearchAction\",\"target\":{\"@type\":\"EntryPoint\",\"urlTemplate\":\"https:\/\/miumjau.ee\/?s={search_term_string}\"},\"query-input\":{\"@type\":\"PropertyValueSpecification\",\"valueRequired\":true,\"valueName\":\"search_term_string\"}}],\"inLanguage\":\"lv-LV\"},{\"@type\":\"Organization\",\"@id\":\"https:\/\/miumjau.ee\/#organization\",\"name\":\"MiuMjau O\u00dc\",\"url\":\"https:\/\/miumjau.ee\/\",\"logo\":{\"@type\":\"ImageObject\",\"inLanguage\":\"lv-LV\",\"@id\":\"https:\/\/miumjau.ee\/#\/schema\/logo\/image\/\",\"url\":\"https:\/\/miumjau.ee\/wp-content\/uploads\/2022\/04\/MiuMjau-logo-kollane.png\",\"contentUrl\":\"https:\/\/miumjau.ee\/wp-content\/uploads\/2022\/04\/MiuMjau-logo-kollane.png\",\"width\":219,\"height\":100,\"caption\":\"MiuMjau O\u00dc\"},\"image\":{\"@id\":\"https:\/\/miumjau.ee\/#\/schema\/logo\/image\/\"},\"sameAs\":[\"https:\/\/www.facebook.com\/miumjaupood\/\"]}]}<\/script>\n<!-- \/ Yoast SEO plugin. -->","yoast_head_json":{"title":"Primal Spirit Iberian Sardine Auksti Pres\u0113ta Su\u0146u Bar\u012bba 1kg - MiuMjau","robots":{"index":"index","follow":"follow","max-snippet":"max-snippet:-1","max-image-preview":"max-image-preview:large","max-video-preview":"max-video-preview:-1"},"canonical":"https:\/\/miumjau.ee\/lv\/produkts\/primal-spirit-iberian-sardine-auksti-preseta-sunu-bariba-1kg\/","og_locale":"lv_LV","og_type":"article","og_title":"Primal Spirit Iberian Sardine Auksti Pres\u0113ta Su\u0146u Bar\u012bba 1kg - MiuMjau","og_description":"PILNV\u0112RT\u012aGS BAR\u012aBAS PRODUKTS PIEAUGU\u0160IEM SU\u0145IEM. \u012asta gar\u0161a un pat\u012bkama smar\u017ea. Bar\u012bba, kas su\u0146a v\u0113der\u0101 neuzbriest, bet iz\u0161\u0137\u012bst! Sast\u0101vs: 40 % svaiga c\u016bkga\u013ca, 30 % svaiga sard\u012bne, r\u012bsi, maltas bietes, alus raugs, kurkuma. Anal\u012btiskais sast\u0101vs: Kopprote\u012bns 28,4 %, kop\u0161\u0137iedra 2 %, koptauki 16,8 %, koppelni 8,1 %, mitrums 18 %. Metaboliz\u0113jam\u0101 ener\u0123ija 1 kg: 3,542 kcal \u2013 14,819 kJ. Lieto\u0161anas nor\u0101d\u012bjumi: Piem\u0113rots su\u0146iem vis\u0101m \u0161\u0137irn\u0113m. Skat\u012bt iepakojuma ieteicamo baro\u0161anas instrukciju. P\u0101rliecinieties, ka j\u016bsu m\u0101jdz\u012bvniekam vienm\u0113r ir pieejams svaigs \u016bdens. Uzglab\u0101t produktu v\u0113s\u0101, saus\u0101 viet\u0101, pasarg\u0101tu no tie\u0161iem saules stariem.","og_url":"https:\/\/miumjau.ee\/lv\/produkts\/primal-spirit-iberian-sardine-auksti-preseta-sunu-bariba-1kg\/","og_site_name":"MiuMjau","article_publisher":"https:\/\/www.facebook.com\/miumjaupood\/","article_modified_time":"2026-01-07T19:11:54+00:00","og_image":[{"width":600,"height":800,"url":"https:\/\/miumjau.ee\/wp-content\/uploads\/2025\/04\/primal-spirit-iberian-kuivtoit-sardiin2-Photoroom.webp","type":"image\/webp"}],"twitter_card":"summary_large_image","schema":{"@context":"https:\/\/schema.org","@graph":[{"@type":"WebPage","@id":"https:\/\/miumjau.ee\/lv\/produkts\/primal-spirit-iberian-sardine-auksti-preseta-sunu-bariba-1kg\/","url":"https:\/\/miumjau.ee\/lv\/produkts\/primal-spirit-iberian-sardine-auksti-preseta-sunu-bariba-1kg\/","name":"Primal Spirit Iberian Sardine Auksti Pres\u0113ta Su\u0146u Bar\u012bba 1kg - MiuMjau","isPartOf":{"@id":"https:\/\/miumjau.ee\/#website"},"primaryImageOfPage":{"@id":"https:\/\/miumjau.ee\/lv\/produkts\/primal-spirit-iberian-sardine-auksti-preseta-sunu-bariba-1kg\/#primaryimage"},"image":{"@id":"https:\/\/miumjau.ee\/lv\/produkts\/primal-spirit-iberian-sardine-auksti-preseta-sunu-bariba-1kg\/#primaryimage"},"thumbnailUrl":"https:\/\/miumjau.ee\/wp-content\/uploads\/2025\/04\/primal-spirit-iberian-kuivtoit-sardiin2-Photoroom.webp","datePublished":"2025-04-06T11:57:46+00:00","dateModified":"2026-01-07T19:11:54+00:00","breadcrumb":{"@id":"https:\/\/miumjau.ee\/lv\/produkts\/primal-spirit-iberian-sardine-auksti-preseta-sunu-bariba-1kg\/#breadcrumb"},"inLanguage":"lv-LV","potentialAction":[{"@type":"ReadAction","target":["https:\/\/miumjau.ee\/lv\/produkts\/primal-spirit-iberian-sardine-auksti-preseta-sunu-bariba-1kg\/"]}]},{"@type":"ImageObject","inLanguage":"lv-LV","@id":"https:\/\/miumjau.ee\/lv\/produkts\/primal-spirit-iberian-sardine-auksti-preseta-sunu-bariba-1kg\/#primaryimage","url":"https:\/\/miumjau.ee\/wp-content\/uploads\/2025\/04\/primal-spirit-iberian-kuivtoit-sardiin2-Photoroom.webp","contentUrl":"https:\/\/miumjau.ee\/wp-content\/uploads\/2025\/04\/primal-spirit-iberian-kuivtoit-sardiin2-Photoroom.webp","width":600,"height":800},{"@type":"BreadcrumbList","@id":"https:\/\/miumjau.ee\/lv\/produkts\/primal-spirit-iberian-sardine-auksti-preseta-sunu-bariba-1kg\/#breadcrumb","itemListElement":[{"@type":"ListItem","position":1,"name":"Home","item":"https:\/\/miumjau.ee\/lv\/"},{"@type":"ListItem","position":2,"name":"Veikals","item":"https:\/\/miumjau.ee\/lv\/veikals\/"},{"@type":"ListItem","position":3,"name":"Primal Spirit Iberian Sardine Auksti Pres\u0113ta Su\u0146u Bar\u012bba 1kg"}]},{"@type":"WebSite","@id":"https:\/\/miumjau.ee\/#website","url":"https:\/\/miumjau.ee\/","name":"MiuMjau","description":"Kraapimispuud kassidele","publisher":{"@id":"https:\/\/miumjau.ee\/#organization"},"potentialAction":[{"@type":"SearchAction","target":{"@type":"EntryPoint","urlTemplate":"https:\/\/miumjau.ee\/?s={search_term_string}"},"query-input":{"@type":"PropertyValueSpecification","valueRequired":true,"valueName":"search_term_string"}}],"inLanguage":"lv-LV"},{"@type":"Organization","@id":"https:\/\/miumjau.ee\/#organization","name":"MiuMjau O\u00dc","url":"https:\/\/miumjau.ee\/","logo":{"@type":"ImageObject","inLanguage":"lv-LV","@id":"https:\/\/miumjau.ee\/#\/schema\/logo\/image\/","url":"https:\/\/miumjau.ee\/wp-content\/uploads\/2022\/04\/MiuMjau-logo-kollane.png","contentUrl":"https:\/\/miumjau.ee\/wp-content\/uploads\/2022\/04\/MiuMjau-logo-kollane.png","width":219,"height":100,"caption":"MiuMjau O\u00dc"},"image":{"@id":"https:\/\/miumjau.ee\/#\/schema\/logo\/image\/"},"sameAs":["https:\/\/www.facebook.com\/miumjaupood\/"]}]}},"_links":{"self":[{"href":"https:\/\/miumjau.ee\/lv\/wp-json\/wp\/v2\/product\/51694","targetHints":{"allow":["GET"]}}],"collection":[{"href":"https:\/\/miumjau.ee\/lv\/wp-json\/wp\/v2\/product"}],"about":[{"href":"https:\/\/miumjau.ee\/lv\/wp-json\/wp\/v2\/types\/product"}],"wp:featuredmedia":[{"embeddable":true,"href":"https:\/\/miumjau.ee\/lv\/wp-json\/wp\/v2\/media\/51693"}],"wp:attachment":[{"href":"https:\/\/miumjau.ee\/lv\/wp-json\/wp\/v2\/media?parent=51694"}],"wp:term":[{"taxonomy":"product_brand","embeddable":true,"href":"https:\/\/miumjau.ee\/lv\/wp-json\/wp\/v2\/product_brand?post=51694"},{"taxonomy":"product_cat","embeddable":true,"href":"https:\/\/miumjau.ee\/lv\/wp-json\/wp\/v2\/product_cat?post=51694"},{"taxonomy":"product_tag","embeddable":true,"href":"https:\/\/miumjau.ee\/lv\/wp-json\/wp\/v2\/product_tag?post=51694"}],"curies":[{"name":"wp","href":"https:\/\/api.w.org\/{rel}","templated":true}]}}