{"id":51648,"date":"2025-04-07T09:43:29","date_gmt":"2025-04-07T06:43:29","guid":{"rendered":"https:\/\/miumjau.ee\/toode\/brit-care-dog-hypoallergenic-adult-medium-breed-12-kg\/"},"modified":"2026-01-07T21:11:54","modified_gmt":"2026-01-07T19:11:54","slug":"brit-care-dog-hypoallergenic-adult-medium-breed-12-kg","status":"publish","type":"product","link":"https:\/\/miumjau.ee\/lv\/produkts\/brit-care-dog-hypoallergenic-adult-medium-breed-12-kg\/","title":{"rendered":"Brit Care Dog Hypoallergenic Adult Medium Breed 12 kg"},"content":{"rendered":"","protected":false},"excerpt":{"rendered":"<p data-start=\"4472\" data-end=\"4590\">Hipoaler\u0123iska recepte ar j\u0113ra ga\u013cu un r\u012bsiem vid\u0113ja izm\u0113ra pieaugu\u0161iem su\u0146iem (10\u201325 kg). Pilnv\u0113rt\u012bga bar\u012bba su\u0146iem.<\/p>\n<p data-start=\"4592\" data-end=\"5180\"><strong data-start=\"4592\" data-end=\"4699\">SUPERPREMIUM HIPOALER\u0122ISKA BAR\u012aBA AR VIENU DZ\u012aVNIEKU OLBALTUMVIELU AVOTU ALER\u0122ISKU REAKCIJU NOV\u0112R\u0160ANAI.<\/strong><br data-start=\"4699\" data-end=\"4702\" \/>Ide\u0101li piem\u0113rota vid\u0113ja izm\u0113ra pieaugu\u0161iem su\u0146iem ar norm\u0101l\u0101m ener\u0123ijas vajadz\u012bb\u0101m. Izv\u0113l\u0113tie olbaltumvielu avoti nerada aler\u0123ijas, b\u016btiski samazinot aler\u0123isku reakciju risku. Bar\u012bba \u012bpa\u0161i piem\u0113rota su\u0146iem ar jut\u012bgu gremo\u0161anu, \u012bpa\u0161\u0101m uztura vajadz\u012bb\u0101m un tiem, kuriem past\u0101v p\u0101rtikas aler\u0123iju risks. Receptes bag\u0101tin\u0101tas ar postbiotik\u0101m, kas atbalsta l\u012bdzsvarotu zarnu mikrofloru, un piena dad\u017ea s\u0113kl\u0101m, kas atbalsta aknu darb\u012bbu un pal\u012bdz organismam atbr\u012bvoties no toks\u012bniem.<\/p>\n<p data-start=\"5182\" data-end=\"5652\"><strong data-start=\"5182\" data-end=\"5194\">Sast\u0101vs:<\/strong> \u017d\u0101v\u0113ts j\u0113ra ga\u013ca (40%), r\u012bsi (35%), \u017e\u0101v\u0113ts \u0101bolu m\u012bkstums, vistas tauki, dab\u012bg\u0101 aromviela, alus raugs, la\u0161a e\u013c\u013ca (2%), zir\u0146u milti, glikozam\u012bns (260 mg\/kg), fruktooligosahar\u012bdi (200 mg\/kg), hondroit\u012bnsulf\u0101ts (200 mg\/kg), mann\u0101noligosahar\u012bdi (150 mg\/kg), Mojaves juka (150 mg\/kg), piena dad\u017ea s\u0113klas (90 mg\/kg), \u03b2-glik\u0101ni (50 mg\/kg), \u017e\u0101v\u0113ts n\u0101tres (50 mg\/kg), \u017e\u0101v\u0113ts smilts\u0113rk\u0161\u0137is (50 mg\/kg), inaktiv\u0113ts <em data-start=\"5598\" data-end=\"5624\">Lactobacillus helveticus<\/em> HA\u2013122 (15\u00d710\u2079 \u0161\u016bnas\/kg).<\/p>\n<p data-start=\"5654\" data-end=\"5876\"><strong data-start=\"5654\" data-end=\"5679\">Anal\u012btiskais sast\u0101vs:<\/strong> Kopprote\u012bns 26,0%, koptauki 16,0%, mitrums 10,0%, koppelni 7,2%, kop\u0161\u0137iedra 2,5%, kalcijs 1,4%, fosfors 1,0%, n\u0101trijs 0,4%, omega-3 tauksk\u0101bes 0,5%, omega-6 tauksk\u0101bes 1,9%, EPA 0,05%, DHA 0,1%.<\/p>\n<p data-start=\"5878\" data-end=\"6337\"><strong data-start=\"5878\" data-end=\"5909\">Uzturvielu piedevas (1 kg):<\/strong> A vitam\u012bns 20 000 SV, D\u2083 vitam\u012bns 1 500 SV, E vitam\u012bns 500 mg, C vitam\u012bns 300 mg, taur\u012bns 1 500 mg, hol\u012bna hlor\u012bds 1 800 mg, L-karnit\u012bns 250 mg, B1 vitam\u012bns 2,5 mg, B2 vitam\u012bns 9,6 mg, biot\u012bns 3,5 mg, folijsk\u0101be 1,2 mg, B6 vitam\u012bns 2,5 mg, kalcija-D-pantoten\u0101ts 25 mg, niacinam\u012bds 32,5 mg, B12 vitam\u012bns 0,1 mg, jods 0,8 mg, organiskais cinks 85 mg, organiskais mang\u0101ns 40 mg, organiskais var\u0161 18 mg, organiskais dzelzs 75 mg.<\/p>\n<p data-start=\"6339\" data-end=\"6452\">Satur ES at\u013cautos antioksidantus: tokoferolu ekstrakti no augu e\u013c\u013c\u0101m, askorbilpalmit\u0101ts un rozmar\u012bna ekstrakts.<\/p>\n<p data-start=\"6454\" data-end=\"6498\"><strong data-start=\"6454\" data-end=\"6482\">Metaboliz\u0113jam\u0101 ener\u0123ija:<\/strong> 3,810 kcal\/kg<\/p>\n","protected":false},"featured_media":51647,"template":"","meta":[],"product_brand":[],"product_cat":[575],"product_tag":[],"class_list":{"0":"post-51648","1":"product","2":"type-product","3":"status-publish","4":"has-post-thumbnail","6":"product_cat-sausa-bariba-suniem","8":"first","9":"instock","10":"sale","11":"taxable","12":"shipping-taxable","13":"purchasable","14":"product-type-simple"},"yoast_head":"<!-- This site is optimized with the Yoast SEO plugin v27.2 - https:\/\/yoast.com\/product\/yoast-seo-wordpress\/ -->\n<title>Brit Care Dog Hypoallergenic Adult Medium Breed 12 kg - MiuMjau<\/title>\n<meta name=\"robots\" content=\"index, follow, max-snippet:-1, max-image-preview:large, max-video-preview:-1\" \/>\n<link rel=\"canonical\" href=\"https:\/\/miumjau.ee\/lv\/produkts\/brit-care-dog-hypoallergenic-adult-medium-breed-12-kg\/\" \/>\n<meta property=\"og:locale\" content=\"lv_LV\" \/>\n<meta property=\"og:type\" content=\"article\" \/>\n<meta property=\"og:title\" content=\"Brit Care Dog Hypoallergenic Adult Medium Breed 12 kg - MiuMjau\" \/>\n<meta property=\"og:description\" content=\"Hipoaler\u0123iska recepte ar j\u0113ra ga\u013cu un r\u012bsiem vid\u0113ja izm\u0113ra pieaugu\u0161iem su\u0146iem (10\u201325 kg). Pilnv\u0113rt\u012bga bar\u012bba su\u0146iem. SUPERPREMIUM HIPOALER\u0122ISKA BAR\u012aBA AR VIENU DZ\u012aVNIEKU OLBALTUMVIELU AVOTU ALER\u0122ISKU REAKCIJU NOV\u0112R\u0160ANAI.Ide\u0101li piem\u0113rota vid\u0113ja izm\u0113ra pieaugu\u0161iem su\u0146iem ar norm\u0101l\u0101m ener\u0123ijas vajadz\u012bb\u0101m. Izv\u0113l\u0113tie olbaltumvielu avoti nerada aler\u0123ijas, b\u016btiski samazinot aler\u0123isku reakciju risku. Bar\u012bba \u012bpa\u0161i piem\u0113rota su\u0146iem ar jut\u012bgu gremo\u0161anu, \u012bpa\u0161\u0101m uztura vajadz\u012bb\u0101m un tiem, kuriem past\u0101v p\u0101rtikas aler\u0123iju risks. Receptes bag\u0101tin\u0101tas ar postbiotik\u0101m, kas atbalsta l\u012bdzsvarotu zarnu mikrofloru, un piena dad\u017ea s\u0113kl\u0101m, kas atbalsta aknu darb\u012bbu un pal\u012bdz organismam atbr\u012bvoties no toks\u012bniem. Sast\u0101vs: \u017d\u0101v\u0113ts j\u0113ra ga\u013ca (40%), r\u012bsi (35%), \u017e\u0101v\u0113ts \u0101bolu m\u012bkstums, vistas tauki, dab\u012bg\u0101 aromviela, alus raugs, la\u0161a e\u013c\u013ca (2%), zir\u0146u milti, glikozam\u012bns (260 mg\/kg), fruktooligosahar\u012bdi (200 mg\/kg), hondroit\u012bnsulf\u0101ts (200 mg\/kg), mann\u0101noligosahar\u012bdi (150 mg\/kg), Mojaves juka (150 mg\/kg), piena dad\u017ea s\u0113klas (90 mg\/kg), \u03b2-glik\u0101ni (50 mg\/kg), \u017e\u0101v\u0113ts n\u0101tres (50 mg\/kg), \u017e\u0101v\u0113ts smilts\u0113rk\u0161\u0137is (50 mg\/kg), inaktiv\u0113ts Lactobacillus helveticus HA\u2013122 (15\u00d710\u2079 \u0161\u016bnas\/kg). Anal\u012btiskais sast\u0101vs: Kopprote\u012bns 26,0%, koptauki 16,0%, mitrums 10,0%, koppelni 7,2%, kop\u0161\u0137iedra 2,5%, kalcijs 1,4%, fosfors 1,0%, n\u0101trijs 0,4%, omega-3 tauksk\u0101bes 0,5%, omega-6 tauksk\u0101bes 1,9%, EPA 0,05%, DHA 0,1%. Uzturvielu piedevas (1 kg): A vitam\u012bns 20 000 SV, D\u2083 vitam\u012bns 1 500 SV, E vitam\u012bns 500 mg, C vitam\u012bns 300 mg, taur\u012bns 1 500 mg, hol\u012bna hlor\u012bds 1 800 mg, L-karnit\u012bns 250 mg, B1 vitam\u012bns 2,5 mg, B2 vitam\u012bns 9,6 mg, biot\u012bns 3,5 mg, folijsk\u0101be 1,2 mg, B6 vitam\u012bns 2,5 mg, kalcija-D-pantoten\u0101ts 25 mg, niacinam\u012bds 32,5 mg, B12 vitam\u012bns 0,1 mg, jods 0,8 mg, organiskais cinks 85 mg, organiskais mang\u0101ns 40 mg, organiskais var\u0161 18 mg, organiskais dzelzs 75 mg. Satur ES at\u013cautos antioksidantus: tokoferolu ekstrakti no augu e\u013c\u013c\u0101m, askorbilpalmit\u0101ts un rozmar\u012bna ekstrakts. Metaboliz\u0113jam\u0101 ener\u0123ija: 3,810 kcal\/kg\" \/>\n<meta property=\"og:url\" content=\"https:\/\/miumjau.ee\/lv\/produkts\/brit-care-dog-hypoallergenic-adult-medium-breed-12-kg\/\" \/>\n<meta property=\"og:site_name\" content=\"MiuMjau\" \/>\n<meta property=\"article:publisher\" content=\"https:\/\/www.facebook.com\/miumjaupood\/\" \/>\n<meta property=\"article:modified_time\" content=\"2026-01-07T19:11:54+00:00\" \/>\n<meta property=\"og:image\" content=\"https:\/\/miumjau.ee\/wp-content\/uploads\/2025\/04\/brit-care-adult-medium-breed-lamb-Photoroom.webp\" \/>\n\t<meta property=\"og:image:width\" content=\"600\" \/>\n\t<meta property=\"og:image:height\" content=\"800\" \/>\n\t<meta property=\"og:image:type\" content=\"image\/webp\" \/>\n<meta name=\"twitter:card\" content=\"summary_large_image\" \/>\n<script type=\"application\/ld+json\" class=\"yoast-schema-graph\">{\"@context\":\"https:\/\/schema.org\",\"@graph\":[{\"@type\":\"WebPage\",\"@id\":\"https:\/\/miumjau.ee\/lv\/produkts\/brit-care-dog-hypoallergenic-adult-medium-breed-12-kg\/\",\"url\":\"https:\/\/miumjau.ee\/lv\/produkts\/brit-care-dog-hypoallergenic-adult-medium-breed-12-kg\/\",\"name\":\"Brit Care Dog Hypoallergenic Adult Medium Breed 12 kg - MiuMjau\",\"isPartOf\":{\"@id\":\"https:\/\/miumjau.ee\/#website\"},\"primaryImageOfPage\":{\"@id\":\"https:\/\/miumjau.ee\/lv\/produkts\/brit-care-dog-hypoallergenic-adult-medium-breed-12-kg\/#primaryimage\"},\"image\":{\"@id\":\"https:\/\/miumjau.ee\/lv\/produkts\/brit-care-dog-hypoallergenic-adult-medium-breed-12-kg\/#primaryimage\"},\"thumbnailUrl\":\"https:\/\/miumjau.ee\/wp-content\/uploads\/2025\/04\/brit-care-adult-medium-breed-lamb-Photoroom.webp\",\"datePublished\":\"2025-04-07T06:43:29+00:00\",\"dateModified\":\"2026-01-07T19:11:54+00:00\",\"breadcrumb\":{\"@id\":\"https:\/\/miumjau.ee\/lv\/produkts\/brit-care-dog-hypoallergenic-adult-medium-breed-12-kg\/#breadcrumb\"},\"inLanguage\":\"lv-LV\",\"potentialAction\":[{\"@type\":\"ReadAction\",\"target\":[\"https:\/\/miumjau.ee\/lv\/produkts\/brit-care-dog-hypoallergenic-adult-medium-breed-12-kg\/\"]}]},{\"@type\":\"ImageObject\",\"inLanguage\":\"lv-LV\",\"@id\":\"https:\/\/miumjau.ee\/lv\/produkts\/brit-care-dog-hypoallergenic-adult-medium-breed-12-kg\/#primaryimage\",\"url\":\"https:\/\/miumjau.ee\/wp-content\/uploads\/2025\/04\/brit-care-adult-medium-breed-lamb-Photoroom.webp\",\"contentUrl\":\"https:\/\/miumjau.ee\/wp-content\/uploads\/2025\/04\/brit-care-adult-medium-breed-lamb-Photoroom.webp\",\"width\":600,\"height\":800},{\"@type\":\"BreadcrumbList\",\"@id\":\"https:\/\/miumjau.ee\/lv\/produkts\/brit-care-dog-hypoallergenic-adult-medium-breed-12-kg\/#breadcrumb\",\"itemListElement\":[{\"@type\":\"ListItem\",\"position\":1,\"name\":\"Home\",\"item\":\"https:\/\/miumjau.ee\/lv\/\"},{\"@type\":\"ListItem\",\"position\":2,\"name\":\"Veikals\",\"item\":\"https:\/\/miumjau.ee\/lv\/veikals\/\"},{\"@type\":\"ListItem\",\"position\":3,\"name\":\"Brit Care Dog Hypoallergenic Adult Medium Breed 12 kg\"}]},{\"@type\":\"WebSite\",\"@id\":\"https:\/\/miumjau.ee\/#website\",\"url\":\"https:\/\/miumjau.ee\/\",\"name\":\"MiuMjau\",\"description\":\"Kraapimispuud kassidele\",\"publisher\":{\"@id\":\"https:\/\/miumjau.ee\/#organization\"},\"potentialAction\":[{\"@type\":\"SearchAction\",\"target\":{\"@type\":\"EntryPoint\",\"urlTemplate\":\"https:\/\/miumjau.ee\/?s={search_term_string}\"},\"query-input\":{\"@type\":\"PropertyValueSpecification\",\"valueRequired\":true,\"valueName\":\"search_term_string\"}}],\"inLanguage\":\"lv-LV\"},{\"@type\":\"Organization\",\"@id\":\"https:\/\/miumjau.ee\/#organization\",\"name\":\"MiuMjau O\u00dc\",\"url\":\"https:\/\/miumjau.ee\/\",\"logo\":{\"@type\":\"ImageObject\",\"inLanguage\":\"lv-LV\",\"@id\":\"https:\/\/miumjau.ee\/#\/schema\/logo\/image\/\",\"url\":\"https:\/\/miumjau.ee\/wp-content\/uploads\/2022\/04\/MiuMjau-logo-kollane.png\",\"contentUrl\":\"https:\/\/miumjau.ee\/wp-content\/uploads\/2022\/04\/MiuMjau-logo-kollane.png\",\"width\":219,\"height\":100,\"caption\":\"MiuMjau O\u00dc\"},\"image\":{\"@id\":\"https:\/\/miumjau.ee\/#\/schema\/logo\/image\/\"},\"sameAs\":[\"https:\/\/www.facebook.com\/miumjaupood\/\"]}]}<\/script>\n<!-- \/ Yoast SEO plugin. -->","yoast_head_json":{"title":"Brit Care Dog Hypoallergenic Adult Medium Breed 12 kg - MiuMjau","robots":{"index":"index","follow":"follow","max-snippet":"max-snippet:-1","max-image-preview":"max-image-preview:large","max-video-preview":"max-video-preview:-1"},"canonical":"https:\/\/miumjau.ee\/lv\/produkts\/brit-care-dog-hypoallergenic-adult-medium-breed-12-kg\/","og_locale":"lv_LV","og_type":"article","og_title":"Brit Care Dog Hypoallergenic Adult Medium Breed 12 kg - MiuMjau","og_description":"Hipoaler\u0123iska recepte ar j\u0113ra ga\u013cu un r\u012bsiem vid\u0113ja izm\u0113ra pieaugu\u0161iem su\u0146iem (10\u201325 kg). Pilnv\u0113rt\u012bga bar\u012bba su\u0146iem. SUPERPREMIUM HIPOALER\u0122ISKA BAR\u012aBA AR VIENU DZ\u012aVNIEKU OLBALTUMVIELU AVOTU ALER\u0122ISKU REAKCIJU NOV\u0112R\u0160ANAI.Ide\u0101li piem\u0113rota vid\u0113ja izm\u0113ra pieaugu\u0161iem su\u0146iem ar norm\u0101l\u0101m ener\u0123ijas vajadz\u012bb\u0101m. Izv\u0113l\u0113tie olbaltumvielu avoti nerada aler\u0123ijas, b\u016btiski samazinot aler\u0123isku reakciju risku. Bar\u012bba \u012bpa\u0161i piem\u0113rota su\u0146iem ar jut\u012bgu gremo\u0161anu, \u012bpa\u0161\u0101m uztura vajadz\u012bb\u0101m un tiem, kuriem past\u0101v p\u0101rtikas aler\u0123iju risks. Receptes bag\u0101tin\u0101tas ar postbiotik\u0101m, kas atbalsta l\u012bdzsvarotu zarnu mikrofloru, un piena dad\u017ea s\u0113kl\u0101m, kas atbalsta aknu darb\u012bbu un pal\u012bdz organismam atbr\u012bvoties no toks\u012bniem. Sast\u0101vs: \u017d\u0101v\u0113ts j\u0113ra ga\u013ca (40%), r\u012bsi (35%), \u017e\u0101v\u0113ts \u0101bolu m\u012bkstums, vistas tauki, dab\u012bg\u0101 aromviela, alus raugs, la\u0161a e\u013c\u013ca (2%), zir\u0146u milti, glikozam\u012bns (260 mg\/kg), fruktooligosahar\u012bdi (200 mg\/kg), hondroit\u012bnsulf\u0101ts (200 mg\/kg), mann\u0101noligosahar\u012bdi (150 mg\/kg), Mojaves juka (150 mg\/kg), piena dad\u017ea s\u0113klas (90 mg\/kg), \u03b2-glik\u0101ni (50 mg\/kg), \u017e\u0101v\u0113ts n\u0101tres (50 mg\/kg), \u017e\u0101v\u0113ts smilts\u0113rk\u0161\u0137is (50 mg\/kg), inaktiv\u0113ts Lactobacillus helveticus HA\u2013122 (15\u00d710\u2079 \u0161\u016bnas\/kg). Anal\u012btiskais sast\u0101vs: Kopprote\u012bns 26,0%, koptauki 16,0%, mitrums 10,0%, koppelni 7,2%, kop\u0161\u0137iedra 2,5%, kalcijs 1,4%, fosfors 1,0%, n\u0101trijs 0,4%, omega-3 tauksk\u0101bes 0,5%, omega-6 tauksk\u0101bes 1,9%, EPA 0,05%, DHA 0,1%. Uzturvielu piedevas (1 kg): A vitam\u012bns 20 000 SV, D\u2083 vitam\u012bns 1 500 SV, E vitam\u012bns 500 mg, C vitam\u012bns 300 mg, taur\u012bns 1 500 mg, hol\u012bna hlor\u012bds 1 800 mg, L-karnit\u012bns 250 mg, B1 vitam\u012bns 2,5 mg, B2 vitam\u012bns 9,6 mg, biot\u012bns 3,5 mg, folijsk\u0101be 1,2 mg, B6 vitam\u012bns 2,5 mg, kalcija-D-pantoten\u0101ts 25 mg, niacinam\u012bds 32,5 mg, B12 vitam\u012bns 0,1 mg, jods 0,8 mg, organiskais cinks 85 mg, organiskais mang\u0101ns 40 mg, organiskais var\u0161 18 mg, organiskais dzelzs 75 mg. Satur ES at\u013cautos antioksidantus: tokoferolu ekstrakti no augu e\u013c\u013c\u0101m, askorbilpalmit\u0101ts un rozmar\u012bna ekstrakts. Metaboliz\u0113jam\u0101 ener\u0123ija: 3,810 kcal\/kg","og_url":"https:\/\/miumjau.ee\/lv\/produkts\/brit-care-dog-hypoallergenic-adult-medium-breed-12-kg\/","og_site_name":"MiuMjau","article_publisher":"https:\/\/www.facebook.com\/miumjaupood\/","article_modified_time":"2026-01-07T19:11:54+00:00","og_image":[{"width":600,"height":800,"url":"https:\/\/miumjau.ee\/wp-content\/uploads\/2025\/04\/brit-care-adult-medium-breed-lamb-Photoroom.webp","type":"image\/webp"}],"twitter_card":"summary_large_image","schema":{"@context":"https:\/\/schema.org","@graph":[{"@type":"WebPage","@id":"https:\/\/miumjau.ee\/lv\/produkts\/brit-care-dog-hypoallergenic-adult-medium-breed-12-kg\/","url":"https:\/\/miumjau.ee\/lv\/produkts\/brit-care-dog-hypoallergenic-adult-medium-breed-12-kg\/","name":"Brit Care Dog Hypoallergenic Adult Medium Breed 12 kg - MiuMjau","isPartOf":{"@id":"https:\/\/miumjau.ee\/#website"},"primaryImageOfPage":{"@id":"https:\/\/miumjau.ee\/lv\/produkts\/brit-care-dog-hypoallergenic-adult-medium-breed-12-kg\/#primaryimage"},"image":{"@id":"https:\/\/miumjau.ee\/lv\/produkts\/brit-care-dog-hypoallergenic-adult-medium-breed-12-kg\/#primaryimage"},"thumbnailUrl":"https:\/\/miumjau.ee\/wp-content\/uploads\/2025\/04\/brit-care-adult-medium-breed-lamb-Photoroom.webp","datePublished":"2025-04-07T06:43:29+00:00","dateModified":"2026-01-07T19:11:54+00:00","breadcrumb":{"@id":"https:\/\/miumjau.ee\/lv\/produkts\/brit-care-dog-hypoallergenic-adult-medium-breed-12-kg\/#breadcrumb"},"inLanguage":"lv-LV","potentialAction":[{"@type":"ReadAction","target":["https:\/\/miumjau.ee\/lv\/produkts\/brit-care-dog-hypoallergenic-adult-medium-breed-12-kg\/"]}]},{"@type":"ImageObject","inLanguage":"lv-LV","@id":"https:\/\/miumjau.ee\/lv\/produkts\/brit-care-dog-hypoallergenic-adult-medium-breed-12-kg\/#primaryimage","url":"https:\/\/miumjau.ee\/wp-content\/uploads\/2025\/04\/brit-care-adult-medium-breed-lamb-Photoroom.webp","contentUrl":"https:\/\/miumjau.ee\/wp-content\/uploads\/2025\/04\/brit-care-adult-medium-breed-lamb-Photoroom.webp","width":600,"height":800},{"@type":"BreadcrumbList","@id":"https:\/\/miumjau.ee\/lv\/produkts\/brit-care-dog-hypoallergenic-adult-medium-breed-12-kg\/#breadcrumb","itemListElement":[{"@type":"ListItem","position":1,"name":"Home","item":"https:\/\/miumjau.ee\/lv\/"},{"@type":"ListItem","position":2,"name":"Veikals","item":"https:\/\/miumjau.ee\/lv\/veikals\/"},{"@type":"ListItem","position":3,"name":"Brit Care Dog Hypoallergenic Adult Medium Breed 12 kg"}]},{"@type":"WebSite","@id":"https:\/\/miumjau.ee\/#website","url":"https:\/\/miumjau.ee\/","name":"MiuMjau","description":"Kraapimispuud kassidele","publisher":{"@id":"https:\/\/miumjau.ee\/#organization"},"potentialAction":[{"@type":"SearchAction","target":{"@type":"EntryPoint","urlTemplate":"https:\/\/miumjau.ee\/?s={search_term_string}"},"query-input":{"@type":"PropertyValueSpecification","valueRequired":true,"valueName":"search_term_string"}}],"inLanguage":"lv-LV"},{"@type":"Organization","@id":"https:\/\/miumjau.ee\/#organization","name":"MiuMjau O\u00dc","url":"https:\/\/miumjau.ee\/","logo":{"@type":"ImageObject","inLanguage":"lv-LV","@id":"https:\/\/miumjau.ee\/#\/schema\/logo\/image\/","url":"https:\/\/miumjau.ee\/wp-content\/uploads\/2022\/04\/MiuMjau-logo-kollane.png","contentUrl":"https:\/\/miumjau.ee\/wp-content\/uploads\/2022\/04\/MiuMjau-logo-kollane.png","width":219,"height":100,"caption":"MiuMjau O\u00dc"},"image":{"@id":"https:\/\/miumjau.ee\/#\/schema\/logo\/image\/"},"sameAs":["https:\/\/www.facebook.com\/miumjaupood\/"]}]}},"_links":{"self":[{"href":"https:\/\/miumjau.ee\/lv\/wp-json\/wp\/v2\/product\/51648","targetHints":{"allow":["GET"]}}],"collection":[{"href":"https:\/\/miumjau.ee\/lv\/wp-json\/wp\/v2\/product"}],"about":[{"href":"https:\/\/miumjau.ee\/lv\/wp-json\/wp\/v2\/types\/product"}],"wp:featuredmedia":[{"embeddable":true,"href":"https:\/\/miumjau.ee\/lv\/wp-json\/wp\/v2\/media\/51647"}],"wp:attachment":[{"href":"https:\/\/miumjau.ee\/lv\/wp-json\/wp\/v2\/media?parent=51648"}],"wp:term":[{"taxonomy":"product_brand","embeddable":true,"href":"https:\/\/miumjau.ee\/lv\/wp-json\/wp\/v2\/product_brand?post=51648"},{"taxonomy":"product_cat","embeddable":true,"href":"https:\/\/miumjau.ee\/lv\/wp-json\/wp\/v2\/product_cat?post=51648"},{"taxonomy":"product_tag","embeddable":true,"href":"https:\/\/miumjau.ee\/lv\/wp-json\/wp\/v2\/product_tag?post=51648"}],"curies":[{"name":"wp","href":"https:\/\/api.w.org\/{rel}","templated":true}]}}