{"id":51635,"date":"2025-04-07T09:59:59","date_gmt":"2025-04-07T06:59:59","guid":{"rendered":"https:\/\/miumjau.ee\/toode\/brit-care-dog-hypoallergenic-junior-large-breed-lamb-12-kg\/"},"modified":"2026-01-07T21:12:01","modified_gmt":"2026-01-07T19:12:01","slug":"brit-care-dog-hypoallergenic-junior-large-breed-lamb-12-kg","status":"publish","type":"product","link":"https:\/\/miumjau.ee\/lv\/produkts\/brit-care-dog-hypoallergenic-junior-large-breed-lamb-12-kg\/","title":{"rendered":"Brit Care Dog Hypoallergenic Junior Large Breed Lamb 12 kg"},"content":{"rendered":"","protected":false},"excerpt":{"rendered":"<p data-start=\"4447\" data-end=\"4575\">Hipoaler\u0123iska recepte ar j\u0113ra ga\u013cu un r\u012bsiem lielo \u0161\u0137ir\u0146u kuc\u0113niem (virs 25 kg), 3 m\u0113ne\u0161i \u2013 2 gadi. Pilnv\u0113rt\u012bga bar\u012bba su\u0146iem.<\/p>\n<p data-start=\"4577\" data-end=\"5065\"><strong data-start=\"4577\" data-end=\"4732\">SUPERPREMIUM HIPOALER\u0122ISKA BAR\u012aBA AR VIENU DZ\u012aVNIEKU OLBALTUMVIELU AVOTU, PAREDZ\u0112TA LIELU \u0160\u0136IR\u0145U KUC\u0112NU VESEL\u012aGAI ATT\u012aST\u012aBAI UN IM\u016aNSIST\u0112MAS ATBALSTAM.<\/strong><br data-start=\"4732\" data-end=\"4735\" \/>Izv\u0113l\u0113tie olbaltumvielu avoti nerada aler\u0123ijas, t\u0101d\u0113j\u0101di samazinot aler\u0123isku reakciju risku. Bar\u012bba \u012bpa\u0161i piem\u0113rota su\u0146iem ar jut\u012bgu gremo\u0161anu, \u012bpa\u0161\u0101m uztura vajadz\u012bb\u0101m un tiem, kuriem past\u0101v p\u0101rtikas aler\u0123iju risks. Receptes bag\u0101tin\u0101tas ar postbiotik\u0101m, kas atbalsta l\u012bdzsvarotu zarnu mikrofloru un stiprina kuc\u0113nu im\u016bnsist\u0113mu.<\/p>\n<p data-start=\"5067\" data-end=\"5595\"><strong data-start=\"5067\" data-end=\"5079\">Sast\u0101vs:<\/strong> \u017d\u0101v\u0113ts j\u0113ra ga\u013ca (42%), r\u012bsi (35%), vistas tauki, \u017e\u0101v\u0113ta \u0101bolu m\u012bkstums, la\u0161a e\u013c\u013ca (3%), alus raugs, dab\u012bg\u0101 aromviela, hidroliz\u0113ts raugs (0,5% \u2013 inoz\u012bna un aminosk\u0101bju avots), zir\u0146u milti, glikozam\u012bns (300 mg\/kg), fruktooligosahar\u012bdi (230 mg\/kg), hondroit\u012bnsulf\u0101ts (230 mg\/kg), mann\u0101noligosahar\u012bdi (180 mg\/kg), Mojaves juka (180 mg\/kg), piena dad\u017ea s\u0113klas (110 mg\/kg), \u03b2-glik\u0101ni (60 mg\/kg), \u017e\u0101v\u0113ts n\u0101tres (60 mg\/kg), \u017e\u0101v\u0113ts smilts\u0113rk\u0161\u0137is (60 mg\/kg), inaktiv\u0113ts <em data-start=\"5541\" data-end=\"5567\">Lactobacillus helveticus<\/em> HA\u2013122 (15\u00d710\u2079 \u0161\u016bnas\/kg).<\/p>\n<p data-start=\"5597\" data-end=\"5819\"><strong data-start=\"5597\" data-end=\"5622\">Anal\u012btiskais sast\u0101vs:<\/strong> Kopprote\u012bns 28,0%, koptauki 16,0%, mitrums 10,0%, koppelni 7,0%, kop\u0161\u0137iedra 2,2%, kalcijs 1,3%, fosfors 1,0%, n\u0101trijs 0,4%, omega-3 tauksk\u0101bes 0,7%, omega-6 tauksk\u0101bes 2,0%, EPA 0,05%, DHA 0,1%.<\/p>\n<p data-start=\"5821\" data-end=\"6273\"><strong data-start=\"5821\" data-end=\"5852\">Uzturvielu piedevas (1 kg):<\/strong> A vitam\u012bns 23 000 SV, D\u2083 vitam\u012bns 1 700 SV, E vitam\u012bns 550 mg, C vitam\u012bns 350 mg, taur\u012bns 1 500 mg, hol\u012bna hlor\u012bds 1 800 mg, L-karnit\u012bns 300 mg, B1 vitam\u012bns 3 mg, B2 vitam\u012bns 11 mg, biot\u012bns 4 mg, folijsk\u0101be 1,4 mg, B6 vitam\u012bns 3 mg, kalcija-D-pantoten\u0101ts 30 mg, niacinam\u012bds 38 mg, B12 vitam\u012bns 0,12 mg, jods 0,9 mg, organiskais cinks 100 mg, organiskais mang\u0101ns 45 mg, organiskais var\u0161 20 mg, organiskais dzelzs 88 mg.<\/p>\n<p data-start=\"6275\" data-end=\"6388\">Satur ES at\u013cautos antioksidantus: tokoferolu ekstrakti no augu e\u013c\u013c\u0101m, askorbilpalmit\u0101ts un rozmar\u012bna ekstrakts.<\/p>\n<p data-start=\"6390\" data-end=\"6434\"><strong data-start=\"6390\" data-end=\"6418\">Metaboliz\u0113jam\u0101 ener\u0123ija:<\/strong> 3,850 kcal\/kg<\/p>\n","protected":false},"featured_media":51636,"template":"","meta":[],"product_brand":[],"product_cat":[575],"product_tag":[],"class_list":{"0":"post-51635","1":"product","2":"type-product","3":"status-publish","4":"has-post-thumbnail","6":"product_cat-sausa-bariba-suniem","8":"first","9":"instock","10":"sale","11":"taxable","12":"shipping-taxable","13":"purchasable","14":"product-type-simple"},"yoast_head":"<!-- This site is optimized with the Yoast SEO plugin v27.2 - https:\/\/yoast.com\/product\/yoast-seo-wordpress\/ -->\n<title>Brit Care Dog Hypoallergenic Junior Large Breed Lamb 12 kg - MiuMjau<\/title>\n<meta name=\"robots\" content=\"index, follow, max-snippet:-1, max-image-preview:large, max-video-preview:-1\" \/>\n<link rel=\"canonical\" href=\"https:\/\/miumjau.ee\/lv\/produkts\/brit-care-dog-hypoallergenic-junior-large-breed-lamb-12-kg\/\" \/>\n<meta property=\"og:locale\" content=\"lv_LV\" \/>\n<meta property=\"og:type\" content=\"article\" \/>\n<meta property=\"og:title\" content=\"Brit Care Dog Hypoallergenic Junior Large Breed Lamb 12 kg - MiuMjau\" \/>\n<meta property=\"og:description\" content=\"Hipoaler\u0123iska recepte ar j\u0113ra ga\u013cu un r\u012bsiem lielo \u0161\u0137ir\u0146u kuc\u0113niem (virs 25 kg), 3 m\u0113ne\u0161i \u2013 2 gadi. Pilnv\u0113rt\u012bga bar\u012bba su\u0146iem. SUPERPREMIUM HIPOALER\u0122ISKA BAR\u012aBA AR VIENU DZ\u012aVNIEKU OLBALTUMVIELU AVOTU, PAREDZ\u0112TA LIELU \u0160\u0136IR\u0145U KUC\u0112NU VESEL\u012aGAI ATT\u012aST\u012aBAI UN IM\u016aNSIST\u0112MAS ATBALSTAM.Izv\u0113l\u0113tie olbaltumvielu avoti nerada aler\u0123ijas, t\u0101d\u0113j\u0101di samazinot aler\u0123isku reakciju risku. Bar\u012bba \u012bpa\u0161i piem\u0113rota su\u0146iem ar jut\u012bgu gremo\u0161anu, \u012bpa\u0161\u0101m uztura vajadz\u012bb\u0101m un tiem, kuriem past\u0101v p\u0101rtikas aler\u0123iju risks. Receptes bag\u0101tin\u0101tas ar postbiotik\u0101m, kas atbalsta l\u012bdzsvarotu zarnu mikrofloru un stiprina kuc\u0113nu im\u016bnsist\u0113mu. Sast\u0101vs: \u017d\u0101v\u0113ts j\u0113ra ga\u013ca (42%), r\u012bsi (35%), vistas tauki, \u017e\u0101v\u0113ta \u0101bolu m\u012bkstums, la\u0161a e\u013c\u013ca (3%), alus raugs, dab\u012bg\u0101 aromviela, hidroliz\u0113ts raugs (0,5% \u2013 inoz\u012bna un aminosk\u0101bju avots), zir\u0146u milti, glikozam\u012bns (300 mg\/kg), fruktooligosahar\u012bdi (230 mg\/kg), hondroit\u012bnsulf\u0101ts (230 mg\/kg), mann\u0101noligosahar\u012bdi (180 mg\/kg), Mojaves juka (180 mg\/kg), piena dad\u017ea s\u0113klas (110 mg\/kg), \u03b2-glik\u0101ni (60 mg\/kg), \u017e\u0101v\u0113ts n\u0101tres (60 mg\/kg), \u017e\u0101v\u0113ts smilts\u0113rk\u0161\u0137is (60 mg\/kg), inaktiv\u0113ts Lactobacillus helveticus HA\u2013122 (15\u00d710\u2079 \u0161\u016bnas\/kg). Anal\u012btiskais sast\u0101vs: Kopprote\u012bns 28,0%, koptauki 16,0%, mitrums 10,0%, koppelni 7,0%, kop\u0161\u0137iedra 2,2%, kalcijs 1,3%, fosfors 1,0%, n\u0101trijs 0,4%, omega-3 tauksk\u0101bes 0,7%, omega-6 tauksk\u0101bes 2,0%, EPA 0,05%, DHA 0,1%. Uzturvielu piedevas (1 kg): A vitam\u012bns 23 000 SV, D\u2083 vitam\u012bns 1 700 SV, E vitam\u012bns 550 mg, C vitam\u012bns 350 mg, taur\u012bns 1 500 mg, hol\u012bna hlor\u012bds 1 800 mg, L-karnit\u012bns 300 mg, B1 vitam\u012bns 3 mg, B2 vitam\u012bns 11 mg, biot\u012bns 4 mg, folijsk\u0101be 1,4 mg, B6 vitam\u012bns 3 mg, kalcija-D-pantoten\u0101ts 30 mg, niacinam\u012bds 38 mg, B12 vitam\u012bns 0,12 mg, jods 0,9 mg, organiskais cinks 100 mg, organiskais mang\u0101ns 45 mg, organiskais var\u0161 20 mg, organiskais dzelzs 88 mg. Satur ES at\u013cautos antioksidantus: tokoferolu ekstrakti no augu e\u013c\u013c\u0101m, askorbilpalmit\u0101ts un rozmar\u012bna ekstrakts. Metaboliz\u0113jam\u0101 ener\u0123ija: 3,850 kcal\/kg\" \/>\n<meta property=\"og:url\" content=\"https:\/\/miumjau.ee\/lv\/produkts\/brit-care-dog-hypoallergenic-junior-large-breed-lamb-12-kg\/\" \/>\n<meta property=\"og:site_name\" content=\"MiuMjau\" \/>\n<meta property=\"article:publisher\" content=\"https:\/\/www.facebook.com\/miumjaupood\/\" \/>\n<meta property=\"article:modified_time\" content=\"2026-01-07T19:12:01+00:00\" \/>\n<meta property=\"og:image\" content=\"https:\/\/miumjau.ee\/wp-content\/uploads\/2025\/04\/brit-care-junior-large-breed-lamb-Photoroom.webp\" \/>\n\t<meta property=\"og:image:width\" content=\"600\" \/>\n\t<meta property=\"og:image:height\" content=\"800\" \/>\n\t<meta property=\"og:image:type\" content=\"image\/webp\" \/>\n<meta name=\"twitter:card\" content=\"summary_large_image\" \/>\n<script type=\"application\/ld+json\" class=\"yoast-schema-graph\">{\"@context\":\"https:\/\/schema.org\",\"@graph\":[{\"@type\":\"WebPage\",\"@id\":\"https:\/\/miumjau.ee\/lv\/produkts\/brit-care-dog-hypoallergenic-junior-large-breed-lamb-12-kg\/\",\"url\":\"https:\/\/miumjau.ee\/lv\/produkts\/brit-care-dog-hypoallergenic-junior-large-breed-lamb-12-kg\/\",\"name\":\"Brit Care Dog Hypoallergenic Junior Large Breed Lamb 12 kg - MiuMjau\",\"isPartOf\":{\"@id\":\"https:\/\/miumjau.ee\/#website\"},\"primaryImageOfPage\":{\"@id\":\"https:\/\/miumjau.ee\/lv\/produkts\/brit-care-dog-hypoallergenic-junior-large-breed-lamb-12-kg\/#primaryimage\"},\"image\":{\"@id\":\"https:\/\/miumjau.ee\/lv\/produkts\/brit-care-dog-hypoallergenic-junior-large-breed-lamb-12-kg\/#primaryimage\"},\"thumbnailUrl\":\"https:\/\/miumjau.ee\/wp-content\/uploads\/2025\/04\/brit-care-junior-large-breed-lamb-Photoroom.webp\",\"datePublished\":\"2025-04-07T06:59:59+00:00\",\"dateModified\":\"2026-01-07T19:12:01+00:00\",\"breadcrumb\":{\"@id\":\"https:\/\/miumjau.ee\/lv\/produkts\/brit-care-dog-hypoallergenic-junior-large-breed-lamb-12-kg\/#breadcrumb\"},\"inLanguage\":\"lv-LV\",\"potentialAction\":[{\"@type\":\"ReadAction\",\"target\":[\"https:\/\/miumjau.ee\/lv\/produkts\/brit-care-dog-hypoallergenic-junior-large-breed-lamb-12-kg\/\"]}]},{\"@type\":\"ImageObject\",\"inLanguage\":\"lv-LV\",\"@id\":\"https:\/\/miumjau.ee\/lv\/produkts\/brit-care-dog-hypoallergenic-junior-large-breed-lamb-12-kg\/#primaryimage\",\"url\":\"https:\/\/miumjau.ee\/wp-content\/uploads\/2025\/04\/brit-care-junior-large-breed-lamb-Photoroom.webp\",\"contentUrl\":\"https:\/\/miumjau.ee\/wp-content\/uploads\/2025\/04\/brit-care-junior-large-breed-lamb-Photoroom.webp\",\"width\":600,\"height\":800},{\"@type\":\"BreadcrumbList\",\"@id\":\"https:\/\/miumjau.ee\/lv\/produkts\/brit-care-dog-hypoallergenic-junior-large-breed-lamb-12-kg\/#breadcrumb\",\"itemListElement\":[{\"@type\":\"ListItem\",\"position\":1,\"name\":\"Home\",\"item\":\"https:\/\/miumjau.ee\/lv\/\"},{\"@type\":\"ListItem\",\"position\":2,\"name\":\"Veikals\",\"item\":\"https:\/\/miumjau.ee\/lv\/veikals\/\"},{\"@type\":\"ListItem\",\"position\":3,\"name\":\"Brit Care Dog Hypoallergenic Junior Large Breed Lamb 12 kg\"}]},{\"@type\":\"WebSite\",\"@id\":\"https:\/\/miumjau.ee\/#website\",\"url\":\"https:\/\/miumjau.ee\/\",\"name\":\"MiuMjau\",\"description\":\"Kraapimispuud kassidele\",\"publisher\":{\"@id\":\"https:\/\/miumjau.ee\/#organization\"},\"potentialAction\":[{\"@type\":\"SearchAction\",\"target\":{\"@type\":\"EntryPoint\",\"urlTemplate\":\"https:\/\/miumjau.ee\/?s={search_term_string}\"},\"query-input\":{\"@type\":\"PropertyValueSpecification\",\"valueRequired\":true,\"valueName\":\"search_term_string\"}}],\"inLanguage\":\"lv-LV\"},{\"@type\":\"Organization\",\"@id\":\"https:\/\/miumjau.ee\/#organization\",\"name\":\"MiuMjau O\u00dc\",\"url\":\"https:\/\/miumjau.ee\/\",\"logo\":{\"@type\":\"ImageObject\",\"inLanguage\":\"lv-LV\",\"@id\":\"https:\/\/miumjau.ee\/#\/schema\/logo\/image\/\",\"url\":\"https:\/\/miumjau.ee\/wp-content\/uploads\/2022\/04\/MiuMjau-logo-kollane.png\",\"contentUrl\":\"https:\/\/miumjau.ee\/wp-content\/uploads\/2022\/04\/MiuMjau-logo-kollane.png\",\"width\":219,\"height\":100,\"caption\":\"MiuMjau O\u00dc\"},\"image\":{\"@id\":\"https:\/\/miumjau.ee\/#\/schema\/logo\/image\/\"},\"sameAs\":[\"https:\/\/www.facebook.com\/miumjaupood\/\"]}]}<\/script>\n<!-- \/ Yoast SEO plugin. -->","yoast_head_json":{"title":"Brit Care Dog Hypoallergenic Junior Large Breed Lamb 12 kg - MiuMjau","robots":{"index":"index","follow":"follow","max-snippet":"max-snippet:-1","max-image-preview":"max-image-preview:large","max-video-preview":"max-video-preview:-1"},"canonical":"https:\/\/miumjau.ee\/lv\/produkts\/brit-care-dog-hypoallergenic-junior-large-breed-lamb-12-kg\/","og_locale":"lv_LV","og_type":"article","og_title":"Brit Care Dog Hypoallergenic Junior Large Breed Lamb 12 kg - MiuMjau","og_description":"Hipoaler\u0123iska recepte ar j\u0113ra ga\u013cu un r\u012bsiem lielo \u0161\u0137ir\u0146u kuc\u0113niem (virs 25 kg), 3 m\u0113ne\u0161i \u2013 2 gadi. Pilnv\u0113rt\u012bga bar\u012bba su\u0146iem. SUPERPREMIUM HIPOALER\u0122ISKA BAR\u012aBA AR VIENU DZ\u012aVNIEKU OLBALTUMVIELU AVOTU, PAREDZ\u0112TA LIELU \u0160\u0136IR\u0145U KUC\u0112NU VESEL\u012aGAI ATT\u012aST\u012aBAI UN IM\u016aNSIST\u0112MAS ATBALSTAM.Izv\u0113l\u0113tie olbaltumvielu avoti nerada aler\u0123ijas, t\u0101d\u0113j\u0101di samazinot aler\u0123isku reakciju risku. Bar\u012bba \u012bpa\u0161i piem\u0113rota su\u0146iem ar jut\u012bgu gremo\u0161anu, \u012bpa\u0161\u0101m uztura vajadz\u012bb\u0101m un tiem, kuriem past\u0101v p\u0101rtikas aler\u0123iju risks. Receptes bag\u0101tin\u0101tas ar postbiotik\u0101m, kas atbalsta l\u012bdzsvarotu zarnu mikrofloru un stiprina kuc\u0113nu im\u016bnsist\u0113mu. Sast\u0101vs: \u017d\u0101v\u0113ts j\u0113ra ga\u013ca (42%), r\u012bsi (35%), vistas tauki, \u017e\u0101v\u0113ta \u0101bolu m\u012bkstums, la\u0161a e\u013c\u013ca (3%), alus raugs, dab\u012bg\u0101 aromviela, hidroliz\u0113ts raugs (0,5% \u2013 inoz\u012bna un aminosk\u0101bju avots), zir\u0146u milti, glikozam\u012bns (300 mg\/kg), fruktooligosahar\u012bdi (230 mg\/kg), hondroit\u012bnsulf\u0101ts (230 mg\/kg), mann\u0101noligosahar\u012bdi (180 mg\/kg), Mojaves juka (180 mg\/kg), piena dad\u017ea s\u0113klas (110 mg\/kg), \u03b2-glik\u0101ni (60 mg\/kg), \u017e\u0101v\u0113ts n\u0101tres (60 mg\/kg), \u017e\u0101v\u0113ts smilts\u0113rk\u0161\u0137is (60 mg\/kg), inaktiv\u0113ts Lactobacillus helveticus HA\u2013122 (15\u00d710\u2079 \u0161\u016bnas\/kg). Anal\u012btiskais sast\u0101vs: Kopprote\u012bns 28,0%, koptauki 16,0%, mitrums 10,0%, koppelni 7,0%, kop\u0161\u0137iedra 2,2%, kalcijs 1,3%, fosfors 1,0%, n\u0101trijs 0,4%, omega-3 tauksk\u0101bes 0,7%, omega-6 tauksk\u0101bes 2,0%, EPA 0,05%, DHA 0,1%. Uzturvielu piedevas (1 kg): A vitam\u012bns 23 000 SV, D\u2083 vitam\u012bns 1 700 SV, E vitam\u012bns 550 mg, C vitam\u012bns 350 mg, taur\u012bns 1 500 mg, hol\u012bna hlor\u012bds 1 800 mg, L-karnit\u012bns 300 mg, B1 vitam\u012bns 3 mg, B2 vitam\u012bns 11 mg, biot\u012bns 4 mg, folijsk\u0101be 1,4 mg, B6 vitam\u012bns 3 mg, kalcija-D-pantoten\u0101ts 30 mg, niacinam\u012bds 38 mg, B12 vitam\u012bns 0,12 mg, jods 0,9 mg, organiskais cinks 100 mg, organiskais mang\u0101ns 45 mg, organiskais var\u0161 20 mg, organiskais dzelzs 88 mg. Satur ES at\u013cautos antioksidantus: tokoferolu ekstrakti no augu e\u013c\u013c\u0101m, askorbilpalmit\u0101ts un rozmar\u012bna ekstrakts. Metaboliz\u0113jam\u0101 ener\u0123ija: 3,850 kcal\/kg","og_url":"https:\/\/miumjau.ee\/lv\/produkts\/brit-care-dog-hypoallergenic-junior-large-breed-lamb-12-kg\/","og_site_name":"MiuMjau","article_publisher":"https:\/\/www.facebook.com\/miumjaupood\/","article_modified_time":"2026-01-07T19:12:01+00:00","og_image":[{"width":600,"height":800,"url":"https:\/\/miumjau.ee\/wp-content\/uploads\/2025\/04\/brit-care-junior-large-breed-lamb-Photoroom.webp","type":"image\/webp"}],"twitter_card":"summary_large_image","schema":{"@context":"https:\/\/schema.org","@graph":[{"@type":"WebPage","@id":"https:\/\/miumjau.ee\/lv\/produkts\/brit-care-dog-hypoallergenic-junior-large-breed-lamb-12-kg\/","url":"https:\/\/miumjau.ee\/lv\/produkts\/brit-care-dog-hypoallergenic-junior-large-breed-lamb-12-kg\/","name":"Brit Care Dog Hypoallergenic Junior Large Breed Lamb 12 kg - MiuMjau","isPartOf":{"@id":"https:\/\/miumjau.ee\/#website"},"primaryImageOfPage":{"@id":"https:\/\/miumjau.ee\/lv\/produkts\/brit-care-dog-hypoallergenic-junior-large-breed-lamb-12-kg\/#primaryimage"},"image":{"@id":"https:\/\/miumjau.ee\/lv\/produkts\/brit-care-dog-hypoallergenic-junior-large-breed-lamb-12-kg\/#primaryimage"},"thumbnailUrl":"https:\/\/miumjau.ee\/wp-content\/uploads\/2025\/04\/brit-care-junior-large-breed-lamb-Photoroom.webp","datePublished":"2025-04-07T06:59:59+00:00","dateModified":"2026-01-07T19:12:01+00:00","breadcrumb":{"@id":"https:\/\/miumjau.ee\/lv\/produkts\/brit-care-dog-hypoallergenic-junior-large-breed-lamb-12-kg\/#breadcrumb"},"inLanguage":"lv-LV","potentialAction":[{"@type":"ReadAction","target":["https:\/\/miumjau.ee\/lv\/produkts\/brit-care-dog-hypoallergenic-junior-large-breed-lamb-12-kg\/"]}]},{"@type":"ImageObject","inLanguage":"lv-LV","@id":"https:\/\/miumjau.ee\/lv\/produkts\/brit-care-dog-hypoallergenic-junior-large-breed-lamb-12-kg\/#primaryimage","url":"https:\/\/miumjau.ee\/wp-content\/uploads\/2025\/04\/brit-care-junior-large-breed-lamb-Photoroom.webp","contentUrl":"https:\/\/miumjau.ee\/wp-content\/uploads\/2025\/04\/brit-care-junior-large-breed-lamb-Photoroom.webp","width":600,"height":800},{"@type":"BreadcrumbList","@id":"https:\/\/miumjau.ee\/lv\/produkts\/brit-care-dog-hypoallergenic-junior-large-breed-lamb-12-kg\/#breadcrumb","itemListElement":[{"@type":"ListItem","position":1,"name":"Home","item":"https:\/\/miumjau.ee\/lv\/"},{"@type":"ListItem","position":2,"name":"Veikals","item":"https:\/\/miumjau.ee\/lv\/veikals\/"},{"@type":"ListItem","position":3,"name":"Brit Care Dog Hypoallergenic Junior Large Breed Lamb 12 kg"}]},{"@type":"WebSite","@id":"https:\/\/miumjau.ee\/#website","url":"https:\/\/miumjau.ee\/","name":"MiuMjau","description":"Kraapimispuud kassidele","publisher":{"@id":"https:\/\/miumjau.ee\/#organization"},"potentialAction":[{"@type":"SearchAction","target":{"@type":"EntryPoint","urlTemplate":"https:\/\/miumjau.ee\/?s={search_term_string}"},"query-input":{"@type":"PropertyValueSpecification","valueRequired":true,"valueName":"search_term_string"}}],"inLanguage":"lv-LV"},{"@type":"Organization","@id":"https:\/\/miumjau.ee\/#organization","name":"MiuMjau O\u00dc","url":"https:\/\/miumjau.ee\/","logo":{"@type":"ImageObject","inLanguage":"lv-LV","@id":"https:\/\/miumjau.ee\/#\/schema\/logo\/image\/","url":"https:\/\/miumjau.ee\/wp-content\/uploads\/2022\/04\/MiuMjau-logo-kollane.png","contentUrl":"https:\/\/miumjau.ee\/wp-content\/uploads\/2022\/04\/MiuMjau-logo-kollane.png","width":219,"height":100,"caption":"MiuMjau O\u00dc"},"image":{"@id":"https:\/\/miumjau.ee\/#\/schema\/logo\/image\/"},"sameAs":["https:\/\/www.facebook.com\/miumjaupood\/"]}]}},"_links":{"self":[{"href":"https:\/\/miumjau.ee\/lv\/wp-json\/wp\/v2\/product\/51635","targetHints":{"allow":["GET"]}}],"collection":[{"href":"https:\/\/miumjau.ee\/lv\/wp-json\/wp\/v2\/product"}],"about":[{"href":"https:\/\/miumjau.ee\/lv\/wp-json\/wp\/v2\/types\/product"}],"wp:featuredmedia":[{"embeddable":true,"href":"https:\/\/miumjau.ee\/lv\/wp-json\/wp\/v2\/media\/51636"}],"wp:attachment":[{"href":"https:\/\/miumjau.ee\/lv\/wp-json\/wp\/v2\/media?parent=51635"}],"wp:term":[{"taxonomy":"product_brand","embeddable":true,"href":"https:\/\/miumjau.ee\/lv\/wp-json\/wp\/v2\/product_brand?post=51635"},{"taxonomy":"product_cat","embeddable":true,"href":"https:\/\/miumjau.ee\/lv\/wp-json\/wp\/v2\/product_cat?post=51635"},{"taxonomy":"product_tag","embeddable":true,"href":"https:\/\/miumjau.ee\/lv\/wp-json\/wp\/v2\/product_tag?post=51635"}],"curies":[{"name":"wp","href":"https:\/\/api.w.org\/{rel}","templated":true}]}}