{"id":51627,"date":"2025-04-07T10:03:09","date_gmt":"2025-04-07T07:03:09","guid":{"rendered":"https:\/\/miumjau.ee\/toode\/brit-care-dog-hypoallergenic-dog-show-champion-3-kg\/"},"modified":"2026-01-07T21:12:01","modified_gmt":"2026-01-07T19:12:01","slug":"brit-care-dog-hypoallergenic-dog-show-champion-3-kg","status":"publish","type":"product","link":"https:\/\/miumjau.ee\/lv\/produkts\/brit-care-dog-hypoallergenic-dog-show-champion-3-kg\/","title":{"rendered":"Brit Care Dog Hypoallergenic Dog Show Champion 3 kg"},"content":{"rendered":"","protected":false},"excerpt":{"rendered":"<p data-start=\"4438\" data-end=\"4570\">Hipoaler\u0123iska pilnv\u0113rt\u012bga bar\u012bba ar lasi un si\u013c\u0137i pieaugu\u0161iem su\u0146iem \u2013 ide\u0101li piem\u0113rota izst\u0101\u017eu su\u0146u lielisk\u0101s formas uztur\u0113\u0161anai.<\/p>\n<p data-start=\"4572\" data-end=\"4713\">Superpremium hipoaler\u0123iska su\u0146u bar\u012bba ar vienu dz\u012bvnieku olbaltumvielu avotu, \u012bpa\u0161i izstr\u0101d\u0101ta, lai uztur\u0113tu izst\u0101\u017eu su\u0146us lab\u0101kaj\u0101 form\u0101.<\/p>\n<p data-start=\"4715\" data-end=\"5051\">Omega-3 tauksk\u0101bes, piem\u0113ram, ALA, EPA un DHA, pal\u012bdz uztur\u0113t \u0101das mitrumu un nodro\u0161ina ka\u017eokam vesel\u012bgu un sp\u012bd\u012bgu izskatu. L-triptof\u0101ns atbalsta mier\u012bgu noska\u0146ojumu stresa situ\u0101cij\u0101s. Bar\u012bba ir bag\u0101tin\u0101ta ar probiotik\u0101m gremo\u0161anas un im\u016bnsist\u0113mas atbalstam, k\u0101 ar\u012b piena dad\u017ea s\u0113kl\u0101m aknu funkcijas un toks\u012bnu izvad\u012b\u0161anas atbalstam.<\/p>\n<p data-start=\"5053\" data-end=\"5647\"><strong data-start=\"5053\" data-end=\"5065\">Sast\u0101vs:<\/strong> Lasis (36%) (\u017e\u0101v\u0113ts lasis, hidroliz\u0113ts lasis), r\u012bsi (26%), \u017e\u0101v\u0113ta si\u013c\u0137e (14%), vistas tauki, linu s\u0113klas (4%), \u017e\u0101v\u0113ts \u0101bolu m\u012bkstums, la\u0161a e\u013c\u013ca (3%), dab\u012bg\u0101 aromviela, alus raugs, \u017e\u0101v\u0113tas a\u013c\u0123es (0,5%, <em data-start=\"5267\" data-end=\"5293\">Schizochytrium limacinum<\/em>), zir\u0146u milti, glikozam\u012bns (300 mg\/kg), fruktooligosahar\u012bdi (230 mg\/kg), hondroit\u012bnsulf\u0101ts (230 mg\/kg), mann\u0101noligosahar\u012bdi (180 mg\/kg), Mojaves juka (180 mg\/kg), piena dad\u017ea s\u0113klas (110 mg\/kg), \u03b2-glik\u0101ni (60 mg\/kg), \u017e\u0101v\u0113ta m\u0101tere (60 mg\/kg), \u017e\u0101v\u0113ts smilts\u0113rk\u0161\u0137is (60 mg\/kg), inaktiv\u0113ts probiotisks <em data-start=\"5593\" data-end=\"5619\">Lactobacillus helveticus<\/em> HA\u2013122 (15\u00d710\u2079 \u0161\u016bnas\/kg).<\/p>\n<p data-start=\"5649\" data-end=\"5871\"><strong data-start=\"5649\" data-end=\"5674\">Anal\u012btiskais sast\u0101vs:<\/strong> Kopprote\u012bns 26,0%, koptauki 16,0%, mitrums 10,0%, koppelni 5,8%, kop\u0161\u0137iedra 3,0%, kalcijs 1,1%, fosfors 0,9%, n\u0101trijs 0,4%, omega-3 tauksk\u0101bes 2,1%, omega-6 tauksk\u0101bes 2,2%, EPA 0,1%, DHA 0,25%.<\/p>\n<p data-start=\"5873\" data-end=\"6239\"><strong data-start=\"5873\" data-end=\"5904\">Uzturvielu piedevas (1 kg):<\/strong> A vitam\u012bns 23 000 SV, D\u2083 vitam\u012bns 1 700 SV, E vitam\u012bns 550 mg, C vitam\u012bns 350 mg, taur\u012bns 1 500 mg, hol\u012bna hlor\u012bds 1 800 mg, L-karnit\u012bns 300 mg, vitam\u012bni B1, B2, B6, B12, biot\u012bns, folijsk\u0101be, pantot\u0113nsk\u0101be, niacinam\u012bds.<br data-start=\"6124\" data-end=\"6127\" \/>Miner\u0101lvielas: jods 0,9 mg, organiskais cinks 100 mg, mang\u0101ns 45 mg, var\u0161 20 mg, dzelzs 88 mg, sel\u0113ns 0,18 mg.<\/p>\n<p data-start=\"6241\" data-end=\"6354\">Satur ES at\u013cautos antioksidantus: tokoferolu ekstrakti no augu e\u013c\u013c\u0101m, askorbilpalmit\u0101ts un rozmar\u012bna ekstrakts.<\/p>\n<p data-start=\"6356\" data-end=\"6400\"><strong data-start=\"6356\" data-end=\"6384\">Metaboliz\u0113jam\u0101 ener\u0123ija:<\/strong> 3 830 kcal\/kg<\/p>\n","protected":false},"featured_media":51626,"template":"","meta":[],"product_brand":[],"product_cat":[575],"product_tag":[],"class_list":{"0":"post-51627","1":"product","2":"type-product","3":"status-publish","4":"has-post-thumbnail","6":"product_cat-sausa-bariba-suniem","8":"first","9":"instock","10":"sale","11":"taxable","12":"shipping-taxable","13":"purchasable","14":"product-type-simple"},"yoast_head":"<!-- This site is optimized with the Yoast SEO plugin v27.2 - https:\/\/yoast.com\/product\/yoast-seo-wordpress\/ -->\n<title>Brit Care Dog Hypoallergenic Dog Show Champion 3 kg - MiuMjau<\/title>\n<meta name=\"robots\" content=\"index, follow, max-snippet:-1, max-image-preview:large, max-video-preview:-1\" \/>\n<link rel=\"canonical\" href=\"https:\/\/miumjau.ee\/lv\/produkts\/brit-care-dog-hypoallergenic-dog-show-champion-3-kg\/\" \/>\n<meta property=\"og:locale\" content=\"lv_LV\" \/>\n<meta property=\"og:type\" content=\"article\" \/>\n<meta property=\"og:title\" content=\"Brit Care Dog Hypoallergenic Dog Show Champion 3 kg - MiuMjau\" \/>\n<meta property=\"og:description\" content=\"Hipoaler\u0123iska pilnv\u0113rt\u012bga bar\u012bba ar lasi un si\u013c\u0137i pieaugu\u0161iem su\u0146iem \u2013 ide\u0101li piem\u0113rota izst\u0101\u017eu su\u0146u lielisk\u0101s formas uztur\u0113\u0161anai. Superpremium hipoaler\u0123iska su\u0146u bar\u012bba ar vienu dz\u012bvnieku olbaltumvielu avotu, \u012bpa\u0161i izstr\u0101d\u0101ta, lai uztur\u0113tu izst\u0101\u017eu su\u0146us lab\u0101kaj\u0101 form\u0101. Omega-3 tauksk\u0101bes, piem\u0113ram, ALA, EPA un DHA, pal\u012bdz uztur\u0113t \u0101das mitrumu un nodro\u0161ina ka\u017eokam vesel\u012bgu un sp\u012bd\u012bgu izskatu. L-triptof\u0101ns atbalsta mier\u012bgu noska\u0146ojumu stresa situ\u0101cij\u0101s. Bar\u012bba ir bag\u0101tin\u0101ta ar probiotik\u0101m gremo\u0161anas un im\u016bnsist\u0113mas atbalstam, k\u0101 ar\u012b piena dad\u017ea s\u0113kl\u0101m aknu funkcijas un toks\u012bnu izvad\u012b\u0161anas atbalstam. Sast\u0101vs: Lasis (36%) (\u017e\u0101v\u0113ts lasis, hidroliz\u0113ts lasis), r\u012bsi (26%), \u017e\u0101v\u0113ta si\u013c\u0137e (14%), vistas tauki, linu s\u0113klas (4%), \u017e\u0101v\u0113ts \u0101bolu m\u012bkstums, la\u0161a e\u013c\u013ca (3%), dab\u012bg\u0101 aromviela, alus raugs, \u017e\u0101v\u0113tas a\u013c\u0123es (0,5%, Schizochytrium limacinum), zir\u0146u milti, glikozam\u012bns (300 mg\/kg), fruktooligosahar\u012bdi (230 mg\/kg), hondroit\u012bnsulf\u0101ts (230 mg\/kg), mann\u0101noligosahar\u012bdi (180 mg\/kg), Mojaves juka (180 mg\/kg), piena dad\u017ea s\u0113klas (110 mg\/kg), \u03b2-glik\u0101ni (60 mg\/kg), \u017e\u0101v\u0113ta m\u0101tere (60 mg\/kg), \u017e\u0101v\u0113ts smilts\u0113rk\u0161\u0137is (60 mg\/kg), inaktiv\u0113ts probiotisks Lactobacillus helveticus HA\u2013122 (15\u00d710\u2079 \u0161\u016bnas\/kg). Anal\u012btiskais sast\u0101vs: Kopprote\u012bns 26,0%, koptauki 16,0%, mitrums 10,0%, koppelni 5,8%, kop\u0161\u0137iedra 3,0%, kalcijs 1,1%, fosfors 0,9%, n\u0101trijs 0,4%, omega-3 tauksk\u0101bes 2,1%, omega-6 tauksk\u0101bes 2,2%, EPA 0,1%, DHA 0,25%. Uzturvielu piedevas (1 kg): A vitam\u012bns 23 000 SV, D\u2083 vitam\u012bns 1 700 SV, E vitam\u012bns 550 mg, C vitam\u012bns 350 mg, taur\u012bns 1 500 mg, hol\u012bna hlor\u012bds 1 800 mg, L-karnit\u012bns 300 mg, vitam\u012bni B1, B2, B6, B12, biot\u012bns, folijsk\u0101be, pantot\u0113nsk\u0101be, niacinam\u012bds.Miner\u0101lvielas: jods 0,9 mg, organiskais cinks 100 mg, mang\u0101ns 45 mg, var\u0161 20 mg, dzelzs 88 mg, sel\u0113ns 0,18 mg. Satur ES at\u013cautos antioksidantus: tokoferolu ekstrakti no augu e\u013c\u013c\u0101m, askorbilpalmit\u0101ts un rozmar\u012bna ekstrakts. Metaboliz\u0113jam\u0101 ener\u0123ija: 3 830 kcal\/kg\" \/>\n<meta property=\"og:url\" content=\"https:\/\/miumjau.ee\/lv\/produkts\/brit-care-dog-hypoallergenic-dog-show-champion-3-kg\/\" \/>\n<meta property=\"og:site_name\" content=\"MiuMjau\" \/>\n<meta property=\"article:publisher\" content=\"https:\/\/www.facebook.com\/miumjaupood\/\" \/>\n<meta property=\"article:modified_time\" content=\"2026-01-07T19:12:01+00:00\" \/>\n<meta property=\"og:image\" content=\"https:\/\/miumjau.ee\/wp-content\/uploads\/2025\/04\/brit-care-dog-show-champion-Photoroom.webp\" \/>\n\t<meta property=\"og:image:width\" content=\"600\" \/>\n\t<meta property=\"og:image:height\" content=\"800\" \/>\n\t<meta property=\"og:image:type\" content=\"image\/webp\" \/>\n<meta name=\"twitter:card\" content=\"summary_large_image\" \/>\n<script type=\"application\/ld+json\" class=\"yoast-schema-graph\">{\"@context\":\"https:\/\/schema.org\",\"@graph\":[{\"@type\":\"WebPage\",\"@id\":\"https:\/\/miumjau.ee\/lv\/produkts\/brit-care-dog-hypoallergenic-dog-show-champion-3-kg\/\",\"url\":\"https:\/\/miumjau.ee\/lv\/produkts\/brit-care-dog-hypoallergenic-dog-show-champion-3-kg\/\",\"name\":\"Brit Care Dog Hypoallergenic Dog Show Champion 3 kg - MiuMjau\",\"isPartOf\":{\"@id\":\"https:\/\/miumjau.ee\/#website\"},\"primaryImageOfPage\":{\"@id\":\"https:\/\/miumjau.ee\/lv\/produkts\/brit-care-dog-hypoallergenic-dog-show-champion-3-kg\/#primaryimage\"},\"image\":{\"@id\":\"https:\/\/miumjau.ee\/lv\/produkts\/brit-care-dog-hypoallergenic-dog-show-champion-3-kg\/#primaryimage\"},\"thumbnailUrl\":\"https:\/\/miumjau.ee\/wp-content\/uploads\/2025\/04\/brit-care-dog-show-champion-Photoroom.webp\",\"datePublished\":\"2025-04-07T07:03:09+00:00\",\"dateModified\":\"2026-01-07T19:12:01+00:00\",\"breadcrumb\":{\"@id\":\"https:\/\/miumjau.ee\/lv\/produkts\/brit-care-dog-hypoallergenic-dog-show-champion-3-kg\/#breadcrumb\"},\"inLanguage\":\"lv-LV\",\"potentialAction\":[{\"@type\":\"ReadAction\",\"target\":[\"https:\/\/miumjau.ee\/lv\/produkts\/brit-care-dog-hypoallergenic-dog-show-champion-3-kg\/\"]}]},{\"@type\":\"ImageObject\",\"inLanguage\":\"lv-LV\",\"@id\":\"https:\/\/miumjau.ee\/lv\/produkts\/brit-care-dog-hypoallergenic-dog-show-champion-3-kg\/#primaryimage\",\"url\":\"https:\/\/miumjau.ee\/wp-content\/uploads\/2025\/04\/brit-care-dog-show-champion-Photoroom.webp\",\"contentUrl\":\"https:\/\/miumjau.ee\/wp-content\/uploads\/2025\/04\/brit-care-dog-show-champion-Photoroom.webp\",\"width\":600,\"height\":800},{\"@type\":\"BreadcrumbList\",\"@id\":\"https:\/\/miumjau.ee\/lv\/produkts\/brit-care-dog-hypoallergenic-dog-show-champion-3-kg\/#breadcrumb\",\"itemListElement\":[{\"@type\":\"ListItem\",\"position\":1,\"name\":\"Home\",\"item\":\"https:\/\/miumjau.ee\/lv\/\"},{\"@type\":\"ListItem\",\"position\":2,\"name\":\"Veikals\",\"item\":\"https:\/\/miumjau.ee\/lv\/veikals\/\"},{\"@type\":\"ListItem\",\"position\":3,\"name\":\"Brit Care Dog Hypoallergenic Dog Show Champion 3 kg\"}]},{\"@type\":\"WebSite\",\"@id\":\"https:\/\/miumjau.ee\/#website\",\"url\":\"https:\/\/miumjau.ee\/\",\"name\":\"MiuMjau\",\"description\":\"Kraapimispuud kassidele\",\"publisher\":{\"@id\":\"https:\/\/miumjau.ee\/#organization\"},\"potentialAction\":[{\"@type\":\"SearchAction\",\"target\":{\"@type\":\"EntryPoint\",\"urlTemplate\":\"https:\/\/miumjau.ee\/?s={search_term_string}\"},\"query-input\":{\"@type\":\"PropertyValueSpecification\",\"valueRequired\":true,\"valueName\":\"search_term_string\"}}],\"inLanguage\":\"lv-LV\"},{\"@type\":\"Organization\",\"@id\":\"https:\/\/miumjau.ee\/#organization\",\"name\":\"MiuMjau O\u00dc\",\"url\":\"https:\/\/miumjau.ee\/\",\"logo\":{\"@type\":\"ImageObject\",\"inLanguage\":\"lv-LV\",\"@id\":\"https:\/\/miumjau.ee\/#\/schema\/logo\/image\/\",\"url\":\"https:\/\/miumjau.ee\/wp-content\/uploads\/2022\/04\/MiuMjau-logo-kollane.png\",\"contentUrl\":\"https:\/\/miumjau.ee\/wp-content\/uploads\/2022\/04\/MiuMjau-logo-kollane.png\",\"width\":219,\"height\":100,\"caption\":\"MiuMjau O\u00dc\"},\"image\":{\"@id\":\"https:\/\/miumjau.ee\/#\/schema\/logo\/image\/\"},\"sameAs\":[\"https:\/\/www.facebook.com\/miumjaupood\/\"]}]}<\/script>\n<!-- \/ Yoast SEO plugin. -->","yoast_head_json":{"title":"Brit Care Dog Hypoallergenic Dog Show Champion 3 kg - MiuMjau","robots":{"index":"index","follow":"follow","max-snippet":"max-snippet:-1","max-image-preview":"max-image-preview:large","max-video-preview":"max-video-preview:-1"},"canonical":"https:\/\/miumjau.ee\/lv\/produkts\/brit-care-dog-hypoallergenic-dog-show-champion-3-kg\/","og_locale":"lv_LV","og_type":"article","og_title":"Brit Care Dog Hypoallergenic Dog Show Champion 3 kg - MiuMjau","og_description":"Hipoaler\u0123iska pilnv\u0113rt\u012bga bar\u012bba ar lasi un si\u013c\u0137i pieaugu\u0161iem su\u0146iem \u2013 ide\u0101li piem\u0113rota izst\u0101\u017eu su\u0146u lielisk\u0101s formas uztur\u0113\u0161anai. Superpremium hipoaler\u0123iska su\u0146u bar\u012bba ar vienu dz\u012bvnieku olbaltumvielu avotu, \u012bpa\u0161i izstr\u0101d\u0101ta, lai uztur\u0113tu izst\u0101\u017eu su\u0146us lab\u0101kaj\u0101 form\u0101. Omega-3 tauksk\u0101bes, piem\u0113ram, ALA, EPA un DHA, pal\u012bdz uztur\u0113t \u0101das mitrumu un nodro\u0161ina ka\u017eokam vesel\u012bgu un sp\u012bd\u012bgu izskatu. L-triptof\u0101ns atbalsta mier\u012bgu noska\u0146ojumu stresa situ\u0101cij\u0101s. Bar\u012bba ir bag\u0101tin\u0101ta ar probiotik\u0101m gremo\u0161anas un im\u016bnsist\u0113mas atbalstam, k\u0101 ar\u012b piena dad\u017ea s\u0113kl\u0101m aknu funkcijas un toks\u012bnu izvad\u012b\u0161anas atbalstam. Sast\u0101vs: Lasis (36%) (\u017e\u0101v\u0113ts lasis, hidroliz\u0113ts lasis), r\u012bsi (26%), \u017e\u0101v\u0113ta si\u013c\u0137e (14%), vistas tauki, linu s\u0113klas (4%), \u017e\u0101v\u0113ts \u0101bolu m\u012bkstums, la\u0161a e\u013c\u013ca (3%), dab\u012bg\u0101 aromviela, alus raugs, \u017e\u0101v\u0113tas a\u013c\u0123es (0,5%, Schizochytrium limacinum), zir\u0146u milti, glikozam\u012bns (300 mg\/kg), fruktooligosahar\u012bdi (230 mg\/kg), hondroit\u012bnsulf\u0101ts (230 mg\/kg), mann\u0101noligosahar\u012bdi (180 mg\/kg), Mojaves juka (180 mg\/kg), piena dad\u017ea s\u0113klas (110 mg\/kg), \u03b2-glik\u0101ni (60 mg\/kg), \u017e\u0101v\u0113ta m\u0101tere (60 mg\/kg), \u017e\u0101v\u0113ts smilts\u0113rk\u0161\u0137is (60 mg\/kg), inaktiv\u0113ts probiotisks Lactobacillus helveticus HA\u2013122 (15\u00d710\u2079 \u0161\u016bnas\/kg). Anal\u012btiskais sast\u0101vs: Kopprote\u012bns 26,0%, koptauki 16,0%, mitrums 10,0%, koppelni 5,8%, kop\u0161\u0137iedra 3,0%, kalcijs 1,1%, fosfors 0,9%, n\u0101trijs 0,4%, omega-3 tauksk\u0101bes 2,1%, omega-6 tauksk\u0101bes 2,2%, EPA 0,1%, DHA 0,25%. Uzturvielu piedevas (1 kg): A vitam\u012bns 23 000 SV, D\u2083 vitam\u012bns 1 700 SV, E vitam\u012bns 550 mg, C vitam\u012bns 350 mg, taur\u012bns 1 500 mg, hol\u012bna hlor\u012bds 1 800 mg, L-karnit\u012bns 300 mg, vitam\u012bni B1, B2, B6, B12, biot\u012bns, folijsk\u0101be, pantot\u0113nsk\u0101be, niacinam\u012bds.Miner\u0101lvielas: jods 0,9 mg, organiskais cinks 100 mg, mang\u0101ns 45 mg, var\u0161 20 mg, dzelzs 88 mg, sel\u0113ns 0,18 mg. Satur ES at\u013cautos antioksidantus: tokoferolu ekstrakti no augu e\u013c\u013c\u0101m, askorbilpalmit\u0101ts un rozmar\u012bna ekstrakts. Metaboliz\u0113jam\u0101 ener\u0123ija: 3 830 kcal\/kg","og_url":"https:\/\/miumjau.ee\/lv\/produkts\/brit-care-dog-hypoallergenic-dog-show-champion-3-kg\/","og_site_name":"MiuMjau","article_publisher":"https:\/\/www.facebook.com\/miumjaupood\/","article_modified_time":"2026-01-07T19:12:01+00:00","og_image":[{"width":600,"height":800,"url":"https:\/\/miumjau.ee\/wp-content\/uploads\/2025\/04\/brit-care-dog-show-champion-Photoroom.webp","type":"image\/webp"}],"twitter_card":"summary_large_image","schema":{"@context":"https:\/\/schema.org","@graph":[{"@type":"WebPage","@id":"https:\/\/miumjau.ee\/lv\/produkts\/brit-care-dog-hypoallergenic-dog-show-champion-3-kg\/","url":"https:\/\/miumjau.ee\/lv\/produkts\/brit-care-dog-hypoallergenic-dog-show-champion-3-kg\/","name":"Brit Care Dog Hypoallergenic Dog Show Champion 3 kg - MiuMjau","isPartOf":{"@id":"https:\/\/miumjau.ee\/#website"},"primaryImageOfPage":{"@id":"https:\/\/miumjau.ee\/lv\/produkts\/brit-care-dog-hypoallergenic-dog-show-champion-3-kg\/#primaryimage"},"image":{"@id":"https:\/\/miumjau.ee\/lv\/produkts\/brit-care-dog-hypoallergenic-dog-show-champion-3-kg\/#primaryimage"},"thumbnailUrl":"https:\/\/miumjau.ee\/wp-content\/uploads\/2025\/04\/brit-care-dog-show-champion-Photoroom.webp","datePublished":"2025-04-07T07:03:09+00:00","dateModified":"2026-01-07T19:12:01+00:00","breadcrumb":{"@id":"https:\/\/miumjau.ee\/lv\/produkts\/brit-care-dog-hypoallergenic-dog-show-champion-3-kg\/#breadcrumb"},"inLanguage":"lv-LV","potentialAction":[{"@type":"ReadAction","target":["https:\/\/miumjau.ee\/lv\/produkts\/brit-care-dog-hypoallergenic-dog-show-champion-3-kg\/"]}]},{"@type":"ImageObject","inLanguage":"lv-LV","@id":"https:\/\/miumjau.ee\/lv\/produkts\/brit-care-dog-hypoallergenic-dog-show-champion-3-kg\/#primaryimage","url":"https:\/\/miumjau.ee\/wp-content\/uploads\/2025\/04\/brit-care-dog-show-champion-Photoroom.webp","contentUrl":"https:\/\/miumjau.ee\/wp-content\/uploads\/2025\/04\/brit-care-dog-show-champion-Photoroom.webp","width":600,"height":800},{"@type":"BreadcrumbList","@id":"https:\/\/miumjau.ee\/lv\/produkts\/brit-care-dog-hypoallergenic-dog-show-champion-3-kg\/#breadcrumb","itemListElement":[{"@type":"ListItem","position":1,"name":"Home","item":"https:\/\/miumjau.ee\/lv\/"},{"@type":"ListItem","position":2,"name":"Veikals","item":"https:\/\/miumjau.ee\/lv\/veikals\/"},{"@type":"ListItem","position":3,"name":"Brit Care Dog Hypoallergenic Dog Show Champion 3 kg"}]},{"@type":"WebSite","@id":"https:\/\/miumjau.ee\/#website","url":"https:\/\/miumjau.ee\/","name":"MiuMjau","description":"Kraapimispuud kassidele","publisher":{"@id":"https:\/\/miumjau.ee\/#organization"},"potentialAction":[{"@type":"SearchAction","target":{"@type":"EntryPoint","urlTemplate":"https:\/\/miumjau.ee\/?s={search_term_string}"},"query-input":{"@type":"PropertyValueSpecification","valueRequired":true,"valueName":"search_term_string"}}],"inLanguage":"lv-LV"},{"@type":"Organization","@id":"https:\/\/miumjau.ee\/#organization","name":"MiuMjau O\u00dc","url":"https:\/\/miumjau.ee\/","logo":{"@type":"ImageObject","inLanguage":"lv-LV","@id":"https:\/\/miumjau.ee\/#\/schema\/logo\/image\/","url":"https:\/\/miumjau.ee\/wp-content\/uploads\/2022\/04\/MiuMjau-logo-kollane.png","contentUrl":"https:\/\/miumjau.ee\/wp-content\/uploads\/2022\/04\/MiuMjau-logo-kollane.png","width":219,"height":100,"caption":"MiuMjau O\u00dc"},"image":{"@id":"https:\/\/miumjau.ee\/#\/schema\/logo\/image\/"},"sameAs":["https:\/\/www.facebook.com\/miumjaupood\/"]}]}},"_links":{"self":[{"href":"https:\/\/miumjau.ee\/lv\/wp-json\/wp\/v2\/product\/51627","targetHints":{"allow":["GET"]}}],"collection":[{"href":"https:\/\/miumjau.ee\/lv\/wp-json\/wp\/v2\/product"}],"about":[{"href":"https:\/\/miumjau.ee\/lv\/wp-json\/wp\/v2\/types\/product"}],"wp:featuredmedia":[{"embeddable":true,"href":"https:\/\/miumjau.ee\/lv\/wp-json\/wp\/v2\/media\/51626"}],"wp:attachment":[{"href":"https:\/\/miumjau.ee\/lv\/wp-json\/wp\/v2\/media?parent=51627"}],"wp:term":[{"taxonomy":"product_brand","embeddable":true,"href":"https:\/\/miumjau.ee\/lv\/wp-json\/wp\/v2\/product_brand?post=51627"},{"taxonomy":"product_cat","embeddable":true,"href":"https:\/\/miumjau.ee\/lv\/wp-json\/wp\/v2\/product_cat?post=51627"},{"taxonomy":"product_tag","embeddable":true,"href":"https:\/\/miumjau.ee\/lv\/wp-json\/wp\/v2\/product_tag?post=51627"}],"curies":[{"name":"wp","href":"https:\/\/api.w.org\/{rel}","templated":true}]}}