{"id":51607,"date":"2025-04-07T10:17:45","date_gmt":"2025-04-07T07:17:45","guid":{"rendered":"https:\/\/miumjau.ee\/toode\/brit-care-dog-hypoallergenic-puppy-kucenu-bariba-12-kg\/"},"modified":"2026-01-07T21:12:09","modified_gmt":"2026-01-07T19:12:09","slug":"brit-care-dog-hypoallergenic-puppy-kucenu-bariba-12-kg","status":"publish","type":"product","link":"https:\/\/miumjau.ee\/lv\/produkts\/brit-care-dog-hypoallergenic-puppy-kucenu-bariba-12-kg\/","title":{"rendered":"Brit Care Dog Hypoallergenic Puppy kuc\u0113nu bar\u012bba 12 kg"},"content":{"rendered":"","protected":false},"excerpt":{"rendered":"<p data-start=\"4321\" data-end=\"4973\">Hipoaler\u0123iska pilnv\u0113rt\u012bga bar\u012bba ar j\u0113ra ga\u013cu un r\u012bsiem kuc\u0113niem un jauniem su\u0146iem (4 ned\u0113\u013cas\u201312 m\u0113ne\u0161i) visu \u0161\u0137ir\u0146u su\u0146iem.<br data-start=\"4445\" data-end=\"4448\" \/>Superpremium klases hipoaler\u0123iska bar\u012bba ar vienu dz\u012bvnieku izcelsmes olbaltumvielu avotu, kas izstr\u0101d\u0101ta aler\u0123isku reakciju profilaksei. Ide\u0101li piem\u0113rota visu \u0161\u0137ir\u0146u kuc\u0113niem. Izv\u0113l\u0113tie olbaltumvielu avoti ir nealer\u0123iski, samazinot aler\u0123isku reakciju risku. \u012apa\u0161i piem\u0113rota su\u0146iem ar jut\u012bgu gremo\u0161anu, \u012bpa\u0161\u0101m uztura vajadz\u012bb\u0101m vai noslieci uz p\u0101rtikas aler\u0123ij\u0101m. Recepte bag\u0101tin\u0101ta ar postbiotik\u0101m l\u012bdzsvarotas zarnu mikrofloras uztur\u0113\u0161anai un piena dadzi aknu darb\u012bbas atbalstam un organisma att\u012br\u012b\u0161anai no kait\u012bg\u0101m viel\u0101m.<\/p>\n<p data-start=\"4975\" data-end=\"5517\"><strong data-start=\"4975\" data-end=\"4987\">Sast\u0101vs:<\/strong> \u017d\u0101v\u0113ta j\u0113ra ga\u013ca (46%), r\u012bsi (30%), vistas tauki, la\u0161a e\u013c\u013ca (3%), alus raugs, dab\u012bga aromviela, \u017e\u0101v\u0113ta \u0101bolu m\u012bkstums, hidroliz\u0113ts raugs (0,5% \u2013 inozitola un aminosk\u0101bju avots), zir\u0146u milti, glikozam\u012bns (300 mg\/kg), fruktooligosahar\u012bdi (230 mg\/kg), hondroit\u012bna sulf\u0101ts (230 mg\/kg), mann\u0101noligosahar\u012bdi (180 mg\/kg), Mojaves juka (180 mg\/kg), piena dad\u017ea s\u0113klas (110 mg\/kg), \u03b2-glik\u0101ni (60 mg\/kg), \u017e\u0101v\u0113ta m\u0101tere (60 mg\/kg), \u017e\u0101v\u0113ts smilts\u0113rk\u0161\u0137is (60 mg\/kg), inaktiv\u0113ts probioti\u0137is <em data-start=\"5465\" data-end=\"5491\">Lactobacillus helveticus<\/em> HA\u2013122 (15\u00d710\u2079 \u0161\u016bnas\/kg).<\/p>\n<p data-start=\"5519\" data-end=\"5739\"><strong data-start=\"5519\" data-end=\"5544\">Anal\u012btiskais sast\u0101vs:<\/strong> Kopprote\u012bns 32,0%, koptauki 18,0%, mitrums 10,0%, koppelni 7,7%, kop\u0161\u0137iedra 1,5%, kalcijs 1,4%, fosfors 1,1%, n\u0101trijs 0,4%, omega-3 tauksk\u0101bes 0,8%, omega-6 tauksk\u0101bes 2,2%, EPA 0,05%, DHA 0,1%.<\/p>\n<p data-start=\"5741\" data-end=\"6204\"><strong data-start=\"5741\" data-end=\"5772\">Uzturvielu piedevas (1 kg):<\/strong> A vitam\u012bns 23 000 SV, D\u2083 vitam\u012bns 1 700 SV, E vitam\u012bns 550 mg, C vitam\u012bns 350 mg, taur\u012bns 1 500 mg, hol\u012bna hlor\u012bds 1 800 mg, L-karnit\u012bns 300 mg, vitam\u012bni B1, B2, B6, B12, biot\u012bns, folijsk\u0101be, pantot\u0113nsk\u0101be, niacinam\u012bds. Miner\u0101lvielas: jods 0,9 mg, cinks 100 mg, mang\u0101ns 45 mg, var\u0161 20 mg, dzelzs 88 mg. Satur ES at\u013cautus antioksidantus: tokoferolu ekstrakti no augu e\u013c\u013c\u0101m (1b306(i)), askorbilpalmit\u0101ts (1b304), rozmar\u012bna ekstrakts.<\/p>\n<p data-start=\"6206\" data-end=\"6248\"><strong data-start=\"6206\" data-end=\"6234\">Metaboliz\u0113jam\u0101 ener\u0123ija:<\/strong> 3 980 kcal\/kg<\/p>\n","protected":false},"featured_media":51603,"template":"","meta":[],"product_brand":[],"product_cat":[575],"product_tag":[],"class_list":{"0":"post-51607","1":"product","2":"type-product","3":"status-publish","4":"has-post-thumbnail","6":"product_cat-sausa-bariba-suniem","8":"first","9":"instock","10":"sale","11":"taxable","12":"shipping-taxable","13":"purchasable","14":"product-type-simple"},"yoast_head":"<!-- This site is optimized with the Yoast SEO plugin v27.2 - https:\/\/yoast.com\/product\/yoast-seo-wordpress\/ -->\n<title>Brit Care Dog Hypoallergenic Puppy kuc\u0113nu bar\u012bba 12 kg - MiuMjau<\/title>\n<meta name=\"robots\" content=\"index, follow, max-snippet:-1, max-image-preview:large, max-video-preview:-1\" \/>\n<link rel=\"canonical\" href=\"https:\/\/miumjau.ee\/lv\/produkts\/brit-care-dog-hypoallergenic-puppy-kucenu-bariba-12-kg\/\" \/>\n<meta property=\"og:locale\" content=\"lv_LV\" \/>\n<meta property=\"og:type\" content=\"article\" \/>\n<meta property=\"og:title\" content=\"Brit Care Dog Hypoallergenic Puppy kuc\u0113nu bar\u012bba 12 kg - MiuMjau\" \/>\n<meta property=\"og:description\" content=\"Hipoaler\u0123iska pilnv\u0113rt\u012bga bar\u012bba ar j\u0113ra ga\u013cu un r\u012bsiem kuc\u0113niem un jauniem su\u0146iem (4 ned\u0113\u013cas\u201312 m\u0113ne\u0161i) visu \u0161\u0137ir\u0146u su\u0146iem.Superpremium klases hipoaler\u0123iska bar\u012bba ar vienu dz\u012bvnieku izcelsmes olbaltumvielu avotu, kas izstr\u0101d\u0101ta aler\u0123isku reakciju profilaksei. Ide\u0101li piem\u0113rota visu \u0161\u0137ir\u0146u kuc\u0113niem. Izv\u0113l\u0113tie olbaltumvielu avoti ir nealer\u0123iski, samazinot aler\u0123isku reakciju risku. \u012apa\u0161i piem\u0113rota su\u0146iem ar jut\u012bgu gremo\u0161anu, \u012bpa\u0161\u0101m uztura vajadz\u012bb\u0101m vai noslieci uz p\u0101rtikas aler\u0123ij\u0101m. Recepte bag\u0101tin\u0101ta ar postbiotik\u0101m l\u012bdzsvarotas zarnu mikrofloras uztur\u0113\u0161anai un piena dadzi aknu darb\u012bbas atbalstam un organisma att\u012br\u012b\u0161anai no kait\u012bg\u0101m viel\u0101m. Sast\u0101vs: \u017d\u0101v\u0113ta j\u0113ra ga\u013ca (46%), r\u012bsi (30%), vistas tauki, la\u0161a e\u013c\u013ca (3%), alus raugs, dab\u012bga aromviela, \u017e\u0101v\u0113ta \u0101bolu m\u012bkstums, hidroliz\u0113ts raugs (0,5% \u2013 inozitola un aminosk\u0101bju avots), zir\u0146u milti, glikozam\u012bns (300 mg\/kg), fruktooligosahar\u012bdi (230 mg\/kg), hondroit\u012bna sulf\u0101ts (230 mg\/kg), mann\u0101noligosahar\u012bdi (180 mg\/kg), Mojaves juka (180 mg\/kg), piena dad\u017ea s\u0113klas (110 mg\/kg), \u03b2-glik\u0101ni (60 mg\/kg), \u017e\u0101v\u0113ta m\u0101tere (60 mg\/kg), \u017e\u0101v\u0113ts smilts\u0113rk\u0161\u0137is (60 mg\/kg), inaktiv\u0113ts probioti\u0137is Lactobacillus helveticus HA\u2013122 (15\u00d710\u2079 \u0161\u016bnas\/kg). Anal\u012btiskais sast\u0101vs: Kopprote\u012bns 32,0%, koptauki 18,0%, mitrums 10,0%, koppelni 7,7%, kop\u0161\u0137iedra 1,5%, kalcijs 1,4%, fosfors 1,1%, n\u0101trijs 0,4%, omega-3 tauksk\u0101bes 0,8%, omega-6 tauksk\u0101bes 2,2%, EPA 0,05%, DHA 0,1%. Uzturvielu piedevas (1 kg): A vitam\u012bns 23 000 SV, D\u2083 vitam\u012bns 1 700 SV, E vitam\u012bns 550 mg, C vitam\u012bns 350 mg, taur\u012bns 1 500 mg, hol\u012bna hlor\u012bds 1 800 mg, L-karnit\u012bns 300 mg, vitam\u012bni B1, B2, B6, B12, biot\u012bns, folijsk\u0101be, pantot\u0113nsk\u0101be, niacinam\u012bds. Miner\u0101lvielas: jods 0,9 mg, cinks 100 mg, mang\u0101ns 45 mg, var\u0161 20 mg, dzelzs 88 mg. Satur ES at\u013cautus antioksidantus: tokoferolu ekstrakti no augu e\u013c\u013c\u0101m (1b306(i)), askorbilpalmit\u0101ts (1b304), rozmar\u012bna ekstrakts. Metaboliz\u0113jam\u0101 ener\u0123ija: 3 980 kcal\/kg\" \/>\n<meta property=\"og:url\" content=\"https:\/\/miumjau.ee\/lv\/produkts\/brit-care-dog-hypoallergenic-puppy-kucenu-bariba-12-kg\/\" \/>\n<meta property=\"og:site_name\" content=\"MiuMjau\" \/>\n<meta property=\"article:publisher\" content=\"https:\/\/www.facebook.com\/miumjaupood\/\" \/>\n<meta property=\"article:modified_time\" content=\"2026-01-07T19:12:09+00:00\" \/>\n<meta property=\"og:image\" content=\"https:\/\/miumjau.ee\/wp-content\/uploads\/2025\/04\/brit-care-hypoallergenicpuppy-kuivtoit.jpg\" \/>\n\t<meta property=\"og:image:width\" content=\"600\" \/>\n\t<meta property=\"og:image:height\" content=\"800\" \/>\n\t<meta property=\"og:image:type\" content=\"image\/jpeg\" \/>\n<meta name=\"twitter:card\" content=\"summary_large_image\" \/>\n<script type=\"application\/ld+json\" class=\"yoast-schema-graph\">{\"@context\":\"https:\/\/schema.org\",\"@graph\":[{\"@type\":\"WebPage\",\"@id\":\"https:\/\/miumjau.ee\/lv\/produkts\/brit-care-dog-hypoallergenic-puppy-kucenu-bariba-12-kg\/\",\"url\":\"https:\/\/miumjau.ee\/lv\/produkts\/brit-care-dog-hypoallergenic-puppy-kucenu-bariba-12-kg\/\",\"name\":\"Brit Care Dog Hypoallergenic Puppy kuc\u0113nu bar\u012bba 12 kg - MiuMjau\",\"isPartOf\":{\"@id\":\"https:\/\/miumjau.ee\/#website\"},\"primaryImageOfPage\":{\"@id\":\"https:\/\/miumjau.ee\/lv\/produkts\/brit-care-dog-hypoallergenic-puppy-kucenu-bariba-12-kg\/#primaryimage\"},\"image\":{\"@id\":\"https:\/\/miumjau.ee\/lv\/produkts\/brit-care-dog-hypoallergenic-puppy-kucenu-bariba-12-kg\/#primaryimage\"},\"thumbnailUrl\":\"https:\/\/miumjau.ee\/wp-content\/uploads\/2025\/04\/brit-care-hypoallergenicpuppy-kuivtoit.jpg\",\"datePublished\":\"2025-04-07T07:17:45+00:00\",\"dateModified\":\"2026-01-07T19:12:09+00:00\",\"breadcrumb\":{\"@id\":\"https:\/\/miumjau.ee\/lv\/produkts\/brit-care-dog-hypoallergenic-puppy-kucenu-bariba-12-kg\/#breadcrumb\"},\"inLanguage\":\"lv-LV\",\"potentialAction\":[{\"@type\":\"ReadAction\",\"target\":[\"https:\/\/miumjau.ee\/lv\/produkts\/brit-care-dog-hypoallergenic-puppy-kucenu-bariba-12-kg\/\"]}]},{\"@type\":\"ImageObject\",\"inLanguage\":\"lv-LV\",\"@id\":\"https:\/\/miumjau.ee\/lv\/produkts\/brit-care-dog-hypoallergenic-puppy-kucenu-bariba-12-kg\/#primaryimage\",\"url\":\"https:\/\/miumjau.ee\/wp-content\/uploads\/2025\/04\/brit-care-hypoallergenicpuppy-kuivtoit.jpg\",\"contentUrl\":\"https:\/\/miumjau.ee\/wp-content\/uploads\/2025\/04\/brit-care-hypoallergenicpuppy-kuivtoit.jpg\",\"width\":600,\"height\":800},{\"@type\":\"BreadcrumbList\",\"@id\":\"https:\/\/miumjau.ee\/lv\/produkts\/brit-care-dog-hypoallergenic-puppy-kucenu-bariba-12-kg\/#breadcrumb\",\"itemListElement\":[{\"@type\":\"ListItem\",\"position\":1,\"name\":\"Home\",\"item\":\"https:\/\/miumjau.ee\/lv\/\"},{\"@type\":\"ListItem\",\"position\":2,\"name\":\"Veikals\",\"item\":\"https:\/\/miumjau.ee\/lv\/veikals\/\"},{\"@type\":\"ListItem\",\"position\":3,\"name\":\"Brit Care Dog Hypoallergenic Puppy kuc\u0113nu bar\u012bba 12 kg\"}]},{\"@type\":\"WebSite\",\"@id\":\"https:\/\/miumjau.ee\/#website\",\"url\":\"https:\/\/miumjau.ee\/\",\"name\":\"MiuMjau\",\"description\":\"Kraapimispuud kassidele\",\"publisher\":{\"@id\":\"https:\/\/miumjau.ee\/#organization\"},\"potentialAction\":[{\"@type\":\"SearchAction\",\"target\":{\"@type\":\"EntryPoint\",\"urlTemplate\":\"https:\/\/miumjau.ee\/?s={search_term_string}\"},\"query-input\":{\"@type\":\"PropertyValueSpecification\",\"valueRequired\":true,\"valueName\":\"search_term_string\"}}],\"inLanguage\":\"lv-LV\"},{\"@type\":\"Organization\",\"@id\":\"https:\/\/miumjau.ee\/#organization\",\"name\":\"MiuMjau O\u00dc\",\"url\":\"https:\/\/miumjau.ee\/\",\"logo\":{\"@type\":\"ImageObject\",\"inLanguage\":\"lv-LV\",\"@id\":\"https:\/\/miumjau.ee\/#\/schema\/logo\/image\/\",\"url\":\"https:\/\/miumjau.ee\/wp-content\/uploads\/2022\/04\/MiuMjau-logo-kollane.png\",\"contentUrl\":\"https:\/\/miumjau.ee\/wp-content\/uploads\/2022\/04\/MiuMjau-logo-kollane.png\",\"width\":219,\"height\":100,\"caption\":\"MiuMjau O\u00dc\"},\"image\":{\"@id\":\"https:\/\/miumjau.ee\/#\/schema\/logo\/image\/\"},\"sameAs\":[\"https:\/\/www.facebook.com\/miumjaupood\/\"]}]}<\/script>\n<!-- \/ Yoast SEO plugin. -->","yoast_head_json":{"title":"Brit Care Dog Hypoallergenic Puppy kuc\u0113nu bar\u012bba 12 kg - MiuMjau","robots":{"index":"index","follow":"follow","max-snippet":"max-snippet:-1","max-image-preview":"max-image-preview:large","max-video-preview":"max-video-preview:-1"},"canonical":"https:\/\/miumjau.ee\/lv\/produkts\/brit-care-dog-hypoallergenic-puppy-kucenu-bariba-12-kg\/","og_locale":"lv_LV","og_type":"article","og_title":"Brit Care Dog Hypoallergenic Puppy kuc\u0113nu bar\u012bba 12 kg - MiuMjau","og_description":"Hipoaler\u0123iska pilnv\u0113rt\u012bga bar\u012bba ar j\u0113ra ga\u013cu un r\u012bsiem kuc\u0113niem un jauniem su\u0146iem (4 ned\u0113\u013cas\u201312 m\u0113ne\u0161i) visu \u0161\u0137ir\u0146u su\u0146iem.Superpremium klases hipoaler\u0123iska bar\u012bba ar vienu dz\u012bvnieku izcelsmes olbaltumvielu avotu, kas izstr\u0101d\u0101ta aler\u0123isku reakciju profilaksei. Ide\u0101li piem\u0113rota visu \u0161\u0137ir\u0146u kuc\u0113niem. Izv\u0113l\u0113tie olbaltumvielu avoti ir nealer\u0123iski, samazinot aler\u0123isku reakciju risku. \u012apa\u0161i piem\u0113rota su\u0146iem ar jut\u012bgu gremo\u0161anu, \u012bpa\u0161\u0101m uztura vajadz\u012bb\u0101m vai noslieci uz p\u0101rtikas aler\u0123ij\u0101m. Recepte bag\u0101tin\u0101ta ar postbiotik\u0101m l\u012bdzsvarotas zarnu mikrofloras uztur\u0113\u0161anai un piena dadzi aknu darb\u012bbas atbalstam un organisma att\u012br\u012b\u0161anai no kait\u012bg\u0101m viel\u0101m. Sast\u0101vs: \u017d\u0101v\u0113ta j\u0113ra ga\u013ca (46%), r\u012bsi (30%), vistas tauki, la\u0161a e\u013c\u013ca (3%), alus raugs, dab\u012bga aromviela, \u017e\u0101v\u0113ta \u0101bolu m\u012bkstums, hidroliz\u0113ts raugs (0,5% \u2013 inozitola un aminosk\u0101bju avots), zir\u0146u milti, glikozam\u012bns (300 mg\/kg), fruktooligosahar\u012bdi (230 mg\/kg), hondroit\u012bna sulf\u0101ts (230 mg\/kg), mann\u0101noligosahar\u012bdi (180 mg\/kg), Mojaves juka (180 mg\/kg), piena dad\u017ea s\u0113klas (110 mg\/kg), \u03b2-glik\u0101ni (60 mg\/kg), \u017e\u0101v\u0113ta m\u0101tere (60 mg\/kg), \u017e\u0101v\u0113ts smilts\u0113rk\u0161\u0137is (60 mg\/kg), inaktiv\u0113ts probioti\u0137is Lactobacillus helveticus HA\u2013122 (15\u00d710\u2079 \u0161\u016bnas\/kg). Anal\u012btiskais sast\u0101vs: Kopprote\u012bns 32,0%, koptauki 18,0%, mitrums 10,0%, koppelni 7,7%, kop\u0161\u0137iedra 1,5%, kalcijs 1,4%, fosfors 1,1%, n\u0101trijs 0,4%, omega-3 tauksk\u0101bes 0,8%, omega-6 tauksk\u0101bes 2,2%, EPA 0,05%, DHA 0,1%. Uzturvielu piedevas (1 kg): A vitam\u012bns 23 000 SV, D\u2083 vitam\u012bns 1 700 SV, E vitam\u012bns 550 mg, C vitam\u012bns 350 mg, taur\u012bns 1 500 mg, hol\u012bna hlor\u012bds 1 800 mg, L-karnit\u012bns 300 mg, vitam\u012bni B1, B2, B6, B12, biot\u012bns, folijsk\u0101be, pantot\u0113nsk\u0101be, niacinam\u012bds. Miner\u0101lvielas: jods 0,9 mg, cinks 100 mg, mang\u0101ns 45 mg, var\u0161 20 mg, dzelzs 88 mg. Satur ES at\u013cautus antioksidantus: tokoferolu ekstrakti no augu e\u013c\u013c\u0101m (1b306(i)), askorbilpalmit\u0101ts (1b304), rozmar\u012bna ekstrakts. Metaboliz\u0113jam\u0101 ener\u0123ija: 3 980 kcal\/kg","og_url":"https:\/\/miumjau.ee\/lv\/produkts\/brit-care-dog-hypoallergenic-puppy-kucenu-bariba-12-kg\/","og_site_name":"MiuMjau","article_publisher":"https:\/\/www.facebook.com\/miumjaupood\/","article_modified_time":"2026-01-07T19:12:09+00:00","og_image":[{"width":600,"height":800,"url":"https:\/\/miumjau.ee\/wp-content\/uploads\/2025\/04\/brit-care-hypoallergenicpuppy-kuivtoit.jpg","type":"image\/jpeg"}],"twitter_card":"summary_large_image","schema":{"@context":"https:\/\/schema.org","@graph":[{"@type":"WebPage","@id":"https:\/\/miumjau.ee\/lv\/produkts\/brit-care-dog-hypoallergenic-puppy-kucenu-bariba-12-kg\/","url":"https:\/\/miumjau.ee\/lv\/produkts\/brit-care-dog-hypoallergenic-puppy-kucenu-bariba-12-kg\/","name":"Brit Care Dog Hypoallergenic Puppy kuc\u0113nu bar\u012bba 12 kg - MiuMjau","isPartOf":{"@id":"https:\/\/miumjau.ee\/#website"},"primaryImageOfPage":{"@id":"https:\/\/miumjau.ee\/lv\/produkts\/brit-care-dog-hypoallergenic-puppy-kucenu-bariba-12-kg\/#primaryimage"},"image":{"@id":"https:\/\/miumjau.ee\/lv\/produkts\/brit-care-dog-hypoallergenic-puppy-kucenu-bariba-12-kg\/#primaryimage"},"thumbnailUrl":"https:\/\/miumjau.ee\/wp-content\/uploads\/2025\/04\/brit-care-hypoallergenicpuppy-kuivtoit.jpg","datePublished":"2025-04-07T07:17:45+00:00","dateModified":"2026-01-07T19:12:09+00:00","breadcrumb":{"@id":"https:\/\/miumjau.ee\/lv\/produkts\/brit-care-dog-hypoallergenic-puppy-kucenu-bariba-12-kg\/#breadcrumb"},"inLanguage":"lv-LV","potentialAction":[{"@type":"ReadAction","target":["https:\/\/miumjau.ee\/lv\/produkts\/brit-care-dog-hypoallergenic-puppy-kucenu-bariba-12-kg\/"]}]},{"@type":"ImageObject","inLanguage":"lv-LV","@id":"https:\/\/miumjau.ee\/lv\/produkts\/brit-care-dog-hypoallergenic-puppy-kucenu-bariba-12-kg\/#primaryimage","url":"https:\/\/miumjau.ee\/wp-content\/uploads\/2025\/04\/brit-care-hypoallergenicpuppy-kuivtoit.jpg","contentUrl":"https:\/\/miumjau.ee\/wp-content\/uploads\/2025\/04\/brit-care-hypoallergenicpuppy-kuivtoit.jpg","width":600,"height":800},{"@type":"BreadcrumbList","@id":"https:\/\/miumjau.ee\/lv\/produkts\/brit-care-dog-hypoallergenic-puppy-kucenu-bariba-12-kg\/#breadcrumb","itemListElement":[{"@type":"ListItem","position":1,"name":"Home","item":"https:\/\/miumjau.ee\/lv\/"},{"@type":"ListItem","position":2,"name":"Veikals","item":"https:\/\/miumjau.ee\/lv\/veikals\/"},{"@type":"ListItem","position":3,"name":"Brit Care Dog Hypoallergenic Puppy kuc\u0113nu bar\u012bba 12 kg"}]},{"@type":"WebSite","@id":"https:\/\/miumjau.ee\/#website","url":"https:\/\/miumjau.ee\/","name":"MiuMjau","description":"Kraapimispuud kassidele","publisher":{"@id":"https:\/\/miumjau.ee\/#organization"},"potentialAction":[{"@type":"SearchAction","target":{"@type":"EntryPoint","urlTemplate":"https:\/\/miumjau.ee\/?s={search_term_string}"},"query-input":{"@type":"PropertyValueSpecification","valueRequired":true,"valueName":"search_term_string"}}],"inLanguage":"lv-LV"},{"@type":"Organization","@id":"https:\/\/miumjau.ee\/#organization","name":"MiuMjau O\u00dc","url":"https:\/\/miumjau.ee\/","logo":{"@type":"ImageObject","inLanguage":"lv-LV","@id":"https:\/\/miumjau.ee\/#\/schema\/logo\/image\/","url":"https:\/\/miumjau.ee\/wp-content\/uploads\/2022\/04\/MiuMjau-logo-kollane.png","contentUrl":"https:\/\/miumjau.ee\/wp-content\/uploads\/2022\/04\/MiuMjau-logo-kollane.png","width":219,"height":100,"caption":"MiuMjau O\u00dc"},"image":{"@id":"https:\/\/miumjau.ee\/#\/schema\/logo\/image\/"},"sameAs":["https:\/\/www.facebook.com\/miumjaupood\/"]}]}},"_links":{"self":[{"href":"https:\/\/miumjau.ee\/lv\/wp-json\/wp\/v2\/product\/51607","targetHints":{"allow":["GET"]}}],"collection":[{"href":"https:\/\/miumjau.ee\/lv\/wp-json\/wp\/v2\/product"}],"about":[{"href":"https:\/\/miumjau.ee\/lv\/wp-json\/wp\/v2\/types\/product"}],"wp:featuredmedia":[{"embeddable":true,"href":"https:\/\/miumjau.ee\/lv\/wp-json\/wp\/v2\/media\/51603"}],"wp:attachment":[{"href":"https:\/\/miumjau.ee\/lv\/wp-json\/wp\/v2\/media?parent=51607"}],"wp:term":[{"taxonomy":"product_brand","embeddable":true,"href":"https:\/\/miumjau.ee\/lv\/wp-json\/wp\/v2\/product_brand?post=51607"},{"taxonomy":"product_cat","embeddable":true,"href":"https:\/\/miumjau.ee\/lv\/wp-json\/wp\/v2\/product_cat?post=51607"},{"taxonomy":"product_tag","embeddable":true,"href":"https:\/\/miumjau.ee\/lv\/wp-json\/wp\/v2\/product_tag?post=51607"}],"curies":[{"name":"wp","href":"https:\/\/api.w.org\/{rel}","templated":true}]}}