{"id":51577,"date":"2025-04-07T10:43:55","date_gmt":"2025-04-07T07:43:55","guid":{"rendered":"https:\/\/miumjau.ee\/toode\/brit-care-dog-grain-free-puppy-ar-lohi-12-kg\/"},"modified":"2026-01-07T21:12:09","modified_gmt":"2026-01-07T19:12:09","slug":"brit-care-dog-grain-free-puppy-ar-lohi-12-kg","status":"publish","type":"product","link":"https:\/\/miumjau.ee\/lv\/produkts\/brit-care-dog-grain-free-puppy-ar-lohi-12-kg\/","title":{"rendered":"Brit Care Dog Grain-free Puppy Ar Lohi \u2013 12\u202fkg"},"content":{"rendered":"","protected":false},"excerpt":{"rendered":"<p data-start=\"185\" data-end=\"349\">Hipoaler\u0123iska, bezgraudu bar\u012bba mazu\u013ciem un jaunajiem su\u0146iem (4 ned\u0113\u013cas \u2013 12 m\u0113ne\u0161i) vis\u0101m \u0161\u0137irn\u0113m. Piem\u0113rota ar\u012b sajauk\u0161anai ar pienu, s\u0101kot barot ar sausbar\u012bbu.<\/p>\n<p data-start=\"351\" data-end=\"371\"><strong data-start=\"351\" data-end=\"369\">Priek\u0161roc\u012bbas:<\/strong><\/p>\n<ul data-start=\"372\" data-end=\"682\">\n<li data-start=\"372\" data-end=\"429\">\n<p data-start=\"374\" data-end=\"429\">Veicina vesel\u012bgu aug\u0161anu un im\u016bnsist\u0113mas stiprin\u0101\u0161anu<\/p>\n<\/li>\n<li data-start=\"430\" data-end=\"546\">\n<p data-start=\"432\" data-end=\"546\">Augsta uzturv\u0113rt\u012bba: prote\u012bni un tauki veicina \u0101das un ka\u017eoka vesel\u012bbu, gar\u012bg\u0101s sp\u0113jas un optim\u0101lu \u0137erme\u0146a svaru<\/p>\n<\/li>\n<li data-start=\"547\" data-end=\"621\">\n<p data-start=\"549\" data-end=\"621\">Bez graudiem \u2013 ide\u0101li su\u0146iem ar aler\u0123ij\u0101m vai \u012bpa\u0161\u0101m uztura vajadz\u012bb\u0101m<\/p>\n<\/li>\n<li data-start=\"622\" data-end=\"682\">\n<p data-start=\"624\" data-end=\"682\">Omega-3 un omega-6 tauksk\u0101bes atbalsta piln\u012bgu att\u012bst\u012bbu<\/p>\n<\/li>\n<\/ul>\n<p data-start=\"684\" data-end=\"1256\"><strong data-start=\"684\" data-end=\"696\">Sast\u0101vs:<\/strong> Lohi (55\u202f%) (\u017e\u0101v\u0113ts lohi, hidroliz\u0113ts lohi), kartupe\u013ci (26\u202f%), vistas tauki, lohi e\u013c\u013ca (3\u202f%), \u017e\u0101v\u0113ta \u0101bolu m\u012bkstuma masa, dab\u012bgas gar\u0161as vielas, alus raugs, hidroliz\u0113ts raugs (0,5\u202f% \u2013 inozols un aminosk\u0101bju avots), zir\u0146u milti, glikozam\u012bns (300\u202fmg\/kg), fruktooligosahar\u012bdi (230\u202fmg\/kg), hondroit\u012bns (230\u202fmg\/kg), mannanoligosahar\u012bdi (180\u202fmg\/kg), Mojave jukka (180\u202fmg\/kg), piena dad\u017ea s\u0113klas (110\u202fmg\/kg), \u03b2-glik\u0101ni (60\u202fmg\/kg), \u017e\u0101v\u0113ts olu dzeltenums (60\u202fmg\/kg), \u017e\u0101v\u0113ti dz\u0113rvenes (60\u202fmg\/kg), inaktiv\u0113ts probiotiks Lactobacillus helveticus HA\u2013122 (15\u00d710\u2079 CFU\/kg).<\/p>\n<p data-start=\"1258\" data-end=\"1473\"><strong data-start=\"1258\" data-end=\"1283\">Anal\u012btiskais sast\u0101vs:<\/strong> Prote\u012bns 30\u202f%, tauki 18\u202f%, mitrums 10\u202f%, pelni 7\u202f%, \u0161\u0137iedra 2,5\u202f%, kalcijs 1,2\u202f%, fosfors 0,9\u202f%, n\u0101trijs 0,5\u202f%, omega-3 tauksk\u0101bes 1,3\u202f%, omega-6 tauksk\u0101bes 2,3\u202f%, EPA 0,12\u202f%, DHA 0,16\u202f%.<\/p>\n<p data-start=\"1475\" data-end=\"1896\"><strong data-start=\"1475\" data-end=\"1499\">Bar\u012bbas piedevas\/kg:<\/strong> Vitam\u012bns A \u2013 23\u202f000\u202fIU, D\u2083 \u2013 1\u202f700\u202fIU, E \u2013 550\u202fmg, C \u2013 350\u202fmg, tauri\u012bns \u2013 1\u202f500\u202fmg, hol\u012bns \u2013 1\u202f800\u202fmg, L-karnit\u012bns \u2013 300\u202fmg, B1, B2, B6, B12, biot\u012bns, folijsk\u0101be, pantot\u0113nsk\u0101be, niac\u012bnam\u012bds. Miner\u0101li: jods 0,9\u202fmg, cinks 100\u202fmg, mang\u0101ns 45\u202fmg, var\u0161 20\u202fmg, dzelzs 88\u202fmg, sel\u0113ns 0,18\u202fmg. Satur ES at\u013cautos antioksidantus: tokoferolu ekstrakti no augu e\u013c\u013c\u0101m, askorbilpalmit\u0101ts, rozmar\u012bna ekstrakts.<\/p>\n<p data-start=\"1898\" data-end=\"1949\"><strong data-start=\"1898\" data-end=\"1933\">Metaboliskais ener\u0123ijas saturs:<\/strong> 3\u202f930\u202fkcal\/kg<\/p>\n","protected":false},"featured_media":51576,"template":"","meta":[],"product_brand":[],"product_cat":[575],"product_tag":[],"class_list":{"0":"post-51577","1":"product","2":"type-product","3":"status-publish","4":"has-post-thumbnail","6":"product_cat-sausa-bariba-suniem","8":"first","9":"instock","10":"sale","11":"taxable","12":"shipping-taxable","13":"purchasable","14":"product-type-simple"},"yoast_head":"<!-- This site is optimized with the Yoast SEO plugin v27.2 - https:\/\/yoast.com\/product\/yoast-seo-wordpress\/ -->\n<title>Brit Care Dog Grain-free Puppy Ar Lohi \u2013 12\u202fkg - MiuMjau<\/title>\n<meta name=\"robots\" content=\"index, follow, max-snippet:-1, max-image-preview:large, max-video-preview:-1\" \/>\n<link rel=\"canonical\" href=\"https:\/\/miumjau.ee\/lv\/produkts\/brit-care-dog-grain-free-puppy-ar-lohi-12-kg\/\" \/>\n<meta property=\"og:locale\" content=\"lv_LV\" \/>\n<meta property=\"og:type\" content=\"article\" \/>\n<meta property=\"og:title\" content=\"Brit Care Dog Grain-free Puppy Ar Lohi \u2013 12\u202fkg - MiuMjau\" \/>\n<meta property=\"og:description\" content=\"Hipoaler\u0123iska, bezgraudu bar\u012bba mazu\u013ciem un jaunajiem su\u0146iem (4 ned\u0113\u013cas \u2013 12 m\u0113ne\u0161i) vis\u0101m \u0161\u0137irn\u0113m. Piem\u0113rota ar\u012b sajauk\u0161anai ar pienu, s\u0101kot barot ar sausbar\u012bbu. Priek\u0161roc\u012bbas:     Veicina vesel\u012bgu aug\u0161anu un im\u016bnsist\u0113mas stiprin\u0101\u0161anu    Augsta uzturv\u0113rt\u012bba: prote\u012bni un tauki veicina \u0101das un ka\u017eoka vesel\u012bbu, gar\u012bg\u0101s sp\u0113jas un optim\u0101lu \u0137erme\u0146a svaru    Bez graudiem \u2013 ide\u0101li su\u0146iem ar aler\u0123ij\u0101m vai \u012bpa\u0161\u0101m uztura vajadz\u012bb\u0101m    Omega-3 un omega-6 tauksk\u0101bes atbalsta piln\u012bgu att\u012bst\u012bbu   Sast\u0101vs: Lohi (55\u202f%) (\u017e\u0101v\u0113ts lohi, hidroliz\u0113ts lohi), kartupe\u013ci (26\u202f%), vistas tauki, lohi e\u013c\u013ca (3\u202f%), \u017e\u0101v\u0113ta \u0101bolu m\u012bkstuma masa, dab\u012bgas gar\u0161as vielas, alus raugs, hidroliz\u0113ts raugs (0,5\u202f% \u2013 inozols un aminosk\u0101bju avots), zir\u0146u milti, glikozam\u012bns (300\u202fmg\/kg), fruktooligosahar\u012bdi (230\u202fmg\/kg), hondroit\u012bns (230\u202fmg\/kg), mannanoligosahar\u012bdi (180\u202fmg\/kg), Mojave jukka (180\u202fmg\/kg), piena dad\u017ea s\u0113klas (110\u202fmg\/kg), \u03b2-glik\u0101ni (60\u202fmg\/kg), \u017e\u0101v\u0113ts olu dzeltenums (60\u202fmg\/kg), \u017e\u0101v\u0113ti dz\u0113rvenes (60\u202fmg\/kg), inaktiv\u0113ts probiotiks Lactobacillus helveticus HA\u2013122 (15\u00d710\u2079 CFU\/kg). Anal\u012btiskais sast\u0101vs: Prote\u012bns 30\u202f%, tauki 18\u202f%, mitrums 10\u202f%, pelni 7\u202f%, \u0161\u0137iedra 2,5\u202f%, kalcijs 1,2\u202f%, fosfors 0,9\u202f%, n\u0101trijs 0,5\u202f%, omega-3 tauksk\u0101bes 1,3\u202f%, omega-6 tauksk\u0101bes 2,3\u202f%, EPA 0,12\u202f%, DHA 0,16\u202f%. Bar\u012bbas piedevas\/kg: Vitam\u012bns A \u2013 23\u202f000\u202fIU, D\u2083 \u2013 1\u202f700\u202fIU, E \u2013 550\u202fmg, C \u2013 350\u202fmg, tauri\u012bns \u2013 1\u202f500\u202fmg, hol\u012bns \u2013 1\u202f800\u202fmg, L-karnit\u012bns \u2013 300\u202fmg, B1, B2, B6, B12, biot\u012bns, folijsk\u0101be, pantot\u0113nsk\u0101be, niac\u012bnam\u012bds. Miner\u0101li: jods 0,9\u202fmg, cinks 100\u202fmg, mang\u0101ns 45\u202fmg, var\u0161 20\u202fmg, dzelzs 88\u202fmg, sel\u0113ns 0,18\u202fmg. Satur ES at\u013cautos antioksidantus: tokoferolu ekstrakti no augu e\u013c\u013c\u0101m, askorbilpalmit\u0101ts, rozmar\u012bna ekstrakts. Metaboliskais ener\u0123ijas saturs: 3\u202f930\u202fkcal\/kg\" \/>\n<meta property=\"og:url\" content=\"https:\/\/miumjau.ee\/lv\/produkts\/brit-care-dog-grain-free-puppy-ar-lohi-12-kg\/\" \/>\n<meta property=\"og:site_name\" content=\"MiuMjau\" \/>\n<meta property=\"article:publisher\" content=\"https:\/\/www.facebook.com\/miumjaupood\/\" \/>\n<meta property=\"article:modified_time\" content=\"2026-01-07T19:12:09+00:00\" \/>\n<meta property=\"og:image\" content=\"https:\/\/miumjau.ee\/wp-content\/uploads\/2025\/04\/brit-care-grainfree-puppy-salmon-Photoroom.webp\" \/>\n\t<meta property=\"og:image:width\" content=\"600\" \/>\n\t<meta property=\"og:image:height\" content=\"800\" \/>\n\t<meta property=\"og:image:type\" content=\"image\/webp\" \/>\n<meta name=\"twitter:card\" content=\"summary_large_image\" \/>\n<script type=\"application\/ld+json\" class=\"yoast-schema-graph\">{\"@context\":\"https:\/\/schema.org\",\"@graph\":[{\"@type\":\"WebPage\",\"@id\":\"https:\/\/miumjau.ee\/lv\/produkts\/brit-care-dog-grain-free-puppy-ar-lohi-12-kg\/\",\"url\":\"https:\/\/miumjau.ee\/lv\/produkts\/brit-care-dog-grain-free-puppy-ar-lohi-12-kg\/\",\"name\":\"Brit Care Dog Grain-free Puppy Ar Lohi \u2013 12\u202fkg - MiuMjau\",\"isPartOf\":{\"@id\":\"https:\/\/miumjau.ee\/#website\"},\"primaryImageOfPage\":{\"@id\":\"https:\/\/miumjau.ee\/lv\/produkts\/brit-care-dog-grain-free-puppy-ar-lohi-12-kg\/#primaryimage\"},\"image\":{\"@id\":\"https:\/\/miumjau.ee\/lv\/produkts\/brit-care-dog-grain-free-puppy-ar-lohi-12-kg\/#primaryimage\"},\"thumbnailUrl\":\"https:\/\/miumjau.ee\/wp-content\/uploads\/2025\/04\/brit-care-grainfree-puppy-salmon-Photoroom.webp\",\"datePublished\":\"2025-04-07T07:43:55+00:00\",\"dateModified\":\"2026-01-07T19:12:09+00:00\",\"breadcrumb\":{\"@id\":\"https:\/\/miumjau.ee\/lv\/produkts\/brit-care-dog-grain-free-puppy-ar-lohi-12-kg\/#breadcrumb\"},\"inLanguage\":\"lv-LV\",\"potentialAction\":[{\"@type\":\"ReadAction\",\"target\":[\"https:\/\/miumjau.ee\/lv\/produkts\/brit-care-dog-grain-free-puppy-ar-lohi-12-kg\/\"]}]},{\"@type\":\"ImageObject\",\"inLanguage\":\"lv-LV\",\"@id\":\"https:\/\/miumjau.ee\/lv\/produkts\/brit-care-dog-grain-free-puppy-ar-lohi-12-kg\/#primaryimage\",\"url\":\"https:\/\/miumjau.ee\/wp-content\/uploads\/2025\/04\/brit-care-grainfree-puppy-salmon-Photoroom.webp\",\"contentUrl\":\"https:\/\/miumjau.ee\/wp-content\/uploads\/2025\/04\/brit-care-grainfree-puppy-salmon-Photoroom.webp\",\"width\":600,\"height\":800},{\"@type\":\"BreadcrumbList\",\"@id\":\"https:\/\/miumjau.ee\/lv\/produkts\/brit-care-dog-grain-free-puppy-ar-lohi-12-kg\/#breadcrumb\",\"itemListElement\":[{\"@type\":\"ListItem\",\"position\":1,\"name\":\"Home\",\"item\":\"https:\/\/miumjau.ee\/lv\/\"},{\"@type\":\"ListItem\",\"position\":2,\"name\":\"Veikals\",\"item\":\"https:\/\/miumjau.ee\/lv\/veikals\/\"},{\"@type\":\"ListItem\",\"position\":3,\"name\":\"Brit Care Dog Grain-free Puppy Ar Lohi \u2013 12\u202fkg\"}]},{\"@type\":\"WebSite\",\"@id\":\"https:\/\/miumjau.ee\/#website\",\"url\":\"https:\/\/miumjau.ee\/\",\"name\":\"MiuMjau\",\"description\":\"Kraapimispuud kassidele\",\"publisher\":{\"@id\":\"https:\/\/miumjau.ee\/#organization\"},\"potentialAction\":[{\"@type\":\"SearchAction\",\"target\":{\"@type\":\"EntryPoint\",\"urlTemplate\":\"https:\/\/miumjau.ee\/?s={search_term_string}\"},\"query-input\":{\"@type\":\"PropertyValueSpecification\",\"valueRequired\":true,\"valueName\":\"search_term_string\"}}],\"inLanguage\":\"lv-LV\"},{\"@type\":\"Organization\",\"@id\":\"https:\/\/miumjau.ee\/#organization\",\"name\":\"MiuMjau O\u00dc\",\"url\":\"https:\/\/miumjau.ee\/\",\"logo\":{\"@type\":\"ImageObject\",\"inLanguage\":\"lv-LV\",\"@id\":\"https:\/\/miumjau.ee\/#\/schema\/logo\/image\/\",\"url\":\"https:\/\/miumjau.ee\/wp-content\/uploads\/2022\/04\/MiuMjau-logo-kollane.png\",\"contentUrl\":\"https:\/\/miumjau.ee\/wp-content\/uploads\/2022\/04\/MiuMjau-logo-kollane.png\",\"width\":219,\"height\":100,\"caption\":\"MiuMjau O\u00dc\"},\"image\":{\"@id\":\"https:\/\/miumjau.ee\/#\/schema\/logo\/image\/\"},\"sameAs\":[\"https:\/\/www.facebook.com\/miumjaupood\/\"]}]}<\/script>\n<!-- \/ Yoast SEO plugin. -->","yoast_head_json":{"title":"Brit Care Dog Grain-free Puppy Ar Lohi \u2013 12\u202fkg - MiuMjau","robots":{"index":"index","follow":"follow","max-snippet":"max-snippet:-1","max-image-preview":"max-image-preview:large","max-video-preview":"max-video-preview:-1"},"canonical":"https:\/\/miumjau.ee\/lv\/produkts\/brit-care-dog-grain-free-puppy-ar-lohi-12-kg\/","og_locale":"lv_LV","og_type":"article","og_title":"Brit Care Dog Grain-free Puppy Ar Lohi \u2013 12\u202fkg - MiuMjau","og_description":"Hipoaler\u0123iska, bezgraudu bar\u012bba mazu\u013ciem un jaunajiem su\u0146iem (4 ned\u0113\u013cas \u2013 12 m\u0113ne\u0161i) vis\u0101m \u0161\u0137irn\u0113m. Piem\u0113rota ar\u012b sajauk\u0161anai ar pienu, s\u0101kot barot ar sausbar\u012bbu. Priek\u0161roc\u012bbas:     Veicina vesel\u012bgu aug\u0161anu un im\u016bnsist\u0113mas stiprin\u0101\u0161anu    Augsta uzturv\u0113rt\u012bba: prote\u012bni un tauki veicina \u0101das un ka\u017eoka vesel\u012bbu, gar\u012bg\u0101s sp\u0113jas un optim\u0101lu \u0137erme\u0146a svaru    Bez graudiem \u2013 ide\u0101li su\u0146iem ar aler\u0123ij\u0101m vai \u012bpa\u0161\u0101m uztura vajadz\u012bb\u0101m    Omega-3 un omega-6 tauksk\u0101bes atbalsta piln\u012bgu att\u012bst\u012bbu   Sast\u0101vs: Lohi (55\u202f%) (\u017e\u0101v\u0113ts lohi, hidroliz\u0113ts lohi), kartupe\u013ci (26\u202f%), vistas tauki, lohi e\u013c\u013ca (3\u202f%), \u017e\u0101v\u0113ta \u0101bolu m\u012bkstuma masa, dab\u012bgas gar\u0161as vielas, alus raugs, hidroliz\u0113ts raugs (0,5\u202f% \u2013 inozols un aminosk\u0101bju avots), zir\u0146u milti, glikozam\u012bns (300\u202fmg\/kg), fruktooligosahar\u012bdi (230\u202fmg\/kg), hondroit\u012bns (230\u202fmg\/kg), mannanoligosahar\u012bdi (180\u202fmg\/kg), Mojave jukka (180\u202fmg\/kg), piena dad\u017ea s\u0113klas (110\u202fmg\/kg), \u03b2-glik\u0101ni (60\u202fmg\/kg), \u017e\u0101v\u0113ts olu dzeltenums (60\u202fmg\/kg), \u017e\u0101v\u0113ti dz\u0113rvenes (60\u202fmg\/kg), inaktiv\u0113ts probiotiks Lactobacillus helveticus HA\u2013122 (15\u00d710\u2079 CFU\/kg). Anal\u012btiskais sast\u0101vs: Prote\u012bns 30\u202f%, tauki 18\u202f%, mitrums 10\u202f%, pelni 7\u202f%, \u0161\u0137iedra 2,5\u202f%, kalcijs 1,2\u202f%, fosfors 0,9\u202f%, n\u0101trijs 0,5\u202f%, omega-3 tauksk\u0101bes 1,3\u202f%, omega-6 tauksk\u0101bes 2,3\u202f%, EPA 0,12\u202f%, DHA 0,16\u202f%. Bar\u012bbas piedevas\/kg: Vitam\u012bns A \u2013 23\u202f000\u202fIU, D\u2083 \u2013 1\u202f700\u202fIU, E \u2013 550\u202fmg, C \u2013 350\u202fmg, tauri\u012bns \u2013 1\u202f500\u202fmg, hol\u012bns \u2013 1\u202f800\u202fmg, L-karnit\u012bns \u2013 300\u202fmg, B1, B2, B6, B12, biot\u012bns, folijsk\u0101be, pantot\u0113nsk\u0101be, niac\u012bnam\u012bds. Miner\u0101li: jods 0,9\u202fmg, cinks 100\u202fmg, mang\u0101ns 45\u202fmg, var\u0161 20\u202fmg, dzelzs 88\u202fmg, sel\u0113ns 0,18\u202fmg. Satur ES at\u013cautos antioksidantus: tokoferolu ekstrakti no augu e\u013c\u013c\u0101m, askorbilpalmit\u0101ts, rozmar\u012bna ekstrakts. Metaboliskais ener\u0123ijas saturs: 3\u202f930\u202fkcal\/kg","og_url":"https:\/\/miumjau.ee\/lv\/produkts\/brit-care-dog-grain-free-puppy-ar-lohi-12-kg\/","og_site_name":"MiuMjau","article_publisher":"https:\/\/www.facebook.com\/miumjaupood\/","article_modified_time":"2026-01-07T19:12:09+00:00","og_image":[{"width":600,"height":800,"url":"https:\/\/miumjau.ee\/wp-content\/uploads\/2025\/04\/brit-care-grainfree-puppy-salmon-Photoroom.webp","type":"image\/webp"}],"twitter_card":"summary_large_image","schema":{"@context":"https:\/\/schema.org","@graph":[{"@type":"WebPage","@id":"https:\/\/miumjau.ee\/lv\/produkts\/brit-care-dog-grain-free-puppy-ar-lohi-12-kg\/","url":"https:\/\/miumjau.ee\/lv\/produkts\/brit-care-dog-grain-free-puppy-ar-lohi-12-kg\/","name":"Brit Care Dog Grain-free Puppy Ar Lohi \u2013 12\u202fkg - MiuMjau","isPartOf":{"@id":"https:\/\/miumjau.ee\/#website"},"primaryImageOfPage":{"@id":"https:\/\/miumjau.ee\/lv\/produkts\/brit-care-dog-grain-free-puppy-ar-lohi-12-kg\/#primaryimage"},"image":{"@id":"https:\/\/miumjau.ee\/lv\/produkts\/brit-care-dog-grain-free-puppy-ar-lohi-12-kg\/#primaryimage"},"thumbnailUrl":"https:\/\/miumjau.ee\/wp-content\/uploads\/2025\/04\/brit-care-grainfree-puppy-salmon-Photoroom.webp","datePublished":"2025-04-07T07:43:55+00:00","dateModified":"2026-01-07T19:12:09+00:00","breadcrumb":{"@id":"https:\/\/miumjau.ee\/lv\/produkts\/brit-care-dog-grain-free-puppy-ar-lohi-12-kg\/#breadcrumb"},"inLanguage":"lv-LV","potentialAction":[{"@type":"ReadAction","target":["https:\/\/miumjau.ee\/lv\/produkts\/brit-care-dog-grain-free-puppy-ar-lohi-12-kg\/"]}]},{"@type":"ImageObject","inLanguage":"lv-LV","@id":"https:\/\/miumjau.ee\/lv\/produkts\/brit-care-dog-grain-free-puppy-ar-lohi-12-kg\/#primaryimage","url":"https:\/\/miumjau.ee\/wp-content\/uploads\/2025\/04\/brit-care-grainfree-puppy-salmon-Photoroom.webp","contentUrl":"https:\/\/miumjau.ee\/wp-content\/uploads\/2025\/04\/brit-care-grainfree-puppy-salmon-Photoroom.webp","width":600,"height":800},{"@type":"BreadcrumbList","@id":"https:\/\/miumjau.ee\/lv\/produkts\/brit-care-dog-grain-free-puppy-ar-lohi-12-kg\/#breadcrumb","itemListElement":[{"@type":"ListItem","position":1,"name":"Home","item":"https:\/\/miumjau.ee\/lv\/"},{"@type":"ListItem","position":2,"name":"Veikals","item":"https:\/\/miumjau.ee\/lv\/veikals\/"},{"@type":"ListItem","position":3,"name":"Brit Care Dog Grain-free Puppy Ar Lohi \u2013 12\u202fkg"}]},{"@type":"WebSite","@id":"https:\/\/miumjau.ee\/#website","url":"https:\/\/miumjau.ee\/","name":"MiuMjau","description":"Kraapimispuud kassidele","publisher":{"@id":"https:\/\/miumjau.ee\/#organization"},"potentialAction":[{"@type":"SearchAction","target":{"@type":"EntryPoint","urlTemplate":"https:\/\/miumjau.ee\/?s={search_term_string}"},"query-input":{"@type":"PropertyValueSpecification","valueRequired":true,"valueName":"search_term_string"}}],"inLanguage":"lv-LV"},{"@type":"Organization","@id":"https:\/\/miumjau.ee\/#organization","name":"MiuMjau O\u00dc","url":"https:\/\/miumjau.ee\/","logo":{"@type":"ImageObject","inLanguage":"lv-LV","@id":"https:\/\/miumjau.ee\/#\/schema\/logo\/image\/","url":"https:\/\/miumjau.ee\/wp-content\/uploads\/2022\/04\/MiuMjau-logo-kollane.png","contentUrl":"https:\/\/miumjau.ee\/wp-content\/uploads\/2022\/04\/MiuMjau-logo-kollane.png","width":219,"height":100,"caption":"MiuMjau O\u00dc"},"image":{"@id":"https:\/\/miumjau.ee\/#\/schema\/logo\/image\/"},"sameAs":["https:\/\/www.facebook.com\/miumjaupood\/"]}]}},"_links":{"self":[{"href":"https:\/\/miumjau.ee\/lv\/wp-json\/wp\/v2\/product\/51577","targetHints":{"allow":["GET"]}}],"collection":[{"href":"https:\/\/miumjau.ee\/lv\/wp-json\/wp\/v2\/product"}],"about":[{"href":"https:\/\/miumjau.ee\/lv\/wp-json\/wp\/v2\/types\/product"}],"wp:featuredmedia":[{"embeddable":true,"href":"https:\/\/miumjau.ee\/lv\/wp-json\/wp\/v2\/media\/51576"}],"wp:attachment":[{"href":"https:\/\/miumjau.ee\/lv\/wp-json\/wp\/v2\/media?parent=51577"}],"wp:term":[{"taxonomy":"product_brand","embeddable":true,"href":"https:\/\/miumjau.ee\/lv\/wp-json\/wp\/v2\/product_brand?post=51577"},{"taxonomy":"product_cat","embeddable":true,"href":"https:\/\/miumjau.ee\/lv\/wp-json\/wp\/v2\/product_cat?post=51577"},{"taxonomy":"product_tag","embeddable":true,"href":"https:\/\/miumjau.ee\/lv\/wp-json\/wp\/v2\/product_tag?post=51577"}],"curies":[{"name":"wp","href":"https:\/\/api.w.org\/{rel}","templated":true}]}}