{"id":51569,"date":"2025-04-07T11:12:00","date_gmt":"2025-04-07T08:12:00","guid":{"rendered":"https:\/\/miumjau.ee\/toode\/brit-care-bez-graudiem-junior-lielajiem-suniem-ar-lasi-12-kg\/"},"modified":"2026-01-07T21:12:09","modified_gmt":"2026-01-07T19:12:09","slug":"brit-care-bez-graudiem-junior-lielajiem-suniem-ar-lasi-12-kg","status":"publish","type":"product","link":"https:\/\/miumjau.ee\/lv\/produkts\/brit-care-bez-graudiem-junior-lielajiem-suniem-ar-lasi-12-kg\/","title":{"rendered":"Brit Care Bez graudiem Junior Lielajiem su\u0146iem ar lasi \u2013 12\u202fkg"},"content":{"rendered":"","protected":false},"excerpt":{"rendered":"<p data-start=\"206\" data-end=\"330\">Bez graudiem recept\u016bra <strong data-start=\"229\" data-end=\"274\">lielo \u0161\u0137ir\u0146u kuc\u0113niem un jaunajiem su\u0146iem<\/strong> (3\u202fm\u0113ne\u0161i \u2013 2\u202fgadi, &gt;25\u202fkg). Pilnv\u0113rt\u012bga su\u0146u bar\u012bba.<\/p>\n<p data-start=\"332\" data-end=\"352\"><strong data-start=\"332\" data-end=\"350\">Priek\u0161roc\u012bbas:<\/strong><\/p>\n<ul data-start=\"353\" data-end=\"779\">\n<li data-start=\"353\" data-end=\"442\">\n<p data-start=\"355\" data-end=\"442\"><strong data-start=\"355\" data-end=\"376\">Aug\u0161anas kontrole<\/strong> \u2013 Sabalans\u0113ts olbaltumvielu un tauku saturs optim\u0101lai aug\u0161anai.<\/p>\n<\/li>\n<li data-start=\"443\" data-end=\"574\">\n<p data-start=\"445\" data-end=\"574\"><strong data-start=\"445\" data-end=\"470\">Loc\u012btavas un skrim\u0161\u013ci<\/strong> \u2013 Hondroprotektori atbalsta vesel\u012bgas loc\u012btavas, kaulus un skrim\u0161\u013cus, \u012bpa\u0161i svar\u012bgi lielaj\u0101m \u0161\u0137irn\u0113m.<\/p>\n<\/li>\n<li data-start=\"575\" data-end=\"667\">\n<p data-start=\"577\" data-end=\"667\"><strong data-start=\"577\" data-end=\"590\">Imunit\u0101te<\/strong> \u2013 Probiotikas un antioksidanti stiprina im\u016bnsist\u0113mu un atbalsta gremo\u0161anu.<\/p>\n<\/li>\n<li data-start=\"668\" data-end=\"779\">\n<p data-start=\"670\" data-end=\"779\"><strong data-start=\"670\" data-end=\"687\">\u0100da un ka\u017eoks<\/strong> \u2013 Omega-3 tauksk\u0101bes un augstas kvalit\u0101tes olbaltumvielas veicina vesel\u012bgu \u0101du un ka\u017eoku.<\/p>\n<\/li>\n<\/ul>\n<p data-start=\"781\" data-end=\"1352\"><strong data-start=\"781\" data-end=\"793\">Sast\u0101vs:<\/strong> Lasis (52%) (\u017e\u0101v\u0113ts lasis, hidroliz\u0113ts lasis), kartupe\u013ci (26%), vistas tauki, \u017e\u0101v\u0113tas \u0101bolu m\u012bkstums, lasis e\u013c\u013ca (3%), dab\u012bg\u0101 gar\u0161a, alus raugs, hidroliz\u0113ts raugs (0,5% \u2013 inozitola un aminosk\u0101bju avots), zir\u0146u milti, glikozam\u012bns (300\u202fmg\/kg), fruktooligosahar\u012bdi (230\u202fmg\/kg), hondroit\u012bnsulf\u0101ts (230\u202fmg\/kg), mananooligosahar\u012bdi (180\u202fmg\/kg), Mojave juka (180\u202fmg\/kg), piena n\u0101tru s\u0113klas (110\u202fmg\/kg), \u03b2-glik\u0101ni (60\u202fmg\/kg), \u017e\u0101v\u0113ti lasu ikri (60\u202fmg\/kg), \u017e\u0101v\u0113tas smilts\u0113rk\u0161\u0137u ogas (60\u202fmg\/kg), inaktiv\u0113ts probiotikas Lactobacillus helveticus HA\u2013122 (15\u00d710\u2079 CFU\/kg).<\/p>\n<p data-start=\"1354\" data-end=\"1609\"><strong data-start=\"1354\" data-end=\"1377\">Anal\u012btisk\u0101 sast\u0101vs:<\/strong> Kop\u0113jais olbaltumvielu saturs 28\u202f%, kop\u0113jais tauku saturs 15\u202f%, mitrums 10\u202f%, pelni 7\u202f%, \u0161\u0137iedrvielas 3.2\u202f%, kalcijs 1.2\u202f%, fosfors 0.9\u202f%, n\u0101trijs 0.5\u202f%, omega-3 tauksk\u0101bes 1.2\u202f%, omega-6 tauksk\u0101bes 1.9\u202f%, EPA 0.12\u202f%, DHA 0.16\u202f%.<\/p>\n<p data-start=\"1611\" data-end=\"2144\"><strong data-start=\"1611\" data-end=\"1647\">Vitami\u0146i un miner\u0101lvielas uz kg:<\/strong> A vitam\u012bns 23\u202f000\u202fIU, D3 1\u202f700\u202fIU, E vitam\u012bns 550\u202fmg, C vitam\u012bns 350\u202fmg, taur\u012bns 1\u202f500\u202fmg, hol\u012bns 1\u202f800\u202fmg, L-karnit\u012bns 300\u202fmg, B1 vitam\u012bns 3\u202fmg, B2 vitam\u012bns 11\u202fmg, biot\u012bns 4\u202fmg, folsk\u0101be 1.4\u202fmg, B6 vitam\u012bns 3\u202fmg, kalcija D-pantoten\u0101ts 30\u202fmg, niacinam\u012bds 38\u202fmg, B12 vitam\u012bns 0.12\u202fmg, jods 0.9\u202fmg, organiskais cinks 100\u202fmg, mang\u0101ns 45\u202fmg, var\u0161 20\u202fmg, dzelzs 88\u202fmg, sel\u0113ns 0.18\u202fmg. Satur ES apstiprin\u0101tus antioksidantus: tokoferolu ekstrakti no augu e\u013c\u013c\u0101m, askorbilpalmit\u0101ts, rozmar\u012bna ekstrakts.<\/p>\n<p data-start=\"2146\" data-end=\"2190\"><strong data-start=\"2146\" data-end=\"2174\">Metaboliz\u0113jam\u0101 ener\u0123ija:<\/strong> 3\u202f730\u202fkcal\/kg<\/p>\n","protected":false},"featured_media":51568,"template":"","meta":[],"product_brand":[],"product_cat":[575],"product_tag":[],"class_list":{"0":"post-51569","1":"product","2":"type-product","3":"status-publish","4":"has-post-thumbnail","6":"product_cat-sausa-bariba-suniem","8":"first","9":"instock","10":"sale","11":"taxable","12":"shipping-taxable","13":"purchasable","14":"product-type-simple"},"yoast_head":"<!-- This site is optimized with the Yoast SEO plugin v27.2 - https:\/\/yoast.com\/product\/yoast-seo-wordpress\/ -->\n<title>Brit Care Bez graudiem Junior Lielajiem su\u0146iem ar lasi \u2013 12\u202fkg - MiuMjau<\/title>\n<meta name=\"robots\" content=\"index, follow, max-snippet:-1, max-image-preview:large, max-video-preview:-1\" \/>\n<link rel=\"canonical\" href=\"https:\/\/miumjau.ee\/lv\/produkts\/brit-care-bez-graudiem-junior-lielajiem-suniem-ar-lasi-12-kg\/\" \/>\n<meta property=\"og:locale\" content=\"lv_LV\" \/>\n<meta property=\"og:type\" content=\"article\" \/>\n<meta property=\"og:title\" content=\"Brit Care Bez graudiem Junior Lielajiem su\u0146iem ar lasi \u2013 12\u202fkg - MiuMjau\" \/>\n<meta property=\"og:description\" content=\"Bez graudiem recept\u016bra lielo \u0161\u0137ir\u0146u kuc\u0113niem un jaunajiem su\u0146iem (3\u202fm\u0113ne\u0161i \u2013 2\u202fgadi, &gt;25\u202fkg). Pilnv\u0113rt\u012bga su\u0146u bar\u012bba. Priek\u0161roc\u012bbas:     Aug\u0161anas kontrole \u2013 Sabalans\u0113ts olbaltumvielu un tauku saturs optim\u0101lai aug\u0161anai.    Loc\u012btavas un skrim\u0161\u013ci \u2013 Hondroprotektori atbalsta vesel\u012bgas loc\u012btavas, kaulus un skrim\u0161\u013cus, \u012bpa\u0161i svar\u012bgi lielaj\u0101m \u0161\u0137irn\u0113m.    Imunit\u0101te \u2013 Probiotikas un antioksidanti stiprina im\u016bnsist\u0113mu un atbalsta gremo\u0161anu.    \u0100da un ka\u017eoks \u2013 Omega-3 tauksk\u0101bes un augstas kvalit\u0101tes olbaltumvielas veicina vesel\u012bgu \u0101du un ka\u017eoku.   Sast\u0101vs: Lasis (52%) (\u017e\u0101v\u0113ts lasis, hidroliz\u0113ts lasis), kartupe\u013ci (26%), vistas tauki, \u017e\u0101v\u0113tas \u0101bolu m\u012bkstums, lasis e\u013c\u013ca (3%), dab\u012bg\u0101 gar\u0161a, alus raugs, hidroliz\u0113ts raugs (0,5% \u2013 inozitola un aminosk\u0101bju avots), zir\u0146u milti, glikozam\u012bns (300\u202fmg\/kg), fruktooligosahar\u012bdi (230\u202fmg\/kg), hondroit\u012bnsulf\u0101ts (230\u202fmg\/kg), mananooligosahar\u012bdi (180\u202fmg\/kg), Mojave juka (180\u202fmg\/kg), piena n\u0101tru s\u0113klas (110\u202fmg\/kg), \u03b2-glik\u0101ni (60\u202fmg\/kg), \u017e\u0101v\u0113ti lasu ikri (60\u202fmg\/kg), \u017e\u0101v\u0113tas smilts\u0113rk\u0161\u0137u ogas (60\u202fmg\/kg), inaktiv\u0113ts probiotikas Lactobacillus helveticus HA\u2013122 (15\u00d710\u2079 CFU\/kg). Anal\u012btisk\u0101 sast\u0101vs: Kop\u0113jais olbaltumvielu saturs 28\u202f%, kop\u0113jais tauku saturs 15\u202f%, mitrums 10\u202f%, pelni 7\u202f%, \u0161\u0137iedrvielas 3.2\u202f%, kalcijs 1.2\u202f%, fosfors 0.9\u202f%, n\u0101trijs 0.5\u202f%, omega-3 tauksk\u0101bes 1.2\u202f%, omega-6 tauksk\u0101bes 1.9\u202f%, EPA 0.12\u202f%, DHA 0.16\u202f%. Vitami\u0146i un miner\u0101lvielas uz kg: A vitam\u012bns 23\u202f000\u202fIU, D3 1\u202f700\u202fIU, E vitam\u012bns 550\u202fmg, C vitam\u012bns 350\u202fmg, taur\u012bns 1\u202f500\u202fmg, hol\u012bns 1\u202f800\u202fmg, L-karnit\u012bns 300\u202fmg, B1 vitam\u012bns 3\u202fmg, B2 vitam\u012bns 11\u202fmg, biot\u012bns 4\u202fmg, folsk\u0101be 1.4\u202fmg, B6 vitam\u012bns 3\u202fmg, kalcija D-pantoten\u0101ts 30\u202fmg, niacinam\u012bds 38\u202fmg, B12 vitam\u012bns 0.12\u202fmg, jods 0.9\u202fmg, organiskais cinks 100\u202fmg, mang\u0101ns 45\u202fmg, var\u0161 20\u202fmg, dzelzs 88\u202fmg, sel\u0113ns 0.18\u202fmg. Satur ES apstiprin\u0101tus antioksidantus: tokoferolu ekstrakti no augu e\u013c\u013c\u0101m, askorbilpalmit\u0101ts, rozmar\u012bna ekstrakts. Metaboliz\u0113jam\u0101 ener\u0123ija: 3\u202f730\u202fkcal\/kg\" \/>\n<meta property=\"og:url\" content=\"https:\/\/miumjau.ee\/lv\/produkts\/brit-care-bez-graudiem-junior-lielajiem-suniem-ar-lasi-12-kg\/\" \/>\n<meta property=\"og:site_name\" content=\"MiuMjau\" \/>\n<meta property=\"article:publisher\" content=\"https:\/\/www.facebook.com\/miumjaupood\/\" \/>\n<meta property=\"article:modified_time\" content=\"2026-01-07T19:12:09+00:00\" \/>\n<meta property=\"og:image\" content=\"https:\/\/miumjau.ee\/wp-content\/uploads\/2025\/04\/brit-care-junior-large-breed-salmon-Photoroom.webp\" \/>\n\t<meta property=\"og:image:width\" content=\"600\" \/>\n\t<meta property=\"og:image:height\" content=\"800\" \/>\n\t<meta property=\"og:image:type\" content=\"image\/webp\" \/>\n<meta name=\"twitter:card\" content=\"summary_large_image\" \/>\n<script type=\"application\/ld+json\" class=\"yoast-schema-graph\">{\"@context\":\"https:\/\/schema.org\",\"@graph\":[{\"@type\":\"WebPage\",\"@id\":\"https:\/\/miumjau.ee\/lv\/produkts\/brit-care-bez-graudiem-junior-lielajiem-suniem-ar-lasi-12-kg\/\",\"url\":\"https:\/\/miumjau.ee\/lv\/produkts\/brit-care-bez-graudiem-junior-lielajiem-suniem-ar-lasi-12-kg\/\",\"name\":\"Brit Care Bez graudiem Junior Lielajiem su\u0146iem ar lasi \u2013 12\u202fkg - MiuMjau\",\"isPartOf\":{\"@id\":\"https:\/\/miumjau.ee\/#website\"},\"primaryImageOfPage\":{\"@id\":\"https:\/\/miumjau.ee\/lv\/produkts\/brit-care-bez-graudiem-junior-lielajiem-suniem-ar-lasi-12-kg\/#primaryimage\"},\"image\":{\"@id\":\"https:\/\/miumjau.ee\/lv\/produkts\/brit-care-bez-graudiem-junior-lielajiem-suniem-ar-lasi-12-kg\/#primaryimage\"},\"thumbnailUrl\":\"https:\/\/miumjau.ee\/wp-content\/uploads\/2025\/04\/brit-care-junior-large-breed-salmon-Photoroom.webp\",\"datePublished\":\"2025-04-07T08:12:00+00:00\",\"dateModified\":\"2026-01-07T19:12:09+00:00\",\"breadcrumb\":{\"@id\":\"https:\/\/miumjau.ee\/lv\/produkts\/brit-care-bez-graudiem-junior-lielajiem-suniem-ar-lasi-12-kg\/#breadcrumb\"},\"inLanguage\":\"lv-LV\",\"potentialAction\":[{\"@type\":\"ReadAction\",\"target\":[\"https:\/\/miumjau.ee\/lv\/produkts\/brit-care-bez-graudiem-junior-lielajiem-suniem-ar-lasi-12-kg\/\"]}]},{\"@type\":\"ImageObject\",\"inLanguage\":\"lv-LV\",\"@id\":\"https:\/\/miumjau.ee\/lv\/produkts\/brit-care-bez-graudiem-junior-lielajiem-suniem-ar-lasi-12-kg\/#primaryimage\",\"url\":\"https:\/\/miumjau.ee\/wp-content\/uploads\/2025\/04\/brit-care-junior-large-breed-salmon-Photoroom.webp\",\"contentUrl\":\"https:\/\/miumjau.ee\/wp-content\/uploads\/2025\/04\/brit-care-junior-large-breed-salmon-Photoroom.webp\",\"width\":600,\"height\":800},{\"@type\":\"BreadcrumbList\",\"@id\":\"https:\/\/miumjau.ee\/lv\/produkts\/brit-care-bez-graudiem-junior-lielajiem-suniem-ar-lasi-12-kg\/#breadcrumb\",\"itemListElement\":[{\"@type\":\"ListItem\",\"position\":1,\"name\":\"Home\",\"item\":\"https:\/\/miumjau.ee\/lv\/\"},{\"@type\":\"ListItem\",\"position\":2,\"name\":\"Veikals\",\"item\":\"https:\/\/miumjau.ee\/lv\/veikals\/\"},{\"@type\":\"ListItem\",\"position\":3,\"name\":\"Brit Care Bez graudiem Junior Lielajiem su\u0146iem ar lasi \u2013 12\u202fkg\"}]},{\"@type\":\"WebSite\",\"@id\":\"https:\/\/miumjau.ee\/#website\",\"url\":\"https:\/\/miumjau.ee\/\",\"name\":\"MiuMjau\",\"description\":\"Kraapimispuud kassidele\",\"publisher\":{\"@id\":\"https:\/\/miumjau.ee\/#organization\"},\"potentialAction\":[{\"@type\":\"SearchAction\",\"target\":{\"@type\":\"EntryPoint\",\"urlTemplate\":\"https:\/\/miumjau.ee\/?s={search_term_string}\"},\"query-input\":{\"@type\":\"PropertyValueSpecification\",\"valueRequired\":true,\"valueName\":\"search_term_string\"}}],\"inLanguage\":\"lv-LV\"},{\"@type\":\"Organization\",\"@id\":\"https:\/\/miumjau.ee\/#organization\",\"name\":\"MiuMjau O\u00dc\",\"url\":\"https:\/\/miumjau.ee\/\",\"logo\":{\"@type\":\"ImageObject\",\"inLanguage\":\"lv-LV\",\"@id\":\"https:\/\/miumjau.ee\/#\/schema\/logo\/image\/\",\"url\":\"https:\/\/miumjau.ee\/wp-content\/uploads\/2022\/04\/MiuMjau-logo-kollane.png\",\"contentUrl\":\"https:\/\/miumjau.ee\/wp-content\/uploads\/2022\/04\/MiuMjau-logo-kollane.png\",\"width\":219,\"height\":100,\"caption\":\"MiuMjau O\u00dc\"},\"image\":{\"@id\":\"https:\/\/miumjau.ee\/#\/schema\/logo\/image\/\"},\"sameAs\":[\"https:\/\/www.facebook.com\/miumjaupood\/\"]}]}<\/script>\n<!-- \/ Yoast SEO plugin. -->","yoast_head_json":{"title":"Brit Care Bez graudiem Junior Lielajiem su\u0146iem ar lasi \u2013 12\u202fkg - MiuMjau","robots":{"index":"index","follow":"follow","max-snippet":"max-snippet:-1","max-image-preview":"max-image-preview:large","max-video-preview":"max-video-preview:-1"},"canonical":"https:\/\/miumjau.ee\/lv\/produkts\/brit-care-bez-graudiem-junior-lielajiem-suniem-ar-lasi-12-kg\/","og_locale":"lv_LV","og_type":"article","og_title":"Brit Care Bez graudiem Junior Lielajiem su\u0146iem ar lasi \u2013 12\u202fkg - MiuMjau","og_description":"Bez graudiem recept\u016bra lielo \u0161\u0137ir\u0146u kuc\u0113niem un jaunajiem su\u0146iem (3\u202fm\u0113ne\u0161i \u2013 2\u202fgadi, &gt;25\u202fkg). Pilnv\u0113rt\u012bga su\u0146u bar\u012bba. Priek\u0161roc\u012bbas:     Aug\u0161anas kontrole \u2013 Sabalans\u0113ts olbaltumvielu un tauku saturs optim\u0101lai aug\u0161anai.    Loc\u012btavas un skrim\u0161\u013ci \u2013 Hondroprotektori atbalsta vesel\u012bgas loc\u012btavas, kaulus un skrim\u0161\u013cus, \u012bpa\u0161i svar\u012bgi lielaj\u0101m \u0161\u0137irn\u0113m.    Imunit\u0101te \u2013 Probiotikas un antioksidanti stiprina im\u016bnsist\u0113mu un atbalsta gremo\u0161anu.    \u0100da un ka\u017eoks \u2013 Omega-3 tauksk\u0101bes un augstas kvalit\u0101tes olbaltumvielas veicina vesel\u012bgu \u0101du un ka\u017eoku.   Sast\u0101vs: Lasis (52%) (\u017e\u0101v\u0113ts lasis, hidroliz\u0113ts lasis), kartupe\u013ci (26%), vistas tauki, \u017e\u0101v\u0113tas \u0101bolu m\u012bkstums, lasis e\u013c\u013ca (3%), dab\u012bg\u0101 gar\u0161a, alus raugs, hidroliz\u0113ts raugs (0,5% \u2013 inozitola un aminosk\u0101bju avots), zir\u0146u milti, glikozam\u012bns (300\u202fmg\/kg), fruktooligosahar\u012bdi (230\u202fmg\/kg), hondroit\u012bnsulf\u0101ts (230\u202fmg\/kg), mananooligosahar\u012bdi (180\u202fmg\/kg), Mojave juka (180\u202fmg\/kg), piena n\u0101tru s\u0113klas (110\u202fmg\/kg), \u03b2-glik\u0101ni (60\u202fmg\/kg), \u017e\u0101v\u0113ti lasu ikri (60\u202fmg\/kg), \u017e\u0101v\u0113tas smilts\u0113rk\u0161\u0137u ogas (60\u202fmg\/kg), inaktiv\u0113ts probiotikas Lactobacillus helveticus HA\u2013122 (15\u00d710\u2079 CFU\/kg). Anal\u012btisk\u0101 sast\u0101vs: Kop\u0113jais olbaltumvielu saturs 28\u202f%, kop\u0113jais tauku saturs 15\u202f%, mitrums 10\u202f%, pelni 7\u202f%, \u0161\u0137iedrvielas 3.2\u202f%, kalcijs 1.2\u202f%, fosfors 0.9\u202f%, n\u0101trijs 0.5\u202f%, omega-3 tauksk\u0101bes 1.2\u202f%, omega-6 tauksk\u0101bes 1.9\u202f%, EPA 0.12\u202f%, DHA 0.16\u202f%. Vitami\u0146i un miner\u0101lvielas uz kg: A vitam\u012bns 23\u202f000\u202fIU, D3 1\u202f700\u202fIU, E vitam\u012bns 550\u202fmg, C vitam\u012bns 350\u202fmg, taur\u012bns 1\u202f500\u202fmg, hol\u012bns 1\u202f800\u202fmg, L-karnit\u012bns 300\u202fmg, B1 vitam\u012bns 3\u202fmg, B2 vitam\u012bns 11\u202fmg, biot\u012bns 4\u202fmg, folsk\u0101be 1.4\u202fmg, B6 vitam\u012bns 3\u202fmg, kalcija D-pantoten\u0101ts 30\u202fmg, niacinam\u012bds 38\u202fmg, B12 vitam\u012bns 0.12\u202fmg, jods 0.9\u202fmg, organiskais cinks 100\u202fmg, mang\u0101ns 45\u202fmg, var\u0161 20\u202fmg, dzelzs 88\u202fmg, sel\u0113ns 0.18\u202fmg. Satur ES apstiprin\u0101tus antioksidantus: tokoferolu ekstrakti no augu e\u013c\u013c\u0101m, askorbilpalmit\u0101ts, rozmar\u012bna ekstrakts. Metaboliz\u0113jam\u0101 ener\u0123ija: 3\u202f730\u202fkcal\/kg","og_url":"https:\/\/miumjau.ee\/lv\/produkts\/brit-care-bez-graudiem-junior-lielajiem-suniem-ar-lasi-12-kg\/","og_site_name":"MiuMjau","article_publisher":"https:\/\/www.facebook.com\/miumjaupood\/","article_modified_time":"2026-01-07T19:12:09+00:00","og_image":[{"width":600,"height":800,"url":"https:\/\/miumjau.ee\/wp-content\/uploads\/2025\/04\/brit-care-junior-large-breed-salmon-Photoroom.webp","type":"image\/webp"}],"twitter_card":"summary_large_image","schema":{"@context":"https:\/\/schema.org","@graph":[{"@type":"WebPage","@id":"https:\/\/miumjau.ee\/lv\/produkts\/brit-care-bez-graudiem-junior-lielajiem-suniem-ar-lasi-12-kg\/","url":"https:\/\/miumjau.ee\/lv\/produkts\/brit-care-bez-graudiem-junior-lielajiem-suniem-ar-lasi-12-kg\/","name":"Brit Care Bez graudiem Junior Lielajiem su\u0146iem ar lasi \u2013 12\u202fkg - MiuMjau","isPartOf":{"@id":"https:\/\/miumjau.ee\/#website"},"primaryImageOfPage":{"@id":"https:\/\/miumjau.ee\/lv\/produkts\/brit-care-bez-graudiem-junior-lielajiem-suniem-ar-lasi-12-kg\/#primaryimage"},"image":{"@id":"https:\/\/miumjau.ee\/lv\/produkts\/brit-care-bez-graudiem-junior-lielajiem-suniem-ar-lasi-12-kg\/#primaryimage"},"thumbnailUrl":"https:\/\/miumjau.ee\/wp-content\/uploads\/2025\/04\/brit-care-junior-large-breed-salmon-Photoroom.webp","datePublished":"2025-04-07T08:12:00+00:00","dateModified":"2026-01-07T19:12:09+00:00","breadcrumb":{"@id":"https:\/\/miumjau.ee\/lv\/produkts\/brit-care-bez-graudiem-junior-lielajiem-suniem-ar-lasi-12-kg\/#breadcrumb"},"inLanguage":"lv-LV","potentialAction":[{"@type":"ReadAction","target":["https:\/\/miumjau.ee\/lv\/produkts\/brit-care-bez-graudiem-junior-lielajiem-suniem-ar-lasi-12-kg\/"]}]},{"@type":"ImageObject","inLanguage":"lv-LV","@id":"https:\/\/miumjau.ee\/lv\/produkts\/brit-care-bez-graudiem-junior-lielajiem-suniem-ar-lasi-12-kg\/#primaryimage","url":"https:\/\/miumjau.ee\/wp-content\/uploads\/2025\/04\/brit-care-junior-large-breed-salmon-Photoroom.webp","contentUrl":"https:\/\/miumjau.ee\/wp-content\/uploads\/2025\/04\/brit-care-junior-large-breed-salmon-Photoroom.webp","width":600,"height":800},{"@type":"BreadcrumbList","@id":"https:\/\/miumjau.ee\/lv\/produkts\/brit-care-bez-graudiem-junior-lielajiem-suniem-ar-lasi-12-kg\/#breadcrumb","itemListElement":[{"@type":"ListItem","position":1,"name":"Home","item":"https:\/\/miumjau.ee\/lv\/"},{"@type":"ListItem","position":2,"name":"Veikals","item":"https:\/\/miumjau.ee\/lv\/veikals\/"},{"@type":"ListItem","position":3,"name":"Brit Care Bez graudiem Junior Lielajiem su\u0146iem ar lasi \u2013 12\u202fkg"}]},{"@type":"WebSite","@id":"https:\/\/miumjau.ee\/#website","url":"https:\/\/miumjau.ee\/","name":"MiuMjau","description":"Kraapimispuud kassidele","publisher":{"@id":"https:\/\/miumjau.ee\/#organization"},"potentialAction":[{"@type":"SearchAction","target":{"@type":"EntryPoint","urlTemplate":"https:\/\/miumjau.ee\/?s={search_term_string}"},"query-input":{"@type":"PropertyValueSpecification","valueRequired":true,"valueName":"search_term_string"}}],"inLanguage":"lv-LV"},{"@type":"Organization","@id":"https:\/\/miumjau.ee\/#organization","name":"MiuMjau O\u00dc","url":"https:\/\/miumjau.ee\/","logo":{"@type":"ImageObject","inLanguage":"lv-LV","@id":"https:\/\/miumjau.ee\/#\/schema\/logo\/image\/","url":"https:\/\/miumjau.ee\/wp-content\/uploads\/2022\/04\/MiuMjau-logo-kollane.png","contentUrl":"https:\/\/miumjau.ee\/wp-content\/uploads\/2022\/04\/MiuMjau-logo-kollane.png","width":219,"height":100,"caption":"MiuMjau O\u00dc"},"image":{"@id":"https:\/\/miumjau.ee\/#\/schema\/logo\/image\/"},"sameAs":["https:\/\/www.facebook.com\/miumjaupood\/"]}]}},"_links":{"self":[{"href":"https:\/\/miumjau.ee\/lv\/wp-json\/wp\/v2\/product\/51569","targetHints":{"allow":["GET"]}}],"collection":[{"href":"https:\/\/miumjau.ee\/lv\/wp-json\/wp\/v2\/product"}],"about":[{"href":"https:\/\/miumjau.ee\/lv\/wp-json\/wp\/v2\/types\/product"}],"wp:featuredmedia":[{"embeddable":true,"href":"https:\/\/miumjau.ee\/lv\/wp-json\/wp\/v2\/media\/51568"}],"wp:attachment":[{"href":"https:\/\/miumjau.ee\/lv\/wp-json\/wp\/v2\/media?parent=51569"}],"wp:term":[{"taxonomy":"product_brand","embeddable":true,"href":"https:\/\/miumjau.ee\/lv\/wp-json\/wp\/v2\/product_brand?post=51569"},{"taxonomy":"product_cat","embeddable":true,"href":"https:\/\/miumjau.ee\/lv\/wp-json\/wp\/v2\/product_cat?post=51569"},{"taxonomy":"product_tag","embeddable":true,"href":"https:\/\/miumjau.ee\/lv\/wp-json\/wp\/v2\/product_tag?post=51569"}],"curies":[{"name":"wp","href":"https:\/\/api.w.org\/{rel}","templated":true}]}}