{"id":51512,"date":"2025-05-20T17:09:27","date_gmt":"2025-05-20T14:09:27","guid":{"rendered":"https:\/\/miumjau.ee\/toode\/polaris-monoproteina-cukgalas-pate-6x400-g\/"},"modified":"2026-01-07T21:12:16","modified_gmt":"2026-01-07T19:12:16","slug":"polaris-monoproteina-cukgalas-pate-6x400-g","status":"publish","type":"product","link":"https:\/\/miumjau.ee\/lv\/produkts\/polaris-monoproteina-cukgalas-pate-6x400-g\/","title":{"rendered":"Polaris Monoprote\u012bna C\u016bkga\u013cas Pate 6&#215;400\u202fg"},"content":{"rendered":"","protected":false},"excerpt":{"rendered":"<p data-start=\"2836\" data-end=\"2963\">Pilnv\u0113rt\u012bga bar\u012bba su\u0146iem ar vienu dz\u012bvnieku prote\u012bna avotu \u2013 c\u016bkga\u013cu. Piem\u0113rots vis\u0101m \u0161\u0137irn\u0113m ar norm\u0101lu aktivit\u0101tes l\u012bmeni.<\/p>\n<ul data-start=\"2965\" data-end=\"3274\">\n<li data-start=\"2965\" data-end=\"3094\">\n<p data-start=\"2967\" data-end=\"3094\">98,7\u202f% c\u016bkga\u013cas un buljona \u2013 viens dz\u012bvnieku prote\u012bna avots \u2013 piem\u0113rots jut\u012bgai gremo\u0161anai, aler\u0123ij\u0101m un p\u0101rtikas nepanes\u012bbai<\/p>\n<\/li>\n<li data-start=\"3095\" data-end=\"3132\">\n<p data-start=\"3097\" data-end=\"3132\">Bez graudaugiem, sojas un glut\u0113na<\/p>\n<\/li>\n<li data-start=\"3133\" data-end=\"3175\">\n<p data-start=\"3135\" data-end=\"3175\">D3 vitam\u012bns stipriem kauliem un zobiem<\/p>\n<\/li>\n<li data-start=\"3176\" data-end=\"3221\">\n<p data-start=\"3178\" data-end=\"3221\">E vitam\u012bns pareizai im\u016bnsist\u0113mas darb\u012bbai<\/p>\n<\/li>\n<li data-start=\"3222\" data-end=\"3274\">\n<p data-start=\"3224\" data-end=\"3274\">Lins\u0113klu e\u013c\u013ca un cinks vesel\u012bgai \u0101dai un ka\u017eokam<\/p>\n<\/li>\n<\/ul>\n<p data-start=\"3276\" data-end=\"3387\"><strong data-start=\"3276\" data-end=\"3288\">Sast\u0101vs:<\/strong> C\u016bkga\u013ca 70\u202f%, c\u016bkga\u013cas buljons 28,7\u202f%, miner\u0101lvielas 0,7\u202f%, celuloze 0,5\u202f%, lins\u0113klu e\u013c\u013ca 0,1\u202f%.<\/p>\n<p data-start=\"3389\" data-end=\"3494\"><strong data-start=\"3389\" data-end=\"3414\">Anal\u012btiskais sast\u0101vs:<\/strong> Mitrums 78,0\u202f%, olbaltumvielas 10,5\u202f%, tauki 7\u202f%, pelni 2,5\u202f%, \u0161\u0137iedra 0,5\u202f%.<\/p>\n<p data-start=\"3496\" data-end=\"3706\"><strong data-start=\"3496\" data-end=\"3523\">Bar\u012bbas piedevas uz kg:<\/strong> D3 vitam\u012bns 140\u202fSV, E vitam\u012bns 30\u202fmg, Cinks (cinka sulf\u0101ts monohidr\u0101ts) 20\u202fmg, Var\u0161 (vara sulf\u0101ts pentahidr\u0101ts) 2,3\u202fmg, Mang\u0101ns (mang\u0101na oks\u012bds) 2\u202fmg, Jods (kalcija jod\u0101ts) 0,5\u202fmg.<\/p>\n<p data-start=\"3708\" data-end=\"3893\"><strong data-start=\"3708\" data-end=\"3733\">Baro\u0161anas nor\u0101d\u012bjumi:<\/strong> Ieteicam\u0101s devas uz pakas. Individu\u0101l\u0101s vajadz\u012bbas atkar\u012bgas no su\u0146a vecuma, fizisk\u0101s kond\u012bcijas un aktivit\u0101tes. Vienm\u0113r nodro\u0161iniet piek\u013cuvi svaigam \u016bdenim.<\/p>\n<p data-start=\"3895\" data-end=\"3984\">Pasniedz istabas temperat\u016br\u0101. Atv\u0113rtu uzglab\u0101t ledusskap\u012b ne ilg\u0101k k\u0101 4 dienas (+4\u202f\u00b0C).<\/p>\n<p data-start=\"3986\" data-end=\"4042\">Der\u012bguma termi\u0146\u0161 un partijas numurs: skat\u012bt iepakojum\u0101<\/p>\n<p data-start=\"4044\" data-end=\"4094\">Ra\u017eot\u0101js: Partner in Pet Food. Ra\u017eots N\u012bderland\u0113<\/p>\n","protected":false},"featured_media":51397,"template":"","meta":[],"product_brand":[],"product_cat":[577],"product_tag":[],"class_list":{"0":"post-51512","1":"product","2":"type-product","3":"status-publish","4":"has-post-thumbnail","6":"product_cat-mitra-bariba-suniem","8":"first","9":"instock","10":"taxable","11":"shipping-taxable","12":"purchasable","13":"product-type-simple"},"yoast_head":"<!-- This site is optimized with the Yoast SEO plugin v27.2 - https:\/\/yoast.com\/product\/yoast-seo-wordpress\/ -->\n<title>Polaris Monoprote\u012bna C\u016bkga\u013cas Pate 6x400\u202fg - MiuMjau<\/title>\n<meta name=\"robots\" content=\"index, follow, max-snippet:-1, max-image-preview:large, max-video-preview:-1\" \/>\n<link rel=\"canonical\" href=\"https:\/\/miumjau.ee\/lv\/produkts\/polaris-monoproteina-cukgalas-pate-6x400-g\/\" \/>\n<meta property=\"og:locale\" content=\"lv_LV\" \/>\n<meta property=\"og:type\" content=\"article\" \/>\n<meta property=\"og:title\" content=\"Polaris Monoprote\u012bna C\u016bkga\u013cas Pate 6x400\u202fg - MiuMjau\" \/>\n<meta property=\"og:description\" content=\"Pilnv\u0113rt\u012bga bar\u012bba su\u0146iem ar vienu dz\u012bvnieku prote\u012bna avotu \u2013 c\u016bkga\u013cu. Piem\u0113rots vis\u0101m \u0161\u0137irn\u0113m ar norm\u0101lu aktivit\u0101tes l\u012bmeni.     98,7\u202f% c\u016bkga\u013cas un buljona \u2013 viens dz\u012bvnieku prote\u012bna avots \u2013 piem\u0113rots jut\u012bgai gremo\u0161anai, aler\u0123ij\u0101m un p\u0101rtikas nepanes\u012bbai    Bez graudaugiem, sojas un glut\u0113na    D3 vitam\u012bns stipriem kauliem un zobiem    E vitam\u012bns pareizai im\u016bnsist\u0113mas darb\u012bbai    Lins\u0113klu e\u013c\u013ca un cinks vesel\u012bgai \u0101dai un ka\u017eokam   Sast\u0101vs: C\u016bkga\u013ca 70\u202f%, c\u016bkga\u013cas buljons 28,7\u202f%, miner\u0101lvielas 0,7\u202f%, celuloze 0,5\u202f%, lins\u0113klu e\u013c\u013ca 0,1\u202f%. Anal\u012btiskais sast\u0101vs: Mitrums 78,0\u202f%, olbaltumvielas 10,5\u202f%, tauki 7\u202f%, pelni 2,5\u202f%, \u0161\u0137iedra 0,5\u202f%. Bar\u012bbas piedevas uz kg: D3 vitam\u012bns 140\u202fSV, E vitam\u012bns 30\u202fmg, Cinks (cinka sulf\u0101ts monohidr\u0101ts) 20\u202fmg, Var\u0161 (vara sulf\u0101ts pentahidr\u0101ts) 2,3\u202fmg, Mang\u0101ns (mang\u0101na oks\u012bds) 2\u202fmg, Jods (kalcija jod\u0101ts) 0,5\u202fmg. Baro\u0161anas nor\u0101d\u012bjumi: Ieteicam\u0101s devas uz pakas. Individu\u0101l\u0101s vajadz\u012bbas atkar\u012bgas no su\u0146a vecuma, fizisk\u0101s kond\u012bcijas un aktivit\u0101tes. Vienm\u0113r nodro\u0161iniet piek\u013cuvi svaigam \u016bdenim. Pasniedz istabas temperat\u016br\u0101. Atv\u0113rtu uzglab\u0101t ledusskap\u012b ne ilg\u0101k k\u0101 4 dienas (+4\u202f\u00b0C). Der\u012bguma termi\u0146\u0161 un partijas numurs: skat\u012bt iepakojum\u0101 Ra\u017eot\u0101js: Partner in Pet Food. Ra\u017eots N\u012bderland\u0113\" \/>\n<meta property=\"og:url\" content=\"https:\/\/miumjau.ee\/lv\/produkts\/polaris-monoproteina-cukgalas-pate-6x400-g\/\" \/>\n<meta property=\"og:site_name\" content=\"MiuMjau\" \/>\n<meta property=\"article:publisher\" content=\"https:\/\/www.facebook.com\/miumjaupood\/\" \/>\n<meta property=\"article:modified_time\" content=\"2026-01-07T19:12:16+00:00\" \/>\n<meta property=\"og:image\" content=\"https:\/\/miumjau.ee\/wp-content\/uploads\/2025\/05\/polaris-koer-konserv-monoproteiin3.webp\" \/>\n\t<meta property=\"og:image:width\" content=\"600\" \/>\n\t<meta property=\"og:image:height\" content=\"800\" \/>\n\t<meta property=\"og:image:type\" content=\"image\/webp\" \/>\n<meta name=\"twitter:card\" content=\"summary_large_image\" \/>\n<script type=\"application\/ld+json\" class=\"yoast-schema-graph\">{\"@context\":\"https:\/\/schema.org\",\"@graph\":[{\"@type\":\"WebPage\",\"@id\":\"https:\/\/miumjau.ee\/lv\/produkts\/polaris-monoproteina-cukgalas-pate-6x400-g\/\",\"url\":\"https:\/\/miumjau.ee\/lv\/produkts\/polaris-monoproteina-cukgalas-pate-6x400-g\/\",\"name\":\"Polaris Monoprote\u012bna C\u016bkga\u013cas Pate 6x400\u202fg - MiuMjau\",\"isPartOf\":{\"@id\":\"https:\/\/miumjau.ee\/#website\"},\"primaryImageOfPage\":{\"@id\":\"https:\/\/miumjau.ee\/lv\/produkts\/polaris-monoproteina-cukgalas-pate-6x400-g\/#primaryimage\"},\"image\":{\"@id\":\"https:\/\/miumjau.ee\/lv\/produkts\/polaris-monoproteina-cukgalas-pate-6x400-g\/#primaryimage\"},\"thumbnailUrl\":\"https:\/\/miumjau.ee\/wp-content\/uploads\/2025\/05\/polaris-koer-konserv-monoproteiin3.webp\",\"datePublished\":\"2025-05-20T14:09:27+00:00\",\"dateModified\":\"2026-01-07T19:12:16+00:00\",\"breadcrumb\":{\"@id\":\"https:\/\/miumjau.ee\/lv\/produkts\/polaris-monoproteina-cukgalas-pate-6x400-g\/#breadcrumb\"},\"inLanguage\":\"lv-LV\",\"potentialAction\":[{\"@type\":\"ReadAction\",\"target\":[\"https:\/\/miumjau.ee\/lv\/produkts\/polaris-monoproteina-cukgalas-pate-6x400-g\/\"]}]},{\"@type\":\"ImageObject\",\"inLanguage\":\"lv-LV\",\"@id\":\"https:\/\/miumjau.ee\/lv\/produkts\/polaris-monoproteina-cukgalas-pate-6x400-g\/#primaryimage\",\"url\":\"https:\/\/miumjau.ee\/wp-content\/uploads\/2025\/05\/polaris-koer-konserv-monoproteiin3.webp\",\"contentUrl\":\"https:\/\/miumjau.ee\/wp-content\/uploads\/2025\/05\/polaris-koer-konserv-monoproteiin3.webp\",\"width\":600,\"height\":800,\"caption\":\"Polaris seaga monoproteiin koerakonserv 6x400g\"},{\"@type\":\"BreadcrumbList\",\"@id\":\"https:\/\/miumjau.ee\/lv\/produkts\/polaris-monoproteina-cukgalas-pate-6x400-g\/#breadcrumb\",\"itemListElement\":[{\"@type\":\"ListItem\",\"position\":1,\"name\":\"Home\",\"item\":\"https:\/\/miumjau.ee\/lv\/\"},{\"@type\":\"ListItem\",\"position\":2,\"name\":\"Veikals\",\"item\":\"https:\/\/miumjau.ee\/lv\/veikals\/\"},{\"@type\":\"ListItem\",\"position\":3,\"name\":\"Polaris Monoprote\u012bna C\u016bkga\u013cas Pate 6&#215;400\u202fg\"}]},{\"@type\":\"WebSite\",\"@id\":\"https:\/\/miumjau.ee\/#website\",\"url\":\"https:\/\/miumjau.ee\/\",\"name\":\"MiuMjau\",\"description\":\"Kraapimispuud kassidele\",\"publisher\":{\"@id\":\"https:\/\/miumjau.ee\/#organization\"},\"potentialAction\":[{\"@type\":\"SearchAction\",\"target\":{\"@type\":\"EntryPoint\",\"urlTemplate\":\"https:\/\/miumjau.ee\/?s={search_term_string}\"},\"query-input\":{\"@type\":\"PropertyValueSpecification\",\"valueRequired\":true,\"valueName\":\"search_term_string\"}}],\"inLanguage\":\"lv-LV\"},{\"@type\":\"Organization\",\"@id\":\"https:\/\/miumjau.ee\/#organization\",\"name\":\"MiuMjau O\u00dc\",\"url\":\"https:\/\/miumjau.ee\/\",\"logo\":{\"@type\":\"ImageObject\",\"inLanguage\":\"lv-LV\",\"@id\":\"https:\/\/miumjau.ee\/#\/schema\/logo\/image\/\",\"url\":\"https:\/\/miumjau.ee\/wp-content\/uploads\/2022\/04\/MiuMjau-logo-kollane.png\",\"contentUrl\":\"https:\/\/miumjau.ee\/wp-content\/uploads\/2022\/04\/MiuMjau-logo-kollane.png\",\"width\":219,\"height\":100,\"caption\":\"MiuMjau O\u00dc\"},\"image\":{\"@id\":\"https:\/\/miumjau.ee\/#\/schema\/logo\/image\/\"},\"sameAs\":[\"https:\/\/www.facebook.com\/miumjaupood\/\"]}]}<\/script>\n<!-- \/ Yoast SEO plugin. -->","yoast_head_json":{"title":"Polaris Monoprote\u012bna C\u016bkga\u013cas Pate 6x400\u202fg - MiuMjau","robots":{"index":"index","follow":"follow","max-snippet":"max-snippet:-1","max-image-preview":"max-image-preview:large","max-video-preview":"max-video-preview:-1"},"canonical":"https:\/\/miumjau.ee\/lv\/produkts\/polaris-monoproteina-cukgalas-pate-6x400-g\/","og_locale":"lv_LV","og_type":"article","og_title":"Polaris Monoprote\u012bna C\u016bkga\u013cas Pate 6x400\u202fg - MiuMjau","og_description":"Pilnv\u0113rt\u012bga bar\u012bba su\u0146iem ar vienu dz\u012bvnieku prote\u012bna avotu \u2013 c\u016bkga\u013cu. Piem\u0113rots vis\u0101m \u0161\u0137irn\u0113m ar norm\u0101lu aktivit\u0101tes l\u012bmeni.     98,7\u202f% c\u016bkga\u013cas un buljona \u2013 viens dz\u012bvnieku prote\u012bna avots \u2013 piem\u0113rots jut\u012bgai gremo\u0161anai, aler\u0123ij\u0101m un p\u0101rtikas nepanes\u012bbai    Bez graudaugiem, sojas un glut\u0113na    D3 vitam\u012bns stipriem kauliem un zobiem    E vitam\u012bns pareizai im\u016bnsist\u0113mas darb\u012bbai    Lins\u0113klu e\u013c\u013ca un cinks vesel\u012bgai \u0101dai un ka\u017eokam   Sast\u0101vs: C\u016bkga\u013ca 70\u202f%, c\u016bkga\u013cas buljons 28,7\u202f%, miner\u0101lvielas 0,7\u202f%, celuloze 0,5\u202f%, lins\u0113klu e\u013c\u013ca 0,1\u202f%. Anal\u012btiskais sast\u0101vs: Mitrums 78,0\u202f%, olbaltumvielas 10,5\u202f%, tauki 7\u202f%, pelni 2,5\u202f%, \u0161\u0137iedra 0,5\u202f%. Bar\u012bbas piedevas uz kg: D3 vitam\u012bns 140\u202fSV, E vitam\u012bns 30\u202fmg, Cinks (cinka sulf\u0101ts monohidr\u0101ts) 20\u202fmg, Var\u0161 (vara sulf\u0101ts pentahidr\u0101ts) 2,3\u202fmg, Mang\u0101ns (mang\u0101na oks\u012bds) 2\u202fmg, Jods (kalcija jod\u0101ts) 0,5\u202fmg. Baro\u0161anas nor\u0101d\u012bjumi: Ieteicam\u0101s devas uz pakas. Individu\u0101l\u0101s vajadz\u012bbas atkar\u012bgas no su\u0146a vecuma, fizisk\u0101s kond\u012bcijas un aktivit\u0101tes. Vienm\u0113r nodro\u0161iniet piek\u013cuvi svaigam \u016bdenim. Pasniedz istabas temperat\u016br\u0101. Atv\u0113rtu uzglab\u0101t ledusskap\u012b ne ilg\u0101k k\u0101 4 dienas (+4\u202f\u00b0C). Der\u012bguma termi\u0146\u0161 un partijas numurs: skat\u012bt iepakojum\u0101 Ra\u017eot\u0101js: Partner in Pet Food. Ra\u017eots N\u012bderland\u0113","og_url":"https:\/\/miumjau.ee\/lv\/produkts\/polaris-monoproteina-cukgalas-pate-6x400-g\/","og_site_name":"MiuMjau","article_publisher":"https:\/\/www.facebook.com\/miumjaupood\/","article_modified_time":"2026-01-07T19:12:16+00:00","og_image":[{"width":600,"height":800,"url":"https:\/\/miumjau.ee\/wp-content\/uploads\/2025\/05\/polaris-koer-konserv-monoproteiin3.webp","type":"image\/webp"}],"twitter_card":"summary_large_image","schema":{"@context":"https:\/\/schema.org","@graph":[{"@type":"WebPage","@id":"https:\/\/miumjau.ee\/lv\/produkts\/polaris-monoproteina-cukgalas-pate-6x400-g\/","url":"https:\/\/miumjau.ee\/lv\/produkts\/polaris-monoproteina-cukgalas-pate-6x400-g\/","name":"Polaris Monoprote\u012bna C\u016bkga\u013cas Pate 6x400\u202fg - MiuMjau","isPartOf":{"@id":"https:\/\/miumjau.ee\/#website"},"primaryImageOfPage":{"@id":"https:\/\/miumjau.ee\/lv\/produkts\/polaris-monoproteina-cukgalas-pate-6x400-g\/#primaryimage"},"image":{"@id":"https:\/\/miumjau.ee\/lv\/produkts\/polaris-monoproteina-cukgalas-pate-6x400-g\/#primaryimage"},"thumbnailUrl":"https:\/\/miumjau.ee\/wp-content\/uploads\/2025\/05\/polaris-koer-konserv-monoproteiin3.webp","datePublished":"2025-05-20T14:09:27+00:00","dateModified":"2026-01-07T19:12:16+00:00","breadcrumb":{"@id":"https:\/\/miumjau.ee\/lv\/produkts\/polaris-monoproteina-cukgalas-pate-6x400-g\/#breadcrumb"},"inLanguage":"lv-LV","potentialAction":[{"@type":"ReadAction","target":["https:\/\/miumjau.ee\/lv\/produkts\/polaris-monoproteina-cukgalas-pate-6x400-g\/"]}]},{"@type":"ImageObject","inLanguage":"lv-LV","@id":"https:\/\/miumjau.ee\/lv\/produkts\/polaris-monoproteina-cukgalas-pate-6x400-g\/#primaryimage","url":"https:\/\/miumjau.ee\/wp-content\/uploads\/2025\/05\/polaris-koer-konserv-monoproteiin3.webp","contentUrl":"https:\/\/miumjau.ee\/wp-content\/uploads\/2025\/05\/polaris-koer-konserv-monoproteiin3.webp","width":600,"height":800,"caption":"Polaris seaga monoproteiin koerakonserv 6x400g"},{"@type":"BreadcrumbList","@id":"https:\/\/miumjau.ee\/lv\/produkts\/polaris-monoproteina-cukgalas-pate-6x400-g\/#breadcrumb","itemListElement":[{"@type":"ListItem","position":1,"name":"Home","item":"https:\/\/miumjau.ee\/lv\/"},{"@type":"ListItem","position":2,"name":"Veikals","item":"https:\/\/miumjau.ee\/lv\/veikals\/"},{"@type":"ListItem","position":3,"name":"Polaris Monoprote\u012bna C\u016bkga\u013cas Pate 6&#215;400\u202fg"}]},{"@type":"WebSite","@id":"https:\/\/miumjau.ee\/#website","url":"https:\/\/miumjau.ee\/","name":"MiuMjau","description":"Kraapimispuud kassidele","publisher":{"@id":"https:\/\/miumjau.ee\/#organization"},"potentialAction":[{"@type":"SearchAction","target":{"@type":"EntryPoint","urlTemplate":"https:\/\/miumjau.ee\/?s={search_term_string}"},"query-input":{"@type":"PropertyValueSpecification","valueRequired":true,"valueName":"search_term_string"}}],"inLanguage":"lv-LV"},{"@type":"Organization","@id":"https:\/\/miumjau.ee\/#organization","name":"MiuMjau O\u00dc","url":"https:\/\/miumjau.ee\/","logo":{"@type":"ImageObject","inLanguage":"lv-LV","@id":"https:\/\/miumjau.ee\/#\/schema\/logo\/image\/","url":"https:\/\/miumjau.ee\/wp-content\/uploads\/2022\/04\/MiuMjau-logo-kollane.png","contentUrl":"https:\/\/miumjau.ee\/wp-content\/uploads\/2022\/04\/MiuMjau-logo-kollane.png","width":219,"height":100,"caption":"MiuMjau O\u00dc"},"image":{"@id":"https:\/\/miumjau.ee\/#\/schema\/logo\/image\/"},"sameAs":["https:\/\/www.facebook.com\/miumjaupood\/"]}]}},"_links":{"self":[{"href":"https:\/\/miumjau.ee\/lv\/wp-json\/wp\/v2\/product\/51512","targetHints":{"allow":["GET"]}}],"collection":[{"href":"https:\/\/miumjau.ee\/lv\/wp-json\/wp\/v2\/product"}],"about":[{"href":"https:\/\/miumjau.ee\/lv\/wp-json\/wp\/v2\/types\/product"}],"wp:featuredmedia":[{"embeddable":true,"href":"https:\/\/miumjau.ee\/lv\/wp-json\/wp\/v2\/media\/51397"}],"wp:attachment":[{"href":"https:\/\/miumjau.ee\/lv\/wp-json\/wp\/v2\/media?parent=51512"}],"wp:term":[{"taxonomy":"product_brand","embeddable":true,"href":"https:\/\/miumjau.ee\/lv\/wp-json\/wp\/v2\/product_brand?post=51512"},{"taxonomy":"product_cat","embeddable":true,"href":"https:\/\/miumjau.ee\/lv\/wp-json\/wp\/v2\/product_cat?post=51512"},{"taxonomy":"product_tag","embeddable":true,"href":"https:\/\/miumjau.ee\/lv\/wp-json\/wp\/v2\/product_tag?post=51512"}],"curies":[{"name":"wp","href":"https:\/\/api.w.org\/{rel}","templated":true}]}}