{"id":51505,"date":"2025-12-23T20:32:15","date_gmt":"2025-12-23T18:32:15","guid":{"rendered":"https:\/\/miumjau.ee\/toode\/pharmasentials-pusmitrieki-multivitaminu-skanesti-125-g\/"},"modified":"2026-02-12T14:24:30","modified_gmt":"2026-02-12T12:24:30","slug":"pharmasentials-pusmitrieki-multivitaminu-skanesti-125-g","status":"publish","type":"product","link":"https:\/\/miumjau.ee\/lv\/produkts\/pharmasentials-pusmitrieki-multivitaminu-skanesti-125-g\/","title":{"rendered":"Pharmasentials Pusmitrieki Multivitam\u012bnu Skan\u0117sti 125\u202fg"},"content":{"rendered":"","protected":false},"excerpt":{"rendered":"<p data-start=\"2694\" data-end=\"3167\">Pharmasentials funkcion\u0101lie na\u0161\u0137i ir ide\u0101la balva j\u016bsu m\u012b\u013cajam spalvainajam draugam, kuram nepiecie\u0161ama nedaudz vair\u0101k r\u016bpes. M\u016bsu kvalitat\u012bv\u0101s receptes ir \u012bpa\u0161i izstr\u0101d\u0101tas, lai atbalst\u012btu su\u0146a vesel\u012bbu un dz\u012bvotsp\u0113ju. Sortiment\u0101 ietilpst gan loc\u012btavu atbalsts, gan ka\u017eoka kop\u0161ana, t\u0101d\u0113\u013c j\u016bs atrad\u012bsiet piem\u0113rotu na\u0161\u0137i j\u016bsu su\u0146a vajadz\u012bb\u0101m. Lieliski piem\u0113rots k\u0101 papildin\u0101jums \u0101rstnieciskai di\u0113tai vai vienk\u0101r\u0161i k\u0101 gardums visp\u0101r\u0113jai labsaj\u016btai. <strong data-start=\"3141\" data-end=\"3165\">Papildbar\u012bba su\u0146iem.<\/strong><\/p>\n<p data-start=\"3169\" data-end=\"3372\"><strong data-start=\"3169\" data-end=\"3181\">Sast\u0101vs:<\/strong> Graudaugi un augu izcelsmes produkti, e\u013c\u013cas un tauki, ga\u013ca un dz\u012bvnieku izcelsmes produkti, propil\u0113nglikols, miner\u0101lvielas, vitam\u012bni A, B1, B2, B4, B5, B6, B7, B9, B12, C, D3, E, K3 un PP.<\/p>\n<p data-start=\"3374\" data-end=\"3477\"><strong data-start=\"3374\" data-end=\"3399\">Anal\u012btiskais sast\u0101vs:<\/strong> Olbaltumvielas 11\u202f%, Tauki 5,6\u202f%, Pelni 3,3\u202f%, \u0160\u0137iedra 1,1\u202f%, Mitrums 24\u202f%.<\/p>\n<p data-start=\"3479\" data-end=\"3499\"><strong data-start=\"3479\" data-end=\"3497\">Priek\u0161roc\u012bbas:<\/strong><\/p>\n<ul data-start=\"3500\" data-end=\"3860\">\n<li data-start=\"3500\" data-end=\"3547\">\n<p data-start=\"3502\" data-end=\"3547\">Atbalsta im\u016bnsist\u0113mu (vitam\u012bni A, C, D3, E)<\/p>\n<\/li>\n<li data-start=\"3548\" data-end=\"3618\">\n<p data-start=\"3550\" data-end=\"3618\">Veicina ener\u0123ijas vielmai\u0146u un nervu sist\u0113mas darb\u012bbu (B vitam\u012bni)<\/p>\n<\/li>\n<li data-start=\"3619\" data-end=\"3675\">\n<p data-start=\"3621\" data-end=\"3675\">Atbalsta \u0101das, ka\u017eoka un g\u013cot\u0101du vesel\u012bbu (A, B7, E)<\/p>\n<\/li>\n<li data-start=\"3676\" data-end=\"3723\">\n<p data-start=\"3678\" data-end=\"3723\">Pal\u012bdz uztur\u0113t stipras kaulus un zobus (D3)<\/p>\n<\/li>\n<li data-start=\"3724\" data-end=\"3860\">\n<p data-start=\"3726\" data-end=\"3860\">Piem\u0113rots augo\u0161iem un akt\u012bviem su\u0146iem, vec\u0101kiem su\u0146iem dz\u012bvotsp\u0113jas atbalstam un su\u0146iem, kam nepiecie\u0161ams papildu vitam\u012bnu atbalsts.<\/p>\n<\/li>\n<\/ul>\n","protected":false},"featured_media":49819,"template":"","meta":[],"product_brand":[],"product_cat":[870],"product_tag":[],"class_list":{"0":"post-51505","1":"product","2":"type-product","3":"status-publish","4":"has-post-thumbnail","6":"product_cat-uztura-bagatinataji-suniem","8":"first","9":"instock","10":"sale","11":"taxable","12":"shipping-taxable","13":"purchasable","14":"product-type-simple"},"yoast_head":"<!-- This site is optimized with the Yoast SEO plugin v27.4 - https:\/\/yoast.com\/product\/yoast-seo-wordpress\/ -->\n<title>Pharmasentials Pusmitrieki Multivitam\u012bnu Skan\u0117sti 125\u202fg - MiuMjau<\/title>\n<meta name=\"robots\" content=\"index, follow, max-snippet:-1, max-image-preview:large, max-video-preview:-1\" \/>\n<link rel=\"canonical\" href=\"https:\/\/miumjau.ee\/lv\/produkts\/pharmasentials-pusmitrieki-multivitaminu-skanesti-125-g\/\" \/>\n<meta property=\"og:locale\" content=\"lv_LV\" \/>\n<meta property=\"og:type\" content=\"article\" \/>\n<meta property=\"og:title\" content=\"Pharmasentials Pusmitrieki Multivitam\u012bnu Skan\u0117sti 125\u202fg - MiuMjau\" \/>\n<meta property=\"og:description\" content=\"Pharmasentials funkcion\u0101lie na\u0161\u0137i ir ide\u0101la balva j\u016bsu m\u012b\u013cajam spalvainajam draugam, kuram nepiecie\u0161ama nedaudz vair\u0101k r\u016bpes. M\u016bsu kvalitat\u012bv\u0101s receptes ir \u012bpa\u0161i izstr\u0101d\u0101tas, lai atbalst\u012btu su\u0146a vesel\u012bbu un dz\u012bvotsp\u0113ju. Sortiment\u0101 ietilpst gan loc\u012btavu atbalsts, gan ka\u017eoka kop\u0161ana, t\u0101d\u0113\u013c j\u016bs atrad\u012bsiet piem\u0113rotu na\u0161\u0137i j\u016bsu su\u0146a vajadz\u012bb\u0101m. Lieliski piem\u0113rots k\u0101 papildin\u0101jums \u0101rstnieciskai di\u0113tai vai vienk\u0101r\u0161i k\u0101 gardums visp\u0101r\u0113jai labsaj\u016btai. Papildbar\u012bba su\u0146iem. Sast\u0101vs: Graudaugi un augu izcelsmes produkti, e\u013c\u013cas un tauki, ga\u013ca un dz\u012bvnieku izcelsmes produkti, propil\u0113nglikols, miner\u0101lvielas, vitam\u012bni A, B1, B2, B4, B5, B6, B7, B9, B12, C, D3, E, K3 un PP. Anal\u012btiskais sast\u0101vs: Olbaltumvielas 11\u202f%, Tauki 5,6\u202f%, Pelni 3,3\u202f%, \u0160\u0137iedra 1,1\u202f%, Mitrums 24\u202f%. Priek\u0161roc\u012bbas:     Atbalsta im\u016bnsist\u0113mu (vitam\u012bni A, C, D3, E)    Veicina ener\u0123ijas vielmai\u0146u un nervu sist\u0113mas darb\u012bbu (B vitam\u012bni)    Atbalsta \u0101das, ka\u017eoka un g\u013cot\u0101du vesel\u012bbu (A, B7, E)    Pal\u012bdz uztur\u0113t stipras kaulus un zobus (D3)    Piem\u0113rots augo\u0161iem un akt\u012bviem su\u0146iem, vec\u0101kiem su\u0146iem dz\u012bvotsp\u0113jas atbalstam un su\u0146iem, kam nepiecie\u0161ams papildu vitam\u012bnu atbalsts.\" \/>\n<meta property=\"og:url\" content=\"https:\/\/miumjau.ee\/lv\/produkts\/pharmasentials-pusmitrieki-multivitaminu-skanesti-125-g\/\" \/>\n<meta property=\"og:site_name\" content=\"MiuMjau\" \/>\n<meta property=\"article:publisher\" content=\"https:\/\/www.facebook.com\/miumjaupood\/\" \/>\n<meta property=\"article:modified_time\" content=\"2026-02-12T12:24:30+00:00\" \/>\n<meta property=\"og:image\" content=\"https:\/\/miumjau.ee\/wp-content\/uploads\/2025\/12\/pharmasentials-maiused-koertele1.png\" \/>\n\t<meta property=\"og:image:width\" content=\"600\" \/>\n\t<meta property=\"og:image:height\" content=\"800\" \/>\n\t<meta property=\"og:image:type\" content=\"image\/png\" \/>\n<meta name=\"twitter:card\" content=\"summary_large_image\" \/>\n<script type=\"application\/ld+json\" class=\"yoast-schema-graph\">{\"@context\":\"https:\\\/\\\/schema.org\",\"@graph\":[{\"@type\":\"WebPage\",\"@id\":\"https:\\\/\\\/miumjau.ee\\\/lv\\\/produkts\\\/pharmasentials-pusmitrieki-multivitaminu-skanesti-125-g\\\/\",\"url\":\"https:\\\/\\\/miumjau.ee\\\/lv\\\/produkts\\\/pharmasentials-pusmitrieki-multivitaminu-skanesti-125-g\\\/\",\"name\":\"Pharmasentials Pusmitrieki Multivitam\u012bnu Skan\u0117sti 125\u202fg - MiuMjau\",\"isPartOf\":{\"@id\":\"https:\\\/\\\/miumjau.ee\\\/#website\"},\"primaryImageOfPage\":{\"@id\":\"https:\\\/\\\/miumjau.ee\\\/lv\\\/produkts\\\/pharmasentials-pusmitrieki-multivitaminu-skanesti-125-g\\\/#primaryimage\"},\"image\":{\"@id\":\"https:\\\/\\\/miumjau.ee\\\/lv\\\/produkts\\\/pharmasentials-pusmitrieki-multivitaminu-skanesti-125-g\\\/#primaryimage\"},\"thumbnailUrl\":\"https:\\\/\\\/miumjau.ee\\\/wp-content\\\/uploads\\\/2025\\\/12\\\/pharmasentials-maiused-koertele1.png\",\"datePublished\":\"2025-12-23T18:32:15+00:00\",\"dateModified\":\"2026-02-12T12:24:30+00:00\",\"breadcrumb\":{\"@id\":\"https:\\\/\\\/miumjau.ee\\\/lv\\\/produkts\\\/pharmasentials-pusmitrieki-multivitaminu-skanesti-125-g\\\/#breadcrumb\"},\"inLanguage\":\"lv-LV\",\"potentialAction\":[{\"@type\":\"ReadAction\",\"target\":[\"https:\\\/\\\/miumjau.ee\\\/lv\\\/produkts\\\/pharmasentials-pusmitrieki-multivitaminu-skanesti-125-g\\\/\"]}]},{\"@type\":\"ImageObject\",\"inLanguage\":\"lv-LV\",\"@id\":\"https:\\\/\\\/miumjau.ee\\\/lv\\\/produkts\\\/pharmasentials-pusmitrieki-multivitaminu-skanesti-125-g\\\/#primaryimage\",\"url\":\"https:\\\/\\\/miumjau.ee\\\/wp-content\\\/uploads\\\/2025\\\/12\\\/pharmasentials-maiused-koertele1.png\",\"contentUrl\":\"https:\\\/\\\/miumjau.ee\\\/wp-content\\\/uploads\\\/2025\\\/12\\\/pharmasentials-maiused-koertele1.png\",\"width\":600,\"height\":800,\"caption\":\"Pharmasentials poolniisked multivitamiini maiused 125g\"},{\"@type\":\"BreadcrumbList\",\"@id\":\"https:\\\/\\\/miumjau.ee\\\/lv\\\/produkts\\\/pharmasentials-pusmitrieki-multivitaminu-skanesti-125-g\\\/#breadcrumb\",\"itemListElement\":[{\"@type\":\"ListItem\",\"position\":1,\"name\":\"Home\",\"item\":\"https:\\\/\\\/miumjau.ee\\\/lv\\\/\"},{\"@type\":\"ListItem\",\"position\":2,\"name\":\"Veikals\",\"item\":\"https:\\\/\\\/miumjau.ee\\\/lv\\\/veikals\\\/\"},{\"@type\":\"ListItem\",\"position\":3,\"name\":\"Pharmasentials Pusmitrieki Multivitam\u012bnu Skan\u0117sti 125\u202fg\"}]},{\"@type\":\"WebSite\",\"@id\":\"https:\\\/\\\/miumjau.ee\\\/#website\",\"url\":\"https:\\\/\\\/miumjau.ee\\\/\",\"name\":\"MiuMjau\",\"description\":\"Kraapimispuud kassidele\",\"publisher\":{\"@id\":\"https:\\\/\\\/miumjau.ee\\\/#organization\"},\"potentialAction\":[{\"@type\":\"SearchAction\",\"target\":{\"@type\":\"EntryPoint\",\"urlTemplate\":\"https:\\\/\\\/miumjau.ee\\\/?s={search_term_string}\"},\"query-input\":{\"@type\":\"PropertyValueSpecification\",\"valueRequired\":true,\"valueName\":\"search_term_string\"}}],\"inLanguage\":\"lv-LV\"},{\"@type\":\"Organization\",\"@id\":\"https:\\\/\\\/miumjau.ee\\\/#organization\",\"name\":\"MiuMjau O\u00dc\",\"url\":\"https:\\\/\\\/miumjau.ee\\\/\",\"logo\":{\"@type\":\"ImageObject\",\"inLanguage\":\"lv-LV\",\"@id\":\"https:\\\/\\\/miumjau.ee\\\/#\\\/schema\\\/logo\\\/image\\\/\",\"url\":\"https:\\\/\\\/miumjau.ee\\\/wp-content\\\/uploads\\\/2022\\\/04\\\/MiuMjau-logo-kollane.png\",\"contentUrl\":\"https:\\\/\\\/miumjau.ee\\\/wp-content\\\/uploads\\\/2022\\\/04\\\/MiuMjau-logo-kollane.png\",\"width\":219,\"height\":100,\"caption\":\"MiuMjau O\u00dc\"},\"image\":{\"@id\":\"https:\\\/\\\/miumjau.ee\\\/#\\\/schema\\\/logo\\\/image\\\/\"},\"sameAs\":[\"https:\\\/\\\/www.facebook.com\\\/miumjaupood\\\/\"]}]}<\/script>\n<!-- \/ Yoast SEO plugin. -->","yoast_head_json":{"title":"Pharmasentials Pusmitrieki Multivitam\u012bnu Skan\u0117sti 125\u202fg - MiuMjau","robots":{"index":"index","follow":"follow","max-snippet":"max-snippet:-1","max-image-preview":"max-image-preview:large","max-video-preview":"max-video-preview:-1"},"canonical":"https:\/\/miumjau.ee\/lv\/produkts\/pharmasentials-pusmitrieki-multivitaminu-skanesti-125-g\/","og_locale":"lv_LV","og_type":"article","og_title":"Pharmasentials Pusmitrieki Multivitam\u012bnu Skan\u0117sti 125\u202fg - MiuMjau","og_description":"Pharmasentials funkcion\u0101lie na\u0161\u0137i ir ide\u0101la balva j\u016bsu m\u012b\u013cajam spalvainajam draugam, kuram nepiecie\u0161ama nedaudz vair\u0101k r\u016bpes. M\u016bsu kvalitat\u012bv\u0101s receptes ir \u012bpa\u0161i izstr\u0101d\u0101tas, lai atbalst\u012btu su\u0146a vesel\u012bbu un dz\u012bvotsp\u0113ju. Sortiment\u0101 ietilpst gan loc\u012btavu atbalsts, gan ka\u017eoka kop\u0161ana, t\u0101d\u0113\u013c j\u016bs atrad\u012bsiet piem\u0113rotu na\u0161\u0137i j\u016bsu su\u0146a vajadz\u012bb\u0101m. Lieliski piem\u0113rots k\u0101 papildin\u0101jums \u0101rstnieciskai di\u0113tai vai vienk\u0101r\u0161i k\u0101 gardums visp\u0101r\u0113jai labsaj\u016btai. Papildbar\u012bba su\u0146iem. Sast\u0101vs: Graudaugi un augu izcelsmes produkti, e\u013c\u013cas un tauki, ga\u013ca un dz\u012bvnieku izcelsmes produkti, propil\u0113nglikols, miner\u0101lvielas, vitam\u012bni A, B1, B2, B4, B5, B6, B7, B9, B12, C, D3, E, K3 un PP. Anal\u012btiskais sast\u0101vs: Olbaltumvielas 11\u202f%, Tauki 5,6\u202f%, Pelni 3,3\u202f%, \u0160\u0137iedra 1,1\u202f%, Mitrums 24\u202f%. Priek\u0161roc\u012bbas:     Atbalsta im\u016bnsist\u0113mu (vitam\u012bni A, C, D3, E)    Veicina ener\u0123ijas vielmai\u0146u un nervu sist\u0113mas darb\u012bbu (B vitam\u012bni)    Atbalsta \u0101das, ka\u017eoka un g\u013cot\u0101du vesel\u012bbu (A, B7, E)    Pal\u012bdz uztur\u0113t stipras kaulus un zobus (D3)    Piem\u0113rots augo\u0161iem un akt\u012bviem su\u0146iem, vec\u0101kiem su\u0146iem dz\u012bvotsp\u0113jas atbalstam un su\u0146iem, kam nepiecie\u0161ams papildu vitam\u012bnu atbalsts.","og_url":"https:\/\/miumjau.ee\/lv\/produkts\/pharmasentials-pusmitrieki-multivitaminu-skanesti-125-g\/","og_site_name":"MiuMjau","article_publisher":"https:\/\/www.facebook.com\/miumjaupood\/","article_modified_time":"2026-02-12T12:24:30+00:00","og_image":[{"width":600,"height":800,"url":"https:\/\/miumjau.ee\/wp-content\/uploads\/2025\/12\/pharmasentials-maiused-koertele1.png","type":"image\/png"}],"twitter_card":"summary_large_image","schema":{"@context":"https:\/\/schema.org","@graph":[{"@type":"WebPage","@id":"https:\/\/miumjau.ee\/lv\/produkts\/pharmasentials-pusmitrieki-multivitaminu-skanesti-125-g\/","url":"https:\/\/miumjau.ee\/lv\/produkts\/pharmasentials-pusmitrieki-multivitaminu-skanesti-125-g\/","name":"Pharmasentials Pusmitrieki Multivitam\u012bnu Skan\u0117sti 125\u202fg - MiuMjau","isPartOf":{"@id":"https:\/\/miumjau.ee\/#website"},"primaryImageOfPage":{"@id":"https:\/\/miumjau.ee\/lv\/produkts\/pharmasentials-pusmitrieki-multivitaminu-skanesti-125-g\/#primaryimage"},"image":{"@id":"https:\/\/miumjau.ee\/lv\/produkts\/pharmasentials-pusmitrieki-multivitaminu-skanesti-125-g\/#primaryimage"},"thumbnailUrl":"https:\/\/miumjau.ee\/wp-content\/uploads\/2025\/12\/pharmasentials-maiused-koertele1.png","datePublished":"2025-12-23T18:32:15+00:00","dateModified":"2026-02-12T12:24:30+00:00","breadcrumb":{"@id":"https:\/\/miumjau.ee\/lv\/produkts\/pharmasentials-pusmitrieki-multivitaminu-skanesti-125-g\/#breadcrumb"},"inLanguage":"lv-LV","potentialAction":[{"@type":"ReadAction","target":["https:\/\/miumjau.ee\/lv\/produkts\/pharmasentials-pusmitrieki-multivitaminu-skanesti-125-g\/"]}]},{"@type":"ImageObject","inLanguage":"lv-LV","@id":"https:\/\/miumjau.ee\/lv\/produkts\/pharmasentials-pusmitrieki-multivitaminu-skanesti-125-g\/#primaryimage","url":"https:\/\/miumjau.ee\/wp-content\/uploads\/2025\/12\/pharmasentials-maiused-koertele1.png","contentUrl":"https:\/\/miumjau.ee\/wp-content\/uploads\/2025\/12\/pharmasentials-maiused-koertele1.png","width":600,"height":800,"caption":"Pharmasentials poolniisked multivitamiini maiused 125g"},{"@type":"BreadcrumbList","@id":"https:\/\/miumjau.ee\/lv\/produkts\/pharmasentials-pusmitrieki-multivitaminu-skanesti-125-g\/#breadcrumb","itemListElement":[{"@type":"ListItem","position":1,"name":"Home","item":"https:\/\/miumjau.ee\/lv\/"},{"@type":"ListItem","position":2,"name":"Veikals","item":"https:\/\/miumjau.ee\/lv\/veikals\/"},{"@type":"ListItem","position":3,"name":"Pharmasentials Pusmitrieki Multivitam\u012bnu Skan\u0117sti 125\u202fg"}]},{"@type":"WebSite","@id":"https:\/\/miumjau.ee\/#website","url":"https:\/\/miumjau.ee\/","name":"MiuMjau","description":"Kraapimispuud kassidele","publisher":{"@id":"https:\/\/miumjau.ee\/#organization"},"potentialAction":[{"@type":"SearchAction","target":{"@type":"EntryPoint","urlTemplate":"https:\/\/miumjau.ee\/?s={search_term_string}"},"query-input":{"@type":"PropertyValueSpecification","valueRequired":true,"valueName":"search_term_string"}}],"inLanguage":"lv-LV"},{"@type":"Organization","@id":"https:\/\/miumjau.ee\/#organization","name":"MiuMjau O\u00dc","url":"https:\/\/miumjau.ee\/","logo":{"@type":"ImageObject","inLanguage":"lv-LV","@id":"https:\/\/miumjau.ee\/#\/schema\/logo\/image\/","url":"https:\/\/miumjau.ee\/wp-content\/uploads\/2022\/04\/MiuMjau-logo-kollane.png","contentUrl":"https:\/\/miumjau.ee\/wp-content\/uploads\/2022\/04\/MiuMjau-logo-kollane.png","width":219,"height":100,"caption":"MiuMjau O\u00dc"},"image":{"@id":"https:\/\/miumjau.ee\/#\/schema\/logo\/image\/"},"sameAs":["https:\/\/www.facebook.com\/miumjaupood\/"]}]}},"_links":{"self":[{"href":"https:\/\/miumjau.ee\/lv\/wp-json\/wp\/v2\/product\/51505","targetHints":{"allow":["GET"]}}],"collection":[{"href":"https:\/\/miumjau.ee\/lv\/wp-json\/wp\/v2\/product"}],"about":[{"href":"https:\/\/miumjau.ee\/lv\/wp-json\/wp\/v2\/types\/product"}],"wp:featuredmedia":[{"embeddable":true,"href":"https:\/\/miumjau.ee\/lv\/wp-json\/wp\/v2\/media\/49819"}],"wp:attachment":[{"href":"https:\/\/miumjau.ee\/lv\/wp-json\/wp\/v2\/media?parent=51505"}],"wp:term":[{"taxonomy":"product_brand","embeddable":true,"href":"https:\/\/miumjau.ee\/lv\/wp-json\/wp\/v2\/product_brand?post=51505"},{"taxonomy":"product_cat","embeddable":true,"href":"https:\/\/miumjau.ee\/lv\/wp-json\/wp\/v2\/product_cat?post=51505"},{"taxonomy":"product_tag","embeddable":true,"href":"https:\/\/miumjau.ee\/lv\/wp-json\/wp\/v2\/product_tag?post=51505"}],"curies":[{"name":"wp","href":"https:\/\/api.w.org\/{rel}","templated":true}]}}