{"id":51500,"date":"2025-12-23T20:32:11","date_gmt":"2025-12-23T18:32:11","guid":{"rendered":"https:\/\/miumjau.ee\/toode\/pharmasentials-pusmitrieki-locitavu-atbalstam-125-g\/"},"modified":"2026-01-07T21:12:16","modified_gmt":"2026-01-07T19:12:16","slug":"pharmasentials-pusmitrieki-locitavu-atbalstam-125-g","status":"publish","type":"product","link":"https:\/\/miumjau.ee\/lv\/produkts\/pharmasentials-pusmitrieki-locitavu-atbalstam-125-g\/","title":{"rendered":"Pharmasentials Pusmitrieki Loc\u012btavu Atbalstam 125\u202fg"},"content":{"rendered":"","protected":false},"excerpt":{"rendered":"<p data-start=\"3117\" data-end=\"3590\">Pharmasentials funkcion\u0101lie na\u0161\u0137i ir ide\u0101la balva j\u016bsu m\u012b\u013cajam spalvainajam draugam, kuram nepiecie\u0161ama nedaudz vair\u0101k r\u016bpes. M\u016bsu kvalitat\u012bv\u0101s receptes ir \u012bpa\u0161i izstr\u0101d\u0101tas, lai atbalst\u012btu su\u0146a vesel\u012bbu un dz\u012bvotsp\u0113ju. Sortiment\u0101 ietilpst gan loc\u012btavu atbalsts, gan ka\u017eoka kop\u0161ana, t\u0101d\u0113\u013c j\u016bs atrad\u012bsiet piem\u0113rotu na\u0161\u0137i j\u016bsu su\u0146a vajadz\u012bb\u0101m. Lieliski piem\u0113rots k\u0101 papildin\u0101jums \u0101rstnieciskai di\u0113tai vai vienk\u0101r\u0161i k\u0101 gardums visp\u0101r\u0113jai labsaj\u016btai. <strong data-start=\"3564\" data-end=\"3588\">Papildbar\u012bba su\u0146iem.<\/strong><\/p>\n<p data-start=\"3592\" data-end=\"3775\"><strong data-start=\"3592\" data-end=\"3604\">Sast\u0101vs:<\/strong> Graudaugi un augu izcelsmes produkti (0,5\u202f% ol\u012bve\u013c\u013cas ekstrakti), e\u013c\u013cas un tauki, ga\u013ca un dz\u012bvnieku izcelsmes produkti, propil\u0113nglikols, glikozam\u012bns, hondroit\u012bnsulf\u0101ts.<\/p>\n<p data-start=\"3777\" data-end=\"3880\"><strong data-start=\"3777\" data-end=\"3802\">Anal\u012btiskais sast\u0101vs:<\/strong> Olbaltumvielas 11\u202f%, Tauki 5,6\u202f%, Pelni 3,3\u202f%, \u0160\u0137iedra 1,1\u202f%, Mitrums 24\u202f%.<\/p>\n<p data-start=\"3882\" data-end=\"3915\"><strong data-start=\"3882\" data-end=\"3913\">K\u0101p\u0113c \u0161is produkts ir labs:<\/strong><\/p>\n<ul data-start=\"3916\" data-end=\"4480\">\n<li data-start=\"3916\" data-end=\"4082\">\n<p data-start=\"3918\" data-end=\"4082\"><strong data-start=\"3918\" data-end=\"3933\">Glikozam\u012bns<\/strong>: Atbalsta loc\u012btavu skrim\u0161\u013ca strukt\u016bru un atjauno\u0161anos, pal\u012bdz saglab\u0101t loc\u012btavu elast\u012bbu un kust\u012bgumu, \u012bpa\u0161i noder\u012bgs vec\u0101kiem un akt\u012bviem su\u0146iem.<\/p>\n<\/li>\n<li data-start=\"4083\" data-end=\"4222\">\n<p data-start=\"4085\" data-end=\"4222\"><strong data-start=\"4085\" data-end=\"4106\">Hondroit\u012bnsulf\u0101ts<\/strong>: Pal\u012bdz saglab\u0101t skrim\u0161\u013ca mitrumu un stiprumu, var pal\u0113nin\u0101t loc\u012btavu nolieto\u0161anos, darbojas kop\u0101 ar glikozam\u012bnu.<\/p>\n<\/li>\n<li data-start=\"4223\" data-end=\"4352\">\n<p data-start=\"4225\" data-end=\"4352\"><strong data-start=\"4225\" data-end=\"4256\">Ol\u012bve\u013c\u013cas ekstrakti (0,5\u202f%)<\/strong>: Satur antioksidantus, pal\u012bdz samazin\u0101t loc\u012btavu iekaisumu, atbalsta \u0161\u016bnu visp\u0101r\u0113jo vesel\u012bbu.<\/p>\n<\/li>\n<li data-start=\"4353\" data-end=\"4480\">\n<p data-start=\"4355\" data-end=\"4480\"><strong data-start=\"4355\" data-end=\"4400\">Sabalans\u0113ts tauku un olbaltumvielu saturs<\/strong>: Pal\u012bdz saglab\u0101t musku\u013cu tonusu un ener\u0123ijas l\u012bmeni, nep\u0101rslogojot loc\u012btavas.<\/p>\n<\/li>\n<\/ul>\n","protected":false},"featured_media":49807,"template":"","meta":[],"product_brand":[],"product_cat":[870],"product_tag":[],"class_list":{"0":"post-51500","1":"product","2":"type-product","3":"status-publish","4":"has-post-thumbnail","6":"product_cat-uztura-bagatinataji-suniem","8":"first","9":"instock","10":"sale","11":"taxable","12":"shipping-taxable","13":"purchasable","14":"product-type-simple"},"yoast_head":"<!-- This site is optimized with the Yoast SEO plugin v27.4 - https:\/\/yoast.com\/product\/yoast-seo-wordpress\/ -->\n<title>Pharmasentials Pusmitrieki Loc\u012btavu Atbalstam 125\u202fg - MiuMjau<\/title>\n<meta name=\"robots\" content=\"index, follow, max-snippet:-1, max-image-preview:large, max-video-preview:-1\" \/>\n<link rel=\"canonical\" href=\"https:\/\/miumjau.ee\/lv\/produkts\/pharmasentials-pusmitrieki-locitavu-atbalstam-125-g\/\" \/>\n<meta property=\"og:locale\" content=\"lv_LV\" \/>\n<meta property=\"og:type\" content=\"article\" \/>\n<meta property=\"og:title\" content=\"Pharmasentials Pusmitrieki Loc\u012btavu Atbalstam 125\u202fg - MiuMjau\" \/>\n<meta property=\"og:description\" content=\"Pharmasentials funkcion\u0101lie na\u0161\u0137i ir ide\u0101la balva j\u016bsu m\u012b\u013cajam spalvainajam draugam, kuram nepiecie\u0161ama nedaudz vair\u0101k r\u016bpes. M\u016bsu kvalitat\u012bv\u0101s receptes ir \u012bpa\u0161i izstr\u0101d\u0101tas, lai atbalst\u012btu su\u0146a vesel\u012bbu un dz\u012bvotsp\u0113ju. Sortiment\u0101 ietilpst gan loc\u012btavu atbalsts, gan ka\u017eoka kop\u0161ana, t\u0101d\u0113\u013c j\u016bs atrad\u012bsiet piem\u0113rotu na\u0161\u0137i j\u016bsu su\u0146a vajadz\u012bb\u0101m. Lieliski piem\u0113rots k\u0101 papildin\u0101jums \u0101rstnieciskai di\u0113tai vai vienk\u0101r\u0161i k\u0101 gardums visp\u0101r\u0113jai labsaj\u016btai. Papildbar\u012bba su\u0146iem. Sast\u0101vs: Graudaugi un augu izcelsmes produkti (0,5\u202f% ol\u012bve\u013c\u013cas ekstrakti), e\u013c\u013cas un tauki, ga\u013ca un dz\u012bvnieku izcelsmes produkti, propil\u0113nglikols, glikozam\u012bns, hondroit\u012bnsulf\u0101ts. Anal\u012btiskais sast\u0101vs: Olbaltumvielas 11\u202f%, Tauki 5,6\u202f%, Pelni 3,3\u202f%, \u0160\u0137iedra 1,1\u202f%, Mitrums 24\u202f%. K\u0101p\u0113c \u0161is produkts ir labs:     Glikozam\u012bns: Atbalsta loc\u012btavu skrim\u0161\u013ca strukt\u016bru un atjauno\u0161anos, pal\u012bdz saglab\u0101t loc\u012btavu elast\u012bbu un kust\u012bgumu, \u012bpa\u0161i noder\u012bgs vec\u0101kiem un akt\u012bviem su\u0146iem.    Hondroit\u012bnsulf\u0101ts: Pal\u012bdz saglab\u0101t skrim\u0161\u013ca mitrumu un stiprumu, var pal\u0113nin\u0101t loc\u012btavu nolieto\u0161anos, darbojas kop\u0101 ar glikozam\u012bnu.    Ol\u012bve\u013c\u013cas ekstrakti (0,5\u202f%): Satur antioksidantus, pal\u012bdz samazin\u0101t loc\u012btavu iekaisumu, atbalsta \u0161\u016bnu visp\u0101r\u0113jo vesel\u012bbu.    Sabalans\u0113ts tauku un olbaltumvielu saturs: Pal\u012bdz saglab\u0101t musku\u013cu tonusu un ener\u0123ijas l\u012bmeni, nep\u0101rslogojot loc\u012btavas.\" \/>\n<meta property=\"og:url\" content=\"https:\/\/miumjau.ee\/lv\/produkts\/pharmasentials-pusmitrieki-locitavu-atbalstam-125-g\/\" \/>\n<meta property=\"og:site_name\" content=\"MiuMjau\" \/>\n<meta property=\"article:publisher\" content=\"https:\/\/www.facebook.com\/miumjaupood\/\" \/>\n<meta property=\"article:modified_time\" content=\"2026-01-07T19:12:16+00:00\" \/>\n<meta property=\"og:image\" content=\"https:\/\/miumjau.ee\/wp-content\/uploads\/2025\/12\/pharmasentials-maiused-koertele3.png\" \/>\n\t<meta property=\"og:image:width\" content=\"600\" \/>\n\t<meta property=\"og:image:height\" content=\"800\" \/>\n\t<meta property=\"og:image:type\" content=\"image\/png\" \/>\n<meta name=\"twitter:card\" content=\"summary_large_image\" \/>\n<script type=\"application\/ld+json\" class=\"yoast-schema-graph\">{\"@context\":\"https:\\\/\\\/schema.org\",\"@graph\":[{\"@type\":\"WebPage\",\"@id\":\"https:\\\/\\\/miumjau.ee\\\/lv\\\/produkts\\\/pharmasentials-pusmitrieki-locitavu-atbalstam-125-g\\\/\",\"url\":\"https:\\\/\\\/miumjau.ee\\\/lv\\\/produkts\\\/pharmasentials-pusmitrieki-locitavu-atbalstam-125-g\\\/\",\"name\":\"Pharmasentials Pusmitrieki Loc\u012btavu Atbalstam 125\u202fg - MiuMjau\",\"isPartOf\":{\"@id\":\"https:\\\/\\\/miumjau.ee\\\/#website\"},\"primaryImageOfPage\":{\"@id\":\"https:\\\/\\\/miumjau.ee\\\/lv\\\/produkts\\\/pharmasentials-pusmitrieki-locitavu-atbalstam-125-g\\\/#primaryimage\"},\"image\":{\"@id\":\"https:\\\/\\\/miumjau.ee\\\/lv\\\/produkts\\\/pharmasentials-pusmitrieki-locitavu-atbalstam-125-g\\\/#primaryimage\"},\"thumbnailUrl\":\"https:\\\/\\\/miumjau.ee\\\/wp-content\\\/uploads\\\/2025\\\/12\\\/pharmasentials-maiused-koertele3.png\",\"datePublished\":\"2025-12-23T18:32:11+00:00\",\"dateModified\":\"2026-01-07T19:12:16+00:00\",\"breadcrumb\":{\"@id\":\"https:\\\/\\\/miumjau.ee\\\/lv\\\/produkts\\\/pharmasentials-pusmitrieki-locitavu-atbalstam-125-g\\\/#breadcrumb\"},\"inLanguage\":\"lv-LV\",\"potentialAction\":[{\"@type\":\"ReadAction\",\"target\":[\"https:\\\/\\\/miumjau.ee\\\/lv\\\/produkts\\\/pharmasentials-pusmitrieki-locitavu-atbalstam-125-g\\\/\"]}]},{\"@type\":\"ImageObject\",\"inLanguage\":\"lv-LV\",\"@id\":\"https:\\\/\\\/miumjau.ee\\\/lv\\\/produkts\\\/pharmasentials-pusmitrieki-locitavu-atbalstam-125-g\\\/#primaryimage\",\"url\":\"https:\\\/\\\/miumjau.ee\\\/wp-content\\\/uploads\\\/2025\\\/12\\\/pharmasentials-maiused-koertele3.png\",\"contentUrl\":\"https:\\\/\\\/miumjau.ee\\\/wp-content\\\/uploads\\\/2025\\\/12\\\/pharmasentials-maiused-koertele3.png\",\"width\":600,\"height\":800,\"caption\":\"Pharmasentials poolniisked liigeseid toetavad maiused\"},{\"@type\":\"BreadcrumbList\",\"@id\":\"https:\\\/\\\/miumjau.ee\\\/lv\\\/produkts\\\/pharmasentials-pusmitrieki-locitavu-atbalstam-125-g\\\/#breadcrumb\",\"itemListElement\":[{\"@type\":\"ListItem\",\"position\":1,\"name\":\"Home\",\"item\":\"https:\\\/\\\/miumjau.ee\\\/lv\\\/\"},{\"@type\":\"ListItem\",\"position\":2,\"name\":\"Veikals\",\"item\":\"https:\\\/\\\/miumjau.ee\\\/lv\\\/veikals\\\/\"},{\"@type\":\"ListItem\",\"position\":3,\"name\":\"Pharmasentials Pusmitrieki Loc\u012btavu Atbalstam 125\u202fg\"}]},{\"@type\":\"WebSite\",\"@id\":\"https:\\\/\\\/miumjau.ee\\\/#website\",\"url\":\"https:\\\/\\\/miumjau.ee\\\/\",\"name\":\"MiuMjau\",\"description\":\"Kraapimispuud kassidele\",\"publisher\":{\"@id\":\"https:\\\/\\\/miumjau.ee\\\/#organization\"},\"potentialAction\":[{\"@type\":\"SearchAction\",\"target\":{\"@type\":\"EntryPoint\",\"urlTemplate\":\"https:\\\/\\\/miumjau.ee\\\/?s={search_term_string}\"},\"query-input\":{\"@type\":\"PropertyValueSpecification\",\"valueRequired\":true,\"valueName\":\"search_term_string\"}}],\"inLanguage\":\"lv-LV\"},{\"@type\":\"Organization\",\"@id\":\"https:\\\/\\\/miumjau.ee\\\/#organization\",\"name\":\"MiuMjau O\u00dc\",\"url\":\"https:\\\/\\\/miumjau.ee\\\/\",\"logo\":{\"@type\":\"ImageObject\",\"inLanguage\":\"lv-LV\",\"@id\":\"https:\\\/\\\/miumjau.ee\\\/#\\\/schema\\\/logo\\\/image\\\/\",\"url\":\"https:\\\/\\\/miumjau.ee\\\/wp-content\\\/uploads\\\/2022\\\/04\\\/MiuMjau-logo-kollane.png\",\"contentUrl\":\"https:\\\/\\\/miumjau.ee\\\/wp-content\\\/uploads\\\/2022\\\/04\\\/MiuMjau-logo-kollane.png\",\"width\":219,\"height\":100,\"caption\":\"MiuMjau O\u00dc\"},\"image\":{\"@id\":\"https:\\\/\\\/miumjau.ee\\\/#\\\/schema\\\/logo\\\/image\\\/\"},\"sameAs\":[\"https:\\\/\\\/www.facebook.com\\\/miumjaupood\\\/\"]}]}<\/script>\n<!-- \/ Yoast SEO plugin. -->","yoast_head_json":{"title":"Pharmasentials Pusmitrieki Loc\u012btavu Atbalstam 125\u202fg - MiuMjau","robots":{"index":"index","follow":"follow","max-snippet":"max-snippet:-1","max-image-preview":"max-image-preview:large","max-video-preview":"max-video-preview:-1"},"canonical":"https:\/\/miumjau.ee\/lv\/produkts\/pharmasentials-pusmitrieki-locitavu-atbalstam-125-g\/","og_locale":"lv_LV","og_type":"article","og_title":"Pharmasentials Pusmitrieki Loc\u012btavu Atbalstam 125\u202fg - MiuMjau","og_description":"Pharmasentials funkcion\u0101lie na\u0161\u0137i ir ide\u0101la balva j\u016bsu m\u012b\u013cajam spalvainajam draugam, kuram nepiecie\u0161ama nedaudz vair\u0101k r\u016bpes. M\u016bsu kvalitat\u012bv\u0101s receptes ir \u012bpa\u0161i izstr\u0101d\u0101tas, lai atbalst\u012btu su\u0146a vesel\u012bbu un dz\u012bvotsp\u0113ju. Sortiment\u0101 ietilpst gan loc\u012btavu atbalsts, gan ka\u017eoka kop\u0161ana, t\u0101d\u0113\u013c j\u016bs atrad\u012bsiet piem\u0113rotu na\u0161\u0137i j\u016bsu su\u0146a vajadz\u012bb\u0101m. Lieliski piem\u0113rots k\u0101 papildin\u0101jums \u0101rstnieciskai di\u0113tai vai vienk\u0101r\u0161i k\u0101 gardums visp\u0101r\u0113jai labsaj\u016btai. Papildbar\u012bba su\u0146iem. Sast\u0101vs: Graudaugi un augu izcelsmes produkti (0,5\u202f% ol\u012bve\u013c\u013cas ekstrakti), e\u013c\u013cas un tauki, ga\u013ca un dz\u012bvnieku izcelsmes produkti, propil\u0113nglikols, glikozam\u012bns, hondroit\u012bnsulf\u0101ts. Anal\u012btiskais sast\u0101vs: Olbaltumvielas 11\u202f%, Tauki 5,6\u202f%, Pelni 3,3\u202f%, \u0160\u0137iedra 1,1\u202f%, Mitrums 24\u202f%. K\u0101p\u0113c \u0161is produkts ir labs:     Glikozam\u012bns: Atbalsta loc\u012btavu skrim\u0161\u013ca strukt\u016bru un atjauno\u0161anos, pal\u012bdz saglab\u0101t loc\u012btavu elast\u012bbu un kust\u012bgumu, \u012bpa\u0161i noder\u012bgs vec\u0101kiem un akt\u012bviem su\u0146iem.    Hondroit\u012bnsulf\u0101ts: Pal\u012bdz saglab\u0101t skrim\u0161\u013ca mitrumu un stiprumu, var pal\u0113nin\u0101t loc\u012btavu nolieto\u0161anos, darbojas kop\u0101 ar glikozam\u012bnu.    Ol\u012bve\u013c\u013cas ekstrakti (0,5\u202f%): Satur antioksidantus, pal\u012bdz samazin\u0101t loc\u012btavu iekaisumu, atbalsta \u0161\u016bnu visp\u0101r\u0113jo vesel\u012bbu.    Sabalans\u0113ts tauku un olbaltumvielu saturs: Pal\u012bdz saglab\u0101t musku\u013cu tonusu un ener\u0123ijas l\u012bmeni, nep\u0101rslogojot loc\u012btavas.","og_url":"https:\/\/miumjau.ee\/lv\/produkts\/pharmasentials-pusmitrieki-locitavu-atbalstam-125-g\/","og_site_name":"MiuMjau","article_publisher":"https:\/\/www.facebook.com\/miumjaupood\/","article_modified_time":"2026-01-07T19:12:16+00:00","og_image":[{"width":600,"height":800,"url":"https:\/\/miumjau.ee\/wp-content\/uploads\/2025\/12\/pharmasentials-maiused-koertele3.png","type":"image\/png"}],"twitter_card":"summary_large_image","schema":{"@context":"https:\/\/schema.org","@graph":[{"@type":"WebPage","@id":"https:\/\/miumjau.ee\/lv\/produkts\/pharmasentials-pusmitrieki-locitavu-atbalstam-125-g\/","url":"https:\/\/miumjau.ee\/lv\/produkts\/pharmasentials-pusmitrieki-locitavu-atbalstam-125-g\/","name":"Pharmasentials Pusmitrieki Loc\u012btavu Atbalstam 125\u202fg - MiuMjau","isPartOf":{"@id":"https:\/\/miumjau.ee\/#website"},"primaryImageOfPage":{"@id":"https:\/\/miumjau.ee\/lv\/produkts\/pharmasentials-pusmitrieki-locitavu-atbalstam-125-g\/#primaryimage"},"image":{"@id":"https:\/\/miumjau.ee\/lv\/produkts\/pharmasentials-pusmitrieki-locitavu-atbalstam-125-g\/#primaryimage"},"thumbnailUrl":"https:\/\/miumjau.ee\/wp-content\/uploads\/2025\/12\/pharmasentials-maiused-koertele3.png","datePublished":"2025-12-23T18:32:11+00:00","dateModified":"2026-01-07T19:12:16+00:00","breadcrumb":{"@id":"https:\/\/miumjau.ee\/lv\/produkts\/pharmasentials-pusmitrieki-locitavu-atbalstam-125-g\/#breadcrumb"},"inLanguage":"lv-LV","potentialAction":[{"@type":"ReadAction","target":["https:\/\/miumjau.ee\/lv\/produkts\/pharmasentials-pusmitrieki-locitavu-atbalstam-125-g\/"]}]},{"@type":"ImageObject","inLanguage":"lv-LV","@id":"https:\/\/miumjau.ee\/lv\/produkts\/pharmasentials-pusmitrieki-locitavu-atbalstam-125-g\/#primaryimage","url":"https:\/\/miumjau.ee\/wp-content\/uploads\/2025\/12\/pharmasentials-maiused-koertele3.png","contentUrl":"https:\/\/miumjau.ee\/wp-content\/uploads\/2025\/12\/pharmasentials-maiused-koertele3.png","width":600,"height":800,"caption":"Pharmasentials poolniisked liigeseid toetavad maiused"},{"@type":"BreadcrumbList","@id":"https:\/\/miumjau.ee\/lv\/produkts\/pharmasentials-pusmitrieki-locitavu-atbalstam-125-g\/#breadcrumb","itemListElement":[{"@type":"ListItem","position":1,"name":"Home","item":"https:\/\/miumjau.ee\/lv\/"},{"@type":"ListItem","position":2,"name":"Veikals","item":"https:\/\/miumjau.ee\/lv\/veikals\/"},{"@type":"ListItem","position":3,"name":"Pharmasentials Pusmitrieki Loc\u012btavu Atbalstam 125\u202fg"}]},{"@type":"WebSite","@id":"https:\/\/miumjau.ee\/#website","url":"https:\/\/miumjau.ee\/","name":"MiuMjau","description":"Kraapimispuud kassidele","publisher":{"@id":"https:\/\/miumjau.ee\/#organization"},"potentialAction":[{"@type":"SearchAction","target":{"@type":"EntryPoint","urlTemplate":"https:\/\/miumjau.ee\/?s={search_term_string}"},"query-input":{"@type":"PropertyValueSpecification","valueRequired":true,"valueName":"search_term_string"}}],"inLanguage":"lv-LV"},{"@type":"Organization","@id":"https:\/\/miumjau.ee\/#organization","name":"MiuMjau O\u00dc","url":"https:\/\/miumjau.ee\/","logo":{"@type":"ImageObject","inLanguage":"lv-LV","@id":"https:\/\/miumjau.ee\/#\/schema\/logo\/image\/","url":"https:\/\/miumjau.ee\/wp-content\/uploads\/2022\/04\/MiuMjau-logo-kollane.png","contentUrl":"https:\/\/miumjau.ee\/wp-content\/uploads\/2022\/04\/MiuMjau-logo-kollane.png","width":219,"height":100,"caption":"MiuMjau O\u00dc"},"image":{"@id":"https:\/\/miumjau.ee\/#\/schema\/logo\/image\/"},"sameAs":["https:\/\/www.facebook.com\/miumjaupood\/"]}]}},"_links":{"self":[{"href":"https:\/\/miumjau.ee\/lv\/wp-json\/wp\/v2\/product\/51500","targetHints":{"allow":["GET"]}}],"collection":[{"href":"https:\/\/miumjau.ee\/lv\/wp-json\/wp\/v2\/product"}],"about":[{"href":"https:\/\/miumjau.ee\/lv\/wp-json\/wp\/v2\/types\/product"}],"wp:featuredmedia":[{"embeddable":true,"href":"https:\/\/miumjau.ee\/lv\/wp-json\/wp\/v2\/media\/49807"}],"wp:attachment":[{"href":"https:\/\/miumjau.ee\/lv\/wp-json\/wp\/v2\/media?parent=51500"}],"wp:term":[{"taxonomy":"product_brand","embeddable":true,"href":"https:\/\/miumjau.ee\/lv\/wp-json\/wp\/v2\/product_brand?post=51500"},{"taxonomy":"product_cat","embeddable":true,"href":"https:\/\/miumjau.ee\/lv\/wp-json\/wp\/v2\/product_cat?post=51500"},{"taxonomy":"product_tag","embeddable":true,"href":"https:\/\/miumjau.ee\/lv\/wp-json\/wp\/v2\/product_tag?post=51500"}],"curies":[{"name":"wp","href":"https:\/\/api.w.org\/{rel}","templated":true}]}}