{"id":51495,"date":"2025-12-23T20:32:09","date_gmt":"2025-12-23T18:32:09","guid":{"rendered":"https:\/\/miumjau.ee\/toode\/pharmasentials-pusmitrieki-skin-coat-125-g\/"},"modified":"2026-01-07T21:12:16","modified_gmt":"2026-01-07T19:12:16","slug":"pharmasentials-pusmitrieki-skin-coat-125-g","status":"publish","type":"product","link":"https:\/\/miumjau.ee\/lv\/produkts\/pharmasentials-pusmitrieki-skin-coat-125-g\/","title":{"rendered":"Pharmasentials Pusmitrieki Skin &#038; Coat 125\u202fg"},"content":{"rendered":"","protected":false},"excerpt":{"rendered":"<p data-start=\"2661\" data-end=\"3240\">Pharmasentials funkcion\u0101lie na\u0161\u0137i ir ide\u0101la balva j\u016bsu m\u012b\u013cajam spalvainajam draugam, kuram nepiecie\u0161ama nedaudz vair\u0101k r\u016bpes. M\u016bsu kvalitat\u012bv\u0101s receptes ir \u012bpa\u0161i izstr\u0101d\u0101tas, lai atbalst\u012btu su\u0146a vesel\u012bbu un dz\u012bvotsp\u0113ju. Izv\u0113le aptver gan loc\u012btavu atbalstu, gan ka\u017eoka kop\u0161anu, t\u0101d\u0113\u013c j\u016bs noteikti atrad\u012bsiet piem\u0113rotu na\u0161\u0137i j\u016bsu su\u0146a vajadz\u012bb\u0101m. Lieliski piem\u0113rots k\u0101 papildin\u0101jums \u0101rstnieciskai di\u0113tai vai vienk\u0101r\u0161i k\u0101 gardums su\u0146a visp\u0101r\u0113j\u0101s labkl\u0101j\u012bbas atbalstam. <strong data-start=\"3127\" data-end=\"3151\">Papildbar\u012bba su\u0146iem.<\/strong> \u012apa\u0161i piem\u0113rots su\u0146iem ar: mat\u0113tu vai sausu ka\u017eoku, jut\u012bgu \u0101du, sezon\u0101lu spalvu mai\u0146u.<\/p>\n<p data-start=\"3242\" data-end=\"3406\"><strong data-start=\"3242\" data-end=\"3254\">Sast\u0101vs:<\/strong> Graudaugi un augu izcelsmes produkti, e\u013c\u013cas un tauki, ga\u013ca un dz\u012bvnieku izcelsmes produkti, propil\u0113nglikols, omega-3, hondroit\u012bnsulf\u0101ts, B7 vitam\u012bns.<\/p>\n<p data-start=\"3408\" data-end=\"3511\"><strong data-start=\"3408\" data-end=\"3433\">Anal\u012btiskais sast\u0101vs:<\/strong> Olbaltumvielas 11\u202f%, Tauki 5,6\u202f%, Pelni 3,3\u202f%, \u0160\u0137iedra 1,1\u202f%, Mitrums 24\u202f%.<\/p>\n<p data-start=\"3513\" data-end=\"3533\"><strong data-start=\"3513\" data-end=\"3531\">Priek\u0161roc\u012bbas:<\/strong><\/p>\n<ul data-start=\"3534\" data-end=\"3843\">\n<li data-start=\"3534\" data-end=\"3606\">\n<p data-start=\"3536\" data-end=\"3606\">Omega-3 tauksk\u0101bes: atbalsta vesel\u012bgu \u0101du un sp\u012bd\u012bgu, stipru ka\u017eoku.<\/p>\n<\/li>\n<li data-start=\"3607\" data-end=\"3675\">\n<p data-start=\"3609\" data-end=\"3675\">B7 vitam\u012bns (biot\u012bns): b\u016btisks \u0101das un ka\u017eoka norm\u0101lai aug\u0161anai.<\/p>\n<\/li>\n<li data-start=\"3676\" data-end=\"3744\">\n<p data-start=\"3678\" data-end=\"3744\">E\u013c\u013cas un tauki: pal\u012bdz uztur\u0113t \u0101das mitrumu un samazina sausumu.<\/p>\n<\/li>\n<li data-start=\"3745\" data-end=\"3843\">\n<p data-start=\"3747\" data-end=\"3843\">Sabalans\u0113ts tauku saturs (5,6\u202f%): atbalsta ka\u017eoka kvalit\u0101ti, nep\u0101rslogojot gremo\u0161anas sist\u0113mu.<\/p>\n<\/li>\n<\/ul>\n","protected":false},"featured_media":49801,"template":"","meta":[],"product_brand":[],"product_cat":[870],"product_tag":[],"class_list":{"0":"post-51495","1":"product","2":"type-product","3":"status-publish","4":"has-post-thumbnail","6":"product_cat-uztura-bagatinataji-suniem","8":"first","9":"instock","10":"sale","11":"taxable","12":"shipping-taxable","13":"purchasable","14":"product-type-simple"},"yoast_head":"<!-- This site is optimized with the Yoast SEO plugin v27.4 - https:\/\/yoast.com\/product\/yoast-seo-wordpress\/ -->\n<title>Pharmasentials Pusmitrieki Skin &amp; Coat 125\u202fg - MiuMjau<\/title>\n<meta name=\"robots\" content=\"index, follow, max-snippet:-1, max-image-preview:large, max-video-preview:-1\" \/>\n<link rel=\"canonical\" href=\"https:\/\/miumjau.ee\/lv\/produkts\/pharmasentials-pusmitrieki-skin-coat-125-g\/\" \/>\n<meta property=\"og:locale\" content=\"lv_LV\" \/>\n<meta property=\"og:type\" content=\"article\" \/>\n<meta property=\"og:title\" content=\"Pharmasentials Pusmitrieki Skin &amp; Coat 125\u202fg - MiuMjau\" \/>\n<meta property=\"og:description\" content=\"Pharmasentials funkcion\u0101lie na\u0161\u0137i ir ide\u0101la balva j\u016bsu m\u012b\u013cajam spalvainajam draugam, kuram nepiecie\u0161ama nedaudz vair\u0101k r\u016bpes. M\u016bsu kvalitat\u012bv\u0101s receptes ir \u012bpa\u0161i izstr\u0101d\u0101tas, lai atbalst\u012btu su\u0146a vesel\u012bbu un dz\u012bvotsp\u0113ju. Izv\u0113le aptver gan loc\u012btavu atbalstu, gan ka\u017eoka kop\u0161anu, t\u0101d\u0113\u013c j\u016bs noteikti atrad\u012bsiet piem\u0113rotu na\u0161\u0137i j\u016bsu su\u0146a vajadz\u012bb\u0101m. Lieliski piem\u0113rots k\u0101 papildin\u0101jums \u0101rstnieciskai di\u0113tai vai vienk\u0101r\u0161i k\u0101 gardums su\u0146a visp\u0101r\u0113j\u0101s labkl\u0101j\u012bbas atbalstam. Papildbar\u012bba su\u0146iem. \u012apa\u0161i piem\u0113rots su\u0146iem ar: mat\u0113tu vai sausu ka\u017eoku, jut\u012bgu \u0101du, sezon\u0101lu spalvu mai\u0146u. Sast\u0101vs: Graudaugi un augu izcelsmes produkti, e\u013c\u013cas un tauki, ga\u013ca un dz\u012bvnieku izcelsmes produkti, propil\u0113nglikols, omega-3, hondroit\u012bnsulf\u0101ts, B7 vitam\u012bns. Anal\u012btiskais sast\u0101vs: Olbaltumvielas 11\u202f%, Tauki 5,6\u202f%, Pelni 3,3\u202f%, \u0160\u0137iedra 1,1\u202f%, Mitrums 24\u202f%. Priek\u0161roc\u012bbas:     Omega-3 tauksk\u0101bes: atbalsta vesel\u012bgu \u0101du un sp\u012bd\u012bgu, stipru ka\u017eoku.    B7 vitam\u012bns (biot\u012bns): b\u016btisks \u0101das un ka\u017eoka norm\u0101lai aug\u0161anai.    E\u013c\u013cas un tauki: pal\u012bdz uztur\u0113t \u0101das mitrumu un samazina sausumu.    Sabalans\u0113ts tauku saturs (5,6\u202f%): atbalsta ka\u017eoka kvalit\u0101ti, nep\u0101rslogojot gremo\u0161anas sist\u0113mu.\" \/>\n<meta property=\"og:url\" content=\"https:\/\/miumjau.ee\/lv\/produkts\/pharmasentials-pusmitrieki-skin-coat-125-g\/\" \/>\n<meta property=\"og:site_name\" content=\"MiuMjau\" \/>\n<meta property=\"article:publisher\" content=\"https:\/\/www.facebook.com\/miumjaupood\/\" \/>\n<meta property=\"article:modified_time\" content=\"2026-01-07T19:12:16+00:00\" \/>\n<meta property=\"og:image\" content=\"https:\/\/miumjau.ee\/wp-content\/uploads\/2025\/12\/pharmasentials-maiused-koertele4.png\" \/>\n\t<meta property=\"og:image:width\" content=\"600\" \/>\n\t<meta property=\"og:image:height\" content=\"800\" \/>\n\t<meta property=\"og:image:type\" content=\"image\/png\" \/>\n<meta name=\"twitter:card\" content=\"summary_large_image\" \/>\n<script type=\"application\/ld+json\" class=\"yoast-schema-graph\">{\"@context\":\"https:\\\/\\\/schema.org\",\"@graph\":[{\"@type\":\"WebPage\",\"@id\":\"https:\\\/\\\/miumjau.ee\\\/lv\\\/produkts\\\/pharmasentials-pusmitrieki-skin-coat-125-g\\\/\",\"url\":\"https:\\\/\\\/miumjau.ee\\\/lv\\\/produkts\\\/pharmasentials-pusmitrieki-skin-coat-125-g\\\/\",\"name\":\"Pharmasentials Pusmitrieki Skin & Coat 125\u202fg - MiuMjau\",\"isPartOf\":{\"@id\":\"https:\\\/\\\/miumjau.ee\\\/#website\"},\"primaryImageOfPage\":{\"@id\":\"https:\\\/\\\/miumjau.ee\\\/lv\\\/produkts\\\/pharmasentials-pusmitrieki-skin-coat-125-g\\\/#primaryimage\"},\"image\":{\"@id\":\"https:\\\/\\\/miumjau.ee\\\/lv\\\/produkts\\\/pharmasentials-pusmitrieki-skin-coat-125-g\\\/#primaryimage\"},\"thumbnailUrl\":\"https:\\\/\\\/miumjau.ee\\\/wp-content\\\/uploads\\\/2025\\\/12\\\/pharmasentials-maiused-koertele4.png\",\"datePublished\":\"2025-12-23T18:32:09+00:00\",\"dateModified\":\"2026-01-07T19:12:16+00:00\",\"breadcrumb\":{\"@id\":\"https:\\\/\\\/miumjau.ee\\\/lv\\\/produkts\\\/pharmasentials-pusmitrieki-skin-coat-125-g\\\/#breadcrumb\"},\"inLanguage\":\"lv-LV\",\"potentialAction\":[{\"@type\":\"ReadAction\",\"target\":[\"https:\\\/\\\/miumjau.ee\\\/lv\\\/produkts\\\/pharmasentials-pusmitrieki-skin-coat-125-g\\\/\"]}]},{\"@type\":\"ImageObject\",\"inLanguage\":\"lv-LV\",\"@id\":\"https:\\\/\\\/miumjau.ee\\\/lv\\\/produkts\\\/pharmasentials-pusmitrieki-skin-coat-125-g\\\/#primaryimage\",\"url\":\"https:\\\/\\\/miumjau.ee\\\/wp-content\\\/uploads\\\/2025\\\/12\\\/pharmasentials-maiused-koertele4.png\",\"contentUrl\":\"https:\\\/\\\/miumjau.ee\\\/wp-content\\\/uploads\\\/2025\\\/12\\\/pharmasentials-maiused-koertele4.png\",\"width\":600,\"height\":800,\"caption\":\"Pharmasentials poolniisked maiused Skin & Coat\"},{\"@type\":\"BreadcrumbList\",\"@id\":\"https:\\\/\\\/miumjau.ee\\\/lv\\\/produkts\\\/pharmasentials-pusmitrieki-skin-coat-125-g\\\/#breadcrumb\",\"itemListElement\":[{\"@type\":\"ListItem\",\"position\":1,\"name\":\"Home\",\"item\":\"https:\\\/\\\/miumjau.ee\\\/lv\\\/\"},{\"@type\":\"ListItem\",\"position\":2,\"name\":\"Veikals\",\"item\":\"https:\\\/\\\/miumjau.ee\\\/lv\\\/veikals\\\/\"},{\"@type\":\"ListItem\",\"position\":3,\"name\":\"Pharmasentials Pusmitrieki Skin &#038; Coat 125\u202fg\"}]},{\"@type\":\"WebSite\",\"@id\":\"https:\\\/\\\/miumjau.ee\\\/#website\",\"url\":\"https:\\\/\\\/miumjau.ee\\\/\",\"name\":\"MiuMjau\",\"description\":\"Kraapimispuud kassidele\",\"publisher\":{\"@id\":\"https:\\\/\\\/miumjau.ee\\\/#organization\"},\"potentialAction\":[{\"@type\":\"SearchAction\",\"target\":{\"@type\":\"EntryPoint\",\"urlTemplate\":\"https:\\\/\\\/miumjau.ee\\\/?s={search_term_string}\"},\"query-input\":{\"@type\":\"PropertyValueSpecification\",\"valueRequired\":true,\"valueName\":\"search_term_string\"}}],\"inLanguage\":\"lv-LV\"},{\"@type\":\"Organization\",\"@id\":\"https:\\\/\\\/miumjau.ee\\\/#organization\",\"name\":\"MiuMjau O\u00dc\",\"url\":\"https:\\\/\\\/miumjau.ee\\\/\",\"logo\":{\"@type\":\"ImageObject\",\"inLanguage\":\"lv-LV\",\"@id\":\"https:\\\/\\\/miumjau.ee\\\/#\\\/schema\\\/logo\\\/image\\\/\",\"url\":\"https:\\\/\\\/miumjau.ee\\\/wp-content\\\/uploads\\\/2022\\\/04\\\/MiuMjau-logo-kollane.png\",\"contentUrl\":\"https:\\\/\\\/miumjau.ee\\\/wp-content\\\/uploads\\\/2022\\\/04\\\/MiuMjau-logo-kollane.png\",\"width\":219,\"height\":100,\"caption\":\"MiuMjau O\u00dc\"},\"image\":{\"@id\":\"https:\\\/\\\/miumjau.ee\\\/#\\\/schema\\\/logo\\\/image\\\/\"},\"sameAs\":[\"https:\\\/\\\/www.facebook.com\\\/miumjaupood\\\/\"]}]}<\/script>\n<!-- \/ Yoast SEO plugin. -->","yoast_head_json":{"title":"Pharmasentials Pusmitrieki Skin & Coat 125\u202fg - MiuMjau","robots":{"index":"index","follow":"follow","max-snippet":"max-snippet:-1","max-image-preview":"max-image-preview:large","max-video-preview":"max-video-preview:-1"},"canonical":"https:\/\/miumjau.ee\/lv\/produkts\/pharmasentials-pusmitrieki-skin-coat-125-g\/","og_locale":"lv_LV","og_type":"article","og_title":"Pharmasentials Pusmitrieki Skin & Coat 125\u202fg - MiuMjau","og_description":"Pharmasentials funkcion\u0101lie na\u0161\u0137i ir ide\u0101la balva j\u016bsu m\u012b\u013cajam spalvainajam draugam, kuram nepiecie\u0161ama nedaudz vair\u0101k r\u016bpes. M\u016bsu kvalitat\u012bv\u0101s receptes ir \u012bpa\u0161i izstr\u0101d\u0101tas, lai atbalst\u012btu su\u0146a vesel\u012bbu un dz\u012bvotsp\u0113ju. Izv\u0113le aptver gan loc\u012btavu atbalstu, gan ka\u017eoka kop\u0161anu, t\u0101d\u0113\u013c j\u016bs noteikti atrad\u012bsiet piem\u0113rotu na\u0161\u0137i j\u016bsu su\u0146a vajadz\u012bb\u0101m. Lieliski piem\u0113rots k\u0101 papildin\u0101jums \u0101rstnieciskai di\u0113tai vai vienk\u0101r\u0161i k\u0101 gardums su\u0146a visp\u0101r\u0113j\u0101s labkl\u0101j\u012bbas atbalstam. Papildbar\u012bba su\u0146iem. \u012apa\u0161i piem\u0113rots su\u0146iem ar: mat\u0113tu vai sausu ka\u017eoku, jut\u012bgu \u0101du, sezon\u0101lu spalvu mai\u0146u. Sast\u0101vs: Graudaugi un augu izcelsmes produkti, e\u013c\u013cas un tauki, ga\u013ca un dz\u012bvnieku izcelsmes produkti, propil\u0113nglikols, omega-3, hondroit\u012bnsulf\u0101ts, B7 vitam\u012bns. Anal\u012btiskais sast\u0101vs: Olbaltumvielas 11\u202f%, Tauki 5,6\u202f%, Pelni 3,3\u202f%, \u0160\u0137iedra 1,1\u202f%, Mitrums 24\u202f%. Priek\u0161roc\u012bbas:     Omega-3 tauksk\u0101bes: atbalsta vesel\u012bgu \u0101du un sp\u012bd\u012bgu, stipru ka\u017eoku.    B7 vitam\u012bns (biot\u012bns): b\u016btisks \u0101das un ka\u017eoka norm\u0101lai aug\u0161anai.    E\u013c\u013cas un tauki: pal\u012bdz uztur\u0113t \u0101das mitrumu un samazina sausumu.    Sabalans\u0113ts tauku saturs (5,6\u202f%): atbalsta ka\u017eoka kvalit\u0101ti, nep\u0101rslogojot gremo\u0161anas sist\u0113mu.","og_url":"https:\/\/miumjau.ee\/lv\/produkts\/pharmasentials-pusmitrieki-skin-coat-125-g\/","og_site_name":"MiuMjau","article_publisher":"https:\/\/www.facebook.com\/miumjaupood\/","article_modified_time":"2026-01-07T19:12:16+00:00","og_image":[{"width":600,"height":800,"url":"https:\/\/miumjau.ee\/wp-content\/uploads\/2025\/12\/pharmasentials-maiused-koertele4.png","type":"image\/png"}],"twitter_card":"summary_large_image","schema":{"@context":"https:\/\/schema.org","@graph":[{"@type":"WebPage","@id":"https:\/\/miumjau.ee\/lv\/produkts\/pharmasentials-pusmitrieki-skin-coat-125-g\/","url":"https:\/\/miumjau.ee\/lv\/produkts\/pharmasentials-pusmitrieki-skin-coat-125-g\/","name":"Pharmasentials Pusmitrieki Skin & Coat 125\u202fg - MiuMjau","isPartOf":{"@id":"https:\/\/miumjau.ee\/#website"},"primaryImageOfPage":{"@id":"https:\/\/miumjau.ee\/lv\/produkts\/pharmasentials-pusmitrieki-skin-coat-125-g\/#primaryimage"},"image":{"@id":"https:\/\/miumjau.ee\/lv\/produkts\/pharmasentials-pusmitrieki-skin-coat-125-g\/#primaryimage"},"thumbnailUrl":"https:\/\/miumjau.ee\/wp-content\/uploads\/2025\/12\/pharmasentials-maiused-koertele4.png","datePublished":"2025-12-23T18:32:09+00:00","dateModified":"2026-01-07T19:12:16+00:00","breadcrumb":{"@id":"https:\/\/miumjau.ee\/lv\/produkts\/pharmasentials-pusmitrieki-skin-coat-125-g\/#breadcrumb"},"inLanguage":"lv-LV","potentialAction":[{"@type":"ReadAction","target":["https:\/\/miumjau.ee\/lv\/produkts\/pharmasentials-pusmitrieki-skin-coat-125-g\/"]}]},{"@type":"ImageObject","inLanguage":"lv-LV","@id":"https:\/\/miumjau.ee\/lv\/produkts\/pharmasentials-pusmitrieki-skin-coat-125-g\/#primaryimage","url":"https:\/\/miumjau.ee\/wp-content\/uploads\/2025\/12\/pharmasentials-maiused-koertele4.png","contentUrl":"https:\/\/miumjau.ee\/wp-content\/uploads\/2025\/12\/pharmasentials-maiused-koertele4.png","width":600,"height":800,"caption":"Pharmasentials poolniisked maiused Skin & Coat"},{"@type":"BreadcrumbList","@id":"https:\/\/miumjau.ee\/lv\/produkts\/pharmasentials-pusmitrieki-skin-coat-125-g\/#breadcrumb","itemListElement":[{"@type":"ListItem","position":1,"name":"Home","item":"https:\/\/miumjau.ee\/lv\/"},{"@type":"ListItem","position":2,"name":"Veikals","item":"https:\/\/miumjau.ee\/lv\/veikals\/"},{"@type":"ListItem","position":3,"name":"Pharmasentials Pusmitrieki Skin &#038; Coat 125\u202fg"}]},{"@type":"WebSite","@id":"https:\/\/miumjau.ee\/#website","url":"https:\/\/miumjau.ee\/","name":"MiuMjau","description":"Kraapimispuud kassidele","publisher":{"@id":"https:\/\/miumjau.ee\/#organization"},"potentialAction":[{"@type":"SearchAction","target":{"@type":"EntryPoint","urlTemplate":"https:\/\/miumjau.ee\/?s={search_term_string}"},"query-input":{"@type":"PropertyValueSpecification","valueRequired":true,"valueName":"search_term_string"}}],"inLanguage":"lv-LV"},{"@type":"Organization","@id":"https:\/\/miumjau.ee\/#organization","name":"MiuMjau O\u00dc","url":"https:\/\/miumjau.ee\/","logo":{"@type":"ImageObject","inLanguage":"lv-LV","@id":"https:\/\/miumjau.ee\/#\/schema\/logo\/image\/","url":"https:\/\/miumjau.ee\/wp-content\/uploads\/2022\/04\/MiuMjau-logo-kollane.png","contentUrl":"https:\/\/miumjau.ee\/wp-content\/uploads\/2022\/04\/MiuMjau-logo-kollane.png","width":219,"height":100,"caption":"MiuMjau O\u00dc"},"image":{"@id":"https:\/\/miumjau.ee\/#\/schema\/logo\/image\/"},"sameAs":["https:\/\/www.facebook.com\/miumjaupood\/"]}]}},"_links":{"self":[{"href":"https:\/\/miumjau.ee\/lv\/wp-json\/wp\/v2\/product\/51495","targetHints":{"allow":["GET"]}}],"collection":[{"href":"https:\/\/miumjau.ee\/lv\/wp-json\/wp\/v2\/product"}],"about":[{"href":"https:\/\/miumjau.ee\/lv\/wp-json\/wp\/v2\/types\/product"}],"wp:featuredmedia":[{"embeddable":true,"href":"https:\/\/miumjau.ee\/lv\/wp-json\/wp\/v2\/media\/49801"}],"wp:attachment":[{"href":"https:\/\/miumjau.ee\/lv\/wp-json\/wp\/v2\/media?parent=51495"}],"wp:term":[{"taxonomy":"product_brand","embeddable":true,"href":"https:\/\/miumjau.ee\/lv\/wp-json\/wp\/v2\/product_brand?post=51495"},{"taxonomy":"product_cat","embeddable":true,"href":"https:\/\/miumjau.ee\/lv\/wp-json\/wp\/v2\/product_cat?post=51495"},{"taxonomy":"product_tag","embeddable":true,"href":"https:\/\/miumjau.ee\/lv\/wp-json\/wp\/v2\/product_tag?post=51495"}],"curies":[{"name":"wp","href":"https:\/\/api.w.org\/{rel}","templated":true}]}}