{"id":51485,"date":"2026-01-05T15:46:21","date_gmt":"2026-01-05T13:46:21","guid":{"rendered":"https:\/\/miumjau.ee\/toode\/dr-malou-saldie-kupinati-karumnieki-suniem-48-g-6-gab\/"},"modified":"2026-01-07T21:12:23","modified_gmt":"2026-01-07T19:12:23","slug":"dr-malou-saldie-kupinati-karumnieki-suniem-48-g-6-gab","status":"publish","type":"product","link":"https:\/\/miumjau.ee\/lv\/produkts\/dr-malou-saldie-kupinati-karumnieki-suniem-48-g-6-gab\/","title":{"rendered":"Dr Malou Saldie k\u016bpin\u0101ti k\u0101rumnieki su\u0146iem 48\u202fg, 6 gab."},"content":{"rendered":"","protected":false},"excerpt":{"rendered":"<p data-start=\"4344\" data-end=\"4639\">Vesel\u012bgs na\u0161\u0137is, kas sniedz prieku un aktivit\u0101ti! \ud83c\udf6d<br data-start=\"4396\" data-end=\"4399\" \/>Mekl\u0113jat veidu, k\u0101 atalgojuma laik\u0101 savam sunim sniegt kaut ko vesel\u012bgu, gar\u0161\u012bgu un aizraujo\u0161u? Dr. Malou saldie k\u016bpin\u0101ti k\u0101rumnieki nav parastie na\u0161\u0137i \u2013 tie p\u0101rv\u0113r\u0161 atalgojumu par interakt\u012bvu sp\u0113li un sniedz sunim stimul\u0113jo\u0161u aktivit\u0101ti.<\/p>\n<p data-start=\"4641\" data-end=\"4829\">\u0160is gar\u0161u komplekts satur tr\u012bs da\u017e\u0101das funkcion\u0101las gar\u0161as, kas saglab\u0101tas ar maig\u0101 sald\u0113\u0161anas metodi, saglab\u0101jot 100\u202f% dab\u012bgo gar\u0161u un visus v\u0113rt\u012bgos uzturvielas bez m\u0101ksl\u012bg\u0101m piedev\u0101m.<\/p>\n<p data-start=\"4831\" data-end=\"4863\"><strong data-start=\"4831\" data-end=\"4861\">K\u0101p\u0113c J\u016bsu suns tos m\u012bl\u0113s:<\/strong><\/p>\n<ul data-start=\"4864\" data-end=\"5554\">\n<li data-start=\"4864\" data-end=\"4946\">\n<p data-start=\"4866\" data-end=\"4946\"><strong data-start=\"4866\" data-end=\"4890\">Augsts ga\u013cas saturs:<\/strong> Izgatavoti no 94\u202f% kvalitat\u012bvas vistas ga\u013cas un aknu.<\/p>\n<\/li>\n<li data-start=\"4947\" data-end=\"5193\">\n<p data-start=\"4949\" data-end=\"4994\"><strong data-start=\"4949\" data-end=\"4992\">Tr\u012bs vesel\u012bgas gar\u0161as vien\u0101 iepakojum\u0101:<\/strong><\/p>\n<ul data-start=\"4997\" data-end=\"5193\">\n<li data-start=\"4997\" data-end=\"5062\">\n<p data-start=\"4999\" data-end=\"5062\"><strong data-start=\"4999\" data-end=\"5010\">\u0136irbis:<\/strong> Atbalsta gremo\u0161anu, bag\u0101ts ar B- un E vitam\u012bniem.<\/p>\n<\/li>\n<li data-start=\"5065\" data-end=\"5118\">\n<p data-start=\"5067\" data-end=\"5118\"><strong data-start=\"5067\" data-end=\"5080\">Mellenes:<\/strong> Sp\u0113c\u012bgs dab\u012bgs antioksidantu avots.<\/p>\n<\/li>\n<li data-start=\"5121\" data-end=\"5193\">\n<p data-start=\"5123\" data-end=\"5193\"><strong data-start=\"5123\" data-end=\"5137\">Dz\u0113rvenes:<\/strong> Atbalsta ur\u012bnce\u013cu vesel\u012bbu un sniedz C vitam\u012bna devu.<\/p>\n<\/li>\n<\/ul>\n<\/li>\n<li data-start=\"5194\" data-end=\"5393\">\n<p data-start=\"5196\" data-end=\"5393\"><strong data-start=\"5196\" data-end=\"5220\">Rado\u0161i un att\u012bsto\u0161i:<\/strong> Laiz\u012b\u0161ana un ko\u0161\u013c\u0101\u0161ana nomierina suni un sniedz aktivit\u0101ti. Turiet n\u016bji\u0146u rok\u0101s, lai stiprin\u0101tu saikni ar savu m\u012bluli, vai dodiet krauk\u0161\u0137\u012bgo disku patst\u0101v\u012bgai baud\u012b\u0161anai.<\/p>\n<\/li>\n<li data-start=\"5394\" data-end=\"5554\">\n<p data-start=\"5396\" data-end=\"5554\"><strong data-start=\"5396\" data-end=\"5426\">100\u202f% dab\u012bgas sast\u0101vda\u013cas:<\/strong> Bez graudaugiem, ga\u013cas miltiem, cukura, konservantiem vai kr\u0101sviel\u0101m. N\u016bji\u0146a izgatavota no netoksiskas pap\u012bra (nesaudz\u0113jama).<\/p>\n<\/li>\n<\/ul>\n<p data-start=\"5556\" data-end=\"5570\"><strong data-start=\"5556\" data-end=\"5568\">Sast\u0101vs:<\/strong><\/p>\n<ul data-start=\"5571\" data-end=\"5973\">\n<li data-start=\"5571\" data-end=\"5701\">\n<p data-start=\"5573\" data-end=\"5701\"><strong data-start=\"5573\" data-end=\"5590\">\u0136irbju gar\u0161a:<\/strong> Sald\u0113ti vistas ga\u013ca 84\u202f%, sald\u0113ta vistas akna 10\u202f%, \u017e\u0101v\u0113ts \u0137irbis 2,5\u202f%, jamss pulveris 3\u202f%, celuloze 0,5\u202f%.<\/p>\n<\/li>\n<li data-start=\"5702\" data-end=\"5836\">\n<p data-start=\"5704\" data-end=\"5836\"><strong data-start=\"5704\" data-end=\"5722\">Melle\u0146u gar\u0161a:<\/strong> Sald\u0113ti vistas ga\u013ca 84\u202f%, sald\u0113ta vistas akna 10\u202f%, \u017e\u0101v\u0113tas mellenes 2,5\u202f%, jamss pulveris 3\u202f%, celuloze 0,5\u202f%.<\/p>\n<\/li>\n<li data-start=\"5837\" data-end=\"5973\">\n<p data-start=\"5839\" data-end=\"5973\"><strong data-start=\"5839\" data-end=\"5858\">Dz\u0113rve\u0146u gar\u0161a:<\/strong> Sald\u0113ti vistas ga\u013ca 84\u202f%, sald\u0113ta vistas akna 10\u202f%, \u017e\u0101v\u0113tas dz\u0113rvenes 2,5\u202f%, jamss pulveris 3\u202f%, celuloze 0,5\u202f%.<\/p>\n<\/li>\n<\/ul>\n<p data-start=\"5975\" data-end=\"6018\">Dabiski saglab\u0101ts ar rozmar\u012bna ekstraktu.<\/p>\n<p data-start=\"6020\" data-end=\"6187\"><strong data-start=\"6020\" data-end=\"6045\">Anal\u012btiskais sast\u0101vs:<\/strong> Olbaltumvielas 72\u202f%; Tauki 10\u202f%; \u0160\u0137iedra 2\u202f%; Pelni 6\u202f%; Mitrums 6\u202f%<br data-start=\"6114\" data-end=\"6117\" \/><strong data-start=\"6117\" data-end=\"6141\">Ener\u0123\u0113tisk\u0101 v\u0113rt\u012bba:<\/strong> 351 kcal\/100\u202fg (viens 6\u202fg saldums ~21\u202fkcal)<\/p>\n<p data-start=\"6189\" data-end=\"6350\"><strong data-start=\"6189\" data-end=\"6203\">Lieto\u0161ana:<\/strong> Pied\u0101v\u0101jiet k\u0101 uzkodu vai balvu. Iepakojum\u0101 6 gab. Piem\u0113rots vis\u0101m \u0161\u0137irn\u0113m. Nodro\u0161iniet, lai sunim vienm\u0113r b\u016btu pieejams svaigs dzeramais \u016bdens.<\/p>\n","protected":false},"featured_media":51233,"template":"","meta":[],"product_brand":[],"product_cat":[576],"product_tag":[],"class_list":{"0":"post-51485","1":"product","2":"type-product","3":"status-publish","4":"has-post-thumbnail","6":"product_cat-naski-suniem","8":"first","9":"instock","10":"taxable","11":"shipping-taxable","12":"purchasable","13":"product-type-simple"},"yoast_head":"<!-- This site is optimized with the Yoast SEO plugin v27.2 - https:\/\/yoast.com\/product\/yoast-seo-wordpress\/ -->\n<title>Dr Malou Saldie k\u016bpin\u0101ti k\u0101rumnieki su\u0146iem 48\u202fg, 6 gab. - MiuMjau<\/title>\n<meta name=\"robots\" content=\"index, follow, max-snippet:-1, max-image-preview:large, max-video-preview:-1\" \/>\n<link rel=\"canonical\" href=\"https:\/\/miumjau.ee\/lv\/produkts\/dr-malou-saldie-kupinati-karumnieki-suniem-48-g-6-gab\/\" \/>\n<meta property=\"og:locale\" content=\"lv_LV\" \/>\n<meta property=\"og:type\" content=\"article\" \/>\n<meta property=\"og:title\" content=\"Dr Malou Saldie k\u016bpin\u0101ti k\u0101rumnieki su\u0146iem 48\u202fg, 6 gab. - MiuMjau\" \/>\n<meta property=\"og:description\" content=\"Vesel\u012bgs na\u0161\u0137is, kas sniedz prieku un aktivit\u0101ti! \ud83c\udf6dMekl\u0113jat veidu, k\u0101 atalgojuma laik\u0101 savam sunim sniegt kaut ko vesel\u012bgu, gar\u0161\u012bgu un aizraujo\u0161u? Dr. Malou saldie k\u016bpin\u0101ti k\u0101rumnieki nav parastie na\u0161\u0137i \u2013 tie p\u0101rv\u0113r\u0161 atalgojumu par interakt\u012bvu sp\u0113li un sniedz sunim stimul\u0113jo\u0161u aktivit\u0101ti. \u0160is gar\u0161u komplekts satur tr\u012bs da\u017e\u0101das funkcion\u0101las gar\u0161as, kas saglab\u0101tas ar maig\u0101 sald\u0113\u0161anas metodi, saglab\u0101jot 100\u202f% dab\u012bgo gar\u0161u un visus v\u0113rt\u012bgos uzturvielas bez m\u0101ksl\u012bg\u0101m piedev\u0101m. K\u0101p\u0113c J\u016bsu suns tos m\u012bl\u0113s:     Augsts ga\u013cas saturs: Izgatavoti no 94\u202f% kvalitat\u012bvas vistas ga\u013cas un aknu.    Tr\u012bs vesel\u012bgas gar\u0161as vien\u0101 iepakojum\u0101:     \u0136irbis: Atbalsta gremo\u0161anu, bag\u0101ts ar B- un E vitam\u012bniem.    Mellenes: Sp\u0113c\u012bgs dab\u012bgs antioksidantu avots.    Dz\u0113rvenes: Atbalsta ur\u012bnce\u013cu vesel\u012bbu un sniedz C vitam\u012bna devu.      Rado\u0161i un att\u012bsto\u0161i: Laiz\u012b\u0161ana un ko\u0161\u013c\u0101\u0161ana nomierina suni un sniedz aktivit\u0101ti. Turiet n\u016bji\u0146u rok\u0101s, lai stiprin\u0101tu saikni ar savu m\u012bluli, vai dodiet krauk\u0161\u0137\u012bgo disku patst\u0101v\u012bgai baud\u012b\u0161anai.    100\u202f% dab\u012bgas sast\u0101vda\u013cas: Bez graudaugiem, ga\u013cas miltiem, cukura, konservantiem vai kr\u0101sviel\u0101m. N\u016bji\u0146a izgatavota no netoksiskas pap\u012bra (nesaudz\u0113jama).   Sast\u0101vs:     \u0136irbju gar\u0161a: Sald\u0113ti vistas ga\u013ca 84\u202f%, sald\u0113ta vistas akna 10\u202f%, \u017e\u0101v\u0113ts \u0137irbis 2,5\u202f%, jamss pulveris 3\u202f%, celuloze 0,5\u202f%.    Melle\u0146u gar\u0161a: Sald\u0113ti vistas ga\u013ca 84\u202f%, sald\u0113ta vistas akna 10\u202f%, \u017e\u0101v\u0113tas mellenes 2,5\u202f%, jamss pulveris 3\u202f%, celuloze 0,5\u202f%.    Dz\u0113rve\u0146u gar\u0161a: Sald\u0113ti vistas ga\u013ca 84\u202f%, sald\u0113ta vistas akna 10\u202f%, \u017e\u0101v\u0113tas dz\u0113rvenes 2,5\u202f%, jamss pulveris 3\u202f%, celuloze 0,5\u202f%.   Dabiski saglab\u0101ts ar rozmar\u012bna ekstraktu. Anal\u012btiskais sast\u0101vs: Olbaltumvielas 72\u202f%; Tauki 10\u202f%; \u0160\u0137iedra 2\u202f%; Pelni 6\u202f%; Mitrums 6\u202f%Ener\u0123\u0113tisk\u0101 v\u0113rt\u012bba: 351 kcal\/100\u202fg (viens 6\u202fg saldums ~21\u202fkcal) Lieto\u0161ana: Pied\u0101v\u0101jiet k\u0101 uzkodu vai balvu. Iepakojum\u0101 6 gab. Piem\u0113rots vis\u0101m \u0161\u0137irn\u0113m. Nodro\u0161iniet, lai sunim vienm\u0113r b\u016btu pieejams svaigs dzeramais \u016bdens.\" \/>\n<meta property=\"og:url\" content=\"https:\/\/miumjau.ee\/lv\/produkts\/dr-malou-saldie-kupinati-karumnieki-suniem-48-g-6-gab\/\" \/>\n<meta property=\"og:site_name\" content=\"MiuMjau\" \/>\n<meta property=\"article:publisher\" content=\"https:\/\/www.facebook.com\/miumjaupood\/\" \/>\n<meta property=\"article:modified_time\" content=\"2026-01-07T19:12:23+00:00\" \/>\n<meta property=\"og:image\" content=\"https:\/\/miumjau.ee\/wp-content\/uploads\/2026\/01\/koeramaiused-kulmkuivatatud5.jpg\" \/>\n\t<meta property=\"og:image:width\" content=\"600\" \/>\n\t<meta property=\"og:image:height\" content=\"800\" \/>\n\t<meta property=\"og:image:type\" content=\"image\/jpeg\" \/>\n<meta name=\"twitter:card\" content=\"summary_large_image\" \/>\n<script type=\"application\/ld+json\" class=\"yoast-schema-graph\">{\"@context\":\"https:\/\/schema.org\",\"@graph\":[{\"@type\":\"WebPage\",\"@id\":\"https:\/\/miumjau.ee\/lv\/produkts\/dr-malou-saldie-kupinati-karumnieki-suniem-48-g-6-gab\/\",\"url\":\"https:\/\/miumjau.ee\/lv\/produkts\/dr-malou-saldie-kupinati-karumnieki-suniem-48-g-6-gab\/\",\"name\":\"Dr Malou Saldie k\u016bpin\u0101ti k\u0101rumnieki su\u0146iem 48\u202fg, 6 gab. - MiuMjau\",\"isPartOf\":{\"@id\":\"https:\/\/miumjau.ee\/#website\"},\"primaryImageOfPage\":{\"@id\":\"https:\/\/miumjau.ee\/lv\/produkts\/dr-malou-saldie-kupinati-karumnieki-suniem-48-g-6-gab\/#primaryimage\"},\"image\":{\"@id\":\"https:\/\/miumjau.ee\/lv\/produkts\/dr-malou-saldie-kupinati-karumnieki-suniem-48-g-6-gab\/#primaryimage\"},\"thumbnailUrl\":\"https:\/\/miumjau.ee\/wp-content\/uploads\/2026\/01\/koeramaiused-kulmkuivatatud5.jpg\",\"datePublished\":\"2026-01-05T13:46:21+00:00\",\"dateModified\":\"2026-01-07T19:12:23+00:00\",\"breadcrumb\":{\"@id\":\"https:\/\/miumjau.ee\/lv\/produkts\/dr-malou-saldie-kupinati-karumnieki-suniem-48-g-6-gab\/#breadcrumb\"},\"inLanguage\":\"lv-LV\",\"potentialAction\":[{\"@type\":\"ReadAction\",\"target\":[\"https:\/\/miumjau.ee\/lv\/produkts\/dr-malou-saldie-kupinati-karumnieki-suniem-48-g-6-gab\/\"]}]},{\"@type\":\"ImageObject\",\"inLanguage\":\"lv-LV\",\"@id\":\"https:\/\/miumjau.ee\/lv\/produkts\/dr-malou-saldie-kupinati-karumnieki-suniem-48-g-6-gab\/#primaryimage\",\"url\":\"https:\/\/miumjau.ee\/wp-content\/uploads\/2026\/01\/koeramaiused-kulmkuivatatud5.jpg\",\"contentUrl\":\"https:\/\/miumjau.ee\/wp-content\/uploads\/2026\/01\/koeramaiused-kulmkuivatatud5.jpg\",\"width\":600,\"height\":800,\"caption\":\"Dr Malou k\u00fclmkuivatatud pulgakommid koerale 48g, 6tk\"},{\"@type\":\"BreadcrumbList\",\"@id\":\"https:\/\/miumjau.ee\/lv\/produkts\/dr-malou-saldie-kupinati-karumnieki-suniem-48-g-6-gab\/#breadcrumb\",\"itemListElement\":[{\"@type\":\"ListItem\",\"position\":1,\"name\":\"Home\",\"item\":\"https:\/\/miumjau.ee\/lv\/\"},{\"@type\":\"ListItem\",\"position\":2,\"name\":\"Veikals\",\"item\":\"https:\/\/miumjau.ee\/lv\/veikals\/\"},{\"@type\":\"ListItem\",\"position\":3,\"name\":\"Dr Malou Saldie k\u016bpin\u0101ti k\u0101rumnieki su\u0146iem 48\u202fg, 6 gab.\"}]},{\"@type\":\"WebSite\",\"@id\":\"https:\/\/miumjau.ee\/#website\",\"url\":\"https:\/\/miumjau.ee\/\",\"name\":\"MiuMjau\",\"description\":\"Kraapimispuud kassidele\",\"publisher\":{\"@id\":\"https:\/\/miumjau.ee\/#organization\"},\"potentialAction\":[{\"@type\":\"SearchAction\",\"target\":{\"@type\":\"EntryPoint\",\"urlTemplate\":\"https:\/\/miumjau.ee\/?s={search_term_string}\"},\"query-input\":{\"@type\":\"PropertyValueSpecification\",\"valueRequired\":true,\"valueName\":\"search_term_string\"}}],\"inLanguage\":\"lv-LV\"},{\"@type\":\"Organization\",\"@id\":\"https:\/\/miumjau.ee\/#organization\",\"name\":\"MiuMjau O\u00dc\",\"url\":\"https:\/\/miumjau.ee\/\",\"logo\":{\"@type\":\"ImageObject\",\"inLanguage\":\"lv-LV\",\"@id\":\"https:\/\/miumjau.ee\/#\/schema\/logo\/image\/\",\"url\":\"https:\/\/miumjau.ee\/wp-content\/uploads\/2022\/04\/MiuMjau-logo-kollane.png\",\"contentUrl\":\"https:\/\/miumjau.ee\/wp-content\/uploads\/2022\/04\/MiuMjau-logo-kollane.png\",\"width\":219,\"height\":100,\"caption\":\"MiuMjau O\u00dc\"},\"image\":{\"@id\":\"https:\/\/miumjau.ee\/#\/schema\/logo\/image\/\"},\"sameAs\":[\"https:\/\/www.facebook.com\/miumjaupood\/\"]}]}<\/script>\n<!-- \/ Yoast SEO plugin. -->","yoast_head_json":{"title":"Dr Malou Saldie k\u016bpin\u0101ti k\u0101rumnieki su\u0146iem 48\u202fg, 6 gab. - MiuMjau","robots":{"index":"index","follow":"follow","max-snippet":"max-snippet:-1","max-image-preview":"max-image-preview:large","max-video-preview":"max-video-preview:-1"},"canonical":"https:\/\/miumjau.ee\/lv\/produkts\/dr-malou-saldie-kupinati-karumnieki-suniem-48-g-6-gab\/","og_locale":"lv_LV","og_type":"article","og_title":"Dr Malou Saldie k\u016bpin\u0101ti k\u0101rumnieki su\u0146iem 48\u202fg, 6 gab. - MiuMjau","og_description":"Vesel\u012bgs na\u0161\u0137is, kas sniedz prieku un aktivit\u0101ti! \ud83c\udf6dMekl\u0113jat veidu, k\u0101 atalgojuma laik\u0101 savam sunim sniegt kaut ko vesel\u012bgu, gar\u0161\u012bgu un aizraujo\u0161u? Dr. Malou saldie k\u016bpin\u0101ti k\u0101rumnieki nav parastie na\u0161\u0137i \u2013 tie p\u0101rv\u0113r\u0161 atalgojumu par interakt\u012bvu sp\u0113li un sniedz sunim stimul\u0113jo\u0161u aktivit\u0101ti. \u0160is gar\u0161u komplekts satur tr\u012bs da\u017e\u0101das funkcion\u0101las gar\u0161as, kas saglab\u0101tas ar maig\u0101 sald\u0113\u0161anas metodi, saglab\u0101jot 100\u202f% dab\u012bgo gar\u0161u un visus v\u0113rt\u012bgos uzturvielas bez m\u0101ksl\u012bg\u0101m piedev\u0101m. K\u0101p\u0113c J\u016bsu suns tos m\u012bl\u0113s:     Augsts ga\u013cas saturs: Izgatavoti no 94\u202f% kvalitat\u012bvas vistas ga\u013cas un aknu.    Tr\u012bs vesel\u012bgas gar\u0161as vien\u0101 iepakojum\u0101:     \u0136irbis: Atbalsta gremo\u0161anu, bag\u0101ts ar B- un E vitam\u012bniem.    Mellenes: Sp\u0113c\u012bgs dab\u012bgs antioksidantu avots.    Dz\u0113rvenes: Atbalsta ur\u012bnce\u013cu vesel\u012bbu un sniedz C vitam\u012bna devu.      Rado\u0161i un att\u012bsto\u0161i: Laiz\u012b\u0161ana un ko\u0161\u013c\u0101\u0161ana nomierina suni un sniedz aktivit\u0101ti. Turiet n\u016bji\u0146u rok\u0101s, lai stiprin\u0101tu saikni ar savu m\u012bluli, vai dodiet krauk\u0161\u0137\u012bgo disku patst\u0101v\u012bgai baud\u012b\u0161anai.    100\u202f% dab\u012bgas sast\u0101vda\u013cas: Bez graudaugiem, ga\u013cas miltiem, cukura, konservantiem vai kr\u0101sviel\u0101m. N\u016bji\u0146a izgatavota no netoksiskas pap\u012bra (nesaudz\u0113jama).   Sast\u0101vs:     \u0136irbju gar\u0161a: Sald\u0113ti vistas ga\u013ca 84\u202f%, sald\u0113ta vistas akna 10\u202f%, \u017e\u0101v\u0113ts \u0137irbis 2,5\u202f%, jamss pulveris 3\u202f%, celuloze 0,5\u202f%.    Melle\u0146u gar\u0161a: Sald\u0113ti vistas ga\u013ca 84\u202f%, sald\u0113ta vistas akna 10\u202f%, \u017e\u0101v\u0113tas mellenes 2,5\u202f%, jamss pulveris 3\u202f%, celuloze 0,5\u202f%.    Dz\u0113rve\u0146u gar\u0161a: Sald\u0113ti vistas ga\u013ca 84\u202f%, sald\u0113ta vistas akna 10\u202f%, \u017e\u0101v\u0113tas dz\u0113rvenes 2,5\u202f%, jamss pulveris 3\u202f%, celuloze 0,5\u202f%.   Dabiski saglab\u0101ts ar rozmar\u012bna ekstraktu. Anal\u012btiskais sast\u0101vs: Olbaltumvielas 72\u202f%; Tauki 10\u202f%; \u0160\u0137iedra 2\u202f%; Pelni 6\u202f%; Mitrums 6\u202f%Ener\u0123\u0113tisk\u0101 v\u0113rt\u012bba: 351 kcal\/100\u202fg (viens 6\u202fg saldums ~21\u202fkcal) Lieto\u0161ana: Pied\u0101v\u0101jiet k\u0101 uzkodu vai balvu. Iepakojum\u0101 6 gab. Piem\u0113rots vis\u0101m \u0161\u0137irn\u0113m. Nodro\u0161iniet, lai sunim vienm\u0113r b\u016btu pieejams svaigs dzeramais \u016bdens.","og_url":"https:\/\/miumjau.ee\/lv\/produkts\/dr-malou-saldie-kupinati-karumnieki-suniem-48-g-6-gab\/","og_site_name":"MiuMjau","article_publisher":"https:\/\/www.facebook.com\/miumjaupood\/","article_modified_time":"2026-01-07T19:12:23+00:00","og_image":[{"width":600,"height":800,"url":"https:\/\/miumjau.ee\/wp-content\/uploads\/2026\/01\/koeramaiused-kulmkuivatatud5.jpg","type":"image\/jpeg"}],"twitter_card":"summary_large_image","schema":{"@context":"https:\/\/schema.org","@graph":[{"@type":"WebPage","@id":"https:\/\/miumjau.ee\/lv\/produkts\/dr-malou-saldie-kupinati-karumnieki-suniem-48-g-6-gab\/","url":"https:\/\/miumjau.ee\/lv\/produkts\/dr-malou-saldie-kupinati-karumnieki-suniem-48-g-6-gab\/","name":"Dr Malou Saldie k\u016bpin\u0101ti k\u0101rumnieki su\u0146iem 48\u202fg, 6 gab. - MiuMjau","isPartOf":{"@id":"https:\/\/miumjau.ee\/#website"},"primaryImageOfPage":{"@id":"https:\/\/miumjau.ee\/lv\/produkts\/dr-malou-saldie-kupinati-karumnieki-suniem-48-g-6-gab\/#primaryimage"},"image":{"@id":"https:\/\/miumjau.ee\/lv\/produkts\/dr-malou-saldie-kupinati-karumnieki-suniem-48-g-6-gab\/#primaryimage"},"thumbnailUrl":"https:\/\/miumjau.ee\/wp-content\/uploads\/2026\/01\/koeramaiused-kulmkuivatatud5.jpg","datePublished":"2026-01-05T13:46:21+00:00","dateModified":"2026-01-07T19:12:23+00:00","breadcrumb":{"@id":"https:\/\/miumjau.ee\/lv\/produkts\/dr-malou-saldie-kupinati-karumnieki-suniem-48-g-6-gab\/#breadcrumb"},"inLanguage":"lv-LV","potentialAction":[{"@type":"ReadAction","target":["https:\/\/miumjau.ee\/lv\/produkts\/dr-malou-saldie-kupinati-karumnieki-suniem-48-g-6-gab\/"]}]},{"@type":"ImageObject","inLanguage":"lv-LV","@id":"https:\/\/miumjau.ee\/lv\/produkts\/dr-malou-saldie-kupinati-karumnieki-suniem-48-g-6-gab\/#primaryimage","url":"https:\/\/miumjau.ee\/wp-content\/uploads\/2026\/01\/koeramaiused-kulmkuivatatud5.jpg","contentUrl":"https:\/\/miumjau.ee\/wp-content\/uploads\/2026\/01\/koeramaiused-kulmkuivatatud5.jpg","width":600,"height":800,"caption":"Dr Malou k\u00fclmkuivatatud pulgakommid koerale 48g, 6tk"},{"@type":"BreadcrumbList","@id":"https:\/\/miumjau.ee\/lv\/produkts\/dr-malou-saldie-kupinati-karumnieki-suniem-48-g-6-gab\/#breadcrumb","itemListElement":[{"@type":"ListItem","position":1,"name":"Home","item":"https:\/\/miumjau.ee\/lv\/"},{"@type":"ListItem","position":2,"name":"Veikals","item":"https:\/\/miumjau.ee\/lv\/veikals\/"},{"@type":"ListItem","position":3,"name":"Dr Malou Saldie k\u016bpin\u0101ti k\u0101rumnieki su\u0146iem 48\u202fg, 6 gab."}]},{"@type":"WebSite","@id":"https:\/\/miumjau.ee\/#website","url":"https:\/\/miumjau.ee\/","name":"MiuMjau","description":"Kraapimispuud kassidele","publisher":{"@id":"https:\/\/miumjau.ee\/#organization"},"potentialAction":[{"@type":"SearchAction","target":{"@type":"EntryPoint","urlTemplate":"https:\/\/miumjau.ee\/?s={search_term_string}"},"query-input":{"@type":"PropertyValueSpecification","valueRequired":true,"valueName":"search_term_string"}}],"inLanguage":"lv-LV"},{"@type":"Organization","@id":"https:\/\/miumjau.ee\/#organization","name":"MiuMjau O\u00dc","url":"https:\/\/miumjau.ee\/","logo":{"@type":"ImageObject","inLanguage":"lv-LV","@id":"https:\/\/miumjau.ee\/#\/schema\/logo\/image\/","url":"https:\/\/miumjau.ee\/wp-content\/uploads\/2022\/04\/MiuMjau-logo-kollane.png","contentUrl":"https:\/\/miumjau.ee\/wp-content\/uploads\/2022\/04\/MiuMjau-logo-kollane.png","width":219,"height":100,"caption":"MiuMjau O\u00dc"},"image":{"@id":"https:\/\/miumjau.ee\/#\/schema\/logo\/image\/"},"sameAs":["https:\/\/www.facebook.com\/miumjaupood\/"]}]}},"_links":{"self":[{"href":"https:\/\/miumjau.ee\/lv\/wp-json\/wp\/v2\/product\/51485","targetHints":{"allow":["GET"]}}],"collection":[{"href":"https:\/\/miumjau.ee\/lv\/wp-json\/wp\/v2\/product"}],"about":[{"href":"https:\/\/miumjau.ee\/lv\/wp-json\/wp\/v2\/types\/product"}],"wp:featuredmedia":[{"embeddable":true,"href":"https:\/\/miumjau.ee\/lv\/wp-json\/wp\/v2\/media\/51233"}],"wp:attachment":[{"href":"https:\/\/miumjau.ee\/lv\/wp-json\/wp\/v2\/media?parent=51485"}],"wp:term":[{"taxonomy":"product_brand","embeddable":true,"href":"https:\/\/miumjau.ee\/lv\/wp-json\/wp\/v2\/product_brand?post=51485"},{"taxonomy":"product_cat","embeddable":true,"href":"https:\/\/miumjau.ee\/lv\/wp-json\/wp\/v2\/product_cat?post=51485"},{"taxonomy":"product_tag","embeddable":true,"href":"https:\/\/miumjau.ee\/lv\/wp-json\/wp\/v2\/product_tag?post=51485"}],"curies":[{"name":"wp","href":"https:\/\/api.w.org\/{rel}","templated":true}]}}