{"id":51480,"date":"2026-01-05T15:13:50","date_gmt":"2026-01-05T13:13:50","guid":{"rendered":"https:\/\/miumjau.ee\/toode\/dr-malou-kalteti-vistinputnu-olas-suniem-48-g-6-gab\/"},"modified":"2026-01-07T21:12:23","modified_gmt":"2026-01-07T19:12:23","slug":"dr-malou-kalteti-vistinputnu-olas-suniem-48-g-6-gab","status":"publish","type":"product","link":"https:\/\/miumjau.ee\/lv\/produkts\/dr-malou-kalteti-vistinputnu-olas-suniem-48-g-6-gab\/","title":{"rendered":"Kalt\u0113ti visti\u0146putnu olas, biot\u012bns, omega, 100\u202fg"},"content":{"rendered":"","protected":false},"excerpt":{"rendered":"<p data-start=\"3179\" data-end=\"3416\">Dabas t\u012br\u0101 sp\u0113ks J\u016bsu sunim un ka\u0137im! \ud83d\udc3e<br data-start=\"3219\" data-end=\"3222\" \/>Vai v\u0113lies savam \u010detrk\u0101jainajam draugam pied\u0101v\u0101t kaut ko vair\u0101k nek\u0101 tikai k\u0101rumu? Dr. Malou kalt\u0113t\u0101s visti\u0146putnu olas ir \u012bsts vesel\u012bbas kokteilis, kas liek sunim mirdz\u0113t ac\u012bs un vicin\u0101t asti!<\/p>\n<p data-start=\"3418\" data-end=\"3655\">Visti\u0146putnu olas ir paz\u012bstamas ar izcilu uzturv\u0113rt\u012bbu. Maiga kalt\u0113\u0161ana saglab\u0101 visas vitam\u012bnus, miner\u0101lvielas un enz\u012bmus tie\u0161i t\u0101, k\u0101 tos rad\u012bjusi daba. Tas ir t\u012brs, vesel\u012bgs un gar\u0161\u012bgs papildin\u0101jums, kas padara katru \u0113dienreizi \u012bpa\u0161u.<\/p>\n<p data-start=\"3657\" data-end=\"3703\"><strong data-start=\"3657\" data-end=\"3701\">K\u0101p\u0113c izv\u0113l\u0113ties visti\u0146putnu dzeltenumu?<\/strong><\/p>\n<ul data-start=\"3704\" data-end=\"4245\">\n<li data-start=\"3704\" data-end=\"3816\">\n<p data-start=\"3706\" data-end=\"3816\"><strong data-start=\"3706\" data-end=\"3739\">Sp\u012bd\u012bgs ka\u017eoks un vesela \u0101da:<\/strong> Augsts biot\u012bna un omega tauksk\u0101bju saturs padara ka\u017eoku m\u012bkstu un sp\u012bd\u012bgu.<\/p>\n<\/li>\n<li data-start=\"3817\" data-end=\"3936\">\n<p data-start=\"3819\" data-end=\"3936\"><strong data-start=\"3819\" data-end=\"3839\">Stipra vesel\u012bba:<\/strong> Bag\u0101ts A, B, E vitam\u012bnu, dzelzs un fosfora avots, atbalsta im\u016bnsist\u0113mu un organisma att\u012bst\u012bbu.<\/p>\n<\/li>\n<li data-start=\"3937\" data-end=\"4106\">\n<p data-start=\"3939\" data-end=\"4106\"><strong data-start=\"3939\" data-end=\"3963\">Viegl\u0101k sagremojams:<\/strong> Lieliski piem\u0113rots jut\u012bg\u0101m v\u0113deriem un aler\u0123iskiem su\u0146iem (visti\u0146putnu olas bie\u017ei tiek uzskat\u012btas par hipoaler\u0123isku alternat\u012bvu vistu ol\u0101m).<\/p>\n<\/li>\n<li data-start=\"4107\" data-end=\"4245\">\n<p data-start=\"4109\" data-end=\"4245\"><strong data-start=\"4109\" data-end=\"4125\">\u0112rti lietot:<\/strong> Nav nepiecie\u0161ams sasmalcin\u0101t \u010daumalas, nav nek\u0101rt\u012bbas \u2013 vienk\u0101r\u0161i uzkaisiet uz bar\u012bbas vai dodiet k\u0101 vesel\u012bgu k\u0101rumu.<\/p>\n<\/li>\n<\/ul>\n<p data-start=\"4247\" data-end=\"4303\"><strong data-start=\"4247\" data-end=\"4259\">Sast\u0101vs:<\/strong> 100\u202f% kalt\u0113ts visti\u0146putnu olu dzeltenums.<\/p>\n<p data-start=\"4305\" data-end=\"4402\"><strong data-start=\"4305\" data-end=\"4336\">Anal\u012btisk\u0101 sast\u0101vs (100\u202fg):<\/strong> Olbaltumvielas 32,5\u202f%; Tauki 54,2\u202f%; Pelni 3,8\u202f%; Mitrums 1,5\u202f%<\/p>\n<p data-start=\"4404\" data-end=\"4613\"><strong data-start=\"4404\" data-end=\"4431\">Lieto\u0161anas instrukcija:<\/strong> Sasmalciniet uzbaro\u0161anai uz parast\u0101s bar\u012bbas vai dodiet veselu k\u0101 balvu. Aizmirstiet tabletes un citus uztura bag\u0101tin\u0101t\u0101jus, ja visas vajadz\u012bg\u0101s vielas var ieg\u016bt no \u012bsta p\u0101rtikas.<\/p>\n","protected":false},"featured_media":51215,"template":"","meta":[],"product_brand":[],"product_cat":[570,576,870],"product_tag":[],"class_list":{"0":"post-51480","1":"product","2":"type-product","3":"status-publish","4":"has-post-thumbnail","6":"product_cat-naski","7":"product_cat-naski-suniem","8":"product_cat-uztura-bagatinataji-suniem","10":"first","11":"instock","12":"taxable","13":"shipping-taxable","14":"purchasable","15":"product-type-simple"},"yoast_head":"<!-- This site is optimized with the Yoast SEO plugin v27.2 - https:\/\/yoast.com\/product\/yoast-seo-wordpress\/ -->\n<title>Kalt\u0113ti visti\u0146putnu olas, biot\u012bns, omega, 100\u202fg - MiuMjau<\/title>\n<meta name=\"robots\" content=\"index, follow, max-snippet:-1, max-image-preview:large, max-video-preview:-1\" \/>\n<link rel=\"canonical\" href=\"https:\/\/miumjau.ee\/lv\/produkts\/dr-malou-kalteti-vistinputnu-olas-suniem-48-g-6-gab\/\" \/>\n<meta property=\"og:locale\" content=\"lv_LV\" \/>\n<meta property=\"og:type\" content=\"article\" \/>\n<meta property=\"og:title\" content=\"Kalt\u0113ti visti\u0146putnu olas, biot\u012bns, omega, 100\u202fg - MiuMjau\" \/>\n<meta property=\"og:description\" content=\"Dabas t\u012br\u0101 sp\u0113ks J\u016bsu sunim un ka\u0137im! \ud83d\udc3eVai v\u0113lies savam \u010detrk\u0101jainajam draugam pied\u0101v\u0101t kaut ko vair\u0101k nek\u0101 tikai k\u0101rumu? Dr. Malou kalt\u0113t\u0101s visti\u0146putnu olas ir \u012bsts vesel\u012bbas kokteilis, kas liek sunim mirdz\u0113t ac\u012bs un vicin\u0101t asti! Visti\u0146putnu olas ir paz\u012bstamas ar izcilu uzturv\u0113rt\u012bbu. Maiga kalt\u0113\u0161ana saglab\u0101 visas vitam\u012bnus, miner\u0101lvielas un enz\u012bmus tie\u0161i t\u0101, k\u0101 tos rad\u012bjusi daba. Tas ir t\u012brs, vesel\u012bgs un gar\u0161\u012bgs papildin\u0101jums, kas padara katru \u0113dienreizi \u012bpa\u0161u. K\u0101p\u0113c izv\u0113l\u0113ties visti\u0146putnu dzeltenumu?     Sp\u012bd\u012bgs ka\u017eoks un vesela \u0101da: Augsts biot\u012bna un omega tauksk\u0101bju saturs padara ka\u017eoku m\u012bkstu un sp\u012bd\u012bgu.    Stipra vesel\u012bba: Bag\u0101ts A, B, E vitam\u012bnu, dzelzs un fosfora avots, atbalsta im\u016bnsist\u0113mu un organisma att\u012bst\u012bbu.    Viegl\u0101k sagremojams: Lieliski piem\u0113rots jut\u012bg\u0101m v\u0113deriem un aler\u0123iskiem su\u0146iem (visti\u0146putnu olas bie\u017ei tiek uzskat\u012btas par hipoaler\u0123isku alternat\u012bvu vistu ol\u0101m).    \u0112rti lietot: Nav nepiecie\u0161ams sasmalcin\u0101t \u010daumalas, nav nek\u0101rt\u012bbas \u2013 vienk\u0101r\u0161i uzkaisiet uz bar\u012bbas vai dodiet k\u0101 vesel\u012bgu k\u0101rumu.   Sast\u0101vs: 100\u202f% kalt\u0113ts visti\u0146putnu olu dzeltenums. Anal\u012btisk\u0101 sast\u0101vs (100\u202fg): Olbaltumvielas 32,5\u202f%; Tauki 54,2\u202f%; Pelni 3,8\u202f%; Mitrums 1,5\u202f% Lieto\u0161anas instrukcija: Sasmalciniet uzbaro\u0161anai uz parast\u0101s bar\u012bbas vai dodiet veselu k\u0101 balvu. Aizmirstiet tabletes un citus uztura bag\u0101tin\u0101t\u0101jus, ja visas vajadz\u012bg\u0101s vielas var ieg\u016bt no \u012bsta p\u0101rtikas.\" \/>\n<meta property=\"og:url\" content=\"https:\/\/miumjau.ee\/lv\/produkts\/dr-malou-kalteti-vistinputnu-olas-suniem-48-g-6-gab\/\" \/>\n<meta property=\"og:site_name\" content=\"MiuMjau\" \/>\n<meta property=\"article:publisher\" content=\"https:\/\/www.facebook.com\/miumjaupood\/\" \/>\n<meta property=\"article:modified_time\" content=\"2026-01-07T19:12:23+00:00\" \/>\n<meta property=\"og:image\" content=\"https:\/\/miumjau.ee\/wp-content\/uploads\/2026\/01\/vutimunad-kulmkuivatatud-koertele1.jpg\" \/>\n\t<meta property=\"og:image:width\" content=\"600\" \/>\n\t<meta property=\"og:image:height\" content=\"800\" \/>\n\t<meta property=\"og:image:type\" content=\"image\/jpeg\" \/>\n<meta name=\"twitter:card\" content=\"summary_large_image\" \/>\n<script type=\"application\/ld+json\" class=\"yoast-schema-graph\">{\"@context\":\"https:\/\/schema.org\",\"@graph\":[{\"@type\":\"WebPage\",\"@id\":\"https:\/\/miumjau.ee\/lv\/produkts\/dr-malou-kalteti-vistinputnu-olas-suniem-48-g-6-gab\/\",\"url\":\"https:\/\/miumjau.ee\/lv\/produkts\/dr-malou-kalteti-vistinputnu-olas-suniem-48-g-6-gab\/\",\"name\":\"Kalt\u0113ti visti\u0146putnu olas, biot\u012bns, omega, 100\u202fg - MiuMjau\",\"isPartOf\":{\"@id\":\"https:\/\/miumjau.ee\/#website\"},\"primaryImageOfPage\":{\"@id\":\"https:\/\/miumjau.ee\/lv\/produkts\/dr-malou-kalteti-vistinputnu-olas-suniem-48-g-6-gab\/#primaryimage\"},\"image\":{\"@id\":\"https:\/\/miumjau.ee\/lv\/produkts\/dr-malou-kalteti-vistinputnu-olas-suniem-48-g-6-gab\/#primaryimage\"},\"thumbnailUrl\":\"https:\/\/miumjau.ee\/wp-content\/uploads\/2026\/01\/vutimunad-kulmkuivatatud-koertele1.jpg\",\"datePublished\":\"2026-01-05T13:13:50+00:00\",\"dateModified\":\"2026-01-07T19:12:23+00:00\",\"breadcrumb\":{\"@id\":\"https:\/\/miumjau.ee\/lv\/produkts\/dr-malou-kalteti-vistinputnu-olas-suniem-48-g-6-gab\/#breadcrumb\"},\"inLanguage\":\"lv-LV\",\"potentialAction\":[{\"@type\":\"ReadAction\",\"target\":[\"https:\/\/miumjau.ee\/lv\/produkts\/dr-malou-kalteti-vistinputnu-olas-suniem-48-g-6-gab\/\"]}]},{\"@type\":\"ImageObject\",\"inLanguage\":\"lv-LV\",\"@id\":\"https:\/\/miumjau.ee\/lv\/produkts\/dr-malou-kalteti-vistinputnu-olas-suniem-48-g-6-gab\/#primaryimage\",\"url\":\"https:\/\/miumjau.ee\/wp-content\/uploads\/2026\/01\/vutimunad-kulmkuivatatud-koertele1.jpg\",\"contentUrl\":\"https:\/\/miumjau.ee\/wp-content\/uploads\/2026\/01\/vutimunad-kulmkuivatatud-koertele1.jpg\",\"width\":600,\"height\":800,\"caption\":\"K\u00fclmkuivatatud vuti munad, biotiin, oomega, 100g\"},{\"@type\":\"BreadcrumbList\",\"@id\":\"https:\/\/miumjau.ee\/lv\/produkts\/dr-malou-kalteti-vistinputnu-olas-suniem-48-g-6-gab\/#breadcrumb\",\"itemListElement\":[{\"@type\":\"ListItem\",\"position\":1,\"name\":\"Home\",\"item\":\"https:\/\/miumjau.ee\/lv\/\"},{\"@type\":\"ListItem\",\"position\":2,\"name\":\"Veikals\",\"item\":\"https:\/\/miumjau.ee\/lv\/veikals\/\"},{\"@type\":\"ListItem\",\"position\":3,\"name\":\"Kalt\u0113ti visti\u0146putnu olas, biot\u012bns, omega, 100\u202fg\"}]},{\"@type\":\"WebSite\",\"@id\":\"https:\/\/miumjau.ee\/#website\",\"url\":\"https:\/\/miumjau.ee\/\",\"name\":\"MiuMjau\",\"description\":\"Kraapimispuud kassidele\",\"publisher\":{\"@id\":\"https:\/\/miumjau.ee\/#organization\"},\"potentialAction\":[{\"@type\":\"SearchAction\",\"target\":{\"@type\":\"EntryPoint\",\"urlTemplate\":\"https:\/\/miumjau.ee\/?s={search_term_string}\"},\"query-input\":{\"@type\":\"PropertyValueSpecification\",\"valueRequired\":true,\"valueName\":\"search_term_string\"}}],\"inLanguage\":\"lv-LV\"},{\"@type\":\"Organization\",\"@id\":\"https:\/\/miumjau.ee\/#organization\",\"name\":\"MiuMjau O\u00dc\",\"url\":\"https:\/\/miumjau.ee\/\",\"logo\":{\"@type\":\"ImageObject\",\"inLanguage\":\"lv-LV\",\"@id\":\"https:\/\/miumjau.ee\/#\/schema\/logo\/image\/\",\"url\":\"https:\/\/miumjau.ee\/wp-content\/uploads\/2022\/04\/MiuMjau-logo-kollane.png\",\"contentUrl\":\"https:\/\/miumjau.ee\/wp-content\/uploads\/2022\/04\/MiuMjau-logo-kollane.png\",\"width\":219,\"height\":100,\"caption\":\"MiuMjau O\u00dc\"},\"image\":{\"@id\":\"https:\/\/miumjau.ee\/#\/schema\/logo\/image\/\"},\"sameAs\":[\"https:\/\/www.facebook.com\/miumjaupood\/\"]}]}<\/script>\n<!-- \/ Yoast SEO plugin. -->","yoast_head_json":{"title":"Kalt\u0113ti visti\u0146putnu olas, biot\u012bns, omega, 100\u202fg - MiuMjau","robots":{"index":"index","follow":"follow","max-snippet":"max-snippet:-1","max-image-preview":"max-image-preview:large","max-video-preview":"max-video-preview:-1"},"canonical":"https:\/\/miumjau.ee\/lv\/produkts\/dr-malou-kalteti-vistinputnu-olas-suniem-48-g-6-gab\/","og_locale":"lv_LV","og_type":"article","og_title":"Kalt\u0113ti visti\u0146putnu olas, biot\u012bns, omega, 100\u202fg - MiuMjau","og_description":"Dabas t\u012br\u0101 sp\u0113ks J\u016bsu sunim un ka\u0137im! \ud83d\udc3eVai v\u0113lies savam \u010detrk\u0101jainajam draugam pied\u0101v\u0101t kaut ko vair\u0101k nek\u0101 tikai k\u0101rumu? Dr. Malou kalt\u0113t\u0101s visti\u0146putnu olas ir \u012bsts vesel\u012bbas kokteilis, kas liek sunim mirdz\u0113t ac\u012bs un vicin\u0101t asti! Visti\u0146putnu olas ir paz\u012bstamas ar izcilu uzturv\u0113rt\u012bbu. Maiga kalt\u0113\u0161ana saglab\u0101 visas vitam\u012bnus, miner\u0101lvielas un enz\u012bmus tie\u0161i t\u0101, k\u0101 tos rad\u012bjusi daba. Tas ir t\u012brs, vesel\u012bgs un gar\u0161\u012bgs papildin\u0101jums, kas padara katru \u0113dienreizi \u012bpa\u0161u. K\u0101p\u0113c izv\u0113l\u0113ties visti\u0146putnu dzeltenumu?     Sp\u012bd\u012bgs ka\u017eoks un vesela \u0101da: Augsts biot\u012bna un omega tauksk\u0101bju saturs padara ka\u017eoku m\u012bkstu un sp\u012bd\u012bgu.    Stipra vesel\u012bba: Bag\u0101ts A, B, E vitam\u012bnu, dzelzs un fosfora avots, atbalsta im\u016bnsist\u0113mu un organisma att\u012bst\u012bbu.    Viegl\u0101k sagremojams: Lieliski piem\u0113rots jut\u012bg\u0101m v\u0113deriem un aler\u0123iskiem su\u0146iem (visti\u0146putnu olas bie\u017ei tiek uzskat\u012btas par hipoaler\u0123isku alternat\u012bvu vistu ol\u0101m).    \u0112rti lietot: Nav nepiecie\u0161ams sasmalcin\u0101t \u010daumalas, nav nek\u0101rt\u012bbas \u2013 vienk\u0101r\u0161i uzkaisiet uz bar\u012bbas vai dodiet k\u0101 vesel\u012bgu k\u0101rumu.   Sast\u0101vs: 100\u202f% kalt\u0113ts visti\u0146putnu olu dzeltenums. Anal\u012btisk\u0101 sast\u0101vs (100\u202fg): Olbaltumvielas 32,5\u202f%; Tauki 54,2\u202f%; Pelni 3,8\u202f%; Mitrums 1,5\u202f% Lieto\u0161anas instrukcija: Sasmalciniet uzbaro\u0161anai uz parast\u0101s bar\u012bbas vai dodiet veselu k\u0101 balvu. Aizmirstiet tabletes un citus uztura bag\u0101tin\u0101t\u0101jus, ja visas vajadz\u012bg\u0101s vielas var ieg\u016bt no \u012bsta p\u0101rtikas.","og_url":"https:\/\/miumjau.ee\/lv\/produkts\/dr-malou-kalteti-vistinputnu-olas-suniem-48-g-6-gab\/","og_site_name":"MiuMjau","article_publisher":"https:\/\/www.facebook.com\/miumjaupood\/","article_modified_time":"2026-01-07T19:12:23+00:00","og_image":[{"width":600,"height":800,"url":"https:\/\/miumjau.ee\/wp-content\/uploads\/2026\/01\/vutimunad-kulmkuivatatud-koertele1.jpg","type":"image\/jpeg"}],"twitter_card":"summary_large_image","schema":{"@context":"https:\/\/schema.org","@graph":[{"@type":"WebPage","@id":"https:\/\/miumjau.ee\/lv\/produkts\/dr-malou-kalteti-vistinputnu-olas-suniem-48-g-6-gab\/","url":"https:\/\/miumjau.ee\/lv\/produkts\/dr-malou-kalteti-vistinputnu-olas-suniem-48-g-6-gab\/","name":"Kalt\u0113ti visti\u0146putnu olas, biot\u012bns, omega, 100\u202fg - MiuMjau","isPartOf":{"@id":"https:\/\/miumjau.ee\/#website"},"primaryImageOfPage":{"@id":"https:\/\/miumjau.ee\/lv\/produkts\/dr-malou-kalteti-vistinputnu-olas-suniem-48-g-6-gab\/#primaryimage"},"image":{"@id":"https:\/\/miumjau.ee\/lv\/produkts\/dr-malou-kalteti-vistinputnu-olas-suniem-48-g-6-gab\/#primaryimage"},"thumbnailUrl":"https:\/\/miumjau.ee\/wp-content\/uploads\/2026\/01\/vutimunad-kulmkuivatatud-koertele1.jpg","datePublished":"2026-01-05T13:13:50+00:00","dateModified":"2026-01-07T19:12:23+00:00","breadcrumb":{"@id":"https:\/\/miumjau.ee\/lv\/produkts\/dr-malou-kalteti-vistinputnu-olas-suniem-48-g-6-gab\/#breadcrumb"},"inLanguage":"lv-LV","potentialAction":[{"@type":"ReadAction","target":["https:\/\/miumjau.ee\/lv\/produkts\/dr-malou-kalteti-vistinputnu-olas-suniem-48-g-6-gab\/"]}]},{"@type":"ImageObject","inLanguage":"lv-LV","@id":"https:\/\/miumjau.ee\/lv\/produkts\/dr-malou-kalteti-vistinputnu-olas-suniem-48-g-6-gab\/#primaryimage","url":"https:\/\/miumjau.ee\/wp-content\/uploads\/2026\/01\/vutimunad-kulmkuivatatud-koertele1.jpg","contentUrl":"https:\/\/miumjau.ee\/wp-content\/uploads\/2026\/01\/vutimunad-kulmkuivatatud-koertele1.jpg","width":600,"height":800,"caption":"K\u00fclmkuivatatud vuti munad, biotiin, oomega, 100g"},{"@type":"BreadcrumbList","@id":"https:\/\/miumjau.ee\/lv\/produkts\/dr-malou-kalteti-vistinputnu-olas-suniem-48-g-6-gab\/#breadcrumb","itemListElement":[{"@type":"ListItem","position":1,"name":"Home","item":"https:\/\/miumjau.ee\/lv\/"},{"@type":"ListItem","position":2,"name":"Veikals","item":"https:\/\/miumjau.ee\/lv\/veikals\/"},{"@type":"ListItem","position":3,"name":"Kalt\u0113ti visti\u0146putnu olas, biot\u012bns, omega, 100\u202fg"}]},{"@type":"WebSite","@id":"https:\/\/miumjau.ee\/#website","url":"https:\/\/miumjau.ee\/","name":"MiuMjau","description":"Kraapimispuud kassidele","publisher":{"@id":"https:\/\/miumjau.ee\/#organization"},"potentialAction":[{"@type":"SearchAction","target":{"@type":"EntryPoint","urlTemplate":"https:\/\/miumjau.ee\/?s={search_term_string}"},"query-input":{"@type":"PropertyValueSpecification","valueRequired":true,"valueName":"search_term_string"}}],"inLanguage":"lv-LV"},{"@type":"Organization","@id":"https:\/\/miumjau.ee\/#organization","name":"MiuMjau O\u00dc","url":"https:\/\/miumjau.ee\/","logo":{"@type":"ImageObject","inLanguage":"lv-LV","@id":"https:\/\/miumjau.ee\/#\/schema\/logo\/image\/","url":"https:\/\/miumjau.ee\/wp-content\/uploads\/2022\/04\/MiuMjau-logo-kollane.png","contentUrl":"https:\/\/miumjau.ee\/wp-content\/uploads\/2022\/04\/MiuMjau-logo-kollane.png","width":219,"height":100,"caption":"MiuMjau O\u00dc"},"image":{"@id":"https:\/\/miumjau.ee\/#\/schema\/logo\/image\/"},"sameAs":["https:\/\/www.facebook.com\/miumjaupood\/"]}]}},"_links":{"self":[{"href":"https:\/\/miumjau.ee\/lv\/wp-json\/wp\/v2\/product\/51480","targetHints":{"allow":["GET"]}}],"collection":[{"href":"https:\/\/miumjau.ee\/lv\/wp-json\/wp\/v2\/product"}],"about":[{"href":"https:\/\/miumjau.ee\/lv\/wp-json\/wp\/v2\/types\/product"}],"wp:featuredmedia":[{"embeddable":true,"href":"https:\/\/miumjau.ee\/lv\/wp-json\/wp\/v2\/media\/51215"}],"wp:attachment":[{"href":"https:\/\/miumjau.ee\/lv\/wp-json\/wp\/v2\/media?parent=51480"}],"wp:term":[{"taxonomy":"product_brand","embeddable":true,"href":"https:\/\/miumjau.ee\/lv\/wp-json\/wp\/v2\/product_brand?post=51480"},{"taxonomy":"product_cat","embeddable":true,"href":"https:\/\/miumjau.ee\/lv\/wp-json\/wp\/v2\/product_cat?post=51480"},{"taxonomy":"product_tag","embeddable":true,"href":"https:\/\/miumjau.ee\/lv\/wp-json\/wp\/v2\/product_tag?post=51480"}],"curies":[{"name":"wp","href":"https:\/\/api.w.org\/{rel}","templated":true}]}}