{"id":51474,"date":"2026-01-05T11:09:39","date_gmt":"2026-01-05T09:09:39","guid":{"rendered":"https:\/\/miumjau.ee\/toode\/frigera-trusisa-adas-kocins-jutigam-sunu-skirnem-1-gab\/"},"modified":"2026-02-04T10:50:29","modified_gmt":"2026-02-04T08:50:29","slug":"frigera-trusisa-adas-kocins-jutigam-sunu-skirnem-1-gab","status":"publish","type":"product","link":"https:\/\/miumjau.ee\/lv\/produkts\/frigera-trusisa-adas-kocins-jutigam-sunu-skirnem-1-gab\/","title":{"rendered":"Frigera trus\u012b\u0161a \u0101das koci\u0146\u0161 jut\u012bg\u0101m su\u0146u \u0161\u0137irn\u0113m 1 gab."},"content":{"rendered":"","protected":false},"excerpt":{"rendered":"<p data-start=\"2834\" data-end=\"3038\">Dz\u012bvnieku kaulu un ragu vid\u016b nav viegli atrast iztur\u012bgu un dab\u012bgu ko\u0161\u013c\u0101jamo gardumu jut\u012bg\u0101m su\u0146iem. Iepaz\u012bstieties ar m\u016bsu friGERA trus\u012b\u0161a \u0101das rulli \u2013 \u012bstu ko\u0161\u013c\u0101jam\u0101 prieku j\u016bsu \u010detrk\u0101jainajam draugam!<\/p>\n<p data-start=\"3040\" data-end=\"3359\">M\u016bsu trus\u012b\u0161a \u0101das rullis ir hipoaler\u0123isks ko\u0161\u013c\u0101jamais, nesatur glut\u0113nu un graudus. Atbild\u012bgi ieg\u016bts, bag\u0101ts ar olbaltumviel\u0101m un kolag\u0113nu, kas atbalsta musku\u013cu un saistaudu att\u012bst\u012bbu, vienlaikus uzturot \u0101du vesel\u012bgu un ka\u017eoku sp\u012bd\u012bgu. Turkl\u0101t tas ir zemu tauku saturu un nesatur m\u0101ksl\u012bgas kr\u0101svielas vai konservantus.<\/p>\n<p data-start=\"3361\" data-end=\"3667\">At\u0161\u0137ir\u012bb\u0101 no kauliem un ragiem, kas var b\u016bt p\u0101r\u0101k cieti vec\u0101kiem vai jut\u012bg\u0101kiem su\u0146iem, m\u016bsu trus\u012b\u0161a \u0101da ir m\u012bkst\u0101ka un elast\u012bg\u0101ka. Tom\u0113r t\u0101 nodro\u0161ina pietiekamu ko\u0161\u013c\u0101\u0161anas prieku dien\u0101m vai pat ned\u0113\u013c\u0101m. Ko\u0161\u013c\u0101\u0161ana samazina zobu aplikumu un akmeni, stiprina \u017eok\u013cu musku\u013cus un mazina trauksmi \u2013 viss vien\u0101!<\/p>\n<ul data-start=\"3669\" data-end=\"3937\">\n<li data-start=\"3669\" data-end=\"3693\">\n<p data-start=\"3671\" data-end=\"3693\"><strong data-start=\"3671\" data-end=\"3686\">Neto svars:<\/strong> 85\u202fg<\/p>\n<\/li>\n<li data-start=\"3694\" data-end=\"3722\">\n<p data-start=\"3696\" data-end=\"3722\"><strong data-start=\"3696\" data-end=\"3708\">Sast\u0101vs:<\/strong> 100% trusis<\/p>\n<\/li>\n<li data-start=\"3723\" data-end=\"3937\">\n<p data-start=\"3725\" data-end=\"3937\"><strong data-start=\"3725\" data-end=\"3750\">Baro\u0161anas nor\u0101d\u012bjumi:<\/strong> Pied\u0101v\u0101jiet starp \u0113dienreiz\u0113m k\u0101 na\u0161\u0137i vai balvu k\u0101 da\u013cu no sabalans\u0113ta uztura. Vienm\u0113r uzraugiet savu suni, kam\u0113r tas ko\u0161\u013c\u0101. Vienm\u0113r nodro\u0161iniet pietiekami daudz svaiga dzeram\u0101 \u016bdens.<\/p>\n<\/li>\n<\/ul>\n<p data-start=\"3939\" data-end=\"4045\"><strong data-start=\"3939\" data-end=\"3962\">Anal\u012btisk\u0101 sast\u0101vs:<\/strong> Olbaltumvielas 42\u202f%; Tauki 6,5\u202f%; Pelni 4,5\u202f%; Rupj\u0101 \u0161\u0137iedra 0,2\u202f%; Mitrums 12\u202f%<\/p>\n","protected":false},"featured_media":51196,"template":"","meta":[],"product_brand":[],"product_cat":[576],"product_tag":[],"class_list":{"0":"post-51474","1":"product","2":"type-product","3":"status-publish","4":"has-post-thumbnail","6":"product_cat-naski-suniem","8":"first","9":"instock","10":"taxable","11":"shipping-taxable","12":"purchasable","13":"product-type-simple"},"yoast_head":"<!-- This site is optimized with the Yoast SEO plugin v27.2 - https:\/\/yoast.com\/product\/yoast-seo-wordpress\/ -->\n<title>Frigera trus\u012b\u0161a \u0101das koci\u0146\u0161 jut\u012bg\u0101m su\u0146u \u0161\u0137irn\u0113m 1 gab. - MiuMjau<\/title>\n<meta name=\"robots\" content=\"index, follow, max-snippet:-1, max-image-preview:large, max-video-preview:-1\" \/>\n<link rel=\"canonical\" href=\"https:\/\/miumjau.ee\/lv\/produkts\/frigera-trusisa-adas-kocins-jutigam-sunu-skirnem-1-gab\/\" \/>\n<meta property=\"og:locale\" content=\"lv_LV\" \/>\n<meta property=\"og:type\" content=\"article\" \/>\n<meta property=\"og:title\" content=\"Frigera trus\u012b\u0161a \u0101das koci\u0146\u0161 jut\u012bg\u0101m su\u0146u \u0161\u0137irn\u0113m 1 gab. - MiuMjau\" \/>\n<meta property=\"og:description\" content=\"Dz\u012bvnieku kaulu un ragu vid\u016b nav viegli atrast iztur\u012bgu un dab\u012bgu ko\u0161\u013c\u0101jamo gardumu jut\u012bg\u0101m su\u0146iem. Iepaz\u012bstieties ar m\u016bsu friGERA trus\u012b\u0161a \u0101das rulli \u2013 \u012bstu ko\u0161\u013c\u0101jam\u0101 prieku j\u016bsu \u010detrk\u0101jainajam draugam! M\u016bsu trus\u012b\u0161a \u0101das rullis ir hipoaler\u0123isks ko\u0161\u013c\u0101jamais, nesatur glut\u0113nu un graudus. Atbild\u012bgi ieg\u016bts, bag\u0101ts ar olbaltumviel\u0101m un kolag\u0113nu, kas atbalsta musku\u013cu un saistaudu att\u012bst\u012bbu, vienlaikus uzturot \u0101du vesel\u012bgu un ka\u017eoku sp\u012bd\u012bgu. Turkl\u0101t tas ir zemu tauku saturu un nesatur m\u0101ksl\u012bgas kr\u0101svielas vai konservantus. At\u0161\u0137ir\u012bb\u0101 no kauliem un ragiem, kas var b\u016bt p\u0101r\u0101k cieti vec\u0101kiem vai jut\u012bg\u0101kiem su\u0146iem, m\u016bsu trus\u012b\u0161a \u0101da ir m\u012bkst\u0101ka un elast\u012bg\u0101ka. Tom\u0113r t\u0101 nodro\u0161ina pietiekamu ko\u0161\u013c\u0101\u0161anas prieku dien\u0101m vai pat ned\u0113\u013c\u0101m. Ko\u0161\u013c\u0101\u0161ana samazina zobu aplikumu un akmeni, stiprina \u017eok\u013cu musku\u013cus un mazina trauksmi \u2013 viss vien\u0101!     Neto svars: 85\u202fg    Sast\u0101vs: 100% trusis    Baro\u0161anas nor\u0101d\u012bjumi: Pied\u0101v\u0101jiet starp \u0113dienreiz\u0113m k\u0101 na\u0161\u0137i vai balvu k\u0101 da\u013cu no sabalans\u0113ta uztura. Vienm\u0113r uzraugiet savu suni, kam\u0113r tas ko\u0161\u013c\u0101. Vienm\u0113r nodro\u0161iniet pietiekami daudz svaiga dzeram\u0101 \u016bdens.   Anal\u012btisk\u0101 sast\u0101vs: Olbaltumvielas 42\u202f%; Tauki 6,5\u202f%; Pelni 4,5\u202f%; Rupj\u0101 \u0161\u0137iedra 0,2\u202f%; Mitrums 12\u202f%\" \/>\n<meta property=\"og:url\" content=\"https:\/\/miumjau.ee\/lv\/produkts\/frigera-trusisa-adas-kocins-jutigam-sunu-skirnem-1-gab\/\" \/>\n<meta property=\"og:site_name\" content=\"MiuMjau\" \/>\n<meta property=\"article:publisher\" content=\"https:\/\/www.facebook.com\/miumjaupood\/\" \/>\n<meta property=\"article:modified_time\" content=\"2026-02-04T08:50:29+00:00\" \/>\n<meta property=\"og:image\" content=\"https:\/\/miumjau.ee\/wp-content\/uploads\/2026\/01\/janese-nahast-narimispulk.jpg\" \/>\n\t<meta property=\"og:image:width\" content=\"600\" \/>\n\t<meta property=\"og:image:height\" content=\"800\" \/>\n\t<meta property=\"og:image:type\" content=\"image\/jpeg\" \/>\n<meta name=\"twitter:card\" content=\"summary_large_image\" \/>\n<script type=\"application\/ld+json\" class=\"yoast-schema-graph\">{\"@context\":\"https:\/\/schema.org\",\"@graph\":[{\"@type\":\"WebPage\",\"@id\":\"https:\/\/miumjau.ee\/lv\/produkts\/frigera-trusisa-adas-kocins-jutigam-sunu-skirnem-1-gab\/\",\"url\":\"https:\/\/miumjau.ee\/lv\/produkts\/frigera-trusisa-adas-kocins-jutigam-sunu-skirnem-1-gab\/\",\"name\":\"Frigera trus\u012b\u0161a \u0101das koci\u0146\u0161 jut\u012bg\u0101m su\u0146u \u0161\u0137irn\u0113m 1 gab. - MiuMjau\",\"isPartOf\":{\"@id\":\"https:\/\/miumjau.ee\/#website\"},\"primaryImageOfPage\":{\"@id\":\"https:\/\/miumjau.ee\/lv\/produkts\/frigera-trusisa-adas-kocins-jutigam-sunu-skirnem-1-gab\/#primaryimage\"},\"image\":{\"@id\":\"https:\/\/miumjau.ee\/lv\/produkts\/frigera-trusisa-adas-kocins-jutigam-sunu-skirnem-1-gab\/#primaryimage\"},\"thumbnailUrl\":\"https:\/\/miumjau.ee\/wp-content\/uploads\/2026\/01\/janese-nahast-narimispulk.jpg\",\"datePublished\":\"2026-01-05T09:09:39+00:00\",\"dateModified\":\"2026-02-04T08:50:29+00:00\",\"breadcrumb\":{\"@id\":\"https:\/\/miumjau.ee\/lv\/produkts\/frigera-trusisa-adas-kocins-jutigam-sunu-skirnem-1-gab\/#breadcrumb\"},\"inLanguage\":\"lv-LV\",\"potentialAction\":[{\"@type\":\"ReadAction\",\"target\":[\"https:\/\/miumjau.ee\/lv\/produkts\/frigera-trusisa-adas-kocins-jutigam-sunu-skirnem-1-gab\/\"]}]},{\"@type\":\"ImageObject\",\"inLanguage\":\"lv-LV\",\"@id\":\"https:\/\/miumjau.ee\/lv\/produkts\/frigera-trusisa-adas-kocins-jutigam-sunu-skirnem-1-gab\/#primaryimage\",\"url\":\"https:\/\/miumjau.ee\/wp-content\/uploads\/2026\/01\/janese-nahast-narimispulk.jpg\",\"contentUrl\":\"https:\/\/miumjau.ee\/wp-content\/uploads\/2026\/01\/janese-nahast-narimispulk.jpg\",\"width\":600,\"height\":800,\"caption\":\"J\u00e4nese nahast n\u00e4rimispulk\"},{\"@type\":\"BreadcrumbList\",\"@id\":\"https:\/\/miumjau.ee\/lv\/produkts\/frigera-trusisa-adas-kocins-jutigam-sunu-skirnem-1-gab\/#breadcrumb\",\"itemListElement\":[{\"@type\":\"ListItem\",\"position\":1,\"name\":\"Home\",\"item\":\"https:\/\/miumjau.ee\/lv\/\"},{\"@type\":\"ListItem\",\"position\":2,\"name\":\"Veikals\",\"item\":\"https:\/\/miumjau.ee\/lv\/veikals\/\"},{\"@type\":\"ListItem\",\"position\":3,\"name\":\"Frigera trus\u012b\u0161a \u0101das koci\u0146\u0161 jut\u012bg\u0101m su\u0146u \u0161\u0137irn\u0113m 1 gab.\"}]},{\"@type\":\"WebSite\",\"@id\":\"https:\/\/miumjau.ee\/#website\",\"url\":\"https:\/\/miumjau.ee\/\",\"name\":\"MiuMjau\",\"description\":\"Kraapimispuud kassidele\",\"publisher\":{\"@id\":\"https:\/\/miumjau.ee\/#organization\"},\"potentialAction\":[{\"@type\":\"SearchAction\",\"target\":{\"@type\":\"EntryPoint\",\"urlTemplate\":\"https:\/\/miumjau.ee\/?s={search_term_string}\"},\"query-input\":{\"@type\":\"PropertyValueSpecification\",\"valueRequired\":true,\"valueName\":\"search_term_string\"}}],\"inLanguage\":\"lv-LV\"},{\"@type\":\"Organization\",\"@id\":\"https:\/\/miumjau.ee\/#organization\",\"name\":\"MiuMjau O\u00dc\",\"url\":\"https:\/\/miumjau.ee\/\",\"logo\":{\"@type\":\"ImageObject\",\"inLanguage\":\"lv-LV\",\"@id\":\"https:\/\/miumjau.ee\/#\/schema\/logo\/image\/\",\"url\":\"https:\/\/miumjau.ee\/wp-content\/uploads\/2022\/04\/MiuMjau-logo-kollane.png\",\"contentUrl\":\"https:\/\/miumjau.ee\/wp-content\/uploads\/2022\/04\/MiuMjau-logo-kollane.png\",\"width\":219,\"height\":100,\"caption\":\"MiuMjau O\u00dc\"},\"image\":{\"@id\":\"https:\/\/miumjau.ee\/#\/schema\/logo\/image\/\"},\"sameAs\":[\"https:\/\/www.facebook.com\/miumjaupood\/\"]}]}<\/script>\n<!-- \/ Yoast SEO plugin. -->","yoast_head_json":{"title":"Frigera trus\u012b\u0161a \u0101das koci\u0146\u0161 jut\u012bg\u0101m su\u0146u \u0161\u0137irn\u0113m 1 gab. - MiuMjau","robots":{"index":"index","follow":"follow","max-snippet":"max-snippet:-1","max-image-preview":"max-image-preview:large","max-video-preview":"max-video-preview:-1"},"canonical":"https:\/\/miumjau.ee\/lv\/produkts\/frigera-trusisa-adas-kocins-jutigam-sunu-skirnem-1-gab\/","og_locale":"lv_LV","og_type":"article","og_title":"Frigera trus\u012b\u0161a \u0101das koci\u0146\u0161 jut\u012bg\u0101m su\u0146u \u0161\u0137irn\u0113m 1 gab. - MiuMjau","og_description":"Dz\u012bvnieku kaulu un ragu vid\u016b nav viegli atrast iztur\u012bgu un dab\u012bgu ko\u0161\u013c\u0101jamo gardumu jut\u012bg\u0101m su\u0146iem. Iepaz\u012bstieties ar m\u016bsu friGERA trus\u012b\u0161a \u0101das rulli \u2013 \u012bstu ko\u0161\u013c\u0101jam\u0101 prieku j\u016bsu \u010detrk\u0101jainajam draugam! M\u016bsu trus\u012b\u0161a \u0101das rullis ir hipoaler\u0123isks ko\u0161\u013c\u0101jamais, nesatur glut\u0113nu un graudus. Atbild\u012bgi ieg\u016bts, bag\u0101ts ar olbaltumviel\u0101m un kolag\u0113nu, kas atbalsta musku\u013cu un saistaudu att\u012bst\u012bbu, vienlaikus uzturot \u0101du vesel\u012bgu un ka\u017eoku sp\u012bd\u012bgu. Turkl\u0101t tas ir zemu tauku saturu un nesatur m\u0101ksl\u012bgas kr\u0101svielas vai konservantus. At\u0161\u0137ir\u012bb\u0101 no kauliem un ragiem, kas var b\u016bt p\u0101r\u0101k cieti vec\u0101kiem vai jut\u012bg\u0101kiem su\u0146iem, m\u016bsu trus\u012b\u0161a \u0101da ir m\u012bkst\u0101ka un elast\u012bg\u0101ka. Tom\u0113r t\u0101 nodro\u0161ina pietiekamu ko\u0161\u013c\u0101\u0161anas prieku dien\u0101m vai pat ned\u0113\u013c\u0101m. Ko\u0161\u013c\u0101\u0161ana samazina zobu aplikumu un akmeni, stiprina \u017eok\u013cu musku\u013cus un mazina trauksmi \u2013 viss vien\u0101!     Neto svars: 85\u202fg    Sast\u0101vs: 100% trusis    Baro\u0161anas nor\u0101d\u012bjumi: Pied\u0101v\u0101jiet starp \u0113dienreiz\u0113m k\u0101 na\u0161\u0137i vai balvu k\u0101 da\u013cu no sabalans\u0113ta uztura. Vienm\u0113r uzraugiet savu suni, kam\u0113r tas ko\u0161\u013c\u0101. Vienm\u0113r nodro\u0161iniet pietiekami daudz svaiga dzeram\u0101 \u016bdens.   Anal\u012btisk\u0101 sast\u0101vs: Olbaltumvielas 42\u202f%; Tauki 6,5\u202f%; Pelni 4,5\u202f%; Rupj\u0101 \u0161\u0137iedra 0,2\u202f%; Mitrums 12\u202f%","og_url":"https:\/\/miumjau.ee\/lv\/produkts\/frigera-trusisa-adas-kocins-jutigam-sunu-skirnem-1-gab\/","og_site_name":"MiuMjau","article_publisher":"https:\/\/www.facebook.com\/miumjaupood\/","article_modified_time":"2026-02-04T08:50:29+00:00","og_image":[{"width":600,"height":800,"url":"https:\/\/miumjau.ee\/wp-content\/uploads\/2026\/01\/janese-nahast-narimispulk.jpg","type":"image\/jpeg"}],"twitter_card":"summary_large_image","schema":{"@context":"https:\/\/schema.org","@graph":[{"@type":"WebPage","@id":"https:\/\/miumjau.ee\/lv\/produkts\/frigera-trusisa-adas-kocins-jutigam-sunu-skirnem-1-gab\/","url":"https:\/\/miumjau.ee\/lv\/produkts\/frigera-trusisa-adas-kocins-jutigam-sunu-skirnem-1-gab\/","name":"Frigera trus\u012b\u0161a \u0101das koci\u0146\u0161 jut\u012bg\u0101m su\u0146u \u0161\u0137irn\u0113m 1 gab. - MiuMjau","isPartOf":{"@id":"https:\/\/miumjau.ee\/#website"},"primaryImageOfPage":{"@id":"https:\/\/miumjau.ee\/lv\/produkts\/frigera-trusisa-adas-kocins-jutigam-sunu-skirnem-1-gab\/#primaryimage"},"image":{"@id":"https:\/\/miumjau.ee\/lv\/produkts\/frigera-trusisa-adas-kocins-jutigam-sunu-skirnem-1-gab\/#primaryimage"},"thumbnailUrl":"https:\/\/miumjau.ee\/wp-content\/uploads\/2026\/01\/janese-nahast-narimispulk.jpg","datePublished":"2026-01-05T09:09:39+00:00","dateModified":"2026-02-04T08:50:29+00:00","breadcrumb":{"@id":"https:\/\/miumjau.ee\/lv\/produkts\/frigera-trusisa-adas-kocins-jutigam-sunu-skirnem-1-gab\/#breadcrumb"},"inLanguage":"lv-LV","potentialAction":[{"@type":"ReadAction","target":["https:\/\/miumjau.ee\/lv\/produkts\/frigera-trusisa-adas-kocins-jutigam-sunu-skirnem-1-gab\/"]}]},{"@type":"ImageObject","inLanguage":"lv-LV","@id":"https:\/\/miumjau.ee\/lv\/produkts\/frigera-trusisa-adas-kocins-jutigam-sunu-skirnem-1-gab\/#primaryimage","url":"https:\/\/miumjau.ee\/wp-content\/uploads\/2026\/01\/janese-nahast-narimispulk.jpg","contentUrl":"https:\/\/miumjau.ee\/wp-content\/uploads\/2026\/01\/janese-nahast-narimispulk.jpg","width":600,"height":800,"caption":"J\u00e4nese nahast n\u00e4rimispulk"},{"@type":"BreadcrumbList","@id":"https:\/\/miumjau.ee\/lv\/produkts\/frigera-trusisa-adas-kocins-jutigam-sunu-skirnem-1-gab\/#breadcrumb","itemListElement":[{"@type":"ListItem","position":1,"name":"Home","item":"https:\/\/miumjau.ee\/lv\/"},{"@type":"ListItem","position":2,"name":"Veikals","item":"https:\/\/miumjau.ee\/lv\/veikals\/"},{"@type":"ListItem","position":3,"name":"Frigera trus\u012b\u0161a \u0101das koci\u0146\u0161 jut\u012bg\u0101m su\u0146u \u0161\u0137irn\u0113m 1 gab."}]},{"@type":"WebSite","@id":"https:\/\/miumjau.ee\/#website","url":"https:\/\/miumjau.ee\/","name":"MiuMjau","description":"Kraapimispuud kassidele","publisher":{"@id":"https:\/\/miumjau.ee\/#organization"},"potentialAction":[{"@type":"SearchAction","target":{"@type":"EntryPoint","urlTemplate":"https:\/\/miumjau.ee\/?s={search_term_string}"},"query-input":{"@type":"PropertyValueSpecification","valueRequired":true,"valueName":"search_term_string"}}],"inLanguage":"lv-LV"},{"@type":"Organization","@id":"https:\/\/miumjau.ee\/#organization","name":"MiuMjau O\u00dc","url":"https:\/\/miumjau.ee\/","logo":{"@type":"ImageObject","inLanguage":"lv-LV","@id":"https:\/\/miumjau.ee\/#\/schema\/logo\/image\/","url":"https:\/\/miumjau.ee\/wp-content\/uploads\/2022\/04\/MiuMjau-logo-kollane.png","contentUrl":"https:\/\/miumjau.ee\/wp-content\/uploads\/2022\/04\/MiuMjau-logo-kollane.png","width":219,"height":100,"caption":"MiuMjau O\u00dc"},"image":{"@id":"https:\/\/miumjau.ee\/#\/schema\/logo\/image\/"},"sameAs":["https:\/\/www.facebook.com\/miumjaupood\/"]}]}},"_links":{"self":[{"href":"https:\/\/miumjau.ee\/lv\/wp-json\/wp\/v2\/product\/51474","targetHints":{"allow":["GET"]}}],"collection":[{"href":"https:\/\/miumjau.ee\/lv\/wp-json\/wp\/v2\/product"}],"about":[{"href":"https:\/\/miumjau.ee\/lv\/wp-json\/wp\/v2\/types\/product"}],"wp:featuredmedia":[{"embeddable":true,"href":"https:\/\/miumjau.ee\/lv\/wp-json\/wp\/v2\/media\/51196"}],"wp:attachment":[{"href":"https:\/\/miumjau.ee\/lv\/wp-json\/wp\/v2\/media?parent=51474"}],"wp:term":[{"taxonomy":"product_brand","embeddable":true,"href":"https:\/\/miumjau.ee\/lv\/wp-json\/wp\/v2\/product_brand?post=51474"},{"taxonomy":"product_cat","embeddable":true,"href":"https:\/\/miumjau.ee\/lv\/wp-json\/wp\/v2\/product_cat?post=51474"},{"taxonomy":"product_tag","embeddable":true,"href":"https:\/\/miumjau.ee\/lv\/wp-json\/wp\/v2\/product_tag?post=51474"}],"curies":[{"name":"wp","href":"https:\/\/api.w.org\/{rel}","templated":true}]}}