{"id":51469,"date":"2026-01-05T19:50:34","date_gmt":"2026-01-05T17:50:34","guid":{"rendered":"https:\/\/miumjau.ee\/toode\/dr-malou-saldeti-zaveti-kocinu-gardumi-kakiem-25-g-15-gab\/"},"modified":"2026-01-07T21:12:23","modified_gmt":"2026-01-07T19:12:23","slug":"dr-malou-saldeti-zaveti-kocinu-gardumi-kakiem-25-g-15-gab","status":"publish","type":"product","link":"https:\/\/miumjau.ee\/lv\/produkts\/dr-malou-saldeti-zaveti-kocinu-gardumi-kakiem-25-g-15-gab\/","title":{"rendered":"Dr Malou sald\u0113ti \u017e\u0101v\u0113ti koci\u0146u gardumi ka\u0137iem 25\u202fg, 15 gab."},"content":{"rendered":"","protected":false},"excerpt":{"rendered":"<p data-start=\"3896\" data-end=\"4234\">Gurmet pieredze, kas liek ka\u0137im ron\u0113t! \ud83c\udf6d<br data-start=\"3937\" data-end=\"3940\" \/>Vai Tavs ka\u0137is ir izv\u0113l\u012bgs vai v\u0113lies vi\u0146am pied\u0101v\u0101t kaut ko \u012bpa\u0161u? Dr. Malou sald\u0113ti \u017e\u0101v\u0113ti koci\u0146u gardumi ir rad\u012bti pat vispras\u012bg\u0101kajiem murk\u0161\u0137\u0113t\u0101jiem. T\u0101 nav vienk\u0101r\u0161a uzkoda, bet interakt\u012bva gar\u0161as pieredze, kas apvieno ka\u0137a dabisko laiz\u012b\u0161anas instinktu ar augstas kvalit\u0101tes sast\u0101vda\u013c\u0101m.<\/p>\n<p data-start=\"4236\" data-end=\"4398\">Sald\u0113ti \u017e\u0101v\u0113jot tiek saglab\u0101ta svaigas ga\u013cas smar\u017ea un gar\u0161a, pievilinot pat visizv\u0113l\u012bg\u0101kos ka\u0137us. Vesel\u012bgs, t\u012brs un pilnv\u0113rt\u012bgs na\u0161\u0137is, ko Tavam m\u012blulim vajag.<\/p>\n<p data-start=\"4400\" data-end=\"4456\"><strong data-start=\"4400\" data-end=\"4454\">K\u0101p\u0113c Dr Malou gardumi ir ka\u0137u \u012bpa\u0161nieku favor\u012bti:<\/strong><\/p>\n<ul data-start=\"4458\" data-end=\"5030\">\n<li data-start=\"4458\" data-end=\"4586\">\n<p data-start=\"4460\" data-end=\"4586\"><strong data-start=\"4460\" data-end=\"4487\">Maksim\u0101ls ga\u013cas saturs:<\/strong> Satur 94\u202f% augstas kvalit\u0101tes vistas un p\u012bles ga\u013cu ar akn\u0101m \u2013 tie\u0161i to, ko \u012bstam pl\u0113s\u0113jam vajag.<\/p>\n<\/li>\n<li data-start=\"4587\" data-end=\"4732\">\n<p data-start=\"4589\" data-end=\"4732\"><strong data-start=\"4589\" data-end=\"4619\">Aizraujo\u0161a gar\u0161u da\u017e\u0101d\u012bba:<\/strong> Katrs iepakojums satur funkcion\u0101las gar\u0161as (\u0137irbis, mellenes, dz\u0113rvenes), kas atbalsta gremo\u0161anu un imunit\u0101ti.<\/p>\n<\/li>\n<li data-start=\"4733\" data-end=\"4899\">\n<p data-start=\"4735\" data-end=\"4899\"><strong data-start=\"4735\" data-end=\"4761\">Laiz\u012b\u0161ana ir noder\u012bga:<\/strong> Laiz\u012b\u0161ana nomierina ka\u0137i. Turiet koci\u0146u rok\u0101 un izbaudiet br\u012bdi, kad ka\u0137is piln\u012bb\u0101 piev\u0113r\u0161as jums \u2013 lab\u0101kais veids, k\u0101 veidot uztic\u012bbu.<\/p>\n<\/li>\n<li data-start=\"4900\" data-end=\"5030\">\n<p data-start=\"4902\" data-end=\"5030\"><strong data-start=\"4902\" data-end=\"4924\">Vesel\u012bgs un dro\u0161s:<\/strong> Bez graudiem, bez cukura, bez m\u0101ksl\u012bgiem konservantiem. Zema kaloriju uzkoda, kas nesaboj\u0101 ka\u0137a fig\u016bru.<\/p>\n<\/li>\n<\/ul>\n<p data-start=\"5032\" data-end=\"5270\"><strong data-start=\"5032\" data-end=\"5062\">Sast\u0101vs (mais\u012bt\u0101s gar\u0161as):<\/strong> sald\u0113ti \u017e\u0101v\u0113ta vistas ga\u013ca, p\u012bles ga\u013ca, vistas aknas, p\u012bles aknas, jamss pulveris, piedevas (atkar\u012bb\u0101 no gar\u0161as: \u017e\u0101v\u0113ts \u0137irbis, mellenes vai dz\u0113rvenes), celuloze. Dabiski konserv\u0113ts ar rozmar\u012bna ekstraktu.<\/p>\n<p data-start=\"5272\" data-end=\"5382\"><strong data-start=\"5272\" data-end=\"5297\">Anal\u012btiskais sast\u0101vs:<\/strong> Olbaltumvielas 72\u202f%; Rupj\u0101 tauki 10\u202f%; Rupj\u0101s \u0161\u0137iedras 2\u202f%; Pelni 6\u202f%; Mitrums 6\u202f%<\/p>\n<p data-start=\"5384\" data-end=\"5475\"><strong data-start=\"5384\" data-end=\"5399\">Iepakojums:<\/strong> 15 gab. (apt. 25\u202fg katrs) \u2013 pietiekami, lai dal\u012btos gar\u0101s vakara stund\u0101s!<\/p>\n<p data-start=\"5477\" data-end=\"5634\"><strong data-start=\"5477\" data-end=\"5491\">Lieto\u0161ana:<\/strong> Turiet koci\u0146u rok\u0101 un \u013caujiet ka\u0137im laiz\u012bt, vai smalcini disku uz parast\u0101s bar\u012bbas, lai stimul\u0113tu apet\u012bti. Piez\u012bme: pap\u012bra koci\u0146\u0161 nav \u0113dams.<\/p>\n","protected":false},"featured_media":51256,"template":"","meta":[],"product_brand":[],"product_cat":[570],"product_tag":[],"class_list":{"0":"post-51469","1":"product","2":"type-product","3":"status-publish","4":"has-post-thumbnail","6":"product_cat-naski","8":"first","9":"instock","10":"taxable","11":"shipping-taxable","12":"purchasable","13":"product-type-simple"},"yoast_head":"<!-- This site is optimized with the Yoast SEO plugin v27.4 - https:\/\/yoast.com\/product\/yoast-seo-wordpress\/ -->\n<title>Dr Malou sald\u0113ti \u017e\u0101v\u0113ti koci\u0146u gardumi ka\u0137iem 25\u202fg, 15 gab. - MiuMjau<\/title>\n<meta name=\"robots\" content=\"index, follow, max-snippet:-1, max-image-preview:large, max-video-preview:-1\" \/>\n<link rel=\"canonical\" href=\"https:\/\/miumjau.ee\/lv\/produkts\/dr-malou-saldeti-zaveti-kocinu-gardumi-kakiem-25-g-15-gab\/\" \/>\n<meta property=\"og:locale\" content=\"lv_LV\" \/>\n<meta property=\"og:type\" content=\"article\" \/>\n<meta property=\"og:title\" content=\"Dr Malou sald\u0113ti \u017e\u0101v\u0113ti koci\u0146u gardumi ka\u0137iem 25\u202fg, 15 gab. - MiuMjau\" \/>\n<meta property=\"og:description\" content=\"Gurmet pieredze, kas liek ka\u0137im ron\u0113t! \ud83c\udf6dVai Tavs ka\u0137is ir izv\u0113l\u012bgs vai v\u0113lies vi\u0146am pied\u0101v\u0101t kaut ko \u012bpa\u0161u? Dr. Malou sald\u0113ti \u017e\u0101v\u0113ti koci\u0146u gardumi ir rad\u012bti pat vispras\u012bg\u0101kajiem murk\u0161\u0137\u0113t\u0101jiem. T\u0101 nav vienk\u0101r\u0161a uzkoda, bet interakt\u012bva gar\u0161as pieredze, kas apvieno ka\u0137a dabisko laiz\u012b\u0161anas instinktu ar augstas kvalit\u0101tes sast\u0101vda\u013c\u0101m. Sald\u0113ti \u017e\u0101v\u0113jot tiek saglab\u0101ta svaigas ga\u013cas smar\u017ea un gar\u0161a, pievilinot pat visizv\u0113l\u012bg\u0101kos ka\u0137us. Vesel\u012bgs, t\u012brs un pilnv\u0113rt\u012bgs na\u0161\u0137is, ko Tavam m\u012blulim vajag. K\u0101p\u0113c Dr Malou gardumi ir ka\u0137u \u012bpa\u0161nieku favor\u012bti:     Maksim\u0101ls ga\u013cas saturs: Satur 94\u202f% augstas kvalit\u0101tes vistas un p\u012bles ga\u013cu ar akn\u0101m \u2013 tie\u0161i to, ko \u012bstam pl\u0113s\u0113jam vajag.    Aizraujo\u0161a gar\u0161u da\u017e\u0101d\u012bba: Katrs iepakojums satur funkcion\u0101las gar\u0161as (\u0137irbis, mellenes, dz\u0113rvenes), kas atbalsta gremo\u0161anu un imunit\u0101ti.    Laiz\u012b\u0161ana ir noder\u012bga: Laiz\u012b\u0161ana nomierina ka\u0137i. Turiet koci\u0146u rok\u0101 un izbaudiet br\u012bdi, kad ka\u0137is piln\u012bb\u0101 piev\u0113r\u0161as jums \u2013 lab\u0101kais veids, k\u0101 veidot uztic\u012bbu.    Vesel\u012bgs un dro\u0161s: Bez graudiem, bez cukura, bez m\u0101ksl\u012bgiem konservantiem. Zema kaloriju uzkoda, kas nesaboj\u0101 ka\u0137a fig\u016bru.   Sast\u0101vs (mais\u012bt\u0101s gar\u0161as): sald\u0113ti \u017e\u0101v\u0113ta vistas ga\u013ca, p\u012bles ga\u013ca, vistas aknas, p\u012bles aknas, jamss pulveris, piedevas (atkar\u012bb\u0101 no gar\u0161as: \u017e\u0101v\u0113ts \u0137irbis, mellenes vai dz\u0113rvenes), celuloze. Dabiski konserv\u0113ts ar rozmar\u012bna ekstraktu. Anal\u012btiskais sast\u0101vs: Olbaltumvielas 72\u202f%; Rupj\u0101 tauki 10\u202f%; Rupj\u0101s \u0161\u0137iedras 2\u202f%; Pelni 6\u202f%; Mitrums 6\u202f% Iepakojums: 15 gab. (apt. 25\u202fg katrs) \u2013 pietiekami, lai dal\u012btos gar\u0101s vakara stund\u0101s! Lieto\u0161ana: Turiet koci\u0146u rok\u0101 un \u013caujiet ka\u0137im laiz\u012bt, vai smalcini disku uz parast\u0101s bar\u012bbas, lai stimul\u0113tu apet\u012bti. Piez\u012bme: pap\u012bra koci\u0146\u0161 nav \u0113dams.\" \/>\n<meta property=\"og:url\" content=\"https:\/\/miumjau.ee\/lv\/produkts\/dr-malou-saldeti-zaveti-kocinu-gardumi-kakiem-25-g-15-gab\/\" \/>\n<meta property=\"og:site_name\" content=\"MiuMjau\" \/>\n<meta property=\"article:publisher\" content=\"https:\/\/www.facebook.com\/miumjaupood\/\" \/>\n<meta property=\"article:modified_time\" content=\"2026-01-07T19:12:23+00:00\" \/>\n<meta property=\"og:image\" content=\"https:\/\/miumjau.ee\/wp-content\/uploads\/2026\/01\/dr-malou-kassi-maiused-pulgakommid.png\" \/>\n\t<meta property=\"og:image:width\" content=\"600\" \/>\n\t<meta property=\"og:image:height\" content=\"800\" \/>\n\t<meta property=\"og:image:type\" content=\"image\/png\" \/>\n<meta name=\"twitter:card\" content=\"summary_large_image\" \/>\n<script type=\"application\/ld+json\" class=\"yoast-schema-graph\">{\"@context\":\"https:\\\/\\\/schema.org\",\"@graph\":[{\"@type\":\"WebPage\",\"@id\":\"https:\\\/\\\/miumjau.ee\\\/lv\\\/produkts\\\/dr-malou-saldeti-zaveti-kocinu-gardumi-kakiem-25-g-15-gab\\\/\",\"url\":\"https:\\\/\\\/miumjau.ee\\\/lv\\\/produkts\\\/dr-malou-saldeti-zaveti-kocinu-gardumi-kakiem-25-g-15-gab\\\/\",\"name\":\"Dr Malou sald\u0113ti \u017e\u0101v\u0113ti koci\u0146u gardumi ka\u0137iem 25\u202fg, 15 gab. - MiuMjau\",\"isPartOf\":{\"@id\":\"https:\\\/\\\/miumjau.ee\\\/#website\"},\"primaryImageOfPage\":{\"@id\":\"https:\\\/\\\/miumjau.ee\\\/lv\\\/produkts\\\/dr-malou-saldeti-zaveti-kocinu-gardumi-kakiem-25-g-15-gab\\\/#primaryimage\"},\"image\":{\"@id\":\"https:\\\/\\\/miumjau.ee\\\/lv\\\/produkts\\\/dr-malou-saldeti-zaveti-kocinu-gardumi-kakiem-25-g-15-gab\\\/#primaryimage\"},\"thumbnailUrl\":\"https:\\\/\\\/miumjau.ee\\\/wp-content\\\/uploads\\\/2026\\\/01\\\/dr-malou-kassi-maiused-pulgakommid.png\",\"datePublished\":\"2026-01-05T17:50:34+00:00\",\"dateModified\":\"2026-01-07T19:12:23+00:00\",\"breadcrumb\":{\"@id\":\"https:\\\/\\\/miumjau.ee\\\/lv\\\/produkts\\\/dr-malou-saldeti-zaveti-kocinu-gardumi-kakiem-25-g-15-gab\\\/#breadcrumb\"},\"inLanguage\":\"lv-LV\",\"potentialAction\":[{\"@type\":\"ReadAction\",\"target\":[\"https:\\\/\\\/miumjau.ee\\\/lv\\\/produkts\\\/dr-malou-saldeti-zaveti-kocinu-gardumi-kakiem-25-g-15-gab\\\/\"]}]},{\"@type\":\"ImageObject\",\"inLanguage\":\"lv-LV\",\"@id\":\"https:\\\/\\\/miumjau.ee\\\/lv\\\/produkts\\\/dr-malou-saldeti-zaveti-kocinu-gardumi-kakiem-25-g-15-gab\\\/#primaryimage\",\"url\":\"https:\\\/\\\/miumjau.ee\\\/wp-content\\\/uploads\\\/2026\\\/01\\\/dr-malou-kassi-maiused-pulgakommid.png\",\"contentUrl\":\"https:\\\/\\\/miumjau.ee\\\/wp-content\\\/uploads\\\/2026\\\/01\\\/dr-malou-kassi-maiused-pulgakommid.png\",\"width\":600,\"height\":800,\"caption\":\"Dr Malou k\u00fclmkuivatatud pulgakommid kassile 25g, 15tk\"},{\"@type\":\"BreadcrumbList\",\"@id\":\"https:\\\/\\\/miumjau.ee\\\/lv\\\/produkts\\\/dr-malou-saldeti-zaveti-kocinu-gardumi-kakiem-25-g-15-gab\\\/#breadcrumb\",\"itemListElement\":[{\"@type\":\"ListItem\",\"position\":1,\"name\":\"Home\",\"item\":\"https:\\\/\\\/miumjau.ee\\\/lv\\\/\"},{\"@type\":\"ListItem\",\"position\":2,\"name\":\"Veikals\",\"item\":\"https:\\\/\\\/miumjau.ee\\\/lv\\\/veikals\\\/\"},{\"@type\":\"ListItem\",\"position\":3,\"name\":\"Dr Malou sald\u0113ti \u017e\u0101v\u0113ti koci\u0146u gardumi ka\u0137iem 25\u202fg, 15 gab.\"}]},{\"@type\":\"WebSite\",\"@id\":\"https:\\\/\\\/miumjau.ee\\\/#website\",\"url\":\"https:\\\/\\\/miumjau.ee\\\/\",\"name\":\"MiuMjau\",\"description\":\"Kraapimispuud kassidele\",\"publisher\":{\"@id\":\"https:\\\/\\\/miumjau.ee\\\/#organization\"},\"potentialAction\":[{\"@type\":\"SearchAction\",\"target\":{\"@type\":\"EntryPoint\",\"urlTemplate\":\"https:\\\/\\\/miumjau.ee\\\/?s={search_term_string}\"},\"query-input\":{\"@type\":\"PropertyValueSpecification\",\"valueRequired\":true,\"valueName\":\"search_term_string\"}}],\"inLanguage\":\"lv-LV\"},{\"@type\":\"Organization\",\"@id\":\"https:\\\/\\\/miumjau.ee\\\/#organization\",\"name\":\"MiuMjau O\u00dc\",\"url\":\"https:\\\/\\\/miumjau.ee\\\/\",\"logo\":{\"@type\":\"ImageObject\",\"inLanguage\":\"lv-LV\",\"@id\":\"https:\\\/\\\/miumjau.ee\\\/#\\\/schema\\\/logo\\\/image\\\/\",\"url\":\"https:\\\/\\\/miumjau.ee\\\/wp-content\\\/uploads\\\/2022\\\/04\\\/MiuMjau-logo-kollane.png\",\"contentUrl\":\"https:\\\/\\\/miumjau.ee\\\/wp-content\\\/uploads\\\/2022\\\/04\\\/MiuMjau-logo-kollane.png\",\"width\":219,\"height\":100,\"caption\":\"MiuMjau O\u00dc\"},\"image\":{\"@id\":\"https:\\\/\\\/miumjau.ee\\\/#\\\/schema\\\/logo\\\/image\\\/\"},\"sameAs\":[\"https:\\\/\\\/www.facebook.com\\\/miumjaupood\\\/\"]}]}<\/script>\n<!-- \/ Yoast SEO plugin. -->","yoast_head_json":{"title":"Dr Malou sald\u0113ti \u017e\u0101v\u0113ti koci\u0146u gardumi ka\u0137iem 25\u202fg, 15 gab. - MiuMjau","robots":{"index":"index","follow":"follow","max-snippet":"max-snippet:-1","max-image-preview":"max-image-preview:large","max-video-preview":"max-video-preview:-1"},"canonical":"https:\/\/miumjau.ee\/lv\/produkts\/dr-malou-saldeti-zaveti-kocinu-gardumi-kakiem-25-g-15-gab\/","og_locale":"lv_LV","og_type":"article","og_title":"Dr Malou sald\u0113ti \u017e\u0101v\u0113ti koci\u0146u gardumi ka\u0137iem 25\u202fg, 15 gab. - MiuMjau","og_description":"Gurmet pieredze, kas liek ka\u0137im ron\u0113t! \ud83c\udf6dVai Tavs ka\u0137is ir izv\u0113l\u012bgs vai v\u0113lies vi\u0146am pied\u0101v\u0101t kaut ko \u012bpa\u0161u? Dr. Malou sald\u0113ti \u017e\u0101v\u0113ti koci\u0146u gardumi ir rad\u012bti pat vispras\u012bg\u0101kajiem murk\u0161\u0137\u0113t\u0101jiem. T\u0101 nav vienk\u0101r\u0161a uzkoda, bet interakt\u012bva gar\u0161as pieredze, kas apvieno ka\u0137a dabisko laiz\u012b\u0161anas instinktu ar augstas kvalit\u0101tes sast\u0101vda\u013c\u0101m. Sald\u0113ti \u017e\u0101v\u0113jot tiek saglab\u0101ta svaigas ga\u013cas smar\u017ea un gar\u0161a, pievilinot pat visizv\u0113l\u012bg\u0101kos ka\u0137us. Vesel\u012bgs, t\u012brs un pilnv\u0113rt\u012bgs na\u0161\u0137is, ko Tavam m\u012blulim vajag. K\u0101p\u0113c Dr Malou gardumi ir ka\u0137u \u012bpa\u0161nieku favor\u012bti:     Maksim\u0101ls ga\u013cas saturs: Satur 94\u202f% augstas kvalit\u0101tes vistas un p\u012bles ga\u013cu ar akn\u0101m \u2013 tie\u0161i to, ko \u012bstam pl\u0113s\u0113jam vajag.    Aizraujo\u0161a gar\u0161u da\u017e\u0101d\u012bba: Katrs iepakojums satur funkcion\u0101las gar\u0161as (\u0137irbis, mellenes, dz\u0113rvenes), kas atbalsta gremo\u0161anu un imunit\u0101ti.    Laiz\u012b\u0161ana ir noder\u012bga: Laiz\u012b\u0161ana nomierina ka\u0137i. Turiet koci\u0146u rok\u0101 un izbaudiet br\u012bdi, kad ka\u0137is piln\u012bb\u0101 piev\u0113r\u0161as jums \u2013 lab\u0101kais veids, k\u0101 veidot uztic\u012bbu.    Vesel\u012bgs un dro\u0161s: Bez graudiem, bez cukura, bez m\u0101ksl\u012bgiem konservantiem. Zema kaloriju uzkoda, kas nesaboj\u0101 ka\u0137a fig\u016bru.   Sast\u0101vs (mais\u012bt\u0101s gar\u0161as): sald\u0113ti \u017e\u0101v\u0113ta vistas ga\u013ca, p\u012bles ga\u013ca, vistas aknas, p\u012bles aknas, jamss pulveris, piedevas (atkar\u012bb\u0101 no gar\u0161as: \u017e\u0101v\u0113ts \u0137irbis, mellenes vai dz\u0113rvenes), celuloze. Dabiski konserv\u0113ts ar rozmar\u012bna ekstraktu. Anal\u012btiskais sast\u0101vs: Olbaltumvielas 72\u202f%; Rupj\u0101 tauki 10\u202f%; Rupj\u0101s \u0161\u0137iedras 2\u202f%; Pelni 6\u202f%; Mitrums 6\u202f% Iepakojums: 15 gab. (apt. 25\u202fg katrs) \u2013 pietiekami, lai dal\u012btos gar\u0101s vakara stund\u0101s! Lieto\u0161ana: Turiet koci\u0146u rok\u0101 un \u013caujiet ka\u0137im laiz\u012bt, vai smalcini disku uz parast\u0101s bar\u012bbas, lai stimul\u0113tu apet\u012bti. Piez\u012bme: pap\u012bra koci\u0146\u0161 nav \u0113dams.","og_url":"https:\/\/miumjau.ee\/lv\/produkts\/dr-malou-saldeti-zaveti-kocinu-gardumi-kakiem-25-g-15-gab\/","og_site_name":"MiuMjau","article_publisher":"https:\/\/www.facebook.com\/miumjaupood\/","article_modified_time":"2026-01-07T19:12:23+00:00","og_image":[{"width":600,"height":800,"url":"https:\/\/miumjau.ee\/wp-content\/uploads\/2026\/01\/dr-malou-kassi-maiused-pulgakommid.png","type":"image\/png"}],"twitter_card":"summary_large_image","schema":{"@context":"https:\/\/schema.org","@graph":[{"@type":"WebPage","@id":"https:\/\/miumjau.ee\/lv\/produkts\/dr-malou-saldeti-zaveti-kocinu-gardumi-kakiem-25-g-15-gab\/","url":"https:\/\/miumjau.ee\/lv\/produkts\/dr-malou-saldeti-zaveti-kocinu-gardumi-kakiem-25-g-15-gab\/","name":"Dr Malou sald\u0113ti \u017e\u0101v\u0113ti koci\u0146u gardumi ka\u0137iem 25\u202fg, 15 gab. - MiuMjau","isPartOf":{"@id":"https:\/\/miumjau.ee\/#website"},"primaryImageOfPage":{"@id":"https:\/\/miumjau.ee\/lv\/produkts\/dr-malou-saldeti-zaveti-kocinu-gardumi-kakiem-25-g-15-gab\/#primaryimage"},"image":{"@id":"https:\/\/miumjau.ee\/lv\/produkts\/dr-malou-saldeti-zaveti-kocinu-gardumi-kakiem-25-g-15-gab\/#primaryimage"},"thumbnailUrl":"https:\/\/miumjau.ee\/wp-content\/uploads\/2026\/01\/dr-malou-kassi-maiused-pulgakommid.png","datePublished":"2026-01-05T17:50:34+00:00","dateModified":"2026-01-07T19:12:23+00:00","breadcrumb":{"@id":"https:\/\/miumjau.ee\/lv\/produkts\/dr-malou-saldeti-zaveti-kocinu-gardumi-kakiem-25-g-15-gab\/#breadcrumb"},"inLanguage":"lv-LV","potentialAction":[{"@type":"ReadAction","target":["https:\/\/miumjau.ee\/lv\/produkts\/dr-malou-saldeti-zaveti-kocinu-gardumi-kakiem-25-g-15-gab\/"]}]},{"@type":"ImageObject","inLanguage":"lv-LV","@id":"https:\/\/miumjau.ee\/lv\/produkts\/dr-malou-saldeti-zaveti-kocinu-gardumi-kakiem-25-g-15-gab\/#primaryimage","url":"https:\/\/miumjau.ee\/wp-content\/uploads\/2026\/01\/dr-malou-kassi-maiused-pulgakommid.png","contentUrl":"https:\/\/miumjau.ee\/wp-content\/uploads\/2026\/01\/dr-malou-kassi-maiused-pulgakommid.png","width":600,"height":800,"caption":"Dr Malou k\u00fclmkuivatatud pulgakommid kassile 25g, 15tk"},{"@type":"BreadcrumbList","@id":"https:\/\/miumjau.ee\/lv\/produkts\/dr-malou-saldeti-zaveti-kocinu-gardumi-kakiem-25-g-15-gab\/#breadcrumb","itemListElement":[{"@type":"ListItem","position":1,"name":"Home","item":"https:\/\/miumjau.ee\/lv\/"},{"@type":"ListItem","position":2,"name":"Veikals","item":"https:\/\/miumjau.ee\/lv\/veikals\/"},{"@type":"ListItem","position":3,"name":"Dr Malou sald\u0113ti \u017e\u0101v\u0113ti koci\u0146u gardumi ka\u0137iem 25\u202fg, 15 gab."}]},{"@type":"WebSite","@id":"https:\/\/miumjau.ee\/#website","url":"https:\/\/miumjau.ee\/","name":"MiuMjau","description":"Kraapimispuud kassidele","publisher":{"@id":"https:\/\/miumjau.ee\/#organization"},"potentialAction":[{"@type":"SearchAction","target":{"@type":"EntryPoint","urlTemplate":"https:\/\/miumjau.ee\/?s={search_term_string}"},"query-input":{"@type":"PropertyValueSpecification","valueRequired":true,"valueName":"search_term_string"}}],"inLanguage":"lv-LV"},{"@type":"Organization","@id":"https:\/\/miumjau.ee\/#organization","name":"MiuMjau O\u00dc","url":"https:\/\/miumjau.ee\/","logo":{"@type":"ImageObject","inLanguage":"lv-LV","@id":"https:\/\/miumjau.ee\/#\/schema\/logo\/image\/","url":"https:\/\/miumjau.ee\/wp-content\/uploads\/2022\/04\/MiuMjau-logo-kollane.png","contentUrl":"https:\/\/miumjau.ee\/wp-content\/uploads\/2022\/04\/MiuMjau-logo-kollane.png","width":219,"height":100,"caption":"MiuMjau O\u00dc"},"image":{"@id":"https:\/\/miumjau.ee\/#\/schema\/logo\/image\/"},"sameAs":["https:\/\/www.facebook.com\/miumjaupood\/"]}]}},"_links":{"self":[{"href":"https:\/\/miumjau.ee\/lv\/wp-json\/wp\/v2\/product\/51469","targetHints":{"allow":["GET"]}}],"collection":[{"href":"https:\/\/miumjau.ee\/lv\/wp-json\/wp\/v2\/product"}],"about":[{"href":"https:\/\/miumjau.ee\/lv\/wp-json\/wp\/v2\/types\/product"}],"wp:featuredmedia":[{"embeddable":true,"href":"https:\/\/miumjau.ee\/lv\/wp-json\/wp\/v2\/media\/51256"}],"wp:attachment":[{"href":"https:\/\/miumjau.ee\/lv\/wp-json\/wp\/v2\/media?parent=51469"}],"wp:term":[{"taxonomy":"product_brand","embeddable":true,"href":"https:\/\/miumjau.ee\/lv\/wp-json\/wp\/v2\/product_brand?post=51469"},{"taxonomy":"product_cat","embeddable":true,"href":"https:\/\/miumjau.ee\/lv\/wp-json\/wp\/v2\/product_cat?post=51469"},{"taxonomy":"product_tag","embeddable":true,"href":"https:\/\/miumjau.ee\/lv\/wp-json\/wp\/v2\/product_tag?post=51469"}],"curies":[{"name":"wp","href":"https:\/\/api.w.org\/{rel}","templated":true}]}}