{"id":51461,"date":"2025-05-20T17:09:22","date_gmt":"2025-05-20T14:09:22","guid":{"rendered":"https:\/\/miumjau.ee\/toode\/magnum-auksti-preseta-bariba-kuceniem-iberijas-cukgala-vista-okeana-zivs-12-kg\/"},"modified":"2026-01-07T21:12:23","modified_gmt":"2026-01-07T19:12:23","slug":"magnum-auksti-preseta-bariba-kuceniem-iberijas-cukgala-vista-okeana-zivs-12-kg","status":"publish","type":"product","link":"https:\/\/miumjau.ee\/lv\/produkts\/magnum-auksti-preseta-bariba-kuceniem-iberijas-cukgala-vista-okeana-zivs-12-kg\/","title":{"rendered":"Magnum auksti pres\u0113ta bar\u012bba kuc\u0113niem \u2013 Ib\u0113rijas c\u016bkga\u013ca, vista &#038; oke\u0101na zivs 12 kg"},"content":{"rendered":"","protected":false},"excerpt":{"rendered":"<p data-start=\"3869\" data-end=\"4061\">Magnum Dog Food Iberian Pork Puppy &amp; Junior. Auksti pres\u0113ta pilnv\u0113rt\u012bga bar\u012bba kuc\u0113niem (4\u201315 m\u0113ne\u0161i) no svaigas Ib\u0113rijas c\u016bkga\u013cas (pusme\u017eon\u012bga \u0161\u0137irne), oke\u0101na ziv\u012bm un br\u012bvi tur\u0113tas vistas.<\/p>\n<p data-start=\"4063\" data-end=\"4234\">Auksti pres\u0113ta bar\u012bba ir vistuv\u0101k\u0101 j\u0113lbar\u012bbai un piem\u0113rota lieto\u0161anai kop\u0101 ar to. T\u0101 neuzbriest ku\u0146\u0123\u012b un pal\u012bdz nov\u0113rst vesel\u012bbas probl\u0113mas, piem\u0113ram, ku\u0146\u0123a sagrie\u0161anos.<\/p>\n<p data-start=\"4236\" data-end=\"4589\">Bez glut\u0113na. Nesatur ga\u013cas miltus, m\u0101ksl\u012bgas gar\u0161as vai kr\u0101svielas. Bez pievienotiem taukiem, vitam\u012bniem un miner\u0101lviel\u0101m \u2013 100 % dab\u012bgs sast\u0101vs. Viegli sagremojama un piem\u0113rota jut\u012bgiem kuc\u0113niem. Nesatur soju, kvie\u0161us vai kukur\u016bzu.<br data-start=\"4468\" data-end=\"4471\" \/>Pilngraudu br\u016bnie r\u012bsi nav r\u016bpnieciski apstr\u0101d\u0101ti un satur vair\u0101k uzturvielu un \u0161\u0137iedrvielu, kas atvieglo gremo\u0161anu.<\/p>\n<ul data-start=\"4591\" data-end=\"4720\">\n<li data-start=\"4591\" data-end=\"4625\">\n<p data-start=\"4593\" data-end=\"4625\">Kurkuma \u2013 dab\u012bgs antioksidants<\/p>\n<\/li>\n<li data-start=\"4626\" data-end=\"4659\">\n<p data-start=\"4628\" data-end=\"4659\">Alus raugs \u2013 B vitam\u012bnu avots<\/p>\n<\/li>\n<li data-start=\"4660\" data-end=\"4720\">\n<p data-start=\"4662\" data-end=\"4720\">Bietes \u2013 dab\u012bgs antioksidants, folsk\u0101bes un dzelzs avots<\/p>\n<\/li>\n<\/ul>\n<p data-start=\"4722\" data-end=\"4959\">Ib\u0113rijas c\u016bkas ir pusme\u017eon\u012bga \u0161\u0137irne, p\u0101rtiek galvenok\u0101rt no ozolz\u012bl\u0113m, z\u0101l\u0113m un augiem. Br\u012bv\u0101s tur\u0113\u0161anas ga\u013ca ir vesel\u012bg\u0101ka un satur nepies\u0101tin\u0101t\u0101s tauksk\u0101bes. Vista n\u0101k no br\u012bvi tur\u0113tiem putniem. Oke\u0101na zivs n\u0101k no Atlantijas oke\u0101na.<\/p>\n<p data-start=\"4961\" data-end=\"5139\"><strong data-start=\"4961\" data-end=\"4973\">Sast\u0101vs:<\/strong> Ib\u0113rijas c\u016bkga\u013ca 30 %, vista 34 %, oke\u0101na zivs 8 %, pilngraudu r\u012bsi, bietes, alus raugs, \u0137imenes, kurkuma. Nesatur m\u0101ksl\u012bgas gar\u0161as, kr\u0101svielas vai antioksidantus.<\/p>\n<p data-start=\"5141\" data-end=\"5244\"><strong data-start=\"5141\" data-end=\"5166\">Anal\u012btiskais sast\u0101vs:<\/strong> kopprote\u012bns 28 %, kop\u0161\u0137iedra 2 %, koptauki 16,5 %, pelni 7 %, mitrums 18 %.<\/p>\n<p data-start=\"5246\" data-end=\"5301\">Ra\u017eot\u0101js: Tenesco s.r.o., \u010cehija. Izcelsmes valsts: ES.<\/p>\n","protected":false},"featured_media":51437,"template":"","meta":[],"product_brand":[],"product_cat":[575],"product_tag":[],"class_list":{"0":"post-51461","1":"product","2":"type-product","3":"status-publish","4":"has-post-thumbnail","6":"product_cat-sausa-bariba-suniem","8":"first","9":"instock","10":"sale","11":"taxable","12":"shipping-taxable","13":"purchasable","14":"product-type-simple"},"yoast_head":"<!-- This site is optimized with the Yoast SEO plugin v27.2 - https:\/\/yoast.com\/product\/yoast-seo-wordpress\/ -->\n<title>Magnum auksti pres\u0113ta bar\u012bba kuc\u0113niem \u2013 Ib\u0113rijas c\u016bkga\u013ca, vista &amp; oke\u0101na zivs 12 kg - MiuMjau<\/title>\n<meta name=\"robots\" content=\"index, follow, max-snippet:-1, max-image-preview:large, max-video-preview:-1\" \/>\n<link rel=\"canonical\" href=\"https:\/\/miumjau.ee\/lv\/produkts\/magnum-auksti-preseta-bariba-kuceniem-iberijas-cukgala-vista-okeana-zivs-12-kg\/\" \/>\n<meta property=\"og:locale\" content=\"lv_LV\" \/>\n<meta property=\"og:type\" content=\"article\" \/>\n<meta property=\"og:title\" content=\"Magnum auksti pres\u0113ta bar\u012bba kuc\u0113niem \u2013 Ib\u0113rijas c\u016bkga\u013ca, vista &amp; oke\u0101na zivs 12 kg - MiuMjau\" \/>\n<meta property=\"og:description\" content=\"Magnum Dog Food Iberian Pork Puppy &amp; Junior. Auksti pres\u0113ta pilnv\u0113rt\u012bga bar\u012bba kuc\u0113niem (4\u201315 m\u0113ne\u0161i) no svaigas Ib\u0113rijas c\u016bkga\u013cas (pusme\u017eon\u012bga \u0161\u0137irne), oke\u0101na ziv\u012bm un br\u012bvi tur\u0113tas vistas. Auksti pres\u0113ta bar\u012bba ir vistuv\u0101k\u0101 j\u0113lbar\u012bbai un piem\u0113rota lieto\u0161anai kop\u0101 ar to. T\u0101 neuzbriest ku\u0146\u0123\u012b un pal\u012bdz nov\u0113rst vesel\u012bbas probl\u0113mas, piem\u0113ram, ku\u0146\u0123a sagrie\u0161anos. Bez glut\u0113na. Nesatur ga\u013cas miltus, m\u0101ksl\u012bgas gar\u0161as vai kr\u0101svielas. Bez pievienotiem taukiem, vitam\u012bniem un miner\u0101lviel\u0101m \u2013 100 % dab\u012bgs sast\u0101vs. Viegli sagremojama un piem\u0113rota jut\u012bgiem kuc\u0113niem. Nesatur soju, kvie\u0161us vai kukur\u016bzu.Pilngraudu br\u016bnie r\u012bsi nav r\u016bpnieciski apstr\u0101d\u0101ti un satur vair\u0101k uzturvielu un \u0161\u0137iedrvielu, kas atvieglo gremo\u0161anu.     Kurkuma \u2013 dab\u012bgs antioksidants    Alus raugs \u2013 B vitam\u012bnu avots    Bietes \u2013 dab\u012bgs antioksidants, folsk\u0101bes un dzelzs avots   Ib\u0113rijas c\u016bkas ir pusme\u017eon\u012bga \u0161\u0137irne, p\u0101rtiek galvenok\u0101rt no ozolz\u012bl\u0113m, z\u0101l\u0113m un augiem. Br\u012bv\u0101s tur\u0113\u0161anas ga\u013ca ir vesel\u012bg\u0101ka un satur nepies\u0101tin\u0101t\u0101s tauksk\u0101bes. Vista n\u0101k no br\u012bvi tur\u0113tiem putniem. Oke\u0101na zivs n\u0101k no Atlantijas oke\u0101na. Sast\u0101vs: Ib\u0113rijas c\u016bkga\u013ca 30 %, vista 34 %, oke\u0101na zivs 8 %, pilngraudu r\u012bsi, bietes, alus raugs, \u0137imenes, kurkuma. Nesatur m\u0101ksl\u012bgas gar\u0161as, kr\u0101svielas vai antioksidantus. Anal\u012btiskais sast\u0101vs: kopprote\u012bns 28 %, kop\u0161\u0137iedra 2 %, koptauki 16,5 %, pelni 7 %, mitrums 18 %. Ra\u017eot\u0101js: Tenesco s.r.o., \u010cehija. Izcelsmes valsts: ES.\" \/>\n<meta property=\"og:url\" content=\"https:\/\/miumjau.ee\/lv\/produkts\/magnum-auksti-preseta-bariba-kuceniem-iberijas-cukgala-vista-okeana-zivs-12-kg\/\" \/>\n<meta property=\"og:site_name\" content=\"MiuMjau\" \/>\n<meta property=\"article:publisher\" content=\"https:\/\/www.facebook.com\/miumjaupood\/\" \/>\n<meta property=\"article:modified_time\" content=\"2026-01-07T19:12:23+00:00\" \/>\n<meta property=\"og:image\" content=\"https:\/\/miumjau.ee\/wp-content\/uploads\/2025\/05\/magnum-kulmpressitud-koeratoit6.webp\" \/>\n\t<meta property=\"og:image:width\" content=\"600\" \/>\n\t<meta property=\"og:image:height\" content=\"800\" \/>\n\t<meta property=\"og:image:type\" content=\"image\/webp\" \/>\n<meta name=\"twitter:card\" content=\"summary_large_image\" \/>\n<script type=\"application\/ld+json\" class=\"yoast-schema-graph\">{\"@context\":\"https:\/\/schema.org\",\"@graph\":[{\"@type\":\"WebPage\",\"@id\":\"https:\/\/miumjau.ee\/lv\/produkts\/magnum-auksti-preseta-bariba-kuceniem-iberijas-cukgala-vista-okeana-zivs-12-kg\/\",\"url\":\"https:\/\/miumjau.ee\/lv\/produkts\/magnum-auksti-preseta-bariba-kuceniem-iberijas-cukgala-vista-okeana-zivs-12-kg\/\",\"name\":\"Magnum auksti pres\u0113ta bar\u012bba kuc\u0113niem \u2013 Ib\u0113rijas c\u016bkga\u013ca, vista & oke\u0101na zivs 12 kg - MiuMjau\",\"isPartOf\":{\"@id\":\"https:\/\/miumjau.ee\/#website\"},\"primaryImageOfPage\":{\"@id\":\"https:\/\/miumjau.ee\/lv\/produkts\/magnum-auksti-preseta-bariba-kuceniem-iberijas-cukgala-vista-okeana-zivs-12-kg\/#primaryimage\"},\"image\":{\"@id\":\"https:\/\/miumjau.ee\/lv\/produkts\/magnum-auksti-preseta-bariba-kuceniem-iberijas-cukgala-vista-okeana-zivs-12-kg\/#primaryimage\"},\"thumbnailUrl\":\"https:\/\/miumjau.ee\/wp-content\/uploads\/2025\/05\/magnum-kulmpressitud-koeratoit6.webp\",\"datePublished\":\"2025-05-20T14:09:22+00:00\",\"dateModified\":\"2026-01-07T19:12:23+00:00\",\"breadcrumb\":{\"@id\":\"https:\/\/miumjau.ee\/lv\/produkts\/magnum-auksti-preseta-bariba-kuceniem-iberijas-cukgala-vista-okeana-zivs-12-kg\/#breadcrumb\"},\"inLanguage\":\"lv-LV\",\"potentialAction\":[{\"@type\":\"ReadAction\",\"target\":[\"https:\/\/miumjau.ee\/lv\/produkts\/magnum-auksti-preseta-bariba-kuceniem-iberijas-cukgala-vista-okeana-zivs-12-kg\/\"]}]},{\"@type\":\"ImageObject\",\"inLanguage\":\"lv-LV\",\"@id\":\"https:\/\/miumjau.ee\/lv\/produkts\/magnum-auksti-preseta-bariba-kuceniem-iberijas-cukgala-vista-okeana-zivs-12-kg\/#primaryimage\",\"url\":\"https:\/\/miumjau.ee\/wp-content\/uploads\/2025\/05\/magnum-kulmpressitud-koeratoit6.webp\",\"contentUrl\":\"https:\/\/miumjau.ee\/wp-content\/uploads\/2025\/05\/magnum-kulmpressitud-koeratoit6.webp\",\"width\":600,\"height\":800,\"caption\":\"Magnum kutsikatoit k\u00fclmpressitud Ibeeria siga\/kana\/kala 12 kg\"},{\"@type\":\"BreadcrumbList\",\"@id\":\"https:\/\/miumjau.ee\/lv\/produkts\/magnum-auksti-preseta-bariba-kuceniem-iberijas-cukgala-vista-okeana-zivs-12-kg\/#breadcrumb\",\"itemListElement\":[{\"@type\":\"ListItem\",\"position\":1,\"name\":\"Home\",\"item\":\"https:\/\/miumjau.ee\/lv\/\"},{\"@type\":\"ListItem\",\"position\":2,\"name\":\"Veikals\",\"item\":\"https:\/\/miumjau.ee\/lv\/veikals\/\"},{\"@type\":\"ListItem\",\"position\":3,\"name\":\"Magnum auksti pres\u0113ta bar\u012bba kuc\u0113niem \u2013 Ib\u0113rijas c\u016bkga\u013ca, vista &#038; oke\u0101na zivs 12 kg\"}]},{\"@type\":\"WebSite\",\"@id\":\"https:\/\/miumjau.ee\/#website\",\"url\":\"https:\/\/miumjau.ee\/\",\"name\":\"MiuMjau\",\"description\":\"Kraapimispuud kassidele\",\"publisher\":{\"@id\":\"https:\/\/miumjau.ee\/#organization\"},\"potentialAction\":[{\"@type\":\"SearchAction\",\"target\":{\"@type\":\"EntryPoint\",\"urlTemplate\":\"https:\/\/miumjau.ee\/?s={search_term_string}\"},\"query-input\":{\"@type\":\"PropertyValueSpecification\",\"valueRequired\":true,\"valueName\":\"search_term_string\"}}],\"inLanguage\":\"lv-LV\"},{\"@type\":\"Organization\",\"@id\":\"https:\/\/miumjau.ee\/#organization\",\"name\":\"MiuMjau O\u00dc\",\"url\":\"https:\/\/miumjau.ee\/\",\"logo\":{\"@type\":\"ImageObject\",\"inLanguage\":\"lv-LV\",\"@id\":\"https:\/\/miumjau.ee\/#\/schema\/logo\/image\/\",\"url\":\"https:\/\/miumjau.ee\/wp-content\/uploads\/2022\/04\/MiuMjau-logo-kollane.png\",\"contentUrl\":\"https:\/\/miumjau.ee\/wp-content\/uploads\/2022\/04\/MiuMjau-logo-kollane.png\",\"width\":219,\"height\":100,\"caption\":\"MiuMjau O\u00dc\"},\"image\":{\"@id\":\"https:\/\/miumjau.ee\/#\/schema\/logo\/image\/\"},\"sameAs\":[\"https:\/\/www.facebook.com\/miumjaupood\/\"]}]}<\/script>\n<!-- \/ Yoast SEO plugin. -->","yoast_head_json":{"title":"Magnum auksti pres\u0113ta bar\u012bba kuc\u0113niem \u2013 Ib\u0113rijas c\u016bkga\u013ca, vista & oke\u0101na zivs 12 kg - MiuMjau","robots":{"index":"index","follow":"follow","max-snippet":"max-snippet:-1","max-image-preview":"max-image-preview:large","max-video-preview":"max-video-preview:-1"},"canonical":"https:\/\/miumjau.ee\/lv\/produkts\/magnum-auksti-preseta-bariba-kuceniem-iberijas-cukgala-vista-okeana-zivs-12-kg\/","og_locale":"lv_LV","og_type":"article","og_title":"Magnum auksti pres\u0113ta bar\u012bba kuc\u0113niem \u2013 Ib\u0113rijas c\u016bkga\u013ca, vista & oke\u0101na zivs 12 kg - MiuMjau","og_description":"Magnum Dog Food Iberian Pork Puppy &amp; Junior. Auksti pres\u0113ta pilnv\u0113rt\u012bga bar\u012bba kuc\u0113niem (4\u201315 m\u0113ne\u0161i) no svaigas Ib\u0113rijas c\u016bkga\u013cas (pusme\u017eon\u012bga \u0161\u0137irne), oke\u0101na ziv\u012bm un br\u012bvi tur\u0113tas vistas. Auksti pres\u0113ta bar\u012bba ir vistuv\u0101k\u0101 j\u0113lbar\u012bbai un piem\u0113rota lieto\u0161anai kop\u0101 ar to. T\u0101 neuzbriest ku\u0146\u0123\u012b un pal\u012bdz nov\u0113rst vesel\u012bbas probl\u0113mas, piem\u0113ram, ku\u0146\u0123a sagrie\u0161anos. Bez glut\u0113na. Nesatur ga\u013cas miltus, m\u0101ksl\u012bgas gar\u0161as vai kr\u0101svielas. Bez pievienotiem taukiem, vitam\u012bniem un miner\u0101lviel\u0101m \u2013 100 % dab\u012bgs sast\u0101vs. Viegli sagremojama un piem\u0113rota jut\u012bgiem kuc\u0113niem. Nesatur soju, kvie\u0161us vai kukur\u016bzu.Pilngraudu br\u016bnie r\u012bsi nav r\u016bpnieciski apstr\u0101d\u0101ti un satur vair\u0101k uzturvielu un \u0161\u0137iedrvielu, kas atvieglo gremo\u0161anu.     Kurkuma \u2013 dab\u012bgs antioksidants    Alus raugs \u2013 B vitam\u012bnu avots    Bietes \u2013 dab\u012bgs antioksidants, folsk\u0101bes un dzelzs avots   Ib\u0113rijas c\u016bkas ir pusme\u017eon\u012bga \u0161\u0137irne, p\u0101rtiek galvenok\u0101rt no ozolz\u012bl\u0113m, z\u0101l\u0113m un augiem. Br\u012bv\u0101s tur\u0113\u0161anas ga\u013ca ir vesel\u012bg\u0101ka un satur nepies\u0101tin\u0101t\u0101s tauksk\u0101bes. Vista n\u0101k no br\u012bvi tur\u0113tiem putniem. Oke\u0101na zivs n\u0101k no Atlantijas oke\u0101na. Sast\u0101vs: Ib\u0113rijas c\u016bkga\u013ca 30 %, vista 34 %, oke\u0101na zivs 8 %, pilngraudu r\u012bsi, bietes, alus raugs, \u0137imenes, kurkuma. Nesatur m\u0101ksl\u012bgas gar\u0161as, kr\u0101svielas vai antioksidantus. Anal\u012btiskais sast\u0101vs: kopprote\u012bns 28 %, kop\u0161\u0137iedra 2 %, koptauki 16,5 %, pelni 7 %, mitrums 18 %. Ra\u017eot\u0101js: Tenesco s.r.o., \u010cehija. Izcelsmes valsts: ES.","og_url":"https:\/\/miumjau.ee\/lv\/produkts\/magnum-auksti-preseta-bariba-kuceniem-iberijas-cukgala-vista-okeana-zivs-12-kg\/","og_site_name":"MiuMjau","article_publisher":"https:\/\/www.facebook.com\/miumjaupood\/","article_modified_time":"2026-01-07T19:12:23+00:00","og_image":[{"width":600,"height":800,"url":"https:\/\/miumjau.ee\/wp-content\/uploads\/2025\/05\/magnum-kulmpressitud-koeratoit6.webp","type":"image\/webp"}],"twitter_card":"summary_large_image","schema":{"@context":"https:\/\/schema.org","@graph":[{"@type":"WebPage","@id":"https:\/\/miumjau.ee\/lv\/produkts\/magnum-auksti-preseta-bariba-kuceniem-iberijas-cukgala-vista-okeana-zivs-12-kg\/","url":"https:\/\/miumjau.ee\/lv\/produkts\/magnum-auksti-preseta-bariba-kuceniem-iberijas-cukgala-vista-okeana-zivs-12-kg\/","name":"Magnum auksti pres\u0113ta bar\u012bba kuc\u0113niem \u2013 Ib\u0113rijas c\u016bkga\u013ca, vista & oke\u0101na zivs 12 kg - MiuMjau","isPartOf":{"@id":"https:\/\/miumjau.ee\/#website"},"primaryImageOfPage":{"@id":"https:\/\/miumjau.ee\/lv\/produkts\/magnum-auksti-preseta-bariba-kuceniem-iberijas-cukgala-vista-okeana-zivs-12-kg\/#primaryimage"},"image":{"@id":"https:\/\/miumjau.ee\/lv\/produkts\/magnum-auksti-preseta-bariba-kuceniem-iberijas-cukgala-vista-okeana-zivs-12-kg\/#primaryimage"},"thumbnailUrl":"https:\/\/miumjau.ee\/wp-content\/uploads\/2025\/05\/magnum-kulmpressitud-koeratoit6.webp","datePublished":"2025-05-20T14:09:22+00:00","dateModified":"2026-01-07T19:12:23+00:00","breadcrumb":{"@id":"https:\/\/miumjau.ee\/lv\/produkts\/magnum-auksti-preseta-bariba-kuceniem-iberijas-cukgala-vista-okeana-zivs-12-kg\/#breadcrumb"},"inLanguage":"lv-LV","potentialAction":[{"@type":"ReadAction","target":["https:\/\/miumjau.ee\/lv\/produkts\/magnum-auksti-preseta-bariba-kuceniem-iberijas-cukgala-vista-okeana-zivs-12-kg\/"]}]},{"@type":"ImageObject","inLanguage":"lv-LV","@id":"https:\/\/miumjau.ee\/lv\/produkts\/magnum-auksti-preseta-bariba-kuceniem-iberijas-cukgala-vista-okeana-zivs-12-kg\/#primaryimage","url":"https:\/\/miumjau.ee\/wp-content\/uploads\/2025\/05\/magnum-kulmpressitud-koeratoit6.webp","contentUrl":"https:\/\/miumjau.ee\/wp-content\/uploads\/2025\/05\/magnum-kulmpressitud-koeratoit6.webp","width":600,"height":800,"caption":"Magnum kutsikatoit k\u00fclmpressitud Ibeeria siga\/kana\/kala 12 kg"},{"@type":"BreadcrumbList","@id":"https:\/\/miumjau.ee\/lv\/produkts\/magnum-auksti-preseta-bariba-kuceniem-iberijas-cukgala-vista-okeana-zivs-12-kg\/#breadcrumb","itemListElement":[{"@type":"ListItem","position":1,"name":"Home","item":"https:\/\/miumjau.ee\/lv\/"},{"@type":"ListItem","position":2,"name":"Veikals","item":"https:\/\/miumjau.ee\/lv\/veikals\/"},{"@type":"ListItem","position":3,"name":"Magnum auksti pres\u0113ta bar\u012bba kuc\u0113niem \u2013 Ib\u0113rijas c\u016bkga\u013ca, vista &#038; oke\u0101na zivs 12 kg"}]},{"@type":"WebSite","@id":"https:\/\/miumjau.ee\/#website","url":"https:\/\/miumjau.ee\/","name":"MiuMjau","description":"Kraapimispuud kassidele","publisher":{"@id":"https:\/\/miumjau.ee\/#organization"},"potentialAction":[{"@type":"SearchAction","target":{"@type":"EntryPoint","urlTemplate":"https:\/\/miumjau.ee\/?s={search_term_string}"},"query-input":{"@type":"PropertyValueSpecification","valueRequired":true,"valueName":"search_term_string"}}],"inLanguage":"lv-LV"},{"@type":"Organization","@id":"https:\/\/miumjau.ee\/#organization","name":"MiuMjau O\u00dc","url":"https:\/\/miumjau.ee\/","logo":{"@type":"ImageObject","inLanguage":"lv-LV","@id":"https:\/\/miumjau.ee\/#\/schema\/logo\/image\/","url":"https:\/\/miumjau.ee\/wp-content\/uploads\/2022\/04\/MiuMjau-logo-kollane.png","contentUrl":"https:\/\/miumjau.ee\/wp-content\/uploads\/2022\/04\/MiuMjau-logo-kollane.png","width":219,"height":100,"caption":"MiuMjau O\u00dc"},"image":{"@id":"https:\/\/miumjau.ee\/#\/schema\/logo\/image\/"},"sameAs":["https:\/\/www.facebook.com\/miumjaupood\/"]}]}},"_links":{"self":[{"href":"https:\/\/miumjau.ee\/lv\/wp-json\/wp\/v2\/product\/51461","targetHints":{"allow":["GET"]}}],"collection":[{"href":"https:\/\/miumjau.ee\/lv\/wp-json\/wp\/v2\/product"}],"about":[{"href":"https:\/\/miumjau.ee\/lv\/wp-json\/wp\/v2\/types\/product"}],"wp:featuredmedia":[{"embeddable":true,"href":"https:\/\/miumjau.ee\/lv\/wp-json\/wp\/v2\/media\/51437"}],"wp:attachment":[{"href":"https:\/\/miumjau.ee\/lv\/wp-json\/wp\/v2\/media?parent=51461"}],"wp:term":[{"taxonomy":"product_brand","embeddable":true,"href":"https:\/\/miumjau.ee\/lv\/wp-json\/wp\/v2\/product_brand?post=51461"},{"taxonomy":"product_cat","embeddable":true,"href":"https:\/\/miumjau.ee\/lv\/wp-json\/wp\/v2\/product_cat?post=51461"},{"taxonomy":"product_tag","embeddable":true,"href":"https:\/\/miumjau.ee\/lv\/wp-json\/wp\/v2\/product_tag?post=51461"}],"curies":[{"name":"wp","href":"https:\/\/api.w.org\/{rel}","templated":true}]}}