{"id":51410,"date":"2025-05-20T17:09:27","date_gmt":"2025-05-20T14:09:27","guid":{"rendered":"https:\/\/miumjau.ee\/toode\/magnum-auksti-preseta-sunu-bariba-iberijas-cukgala-un-okeana-zivis-12-kg\/"},"modified":"2026-01-07T21:12:30","modified_gmt":"2026-01-07T19:12:30","slug":"magnum-auksti-preseta-sunu-bariba-iberijas-cukgala-un-okeana-zivis-12-kg","status":"publish","type":"product","link":"https:\/\/miumjau.ee\/lv\/produkts\/magnum-auksti-preseta-sunu-bariba-iberijas-cukgala-un-okeana-zivis-12-kg\/","title":{"rendered":"Magnum auksti pres\u0113ta su\u0146u bar\u012bba \u2013 Ib\u0113rijas c\u016bkga\u013ca un oke\u0101na zivis 12 kg"},"content":{"rendered":"","protected":false},"excerpt":{"rendered":"<p data-start=\"3229\" data-end=\"3398\">Magnum Dog Food Iberian Pork &amp; Ocean Fish. Auksti pres\u0113ta pilnv\u0113rt\u012bga bar\u012bba visiem su\u0146iem, pagatavota no svaigas Ib\u0113rijas c\u016bkga\u013cas (pusme\u017eon\u012bga \u0161\u0137irne) un oke\u0101na ziv\u012bm.<\/p>\n<p data-start=\"3400\" data-end=\"3569\">Auksti pres\u0113ta bar\u012bba ir vistuv\u0101k\u0101 j\u0113lbar\u012bbai un piem\u0113rota lieto\u0161anai kop\u0101 ar to. T\u0101 neuzbriest ku\u0146\u0123\u012b un pal\u012bdz nov\u0113rst vesel\u012bbas probl\u0113mas, piem\u0113ram, ku\u0146\u0123a sagrie\u0161anos.<\/p>\n<p data-start=\"3571\" data-end=\"3797\">Bez glut\u0113na. Nesatur ga\u013cas miltus, m\u0101ksl\u012bgas gar\u0161as un kr\u0101svielas. Bez pievienotiem taukiem, vitam\u012bniem un miner\u0101lviel\u0101m \u2013 100 % dab\u012bgs sast\u0101vs. Viegli sagremojama, piem\u0113rota jut\u012bgiem su\u0146iem. Nesatur soju, kvie\u0161us un kukur\u016bzu.<\/p>\n<p data-start=\"3799\" data-end=\"3904\"><strong data-start=\"3799\" data-end=\"3811\">Sast\u0101vs:<\/strong> Ib\u0113rijas c\u016bkga\u013ca 40 %, sard\u012bnes 28 %, pilngraudu r\u012bsi, bietes, alus raugs, \u0137imenes, kurkuma.<\/p>\n<p data-start=\"3906\" data-end=\"4009\"><strong data-start=\"3906\" data-end=\"3931\">Anal\u012btiskais sast\u0101vs:<\/strong> kopprote\u012bns 28 %, kop\u0161\u0137iedra 2,3 %, koptauki 19 %, pelni 7,5 %, mitrums 18 %.<\/p>\n<p data-start=\"4011\" data-end=\"4066\">Ra\u017eot\u0101js: Tenesco s.r.o., \u010cehija. Izcelsmes valsts: ES.<\/p>\n","protected":false},"featured_media":51411,"template":"","meta":[],"product_brand":[],"product_cat":[575],"product_tag":[],"class_list":{"0":"post-51410","1":"product","2":"type-product","3":"status-publish","4":"has-post-thumbnail","6":"product_cat-sausa-bariba-suniem","8":"first","9":"instock","10":"sale","11":"taxable","12":"shipping-taxable","13":"purchasable","14":"product-type-simple"},"yoast_head":"<!-- This site is optimized with the Yoast SEO plugin v27.2 - https:\/\/yoast.com\/product\/yoast-seo-wordpress\/ -->\n<title>Magnum auksti pres\u0113ta su\u0146u bar\u012bba \u2013 Ib\u0113rijas c\u016bkga\u013ca un oke\u0101na zivis 12 kg - MiuMjau<\/title>\n<meta name=\"robots\" content=\"index, follow, max-snippet:-1, max-image-preview:large, max-video-preview:-1\" \/>\n<link rel=\"canonical\" href=\"https:\/\/miumjau.ee\/lv\/produkts\/magnum-auksti-preseta-sunu-bariba-iberijas-cukgala-un-okeana-zivis-12-kg\/\" \/>\n<meta property=\"og:locale\" content=\"lv_LV\" \/>\n<meta property=\"og:type\" content=\"article\" \/>\n<meta property=\"og:title\" content=\"Magnum auksti pres\u0113ta su\u0146u bar\u012bba \u2013 Ib\u0113rijas c\u016bkga\u013ca un oke\u0101na zivis 12 kg - MiuMjau\" \/>\n<meta property=\"og:description\" content=\"Magnum Dog Food Iberian Pork &amp; Ocean Fish. Auksti pres\u0113ta pilnv\u0113rt\u012bga bar\u012bba visiem su\u0146iem, pagatavota no svaigas Ib\u0113rijas c\u016bkga\u013cas (pusme\u017eon\u012bga \u0161\u0137irne) un oke\u0101na ziv\u012bm. Auksti pres\u0113ta bar\u012bba ir vistuv\u0101k\u0101 j\u0113lbar\u012bbai un piem\u0113rota lieto\u0161anai kop\u0101 ar to. T\u0101 neuzbriest ku\u0146\u0123\u012b un pal\u012bdz nov\u0113rst vesel\u012bbas probl\u0113mas, piem\u0113ram, ku\u0146\u0123a sagrie\u0161anos. Bez glut\u0113na. Nesatur ga\u013cas miltus, m\u0101ksl\u012bgas gar\u0161as un kr\u0101svielas. Bez pievienotiem taukiem, vitam\u012bniem un miner\u0101lviel\u0101m \u2013 100 % dab\u012bgs sast\u0101vs. Viegli sagremojama, piem\u0113rota jut\u012bgiem su\u0146iem. Nesatur soju, kvie\u0161us un kukur\u016bzu. Sast\u0101vs: Ib\u0113rijas c\u016bkga\u013ca 40 %, sard\u012bnes 28 %, pilngraudu r\u012bsi, bietes, alus raugs, \u0137imenes, kurkuma. Anal\u012btiskais sast\u0101vs: kopprote\u012bns 28 %, kop\u0161\u0137iedra 2,3 %, koptauki 19 %, pelni 7,5 %, mitrums 18 %. Ra\u017eot\u0101js: Tenesco s.r.o., \u010cehija. Izcelsmes valsts: ES.\" \/>\n<meta property=\"og:url\" content=\"https:\/\/miumjau.ee\/lv\/produkts\/magnum-auksti-preseta-sunu-bariba-iberijas-cukgala-un-okeana-zivis-12-kg\/\" \/>\n<meta property=\"og:site_name\" content=\"MiuMjau\" \/>\n<meta property=\"article:publisher\" content=\"https:\/\/www.facebook.com\/miumjaupood\/\" \/>\n<meta property=\"article:modified_time\" content=\"2026-01-07T19:12:30+00:00\" \/>\n<meta property=\"og:image\" content=\"https:\/\/miumjau.ee\/wp-content\/uploads\/2025\/05\/magnum-kulmpressitud-koeratoit7.webp\" \/>\n\t<meta property=\"og:image:width\" content=\"600\" \/>\n\t<meta property=\"og:image:height\" content=\"800\" \/>\n\t<meta property=\"og:image:type\" content=\"image\/webp\" \/>\n<meta name=\"twitter:card\" content=\"summary_large_image\" \/>\n<script type=\"application\/ld+json\" class=\"yoast-schema-graph\">{\"@context\":\"https:\/\/schema.org\",\"@graph\":[{\"@type\":\"WebPage\",\"@id\":\"https:\/\/miumjau.ee\/lv\/produkts\/magnum-auksti-preseta-sunu-bariba-iberijas-cukgala-un-okeana-zivis-12-kg\/\",\"url\":\"https:\/\/miumjau.ee\/lv\/produkts\/magnum-auksti-preseta-sunu-bariba-iberijas-cukgala-un-okeana-zivis-12-kg\/\",\"name\":\"Magnum auksti pres\u0113ta su\u0146u bar\u012bba \u2013 Ib\u0113rijas c\u016bkga\u013ca un oke\u0101na zivis 12 kg - MiuMjau\",\"isPartOf\":{\"@id\":\"https:\/\/miumjau.ee\/#website\"},\"primaryImageOfPage\":{\"@id\":\"https:\/\/miumjau.ee\/lv\/produkts\/magnum-auksti-preseta-sunu-bariba-iberijas-cukgala-un-okeana-zivis-12-kg\/#primaryimage\"},\"image\":{\"@id\":\"https:\/\/miumjau.ee\/lv\/produkts\/magnum-auksti-preseta-sunu-bariba-iberijas-cukgala-un-okeana-zivis-12-kg\/#primaryimage\"},\"thumbnailUrl\":\"https:\/\/miumjau.ee\/wp-content\/uploads\/2025\/05\/magnum-kulmpressitud-koeratoit7.webp\",\"datePublished\":\"2025-05-20T14:09:27+00:00\",\"dateModified\":\"2026-01-07T19:12:30+00:00\",\"breadcrumb\":{\"@id\":\"https:\/\/miumjau.ee\/lv\/produkts\/magnum-auksti-preseta-sunu-bariba-iberijas-cukgala-un-okeana-zivis-12-kg\/#breadcrumb\"},\"inLanguage\":\"lv-LV\",\"potentialAction\":[{\"@type\":\"ReadAction\",\"target\":[\"https:\/\/miumjau.ee\/lv\/produkts\/magnum-auksti-preseta-sunu-bariba-iberijas-cukgala-un-okeana-zivis-12-kg\/\"]}]},{\"@type\":\"ImageObject\",\"inLanguage\":\"lv-LV\",\"@id\":\"https:\/\/miumjau.ee\/lv\/produkts\/magnum-auksti-preseta-sunu-bariba-iberijas-cukgala-un-okeana-zivis-12-kg\/#primaryimage\",\"url\":\"https:\/\/miumjau.ee\/wp-content\/uploads\/2025\/05\/magnum-kulmpressitud-koeratoit7.webp\",\"contentUrl\":\"https:\/\/miumjau.ee\/wp-content\/uploads\/2025\/05\/magnum-kulmpressitud-koeratoit7.webp\",\"width\":600,\"height\":800},{\"@type\":\"BreadcrumbList\",\"@id\":\"https:\/\/miumjau.ee\/lv\/produkts\/magnum-auksti-preseta-sunu-bariba-iberijas-cukgala-un-okeana-zivis-12-kg\/#breadcrumb\",\"itemListElement\":[{\"@type\":\"ListItem\",\"position\":1,\"name\":\"Home\",\"item\":\"https:\/\/miumjau.ee\/lv\/\"},{\"@type\":\"ListItem\",\"position\":2,\"name\":\"Veikals\",\"item\":\"https:\/\/miumjau.ee\/lv\/veikals\/\"},{\"@type\":\"ListItem\",\"position\":3,\"name\":\"Magnum auksti pres\u0113ta su\u0146u bar\u012bba \u2013 Ib\u0113rijas c\u016bkga\u013ca un oke\u0101na zivis 12 kg\"}]},{\"@type\":\"WebSite\",\"@id\":\"https:\/\/miumjau.ee\/#website\",\"url\":\"https:\/\/miumjau.ee\/\",\"name\":\"MiuMjau\",\"description\":\"Kraapimispuud kassidele\",\"publisher\":{\"@id\":\"https:\/\/miumjau.ee\/#organization\"},\"potentialAction\":[{\"@type\":\"SearchAction\",\"target\":{\"@type\":\"EntryPoint\",\"urlTemplate\":\"https:\/\/miumjau.ee\/?s={search_term_string}\"},\"query-input\":{\"@type\":\"PropertyValueSpecification\",\"valueRequired\":true,\"valueName\":\"search_term_string\"}}],\"inLanguage\":\"lv-LV\"},{\"@type\":\"Organization\",\"@id\":\"https:\/\/miumjau.ee\/#organization\",\"name\":\"MiuMjau O\u00dc\",\"url\":\"https:\/\/miumjau.ee\/\",\"logo\":{\"@type\":\"ImageObject\",\"inLanguage\":\"lv-LV\",\"@id\":\"https:\/\/miumjau.ee\/#\/schema\/logo\/image\/\",\"url\":\"https:\/\/miumjau.ee\/wp-content\/uploads\/2022\/04\/MiuMjau-logo-kollane.png\",\"contentUrl\":\"https:\/\/miumjau.ee\/wp-content\/uploads\/2022\/04\/MiuMjau-logo-kollane.png\",\"width\":219,\"height\":100,\"caption\":\"MiuMjau O\u00dc\"},\"image\":{\"@id\":\"https:\/\/miumjau.ee\/#\/schema\/logo\/image\/\"},\"sameAs\":[\"https:\/\/www.facebook.com\/miumjaupood\/\"]}]}<\/script>\n<!-- \/ Yoast SEO plugin. -->","yoast_head_json":{"title":"Magnum auksti pres\u0113ta su\u0146u bar\u012bba \u2013 Ib\u0113rijas c\u016bkga\u013ca un oke\u0101na zivis 12 kg - MiuMjau","robots":{"index":"index","follow":"follow","max-snippet":"max-snippet:-1","max-image-preview":"max-image-preview:large","max-video-preview":"max-video-preview:-1"},"canonical":"https:\/\/miumjau.ee\/lv\/produkts\/magnum-auksti-preseta-sunu-bariba-iberijas-cukgala-un-okeana-zivis-12-kg\/","og_locale":"lv_LV","og_type":"article","og_title":"Magnum auksti pres\u0113ta su\u0146u bar\u012bba \u2013 Ib\u0113rijas c\u016bkga\u013ca un oke\u0101na zivis 12 kg - MiuMjau","og_description":"Magnum Dog Food Iberian Pork &amp; Ocean Fish. Auksti pres\u0113ta pilnv\u0113rt\u012bga bar\u012bba visiem su\u0146iem, pagatavota no svaigas Ib\u0113rijas c\u016bkga\u013cas (pusme\u017eon\u012bga \u0161\u0137irne) un oke\u0101na ziv\u012bm. Auksti pres\u0113ta bar\u012bba ir vistuv\u0101k\u0101 j\u0113lbar\u012bbai un piem\u0113rota lieto\u0161anai kop\u0101 ar to. T\u0101 neuzbriest ku\u0146\u0123\u012b un pal\u012bdz nov\u0113rst vesel\u012bbas probl\u0113mas, piem\u0113ram, ku\u0146\u0123a sagrie\u0161anos. Bez glut\u0113na. Nesatur ga\u013cas miltus, m\u0101ksl\u012bgas gar\u0161as un kr\u0101svielas. Bez pievienotiem taukiem, vitam\u012bniem un miner\u0101lviel\u0101m \u2013 100 % dab\u012bgs sast\u0101vs. Viegli sagremojama, piem\u0113rota jut\u012bgiem su\u0146iem. Nesatur soju, kvie\u0161us un kukur\u016bzu. Sast\u0101vs: Ib\u0113rijas c\u016bkga\u013ca 40 %, sard\u012bnes 28 %, pilngraudu r\u012bsi, bietes, alus raugs, \u0137imenes, kurkuma. Anal\u012btiskais sast\u0101vs: kopprote\u012bns 28 %, kop\u0161\u0137iedra 2,3 %, koptauki 19 %, pelni 7,5 %, mitrums 18 %. Ra\u017eot\u0101js: Tenesco s.r.o., \u010cehija. Izcelsmes valsts: ES.","og_url":"https:\/\/miumjau.ee\/lv\/produkts\/magnum-auksti-preseta-sunu-bariba-iberijas-cukgala-un-okeana-zivis-12-kg\/","og_site_name":"MiuMjau","article_publisher":"https:\/\/www.facebook.com\/miumjaupood\/","article_modified_time":"2026-01-07T19:12:30+00:00","og_image":[{"width":600,"height":800,"url":"https:\/\/miumjau.ee\/wp-content\/uploads\/2025\/05\/magnum-kulmpressitud-koeratoit7.webp","type":"image\/webp"}],"twitter_card":"summary_large_image","schema":{"@context":"https:\/\/schema.org","@graph":[{"@type":"WebPage","@id":"https:\/\/miumjau.ee\/lv\/produkts\/magnum-auksti-preseta-sunu-bariba-iberijas-cukgala-un-okeana-zivis-12-kg\/","url":"https:\/\/miumjau.ee\/lv\/produkts\/magnum-auksti-preseta-sunu-bariba-iberijas-cukgala-un-okeana-zivis-12-kg\/","name":"Magnum auksti pres\u0113ta su\u0146u bar\u012bba \u2013 Ib\u0113rijas c\u016bkga\u013ca un oke\u0101na zivis 12 kg - MiuMjau","isPartOf":{"@id":"https:\/\/miumjau.ee\/#website"},"primaryImageOfPage":{"@id":"https:\/\/miumjau.ee\/lv\/produkts\/magnum-auksti-preseta-sunu-bariba-iberijas-cukgala-un-okeana-zivis-12-kg\/#primaryimage"},"image":{"@id":"https:\/\/miumjau.ee\/lv\/produkts\/magnum-auksti-preseta-sunu-bariba-iberijas-cukgala-un-okeana-zivis-12-kg\/#primaryimage"},"thumbnailUrl":"https:\/\/miumjau.ee\/wp-content\/uploads\/2025\/05\/magnum-kulmpressitud-koeratoit7.webp","datePublished":"2025-05-20T14:09:27+00:00","dateModified":"2026-01-07T19:12:30+00:00","breadcrumb":{"@id":"https:\/\/miumjau.ee\/lv\/produkts\/magnum-auksti-preseta-sunu-bariba-iberijas-cukgala-un-okeana-zivis-12-kg\/#breadcrumb"},"inLanguage":"lv-LV","potentialAction":[{"@type":"ReadAction","target":["https:\/\/miumjau.ee\/lv\/produkts\/magnum-auksti-preseta-sunu-bariba-iberijas-cukgala-un-okeana-zivis-12-kg\/"]}]},{"@type":"ImageObject","inLanguage":"lv-LV","@id":"https:\/\/miumjau.ee\/lv\/produkts\/magnum-auksti-preseta-sunu-bariba-iberijas-cukgala-un-okeana-zivis-12-kg\/#primaryimage","url":"https:\/\/miumjau.ee\/wp-content\/uploads\/2025\/05\/magnum-kulmpressitud-koeratoit7.webp","contentUrl":"https:\/\/miumjau.ee\/wp-content\/uploads\/2025\/05\/magnum-kulmpressitud-koeratoit7.webp","width":600,"height":800},{"@type":"BreadcrumbList","@id":"https:\/\/miumjau.ee\/lv\/produkts\/magnum-auksti-preseta-sunu-bariba-iberijas-cukgala-un-okeana-zivis-12-kg\/#breadcrumb","itemListElement":[{"@type":"ListItem","position":1,"name":"Home","item":"https:\/\/miumjau.ee\/lv\/"},{"@type":"ListItem","position":2,"name":"Veikals","item":"https:\/\/miumjau.ee\/lv\/veikals\/"},{"@type":"ListItem","position":3,"name":"Magnum auksti pres\u0113ta su\u0146u bar\u012bba \u2013 Ib\u0113rijas c\u016bkga\u013ca un oke\u0101na zivis 12 kg"}]},{"@type":"WebSite","@id":"https:\/\/miumjau.ee\/#website","url":"https:\/\/miumjau.ee\/","name":"MiuMjau","description":"Kraapimispuud kassidele","publisher":{"@id":"https:\/\/miumjau.ee\/#organization"},"potentialAction":[{"@type":"SearchAction","target":{"@type":"EntryPoint","urlTemplate":"https:\/\/miumjau.ee\/?s={search_term_string}"},"query-input":{"@type":"PropertyValueSpecification","valueRequired":true,"valueName":"search_term_string"}}],"inLanguage":"lv-LV"},{"@type":"Organization","@id":"https:\/\/miumjau.ee\/#organization","name":"MiuMjau O\u00dc","url":"https:\/\/miumjau.ee\/","logo":{"@type":"ImageObject","inLanguage":"lv-LV","@id":"https:\/\/miumjau.ee\/#\/schema\/logo\/image\/","url":"https:\/\/miumjau.ee\/wp-content\/uploads\/2022\/04\/MiuMjau-logo-kollane.png","contentUrl":"https:\/\/miumjau.ee\/wp-content\/uploads\/2022\/04\/MiuMjau-logo-kollane.png","width":219,"height":100,"caption":"MiuMjau O\u00dc"},"image":{"@id":"https:\/\/miumjau.ee\/#\/schema\/logo\/image\/"},"sameAs":["https:\/\/www.facebook.com\/miumjaupood\/"]}]}},"_links":{"self":[{"href":"https:\/\/miumjau.ee\/lv\/wp-json\/wp\/v2\/product\/51410","targetHints":{"allow":["GET"]}}],"collection":[{"href":"https:\/\/miumjau.ee\/lv\/wp-json\/wp\/v2\/product"}],"about":[{"href":"https:\/\/miumjau.ee\/lv\/wp-json\/wp\/v2\/types\/product"}],"wp:featuredmedia":[{"embeddable":true,"href":"https:\/\/miumjau.ee\/lv\/wp-json\/wp\/v2\/media\/51411"}],"wp:attachment":[{"href":"https:\/\/miumjau.ee\/lv\/wp-json\/wp\/v2\/media?parent=51410"}],"wp:term":[{"taxonomy":"product_brand","embeddable":true,"href":"https:\/\/miumjau.ee\/lv\/wp-json\/wp\/v2\/product_brand?post=51410"},{"taxonomy":"product_cat","embeddable":true,"href":"https:\/\/miumjau.ee\/lv\/wp-json\/wp\/v2\/product_cat?post=51410"},{"taxonomy":"product_tag","embeddable":true,"href":"https:\/\/miumjau.ee\/lv\/wp-json\/wp\/v2\/product_tag?post=51410"}],"curies":[{"name":"wp","href":"https:\/\/api.w.org\/{rel}","templated":true}]}}