{"id":51380,"date":"2025-05-20T17:09:27","date_gmt":"2025-05-20T14:09:27","guid":{"rendered":"https:\/\/miumjau.ee\/toode\/polaris-viena-proteina-sunu-konservi-vistas-gala-6-x-400-g\/"},"modified":"2026-01-07T21:12:37","modified_gmt":"2026-01-07T19:12:37","slug":"polaris-viena-proteina-sunu-konservi-vistas-gala-6-x-400-g","status":"publish","type":"product","link":"https:\/\/miumjau.ee\/lv\/produkts\/polaris-viena-proteina-sunu-konservi-vistas-gala-6-x-400-g\/","title":{"rendered":"Polaris viena prote\u012bna su\u0146u konservi \u2013 vistas ga\u013ca 6 \u00d7 400 g"},"content":{"rendered":"","protected":false},"excerpt":{"rendered":"<p data-start=\"2728\" data-end=\"2919\">Polaris Single Protein Chicken 6 \u00d7 400 g. Pilnv\u0113rt\u012bga bar\u012bba su\u0146iem ar vienu dz\u012bvnieku izcelsmes olbaltumvielu avotu \u2013 vistas ga\u013cu. Piem\u0113rota visu \u0161\u0137ir\u0146u su\u0146iem ar norm\u0101lu aktivit\u0101tes l\u012bmeni.<\/p>\n<p data-start=\"2921\" data-end=\"3094\">98,7 % vistas ga\u013cas un buljona \u2013 viens dz\u012bvnieku prote\u012bna avots \u2013 piem\u0113rots su\u0146iem ar jut\u012bgu gremo\u0161anu, aler\u0123ij\u0101m un bar\u012bbas nepanes\u012bbu.<br data-start=\"3057\" data-end=\"3060\" \/>Bez graudaugiem, sojas un glut\u0113na.<\/p>\n<ul data-start=\"3096\" data-end=\"3237\">\n<li data-start=\"3096\" data-end=\"3138\">\n<p data-start=\"3098\" data-end=\"3138\">D3 vitam\u012bns stipriem kauliem un zobiem<\/p>\n<\/li>\n<li data-start=\"3139\" data-end=\"3184\">\n<p data-start=\"3141\" data-end=\"3184\">E vitam\u012bns im\u016bnsist\u0113mas norm\u0101lai darb\u012bbai<\/p>\n<\/li>\n<li data-start=\"3185\" data-end=\"3237\">\n<p data-start=\"3187\" data-end=\"3237\">Lins\u0113klu e\u013c\u013ca un cinks vesel\u012bgai \u0101dai un ka\u017eokam<\/p>\n<\/li>\n<\/ul>\n<p data-start=\"3239\" data-end=\"3350\"><strong data-start=\"3239\" data-end=\"3251\">Sast\u0101vs:<\/strong> vistas ga\u013ca 70 %, vistas buljons 28,7 %, miner\u0101lvielas 0,7 %, celuloze 0,5 %, lins\u0113klu e\u013c\u013ca 0,1 %.<\/p>\n<p data-start=\"3352\" data-end=\"3460\"><strong data-start=\"3352\" data-end=\"3377\">Anal\u012btiskais sast\u0101vs:<\/strong> mitrums 78,0 %, kopprote\u012bns 10,5 %, koptauki 7,5 %, pelni 2,4 %, kop\u0161\u0137iedra 0,5 %.<\/p>\n<p data-start=\"3462\" data-end=\"3528\"><strong data-start=\"3462\" data-end=\"3487\">Baro\u0161anas nor\u0101d\u012bjumi:<\/strong> ieteicam\u0101s devas \u2013 skat\u012bt uz iepakojuma.<\/p>\n<p data-start=\"3530\" data-end=\"3579\">Ra\u017eot\u0101js: Partner in Pet Food. Ra\u017eots N\u012bderland\u0113.<\/p>\n","protected":false},"featured_media":51381,"template":"","meta":[],"product_brand":[],"product_cat":[577],"product_tag":[],"class_list":{"0":"post-51380","1":"product","2":"type-product","3":"status-publish","4":"has-post-thumbnail","6":"product_cat-mitra-bariba-suniem","8":"first","9":"instock","10":"taxable","11":"shipping-taxable","12":"purchasable","13":"product-type-simple"},"yoast_head":"<!-- This site is optimized with the Yoast SEO plugin v27.2 - https:\/\/yoast.com\/product\/yoast-seo-wordpress\/ -->\n<title>Polaris viena prote\u012bna su\u0146u konservi \u2013 vistas ga\u013ca 6 \u00d7 400 g - MiuMjau<\/title>\n<meta name=\"robots\" content=\"index, follow, max-snippet:-1, max-image-preview:large, max-video-preview:-1\" \/>\n<link rel=\"canonical\" href=\"https:\/\/miumjau.ee\/lv\/produkts\/polaris-viena-proteina-sunu-konservi-vistas-gala-6-x-400-g\/\" \/>\n<meta property=\"og:locale\" content=\"lv_LV\" \/>\n<meta property=\"og:type\" content=\"article\" \/>\n<meta property=\"og:title\" content=\"Polaris viena prote\u012bna su\u0146u konservi \u2013 vistas ga\u013ca 6 \u00d7 400 g - MiuMjau\" \/>\n<meta property=\"og:description\" content=\"Polaris Single Protein Chicken 6 \u00d7 400 g. Pilnv\u0113rt\u012bga bar\u012bba su\u0146iem ar vienu dz\u012bvnieku izcelsmes olbaltumvielu avotu \u2013 vistas ga\u013cu. Piem\u0113rota visu \u0161\u0137ir\u0146u su\u0146iem ar norm\u0101lu aktivit\u0101tes l\u012bmeni. 98,7 % vistas ga\u013cas un buljona \u2013 viens dz\u012bvnieku prote\u012bna avots \u2013 piem\u0113rots su\u0146iem ar jut\u012bgu gremo\u0161anu, aler\u0123ij\u0101m un bar\u012bbas nepanes\u012bbu.Bez graudaugiem, sojas un glut\u0113na.     D3 vitam\u012bns stipriem kauliem un zobiem    E vitam\u012bns im\u016bnsist\u0113mas norm\u0101lai darb\u012bbai    Lins\u0113klu e\u013c\u013ca un cinks vesel\u012bgai \u0101dai un ka\u017eokam   Sast\u0101vs: vistas ga\u013ca 70 %, vistas buljons 28,7 %, miner\u0101lvielas 0,7 %, celuloze 0,5 %, lins\u0113klu e\u013c\u013ca 0,1 %. Anal\u012btiskais sast\u0101vs: mitrums 78,0 %, kopprote\u012bns 10,5 %, koptauki 7,5 %, pelni 2,4 %, kop\u0161\u0137iedra 0,5 %. Baro\u0161anas nor\u0101d\u012bjumi: ieteicam\u0101s devas \u2013 skat\u012bt uz iepakojuma. Ra\u017eot\u0101js: Partner in Pet Food. Ra\u017eots N\u012bderland\u0113.\" \/>\n<meta property=\"og:url\" content=\"https:\/\/miumjau.ee\/lv\/produkts\/polaris-viena-proteina-sunu-konservi-vistas-gala-6-x-400-g\/\" \/>\n<meta property=\"og:site_name\" content=\"MiuMjau\" \/>\n<meta property=\"article:publisher\" content=\"https:\/\/www.facebook.com\/miumjaupood\/\" \/>\n<meta property=\"article:modified_time\" content=\"2026-01-07T19:12:37+00:00\" \/>\n<meta property=\"og:image\" content=\"https:\/\/miumjau.ee\/wp-content\/uploads\/2025\/05\/polaris-koer-konserv-monoproteiin1.webp\" \/>\n\t<meta property=\"og:image:width\" content=\"600\" \/>\n\t<meta property=\"og:image:height\" content=\"800\" \/>\n\t<meta property=\"og:image:type\" content=\"image\/webp\" \/>\n<meta name=\"twitter:card\" content=\"summary_large_image\" \/>\n<script type=\"application\/ld+json\" class=\"yoast-schema-graph\">{\"@context\":\"https:\/\/schema.org\",\"@graph\":[{\"@type\":\"WebPage\",\"@id\":\"https:\/\/miumjau.ee\/lv\/produkts\/polaris-viena-proteina-sunu-konservi-vistas-gala-6-x-400-g\/\",\"url\":\"https:\/\/miumjau.ee\/lv\/produkts\/polaris-viena-proteina-sunu-konservi-vistas-gala-6-x-400-g\/\",\"name\":\"Polaris viena prote\u012bna su\u0146u konservi \u2013 vistas ga\u013ca 6 \u00d7 400 g - MiuMjau\",\"isPartOf\":{\"@id\":\"https:\/\/miumjau.ee\/#website\"},\"primaryImageOfPage\":{\"@id\":\"https:\/\/miumjau.ee\/lv\/produkts\/polaris-viena-proteina-sunu-konservi-vistas-gala-6-x-400-g\/#primaryimage\"},\"image\":{\"@id\":\"https:\/\/miumjau.ee\/lv\/produkts\/polaris-viena-proteina-sunu-konservi-vistas-gala-6-x-400-g\/#primaryimage\"},\"thumbnailUrl\":\"https:\/\/miumjau.ee\/wp-content\/uploads\/2025\/05\/polaris-koer-konserv-monoproteiin1.webp\",\"datePublished\":\"2025-05-20T14:09:27+00:00\",\"dateModified\":\"2026-01-07T19:12:37+00:00\",\"breadcrumb\":{\"@id\":\"https:\/\/miumjau.ee\/lv\/produkts\/polaris-viena-proteina-sunu-konservi-vistas-gala-6-x-400-g\/#breadcrumb\"},\"inLanguage\":\"lv-LV\",\"potentialAction\":[{\"@type\":\"ReadAction\",\"target\":[\"https:\/\/miumjau.ee\/lv\/produkts\/polaris-viena-proteina-sunu-konservi-vistas-gala-6-x-400-g\/\"]}]},{\"@type\":\"ImageObject\",\"inLanguage\":\"lv-LV\",\"@id\":\"https:\/\/miumjau.ee\/lv\/produkts\/polaris-viena-proteina-sunu-konservi-vistas-gala-6-x-400-g\/#primaryimage\",\"url\":\"https:\/\/miumjau.ee\/wp-content\/uploads\/2025\/05\/polaris-koer-konserv-monoproteiin1.webp\",\"contentUrl\":\"https:\/\/miumjau.ee\/wp-content\/uploads\/2025\/05\/polaris-koer-konserv-monoproteiin1.webp\",\"width\":600,\"height\":800},{\"@type\":\"BreadcrumbList\",\"@id\":\"https:\/\/miumjau.ee\/lv\/produkts\/polaris-viena-proteina-sunu-konservi-vistas-gala-6-x-400-g\/#breadcrumb\",\"itemListElement\":[{\"@type\":\"ListItem\",\"position\":1,\"name\":\"Home\",\"item\":\"https:\/\/miumjau.ee\/lv\/\"},{\"@type\":\"ListItem\",\"position\":2,\"name\":\"Veikals\",\"item\":\"https:\/\/miumjau.ee\/lv\/veikals\/\"},{\"@type\":\"ListItem\",\"position\":3,\"name\":\"Polaris viena prote\u012bna su\u0146u konservi \u2013 vistas ga\u013ca 6 \u00d7 400 g\"}]},{\"@type\":\"WebSite\",\"@id\":\"https:\/\/miumjau.ee\/#website\",\"url\":\"https:\/\/miumjau.ee\/\",\"name\":\"MiuMjau\",\"description\":\"Kraapimispuud kassidele\",\"publisher\":{\"@id\":\"https:\/\/miumjau.ee\/#organization\"},\"potentialAction\":[{\"@type\":\"SearchAction\",\"target\":{\"@type\":\"EntryPoint\",\"urlTemplate\":\"https:\/\/miumjau.ee\/?s={search_term_string}\"},\"query-input\":{\"@type\":\"PropertyValueSpecification\",\"valueRequired\":true,\"valueName\":\"search_term_string\"}}],\"inLanguage\":\"lv-LV\"},{\"@type\":\"Organization\",\"@id\":\"https:\/\/miumjau.ee\/#organization\",\"name\":\"MiuMjau O\u00dc\",\"url\":\"https:\/\/miumjau.ee\/\",\"logo\":{\"@type\":\"ImageObject\",\"inLanguage\":\"lv-LV\",\"@id\":\"https:\/\/miumjau.ee\/#\/schema\/logo\/image\/\",\"url\":\"https:\/\/miumjau.ee\/wp-content\/uploads\/2022\/04\/MiuMjau-logo-kollane.png\",\"contentUrl\":\"https:\/\/miumjau.ee\/wp-content\/uploads\/2022\/04\/MiuMjau-logo-kollane.png\",\"width\":219,\"height\":100,\"caption\":\"MiuMjau O\u00dc\"},\"image\":{\"@id\":\"https:\/\/miumjau.ee\/#\/schema\/logo\/image\/\"},\"sameAs\":[\"https:\/\/www.facebook.com\/miumjaupood\/\"]}]}<\/script>\n<!-- \/ Yoast SEO plugin. -->","yoast_head_json":{"title":"Polaris viena prote\u012bna su\u0146u konservi \u2013 vistas ga\u013ca 6 \u00d7 400 g - MiuMjau","robots":{"index":"index","follow":"follow","max-snippet":"max-snippet:-1","max-image-preview":"max-image-preview:large","max-video-preview":"max-video-preview:-1"},"canonical":"https:\/\/miumjau.ee\/lv\/produkts\/polaris-viena-proteina-sunu-konservi-vistas-gala-6-x-400-g\/","og_locale":"lv_LV","og_type":"article","og_title":"Polaris viena prote\u012bna su\u0146u konservi \u2013 vistas ga\u013ca 6 \u00d7 400 g - MiuMjau","og_description":"Polaris Single Protein Chicken 6 \u00d7 400 g. Pilnv\u0113rt\u012bga bar\u012bba su\u0146iem ar vienu dz\u012bvnieku izcelsmes olbaltumvielu avotu \u2013 vistas ga\u013cu. Piem\u0113rota visu \u0161\u0137ir\u0146u su\u0146iem ar norm\u0101lu aktivit\u0101tes l\u012bmeni. 98,7 % vistas ga\u013cas un buljona \u2013 viens dz\u012bvnieku prote\u012bna avots \u2013 piem\u0113rots su\u0146iem ar jut\u012bgu gremo\u0161anu, aler\u0123ij\u0101m un bar\u012bbas nepanes\u012bbu.Bez graudaugiem, sojas un glut\u0113na.     D3 vitam\u012bns stipriem kauliem un zobiem    E vitam\u012bns im\u016bnsist\u0113mas norm\u0101lai darb\u012bbai    Lins\u0113klu e\u013c\u013ca un cinks vesel\u012bgai \u0101dai un ka\u017eokam   Sast\u0101vs: vistas ga\u013ca 70 %, vistas buljons 28,7 %, miner\u0101lvielas 0,7 %, celuloze 0,5 %, lins\u0113klu e\u013c\u013ca 0,1 %. Anal\u012btiskais sast\u0101vs: mitrums 78,0 %, kopprote\u012bns 10,5 %, koptauki 7,5 %, pelni 2,4 %, kop\u0161\u0137iedra 0,5 %. Baro\u0161anas nor\u0101d\u012bjumi: ieteicam\u0101s devas \u2013 skat\u012bt uz iepakojuma. Ra\u017eot\u0101js: Partner in Pet Food. Ra\u017eots N\u012bderland\u0113.","og_url":"https:\/\/miumjau.ee\/lv\/produkts\/polaris-viena-proteina-sunu-konservi-vistas-gala-6-x-400-g\/","og_site_name":"MiuMjau","article_publisher":"https:\/\/www.facebook.com\/miumjaupood\/","article_modified_time":"2026-01-07T19:12:37+00:00","og_image":[{"width":600,"height":800,"url":"https:\/\/miumjau.ee\/wp-content\/uploads\/2025\/05\/polaris-koer-konserv-monoproteiin1.webp","type":"image\/webp"}],"twitter_card":"summary_large_image","schema":{"@context":"https:\/\/schema.org","@graph":[{"@type":"WebPage","@id":"https:\/\/miumjau.ee\/lv\/produkts\/polaris-viena-proteina-sunu-konservi-vistas-gala-6-x-400-g\/","url":"https:\/\/miumjau.ee\/lv\/produkts\/polaris-viena-proteina-sunu-konservi-vistas-gala-6-x-400-g\/","name":"Polaris viena prote\u012bna su\u0146u konservi \u2013 vistas ga\u013ca 6 \u00d7 400 g - MiuMjau","isPartOf":{"@id":"https:\/\/miumjau.ee\/#website"},"primaryImageOfPage":{"@id":"https:\/\/miumjau.ee\/lv\/produkts\/polaris-viena-proteina-sunu-konservi-vistas-gala-6-x-400-g\/#primaryimage"},"image":{"@id":"https:\/\/miumjau.ee\/lv\/produkts\/polaris-viena-proteina-sunu-konservi-vistas-gala-6-x-400-g\/#primaryimage"},"thumbnailUrl":"https:\/\/miumjau.ee\/wp-content\/uploads\/2025\/05\/polaris-koer-konserv-monoproteiin1.webp","datePublished":"2025-05-20T14:09:27+00:00","dateModified":"2026-01-07T19:12:37+00:00","breadcrumb":{"@id":"https:\/\/miumjau.ee\/lv\/produkts\/polaris-viena-proteina-sunu-konservi-vistas-gala-6-x-400-g\/#breadcrumb"},"inLanguage":"lv-LV","potentialAction":[{"@type":"ReadAction","target":["https:\/\/miumjau.ee\/lv\/produkts\/polaris-viena-proteina-sunu-konservi-vistas-gala-6-x-400-g\/"]}]},{"@type":"ImageObject","inLanguage":"lv-LV","@id":"https:\/\/miumjau.ee\/lv\/produkts\/polaris-viena-proteina-sunu-konservi-vistas-gala-6-x-400-g\/#primaryimage","url":"https:\/\/miumjau.ee\/wp-content\/uploads\/2025\/05\/polaris-koer-konserv-monoproteiin1.webp","contentUrl":"https:\/\/miumjau.ee\/wp-content\/uploads\/2025\/05\/polaris-koer-konserv-monoproteiin1.webp","width":600,"height":800},{"@type":"BreadcrumbList","@id":"https:\/\/miumjau.ee\/lv\/produkts\/polaris-viena-proteina-sunu-konservi-vistas-gala-6-x-400-g\/#breadcrumb","itemListElement":[{"@type":"ListItem","position":1,"name":"Home","item":"https:\/\/miumjau.ee\/lv\/"},{"@type":"ListItem","position":2,"name":"Veikals","item":"https:\/\/miumjau.ee\/lv\/veikals\/"},{"@type":"ListItem","position":3,"name":"Polaris viena prote\u012bna su\u0146u konservi \u2013 vistas ga\u013ca 6 \u00d7 400 g"}]},{"@type":"WebSite","@id":"https:\/\/miumjau.ee\/#website","url":"https:\/\/miumjau.ee\/","name":"MiuMjau","description":"Kraapimispuud kassidele","publisher":{"@id":"https:\/\/miumjau.ee\/#organization"},"potentialAction":[{"@type":"SearchAction","target":{"@type":"EntryPoint","urlTemplate":"https:\/\/miumjau.ee\/?s={search_term_string}"},"query-input":{"@type":"PropertyValueSpecification","valueRequired":true,"valueName":"search_term_string"}}],"inLanguage":"lv-LV"},{"@type":"Organization","@id":"https:\/\/miumjau.ee\/#organization","name":"MiuMjau O\u00dc","url":"https:\/\/miumjau.ee\/","logo":{"@type":"ImageObject","inLanguage":"lv-LV","@id":"https:\/\/miumjau.ee\/#\/schema\/logo\/image\/","url":"https:\/\/miumjau.ee\/wp-content\/uploads\/2022\/04\/MiuMjau-logo-kollane.png","contentUrl":"https:\/\/miumjau.ee\/wp-content\/uploads\/2022\/04\/MiuMjau-logo-kollane.png","width":219,"height":100,"caption":"MiuMjau O\u00dc"},"image":{"@id":"https:\/\/miumjau.ee\/#\/schema\/logo\/image\/"},"sameAs":["https:\/\/www.facebook.com\/miumjaupood\/"]}]}},"_links":{"self":[{"href":"https:\/\/miumjau.ee\/lv\/wp-json\/wp\/v2\/product\/51380","targetHints":{"allow":["GET"]}}],"collection":[{"href":"https:\/\/miumjau.ee\/lv\/wp-json\/wp\/v2\/product"}],"about":[{"href":"https:\/\/miumjau.ee\/lv\/wp-json\/wp\/v2\/types\/product"}],"wp:featuredmedia":[{"embeddable":true,"href":"https:\/\/miumjau.ee\/lv\/wp-json\/wp\/v2\/media\/51381"}],"wp:attachment":[{"href":"https:\/\/miumjau.ee\/lv\/wp-json\/wp\/v2\/media?parent=51380"}],"wp:term":[{"taxonomy":"product_brand","embeddable":true,"href":"https:\/\/miumjau.ee\/lv\/wp-json\/wp\/v2\/product_brand?post=51380"},{"taxonomy":"product_cat","embeddable":true,"href":"https:\/\/miumjau.ee\/lv\/wp-json\/wp\/v2\/product_cat?post=51380"},{"taxonomy":"product_tag","embeddable":true,"href":"https:\/\/miumjau.ee\/lv\/wp-json\/wp\/v2\/product_tag?post=51380"}],"curies":[{"name":"wp","href":"https:\/\/api.w.org\/{rel}","templated":true}]}}