{"id":51367,"date":"2025-05-21T20:01:10","date_gmt":"2025-05-21T17:01:10","guid":{"rendered":"https:\/\/miumjau.ee\/toode\/velxara-viena-proteina-sunu-konservi-liellopa-galas-pastete-6-x-400-g\/"},"modified":"2026-01-07T21:12:37","modified_gmt":"2026-01-07T19:12:37","slug":"velxara-viena-proteina-sunu-konservi-liellopa-galas-pastete-6-x-400-g","status":"publish","type":"product","link":"https:\/\/miumjau.ee\/lv\/produkts\/velxara-viena-proteina-sunu-konservi-liellopa-galas-pastete-6-x-400-g\/","title":{"rendered":"Velxara viena prote\u012bna su\u0146u konservi \u2013 liellopa ga\u013cas past\u0113te 6 \u00d7 400 g"},"content":{"rendered":"","protected":false},"excerpt":{"rendered":"<p data-start=\"4043\" data-end=\"4679\">Velxara Single Protein Beef P\u00e2t\u00e9 6 \u00d7 400 g. Holistiska pilnv\u0113rt\u012bga bar\u012bba su\u0146iem ar vienu dz\u012bvnieku izcelsmes olbaltumvielu avotu \u2013 liellopa ga\u013cu. Piem\u0113rota visu \u0161\u0137ir\u0146u su\u0146iem ar norm\u0101lu aktivit\u0101tes l\u012bmeni. Velxara su\u0146u konservi tiek ra\u017eoti bez graudaugiem, glut\u0113na un sojas, izmantojot tikai vienu dz\u012bvnieku prote\u012bnu. T\u0101 k\u0101 sast\u0101v\u0101 nav vair\u0101ku ga\u013cas veidu, bar\u012bba ir piem\u0113rota su\u0146iem ar jut\u012bgu gremo\u0161anu, aler\u0123ij\u0101m un bar\u012bbas nepanes\u012bbu. Konservos nav lielu ga\u013cas gabalu \u2013 m\u012bkst\u0101 past\u0113te ir viegli \u0113dama ar\u012b vec\u0101kiem su\u0146iem un su\u0146iem ar vesel\u012bbas probl\u0113m\u0101m (tostarp zobu probl\u0113m\u0101m). Pievienot\u0101s \u0161\u0137iedrvielas veicina vesel\u012bgu gremo\u0161anu.<\/p>\n<ul data-start=\"4681\" data-end=\"4822\">\n<li data-start=\"4681\" data-end=\"4723\">\n<p data-start=\"4683\" data-end=\"4723\">D3 vitam\u012bns stipriem kauliem un zobiem<\/p>\n<\/li>\n<li data-start=\"4724\" data-end=\"4769\">\n<p data-start=\"4726\" data-end=\"4769\">E vitam\u012bns im\u016bnsist\u0113mas norm\u0101lai darb\u012bbai<\/p>\n<\/li>\n<li data-start=\"4770\" data-end=\"4822\">\n<p data-start=\"4772\" data-end=\"4822\">Lins\u0113klu e\u013c\u013ca un cinks vesel\u012bgai \u0101dai un ka\u017eokam<\/p>\n<\/li>\n<\/ul>\n<p data-start=\"4824\" data-end=\"4939\"><strong data-start=\"4824\" data-end=\"4836\">Sast\u0101vs:<\/strong> liellopa ga\u013ca 70 %, liellopa buljons 28,7 %, miner\u0101lvielas 0,7 %, celuloze 0,5 %, lins\u0113klu e\u013c\u013ca 0,1 %.<\/p>\n<p data-start=\"4941\" data-end=\"5049\"><strong data-start=\"4941\" data-end=\"4966\">Anal\u012btiskais sast\u0101vs:<\/strong> mitrums 77,0 %, kopprote\u012bns 11,0 %, koptauki 8,0 %, pelni 2,5 %, kop\u0161\u0137iedra 0,5 %.<\/p>\n<p data-start=\"5051\" data-end=\"5272\"><strong data-start=\"5051\" data-end=\"5081\">Uzturvielu piedevas uz kg:<\/strong> D3 vitam\u012bns 140 SV, E vitam\u012bns 30 mg, cinks (cinka sulf\u0101ta monohidr\u0101ts) 20 mg, var\u0161 (vara sulf\u0101ta pentahidr\u0101ts) 2,3 mg, mang\u0101ns (mang\u0101na oks\u012bds) 2 mg, jods (kalcija jod\u0101ts, bez\u016bdens) 0,5 mg.<\/p>\n<p data-start=\"5274\" data-end=\"5393\"><strong data-start=\"5274\" data-end=\"5299\">Baro\u0161anas nor\u0101d\u012bjumi:<\/strong> ieteicam\u0101s devas, ja baro tikai ar konserviem. Kombin\u0113t\u0101s baro\u0161anas gad\u012bjum\u0101 devas j\u0101piel\u0101go.<\/p>\n","protected":false},"featured_media":51358,"template":"","meta":[],"product_brand":[],"product_cat":[577],"product_tag":[],"class_list":{"0":"post-51367","1":"product","2":"type-product","3":"status-publish","4":"has-post-thumbnail","6":"product_cat-mitra-bariba-suniem","8":"first","9":"instock","10":"taxable","11":"shipping-taxable","12":"purchasable","13":"product-type-simple"},"yoast_head":"<!-- This site is optimized with the Yoast SEO plugin v27.2 - https:\/\/yoast.com\/product\/yoast-seo-wordpress\/ -->\n<title>Velxara viena prote\u012bna su\u0146u konservi \u2013 liellopa ga\u013cas past\u0113te 6 \u00d7 400 g - MiuMjau<\/title>\n<meta name=\"robots\" content=\"index, follow, max-snippet:-1, max-image-preview:large, max-video-preview:-1\" \/>\n<link rel=\"canonical\" href=\"https:\/\/miumjau.ee\/lv\/produkts\/velxara-viena-proteina-sunu-konservi-liellopa-galas-pastete-6-x-400-g\/\" \/>\n<meta property=\"og:locale\" content=\"lv_LV\" \/>\n<meta property=\"og:type\" content=\"article\" \/>\n<meta property=\"og:title\" content=\"Velxara viena prote\u012bna su\u0146u konservi \u2013 liellopa ga\u013cas past\u0113te 6 \u00d7 400 g - MiuMjau\" \/>\n<meta property=\"og:description\" content=\"Velxara Single Protein Beef P\u00e2t\u00e9 6 \u00d7 400 g. Holistiska pilnv\u0113rt\u012bga bar\u012bba su\u0146iem ar vienu dz\u012bvnieku izcelsmes olbaltumvielu avotu \u2013 liellopa ga\u013cu. Piem\u0113rota visu \u0161\u0137ir\u0146u su\u0146iem ar norm\u0101lu aktivit\u0101tes l\u012bmeni. Velxara su\u0146u konservi tiek ra\u017eoti bez graudaugiem, glut\u0113na un sojas, izmantojot tikai vienu dz\u012bvnieku prote\u012bnu. T\u0101 k\u0101 sast\u0101v\u0101 nav vair\u0101ku ga\u013cas veidu, bar\u012bba ir piem\u0113rota su\u0146iem ar jut\u012bgu gremo\u0161anu, aler\u0123ij\u0101m un bar\u012bbas nepanes\u012bbu. Konservos nav lielu ga\u013cas gabalu \u2013 m\u012bkst\u0101 past\u0113te ir viegli \u0113dama ar\u012b vec\u0101kiem su\u0146iem un su\u0146iem ar vesel\u012bbas probl\u0113m\u0101m (tostarp zobu probl\u0113m\u0101m). Pievienot\u0101s \u0161\u0137iedrvielas veicina vesel\u012bgu gremo\u0161anu.     D3 vitam\u012bns stipriem kauliem un zobiem    E vitam\u012bns im\u016bnsist\u0113mas norm\u0101lai darb\u012bbai    Lins\u0113klu e\u013c\u013ca un cinks vesel\u012bgai \u0101dai un ka\u017eokam   Sast\u0101vs: liellopa ga\u013ca 70 %, liellopa buljons 28,7 %, miner\u0101lvielas 0,7 %, celuloze 0,5 %, lins\u0113klu e\u013c\u013ca 0,1 %. Anal\u012btiskais sast\u0101vs: mitrums 77,0 %, kopprote\u012bns 11,0 %, koptauki 8,0 %, pelni 2,5 %, kop\u0161\u0137iedra 0,5 %. Uzturvielu piedevas uz kg: D3 vitam\u012bns 140 SV, E vitam\u012bns 30 mg, cinks (cinka sulf\u0101ta monohidr\u0101ts) 20 mg, var\u0161 (vara sulf\u0101ta pentahidr\u0101ts) 2,3 mg, mang\u0101ns (mang\u0101na oks\u012bds) 2 mg, jods (kalcija jod\u0101ts, bez\u016bdens) 0,5 mg. Baro\u0161anas nor\u0101d\u012bjumi: ieteicam\u0101s devas, ja baro tikai ar konserviem. Kombin\u0113t\u0101s baro\u0161anas gad\u012bjum\u0101 devas j\u0101piel\u0101go.\" \/>\n<meta property=\"og:url\" content=\"https:\/\/miumjau.ee\/lv\/produkts\/velxara-viena-proteina-sunu-konservi-liellopa-galas-pastete-6-x-400-g\/\" \/>\n<meta property=\"og:site_name\" content=\"MiuMjau\" \/>\n<meta property=\"article:publisher\" content=\"https:\/\/www.facebook.com\/miumjaupood\/\" \/>\n<meta property=\"article:modified_time\" content=\"2026-01-07T19:12:37+00:00\" \/>\n<meta property=\"og:image\" content=\"https:\/\/miumjau.ee\/wp-content\/uploads\/2025\/05\/velxara-koerakonserv-veis-Photoroom.webp\" \/>\n\t<meta property=\"og:image:width\" content=\"600\" \/>\n\t<meta property=\"og:image:height\" content=\"800\" \/>\n\t<meta property=\"og:image:type\" content=\"image\/webp\" \/>\n<meta name=\"twitter:card\" content=\"summary_large_image\" \/>\n<script type=\"application\/ld+json\" class=\"yoast-schema-graph\">{\"@context\":\"https:\/\/schema.org\",\"@graph\":[{\"@type\":\"WebPage\",\"@id\":\"https:\/\/miumjau.ee\/lv\/produkts\/velxara-viena-proteina-sunu-konservi-liellopa-galas-pastete-6-x-400-g\/\",\"url\":\"https:\/\/miumjau.ee\/lv\/produkts\/velxara-viena-proteina-sunu-konservi-liellopa-galas-pastete-6-x-400-g\/\",\"name\":\"Velxara viena prote\u012bna su\u0146u konservi \u2013 liellopa ga\u013cas past\u0113te 6 \u00d7 400 g - MiuMjau\",\"isPartOf\":{\"@id\":\"https:\/\/miumjau.ee\/#website\"},\"primaryImageOfPage\":{\"@id\":\"https:\/\/miumjau.ee\/lv\/produkts\/velxara-viena-proteina-sunu-konservi-liellopa-galas-pastete-6-x-400-g\/#primaryimage\"},\"image\":{\"@id\":\"https:\/\/miumjau.ee\/lv\/produkts\/velxara-viena-proteina-sunu-konservi-liellopa-galas-pastete-6-x-400-g\/#primaryimage\"},\"thumbnailUrl\":\"https:\/\/miumjau.ee\/wp-content\/uploads\/2025\/05\/velxara-koerakonserv-veis-Photoroom.webp\",\"datePublished\":\"2025-05-21T17:01:10+00:00\",\"dateModified\":\"2026-01-07T19:12:37+00:00\",\"breadcrumb\":{\"@id\":\"https:\/\/miumjau.ee\/lv\/produkts\/velxara-viena-proteina-sunu-konservi-liellopa-galas-pastete-6-x-400-g\/#breadcrumb\"},\"inLanguage\":\"lv-LV\",\"potentialAction\":[{\"@type\":\"ReadAction\",\"target\":[\"https:\/\/miumjau.ee\/lv\/produkts\/velxara-viena-proteina-sunu-konservi-liellopa-galas-pastete-6-x-400-g\/\"]}]},{\"@type\":\"ImageObject\",\"inLanguage\":\"lv-LV\",\"@id\":\"https:\/\/miumjau.ee\/lv\/produkts\/velxara-viena-proteina-sunu-konservi-liellopa-galas-pastete-6-x-400-g\/#primaryimage\",\"url\":\"https:\/\/miumjau.ee\/wp-content\/uploads\/2025\/05\/velxara-koerakonserv-veis-Photoroom.webp\",\"contentUrl\":\"https:\/\/miumjau.ee\/wp-content\/uploads\/2025\/05\/velxara-koerakonserv-veis-Photoroom.webp\",\"width\":600,\"height\":800,\"caption\":\"Velxara monoproteiin pate koerakonserv veisega 6x 400g\"},{\"@type\":\"BreadcrumbList\",\"@id\":\"https:\/\/miumjau.ee\/lv\/produkts\/velxara-viena-proteina-sunu-konservi-liellopa-galas-pastete-6-x-400-g\/#breadcrumb\",\"itemListElement\":[{\"@type\":\"ListItem\",\"position\":1,\"name\":\"Home\",\"item\":\"https:\/\/miumjau.ee\/lv\/\"},{\"@type\":\"ListItem\",\"position\":2,\"name\":\"Veikals\",\"item\":\"https:\/\/miumjau.ee\/lv\/veikals\/\"},{\"@type\":\"ListItem\",\"position\":3,\"name\":\"Velxara viena prote\u012bna su\u0146u konservi \u2013 liellopa ga\u013cas past\u0113te 6 \u00d7 400 g\"}]},{\"@type\":\"WebSite\",\"@id\":\"https:\/\/miumjau.ee\/#website\",\"url\":\"https:\/\/miumjau.ee\/\",\"name\":\"MiuMjau\",\"description\":\"Kraapimispuud kassidele\",\"publisher\":{\"@id\":\"https:\/\/miumjau.ee\/#organization\"},\"potentialAction\":[{\"@type\":\"SearchAction\",\"target\":{\"@type\":\"EntryPoint\",\"urlTemplate\":\"https:\/\/miumjau.ee\/?s={search_term_string}\"},\"query-input\":{\"@type\":\"PropertyValueSpecification\",\"valueRequired\":true,\"valueName\":\"search_term_string\"}}],\"inLanguage\":\"lv-LV\"},{\"@type\":\"Organization\",\"@id\":\"https:\/\/miumjau.ee\/#organization\",\"name\":\"MiuMjau O\u00dc\",\"url\":\"https:\/\/miumjau.ee\/\",\"logo\":{\"@type\":\"ImageObject\",\"inLanguage\":\"lv-LV\",\"@id\":\"https:\/\/miumjau.ee\/#\/schema\/logo\/image\/\",\"url\":\"https:\/\/miumjau.ee\/wp-content\/uploads\/2022\/04\/MiuMjau-logo-kollane.png\",\"contentUrl\":\"https:\/\/miumjau.ee\/wp-content\/uploads\/2022\/04\/MiuMjau-logo-kollane.png\",\"width\":219,\"height\":100,\"caption\":\"MiuMjau O\u00dc\"},\"image\":{\"@id\":\"https:\/\/miumjau.ee\/#\/schema\/logo\/image\/\"},\"sameAs\":[\"https:\/\/www.facebook.com\/miumjaupood\/\"]}]}<\/script>\n<!-- \/ Yoast SEO plugin. -->","yoast_head_json":{"title":"Velxara viena prote\u012bna su\u0146u konservi \u2013 liellopa ga\u013cas past\u0113te 6 \u00d7 400 g - MiuMjau","robots":{"index":"index","follow":"follow","max-snippet":"max-snippet:-1","max-image-preview":"max-image-preview:large","max-video-preview":"max-video-preview:-1"},"canonical":"https:\/\/miumjau.ee\/lv\/produkts\/velxara-viena-proteina-sunu-konservi-liellopa-galas-pastete-6-x-400-g\/","og_locale":"lv_LV","og_type":"article","og_title":"Velxara viena prote\u012bna su\u0146u konservi \u2013 liellopa ga\u013cas past\u0113te 6 \u00d7 400 g - MiuMjau","og_description":"Velxara Single Protein Beef P\u00e2t\u00e9 6 \u00d7 400 g. Holistiska pilnv\u0113rt\u012bga bar\u012bba su\u0146iem ar vienu dz\u012bvnieku izcelsmes olbaltumvielu avotu \u2013 liellopa ga\u013cu. Piem\u0113rota visu \u0161\u0137ir\u0146u su\u0146iem ar norm\u0101lu aktivit\u0101tes l\u012bmeni. Velxara su\u0146u konservi tiek ra\u017eoti bez graudaugiem, glut\u0113na un sojas, izmantojot tikai vienu dz\u012bvnieku prote\u012bnu. T\u0101 k\u0101 sast\u0101v\u0101 nav vair\u0101ku ga\u013cas veidu, bar\u012bba ir piem\u0113rota su\u0146iem ar jut\u012bgu gremo\u0161anu, aler\u0123ij\u0101m un bar\u012bbas nepanes\u012bbu. Konservos nav lielu ga\u013cas gabalu \u2013 m\u012bkst\u0101 past\u0113te ir viegli \u0113dama ar\u012b vec\u0101kiem su\u0146iem un su\u0146iem ar vesel\u012bbas probl\u0113m\u0101m (tostarp zobu probl\u0113m\u0101m). Pievienot\u0101s \u0161\u0137iedrvielas veicina vesel\u012bgu gremo\u0161anu.     D3 vitam\u012bns stipriem kauliem un zobiem    E vitam\u012bns im\u016bnsist\u0113mas norm\u0101lai darb\u012bbai    Lins\u0113klu e\u013c\u013ca un cinks vesel\u012bgai \u0101dai un ka\u017eokam   Sast\u0101vs: liellopa ga\u013ca 70 %, liellopa buljons 28,7 %, miner\u0101lvielas 0,7 %, celuloze 0,5 %, lins\u0113klu e\u013c\u013ca 0,1 %. Anal\u012btiskais sast\u0101vs: mitrums 77,0 %, kopprote\u012bns 11,0 %, koptauki 8,0 %, pelni 2,5 %, kop\u0161\u0137iedra 0,5 %. Uzturvielu piedevas uz kg: D3 vitam\u012bns 140 SV, E vitam\u012bns 30 mg, cinks (cinka sulf\u0101ta monohidr\u0101ts) 20 mg, var\u0161 (vara sulf\u0101ta pentahidr\u0101ts) 2,3 mg, mang\u0101ns (mang\u0101na oks\u012bds) 2 mg, jods (kalcija jod\u0101ts, bez\u016bdens) 0,5 mg. Baro\u0161anas nor\u0101d\u012bjumi: ieteicam\u0101s devas, ja baro tikai ar konserviem. Kombin\u0113t\u0101s baro\u0161anas gad\u012bjum\u0101 devas j\u0101piel\u0101go.","og_url":"https:\/\/miumjau.ee\/lv\/produkts\/velxara-viena-proteina-sunu-konservi-liellopa-galas-pastete-6-x-400-g\/","og_site_name":"MiuMjau","article_publisher":"https:\/\/www.facebook.com\/miumjaupood\/","article_modified_time":"2026-01-07T19:12:37+00:00","og_image":[{"width":600,"height":800,"url":"https:\/\/miumjau.ee\/wp-content\/uploads\/2025\/05\/velxara-koerakonserv-veis-Photoroom.webp","type":"image\/webp"}],"twitter_card":"summary_large_image","schema":{"@context":"https:\/\/schema.org","@graph":[{"@type":"WebPage","@id":"https:\/\/miumjau.ee\/lv\/produkts\/velxara-viena-proteina-sunu-konservi-liellopa-galas-pastete-6-x-400-g\/","url":"https:\/\/miumjau.ee\/lv\/produkts\/velxara-viena-proteina-sunu-konservi-liellopa-galas-pastete-6-x-400-g\/","name":"Velxara viena prote\u012bna su\u0146u konservi \u2013 liellopa ga\u013cas past\u0113te 6 \u00d7 400 g - MiuMjau","isPartOf":{"@id":"https:\/\/miumjau.ee\/#website"},"primaryImageOfPage":{"@id":"https:\/\/miumjau.ee\/lv\/produkts\/velxara-viena-proteina-sunu-konservi-liellopa-galas-pastete-6-x-400-g\/#primaryimage"},"image":{"@id":"https:\/\/miumjau.ee\/lv\/produkts\/velxara-viena-proteina-sunu-konservi-liellopa-galas-pastete-6-x-400-g\/#primaryimage"},"thumbnailUrl":"https:\/\/miumjau.ee\/wp-content\/uploads\/2025\/05\/velxara-koerakonserv-veis-Photoroom.webp","datePublished":"2025-05-21T17:01:10+00:00","dateModified":"2026-01-07T19:12:37+00:00","breadcrumb":{"@id":"https:\/\/miumjau.ee\/lv\/produkts\/velxara-viena-proteina-sunu-konservi-liellopa-galas-pastete-6-x-400-g\/#breadcrumb"},"inLanguage":"lv-LV","potentialAction":[{"@type":"ReadAction","target":["https:\/\/miumjau.ee\/lv\/produkts\/velxara-viena-proteina-sunu-konservi-liellopa-galas-pastete-6-x-400-g\/"]}]},{"@type":"ImageObject","inLanguage":"lv-LV","@id":"https:\/\/miumjau.ee\/lv\/produkts\/velxara-viena-proteina-sunu-konservi-liellopa-galas-pastete-6-x-400-g\/#primaryimage","url":"https:\/\/miumjau.ee\/wp-content\/uploads\/2025\/05\/velxara-koerakonserv-veis-Photoroom.webp","contentUrl":"https:\/\/miumjau.ee\/wp-content\/uploads\/2025\/05\/velxara-koerakonserv-veis-Photoroom.webp","width":600,"height":800,"caption":"Velxara monoproteiin pate koerakonserv veisega 6x 400g"},{"@type":"BreadcrumbList","@id":"https:\/\/miumjau.ee\/lv\/produkts\/velxara-viena-proteina-sunu-konservi-liellopa-galas-pastete-6-x-400-g\/#breadcrumb","itemListElement":[{"@type":"ListItem","position":1,"name":"Home","item":"https:\/\/miumjau.ee\/lv\/"},{"@type":"ListItem","position":2,"name":"Veikals","item":"https:\/\/miumjau.ee\/lv\/veikals\/"},{"@type":"ListItem","position":3,"name":"Velxara viena prote\u012bna su\u0146u konservi \u2013 liellopa ga\u013cas past\u0113te 6 \u00d7 400 g"}]},{"@type":"WebSite","@id":"https:\/\/miumjau.ee\/#website","url":"https:\/\/miumjau.ee\/","name":"MiuMjau","description":"Kraapimispuud kassidele","publisher":{"@id":"https:\/\/miumjau.ee\/#organization"},"potentialAction":[{"@type":"SearchAction","target":{"@type":"EntryPoint","urlTemplate":"https:\/\/miumjau.ee\/?s={search_term_string}"},"query-input":{"@type":"PropertyValueSpecification","valueRequired":true,"valueName":"search_term_string"}}],"inLanguage":"lv-LV"},{"@type":"Organization","@id":"https:\/\/miumjau.ee\/#organization","name":"MiuMjau O\u00dc","url":"https:\/\/miumjau.ee\/","logo":{"@type":"ImageObject","inLanguage":"lv-LV","@id":"https:\/\/miumjau.ee\/#\/schema\/logo\/image\/","url":"https:\/\/miumjau.ee\/wp-content\/uploads\/2022\/04\/MiuMjau-logo-kollane.png","contentUrl":"https:\/\/miumjau.ee\/wp-content\/uploads\/2022\/04\/MiuMjau-logo-kollane.png","width":219,"height":100,"caption":"MiuMjau O\u00dc"},"image":{"@id":"https:\/\/miumjau.ee\/#\/schema\/logo\/image\/"},"sameAs":["https:\/\/www.facebook.com\/miumjaupood\/"]}]}},"_links":{"self":[{"href":"https:\/\/miumjau.ee\/lv\/wp-json\/wp\/v2\/product\/51367","targetHints":{"allow":["GET"]}}],"collection":[{"href":"https:\/\/miumjau.ee\/lv\/wp-json\/wp\/v2\/product"}],"about":[{"href":"https:\/\/miumjau.ee\/lv\/wp-json\/wp\/v2\/types\/product"}],"wp:featuredmedia":[{"embeddable":true,"href":"https:\/\/miumjau.ee\/lv\/wp-json\/wp\/v2\/media\/51358"}],"wp:attachment":[{"href":"https:\/\/miumjau.ee\/lv\/wp-json\/wp\/v2\/media?parent=51367"}],"wp:term":[{"taxonomy":"product_brand","embeddable":true,"href":"https:\/\/miumjau.ee\/lv\/wp-json\/wp\/v2\/product_brand?post=51367"},{"taxonomy":"product_cat","embeddable":true,"href":"https:\/\/miumjau.ee\/lv\/wp-json\/wp\/v2\/product_cat?post=51367"},{"taxonomy":"product_tag","embeddable":true,"href":"https:\/\/miumjau.ee\/lv\/wp-json\/wp\/v2\/product_tag?post=51367"}],"curies":[{"name":"wp","href":"https:\/\/api.w.org\/{rel}","templated":true}]}}