{"id":51101,"date":"2025-03-03T21:11:11","date_gmt":"2025-03-03T19:11:11","guid":{"rendered":"https:\/\/miumjau.ee\/toode\/ambrosia-bezgraudu-sausa-bariba-suniem-ar-liellopu-galu-un-lasiem-2-kg\/"},"modified":"2026-01-07T21:12:44","modified_gmt":"2026-01-07T19:12:44","slug":"ambrosia-bezgraudu-sausa-bariba-suniem-ar-liellopu-galu-un-lasiem-2-kg","status":"publish","type":"product","link":"https:\/\/miumjau.ee\/lv\/produkts\/ambrosia-bezgraudu-sausa-bariba-suniem-ar-liellopu-galu-un-lasiem-2-kg\/","title":{"rendered":"Ambrosia Bezgraudu saus\u0101 bar\u012bba su\u0146iem ar liellopu ga\u013cu un la\u0161iem 2 kg"},"content":{"rendered":"","protected":false},"excerpt":{"rendered":"<p data-start=\"6415\" data-end=\"6491\"><strong data-start=\"6415\" data-end=\"6447\">Ambrosia Beef &amp; Fresh Salmon<\/strong> \u2013 barojo\u0161as un bezgraudu granulas su\u0146iem!<\/p>\n<p data-start=\"6493\" data-end=\"6865\">Svaigs la\u0161a fileja nodro\u0161ina viegli sagremojamus prote\u012bnus, un augstas prote\u012bna satura kalt\u0113ta liellopa ga\u013ca nodro\u0161ina pilnv\u0113rt\u012bgu un gar\u0161\u012bgu \u0113dienu. Prebiotikas un probiotikas atbalsta gremo\u0161anu un imunit\u0101ti, bet hondroit\u012bns un glikozam\u012bns aizsarg\u0101 loc\u012btavas. L-karnit\u012bns un taur\u012bns veicina sirds un musku\u013cu vesel\u012bbu. Vid\u0113ja izm\u0113ra granulas piem\u0113rotas vis\u0101m su\u0146u \u0161\u0137irn\u0113m.<\/p>\n<p data-start=\"6867\" data-end=\"7398\"><strong data-start=\"6867\" data-end=\"6924\">Dab\u012bgas sast\u0101vda\u013cas \u2013 optim\u0101la vesel\u012bba katr\u0101 kumos\u0101!<\/strong><br data-start=\"6924\" data-end=\"6927\" \/>\ud83e\udd6c <strong data-start=\"6930\" data-end=\"6941\">Spin\u0101ti<\/strong> \u2013 antioksidantu bag\u0101ts super\u0113diens, kas stiprina imunit\u0101ti un pal\u012bdz pazemin\u0101t asinsspiedienu<br data-start=\"7035\" data-end=\"7038\" \/>\ud83e\udd66 <strong data-start=\"7041\" data-end=\"7052\">Brokoli<\/strong> \u2013 satur pretiekaisuma savienojumus, atbalsta acu vesel\u012bbu un var pal\u012bdz\u0113t nov\u0113rst sirds slim\u012bbas un v\u0113zi<br data-start=\"7157\" data-end=\"7160\" \/>\ud83c\udf52 <strong data-start=\"7163\" data-end=\"7176\">Dz\u0113rvenes<\/strong> \u2013 atbalsta sirds vesel\u012bbu, pal\u012bdz regul\u0113t asinsspiedienu un nodro\u0161ina \u0161\u0137iedrvielas un noder\u012bgas tauksk\u0101bes<br data-start=\"7283\" data-end=\"7286\" \/>\ud83e\uded0 <strong data-start=\"7289\" data-end=\"7301\">Mellenes<\/strong> \u2013 stiprina imunit\u0101ti, atbalsta sirds vesel\u012bbu, stiprina kaulus un pal\u012bdz saglab\u0101t gar\u012bgo asumu<\/p>\n<p data-start=\"7400\" data-end=\"7917\"><strong data-start=\"7400\" data-end=\"7412\">Sast\u0101vs:<\/strong><br data-start=\"7412\" data-end=\"7415\" \/>Svaigs bezkaulu la\u0161a fileja 21 %, kalt\u0113ti liellopa prote\u012bni 21 %, kalt\u0113ti kartupe\u013ci, zir\u0146i, dal\u012bti zir\u0146i, hidroliz\u0113ti dz\u012bvnieku prote\u012bni 10 %, dz\u012bvnieku tauki 9 %, lins\u0113klas, kalt\u0113ti bietes, alus raugs, miner\u0101lvielas, sikuri (dab\u012bgs FOS un inul\u012bna avots), MOS &amp; beta glik\u0101ni, la\u0161a e\u013c\u013ca (0,5 %), kalt\u0113ti broko\u013ci, spin\u0101ti, tom\u0101ti, dz\u0113rvenes, mellenes, glikozam\u012bna hidrohlor\u012bds (150 mg\/kg), hondroit\u012bna sulf\u0101ts (150 mg\/kg), augu ekstrakti (rozmar\u012bns, v\u012bnogu s\u0113klas, kurkuma, citrusaug\u013ci, krustnagli\u0146as).<\/p>\n<p data-start=\"7919\" data-end=\"8053\"><strong data-start=\"7919\" data-end=\"7940\">Piedevas (uz kg):<\/strong><br data-start=\"7940\" data-end=\"7943\" \/>A vitam\u012bns \u2013 14 000 IU, D3 vitam\u012bns \u2013 1 000 IU, E vitam\u012bns \u2013 100 mg, Taur\u012bns \u2013 1 000 mg, L-karnit\u012bns \u2013 50 mg<\/p>\n<p data-start=\"8055\" data-end=\"8241\"><strong data-start=\"8055\" data-end=\"8081\">Anal\u012btisk\u0101 sast\u0101vda\u013ca:<\/strong><br data-start=\"8081\" data-end=\"8084\" \/>Olbaltumvielas 30 %, Tauki 20 %, Omega-3 tauksk\u0101bes 0,6 %, Omega-6 tauksk\u0101bes 2,5 %, \u0160\u0137iedrvielas 3 %, Pelni 8 %, Mitrums 9 %, Kalcijs 1,2 %, Fosfors 0,9 %<\/p>\n<p data-start=\"8243\" data-end=\"8284\"><strong data-start=\"8243\" data-end=\"8268\">Metabolisma ener\u0123ija:<\/strong> 3 962 kcal\/kg<\/p>\n<p data-start=\"8286\" data-end=\"8366\" data-is-last-node=\"\" data-is-only-node=\"\">\ud83d\udc99 <strong data-start=\"8289\" data-end=\"8321\">Ambrosia Beef &amp; Fresh Salmon<\/strong> \u2013 vesel\u012bga un sabalans\u0113ta izv\u0113le j\u016bsu sunim!<\/p>\n","protected":false},"featured_media":51094,"template":"","meta":[],"product_brand":[],"product_cat":[575],"product_tag":[],"class_list":{"0":"post-51101","1":"product","2":"type-product","3":"status-publish","4":"has-post-thumbnail","6":"product_cat-sausa-bariba-suniem","8":"first","9":"instock","10":"sale","11":"taxable","12":"shipping-taxable","13":"purchasable","14":"product-type-simple"},"yoast_head":"<!-- This site is optimized with the Yoast SEO plugin v27.2 - https:\/\/yoast.com\/product\/yoast-seo-wordpress\/ -->\n<title>Ambrosia Bezgraudu saus\u0101 bar\u012bba su\u0146iem ar liellopu ga\u013cu un la\u0161iem 2 kg - MiuMjau<\/title>\n<meta name=\"robots\" content=\"index, follow, max-snippet:-1, max-image-preview:large, max-video-preview:-1\" \/>\n<link rel=\"canonical\" href=\"https:\/\/miumjau.ee\/lv\/produkts\/ambrosia-bezgraudu-sausa-bariba-suniem-ar-liellopu-galu-un-lasiem-2-kg\/\" \/>\n<meta property=\"og:locale\" content=\"lv_LV\" \/>\n<meta property=\"og:type\" content=\"article\" \/>\n<meta property=\"og:title\" content=\"Ambrosia Bezgraudu saus\u0101 bar\u012bba su\u0146iem ar liellopu ga\u013cu un la\u0161iem 2 kg - MiuMjau\" \/>\n<meta property=\"og:description\" content=\"Ambrosia Beef &amp; Fresh Salmon \u2013 barojo\u0161as un bezgraudu granulas su\u0146iem! Svaigs la\u0161a fileja nodro\u0161ina viegli sagremojamus prote\u012bnus, un augstas prote\u012bna satura kalt\u0113ta liellopa ga\u013ca nodro\u0161ina pilnv\u0113rt\u012bgu un gar\u0161\u012bgu \u0113dienu. Prebiotikas un probiotikas atbalsta gremo\u0161anu un imunit\u0101ti, bet hondroit\u012bns un glikozam\u012bns aizsarg\u0101 loc\u012btavas. L-karnit\u012bns un taur\u012bns veicina sirds un musku\u013cu vesel\u012bbu. Vid\u0113ja izm\u0113ra granulas piem\u0113rotas vis\u0101m su\u0146u \u0161\u0137irn\u0113m. Dab\u012bgas sast\u0101vda\u013cas \u2013 optim\u0101la vesel\u012bba katr\u0101 kumos\u0101!\ud83e\udd6c Spin\u0101ti \u2013 antioksidantu bag\u0101ts super\u0113diens, kas stiprina imunit\u0101ti un pal\u012bdz pazemin\u0101t asinsspiedienu\ud83e\udd66 Brokoli \u2013 satur pretiekaisuma savienojumus, atbalsta acu vesel\u012bbu un var pal\u012bdz\u0113t nov\u0113rst sirds slim\u012bbas un v\u0113zi\ud83c\udf52 Dz\u0113rvenes \u2013 atbalsta sirds vesel\u012bbu, pal\u012bdz regul\u0113t asinsspiedienu un nodro\u0161ina \u0161\u0137iedrvielas un noder\u012bgas tauksk\u0101bes\ud83e\uded0 Mellenes \u2013 stiprina imunit\u0101ti, atbalsta sirds vesel\u012bbu, stiprina kaulus un pal\u012bdz saglab\u0101t gar\u012bgo asumu Sast\u0101vs:Svaigs bezkaulu la\u0161a fileja 21 %, kalt\u0113ti liellopa prote\u012bni 21 %, kalt\u0113ti kartupe\u013ci, zir\u0146i, dal\u012bti zir\u0146i, hidroliz\u0113ti dz\u012bvnieku prote\u012bni 10 %, dz\u012bvnieku tauki 9 %, lins\u0113klas, kalt\u0113ti bietes, alus raugs, miner\u0101lvielas, sikuri (dab\u012bgs FOS un inul\u012bna avots), MOS &amp; beta glik\u0101ni, la\u0161a e\u013c\u013ca (0,5 %), kalt\u0113ti broko\u013ci, spin\u0101ti, tom\u0101ti, dz\u0113rvenes, mellenes, glikozam\u012bna hidrohlor\u012bds (150 mg\/kg), hondroit\u012bna sulf\u0101ts (150 mg\/kg), augu ekstrakti (rozmar\u012bns, v\u012bnogu s\u0113klas, kurkuma, citrusaug\u013ci, krustnagli\u0146as). Piedevas (uz kg):A vitam\u012bns \u2013 14 000 IU, D3 vitam\u012bns \u2013 1 000 IU, E vitam\u012bns \u2013 100 mg, Taur\u012bns \u2013 1 000 mg, L-karnit\u012bns \u2013 50 mg Anal\u012btisk\u0101 sast\u0101vda\u013ca:Olbaltumvielas 30 %, Tauki 20 %, Omega-3 tauksk\u0101bes 0,6 %, Omega-6 tauksk\u0101bes 2,5 %, \u0160\u0137iedrvielas 3 %, Pelni 8 %, Mitrums 9 %, Kalcijs 1,2 %, Fosfors 0,9 % Metabolisma ener\u0123ija: 3 962 kcal\/kg \ud83d\udc99 Ambrosia Beef &amp; Fresh Salmon \u2013 vesel\u012bga un sabalans\u0113ta izv\u0113le j\u016bsu sunim!\" \/>\n<meta property=\"og:url\" content=\"https:\/\/miumjau.ee\/lv\/produkts\/ambrosia-bezgraudu-sausa-bariba-suniem-ar-liellopu-galu-un-lasiem-2-kg\/\" \/>\n<meta property=\"og:site_name\" content=\"MiuMjau\" \/>\n<meta property=\"article:publisher\" content=\"https:\/\/www.facebook.com\/miumjaupood\/\" \/>\n<meta property=\"article:modified_time\" content=\"2026-01-07T19:12:44+00:00\" \/>\n<meta property=\"og:image\" content=\"https:\/\/miumjau.ee\/wp-content\/uploads\/2025\/03\/kuivtoit-koerale-ambrosia-veisjalohe.jpg\" \/>\n\t<meta property=\"og:image:width\" content=\"600\" \/>\n\t<meta property=\"og:image:height\" content=\"800\" \/>\n\t<meta property=\"og:image:type\" content=\"image\/jpeg\" \/>\n<meta name=\"twitter:card\" content=\"summary_large_image\" \/>\n<script type=\"application\/ld+json\" class=\"yoast-schema-graph\">{\"@context\":\"https:\/\/schema.org\",\"@graph\":[{\"@type\":\"WebPage\",\"@id\":\"https:\/\/miumjau.ee\/lv\/produkts\/ambrosia-bezgraudu-sausa-bariba-suniem-ar-liellopu-galu-un-lasiem-2-kg\/\",\"url\":\"https:\/\/miumjau.ee\/lv\/produkts\/ambrosia-bezgraudu-sausa-bariba-suniem-ar-liellopu-galu-un-lasiem-2-kg\/\",\"name\":\"Ambrosia Bezgraudu saus\u0101 bar\u012bba su\u0146iem ar liellopu ga\u013cu un la\u0161iem 2 kg - MiuMjau\",\"isPartOf\":{\"@id\":\"https:\/\/miumjau.ee\/#website\"},\"primaryImageOfPage\":{\"@id\":\"https:\/\/miumjau.ee\/lv\/produkts\/ambrosia-bezgraudu-sausa-bariba-suniem-ar-liellopu-galu-un-lasiem-2-kg\/#primaryimage\"},\"image\":{\"@id\":\"https:\/\/miumjau.ee\/lv\/produkts\/ambrosia-bezgraudu-sausa-bariba-suniem-ar-liellopu-galu-un-lasiem-2-kg\/#primaryimage\"},\"thumbnailUrl\":\"https:\/\/miumjau.ee\/wp-content\/uploads\/2025\/03\/kuivtoit-koerale-ambrosia-veisjalohe.jpg\",\"datePublished\":\"2025-03-03T19:11:11+00:00\",\"dateModified\":\"2026-01-07T19:12:44+00:00\",\"breadcrumb\":{\"@id\":\"https:\/\/miumjau.ee\/lv\/produkts\/ambrosia-bezgraudu-sausa-bariba-suniem-ar-liellopu-galu-un-lasiem-2-kg\/#breadcrumb\"},\"inLanguage\":\"lv-LV\",\"potentialAction\":[{\"@type\":\"ReadAction\",\"target\":[\"https:\/\/miumjau.ee\/lv\/produkts\/ambrosia-bezgraudu-sausa-bariba-suniem-ar-liellopu-galu-un-lasiem-2-kg\/\"]}]},{\"@type\":\"ImageObject\",\"inLanguage\":\"lv-LV\",\"@id\":\"https:\/\/miumjau.ee\/lv\/produkts\/ambrosia-bezgraudu-sausa-bariba-suniem-ar-liellopu-galu-un-lasiem-2-kg\/#primaryimage\",\"url\":\"https:\/\/miumjau.ee\/wp-content\/uploads\/2025\/03\/kuivtoit-koerale-ambrosia-veisjalohe.jpg\",\"contentUrl\":\"https:\/\/miumjau.ee\/wp-content\/uploads\/2025\/03\/kuivtoit-koerale-ambrosia-veisjalohe.jpg\",\"width\":600,\"height\":800},{\"@type\":\"BreadcrumbList\",\"@id\":\"https:\/\/miumjau.ee\/lv\/produkts\/ambrosia-bezgraudu-sausa-bariba-suniem-ar-liellopu-galu-un-lasiem-2-kg\/#breadcrumb\",\"itemListElement\":[{\"@type\":\"ListItem\",\"position\":1,\"name\":\"Home\",\"item\":\"https:\/\/miumjau.ee\/lv\/\"},{\"@type\":\"ListItem\",\"position\":2,\"name\":\"Veikals\",\"item\":\"https:\/\/miumjau.ee\/lv\/veikals\/\"},{\"@type\":\"ListItem\",\"position\":3,\"name\":\"Ambrosia Bezgraudu saus\u0101 bar\u012bba su\u0146iem ar liellopu ga\u013cu un la\u0161iem 2 kg\"}]},{\"@type\":\"WebSite\",\"@id\":\"https:\/\/miumjau.ee\/#website\",\"url\":\"https:\/\/miumjau.ee\/\",\"name\":\"MiuMjau\",\"description\":\"Kraapimispuud kassidele\",\"publisher\":{\"@id\":\"https:\/\/miumjau.ee\/#organization\"},\"potentialAction\":[{\"@type\":\"SearchAction\",\"target\":{\"@type\":\"EntryPoint\",\"urlTemplate\":\"https:\/\/miumjau.ee\/?s={search_term_string}\"},\"query-input\":{\"@type\":\"PropertyValueSpecification\",\"valueRequired\":true,\"valueName\":\"search_term_string\"}}],\"inLanguage\":\"lv-LV\"},{\"@type\":\"Organization\",\"@id\":\"https:\/\/miumjau.ee\/#organization\",\"name\":\"MiuMjau O\u00dc\",\"url\":\"https:\/\/miumjau.ee\/\",\"logo\":{\"@type\":\"ImageObject\",\"inLanguage\":\"lv-LV\",\"@id\":\"https:\/\/miumjau.ee\/#\/schema\/logo\/image\/\",\"url\":\"https:\/\/miumjau.ee\/wp-content\/uploads\/2022\/04\/MiuMjau-logo-kollane.png\",\"contentUrl\":\"https:\/\/miumjau.ee\/wp-content\/uploads\/2022\/04\/MiuMjau-logo-kollane.png\",\"width\":219,\"height\":100,\"caption\":\"MiuMjau O\u00dc\"},\"image\":{\"@id\":\"https:\/\/miumjau.ee\/#\/schema\/logo\/image\/\"},\"sameAs\":[\"https:\/\/www.facebook.com\/miumjaupood\/\"]}]}<\/script>\n<!-- \/ Yoast SEO plugin. -->","yoast_head_json":{"title":"Ambrosia Bezgraudu saus\u0101 bar\u012bba su\u0146iem ar liellopu ga\u013cu un la\u0161iem 2 kg - MiuMjau","robots":{"index":"index","follow":"follow","max-snippet":"max-snippet:-1","max-image-preview":"max-image-preview:large","max-video-preview":"max-video-preview:-1"},"canonical":"https:\/\/miumjau.ee\/lv\/produkts\/ambrosia-bezgraudu-sausa-bariba-suniem-ar-liellopu-galu-un-lasiem-2-kg\/","og_locale":"lv_LV","og_type":"article","og_title":"Ambrosia Bezgraudu saus\u0101 bar\u012bba su\u0146iem ar liellopu ga\u013cu un la\u0161iem 2 kg - MiuMjau","og_description":"Ambrosia Beef &amp; Fresh Salmon \u2013 barojo\u0161as un bezgraudu granulas su\u0146iem! Svaigs la\u0161a fileja nodro\u0161ina viegli sagremojamus prote\u012bnus, un augstas prote\u012bna satura kalt\u0113ta liellopa ga\u013ca nodro\u0161ina pilnv\u0113rt\u012bgu un gar\u0161\u012bgu \u0113dienu. Prebiotikas un probiotikas atbalsta gremo\u0161anu un imunit\u0101ti, bet hondroit\u012bns un glikozam\u012bns aizsarg\u0101 loc\u012btavas. L-karnit\u012bns un taur\u012bns veicina sirds un musku\u013cu vesel\u012bbu. Vid\u0113ja izm\u0113ra granulas piem\u0113rotas vis\u0101m su\u0146u \u0161\u0137irn\u0113m. Dab\u012bgas sast\u0101vda\u013cas \u2013 optim\u0101la vesel\u012bba katr\u0101 kumos\u0101!\ud83e\udd6c Spin\u0101ti \u2013 antioksidantu bag\u0101ts super\u0113diens, kas stiprina imunit\u0101ti un pal\u012bdz pazemin\u0101t asinsspiedienu\ud83e\udd66 Brokoli \u2013 satur pretiekaisuma savienojumus, atbalsta acu vesel\u012bbu un var pal\u012bdz\u0113t nov\u0113rst sirds slim\u012bbas un v\u0113zi\ud83c\udf52 Dz\u0113rvenes \u2013 atbalsta sirds vesel\u012bbu, pal\u012bdz regul\u0113t asinsspiedienu un nodro\u0161ina \u0161\u0137iedrvielas un noder\u012bgas tauksk\u0101bes\ud83e\uded0 Mellenes \u2013 stiprina imunit\u0101ti, atbalsta sirds vesel\u012bbu, stiprina kaulus un pal\u012bdz saglab\u0101t gar\u012bgo asumu Sast\u0101vs:Svaigs bezkaulu la\u0161a fileja 21 %, kalt\u0113ti liellopa prote\u012bni 21 %, kalt\u0113ti kartupe\u013ci, zir\u0146i, dal\u012bti zir\u0146i, hidroliz\u0113ti dz\u012bvnieku prote\u012bni 10 %, dz\u012bvnieku tauki 9 %, lins\u0113klas, kalt\u0113ti bietes, alus raugs, miner\u0101lvielas, sikuri (dab\u012bgs FOS un inul\u012bna avots), MOS &amp; beta glik\u0101ni, la\u0161a e\u013c\u013ca (0,5 %), kalt\u0113ti broko\u013ci, spin\u0101ti, tom\u0101ti, dz\u0113rvenes, mellenes, glikozam\u012bna hidrohlor\u012bds (150 mg\/kg), hondroit\u012bna sulf\u0101ts (150 mg\/kg), augu ekstrakti (rozmar\u012bns, v\u012bnogu s\u0113klas, kurkuma, citrusaug\u013ci, krustnagli\u0146as). Piedevas (uz kg):A vitam\u012bns \u2013 14 000 IU, D3 vitam\u012bns \u2013 1 000 IU, E vitam\u012bns \u2013 100 mg, Taur\u012bns \u2013 1 000 mg, L-karnit\u012bns \u2013 50 mg Anal\u012btisk\u0101 sast\u0101vda\u013ca:Olbaltumvielas 30 %, Tauki 20 %, Omega-3 tauksk\u0101bes 0,6 %, Omega-6 tauksk\u0101bes 2,5 %, \u0160\u0137iedrvielas 3 %, Pelni 8 %, Mitrums 9 %, Kalcijs 1,2 %, Fosfors 0,9 % Metabolisma ener\u0123ija: 3 962 kcal\/kg \ud83d\udc99 Ambrosia Beef &amp; Fresh Salmon \u2013 vesel\u012bga un sabalans\u0113ta izv\u0113le j\u016bsu sunim!","og_url":"https:\/\/miumjau.ee\/lv\/produkts\/ambrosia-bezgraudu-sausa-bariba-suniem-ar-liellopu-galu-un-lasiem-2-kg\/","og_site_name":"MiuMjau","article_publisher":"https:\/\/www.facebook.com\/miumjaupood\/","article_modified_time":"2026-01-07T19:12:44+00:00","og_image":[{"width":600,"height":800,"url":"https:\/\/miumjau.ee\/wp-content\/uploads\/2025\/03\/kuivtoit-koerale-ambrosia-veisjalohe.jpg","type":"image\/jpeg"}],"twitter_card":"summary_large_image","schema":{"@context":"https:\/\/schema.org","@graph":[{"@type":"WebPage","@id":"https:\/\/miumjau.ee\/lv\/produkts\/ambrosia-bezgraudu-sausa-bariba-suniem-ar-liellopu-galu-un-lasiem-2-kg\/","url":"https:\/\/miumjau.ee\/lv\/produkts\/ambrosia-bezgraudu-sausa-bariba-suniem-ar-liellopu-galu-un-lasiem-2-kg\/","name":"Ambrosia Bezgraudu saus\u0101 bar\u012bba su\u0146iem ar liellopu ga\u013cu un la\u0161iem 2 kg - MiuMjau","isPartOf":{"@id":"https:\/\/miumjau.ee\/#website"},"primaryImageOfPage":{"@id":"https:\/\/miumjau.ee\/lv\/produkts\/ambrosia-bezgraudu-sausa-bariba-suniem-ar-liellopu-galu-un-lasiem-2-kg\/#primaryimage"},"image":{"@id":"https:\/\/miumjau.ee\/lv\/produkts\/ambrosia-bezgraudu-sausa-bariba-suniem-ar-liellopu-galu-un-lasiem-2-kg\/#primaryimage"},"thumbnailUrl":"https:\/\/miumjau.ee\/wp-content\/uploads\/2025\/03\/kuivtoit-koerale-ambrosia-veisjalohe.jpg","datePublished":"2025-03-03T19:11:11+00:00","dateModified":"2026-01-07T19:12:44+00:00","breadcrumb":{"@id":"https:\/\/miumjau.ee\/lv\/produkts\/ambrosia-bezgraudu-sausa-bariba-suniem-ar-liellopu-galu-un-lasiem-2-kg\/#breadcrumb"},"inLanguage":"lv-LV","potentialAction":[{"@type":"ReadAction","target":["https:\/\/miumjau.ee\/lv\/produkts\/ambrosia-bezgraudu-sausa-bariba-suniem-ar-liellopu-galu-un-lasiem-2-kg\/"]}]},{"@type":"ImageObject","inLanguage":"lv-LV","@id":"https:\/\/miumjau.ee\/lv\/produkts\/ambrosia-bezgraudu-sausa-bariba-suniem-ar-liellopu-galu-un-lasiem-2-kg\/#primaryimage","url":"https:\/\/miumjau.ee\/wp-content\/uploads\/2025\/03\/kuivtoit-koerale-ambrosia-veisjalohe.jpg","contentUrl":"https:\/\/miumjau.ee\/wp-content\/uploads\/2025\/03\/kuivtoit-koerale-ambrosia-veisjalohe.jpg","width":600,"height":800},{"@type":"BreadcrumbList","@id":"https:\/\/miumjau.ee\/lv\/produkts\/ambrosia-bezgraudu-sausa-bariba-suniem-ar-liellopu-galu-un-lasiem-2-kg\/#breadcrumb","itemListElement":[{"@type":"ListItem","position":1,"name":"Home","item":"https:\/\/miumjau.ee\/lv\/"},{"@type":"ListItem","position":2,"name":"Veikals","item":"https:\/\/miumjau.ee\/lv\/veikals\/"},{"@type":"ListItem","position":3,"name":"Ambrosia Bezgraudu saus\u0101 bar\u012bba su\u0146iem ar liellopu ga\u013cu un la\u0161iem 2 kg"}]},{"@type":"WebSite","@id":"https:\/\/miumjau.ee\/#website","url":"https:\/\/miumjau.ee\/","name":"MiuMjau","description":"Kraapimispuud kassidele","publisher":{"@id":"https:\/\/miumjau.ee\/#organization"},"potentialAction":[{"@type":"SearchAction","target":{"@type":"EntryPoint","urlTemplate":"https:\/\/miumjau.ee\/?s={search_term_string}"},"query-input":{"@type":"PropertyValueSpecification","valueRequired":true,"valueName":"search_term_string"}}],"inLanguage":"lv-LV"},{"@type":"Organization","@id":"https:\/\/miumjau.ee\/#organization","name":"MiuMjau O\u00dc","url":"https:\/\/miumjau.ee\/","logo":{"@type":"ImageObject","inLanguage":"lv-LV","@id":"https:\/\/miumjau.ee\/#\/schema\/logo\/image\/","url":"https:\/\/miumjau.ee\/wp-content\/uploads\/2022\/04\/MiuMjau-logo-kollane.png","contentUrl":"https:\/\/miumjau.ee\/wp-content\/uploads\/2022\/04\/MiuMjau-logo-kollane.png","width":219,"height":100,"caption":"MiuMjau O\u00dc"},"image":{"@id":"https:\/\/miumjau.ee\/#\/schema\/logo\/image\/"},"sameAs":["https:\/\/www.facebook.com\/miumjaupood\/"]}]}},"_links":{"self":[{"href":"https:\/\/miumjau.ee\/lv\/wp-json\/wp\/v2\/product\/51101","targetHints":{"allow":["GET"]}}],"collection":[{"href":"https:\/\/miumjau.ee\/lv\/wp-json\/wp\/v2\/product"}],"about":[{"href":"https:\/\/miumjau.ee\/lv\/wp-json\/wp\/v2\/types\/product"}],"wp:featuredmedia":[{"embeddable":true,"href":"https:\/\/miumjau.ee\/lv\/wp-json\/wp\/v2\/media\/51094"}],"wp:attachment":[{"href":"https:\/\/miumjau.ee\/lv\/wp-json\/wp\/v2\/media?parent=51101"}],"wp:term":[{"taxonomy":"product_brand","embeddable":true,"href":"https:\/\/miumjau.ee\/lv\/wp-json\/wp\/v2\/product_brand?post=51101"},{"taxonomy":"product_cat","embeddable":true,"href":"https:\/\/miumjau.ee\/lv\/wp-json\/wp\/v2\/product_cat?post=51101"},{"taxonomy":"product_tag","embeddable":true,"href":"https:\/\/miumjau.ee\/lv\/wp-json\/wp\/v2\/product_tag?post=51101"}],"curies":[{"name":"wp","href":"https:\/\/api.w.org\/{rel}","templated":true}]}}