{"id":51092,"date":"2025-03-03T21:23:24","date_gmt":"2025-03-03T19:23:24","guid":{"rendered":"https:\/\/miumjau.ee\/toode\/ambrosia-bezgraudu-sausais-baribas-suniem-ar-jeru-un-lasiem-2-kg\/"},"modified":"2026-01-07T21:12:44","modified_gmt":"2026-01-07T19:12:44","slug":"ambrosia-bezgraudu-sausais-baribas-suniem-ar-jeru-un-lasiem-2-kg","status":"publish","type":"product","link":"https:\/\/miumjau.ee\/lv\/produkts\/ambrosia-bezgraudu-sausais-baribas-suniem-ar-jeru-un-lasiem-2-kg\/","title":{"rendered":"Ambrosia Bezgraudu sausais bar\u012bbas su\u0146iem ar j\u0113ru un la\u0161iem 2 kg"},"content":{"rendered":"","protected":false},"excerpt":{"rendered":"<p data-start=\"138\" data-end=\"214\"><strong data-start=\"138\" data-end=\"170\">Ambrosia Lamb &amp; Fresh Salmon<\/strong> \u2013 barojo\u0161as un bezgraudu granulas su\u0146iem!<\/p>\n<p data-start=\"216\" data-end=\"584\">Svaigs la\u0161a fileja nodro\u0161ina viegli sagremojamus prote\u012bnus, un augstas prote\u012bna satura kalt\u0113ta j\u0113ra ga\u013ca nodro\u0161ina pilnv\u0113rt\u012bgu un gar\u0161\u012bgu \u0113dienu. Prebiotikas un probiotikas atbalsta gremo\u0161anu un imunit\u0101ti, bet hondroit\u012bns un glikozam\u012bns aizsarg\u0101 loc\u012btavas. L-karnit\u012bns un taur\u012bns veicina sirds un musku\u013cu vesel\u012bbu. Vid\u0113ja izm\u0113ra granulas piem\u0113rotas vis\u0101m su\u0146u \u0161\u0137irn\u0113m.<\/p>\n<p data-start=\"586\" data-end=\"1088\"><strong data-start=\"586\" data-end=\"643\">Dab\u012bgas sast\u0101vda\u013cas \u2013 optim\u0101la vesel\u012bba katr\u0101 kumos\u0101!<\/strong><br data-start=\"643\" data-end=\"646\" \/>\ud83e\udd6c <strong data-start=\"649\" data-end=\"660\">Spin\u0101ti<\/strong> \u2013 super\u0113diens, kas stiprina imunit\u0101ti, pal\u012bdz regul\u0113t asinsspiedienu un nov\u0113r\u0161 ur\u012bnce\u013cu iekaisumus<br data-start=\"759\" data-end=\"762\" \/>\ud83e\udd66 <strong data-start=\"765\" data-end=\"776\">Brokol\u012b<\/strong> \u2013 antioksidantu bag\u0101ts augs, samazina iekaisumu, atbalsta acis un sirdi, var pal\u012bdz\u0113t nov\u0113rst v\u0113zi<br data-start=\"875\" data-end=\"878\" \/>\ud83c\udf52 <strong data-start=\"881\" data-end=\"894\">Dz\u0113rvenes<\/strong> \u2013 atbalsta sirds vesel\u012bbu, regul\u0113 asinsspiedienu, nodro\u0161ina noder\u012bgas \u0161\u0137iedrvielas un tauksk\u0101bes<br data-start=\"991\" data-end=\"994\" \/>\ud83e\uded0 <strong data-start=\"997\" data-end=\"1009\">Mellenes<\/strong> \u2013 stiprina imunit\u0101ti, atbalsta sirdi un kaulus, saglab\u0101 smadzenes aspr\u0101t\u012bgas<\/p>\n<p data-start=\"1090\" data-end=\"1678\"><strong data-start=\"1090\" data-end=\"1102\">Sast\u0101vs:<\/strong><br data-start=\"1102\" data-end=\"1105\" \/>Svaigs bezkaulu la\u0161a fileja 18 %, kalt\u0113ti kartupe\u013ci, kalt\u0113ti j\u0113ra prote\u012bni 12 %, kalt\u0113ti dz\u012bvnieku prote\u012bni 12 %, za\u013cie zir\u0146i, dal\u012bti za\u013cie zir\u0146i, dz\u012bvnieku tauki 9 %, hidroliz\u0113ti dz\u012bvnieku prote\u012bni 9 %, lins\u0113klas, kalt\u0113ti bietes, kartupe\u013cu prote\u012bns, miner\u0101lvielas, rauga ekstrakts (dab\u012bgs MOS &amp; beta glik\u0101ni), la\u0161a e\u013c\u013ca, cikorija (dab\u012bgs FOS un inul\u012bna avots), alus raugs, kalt\u0113ti broko\u013ci, spin\u0101ti, dz\u0113rvenes, mellenes, glikozam\u012bna hidrohlor\u012bds (150 mg\/kg), hondroit\u012bna sulf\u0101ts (150 mg\/kg), augu ekstrakti (rozmar\u012bns, v\u012bnogu s\u0113klas, kurkuma, citrusaug\u013ci, krustnagli\u0146as).<\/p>\n<p data-start=\"1680\" data-end=\"1814\"><strong data-start=\"1680\" data-end=\"1701\">Piedevas (uz kg):<\/strong><br data-start=\"1701\" data-end=\"1704\" \/>A vitam\u012bns \u2013 14 000 IU, D3 vitam\u012bns \u2013 1 350 IU, E vitam\u012bns \u2013 400 mg, Taur\u012bns \u2013 1 000 mg, L-karnit\u012bns \u2013 50 mg<\/p>\n<p data-start=\"1816\" data-end=\"2002\"><strong data-start=\"1816\" data-end=\"1842\">Anal\u012btisk\u0101 sast\u0101vda\u013ca:<\/strong><br data-start=\"1842\" data-end=\"1845\" \/>Olbaltumvielas 32 %, Tauki 18 %, Omega-3 tauksk\u0101bes 0,7 %, Omega-6 tauksk\u0101bes 3,1 %, \u0160\u0137iedrvielas 3 %, Pelni 8 %, Mitrums 9 %, Kalcijs 1,8 %, Fosfors 1,2 %<\/p>\n<p data-start=\"2004\" data-end=\"2045\"><strong data-start=\"2004\" data-end=\"2029\">Metabolisma ener\u0123ija:<\/strong> 3 998 kcal\/kg<\/p>\n<p data-start=\"2047\" data-end=\"2123\" data-is-last-node=\"\" data-is-only-node=\"\">\ud83d\udc99 <strong data-start=\"2050\" data-end=\"2082\">Ambrosia Lamb &amp; Fresh Salmon<\/strong> \u2013 vesel\u012bga un gar\u0161\u012bga izv\u0113le j\u016bsu sunim!<\/p>\n","protected":false},"featured_media":50972,"template":"","meta":[],"product_brand":[],"product_cat":[575],"product_tag":[],"class_list":{"0":"post-51092","1":"product","2":"type-product","3":"status-publish","4":"has-post-thumbnail","6":"product_cat-sausa-bariba-suniem","8":"first","9":"outofstock","10":"taxable","11":"shipping-taxable","12":"purchasable","13":"product-type-simple"},"yoast_head":"<!-- This site is optimized with the Yoast SEO plugin v27.2 - https:\/\/yoast.com\/product\/yoast-seo-wordpress\/ -->\n<title>Ambrosia Bezgraudu sausais bar\u012bbas su\u0146iem ar j\u0113ru un la\u0161iem 2 kg - MiuMjau<\/title>\n<meta name=\"robots\" content=\"index, follow, max-snippet:-1, max-image-preview:large, max-video-preview:-1\" \/>\n<link rel=\"canonical\" href=\"https:\/\/miumjau.ee\/lv\/produkts\/ambrosia-bezgraudu-sausais-baribas-suniem-ar-jeru-un-lasiem-2-kg\/\" \/>\n<meta property=\"og:locale\" content=\"lv_LV\" \/>\n<meta property=\"og:type\" content=\"article\" \/>\n<meta property=\"og:title\" content=\"Ambrosia Bezgraudu sausais bar\u012bbas su\u0146iem ar j\u0113ru un la\u0161iem 2 kg - MiuMjau\" \/>\n<meta property=\"og:description\" content=\"Ambrosia Lamb &amp; Fresh Salmon \u2013 barojo\u0161as un bezgraudu granulas su\u0146iem! Svaigs la\u0161a fileja nodro\u0161ina viegli sagremojamus prote\u012bnus, un augstas prote\u012bna satura kalt\u0113ta j\u0113ra ga\u013ca nodro\u0161ina pilnv\u0113rt\u012bgu un gar\u0161\u012bgu \u0113dienu. Prebiotikas un probiotikas atbalsta gremo\u0161anu un imunit\u0101ti, bet hondroit\u012bns un glikozam\u012bns aizsarg\u0101 loc\u012btavas. L-karnit\u012bns un taur\u012bns veicina sirds un musku\u013cu vesel\u012bbu. Vid\u0113ja izm\u0113ra granulas piem\u0113rotas vis\u0101m su\u0146u \u0161\u0137irn\u0113m. Dab\u012bgas sast\u0101vda\u013cas \u2013 optim\u0101la vesel\u012bba katr\u0101 kumos\u0101!\ud83e\udd6c Spin\u0101ti \u2013 super\u0113diens, kas stiprina imunit\u0101ti, pal\u012bdz regul\u0113t asinsspiedienu un nov\u0113r\u0161 ur\u012bnce\u013cu iekaisumus\ud83e\udd66 Brokol\u012b \u2013 antioksidantu bag\u0101ts augs, samazina iekaisumu, atbalsta acis un sirdi, var pal\u012bdz\u0113t nov\u0113rst v\u0113zi\ud83c\udf52 Dz\u0113rvenes \u2013 atbalsta sirds vesel\u012bbu, regul\u0113 asinsspiedienu, nodro\u0161ina noder\u012bgas \u0161\u0137iedrvielas un tauksk\u0101bes\ud83e\uded0 Mellenes \u2013 stiprina imunit\u0101ti, atbalsta sirdi un kaulus, saglab\u0101 smadzenes aspr\u0101t\u012bgas Sast\u0101vs:Svaigs bezkaulu la\u0161a fileja 18 %, kalt\u0113ti kartupe\u013ci, kalt\u0113ti j\u0113ra prote\u012bni 12 %, kalt\u0113ti dz\u012bvnieku prote\u012bni 12 %, za\u013cie zir\u0146i, dal\u012bti za\u013cie zir\u0146i, dz\u012bvnieku tauki 9 %, hidroliz\u0113ti dz\u012bvnieku prote\u012bni 9 %, lins\u0113klas, kalt\u0113ti bietes, kartupe\u013cu prote\u012bns, miner\u0101lvielas, rauga ekstrakts (dab\u012bgs MOS &amp; beta glik\u0101ni), la\u0161a e\u013c\u013ca, cikorija (dab\u012bgs FOS un inul\u012bna avots), alus raugs, kalt\u0113ti broko\u013ci, spin\u0101ti, dz\u0113rvenes, mellenes, glikozam\u012bna hidrohlor\u012bds (150 mg\/kg), hondroit\u012bna sulf\u0101ts (150 mg\/kg), augu ekstrakti (rozmar\u012bns, v\u012bnogu s\u0113klas, kurkuma, citrusaug\u013ci, krustnagli\u0146as). Piedevas (uz kg):A vitam\u012bns \u2013 14 000 IU, D3 vitam\u012bns \u2013 1 350 IU, E vitam\u012bns \u2013 400 mg, Taur\u012bns \u2013 1 000 mg, L-karnit\u012bns \u2013 50 mg Anal\u012btisk\u0101 sast\u0101vda\u013ca:Olbaltumvielas 32 %, Tauki 18 %, Omega-3 tauksk\u0101bes 0,7 %, Omega-6 tauksk\u0101bes 3,1 %, \u0160\u0137iedrvielas 3 %, Pelni 8 %, Mitrums 9 %, Kalcijs 1,8 %, Fosfors 1,2 % Metabolisma ener\u0123ija: 3 998 kcal\/kg \ud83d\udc99 Ambrosia Lamb &amp; Fresh Salmon \u2013 vesel\u012bga un gar\u0161\u012bga izv\u0113le j\u016bsu sunim!\" \/>\n<meta property=\"og:url\" content=\"https:\/\/miumjau.ee\/lv\/produkts\/ambrosia-bezgraudu-sausais-baribas-suniem-ar-jeru-un-lasiem-2-kg\/\" \/>\n<meta property=\"og:site_name\" content=\"MiuMjau\" \/>\n<meta property=\"article:publisher\" content=\"https:\/\/www.facebook.com\/miumjaupood\/\" \/>\n<meta property=\"article:modified_time\" content=\"2026-01-07T19:12:44+00:00\" \/>\n<meta property=\"og:image\" content=\"https:\/\/miumjau.ee\/wp-content\/uploads\/2025\/03\/ambrosia-kuivtoit-koerale-lamb-salmon.jpg\" \/>\n\t<meta property=\"og:image:width\" content=\"600\" \/>\n\t<meta property=\"og:image:height\" content=\"800\" \/>\n\t<meta property=\"og:image:type\" content=\"image\/jpeg\" \/>\n<meta name=\"twitter:card\" content=\"summary_large_image\" \/>\n<script type=\"application\/ld+json\" class=\"yoast-schema-graph\">{\"@context\":\"https:\/\/schema.org\",\"@graph\":[{\"@type\":\"WebPage\",\"@id\":\"https:\/\/miumjau.ee\/lv\/produkts\/ambrosia-bezgraudu-sausais-baribas-suniem-ar-jeru-un-lasiem-2-kg\/\",\"url\":\"https:\/\/miumjau.ee\/lv\/produkts\/ambrosia-bezgraudu-sausais-baribas-suniem-ar-jeru-un-lasiem-2-kg\/\",\"name\":\"Ambrosia Bezgraudu sausais bar\u012bbas su\u0146iem ar j\u0113ru un la\u0161iem 2 kg - MiuMjau\",\"isPartOf\":{\"@id\":\"https:\/\/miumjau.ee\/#website\"},\"primaryImageOfPage\":{\"@id\":\"https:\/\/miumjau.ee\/lv\/produkts\/ambrosia-bezgraudu-sausais-baribas-suniem-ar-jeru-un-lasiem-2-kg\/#primaryimage\"},\"image\":{\"@id\":\"https:\/\/miumjau.ee\/lv\/produkts\/ambrosia-bezgraudu-sausais-baribas-suniem-ar-jeru-un-lasiem-2-kg\/#primaryimage\"},\"thumbnailUrl\":\"https:\/\/miumjau.ee\/wp-content\/uploads\/2025\/03\/ambrosia-kuivtoit-koerale-lamb-salmon.jpg\",\"datePublished\":\"2025-03-03T19:23:24+00:00\",\"dateModified\":\"2026-01-07T19:12:44+00:00\",\"breadcrumb\":{\"@id\":\"https:\/\/miumjau.ee\/lv\/produkts\/ambrosia-bezgraudu-sausais-baribas-suniem-ar-jeru-un-lasiem-2-kg\/#breadcrumb\"},\"inLanguage\":\"lv-LV\",\"potentialAction\":[{\"@type\":\"ReadAction\",\"target\":[\"https:\/\/miumjau.ee\/lv\/produkts\/ambrosia-bezgraudu-sausais-baribas-suniem-ar-jeru-un-lasiem-2-kg\/\"]}]},{\"@type\":\"ImageObject\",\"inLanguage\":\"lv-LV\",\"@id\":\"https:\/\/miumjau.ee\/lv\/produkts\/ambrosia-bezgraudu-sausais-baribas-suniem-ar-jeru-un-lasiem-2-kg\/#primaryimage\",\"url\":\"https:\/\/miumjau.ee\/wp-content\/uploads\/2025\/03\/ambrosia-kuivtoit-koerale-lamb-salmon.jpg\",\"contentUrl\":\"https:\/\/miumjau.ee\/wp-content\/uploads\/2025\/03\/ambrosia-kuivtoit-koerale-lamb-salmon.jpg\",\"width\":600,\"height\":800},{\"@type\":\"BreadcrumbList\",\"@id\":\"https:\/\/miumjau.ee\/lv\/produkts\/ambrosia-bezgraudu-sausais-baribas-suniem-ar-jeru-un-lasiem-2-kg\/#breadcrumb\",\"itemListElement\":[{\"@type\":\"ListItem\",\"position\":1,\"name\":\"Home\",\"item\":\"https:\/\/miumjau.ee\/lv\/\"},{\"@type\":\"ListItem\",\"position\":2,\"name\":\"Veikals\",\"item\":\"https:\/\/miumjau.ee\/lv\/veikals\/\"},{\"@type\":\"ListItem\",\"position\":3,\"name\":\"Ambrosia Bezgraudu sausais bar\u012bbas su\u0146iem ar j\u0113ru un la\u0161iem 2 kg\"}]},{\"@type\":\"WebSite\",\"@id\":\"https:\/\/miumjau.ee\/#website\",\"url\":\"https:\/\/miumjau.ee\/\",\"name\":\"MiuMjau\",\"description\":\"Kraapimispuud kassidele\",\"publisher\":{\"@id\":\"https:\/\/miumjau.ee\/#organization\"},\"potentialAction\":[{\"@type\":\"SearchAction\",\"target\":{\"@type\":\"EntryPoint\",\"urlTemplate\":\"https:\/\/miumjau.ee\/?s={search_term_string}\"},\"query-input\":{\"@type\":\"PropertyValueSpecification\",\"valueRequired\":true,\"valueName\":\"search_term_string\"}}],\"inLanguage\":\"lv-LV\"},{\"@type\":\"Organization\",\"@id\":\"https:\/\/miumjau.ee\/#organization\",\"name\":\"MiuMjau O\u00dc\",\"url\":\"https:\/\/miumjau.ee\/\",\"logo\":{\"@type\":\"ImageObject\",\"inLanguage\":\"lv-LV\",\"@id\":\"https:\/\/miumjau.ee\/#\/schema\/logo\/image\/\",\"url\":\"https:\/\/miumjau.ee\/wp-content\/uploads\/2022\/04\/MiuMjau-logo-kollane.png\",\"contentUrl\":\"https:\/\/miumjau.ee\/wp-content\/uploads\/2022\/04\/MiuMjau-logo-kollane.png\",\"width\":219,\"height\":100,\"caption\":\"MiuMjau O\u00dc\"},\"image\":{\"@id\":\"https:\/\/miumjau.ee\/#\/schema\/logo\/image\/\"},\"sameAs\":[\"https:\/\/www.facebook.com\/miumjaupood\/\"]}]}<\/script>\n<!-- \/ Yoast SEO plugin. -->","yoast_head_json":{"title":"Ambrosia Bezgraudu sausais bar\u012bbas su\u0146iem ar j\u0113ru un la\u0161iem 2 kg - MiuMjau","robots":{"index":"index","follow":"follow","max-snippet":"max-snippet:-1","max-image-preview":"max-image-preview:large","max-video-preview":"max-video-preview:-1"},"canonical":"https:\/\/miumjau.ee\/lv\/produkts\/ambrosia-bezgraudu-sausais-baribas-suniem-ar-jeru-un-lasiem-2-kg\/","og_locale":"lv_LV","og_type":"article","og_title":"Ambrosia Bezgraudu sausais bar\u012bbas su\u0146iem ar j\u0113ru un la\u0161iem 2 kg - MiuMjau","og_description":"Ambrosia Lamb &amp; Fresh Salmon \u2013 barojo\u0161as un bezgraudu granulas su\u0146iem! Svaigs la\u0161a fileja nodro\u0161ina viegli sagremojamus prote\u012bnus, un augstas prote\u012bna satura kalt\u0113ta j\u0113ra ga\u013ca nodro\u0161ina pilnv\u0113rt\u012bgu un gar\u0161\u012bgu \u0113dienu. Prebiotikas un probiotikas atbalsta gremo\u0161anu un imunit\u0101ti, bet hondroit\u012bns un glikozam\u012bns aizsarg\u0101 loc\u012btavas. L-karnit\u012bns un taur\u012bns veicina sirds un musku\u013cu vesel\u012bbu. Vid\u0113ja izm\u0113ra granulas piem\u0113rotas vis\u0101m su\u0146u \u0161\u0137irn\u0113m. Dab\u012bgas sast\u0101vda\u013cas \u2013 optim\u0101la vesel\u012bba katr\u0101 kumos\u0101!\ud83e\udd6c Spin\u0101ti \u2013 super\u0113diens, kas stiprina imunit\u0101ti, pal\u012bdz regul\u0113t asinsspiedienu un nov\u0113r\u0161 ur\u012bnce\u013cu iekaisumus\ud83e\udd66 Brokol\u012b \u2013 antioksidantu bag\u0101ts augs, samazina iekaisumu, atbalsta acis un sirdi, var pal\u012bdz\u0113t nov\u0113rst v\u0113zi\ud83c\udf52 Dz\u0113rvenes \u2013 atbalsta sirds vesel\u012bbu, regul\u0113 asinsspiedienu, nodro\u0161ina noder\u012bgas \u0161\u0137iedrvielas un tauksk\u0101bes\ud83e\uded0 Mellenes \u2013 stiprina imunit\u0101ti, atbalsta sirdi un kaulus, saglab\u0101 smadzenes aspr\u0101t\u012bgas Sast\u0101vs:Svaigs bezkaulu la\u0161a fileja 18 %, kalt\u0113ti kartupe\u013ci, kalt\u0113ti j\u0113ra prote\u012bni 12 %, kalt\u0113ti dz\u012bvnieku prote\u012bni 12 %, za\u013cie zir\u0146i, dal\u012bti za\u013cie zir\u0146i, dz\u012bvnieku tauki 9 %, hidroliz\u0113ti dz\u012bvnieku prote\u012bni 9 %, lins\u0113klas, kalt\u0113ti bietes, kartupe\u013cu prote\u012bns, miner\u0101lvielas, rauga ekstrakts (dab\u012bgs MOS &amp; beta glik\u0101ni), la\u0161a e\u013c\u013ca, cikorija (dab\u012bgs FOS un inul\u012bna avots), alus raugs, kalt\u0113ti broko\u013ci, spin\u0101ti, dz\u0113rvenes, mellenes, glikozam\u012bna hidrohlor\u012bds (150 mg\/kg), hondroit\u012bna sulf\u0101ts (150 mg\/kg), augu ekstrakti (rozmar\u012bns, v\u012bnogu s\u0113klas, kurkuma, citrusaug\u013ci, krustnagli\u0146as). Piedevas (uz kg):A vitam\u012bns \u2013 14 000 IU, D3 vitam\u012bns \u2013 1 350 IU, E vitam\u012bns \u2013 400 mg, Taur\u012bns \u2013 1 000 mg, L-karnit\u012bns \u2013 50 mg Anal\u012btisk\u0101 sast\u0101vda\u013ca:Olbaltumvielas 32 %, Tauki 18 %, Omega-3 tauksk\u0101bes 0,7 %, Omega-6 tauksk\u0101bes 3,1 %, \u0160\u0137iedrvielas 3 %, Pelni 8 %, Mitrums 9 %, Kalcijs 1,8 %, Fosfors 1,2 % Metabolisma ener\u0123ija: 3 998 kcal\/kg \ud83d\udc99 Ambrosia Lamb &amp; Fresh Salmon \u2013 vesel\u012bga un gar\u0161\u012bga izv\u0113le j\u016bsu sunim!","og_url":"https:\/\/miumjau.ee\/lv\/produkts\/ambrosia-bezgraudu-sausais-baribas-suniem-ar-jeru-un-lasiem-2-kg\/","og_site_name":"MiuMjau","article_publisher":"https:\/\/www.facebook.com\/miumjaupood\/","article_modified_time":"2026-01-07T19:12:44+00:00","og_image":[{"width":600,"height":800,"url":"https:\/\/miumjau.ee\/wp-content\/uploads\/2025\/03\/ambrosia-kuivtoit-koerale-lamb-salmon.jpg","type":"image\/jpeg"}],"twitter_card":"summary_large_image","schema":{"@context":"https:\/\/schema.org","@graph":[{"@type":"WebPage","@id":"https:\/\/miumjau.ee\/lv\/produkts\/ambrosia-bezgraudu-sausais-baribas-suniem-ar-jeru-un-lasiem-2-kg\/","url":"https:\/\/miumjau.ee\/lv\/produkts\/ambrosia-bezgraudu-sausais-baribas-suniem-ar-jeru-un-lasiem-2-kg\/","name":"Ambrosia Bezgraudu sausais bar\u012bbas su\u0146iem ar j\u0113ru un la\u0161iem 2 kg - MiuMjau","isPartOf":{"@id":"https:\/\/miumjau.ee\/#website"},"primaryImageOfPage":{"@id":"https:\/\/miumjau.ee\/lv\/produkts\/ambrosia-bezgraudu-sausais-baribas-suniem-ar-jeru-un-lasiem-2-kg\/#primaryimage"},"image":{"@id":"https:\/\/miumjau.ee\/lv\/produkts\/ambrosia-bezgraudu-sausais-baribas-suniem-ar-jeru-un-lasiem-2-kg\/#primaryimage"},"thumbnailUrl":"https:\/\/miumjau.ee\/wp-content\/uploads\/2025\/03\/ambrosia-kuivtoit-koerale-lamb-salmon.jpg","datePublished":"2025-03-03T19:23:24+00:00","dateModified":"2026-01-07T19:12:44+00:00","breadcrumb":{"@id":"https:\/\/miumjau.ee\/lv\/produkts\/ambrosia-bezgraudu-sausais-baribas-suniem-ar-jeru-un-lasiem-2-kg\/#breadcrumb"},"inLanguage":"lv-LV","potentialAction":[{"@type":"ReadAction","target":["https:\/\/miumjau.ee\/lv\/produkts\/ambrosia-bezgraudu-sausais-baribas-suniem-ar-jeru-un-lasiem-2-kg\/"]}]},{"@type":"ImageObject","inLanguage":"lv-LV","@id":"https:\/\/miumjau.ee\/lv\/produkts\/ambrosia-bezgraudu-sausais-baribas-suniem-ar-jeru-un-lasiem-2-kg\/#primaryimage","url":"https:\/\/miumjau.ee\/wp-content\/uploads\/2025\/03\/ambrosia-kuivtoit-koerale-lamb-salmon.jpg","contentUrl":"https:\/\/miumjau.ee\/wp-content\/uploads\/2025\/03\/ambrosia-kuivtoit-koerale-lamb-salmon.jpg","width":600,"height":800},{"@type":"BreadcrumbList","@id":"https:\/\/miumjau.ee\/lv\/produkts\/ambrosia-bezgraudu-sausais-baribas-suniem-ar-jeru-un-lasiem-2-kg\/#breadcrumb","itemListElement":[{"@type":"ListItem","position":1,"name":"Home","item":"https:\/\/miumjau.ee\/lv\/"},{"@type":"ListItem","position":2,"name":"Veikals","item":"https:\/\/miumjau.ee\/lv\/veikals\/"},{"@type":"ListItem","position":3,"name":"Ambrosia Bezgraudu sausais bar\u012bbas su\u0146iem ar j\u0113ru un la\u0161iem 2 kg"}]},{"@type":"WebSite","@id":"https:\/\/miumjau.ee\/#website","url":"https:\/\/miumjau.ee\/","name":"MiuMjau","description":"Kraapimispuud kassidele","publisher":{"@id":"https:\/\/miumjau.ee\/#organization"},"potentialAction":[{"@type":"SearchAction","target":{"@type":"EntryPoint","urlTemplate":"https:\/\/miumjau.ee\/?s={search_term_string}"},"query-input":{"@type":"PropertyValueSpecification","valueRequired":true,"valueName":"search_term_string"}}],"inLanguage":"lv-LV"},{"@type":"Organization","@id":"https:\/\/miumjau.ee\/#organization","name":"MiuMjau O\u00dc","url":"https:\/\/miumjau.ee\/","logo":{"@type":"ImageObject","inLanguage":"lv-LV","@id":"https:\/\/miumjau.ee\/#\/schema\/logo\/image\/","url":"https:\/\/miumjau.ee\/wp-content\/uploads\/2022\/04\/MiuMjau-logo-kollane.png","contentUrl":"https:\/\/miumjau.ee\/wp-content\/uploads\/2022\/04\/MiuMjau-logo-kollane.png","width":219,"height":100,"caption":"MiuMjau O\u00dc"},"image":{"@id":"https:\/\/miumjau.ee\/#\/schema\/logo\/image\/"},"sameAs":["https:\/\/www.facebook.com\/miumjaupood\/"]}]}},"_links":{"self":[{"href":"https:\/\/miumjau.ee\/lv\/wp-json\/wp\/v2\/product\/51092","targetHints":{"allow":["GET"]}}],"collection":[{"href":"https:\/\/miumjau.ee\/lv\/wp-json\/wp\/v2\/product"}],"about":[{"href":"https:\/\/miumjau.ee\/lv\/wp-json\/wp\/v2\/types\/product"}],"wp:featuredmedia":[{"embeddable":true,"href":"https:\/\/miumjau.ee\/lv\/wp-json\/wp\/v2\/media\/50972"}],"wp:attachment":[{"href":"https:\/\/miumjau.ee\/lv\/wp-json\/wp\/v2\/media?parent=51092"}],"wp:term":[{"taxonomy":"product_brand","embeddable":true,"href":"https:\/\/miumjau.ee\/lv\/wp-json\/wp\/v2\/product_brand?post=51092"},{"taxonomy":"product_cat","embeddable":true,"href":"https:\/\/miumjau.ee\/lv\/wp-json\/wp\/v2\/product_cat?post=51092"},{"taxonomy":"product_tag","embeddable":true,"href":"https:\/\/miumjau.ee\/lv\/wp-json\/wp\/v2\/product_tag?post=51092"}],"curies":[{"name":"wp","href":"https:\/\/api.w.org\/{rel}","templated":true}]}}