{"id":50993,"date":"2025-06-25T17:43:19","date_gmt":"2025-06-25T14:43:19","guid":{"rendered":"https:\/\/miumjau.ee\/toode\/laizisanas-paklajs-gridai-sienai-19x23-roza\/"},"modified":"2026-01-07T21:12:51","modified_gmt":"2026-01-07T19:12:51","slug":"laizisanas-paklajs-gridai-sienai-19x23-roza","status":"publish","type":"product","link":"https:\/\/miumjau.ee\/lv\/produkts\/laizisanas-paklajs-gridai-sienai-19x23-roza\/","title":{"rendered":"Laiz\u012b\u0161anas pakl\u0101js gr\u012bdai \/ sienai 19&#215;23, roz\u0101"},"content":{"rendered":"","protected":false},"excerpt":{"rendered":"<p data-start=\"3470\" data-end=\"3879\">Eat Slow Live Longer kvadr\u0101tveida laiz\u012b\u0161anas pakl\u0101js ar dzi\u013c\u0101m iedob\u0113m padara gardumu ieg\u016b\u0161anu \u012bpa\u0161i izaicino\u0161u! Sunim vai ka\u0137im j\u0101pieliek p\u016bles, lai ieg\u016btu visus gardumus starp izci\u013c\u0146iem un st\u016bros. Pateicoties pies\u016bcek\u0146iem pakl\u0101ja apak\u0161pus\u0113, to var viegli piestiprin\u0101t pie gludas virsmas, lai tas laiz\u012b\u0161anas laik\u0101 nekust\u0113tos \u2013 gan uz gr\u012bdas, gan, piem\u0113ram, du\u0161as sienas su\u0146a mazg\u0101\u0161anas laik\u0101, mazinot stresu.<\/p>\n<p data-start=\"3881\" data-end=\"4017\">Laiz\u012b\u0161anas pakl\u0101js ir izgatavots no 100 % silikona un ir piem\u0113rots mazg\u0101\u0161anai trauku mazg\u0101jamaj\u0101 ma\u0161\u012bn\u0101, kas padara t\u012br\u012b\u0161anu \u012bpa\u0161i \u0113rtu!<\/p>\n<p data-start=\"4019\" data-end=\"4433\"><strong data-start=\"4019\" data-end=\"4045\">Lieto\u0161anas instrukcija<\/strong> \u2013 Novieto pakl\u0101ju uz gludas virsmas un piespied, lai pies\u016bcek\u0146i nostiprin\u0101tos. Uzsm\u0113r\u0113 zemesriekstu sviestu, past\u0113ti vai mitro bar\u012bbu. Ja v\u0113lies, vari uzkais\u012bt ar\u012b sauso bar\u012bbu vai k\u0101rumus. Izmanto \u0113dienrei\u017eu laik\u0101, apbalvo\u0161anai, garlaic\u012bbas mazin\u0101\u0161anai vai uzman\u012bbas nov\u0113r\u0161anai kop\u0161anas proced\u016bru laik\u0101. Vasar\u0101 vari ievietot pakl\u0101ju ar bar\u012bbu sald\u0113tav\u0101, lai pied\u0101v\u0101tu atv\u0113sino\u0161u k\u0101rumu.<\/p>\n<p data-start=\"4435\" data-end=\"4757\"><strong data-start=\"4435\" data-end=\"4490\">Eat Slow Live Longer \u2013 risin\u0101jums rij\u012bgiem \u0113d\u0101jiem!<\/strong><br data-start=\"4490\" data-end=\"4493\" \/>Eat Slow Live Longer produkti pal\u012bdz nov\u0113rst \u0101tru \u0113\u0161anu, kas var izrais\u012bt svara pieaugumu, gremo\u0161anas trauc\u0113jumus un stresu. Pieejami da\u017e\u0101di laiz\u012b\u0161anas pakl\u0101ji un l\u0113n\u0101s \u0113\u0161anas b\u013codas da\u017e\u0101dos izm\u0113ros un form\u0101s, lai ikvienam sunim un ka\u0137im b\u016btu piem\u0113rots risin\u0101jums.<\/p>\n","protected":false},"featured_media":50994,"template":"","meta":[],"product_brand":[],"product_cat":[578],"product_tag":[],"class_list":{"0":"post-50993","1":"product","2":"type-product","3":"status-publish","4":"has-post-thumbnail","6":"product_cat-ediena-un-dzeriena-trauki","8":"first","9":"instock","10":"taxable","11":"shipping-taxable","12":"purchasable","13":"product-type-simple"},"yoast_head":"<!-- This site is optimized with the Yoast SEO plugin v27.2 - https:\/\/yoast.com\/product\/yoast-seo-wordpress\/ -->\n<title>Laiz\u012b\u0161anas pakl\u0101js gr\u012bdai \/ sienai 19x23, roz\u0101 - MiuMjau<\/title>\n<meta name=\"robots\" content=\"index, follow, max-snippet:-1, max-image-preview:large, max-video-preview:-1\" \/>\n<link rel=\"canonical\" href=\"https:\/\/miumjau.ee\/lv\/produkts\/laizisanas-paklajs-gridai-sienai-19x23-roza\/\" \/>\n<meta property=\"og:locale\" content=\"lv_LV\" \/>\n<meta property=\"og:type\" content=\"article\" \/>\n<meta property=\"og:title\" content=\"Laiz\u012b\u0161anas pakl\u0101js gr\u012bdai \/ sienai 19x23, roz\u0101 - MiuMjau\" \/>\n<meta property=\"og:description\" content=\"Eat Slow Live Longer kvadr\u0101tveida laiz\u012b\u0161anas pakl\u0101js ar dzi\u013c\u0101m iedob\u0113m padara gardumu ieg\u016b\u0161anu \u012bpa\u0161i izaicino\u0161u! Sunim vai ka\u0137im j\u0101pieliek p\u016bles, lai ieg\u016btu visus gardumus starp izci\u013c\u0146iem un st\u016bros. Pateicoties pies\u016bcek\u0146iem pakl\u0101ja apak\u0161pus\u0113, to var viegli piestiprin\u0101t pie gludas virsmas, lai tas laiz\u012b\u0161anas laik\u0101 nekust\u0113tos \u2013 gan uz gr\u012bdas, gan, piem\u0113ram, du\u0161as sienas su\u0146a mazg\u0101\u0161anas laik\u0101, mazinot stresu. Laiz\u012b\u0161anas pakl\u0101js ir izgatavots no 100 % silikona un ir piem\u0113rots mazg\u0101\u0161anai trauku mazg\u0101jamaj\u0101 ma\u0161\u012bn\u0101, kas padara t\u012br\u012b\u0161anu \u012bpa\u0161i \u0113rtu! Lieto\u0161anas instrukcija \u2013 Novieto pakl\u0101ju uz gludas virsmas un piespied, lai pies\u016bcek\u0146i nostiprin\u0101tos. Uzsm\u0113r\u0113 zemesriekstu sviestu, past\u0113ti vai mitro bar\u012bbu. Ja v\u0113lies, vari uzkais\u012bt ar\u012b sauso bar\u012bbu vai k\u0101rumus. Izmanto \u0113dienrei\u017eu laik\u0101, apbalvo\u0161anai, garlaic\u012bbas mazin\u0101\u0161anai vai uzman\u012bbas nov\u0113r\u0161anai kop\u0161anas proced\u016bru laik\u0101. Vasar\u0101 vari ievietot pakl\u0101ju ar bar\u012bbu sald\u0113tav\u0101, lai pied\u0101v\u0101tu atv\u0113sino\u0161u k\u0101rumu. Eat Slow Live Longer \u2013 risin\u0101jums rij\u012bgiem \u0113d\u0101jiem!Eat Slow Live Longer produkti pal\u012bdz nov\u0113rst \u0101tru \u0113\u0161anu, kas var izrais\u012bt svara pieaugumu, gremo\u0161anas trauc\u0113jumus un stresu. Pieejami da\u017e\u0101di laiz\u012b\u0161anas pakl\u0101ji un l\u0113n\u0101s \u0113\u0161anas b\u013codas da\u017e\u0101dos izm\u0113ros un form\u0101s, lai ikvienam sunim un ka\u0137im b\u016btu piem\u0113rots risin\u0101jums.\" \/>\n<meta property=\"og:url\" content=\"https:\/\/miumjau.ee\/lv\/produkts\/laizisanas-paklajs-gridai-sienai-19x23-roza\/\" \/>\n<meta property=\"og:site_name\" content=\"MiuMjau\" \/>\n<meta property=\"article:publisher\" content=\"https:\/\/www.facebook.com\/miumjaupood\/\" \/>\n<meta property=\"article:modified_time\" content=\"2026-01-07T19:12:51+00:00\" \/>\n<meta property=\"og:image\" content=\"https:\/\/miumjau.ee\/wp-content\/uploads\/2025\/06\/Lakkumismatt-eat-slow3.jpg\" \/>\n\t<meta property=\"og:image:width\" content=\"600\" \/>\n\t<meta property=\"og:image:height\" content=\"800\" \/>\n\t<meta property=\"og:image:type\" content=\"image\/jpeg\" \/>\n<meta name=\"twitter:card\" content=\"summary_large_image\" \/>\n<script type=\"application\/ld+json\" class=\"yoast-schema-graph\">{\"@context\":\"https:\/\/schema.org\",\"@graph\":[{\"@type\":\"WebPage\",\"@id\":\"https:\/\/miumjau.ee\/lv\/produkts\/laizisanas-paklajs-gridai-sienai-19x23-roza\/\",\"url\":\"https:\/\/miumjau.ee\/lv\/produkts\/laizisanas-paklajs-gridai-sienai-19x23-roza\/\",\"name\":\"Laiz\u012b\u0161anas pakl\u0101js gr\u012bdai \/ sienai 19x23, roz\u0101 - MiuMjau\",\"isPartOf\":{\"@id\":\"https:\/\/miumjau.ee\/#website\"},\"primaryImageOfPage\":{\"@id\":\"https:\/\/miumjau.ee\/lv\/produkts\/laizisanas-paklajs-gridai-sienai-19x23-roza\/#primaryimage\"},\"image\":{\"@id\":\"https:\/\/miumjau.ee\/lv\/produkts\/laizisanas-paklajs-gridai-sienai-19x23-roza\/#primaryimage\"},\"thumbnailUrl\":\"https:\/\/miumjau.ee\/wp-content\/uploads\/2025\/06\/Lakkumismatt-eat-slow3.jpg\",\"datePublished\":\"2025-06-25T14:43:19+00:00\",\"dateModified\":\"2026-01-07T19:12:51+00:00\",\"breadcrumb\":{\"@id\":\"https:\/\/miumjau.ee\/lv\/produkts\/laizisanas-paklajs-gridai-sienai-19x23-roza\/#breadcrumb\"},\"inLanguage\":\"lv-LV\",\"potentialAction\":[{\"@type\":\"ReadAction\",\"target\":[\"https:\/\/miumjau.ee\/lv\/produkts\/laizisanas-paklajs-gridai-sienai-19x23-roza\/\"]}]},{\"@type\":\"ImageObject\",\"inLanguage\":\"lv-LV\",\"@id\":\"https:\/\/miumjau.ee\/lv\/produkts\/laizisanas-paklajs-gridai-sienai-19x23-roza\/#primaryimage\",\"url\":\"https:\/\/miumjau.ee\/wp-content\/uploads\/2025\/06\/Lakkumismatt-eat-slow3.jpg\",\"contentUrl\":\"https:\/\/miumjau.ee\/wp-content\/uploads\/2025\/06\/Lakkumismatt-eat-slow3.jpg\",\"width\":600,\"height\":800},{\"@type\":\"BreadcrumbList\",\"@id\":\"https:\/\/miumjau.ee\/lv\/produkts\/laizisanas-paklajs-gridai-sienai-19x23-roza\/#breadcrumb\",\"itemListElement\":[{\"@type\":\"ListItem\",\"position\":1,\"name\":\"Home\",\"item\":\"https:\/\/miumjau.ee\/lv\/\"},{\"@type\":\"ListItem\",\"position\":2,\"name\":\"Veikals\",\"item\":\"https:\/\/miumjau.ee\/lv\/veikals\/\"},{\"@type\":\"ListItem\",\"position\":3,\"name\":\"Laiz\u012b\u0161anas pakl\u0101js gr\u012bdai \/ sienai 19&#215;23, roz\u0101\"}]},{\"@type\":\"WebSite\",\"@id\":\"https:\/\/miumjau.ee\/#website\",\"url\":\"https:\/\/miumjau.ee\/\",\"name\":\"MiuMjau\",\"description\":\"Kraapimispuud kassidele\",\"publisher\":{\"@id\":\"https:\/\/miumjau.ee\/#organization\"},\"potentialAction\":[{\"@type\":\"SearchAction\",\"target\":{\"@type\":\"EntryPoint\",\"urlTemplate\":\"https:\/\/miumjau.ee\/?s={search_term_string}\"},\"query-input\":{\"@type\":\"PropertyValueSpecification\",\"valueRequired\":true,\"valueName\":\"search_term_string\"}}],\"inLanguage\":\"lv-LV\"},{\"@type\":\"Organization\",\"@id\":\"https:\/\/miumjau.ee\/#organization\",\"name\":\"MiuMjau O\u00dc\",\"url\":\"https:\/\/miumjau.ee\/\",\"logo\":{\"@type\":\"ImageObject\",\"inLanguage\":\"lv-LV\",\"@id\":\"https:\/\/miumjau.ee\/#\/schema\/logo\/image\/\",\"url\":\"https:\/\/miumjau.ee\/wp-content\/uploads\/2022\/04\/MiuMjau-logo-kollane.png\",\"contentUrl\":\"https:\/\/miumjau.ee\/wp-content\/uploads\/2022\/04\/MiuMjau-logo-kollane.png\",\"width\":219,\"height\":100,\"caption\":\"MiuMjau O\u00dc\"},\"image\":{\"@id\":\"https:\/\/miumjau.ee\/#\/schema\/logo\/image\/\"},\"sameAs\":[\"https:\/\/www.facebook.com\/miumjaupood\/\"]}]}<\/script>\n<!-- \/ Yoast SEO plugin. -->","yoast_head_json":{"title":"Laiz\u012b\u0161anas pakl\u0101js gr\u012bdai \/ sienai 19x23, roz\u0101 - MiuMjau","robots":{"index":"index","follow":"follow","max-snippet":"max-snippet:-1","max-image-preview":"max-image-preview:large","max-video-preview":"max-video-preview:-1"},"canonical":"https:\/\/miumjau.ee\/lv\/produkts\/laizisanas-paklajs-gridai-sienai-19x23-roza\/","og_locale":"lv_LV","og_type":"article","og_title":"Laiz\u012b\u0161anas pakl\u0101js gr\u012bdai \/ sienai 19x23, roz\u0101 - MiuMjau","og_description":"Eat Slow Live Longer kvadr\u0101tveida laiz\u012b\u0161anas pakl\u0101js ar dzi\u013c\u0101m iedob\u0113m padara gardumu ieg\u016b\u0161anu \u012bpa\u0161i izaicino\u0161u! Sunim vai ka\u0137im j\u0101pieliek p\u016bles, lai ieg\u016btu visus gardumus starp izci\u013c\u0146iem un st\u016bros. Pateicoties pies\u016bcek\u0146iem pakl\u0101ja apak\u0161pus\u0113, to var viegli piestiprin\u0101t pie gludas virsmas, lai tas laiz\u012b\u0161anas laik\u0101 nekust\u0113tos \u2013 gan uz gr\u012bdas, gan, piem\u0113ram, du\u0161as sienas su\u0146a mazg\u0101\u0161anas laik\u0101, mazinot stresu. Laiz\u012b\u0161anas pakl\u0101js ir izgatavots no 100 % silikona un ir piem\u0113rots mazg\u0101\u0161anai trauku mazg\u0101jamaj\u0101 ma\u0161\u012bn\u0101, kas padara t\u012br\u012b\u0161anu \u012bpa\u0161i \u0113rtu! Lieto\u0161anas instrukcija \u2013 Novieto pakl\u0101ju uz gludas virsmas un piespied, lai pies\u016bcek\u0146i nostiprin\u0101tos. Uzsm\u0113r\u0113 zemesriekstu sviestu, past\u0113ti vai mitro bar\u012bbu. Ja v\u0113lies, vari uzkais\u012bt ar\u012b sauso bar\u012bbu vai k\u0101rumus. Izmanto \u0113dienrei\u017eu laik\u0101, apbalvo\u0161anai, garlaic\u012bbas mazin\u0101\u0161anai vai uzman\u012bbas nov\u0113r\u0161anai kop\u0161anas proced\u016bru laik\u0101. Vasar\u0101 vari ievietot pakl\u0101ju ar bar\u012bbu sald\u0113tav\u0101, lai pied\u0101v\u0101tu atv\u0113sino\u0161u k\u0101rumu. Eat Slow Live Longer \u2013 risin\u0101jums rij\u012bgiem \u0113d\u0101jiem!Eat Slow Live Longer produkti pal\u012bdz nov\u0113rst \u0101tru \u0113\u0161anu, kas var izrais\u012bt svara pieaugumu, gremo\u0161anas trauc\u0113jumus un stresu. Pieejami da\u017e\u0101di laiz\u012b\u0161anas pakl\u0101ji un l\u0113n\u0101s \u0113\u0161anas b\u013codas da\u017e\u0101dos izm\u0113ros un form\u0101s, lai ikvienam sunim un ka\u0137im b\u016btu piem\u0113rots risin\u0101jums.","og_url":"https:\/\/miumjau.ee\/lv\/produkts\/laizisanas-paklajs-gridai-sienai-19x23-roza\/","og_site_name":"MiuMjau","article_publisher":"https:\/\/www.facebook.com\/miumjaupood\/","article_modified_time":"2026-01-07T19:12:51+00:00","og_image":[{"width":600,"height":800,"url":"https:\/\/miumjau.ee\/wp-content\/uploads\/2025\/06\/Lakkumismatt-eat-slow3.jpg","type":"image\/jpeg"}],"twitter_card":"summary_large_image","schema":{"@context":"https:\/\/schema.org","@graph":[{"@type":"WebPage","@id":"https:\/\/miumjau.ee\/lv\/produkts\/laizisanas-paklajs-gridai-sienai-19x23-roza\/","url":"https:\/\/miumjau.ee\/lv\/produkts\/laizisanas-paklajs-gridai-sienai-19x23-roza\/","name":"Laiz\u012b\u0161anas pakl\u0101js gr\u012bdai \/ sienai 19x23, roz\u0101 - MiuMjau","isPartOf":{"@id":"https:\/\/miumjau.ee\/#website"},"primaryImageOfPage":{"@id":"https:\/\/miumjau.ee\/lv\/produkts\/laizisanas-paklajs-gridai-sienai-19x23-roza\/#primaryimage"},"image":{"@id":"https:\/\/miumjau.ee\/lv\/produkts\/laizisanas-paklajs-gridai-sienai-19x23-roza\/#primaryimage"},"thumbnailUrl":"https:\/\/miumjau.ee\/wp-content\/uploads\/2025\/06\/Lakkumismatt-eat-slow3.jpg","datePublished":"2025-06-25T14:43:19+00:00","dateModified":"2026-01-07T19:12:51+00:00","breadcrumb":{"@id":"https:\/\/miumjau.ee\/lv\/produkts\/laizisanas-paklajs-gridai-sienai-19x23-roza\/#breadcrumb"},"inLanguage":"lv-LV","potentialAction":[{"@type":"ReadAction","target":["https:\/\/miumjau.ee\/lv\/produkts\/laizisanas-paklajs-gridai-sienai-19x23-roza\/"]}]},{"@type":"ImageObject","inLanguage":"lv-LV","@id":"https:\/\/miumjau.ee\/lv\/produkts\/laizisanas-paklajs-gridai-sienai-19x23-roza\/#primaryimage","url":"https:\/\/miumjau.ee\/wp-content\/uploads\/2025\/06\/Lakkumismatt-eat-slow3.jpg","contentUrl":"https:\/\/miumjau.ee\/wp-content\/uploads\/2025\/06\/Lakkumismatt-eat-slow3.jpg","width":600,"height":800},{"@type":"BreadcrumbList","@id":"https:\/\/miumjau.ee\/lv\/produkts\/laizisanas-paklajs-gridai-sienai-19x23-roza\/#breadcrumb","itemListElement":[{"@type":"ListItem","position":1,"name":"Home","item":"https:\/\/miumjau.ee\/lv\/"},{"@type":"ListItem","position":2,"name":"Veikals","item":"https:\/\/miumjau.ee\/lv\/veikals\/"},{"@type":"ListItem","position":3,"name":"Laiz\u012b\u0161anas pakl\u0101js gr\u012bdai \/ sienai 19&#215;23, roz\u0101"}]},{"@type":"WebSite","@id":"https:\/\/miumjau.ee\/#website","url":"https:\/\/miumjau.ee\/","name":"MiuMjau","description":"Kraapimispuud kassidele","publisher":{"@id":"https:\/\/miumjau.ee\/#organization"},"potentialAction":[{"@type":"SearchAction","target":{"@type":"EntryPoint","urlTemplate":"https:\/\/miumjau.ee\/?s={search_term_string}"},"query-input":{"@type":"PropertyValueSpecification","valueRequired":true,"valueName":"search_term_string"}}],"inLanguage":"lv-LV"},{"@type":"Organization","@id":"https:\/\/miumjau.ee\/#organization","name":"MiuMjau O\u00dc","url":"https:\/\/miumjau.ee\/","logo":{"@type":"ImageObject","inLanguage":"lv-LV","@id":"https:\/\/miumjau.ee\/#\/schema\/logo\/image\/","url":"https:\/\/miumjau.ee\/wp-content\/uploads\/2022\/04\/MiuMjau-logo-kollane.png","contentUrl":"https:\/\/miumjau.ee\/wp-content\/uploads\/2022\/04\/MiuMjau-logo-kollane.png","width":219,"height":100,"caption":"MiuMjau O\u00dc"},"image":{"@id":"https:\/\/miumjau.ee\/#\/schema\/logo\/image\/"},"sameAs":["https:\/\/www.facebook.com\/miumjaupood\/"]}]}},"_links":{"self":[{"href":"https:\/\/miumjau.ee\/lv\/wp-json\/wp\/v2\/product\/50993","targetHints":{"allow":["GET"]}}],"collection":[{"href":"https:\/\/miumjau.ee\/lv\/wp-json\/wp\/v2\/product"}],"about":[{"href":"https:\/\/miumjau.ee\/lv\/wp-json\/wp\/v2\/types\/product"}],"wp:featuredmedia":[{"embeddable":true,"href":"https:\/\/miumjau.ee\/lv\/wp-json\/wp\/v2\/media\/50994"}],"wp:attachment":[{"href":"https:\/\/miumjau.ee\/lv\/wp-json\/wp\/v2\/media?parent=50993"}],"wp:term":[{"taxonomy":"product_brand","embeddable":true,"href":"https:\/\/miumjau.ee\/lv\/wp-json\/wp\/v2\/product_brand?post=50993"},{"taxonomy":"product_cat","embeddable":true,"href":"https:\/\/miumjau.ee\/lv\/wp-json\/wp\/v2\/product_cat?post=50993"},{"taxonomy":"product_tag","embeddable":true,"href":"https:\/\/miumjau.ee\/lv\/wp-json\/wp\/v2\/product_tag?post=50993"}],"curies":[{"name":"wp","href":"https:\/\/api.w.org\/{rel}","templated":true}]}}