{"id":50979,"date":"2025-04-07T11:47:38","date_gmt":"2025-04-07T08:47:38","guid":{"rendered":"https:\/\/miumjau.ee\/toode\/brit-care-grain-free-adult-large-breed-sunu-bariba-12-kg\/"},"modified":"2026-01-07T21:12:51","modified_gmt":"2026-01-07T19:12:51","slug":"brit-care-grain-free-adult-large-breed-sunu-bariba-12-kg","status":"publish","type":"product","link":"https:\/\/miumjau.ee\/lv\/produkts\/brit-care-grain-free-adult-large-breed-sunu-bariba-12-kg\/","title":{"rendered":"Brit Care Grain-free Adult Large Breed su\u0146u bar\u012bba 12 kg"},"content":{"rendered":"","protected":false},"excerpt":{"rendered":"<p>Brit Care bezgraudu formula ar la\u0161u un kartupe\u013cu prote\u012bnu pieaugu\u0161iem su\u0146iem, lielo \u0161\u0137ir\u0146u (virs 25\u202fkg) su\u0146iem \u2013 pilnv\u0113rt\u012bga bar\u012bba.<\/p>\n<p>Superpremium bezglut\u0113na formula pieaugu\u0161iem lielo \u0161\u0137ir\u0146u su\u0146iem, kas atbalsta \u0101das un spalvas vesel\u012bbu, asinsriti un sirdi, fizisko formu un imunit\u0101ti. Satur svar\u012bgus hondroprotekt\u012bvus vesel\u012bgu loc\u012btavu un skrim\u0161\u013cu uztur\u0113\u0161anai. Bag\u0101ta ar augstas kvalit\u0101tes olbaltumviel\u0101m un tauksk\u0101b\u0113m, kas veicina \u0101das un spalvas vesel\u012bbu. Bezglut\u0113na recepte ide\u0101li piem\u0113rota su\u0146iem ar pras\u012bgu spalvu kop\u0161anu, tiem, kuriem nepiecie\u0161ama optim\u0101la fizisk\u0101 forma, un su\u0146iem ar negat\u012bv\u0101m reakcij\u0101m uz citu bar\u012bbu.<\/p>\n<p><strong>Galvenie ieguvumi:<\/strong><\/p>\n<ul>\n<li><strong>Loc\u012btavas un skrim\u0161\u013ci:<\/strong> hondroprotekt\u012bvi atbalsta vesel\u012bgu loc\u012btavu, kaulu un skrim\u0161\u013cu att\u012bst\u012bbu \u2013 \u012bpa\u0161i svar\u012bgi lielo \u0161\u0137ir\u0146u su\u0146iem<\/li>\n<li><strong>Imunit\u0101te:<\/strong> probiotikas un antioksidanti stiprina im\u016bnsist\u0113mu un atbalsta gremo\u0161anu<\/li>\n<li><strong>Musku\u013ci:<\/strong> bag\u0101ts omega\u20113 tauksk\u0101b\u0113s, atbalsta musku\u013cu sint\u0113zi un pa\u0101trina atjauno\u0161anos<\/li>\n<\/ul>\n<p><strong>Sast\u0101vda\u013cas:<\/strong> lasis (48\u202f%) (kalt\u0113ts lasis, hidroliz\u0113ts lasis), kartupe\u013ci (30\u202f%), kalt\u0113ta \u0101bolu miza, vistas tauki, la\u0161a e\u013c\u013ca (3\u202f%), dabiskais arom\u0101ts, alus raugs, zir\u0146u milti, glikozam\u012bns (260\u202fmg\/kg), frukto-oligosahar\u012bdi (200\u202fmg\/kg), hondroit\u012bns (200\u202fmg\/kg), mannan-oligosahar\u012bdi (150\u202fmg\/kg), Mojave jukka (150\u202fmg\/kg), piena dad\u017ea s\u0113klas (90\u202fmg\/kg), \u03b2-glik\u0101ni (50\u202fmg\/kg), kalt\u0113ts m\u0101tes lasis (50\u202fmg\/kg), kalt\u0113ts ro\u017e\u016bdens (50\u202fmg\/kg), probiotika <em>Lactobacillus helveticus<\/em> HA\u2013122 inaktiv\u0113ta (15\u00d710\u2079 \u0161\u016bnas\/kg).<\/p>\n<p><strong>Anal\u012btisk\u0101s sast\u0101vda\u013cas:<\/strong> olbaltumvielas 25\u202f%, tauki 14\u202f%, mitrums 10\u202f%, pelni 6,5\u202f%, \u0161\u0137iedrvielas 4\u202f%, kalcijs 1,1\u202f%, fosfors 0,8\u202f%, n\u0101trijs 0,4\u202f%, omega\u20113 tauksk\u0101bes 1\u202f%, omega\u20116 tauksk\u0101bes 1,7\u202f%, EPA 0,12\u202f%, DHA 0,16\u202f%.<\/p>\n<p><strong>Uzturv\u0113rt\u012bba:<\/strong> Vitam\u012bns A 20\u202f000\u202fIU, D\u2083 1\u202f500\u202fIU, E 500\u202fmg, C 300\u202fmg, taur\u012bns 1\u202f500\u202fmg, hol\u012bns 1\u202f800\u202fmg, L-karnit\u012bns 250\u202fmg, B1 2,5\u202fmg, B2 9,6\u202fmg, biot\u012bns 3,5\u202fmg, folijsk\u0101be 1,2\u202fmg, B6 2,5\u202fmg, kalcija D-pantoten\u0101ts 25\u202fmg, niacinam\u012bds 32,5\u202fmg, B12 0,1\u202fmg, jods 0,8\u202fmg, organiskais cinks 85\u202fmg, mang\u0101ns 40\u202fmg, var\u0161 18\u202fmg, dzelzs 75\u202fmg, sel\u0113ns 0,16\u202fmg. Satur ES apstiprin\u0101tus antioksidantus: tokoferolu ekstrakti no augu e\u013c\u013c\u0101m, askorilpalmit\u0101ts un rozmar\u012bna ekstrakts.<\/p>\n<p><strong>Metabolisma ener\u0123ija:<\/strong> 3\u202f640\u202fkcal\/kg<\/p>\n","protected":false},"featured_media":50978,"template":"","meta":[],"product_brand":[],"product_cat":[575],"product_tag":[],"class_list":{"0":"post-50979","1":"product","2":"type-product","3":"status-publish","4":"has-post-thumbnail","6":"product_cat-sausa-bariba-suniem","8":"first","9":"instock","10":"taxable","11":"shipping-taxable","12":"purchasable","13":"product-type-simple"},"yoast_head":"<!-- This site is optimized with the Yoast SEO plugin v27.2 - https:\/\/yoast.com\/product\/yoast-seo-wordpress\/ -->\n<title>Brit Care Grain-free Adult Large Breed su\u0146u bar\u012bba 12 kg - MiuMjau<\/title>\n<meta name=\"description\" content=\"Brit Care bezgraudu bar\u012bba ar lasi un kartupe\u013ciem lielu \u0161\u0137ir\u0146u pieaugu\u0161iem su\u0146iem (virs 25 kg). Pilnv\u0113rt\u012bga su\u0146u bar\u012bba.\" \/>\n<meta name=\"robots\" content=\"index, follow, max-snippet:-1, max-image-preview:large, max-video-preview:-1\" \/>\n<link rel=\"canonical\" href=\"https:\/\/miumjau.ee\/lv\/produkts\/brit-care-grain-free-adult-large-breed-sunu-bariba-12-kg\/\" \/>\n<meta property=\"og:locale\" content=\"lv_LV\" \/>\n<meta property=\"og:type\" content=\"article\" \/>\n<meta property=\"og:title\" content=\"Brit Care Grain-free Adult Large Breed su\u0146u bar\u012bba 12 kg - MiuMjau\" \/>\n<meta property=\"og:description\" content=\"Brit Care bezgraudu bar\u012bba ar lasi un kartupe\u013ciem lielu \u0161\u0137ir\u0146u pieaugu\u0161iem su\u0146iem (virs 25 kg). Pilnv\u0113rt\u012bga su\u0146u bar\u012bba.\" \/>\n<meta property=\"og:url\" content=\"https:\/\/miumjau.ee\/lv\/produkts\/brit-care-grain-free-adult-large-breed-sunu-bariba-12-kg\/\" \/>\n<meta property=\"og:site_name\" content=\"MiuMjau\" \/>\n<meta property=\"article:publisher\" content=\"https:\/\/www.facebook.com\/miumjaupood\/\" \/>\n<meta property=\"article:modified_time\" content=\"2026-01-07T19:12:51+00:00\" \/>\n<meta property=\"og:image\" content=\"https:\/\/miumjau.ee\/wp-content\/uploads\/2025\/04\/brit-care-adult-large-breed-salmon-Photoroom.webp\" \/>\n\t<meta property=\"og:image:width\" content=\"600\" \/>\n\t<meta property=\"og:image:height\" content=\"800\" \/>\n\t<meta property=\"og:image:type\" content=\"image\/webp\" \/>\n<meta name=\"twitter:card\" content=\"summary_large_image\" \/>\n<script type=\"application\/ld+json\" class=\"yoast-schema-graph\">{\"@context\":\"https:\/\/schema.org\",\"@graph\":[{\"@type\":\"WebPage\",\"@id\":\"https:\/\/miumjau.ee\/lv\/produkts\/brit-care-grain-free-adult-large-breed-sunu-bariba-12-kg\/\",\"url\":\"https:\/\/miumjau.ee\/lv\/produkts\/brit-care-grain-free-adult-large-breed-sunu-bariba-12-kg\/\",\"name\":\"Brit Care Grain-free Adult Large Breed su\u0146u bar\u012bba 12 kg - MiuMjau\",\"isPartOf\":{\"@id\":\"https:\/\/miumjau.ee\/#website\"},\"primaryImageOfPage\":{\"@id\":\"https:\/\/miumjau.ee\/lv\/produkts\/brit-care-grain-free-adult-large-breed-sunu-bariba-12-kg\/#primaryimage\"},\"image\":{\"@id\":\"https:\/\/miumjau.ee\/lv\/produkts\/brit-care-grain-free-adult-large-breed-sunu-bariba-12-kg\/#primaryimage\"},\"thumbnailUrl\":\"https:\/\/miumjau.ee\/wp-content\/uploads\/2025\/04\/brit-care-adult-large-breed-salmon-Photoroom.webp\",\"datePublished\":\"2025-04-07T08:47:38+00:00\",\"dateModified\":\"2026-01-07T19:12:51+00:00\",\"description\":\"Brit Care bezgraudu bar\u012bba ar lasi un kartupe\u013ciem lielu \u0161\u0137ir\u0146u pieaugu\u0161iem su\u0146iem (virs 25 kg). Pilnv\u0113rt\u012bga su\u0146u bar\u012bba.\",\"breadcrumb\":{\"@id\":\"https:\/\/miumjau.ee\/lv\/produkts\/brit-care-grain-free-adult-large-breed-sunu-bariba-12-kg\/#breadcrumb\"},\"inLanguage\":\"lv-LV\",\"potentialAction\":[{\"@type\":\"ReadAction\",\"target\":[\"https:\/\/miumjau.ee\/lv\/produkts\/brit-care-grain-free-adult-large-breed-sunu-bariba-12-kg\/\"]}]},{\"@type\":\"ImageObject\",\"inLanguage\":\"lv-LV\",\"@id\":\"https:\/\/miumjau.ee\/lv\/produkts\/brit-care-grain-free-adult-large-breed-sunu-bariba-12-kg\/#primaryimage\",\"url\":\"https:\/\/miumjau.ee\/wp-content\/uploads\/2025\/04\/brit-care-adult-large-breed-salmon-Photoroom.webp\",\"contentUrl\":\"https:\/\/miumjau.ee\/wp-content\/uploads\/2025\/04\/brit-care-adult-large-breed-salmon-Photoroom.webp\",\"width\":600,\"height\":800},{\"@type\":\"BreadcrumbList\",\"@id\":\"https:\/\/miumjau.ee\/lv\/produkts\/brit-care-grain-free-adult-large-breed-sunu-bariba-12-kg\/#breadcrumb\",\"itemListElement\":[{\"@type\":\"ListItem\",\"position\":1,\"name\":\"Home\",\"item\":\"https:\/\/miumjau.ee\/lv\/\"},{\"@type\":\"ListItem\",\"position\":2,\"name\":\"Veikals\",\"item\":\"https:\/\/miumjau.ee\/lv\/veikals\/\"},{\"@type\":\"ListItem\",\"position\":3,\"name\":\"Brit Care Grain-free Adult Large Breed su\u0146u bar\u012bba 12 kg\"}]},{\"@type\":\"WebSite\",\"@id\":\"https:\/\/miumjau.ee\/#website\",\"url\":\"https:\/\/miumjau.ee\/\",\"name\":\"MiuMjau\",\"description\":\"Kraapimispuud kassidele\",\"publisher\":{\"@id\":\"https:\/\/miumjau.ee\/#organization\"},\"potentialAction\":[{\"@type\":\"SearchAction\",\"target\":{\"@type\":\"EntryPoint\",\"urlTemplate\":\"https:\/\/miumjau.ee\/?s={search_term_string}\"},\"query-input\":{\"@type\":\"PropertyValueSpecification\",\"valueRequired\":true,\"valueName\":\"search_term_string\"}}],\"inLanguage\":\"lv-LV\"},{\"@type\":\"Organization\",\"@id\":\"https:\/\/miumjau.ee\/#organization\",\"name\":\"MiuMjau O\u00dc\",\"url\":\"https:\/\/miumjau.ee\/\",\"logo\":{\"@type\":\"ImageObject\",\"inLanguage\":\"lv-LV\",\"@id\":\"https:\/\/miumjau.ee\/#\/schema\/logo\/image\/\",\"url\":\"https:\/\/miumjau.ee\/wp-content\/uploads\/2022\/04\/MiuMjau-logo-kollane.png\",\"contentUrl\":\"https:\/\/miumjau.ee\/wp-content\/uploads\/2022\/04\/MiuMjau-logo-kollane.png\",\"width\":219,\"height\":100,\"caption\":\"MiuMjau O\u00dc\"},\"image\":{\"@id\":\"https:\/\/miumjau.ee\/#\/schema\/logo\/image\/\"},\"sameAs\":[\"https:\/\/www.facebook.com\/miumjaupood\/\"]}]}<\/script>\n<!-- \/ Yoast SEO plugin. -->","yoast_head_json":{"title":"Brit Care Grain-free Adult Large Breed su\u0146u bar\u012bba 12 kg - MiuMjau","description":"Brit Care bezgraudu bar\u012bba ar lasi un kartupe\u013ciem lielu \u0161\u0137ir\u0146u pieaugu\u0161iem su\u0146iem (virs 25 kg). Pilnv\u0113rt\u012bga su\u0146u bar\u012bba.","robots":{"index":"index","follow":"follow","max-snippet":"max-snippet:-1","max-image-preview":"max-image-preview:large","max-video-preview":"max-video-preview:-1"},"canonical":"https:\/\/miumjau.ee\/lv\/produkts\/brit-care-grain-free-adult-large-breed-sunu-bariba-12-kg\/","og_locale":"lv_LV","og_type":"article","og_title":"Brit Care Grain-free Adult Large Breed su\u0146u bar\u012bba 12 kg - MiuMjau","og_description":"Brit Care bezgraudu bar\u012bba ar lasi un kartupe\u013ciem lielu \u0161\u0137ir\u0146u pieaugu\u0161iem su\u0146iem (virs 25 kg). Pilnv\u0113rt\u012bga su\u0146u bar\u012bba.","og_url":"https:\/\/miumjau.ee\/lv\/produkts\/brit-care-grain-free-adult-large-breed-sunu-bariba-12-kg\/","og_site_name":"MiuMjau","article_publisher":"https:\/\/www.facebook.com\/miumjaupood\/","article_modified_time":"2026-01-07T19:12:51+00:00","og_image":[{"width":600,"height":800,"url":"https:\/\/miumjau.ee\/wp-content\/uploads\/2025\/04\/brit-care-adult-large-breed-salmon-Photoroom.webp","type":"image\/webp"}],"twitter_card":"summary_large_image","schema":{"@context":"https:\/\/schema.org","@graph":[{"@type":"WebPage","@id":"https:\/\/miumjau.ee\/lv\/produkts\/brit-care-grain-free-adult-large-breed-sunu-bariba-12-kg\/","url":"https:\/\/miumjau.ee\/lv\/produkts\/brit-care-grain-free-adult-large-breed-sunu-bariba-12-kg\/","name":"Brit Care Grain-free Adult Large Breed su\u0146u bar\u012bba 12 kg - MiuMjau","isPartOf":{"@id":"https:\/\/miumjau.ee\/#website"},"primaryImageOfPage":{"@id":"https:\/\/miumjau.ee\/lv\/produkts\/brit-care-grain-free-adult-large-breed-sunu-bariba-12-kg\/#primaryimage"},"image":{"@id":"https:\/\/miumjau.ee\/lv\/produkts\/brit-care-grain-free-adult-large-breed-sunu-bariba-12-kg\/#primaryimage"},"thumbnailUrl":"https:\/\/miumjau.ee\/wp-content\/uploads\/2025\/04\/brit-care-adult-large-breed-salmon-Photoroom.webp","datePublished":"2025-04-07T08:47:38+00:00","dateModified":"2026-01-07T19:12:51+00:00","description":"Brit Care bezgraudu bar\u012bba ar lasi un kartupe\u013ciem lielu \u0161\u0137ir\u0146u pieaugu\u0161iem su\u0146iem (virs 25 kg). Pilnv\u0113rt\u012bga su\u0146u bar\u012bba.","breadcrumb":{"@id":"https:\/\/miumjau.ee\/lv\/produkts\/brit-care-grain-free-adult-large-breed-sunu-bariba-12-kg\/#breadcrumb"},"inLanguage":"lv-LV","potentialAction":[{"@type":"ReadAction","target":["https:\/\/miumjau.ee\/lv\/produkts\/brit-care-grain-free-adult-large-breed-sunu-bariba-12-kg\/"]}]},{"@type":"ImageObject","inLanguage":"lv-LV","@id":"https:\/\/miumjau.ee\/lv\/produkts\/brit-care-grain-free-adult-large-breed-sunu-bariba-12-kg\/#primaryimage","url":"https:\/\/miumjau.ee\/wp-content\/uploads\/2025\/04\/brit-care-adult-large-breed-salmon-Photoroom.webp","contentUrl":"https:\/\/miumjau.ee\/wp-content\/uploads\/2025\/04\/brit-care-adult-large-breed-salmon-Photoroom.webp","width":600,"height":800},{"@type":"BreadcrumbList","@id":"https:\/\/miumjau.ee\/lv\/produkts\/brit-care-grain-free-adult-large-breed-sunu-bariba-12-kg\/#breadcrumb","itemListElement":[{"@type":"ListItem","position":1,"name":"Home","item":"https:\/\/miumjau.ee\/lv\/"},{"@type":"ListItem","position":2,"name":"Veikals","item":"https:\/\/miumjau.ee\/lv\/veikals\/"},{"@type":"ListItem","position":3,"name":"Brit Care Grain-free Adult Large Breed su\u0146u bar\u012bba 12 kg"}]},{"@type":"WebSite","@id":"https:\/\/miumjau.ee\/#website","url":"https:\/\/miumjau.ee\/","name":"MiuMjau","description":"Kraapimispuud kassidele","publisher":{"@id":"https:\/\/miumjau.ee\/#organization"},"potentialAction":[{"@type":"SearchAction","target":{"@type":"EntryPoint","urlTemplate":"https:\/\/miumjau.ee\/?s={search_term_string}"},"query-input":{"@type":"PropertyValueSpecification","valueRequired":true,"valueName":"search_term_string"}}],"inLanguage":"lv-LV"},{"@type":"Organization","@id":"https:\/\/miumjau.ee\/#organization","name":"MiuMjau O\u00dc","url":"https:\/\/miumjau.ee\/","logo":{"@type":"ImageObject","inLanguage":"lv-LV","@id":"https:\/\/miumjau.ee\/#\/schema\/logo\/image\/","url":"https:\/\/miumjau.ee\/wp-content\/uploads\/2022\/04\/MiuMjau-logo-kollane.png","contentUrl":"https:\/\/miumjau.ee\/wp-content\/uploads\/2022\/04\/MiuMjau-logo-kollane.png","width":219,"height":100,"caption":"MiuMjau O\u00dc"},"image":{"@id":"https:\/\/miumjau.ee\/#\/schema\/logo\/image\/"},"sameAs":["https:\/\/www.facebook.com\/miumjaupood\/"]}]}},"_links":{"self":[{"href":"https:\/\/miumjau.ee\/lv\/wp-json\/wp\/v2\/product\/50979","targetHints":{"allow":["GET"]}}],"collection":[{"href":"https:\/\/miumjau.ee\/lv\/wp-json\/wp\/v2\/product"}],"about":[{"href":"https:\/\/miumjau.ee\/lv\/wp-json\/wp\/v2\/types\/product"}],"wp:featuredmedia":[{"embeddable":true,"href":"https:\/\/miumjau.ee\/lv\/wp-json\/wp\/v2\/media\/50978"}],"wp:attachment":[{"href":"https:\/\/miumjau.ee\/lv\/wp-json\/wp\/v2\/media?parent=50979"}],"wp:term":[{"taxonomy":"product_brand","embeddable":true,"href":"https:\/\/miumjau.ee\/lv\/wp-json\/wp\/v2\/product_brand?post=50979"},{"taxonomy":"product_cat","embeddable":true,"href":"https:\/\/miumjau.ee\/lv\/wp-json\/wp\/v2\/product_cat?post=50979"},{"taxonomy":"product_tag","embeddable":true,"href":"https:\/\/miumjau.ee\/lv\/wp-json\/wp\/v2\/product_tag?post=50979"}],"curies":[{"name":"wp","href":"https:\/\/api.w.org\/{rel}","templated":true}]}}