{"id":50971,"date":"2025-04-07T13:45:52","date_gmt":"2025-04-07T10:45:52","guid":{"rendered":"https:\/\/miumjau.ee\/toode\/ambrosia-bezgraudu-sausa-sunu-bariba-ar-jeru-un-lasi-12-kg\/"},"modified":"2026-01-07T21:12:51","modified_gmt":"2026-01-07T19:12:51","slug":"ambrosia-bezgraudu-sausa-sunu-bariba-ar-jeru-un-lasi-12-kg","status":"publish","type":"product","link":"https:\/\/miumjau.ee\/lv\/produkts\/ambrosia-bezgraudu-sausa-sunu-bariba-ar-jeru-un-lasi-12-kg\/","title":{"rendered":"Ambrosia bezgraudu saus\u0101 su\u0146u bar\u012bba ar j\u0113ru un lasi 12 kg"},"content":{"rendered":"","protected":false},"excerpt":{"rendered":"<p>Ambrosia Lamb &amp; Fresh Salmon \u2013 bar\u012bbas granulas su\u0146iem, bez graudiem un bag\u0101tin\u0101tas ar uzturviel\u0101m!<\/p>\n<p>Svaigs lasis nodro\u0161ina viegli sagremojamu prote\u012bnu, bet kalt\u0113ts j\u0113ra ga\u013cas prote\u012bns ar augstu olbaltumvielu saturu pied\u0101v\u0101 pilnv\u0113rt\u012bgu un gar\u0161\u012bgu malt\u012bti. Pre- un probiotikas atbalsta gremo\u0161anu un im\u016bnsist\u0113mu, savuk\u0101rt hondroit\u012bns un glikozam\u012bns aizsarg\u0101 loc\u012btavas. L-karnit\u012bns un taur\u012bns veicina sirds un musku\u013cu vesel\u012bbu. Vid\u0113ja izm\u0113ra granulas piem\u0113rotas visiem su\u0146u \u0161\u0137irn\u0113m.<\/p>\n<p><strong>Dab\u012bgas sast\u0101vda\u013cas \u2013 optim\u0101la vesel\u012bba katr\u0101 kumos\u0101!<\/strong><br \/>\n\ud83e\udd6c Spin\u0101ti \u2013 super\u0113diens, kas atbalsta imunit\u0101ti, pal\u012bdz pazemin\u0101t asinsspiedienu un nov\u0113r\u0161 ur\u012bnce\u013cu iekaisumus<br \/>\n\ud83e\udd66 Broko\u013ci \u2013 antioksidanti, pal\u012bdz samazin\u0101t iekaisumu, aizsarg\u0101 acis un sirdi, var nov\u0113rst v\u0113zi<br \/>\n\ud83c\udf52 Dz\u0113rvenes \u2013 atbalsta sirds vesel\u012bbu, regul\u0113 asinsspiedienu, satur v\u0113rt\u012bgus \u0161\u0137iedrvielu un tauksk\u0101bju avotus<br \/>\n\ud83e\uded0 Mellenes \u2013 stiprina imunit\u0101ti, atbalsta sirds un kaulu vesel\u012bbu, uztur smadzenes akt\u012bvas<\/p>\n<p><strong>Sast\u0101vs:<\/strong> Svaigs bezkaulu lasis 18%, kalt\u0113ti kartupe\u013ci, kalt\u0113ts j\u0113ra prote\u012bns 12%, kalt\u0113ts dz\u012bvnieku prote\u012bns 12%, za\u013cie zirn\u012b\u0161i, dal\u012btie za\u013cie zirn\u012b\u0161i, dz\u012bvnieku tauki 9%, hidroliz\u0113ts dz\u012bvnieku prote\u012bns 9%, lins\u0113klas, kalt\u0113ta bie\u0161u masa, kartupe\u013cu prote\u012bns, miner\u0101li, rauga ekstrakts (dabisks MOS un beta-glik\u0101nu avots), la\u0161a e\u013c\u013ca, cikorija (dabisks FOS un inul\u012bna avots), alus raugs, kalt\u0113ti broko\u013ci, spin\u0101ti, dz\u0113rvenes, mellenes, glikozam\u012bna hidrohlor\u012bds (150 mg\/kg), hondroit\u012bns (150 mg\/kg), augu ekstrakti (rozmar\u012bns, v\u012bnogu kauli\u0146i, kurkuma, citrusaug\u013ci, krustnagli\u0146as).<\/p>\n<p><strong>Piedevas (kg):<\/strong> Vitam\u012bns A \u2013 14 000 IU, Vitam\u012bns D3 \u2013 1 350 IU, Vitam\u012bns E \u2013 400 mg, Taur\u012bns \u2013 1 000 mg, L-karnit\u012bns \u2013 50 mg<\/p>\n<p><strong>Anal\u012btisk\u0101s sast\u0101vda\u013cas:<\/strong> Kopprote\u012bns 32%, koptauki 18%, Omega-3 tauksk\u0101bes 0,7%, Omega-6 tauksk\u0101bes 3,1%, kop\u0161\u0137iedra 3%, koppeleki 8%, mitrums 9%, kalcijs 1,8%, fosfors 1,2%<\/p>\n<p><strong>Metaboliz\u0113jam\u0101 ener\u0123ija:<\/strong> 3 998 kcal\/kg<\/p>\n<p>\ud83d\udc99 Ambrosia Lamb &amp; Fresh Salmon \u2013 vesel\u012bga un gar\u0161\u012bga izv\u0113le Tav\u0101 sunim!<\/p>\n","protected":false},"featured_media":50972,"template":"","meta":[],"product_brand":[],"product_cat":[575],"product_tag":[],"class_list":{"0":"post-50971","1":"product","2":"type-product","3":"status-publish","4":"has-post-thumbnail","6":"product_cat-sausa-bariba-suniem","8":"first","9":"instock","10":"taxable","11":"shipping-taxable","12":"purchasable","13":"product-type-simple"},"yoast_head":"<!-- This site is optimized with the Yoast SEO plugin v27.2 - https:\/\/yoast.com\/product\/yoast-seo-wordpress\/ -->\n<title>Ambrosia bezgraudu saus\u0101 su\u0146u bar\u012bba ar j\u0113ru un lasi 12 kg - MiuMjau<\/title>\n<meta name=\"description\" content=\"Ambrosia ir garda, ar lielisk\u0101m sast\u0101vda\u013c\u0101m un bez graudiem. Pla\u0161a da\u017e\u0101du gar\u0161u izv\u0113le - n\u0101c un atrodi sava su\u0146a iecien\u012bt\u0101ko!\" \/>\n<meta name=\"robots\" content=\"index, follow, max-snippet:-1, max-image-preview:large, max-video-preview:-1\" \/>\n<link rel=\"canonical\" href=\"https:\/\/miumjau.ee\/lv\/produkts\/ambrosia-bezgraudu-sausa-sunu-bariba-ar-jeru-un-lasi-12-kg\/\" \/>\n<meta property=\"og:locale\" content=\"lv_LV\" \/>\n<meta property=\"og:type\" content=\"article\" \/>\n<meta property=\"og:title\" content=\"Ambrosia bezgraudu saus\u0101 su\u0146u bar\u012bba ar j\u0113ru un lasi 12 kg - MiuMjau\" \/>\n<meta property=\"og:description\" content=\"Ambrosia ir garda, ar lielisk\u0101m sast\u0101vda\u013c\u0101m un bez graudiem. Pla\u0161a da\u017e\u0101du gar\u0161u izv\u0113le - n\u0101c un atrodi sava su\u0146a iecien\u012bt\u0101ko!\" \/>\n<meta property=\"og:url\" content=\"https:\/\/miumjau.ee\/lv\/produkts\/ambrosia-bezgraudu-sausa-sunu-bariba-ar-jeru-un-lasi-12-kg\/\" \/>\n<meta property=\"og:site_name\" content=\"MiuMjau\" \/>\n<meta property=\"article:publisher\" content=\"https:\/\/www.facebook.com\/miumjaupood\/\" \/>\n<meta property=\"article:modified_time\" content=\"2026-01-07T19:12:51+00:00\" \/>\n<meta property=\"og:image\" content=\"https:\/\/miumjau.ee\/wp-content\/uploads\/2025\/03\/ambrosia-kuivtoit-koerale-lamb-salmon.jpg\" \/>\n\t<meta property=\"og:image:width\" content=\"600\" \/>\n\t<meta property=\"og:image:height\" content=\"800\" \/>\n\t<meta property=\"og:image:type\" content=\"image\/jpeg\" \/>\n<meta name=\"twitter:card\" content=\"summary_large_image\" \/>\n<script type=\"application\/ld+json\" class=\"yoast-schema-graph\">{\"@context\":\"https:\/\/schema.org\",\"@graph\":[{\"@type\":\"WebPage\",\"@id\":\"https:\/\/miumjau.ee\/lv\/produkts\/ambrosia-bezgraudu-sausa-sunu-bariba-ar-jeru-un-lasi-12-kg\/\",\"url\":\"https:\/\/miumjau.ee\/lv\/produkts\/ambrosia-bezgraudu-sausa-sunu-bariba-ar-jeru-un-lasi-12-kg\/\",\"name\":\"Ambrosia bezgraudu saus\u0101 su\u0146u bar\u012bba ar j\u0113ru un lasi 12 kg - MiuMjau\",\"isPartOf\":{\"@id\":\"https:\/\/miumjau.ee\/#website\"},\"primaryImageOfPage\":{\"@id\":\"https:\/\/miumjau.ee\/lv\/produkts\/ambrosia-bezgraudu-sausa-sunu-bariba-ar-jeru-un-lasi-12-kg\/#primaryimage\"},\"image\":{\"@id\":\"https:\/\/miumjau.ee\/lv\/produkts\/ambrosia-bezgraudu-sausa-sunu-bariba-ar-jeru-un-lasi-12-kg\/#primaryimage\"},\"thumbnailUrl\":\"https:\/\/miumjau.ee\/wp-content\/uploads\/2025\/03\/ambrosia-kuivtoit-koerale-lamb-salmon.jpg\",\"datePublished\":\"2025-04-07T10:45:52+00:00\",\"dateModified\":\"2026-01-07T19:12:51+00:00\",\"description\":\"Ambrosia ir garda, ar lielisk\u0101m sast\u0101vda\u013c\u0101m un bez graudiem. Pla\u0161a da\u017e\u0101du gar\u0161u izv\u0113le - n\u0101c un atrodi sava su\u0146a iecien\u012bt\u0101ko!\",\"breadcrumb\":{\"@id\":\"https:\/\/miumjau.ee\/lv\/produkts\/ambrosia-bezgraudu-sausa-sunu-bariba-ar-jeru-un-lasi-12-kg\/#breadcrumb\"},\"inLanguage\":\"lv-LV\",\"potentialAction\":[{\"@type\":\"ReadAction\",\"target\":[\"https:\/\/miumjau.ee\/lv\/produkts\/ambrosia-bezgraudu-sausa-sunu-bariba-ar-jeru-un-lasi-12-kg\/\"]}]},{\"@type\":\"ImageObject\",\"inLanguage\":\"lv-LV\",\"@id\":\"https:\/\/miumjau.ee\/lv\/produkts\/ambrosia-bezgraudu-sausa-sunu-bariba-ar-jeru-un-lasi-12-kg\/#primaryimage\",\"url\":\"https:\/\/miumjau.ee\/wp-content\/uploads\/2025\/03\/ambrosia-kuivtoit-koerale-lamb-salmon.jpg\",\"contentUrl\":\"https:\/\/miumjau.ee\/wp-content\/uploads\/2025\/03\/ambrosia-kuivtoit-koerale-lamb-salmon.jpg\",\"width\":600,\"height\":800},{\"@type\":\"BreadcrumbList\",\"@id\":\"https:\/\/miumjau.ee\/lv\/produkts\/ambrosia-bezgraudu-sausa-sunu-bariba-ar-jeru-un-lasi-12-kg\/#breadcrumb\",\"itemListElement\":[{\"@type\":\"ListItem\",\"position\":1,\"name\":\"Home\",\"item\":\"https:\/\/miumjau.ee\/lv\/\"},{\"@type\":\"ListItem\",\"position\":2,\"name\":\"Veikals\",\"item\":\"https:\/\/miumjau.ee\/lv\/veikals\/\"},{\"@type\":\"ListItem\",\"position\":3,\"name\":\"Ambrosia bezgraudu saus\u0101 su\u0146u bar\u012bba ar j\u0113ru un lasi 12 kg\"}]},{\"@type\":\"WebSite\",\"@id\":\"https:\/\/miumjau.ee\/#website\",\"url\":\"https:\/\/miumjau.ee\/\",\"name\":\"MiuMjau\",\"description\":\"Kraapimispuud kassidele\",\"publisher\":{\"@id\":\"https:\/\/miumjau.ee\/#organization\"},\"potentialAction\":[{\"@type\":\"SearchAction\",\"target\":{\"@type\":\"EntryPoint\",\"urlTemplate\":\"https:\/\/miumjau.ee\/?s={search_term_string}\"},\"query-input\":{\"@type\":\"PropertyValueSpecification\",\"valueRequired\":true,\"valueName\":\"search_term_string\"}}],\"inLanguage\":\"lv-LV\"},{\"@type\":\"Organization\",\"@id\":\"https:\/\/miumjau.ee\/#organization\",\"name\":\"MiuMjau O\u00dc\",\"url\":\"https:\/\/miumjau.ee\/\",\"logo\":{\"@type\":\"ImageObject\",\"inLanguage\":\"lv-LV\",\"@id\":\"https:\/\/miumjau.ee\/#\/schema\/logo\/image\/\",\"url\":\"https:\/\/miumjau.ee\/wp-content\/uploads\/2022\/04\/MiuMjau-logo-kollane.png\",\"contentUrl\":\"https:\/\/miumjau.ee\/wp-content\/uploads\/2022\/04\/MiuMjau-logo-kollane.png\",\"width\":219,\"height\":100,\"caption\":\"MiuMjau O\u00dc\"},\"image\":{\"@id\":\"https:\/\/miumjau.ee\/#\/schema\/logo\/image\/\"},\"sameAs\":[\"https:\/\/www.facebook.com\/miumjaupood\/\"]}]}<\/script>\n<!-- \/ Yoast SEO plugin. -->","yoast_head_json":{"title":"Ambrosia bezgraudu saus\u0101 su\u0146u bar\u012bba ar j\u0113ru un lasi 12 kg - MiuMjau","description":"Ambrosia ir garda, ar lielisk\u0101m sast\u0101vda\u013c\u0101m un bez graudiem. Pla\u0161a da\u017e\u0101du gar\u0161u izv\u0113le - n\u0101c un atrodi sava su\u0146a iecien\u012bt\u0101ko!","robots":{"index":"index","follow":"follow","max-snippet":"max-snippet:-1","max-image-preview":"max-image-preview:large","max-video-preview":"max-video-preview:-1"},"canonical":"https:\/\/miumjau.ee\/lv\/produkts\/ambrosia-bezgraudu-sausa-sunu-bariba-ar-jeru-un-lasi-12-kg\/","og_locale":"lv_LV","og_type":"article","og_title":"Ambrosia bezgraudu saus\u0101 su\u0146u bar\u012bba ar j\u0113ru un lasi 12 kg - MiuMjau","og_description":"Ambrosia ir garda, ar lielisk\u0101m sast\u0101vda\u013c\u0101m un bez graudiem. Pla\u0161a da\u017e\u0101du gar\u0161u izv\u0113le - n\u0101c un atrodi sava su\u0146a iecien\u012bt\u0101ko!","og_url":"https:\/\/miumjau.ee\/lv\/produkts\/ambrosia-bezgraudu-sausa-sunu-bariba-ar-jeru-un-lasi-12-kg\/","og_site_name":"MiuMjau","article_publisher":"https:\/\/www.facebook.com\/miumjaupood\/","article_modified_time":"2026-01-07T19:12:51+00:00","og_image":[{"width":600,"height":800,"url":"https:\/\/miumjau.ee\/wp-content\/uploads\/2025\/03\/ambrosia-kuivtoit-koerale-lamb-salmon.jpg","type":"image\/jpeg"}],"twitter_card":"summary_large_image","schema":{"@context":"https:\/\/schema.org","@graph":[{"@type":"WebPage","@id":"https:\/\/miumjau.ee\/lv\/produkts\/ambrosia-bezgraudu-sausa-sunu-bariba-ar-jeru-un-lasi-12-kg\/","url":"https:\/\/miumjau.ee\/lv\/produkts\/ambrosia-bezgraudu-sausa-sunu-bariba-ar-jeru-un-lasi-12-kg\/","name":"Ambrosia bezgraudu saus\u0101 su\u0146u bar\u012bba ar j\u0113ru un lasi 12 kg - MiuMjau","isPartOf":{"@id":"https:\/\/miumjau.ee\/#website"},"primaryImageOfPage":{"@id":"https:\/\/miumjau.ee\/lv\/produkts\/ambrosia-bezgraudu-sausa-sunu-bariba-ar-jeru-un-lasi-12-kg\/#primaryimage"},"image":{"@id":"https:\/\/miumjau.ee\/lv\/produkts\/ambrosia-bezgraudu-sausa-sunu-bariba-ar-jeru-un-lasi-12-kg\/#primaryimage"},"thumbnailUrl":"https:\/\/miumjau.ee\/wp-content\/uploads\/2025\/03\/ambrosia-kuivtoit-koerale-lamb-salmon.jpg","datePublished":"2025-04-07T10:45:52+00:00","dateModified":"2026-01-07T19:12:51+00:00","description":"Ambrosia ir garda, ar lielisk\u0101m sast\u0101vda\u013c\u0101m un bez graudiem. Pla\u0161a da\u017e\u0101du gar\u0161u izv\u0113le - n\u0101c un atrodi sava su\u0146a iecien\u012bt\u0101ko!","breadcrumb":{"@id":"https:\/\/miumjau.ee\/lv\/produkts\/ambrosia-bezgraudu-sausa-sunu-bariba-ar-jeru-un-lasi-12-kg\/#breadcrumb"},"inLanguage":"lv-LV","potentialAction":[{"@type":"ReadAction","target":["https:\/\/miumjau.ee\/lv\/produkts\/ambrosia-bezgraudu-sausa-sunu-bariba-ar-jeru-un-lasi-12-kg\/"]}]},{"@type":"ImageObject","inLanguage":"lv-LV","@id":"https:\/\/miumjau.ee\/lv\/produkts\/ambrosia-bezgraudu-sausa-sunu-bariba-ar-jeru-un-lasi-12-kg\/#primaryimage","url":"https:\/\/miumjau.ee\/wp-content\/uploads\/2025\/03\/ambrosia-kuivtoit-koerale-lamb-salmon.jpg","contentUrl":"https:\/\/miumjau.ee\/wp-content\/uploads\/2025\/03\/ambrosia-kuivtoit-koerale-lamb-salmon.jpg","width":600,"height":800},{"@type":"BreadcrumbList","@id":"https:\/\/miumjau.ee\/lv\/produkts\/ambrosia-bezgraudu-sausa-sunu-bariba-ar-jeru-un-lasi-12-kg\/#breadcrumb","itemListElement":[{"@type":"ListItem","position":1,"name":"Home","item":"https:\/\/miumjau.ee\/lv\/"},{"@type":"ListItem","position":2,"name":"Veikals","item":"https:\/\/miumjau.ee\/lv\/veikals\/"},{"@type":"ListItem","position":3,"name":"Ambrosia bezgraudu saus\u0101 su\u0146u bar\u012bba ar j\u0113ru un lasi 12 kg"}]},{"@type":"WebSite","@id":"https:\/\/miumjau.ee\/#website","url":"https:\/\/miumjau.ee\/","name":"MiuMjau","description":"Kraapimispuud kassidele","publisher":{"@id":"https:\/\/miumjau.ee\/#organization"},"potentialAction":[{"@type":"SearchAction","target":{"@type":"EntryPoint","urlTemplate":"https:\/\/miumjau.ee\/?s={search_term_string}"},"query-input":{"@type":"PropertyValueSpecification","valueRequired":true,"valueName":"search_term_string"}}],"inLanguage":"lv-LV"},{"@type":"Organization","@id":"https:\/\/miumjau.ee\/#organization","name":"MiuMjau O\u00dc","url":"https:\/\/miumjau.ee\/","logo":{"@type":"ImageObject","inLanguage":"lv-LV","@id":"https:\/\/miumjau.ee\/#\/schema\/logo\/image\/","url":"https:\/\/miumjau.ee\/wp-content\/uploads\/2022\/04\/MiuMjau-logo-kollane.png","contentUrl":"https:\/\/miumjau.ee\/wp-content\/uploads\/2022\/04\/MiuMjau-logo-kollane.png","width":219,"height":100,"caption":"MiuMjau O\u00dc"},"image":{"@id":"https:\/\/miumjau.ee\/#\/schema\/logo\/image\/"},"sameAs":["https:\/\/www.facebook.com\/miumjaupood\/"]}]}},"_links":{"self":[{"href":"https:\/\/miumjau.ee\/lv\/wp-json\/wp\/v2\/product\/50971","targetHints":{"allow":["GET"]}}],"collection":[{"href":"https:\/\/miumjau.ee\/lv\/wp-json\/wp\/v2\/product"}],"about":[{"href":"https:\/\/miumjau.ee\/lv\/wp-json\/wp\/v2\/types\/product"}],"wp:featuredmedia":[{"embeddable":true,"href":"https:\/\/miumjau.ee\/lv\/wp-json\/wp\/v2\/media\/50972"}],"wp:attachment":[{"href":"https:\/\/miumjau.ee\/lv\/wp-json\/wp\/v2\/media?parent=50971"}],"wp:term":[{"taxonomy":"product_brand","embeddable":true,"href":"https:\/\/miumjau.ee\/lv\/wp-json\/wp\/v2\/product_brand?post=50971"},{"taxonomy":"product_cat","embeddable":true,"href":"https:\/\/miumjau.ee\/lv\/wp-json\/wp\/v2\/product_cat?post=50971"},{"taxonomy":"product_tag","embeddable":true,"href":"https:\/\/miumjau.ee\/lv\/wp-json\/wp\/v2\/product_tag?post=50971"}],"curies":[{"name":"wp","href":"https:\/\/api.w.org\/{rel}","templated":true}]}}