{"id":50970,"date":"2025-04-07T13:48:47","date_gmt":"2025-04-07T10:48:47","guid":{"rendered":"https:\/\/miumjau.ee\/toode\/ambrosia-bezgraudu-bariba-senioriem-ar-titaru-un-lasi-12-kg\/"},"modified":"2026-01-07T21:12:51","modified_gmt":"2026-01-07T19:12:51","slug":"ambrosia-bezgraudu-bariba-senioriem-ar-titaru-un-lasi-12-kg","status":"publish","type":"product","link":"https:\/\/miumjau.ee\/lv\/produkts\/ambrosia-bezgraudu-bariba-senioriem-ar-titaru-un-lasi-12-kg\/","title":{"rendered":"Ambrosia bezgraudu bar\u012bba senioriem ar t\u012btaru un lasi 12 kg"},"content":{"rendered":"","protected":false},"excerpt":{"rendered":"<p>Ambrosia Fresh Turkey &amp; Salmon \u2013 l\u012bdzsvarots receptes variants vec\u0101kiem, steriliz\u0113tiem un liek\u0101 svara su\u0146iem!<\/p>\n<p>Svaigs t\u012btaras filejas un lasis nodro\u0161ina kvalitat\u012bvu un viegli sagremojamu prote\u012bnu, savuk\u0101rt optimiz\u0113ts tauku saturs un zems kaloriju l\u012bmenis pal\u012bdz uztur\u0113t vesel\u012bgu \u0137erme\u0146a svaru. Recept\u0113 ietvert\u0101s pre- un probiotikas atbalsta gremo\u0161anu un stiprina im\u016bnsist\u0113mu. Hondroit\u012bns un glikozam\u012bns aizsarg\u0101 loc\u012btavas, L-karnit\u012bns un taur\u012bns atbalsta sirds un musku\u013cu vesel\u012bbu, k\u0101 ar\u012b vielmai\u0146u.<\/p>\n<p><strong>Speci\u0101la formula vec\u0101kiem su\u0146iem \u2013 vesel\u012bba katr\u0101 kumos\u0101!<\/strong><br \/>\n\ud83d\udc1f Viegls gremo\u0161anas process \u2013 ide\u0101li piem\u0113rots su\u0146iem ar jut\u012bgu v\u0113deru<br \/>\n\ud83e\uddb4 Glikozam\u012bns un hondroit\u012bns \u2013 loc\u012btavu atbalstam noveco\u0161an\u0101s laik\u0101<br \/>\n\ud83d\udcaa L-karnit\u012bns \u2013 pal\u012bdz saglab\u0101t musku\u013cu masu un atbalsta vielmai\u0146u<br \/>\n\ud83e\udda0 Pre- un probiotikas \u2013 papildu atbalsts gremo\u0161anai un imunit\u0101tei<\/p>\n<p><strong>Dab\u012bgi super\u0113dieni vesel\u012bbai!<\/strong><br \/>\n\ud83e\udd66 Broko\u013ci \u2013 pretiekaisuma iedarb\u012bba, noder\u012bgi ac\u012bm un sirdij<br \/>\n\ud83e\udd6c Spin\u0101ti \u2013 antioksidantu avots, pal\u012bdz regul\u0113t asinsspiedienu<br \/>\n\ud83c\udf45 Tom\u0101ti \u2013 bag\u0101ti ar vitam\u012bniem, atbalsta im\u016bnsist\u0113mu<br \/>\n\ud83c\udf52 Dz\u0113rvenes \u2013 atbalsta ur\u012bnce\u013cu un sirds vesel\u012bbu<br \/>\n\ud83e\uded0 Mellenes \u2013 uztur kaulus stiprus un pr\u0101tu asu<\/p>\n<p><strong>Sast\u0101vs:<\/strong> Putnu ga\u013ca (30%, taj\u0101 skait\u0101 svaigs bezkaulu t\u012btaras fileja 15%, kalt\u0113ts vistas prote\u012bns 15%), kartupe\u013ci, za\u013cie zirn\u012b\u0161i, dal\u012btie zirn\u012b\u0161i, hidroliz\u0113ts dz\u012bvnieku prote\u012bns (9%), dz\u012bvnieku tauki (6%), kalt\u0113ts la\u0161a prote\u012bns (4%), bie\u0161u masa, lins\u0113klas, cikorija (dabisks FOS un inul\u012bna avots), miner\u0101li, alus raugs, rauga ekstrakts (MOS un beta-glik\u0101nu avots), kalt\u0113ti broko\u013ci, spin\u0101ti, tom\u0101ti, dz\u0113rvenes, mellenes, augu ekstrakti (rozmar\u012bns, v\u012bnogu kauli\u0146i, kurkuma, citrusaug\u013ci, krustnagli\u0146as).<\/p>\n<p><strong>Piedevas (kg):<\/strong> Vitam\u012bns A \u2013 14 000 IU, Vitam\u012bns D3 \u2013 1 000 IU, Vitam\u012bns E \u2013 150 mg, Taur\u012bns \u2013 1 500 mg, L-karnit\u012bns \u2013 50 mg<\/p>\n<p><strong>Anal\u012btisk\u0101s sast\u0101vda\u013cas:<\/strong> Kopprote\u012bns 27%, koptauki 12,5%, Omega-3 tauksk\u0101bes 0,4%, Omega-6 tauksk\u0101bes 1,7%, kop\u0161\u0137iedra 3%, koppeleki 6,5%, mitrums 9%, kalcijs 1%, fosfors 0,7%<\/p>\n<p><strong>Metaboliz\u0113jam\u0101 ener\u0123ija:<\/strong> 3 240 kcal\/kg<\/p>\n<p>\ud83d\udc99 Ambrosia Fresh Turkey &amp; Salmon \u2013 ide\u0101la un vesel\u012bga izv\u0113le tava su\u0146a zelta gadiem!<\/p>\n","protected":false},"featured_media":50969,"template":"","meta":[],"product_brand":[],"product_cat":[575],"product_tag":[],"class_list":{"0":"post-50970","1":"product","2":"type-product","3":"status-publish","4":"has-post-thumbnail","6":"product_cat-sausa-bariba-suniem","8":"first","9":"instock","10":"sale","11":"taxable","12":"shipping-taxable","13":"purchasable","14":"product-type-simple"},"yoast_head":"<!-- This site is optimized with the Yoast SEO plugin v27.2 - https:\/\/yoast.com\/product\/yoast-seo-wordpress\/ -->\n<title>Ambrosia bezgraudu bar\u012bba senioriem ar t\u012btaru un lasi 12 kg - MiuMjau<\/title>\n<meta name=\"description\" content=\"Ambrosia ir garda, ar lielisk\u0101m sast\u0101vda\u013c\u0101m un bez graudiem. Pla\u0161a da\u017e\u0101du gar\u0161u izv\u0113le - n\u0101c un atrodi sava su\u0146a iecien\u012bt\u0101ko!\" \/>\n<meta name=\"robots\" content=\"index, follow, max-snippet:-1, max-image-preview:large, max-video-preview:-1\" \/>\n<link rel=\"canonical\" href=\"https:\/\/miumjau.ee\/lv\/produkts\/ambrosia-bezgraudu-bariba-senioriem-ar-titaru-un-lasi-12-kg\/\" \/>\n<meta property=\"og:locale\" content=\"lv_LV\" \/>\n<meta property=\"og:type\" content=\"article\" \/>\n<meta property=\"og:title\" content=\"Ambrosia bezgraudu bar\u012bba senioriem ar t\u012btaru un lasi 12 kg - MiuMjau\" \/>\n<meta property=\"og:description\" content=\"Ambrosia ir garda, ar lielisk\u0101m sast\u0101vda\u013c\u0101m un bez graudiem. Pla\u0161a da\u017e\u0101du gar\u0161u izv\u0113le - n\u0101c un atrodi sava su\u0146a iecien\u012bt\u0101ko!\" \/>\n<meta property=\"og:url\" content=\"https:\/\/miumjau.ee\/lv\/produkts\/ambrosia-bezgraudu-bariba-senioriem-ar-titaru-un-lasi-12-kg\/\" \/>\n<meta property=\"og:site_name\" content=\"MiuMjau\" \/>\n<meta property=\"article:publisher\" content=\"https:\/\/www.facebook.com\/miumjaupood\/\" \/>\n<meta property=\"article:modified_time\" content=\"2026-01-07T19:12:51+00:00\" \/>\n<meta property=\"og:image\" content=\"https:\/\/miumjau.ee\/wp-content\/uploads\/2025\/04\/ambrosia-senior-turkey-salmon1-Photoroom.webp\" \/>\n\t<meta property=\"og:image:width\" content=\"600\" \/>\n\t<meta property=\"og:image:height\" content=\"800\" \/>\n\t<meta property=\"og:image:type\" content=\"image\/webp\" \/>\n<meta name=\"twitter:card\" content=\"summary_large_image\" \/>\n<script type=\"application\/ld+json\" class=\"yoast-schema-graph\">{\"@context\":\"https:\/\/schema.org\",\"@graph\":[{\"@type\":\"WebPage\",\"@id\":\"https:\/\/miumjau.ee\/lv\/produkts\/ambrosia-bezgraudu-bariba-senioriem-ar-titaru-un-lasi-12-kg\/\",\"url\":\"https:\/\/miumjau.ee\/lv\/produkts\/ambrosia-bezgraudu-bariba-senioriem-ar-titaru-un-lasi-12-kg\/\",\"name\":\"Ambrosia bezgraudu bar\u012bba senioriem ar t\u012btaru un lasi 12 kg - MiuMjau\",\"isPartOf\":{\"@id\":\"https:\/\/miumjau.ee\/#website\"},\"primaryImageOfPage\":{\"@id\":\"https:\/\/miumjau.ee\/lv\/produkts\/ambrosia-bezgraudu-bariba-senioriem-ar-titaru-un-lasi-12-kg\/#primaryimage\"},\"image\":{\"@id\":\"https:\/\/miumjau.ee\/lv\/produkts\/ambrosia-bezgraudu-bariba-senioriem-ar-titaru-un-lasi-12-kg\/#primaryimage\"},\"thumbnailUrl\":\"https:\/\/miumjau.ee\/wp-content\/uploads\/2025\/04\/ambrosia-senior-turkey-salmon1-Photoroom.webp\",\"datePublished\":\"2025-04-07T10:48:47+00:00\",\"dateModified\":\"2026-01-07T19:12:51+00:00\",\"description\":\"Ambrosia ir garda, ar lielisk\u0101m sast\u0101vda\u013c\u0101m un bez graudiem. Pla\u0161a da\u017e\u0101du gar\u0161u izv\u0113le - n\u0101c un atrodi sava su\u0146a iecien\u012bt\u0101ko!\",\"breadcrumb\":{\"@id\":\"https:\/\/miumjau.ee\/lv\/produkts\/ambrosia-bezgraudu-bariba-senioriem-ar-titaru-un-lasi-12-kg\/#breadcrumb\"},\"inLanguage\":\"lv-LV\",\"potentialAction\":[{\"@type\":\"ReadAction\",\"target\":[\"https:\/\/miumjau.ee\/lv\/produkts\/ambrosia-bezgraudu-bariba-senioriem-ar-titaru-un-lasi-12-kg\/\"]}]},{\"@type\":\"ImageObject\",\"inLanguage\":\"lv-LV\",\"@id\":\"https:\/\/miumjau.ee\/lv\/produkts\/ambrosia-bezgraudu-bariba-senioriem-ar-titaru-un-lasi-12-kg\/#primaryimage\",\"url\":\"https:\/\/miumjau.ee\/wp-content\/uploads\/2025\/04\/ambrosia-senior-turkey-salmon1-Photoroom.webp\",\"contentUrl\":\"https:\/\/miumjau.ee\/wp-content\/uploads\/2025\/04\/ambrosia-senior-turkey-salmon1-Photoroom.webp\",\"width\":600,\"height\":800},{\"@type\":\"BreadcrumbList\",\"@id\":\"https:\/\/miumjau.ee\/lv\/produkts\/ambrosia-bezgraudu-bariba-senioriem-ar-titaru-un-lasi-12-kg\/#breadcrumb\",\"itemListElement\":[{\"@type\":\"ListItem\",\"position\":1,\"name\":\"Home\",\"item\":\"https:\/\/miumjau.ee\/lv\/\"},{\"@type\":\"ListItem\",\"position\":2,\"name\":\"Veikals\",\"item\":\"https:\/\/miumjau.ee\/lv\/veikals\/\"},{\"@type\":\"ListItem\",\"position\":3,\"name\":\"Ambrosia bezgraudu bar\u012bba senioriem ar t\u012btaru un lasi 12 kg\"}]},{\"@type\":\"WebSite\",\"@id\":\"https:\/\/miumjau.ee\/#website\",\"url\":\"https:\/\/miumjau.ee\/\",\"name\":\"MiuMjau\",\"description\":\"Kraapimispuud kassidele\",\"publisher\":{\"@id\":\"https:\/\/miumjau.ee\/#organization\"},\"potentialAction\":[{\"@type\":\"SearchAction\",\"target\":{\"@type\":\"EntryPoint\",\"urlTemplate\":\"https:\/\/miumjau.ee\/?s={search_term_string}\"},\"query-input\":{\"@type\":\"PropertyValueSpecification\",\"valueRequired\":true,\"valueName\":\"search_term_string\"}}],\"inLanguage\":\"lv-LV\"},{\"@type\":\"Organization\",\"@id\":\"https:\/\/miumjau.ee\/#organization\",\"name\":\"MiuMjau O\u00dc\",\"url\":\"https:\/\/miumjau.ee\/\",\"logo\":{\"@type\":\"ImageObject\",\"inLanguage\":\"lv-LV\",\"@id\":\"https:\/\/miumjau.ee\/#\/schema\/logo\/image\/\",\"url\":\"https:\/\/miumjau.ee\/wp-content\/uploads\/2022\/04\/MiuMjau-logo-kollane.png\",\"contentUrl\":\"https:\/\/miumjau.ee\/wp-content\/uploads\/2022\/04\/MiuMjau-logo-kollane.png\",\"width\":219,\"height\":100,\"caption\":\"MiuMjau O\u00dc\"},\"image\":{\"@id\":\"https:\/\/miumjau.ee\/#\/schema\/logo\/image\/\"},\"sameAs\":[\"https:\/\/www.facebook.com\/miumjaupood\/\"]}]}<\/script>\n<!-- \/ Yoast SEO plugin. -->","yoast_head_json":{"title":"Ambrosia bezgraudu bar\u012bba senioriem ar t\u012btaru un lasi 12 kg - MiuMjau","description":"Ambrosia ir garda, ar lielisk\u0101m sast\u0101vda\u013c\u0101m un bez graudiem. Pla\u0161a da\u017e\u0101du gar\u0161u izv\u0113le - n\u0101c un atrodi sava su\u0146a iecien\u012bt\u0101ko!","robots":{"index":"index","follow":"follow","max-snippet":"max-snippet:-1","max-image-preview":"max-image-preview:large","max-video-preview":"max-video-preview:-1"},"canonical":"https:\/\/miumjau.ee\/lv\/produkts\/ambrosia-bezgraudu-bariba-senioriem-ar-titaru-un-lasi-12-kg\/","og_locale":"lv_LV","og_type":"article","og_title":"Ambrosia bezgraudu bar\u012bba senioriem ar t\u012btaru un lasi 12 kg - MiuMjau","og_description":"Ambrosia ir garda, ar lielisk\u0101m sast\u0101vda\u013c\u0101m un bez graudiem. Pla\u0161a da\u017e\u0101du gar\u0161u izv\u0113le - n\u0101c un atrodi sava su\u0146a iecien\u012bt\u0101ko!","og_url":"https:\/\/miumjau.ee\/lv\/produkts\/ambrosia-bezgraudu-bariba-senioriem-ar-titaru-un-lasi-12-kg\/","og_site_name":"MiuMjau","article_publisher":"https:\/\/www.facebook.com\/miumjaupood\/","article_modified_time":"2026-01-07T19:12:51+00:00","og_image":[{"width":600,"height":800,"url":"https:\/\/miumjau.ee\/wp-content\/uploads\/2025\/04\/ambrosia-senior-turkey-salmon1-Photoroom.webp","type":"image\/webp"}],"twitter_card":"summary_large_image","schema":{"@context":"https:\/\/schema.org","@graph":[{"@type":"WebPage","@id":"https:\/\/miumjau.ee\/lv\/produkts\/ambrosia-bezgraudu-bariba-senioriem-ar-titaru-un-lasi-12-kg\/","url":"https:\/\/miumjau.ee\/lv\/produkts\/ambrosia-bezgraudu-bariba-senioriem-ar-titaru-un-lasi-12-kg\/","name":"Ambrosia bezgraudu bar\u012bba senioriem ar t\u012btaru un lasi 12 kg - MiuMjau","isPartOf":{"@id":"https:\/\/miumjau.ee\/#website"},"primaryImageOfPage":{"@id":"https:\/\/miumjau.ee\/lv\/produkts\/ambrosia-bezgraudu-bariba-senioriem-ar-titaru-un-lasi-12-kg\/#primaryimage"},"image":{"@id":"https:\/\/miumjau.ee\/lv\/produkts\/ambrosia-bezgraudu-bariba-senioriem-ar-titaru-un-lasi-12-kg\/#primaryimage"},"thumbnailUrl":"https:\/\/miumjau.ee\/wp-content\/uploads\/2025\/04\/ambrosia-senior-turkey-salmon1-Photoroom.webp","datePublished":"2025-04-07T10:48:47+00:00","dateModified":"2026-01-07T19:12:51+00:00","description":"Ambrosia ir garda, ar lielisk\u0101m sast\u0101vda\u013c\u0101m un bez graudiem. Pla\u0161a da\u017e\u0101du gar\u0161u izv\u0113le - n\u0101c un atrodi sava su\u0146a iecien\u012bt\u0101ko!","breadcrumb":{"@id":"https:\/\/miumjau.ee\/lv\/produkts\/ambrosia-bezgraudu-bariba-senioriem-ar-titaru-un-lasi-12-kg\/#breadcrumb"},"inLanguage":"lv-LV","potentialAction":[{"@type":"ReadAction","target":["https:\/\/miumjau.ee\/lv\/produkts\/ambrosia-bezgraudu-bariba-senioriem-ar-titaru-un-lasi-12-kg\/"]}]},{"@type":"ImageObject","inLanguage":"lv-LV","@id":"https:\/\/miumjau.ee\/lv\/produkts\/ambrosia-bezgraudu-bariba-senioriem-ar-titaru-un-lasi-12-kg\/#primaryimage","url":"https:\/\/miumjau.ee\/wp-content\/uploads\/2025\/04\/ambrosia-senior-turkey-salmon1-Photoroom.webp","contentUrl":"https:\/\/miumjau.ee\/wp-content\/uploads\/2025\/04\/ambrosia-senior-turkey-salmon1-Photoroom.webp","width":600,"height":800},{"@type":"BreadcrumbList","@id":"https:\/\/miumjau.ee\/lv\/produkts\/ambrosia-bezgraudu-bariba-senioriem-ar-titaru-un-lasi-12-kg\/#breadcrumb","itemListElement":[{"@type":"ListItem","position":1,"name":"Home","item":"https:\/\/miumjau.ee\/lv\/"},{"@type":"ListItem","position":2,"name":"Veikals","item":"https:\/\/miumjau.ee\/lv\/veikals\/"},{"@type":"ListItem","position":3,"name":"Ambrosia bezgraudu bar\u012bba senioriem ar t\u012btaru un lasi 12 kg"}]},{"@type":"WebSite","@id":"https:\/\/miumjau.ee\/#website","url":"https:\/\/miumjau.ee\/","name":"MiuMjau","description":"Kraapimispuud kassidele","publisher":{"@id":"https:\/\/miumjau.ee\/#organization"},"potentialAction":[{"@type":"SearchAction","target":{"@type":"EntryPoint","urlTemplate":"https:\/\/miumjau.ee\/?s={search_term_string}"},"query-input":{"@type":"PropertyValueSpecification","valueRequired":true,"valueName":"search_term_string"}}],"inLanguage":"lv-LV"},{"@type":"Organization","@id":"https:\/\/miumjau.ee\/#organization","name":"MiuMjau O\u00dc","url":"https:\/\/miumjau.ee\/","logo":{"@type":"ImageObject","inLanguage":"lv-LV","@id":"https:\/\/miumjau.ee\/#\/schema\/logo\/image\/","url":"https:\/\/miumjau.ee\/wp-content\/uploads\/2022\/04\/MiuMjau-logo-kollane.png","contentUrl":"https:\/\/miumjau.ee\/wp-content\/uploads\/2022\/04\/MiuMjau-logo-kollane.png","width":219,"height":100,"caption":"MiuMjau O\u00dc"},"image":{"@id":"https:\/\/miumjau.ee\/#\/schema\/logo\/image\/"},"sameAs":["https:\/\/www.facebook.com\/miumjaupood\/"]}]}},"_links":{"self":[{"href":"https:\/\/miumjau.ee\/lv\/wp-json\/wp\/v2\/product\/50970","targetHints":{"allow":["GET"]}}],"collection":[{"href":"https:\/\/miumjau.ee\/lv\/wp-json\/wp\/v2\/product"}],"about":[{"href":"https:\/\/miumjau.ee\/lv\/wp-json\/wp\/v2\/types\/product"}],"wp:featuredmedia":[{"embeddable":true,"href":"https:\/\/miumjau.ee\/lv\/wp-json\/wp\/v2\/media\/50969"}],"wp:attachment":[{"href":"https:\/\/miumjau.ee\/lv\/wp-json\/wp\/v2\/media?parent=50970"}],"wp:term":[{"taxonomy":"product_brand","embeddable":true,"href":"https:\/\/miumjau.ee\/lv\/wp-json\/wp\/v2\/product_brand?post=50970"},{"taxonomy":"product_cat","embeddable":true,"href":"https:\/\/miumjau.ee\/lv\/wp-json\/wp\/v2\/product_cat?post=50970"},{"taxonomy":"product_tag","embeddable":true,"href":"https:\/\/miumjau.ee\/lv\/wp-json\/wp\/v2\/product_tag?post=50970"}],"curies":[{"name":"wp","href":"https:\/\/api.w.org\/{rel}","templated":true}]}}