{"id":50967,"date":"2025-04-07T14:16:02","date_gmt":"2025-04-07T11:16:02","guid":{"rendered":"https:\/\/miumjau.ee\/toode\/ambrosia-bezgraudu-sunu-bariba-ar-titaru-un-pili-2-kg\/"},"modified":"2026-01-07T21:12:59","modified_gmt":"2026-01-07T19:12:59","slug":"ambrosia-bezgraudu-sunu-bariba-ar-titaru-un-pili-2-kg","status":"publish","type":"product","link":"https:\/\/miumjau.ee\/lv\/produkts\/ambrosia-bezgraudu-sunu-bariba-ar-titaru-un-pili-2-kg\/","title":{"rendered":"Ambrosia bezgraudu su\u0146u bar\u012bba ar t\u012btaru un p\u012bli 2 kg"},"content":{"rendered":"","protected":false},"excerpt":{"rendered":"<p>Ambrosia Fresh Turkey &amp; Duck \u2013 pilnv\u0113rt\u012bga bar\u012bba vis\u0101m su\u0146u \u0161\u0137irn\u0113m ar divu putnu prote\u012bna avotu!<\/p>\n<p>Svaigs t\u012btaras filejas un kalt\u0113tas p\u012bles kombin\u0101cija nodro\u0161ina augstas kvalit\u0101tes dz\u012bvnieku prote\u012bnu, piem\u0113rotu ikdienas baro\u0161anai visiem su\u0146iem neatkar\u012bgi no izm\u0113ra vai \u0161\u0137irnes. Recepts bag\u0101tin\u0101ts ar pre- un probiotik\u0101m gremo\u0161anas un imunit\u0101tes atbalstam, glikozam\u012bnu un hondroit\u012bnu loc\u012btavu vesel\u012bbai, k\u0101 ar\u012b taur\u012bnu un L-karnit\u012bnu sirds un musku\u013cu stiprin\u0101\u0161anai.<\/p>\n<p>Vid\u0113ja izm\u0113ra graudi \u2013 ide\u0101li piem\u0113roti su\u0146iem vis\u0101s izm\u0113ra grup\u0101s!<\/p>\n<p><strong>Divu putnu \u012bpa\u0161ais receptes l\u012bdzsvars \u2013 katr\u0101 kumos\u0101!<\/strong><br \/>\n\ud83c\udf57 Divi kvalitat\u012bvi prote\u012bna avoti \u2013 t\u012btaras un p\u012ble<br \/>\n\ud83e\udda0 Pre- un probiotikas \u2013 gremo\u0161anas un imunit\u0101tes atbalstam<br \/>\n\ud83e\uddb4 Glikozam\u012bns &amp; hondroit\u012bns \u2013 loc\u012btavu mobilit\u0101tes atbalstam<br \/>\n\ud83d\udc93 Taur\u012bns &amp; L-karnit\u012bns \u2013 sirds un musku\u013cu darb\u012bbas atbalstam<\/p>\n<p><strong>Dabiski super\u0113dieni su\u0146a labkl\u0101j\u012bbai!<\/strong><br \/>\n\ud83e\udd66 Broko\u013ci \u2013 pretiekaisuma iedarb\u012bba, aizsarg\u0101 redzi<br \/>\n\ud83e\udd6c Spin\u0101ti \u2013 antioksidantu avots, atbalsta asins spiediena l\u012bdzsvaru<br \/>\n\ud83c\udf52 Dz\u0113rvenes \u2013 stiprina sirds vesel\u012bbu un gremo\u0161anu<br \/>\n\ud83e\uded0 Mellenes \u2013 pal\u012bdz uztur\u0113t smadzenes akt\u012bvas un kaulus stiprus<\/p>\n<p><strong>Sast\u0101vs:<\/strong> Putnu ga\u013ca (35%, taj\u0101 skait\u0101 svaigs bezkaulu t\u012btaras fileja 15%, kalt\u0113ta putnu ga\u013ca 20%), dz\u012bvnieku tauki (putnu izcelsmes, 13%), za\u013cie zirn\u012b\u0161i (10%), dal\u012btie zirn\u012b\u0161i (10%), kartupe\u013cu ciete, hidroliz\u0113ts vistas prote\u012bns (10%), kalt\u0113ta p\u012ble (4%), lins\u0113klas, kalt\u0113ta bie\u0161u masa, miner\u0101li, cikorija (dabisks FOS un inul\u012bna avots), alus raugs, la\u0161a e\u013c\u013ca, MOS &amp; beta-glik\u0101ni, kalt\u0113ti broko\u013ci, spin\u0101ti, dz\u0113rvenes, mellenes, glikozam\u012bna hidrohlor\u012bds (300 mg\/kg), hondroit\u012bns (300 mg\/kg), augu ekstrakti (rozmar\u012bns, v\u012bnogu kauli\u0146i, kurkuma, citrusaug\u013ci, krustnagli\u0146as).<\/p>\n<p><strong>Piedevas (kg):<\/strong> Vitam\u012bns A \u2013 14 000 IU, Vitam\u012bns D3 \u2013 1 350 IU, Vitam\u012bns E \u2013 400 mg, Taur\u012bns \u2013 1 000 mg, L-karnit\u012bns \u2013 50 mg<\/p>\n<p><strong>Anal\u012btisk\u0101s sast\u0101vda\u013cas:<\/strong> Kopprote\u012bns 30%, koptauki 20%, Omega-3 tauksk\u0101bes 0,8%, Omega-6 tauksk\u0101bes 2,7%, kop\u0161\u0137iedra 2,5%, koppeleki 7,5%, mitrums 9%, kalcijs 1,5%, fosfors 0,9%<\/p>\n<p><strong>Metaboliz\u0113jam\u0101 ener\u0123ija:<\/strong> 4 020 kcal\/kg<\/p>\n<p>\ud83d\udc99 Ambrosia Fresh Turkey &amp; Duck \u2013 bez graudiem, gar\u0161\u012bga un barojo\u0161a izv\u0113le visiem pieaugu\u0161ajiem su\u0146iem!<\/p>\n","protected":false},"featured_media":50966,"template":"","meta":[],"product_brand":[],"product_cat":[575],"product_tag":[],"class_list":{"0":"post-50967","1":"product","2":"type-product","3":"status-publish","4":"has-post-thumbnail","6":"product_cat-sausa-bariba-suniem","8":"first","9":"outofstock","10":"taxable","11":"shipping-taxable","12":"purchasable","13":"product-type-simple"},"yoast_head":"<!-- This site is optimized with the Yoast SEO plugin v27.2 - https:\/\/yoast.com\/product\/yoast-seo-wordpress\/ -->\n<title>Ambrosia bezgraudu su\u0146u bar\u012bba ar t\u012btaru un p\u012bli 2 kg - MiuMjau<\/title>\n<meta name=\"description\" content=\"Ambrosia ir garda, ar lielisk\u0101m sast\u0101vda\u013c\u0101m un bez graudiem. Pla\u0161a da\u017e\u0101du gar\u0161u izv\u0113le - n\u0101c un atrodi sava su\u0146a iecien\u012bt\u0101ko!\" \/>\n<meta name=\"robots\" content=\"index, follow, max-snippet:-1, max-image-preview:large, max-video-preview:-1\" \/>\n<link rel=\"canonical\" href=\"https:\/\/miumjau.ee\/lv\/produkts\/ambrosia-bezgraudu-sunu-bariba-ar-titaru-un-pili-2-kg\/\" \/>\n<meta property=\"og:locale\" content=\"lv_LV\" \/>\n<meta property=\"og:type\" content=\"article\" \/>\n<meta property=\"og:title\" content=\"Ambrosia bezgraudu su\u0146u bar\u012bba ar t\u012btaru un p\u012bli 2 kg - MiuMjau\" \/>\n<meta property=\"og:description\" content=\"Ambrosia ir garda, ar lielisk\u0101m sast\u0101vda\u013c\u0101m un bez graudiem. Pla\u0161a da\u017e\u0101du gar\u0161u izv\u0113le - n\u0101c un atrodi sava su\u0146a iecien\u012bt\u0101ko!\" \/>\n<meta property=\"og:url\" content=\"https:\/\/miumjau.ee\/lv\/produkts\/ambrosia-bezgraudu-sunu-bariba-ar-titaru-un-pili-2-kg\/\" \/>\n<meta property=\"og:site_name\" content=\"MiuMjau\" \/>\n<meta property=\"article:publisher\" content=\"https:\/\/www.facebook.com\/miumjaupood\/\" \/>\n<meta property=\"article:modified_time\" content=\"2026-01-07T19:12:59+00:00\" \/>\n<meta property=\"og:image\" content=\"https:\/\/miumjau.ee\/wp-content\/uploads\/2025\/04\/ambrosia-adult-turkey-duck-Photoroom.webp\" \/>\n\t<meta property=\"og:image:width\" content=\"600\" \/>\n\t<meta property=\"og:image:height\" content=\"800\" \/>\n\t<meta property=\"og:image:type\" content=\"image\/webp\" \/>\n<meta name=\"twitter:card\" content=\"summary_large_image\" \/>\n<script type=\"application\/ld+json\" class=\"yoast-schema-graph\">{\"@context\":\"https:\/\/schema.org\",\"@graph\":[{\"@type\":\"WebPage\",\"@id\":\"https:\/\/miumjau.ee\/lv\/produkts\/ambrosia-bezgraudu-sunu-bariba-ar-titaru-un-pili-2-kg\/\",\"url\":\"https:\/\/miumjau.ee\/lv\/produkts\/ambrosia-bezgraudu-sunu-bariba-ar-titaru-un-pili-2-kg\/\",\"name\":\"Ambrosia bezgraudu su\u0146u bar\u012bba ar t\u012btaru un p\u012bli 2 kg - MiuMjau\",\"isPartOf\":{\"@id\":\"https:\/\/miumjau.ee\/#website\"},\"primaryImageOfPage\":{\"@id\":\"https:\/\/miumjau.ee\/lv\/produkts\/ambrosia-bezgraudu-sunu-bariba-ar-titaru-un-pili-2-kg\/#primaryimage\"},\"image\":{\"@id\":\"https:\/\/miumjau.ee\/lv\/produkts\/ambrosia-bezgraudu-sunu-bariba-ar-titaru-un-pili-2-kg\/#primaryimage\"},\"thumbnailUrl\":\"https:\/\/miumjau.ee\/wp-content\/uploads\/2025\/04\/ambrosia-adult-turkey-duck-Photoroom.webp\",\"datePublished\":\"2025-04-07T11:16:02+00:00\",\"dateModified\":\"2026-01-07T19:12:59+00:00\",\"description\":\"Ambrosia ir garda, ar lielisk\u0101m sast\u0101vda\u013c\u0101m un bez graudiem. Pla\u0161a da\u017e\u0101du gar\u0161u izv\u0113le - n\u0101c un atrodi sava su\u0146a iecien\u012bt\u0101ko!\",\"breadcrumb\":{\"@id\":\"https:\/\/miumjau.ee\/lv\/produkts\/ambrosia-bezgraudu-sunu-bariba-ar-titaru-un-pili-2-kg\/#breadcrumb\"},\"inLanguage\":\"lv-LV\",\"potentialAction\":[{\"@type\":\"ReadAction\",\"target\":[\"https:\/\/miumjau.ee\/lv\/produkts\/ambrosia-bezgraudu-sunu-bariba-ar-titaru-un-pili-2-kg\/\"]}]},{\"@type\":\"ImageObject\",\"inLanguage\":\"lv-LV\",\"@id\":\"https:\/\/miumjau.ee\/lv\/produkts\/ambrosia-bezgraudu-sunu-bariba-ar-titaru-un-pili-2-kg\/#primaryimage\",\"url\":\"https:\/\/miumjau.ee\/wp-content\/uploads\/2025\/04\/ambrosia-adult-turkey-duck-Photoroom.webp\",\"contentUrl\":\"https:\/\/miumjau.ee\/wp-content\/uploads\/2025\/04\/ambrosia-adult-turkey-duck-Photoroom.webp\",\"width\":600,\"height\":800},{\"@type\":\"BreadcrumbList\",\"@id\":\"https:\/\/miumjau.ee\/lv\/produkts\/ambrosia-bezgraudu-sunu-bariba-ar-titaru-un-pili-2-kg\/#breadcrumb\",\"itemListElement\":[{\"@type\":\"ListItem\",\"position\":1,\"name\":\"Home\",\"item\":\"https:\/\/miumjau.ee\/lv\/\"},{\"@type\":\"ListItem\",\"position\":2,\"name\":\"Veikals\",\"item\":\"https:\/\/miumjau.ee\/lv\/veikals\/\"},{\"@type\":\"ListItem\",\"position\":3,\"name\":\"Ambrosia bezgraudu su\u0146u bar\u012bba ar t\u012btaru un p\u012bli 2 kg\"}]},{\"@type\":\"WebSite\",\"@id\":\"https:\/\/miumjau.ee\/#website\",\"url\":\"https:\/\/miumjau.ee\/\",\"name\":\"MiuMjau\",\"description\":\"Kraapimispuud kassidele\",\"publisher\":{\"@id\":\"https:\/\/miumjau.ee\/#organization\"},\"potentialAction\":[{\"@type\":\"SearchAction\",\"target\":{\"@type\":\"EntryPoint\",\"urlTemplate\":\"https:\/\/miumjau.ee\/?s={search_term_string}\"},\"query-input\":{\"@type\":\"PropertyValueSpecification\",\"valueRequired\":true,\"valueName\":\"search_term_string\"}}],\"inLanguage\":\"lv-LV\"},{\"@type\":\"Organization\",\"@id\":\"https:\/\/miumjau.ee\/#organization\",\"name\":\"MiuMjau O\u00dc\",\"url\":\"https:\/\/miumjau.ee\/\",\"logo\":{\"@type\":\"ImageObject\",\"inLanguage\":\"lv-LV\",\"@id\":\"https:\/\/miumjau.ee\/#\/schema\/logo\/image\/\",\"url\":\"https:\/\/miumjau.ee\/wp-content\/uploads\/2022\/04\/MiuMjau-logo-kollane.png\",\"contentUrl\":\"https:\/\/miumjau.ee\/wp-content\/uploads\/2022\/04\/MiuMjau-logo-kollane.png\",\"width\":219,\"height\":100,\"caption\":\"MiuMjau O\u00dc\"},\"image\":{\"@id\":\"https:\/\/miumjau.ee\/#\/schema\/logo\/image\/\"},\"sameAs\":[\"https:\/\/www.facebook.com\/miumjaupood\/\"]}]}<\/script>\n<!-- \/ Yoast SEO plugin. -->","yoast_head_json":{"title":"Ambrosia bezgraudu su\u0146u bar\u012bba ar t\u012btaru un p\u012bli 2 kg - MiuMjau","description":"Ambrosia ir garda, ar lielisk\u0101m sast\u0101vda\u013c\u0101m un bez graudiem. Pla\u0161a da\u017e\u0101du gar\u0161u izv\u0113le - n\u0101c un atrodi sava su\u0146a iecien\u012bt\u0101ko!","robots":{"index":"index","follow":"follow","max-snippet":"max-snippet:-1","max-image-preview":"max-image-preview:large","max-video-preview":"max-video-preview:-1"},"canonical":"https:\/\/miumjau.ee\/lv\/produkts\/ambrosia-bezgraudu-sunu-bariba-ar-titaru-un-pili-2-kg\/","og_locale":"lv_LV","og_type":"article","og_title":"Ambrosia bezgraudu su\u0146u bar\u012bba ar t\u012btaru un p\u012bli 2 kg - MiuMjau","og_description":"Ambrosia ir garda, ar lielisk\u0101m sast\u0101vda\u013c\u0101m un bez graudiem. Pla\u0161a da\u017e\u0101du gar\u0161u izv\u0113le - n\u0101c un atrodi sava su\u0146a iecien\u012bt\u0101ko!","og_url":"https:\/\/miumjau.ee\/lv\/produkts\/ambrosia-bezgraudu-sunu-bariba-ar-titaru-un-pili-2-kg\/","og_site_name":"MiuMjau","article_publisher":"https:\/\/www.facebook.com\/miumjaupood\/","article_modified_time":"2026-01-07T19:12:59+00:00","og_image":[{"width":600,"height":800,"url":"https:\/\/miumjau.ee\/wp-content\/uploads\/2025\/04\/ambrosia-adult-turkey-duck-Photoroom.webp","type":"image\/webp"}],"twitter_card":"summary_large_image","schema":{"@context":"https:\/\/schema.org","@graph":[{"@type":"WebPage","@id":"https:\/\/miumjau.ee\/lv\/produkts\/ambrosia-bezgraudu-sunu-bariba-ar-titaru-un-pili-2-kg\/","url":"https:\/\/miumjau.ee\/lv\/produkts\/ambrosia-bezgraudu-sunu-bariba-ar-titaru-un-pili-2-kg\/","name":"Ambrosia bezgraudu su\u0146u bar\u012bba ar t\u012btaru un p\u012bli 2 kg - MiuMjau","isPartOf":{"@id":"https:\/\/miumjau.ee\/#website"},"primaryImageOfPage":{"@id":"https:\/\/miumjau.ee\/lv\/produkts\/ambrosia-bezgraudu-sunu-bariba-ar-titaru-un-pili-2-kg\/#primaryimage"},"image":{"@id":"https:\/\/miumjau.ee\/lv\/produkts\/ambrosia-bezgraudu-sunu-bariba-ar-titaru-un-pili-2-kg\/#primaryimage"},"thumbnailUrl":"https:\/\/miumjau.ee\/wp-content\/uploads\/2025\/04\/ambrosia-adult-turkey-duck-Photoroom.webp","datePublished":"2025-04-07T11:16:02+00:00","dateModified":"2026-01-07T19:12:59+00:00","description":"Ambrosia ir garda, ar lielisk\u0101m sast\u0101vda\u013c\u0101m un bez graudiem. Pla\u0161a da\u017e\u0101du gar\u0161u izv\u0113le - n\u0101c un atrodi sava su\u0146a iecien\u012bt\u0101ko!","breadcrumb":{"@id":"https:\/\/miumjau.ee\/lv\/produkts\/ambrosia-bezgraudu-sunu-bariba-ar-titaru-un-pili-2-kg\/#breadcrumb"},"inLanguage":"lv-LV","potentialAction":[{"@type":"ReadAction","target":["https:\/\/miumjau.ee\/lv\/produkts\/ambrosia-bezgraudu-sunu-bariba-ar-titaru-un-pili-2-kg\/"]}]},{"@type":"ImageObject","inLanguage":"lv-LV","@id":"https:\/\/miumjau.ee\/lv\/produkts\/ambrosia-bezgraudu-sunu-bariba-ar-titaru-un-pili-2-kg\/#primaryimage","url":"https:\/\/miumjau.ee\/wp-content\/uploads\/2025\/04\/ambrosia-adult-turkey-duck-Photoroom.webp","contentUrl":"https:\/\/miumjau.ee\/wp-content\/uploads\/2025\/04\/ambrosia-adult-turkey-duck-Photoroom.webp","width":600,"height":800},{"@type":"BreadcrumbList","@id":"https:\/\/miumjau.ee\/lv\/produkts\/ambrosia-bezgraudu-sunu-bariba-ar-titaru-un-pili-2-kg\/#breadcrumb","itemListElement":[{"@type":"ListItem","position":1,"name":"Home","item":"https:\/\/miumjau.ee\/lv\/"},{"@type":"ListItem","position":2,"name":"Veikals","item":"https:\/\/miumjau.ee\/lv\/veikals\/"},{"@type":"ListItem","position":3,"name":"Ambrosia bezgraudu su\u0146u bar\u012bba ar t\u012btaru un p\u012bli 2 kg"}]},{"@type":"WebSite","@id":"https:\/\/miumjau.ee\/#website","url":"https:\/\/miumjau.ee\/","name":"MiuMjau","description":"Kraapimispuud kassidele","publisher":{"@id":"https:\/\/miumjau.ee\/#organization"},"potentialAction":[{"@type":"SearchAction","target":{"@type":"EntryPoint","urlTemplate":"https:\/\/miumjau.ee\/?s={search_term_string}"},"query-input":{"@type":"PropertyValueSpecification","valueRequired":true,"valueName":"search_term_string"}}],"inLanguage":"lv-LV"},{"@type":"Organization","@id":"https:\/\/miumjau.ee\/#organization","name":"MiuMjau O\u00dc","url":"https:\/\/miumjau.ee\/","logo":{"@type":"ImageObject","inLanguage":"lv-LV","@id":"https:\/\/miumjau.ee\/#\/schema\/logo\/image\/","url":"https:\/\/miumjau.ee\/wp-content\/uploads\/2022\/04\/MiuMjau-logo-kollane.png","contentUrl":"https:\/\/miumjau.ee\/wp-content\/uploads\/2022\/04\/MiuMjau-logo-kollane.png","width":219,"height":100,"caption":"MiuMjau O\u00dc"},"image":{"@id":"https:\/\/miumjau.ee\/#\/schema\/logo\/image\/"},"sameAs":["https:\/\/www.facebook.com\/miumjaupood\/"]}]}},"_links":{"self":[{"href":"https:\/\/miumjau.ee\/lv\/wp-json\/wp\/v2\/product\/50967","targetHints":{"allow":["GET"]}}],"collection":[{"href":"https:\/\/miumjau.ee\/lv\/wp-json\/wp\/v2\/product"}],"about":[{"href":"https:\/\/miumjau.ee\/lv\/wp-json\/wp\/v2\/types\/product"}],"wp:featuredmedia":[{"embeddable":true,"href":"https:\/\/miumjau.ee\/lv\/wp-json\/wp\/v2\/media\/50966"}],"wp:attachment":[{"href":"https:\/\/miumjau.ee\/lv\/wp-json\/wp\/v2\/media?parent=50967"}],"wp:term":[{"taxonomy":"product_brand","embeddable":true,"href":"https:\/\/miumjau.ee\/lv\/wp-json\/wp\/v2\/product_brand?post=50967"},{"taxonomy":"product_cat","embeddable":true,"href":"https:\/\/miumjau.ee\/lv\/wp-json\/wp\/v2\/product_cat?post=50967"},{"taxonomy":"product_tag","embeddable":true,"href":"https:\/\/miumjau.ee\/lv\/wp-json\/wp\/v2\/product_tag?post=50967"}],"curies":[{"name":"wp","href":"https:\/\/api.w.org\/{rel}","templated":true}]}}