{"id":50964,"date":"2025-04-07T14:20:05","date_gmt":"2025-04-07T11:20:05","guid":{"rendered":"https:\/\/miumjau.ee\/toode\/ambrosia-bezgraudu-sunu-bariba-ar-brieziem-un-jeru-12-kg\/"},"modified":"2026-01-07T21:12:59","modified_gmt":"2026-01-07T19:12:59","slug":"ambrosia-bezgraudu-sunu-bariba-ar-brieziem-un-jeru-12-kg","status":"publish","type":"product","link":"https:\/\/miumjau.ee\/lv\/produkts\/ambrosia-bezgraudu-sunu-bariba-ar-brieziem-un-jeru-12-kg\/","title":{"rendered":"Ambrosia bezgraudu su\u0146u bar\u012bba ar brie\u017eiem un j\u0113ru 12 kg"},"content":{"rendered":"","protected":false},"excerpt":{"rendered":"<p><strong data-start=\"2287\" data-end=\"2400\">Ambrosia Fresh Venison &amp; Lamb<\/strong><\/p>\n<p>Ambrosia svaiga brie\u017ea ga\u013ca un j\u0113rs \u2013 bag\u0101ta ar brie\u017ea un j\u0113ra ga\u013cas olbaltumviel\u0101m vis\u0101m su\u0146u \u0161\u0137irn\u0113m!<\/p>\n<p>Svaiga brie\u017ea ga\u013ca un j\u0113rs nodro\u0161ina augstu olbaltumvielu saturu un gardu gar\u0161u, piem\u0113rota visu izm\u0113ru un \u0161\u0137ir\u0146u su\u0146iem. Bar\u012bba satur pre- un probiotikas, kas atbalsta gremo\u0161anu un stiprina im\u016bnsist\u0113mu. Glikozam\u012bns un hondroit\u012bns aizsarg\u0101 loc\u012btavas, taur\u012bns un L-karnit\u012bns atbalsta sirds un musku\u013cu vesel\u012bbu.<\/p>\n<p>Vid\u0113ja izm\u0113ra saus\u0101 bar\u012bba ir ide\u0101li piem\u0113rota visiem su\u0146iem!<\/p>\n<p>Recepte ar div\u0101m \u012bpa\u0161\u0101m ga\u013cas \u0161\u0137irn\u0113m \u2013 dabiski sabalans\u0113ts un augst\u0101k\u0101 kvalit\u0101te!<\/p>\n<p>\ud83e\udd8c Brie\u017ea ga\u013ca \u2013 v\u0113rt\u012bgs un viegli sagremojams olbaltumvielu avots.<\/p>\n<p>\ud83d\udc11 J\u0113ra ga\u013ca \u2013 gar\u0161\u012bgs un barojo\u0161s olbaltumvielu avots no ga\u013cas sp\u0113kam.<\/p>\n<p>\ud83e\uddb4 Glikozam\u012bns un hondroit\u012bns \u2013 loc\u012btavu kust\u012bguma atbalstam.<\/p>\n<p>\ud83e\udda0 Pre- un probiotikas \u2013 gremo\u0161anai un imunit\u0101tei.<\/p>\n<p>\ud83d\udc93 Taur\u012bns un L-karnit\u012bns \u2013 atbalsta sirdi, musku\u013cus un vielmai\u0146u.<\/p>\n<p>Super\u0113diens, kas atbalsta j\u016bsu su\u0146a vitalit\u0101ti! \ud83e\udd66 Broko\u013ci \u2013 pal\u012bdz nov\u0113rst iekaisumus un atbalsta redzi.<\/p>\n<p>\ud83e\udd6c Spin\u0101ti \u2013 bag\u0101ti ar antioksidantiem un pal\u012bdz regul\u0113t asinsspiedienu.<\/p>\n<p>\ud83c\udf45 Tom\u0101ti \u2013 stiprina im\u016bnsist\u0113mu.<\/p>\n<p>\ud83c\udf52 Dz\u0113rvenes \u2013 atbalsta sirdi un gremo\u0161anas sist\u0113mu.<\/p>\n<p>Mellenes \u2013 pal\u012bdz saglab\u0101t asas smadzenes un stiprus kaulus.<\/p>\n<p>Sast\u0101vda\u013cas: J\u0113ra ga\u013ca (20%, ieskaitot svaigu j\u0113ra ga\u013cu bez kauliem 10%, \u017e\u0101v\u0113tu j\u0113ra ga\u013cu 10%), za\u013cie zirn\u012b\u0161i, \u0161\u0137eltie zirn\u012b\u0161i, kartupe\u013cu p\u0101rslas, \u017e\u0101v\u0113tas dz\u012bvnieku olbaltumvielas (11%), svaiga brie\u017ea ga\u013ca (10%), hidroliz\u0113tas dz\u012bvnieku olbaltumvielas (10%), dz\u012bvnieku tauki (9,5%), \u017e\u0101v\u0113ta bie\u0161u m\u012bkstums, lins\u0113klas, kartupe\u013cu olbaltumvielas, miner\u0101lvielas, rauga ekstrakts (MOS un beta-glik\u0101nu avots), la\u0161a e\u013c\u013ca, cigori\u0146i (dab\u012bgs FOS un inul\u012bna avots), alus raugs, \u017e\u0101v\u0113ti broko\u013ci, spin\u0101ti, tom\u0101ti, dz\u0113rvenes, mellenes, glikozam\u012bna hidrohlor\u012bds (100 mg\/kg), hondroit\u012bna sulf\u0101ts (100 mg\/kg), augu ekstrakti (rozmar\u012bns, v\u012bnogu kauli\u0146i, kurkuma, citrusaug\u013ci, krustnagli\u0146as). Piedevas (uz kg): A vitam\u012bns \u2013 14\u00a0000 SV, D3 vitam\u012bns \u2013 1350 SV, E vitam\u012bns \u2013 400 mg, taur\u012bns \u2013 1000 mg, L-karnit\u012bns \u2013 50 mg<\/p>\n<p>Anal\u012btiskais sast\u0101vs: Neapstr\u0101d\u0101ts prote\u012bns 30%, Neapstr\u0101d\u0101ti tauki 20%, Omega-3 tauksk\u0101bes 0,6%, Omega-6 tauksk\u0101bes 2,5%, Neapstr\u0101d\u0101tas \u0161\u0137iedrvielas 3%, Pelni 8,5%, Mitrums 9%, Kalcijs 1,8%, Fosfors 1,2%<\/p>\n<p>Metaboliz\u0113jam\u0101 ener\u0123ija: 3963 kcal\/kg<\/p>\n<p>\ud83d\udc99 Ambrosia svaig\u0101 brie\u017ea ga\u013ca un j\u0113ra ga\u013ca \u2013 barojo\u0161a, dab\u012bga un gar\u0161\u012bga izv\u0113le visiem su\u0146iem, kuri ir peln\u012bju\u0161i lab\u0101ko!<\/p>\n<p><strong data-start=\"2287\" data-end=\"2400\">Ambrosia Fresh Venison &amp; Lamb<\/strong><\/p>\n","protected":false},"featured_media":50963,"template":"","meta":[],"product_brand":[],"product_cat":[575],"product_tag":[],"class_list":{"0":"post-50964","1":"product","2":"type-product","3":"status-publish","4":"has-post-thumbnail","6":"product_cat-sausa-bariba-suniem","8":"first","9":"instock","10":"sale","11":"taxable","12":"shipping-taxable","13":"purchasable","14":"product-type-simple"},"yoast_head":"<!-- This site is optimized with the Yoast SEO plugin v27.2 - https:\/\/yoast.com\/product\/yoast-seo-wordpress\/ -->\n<title>Ambrosia bezgraudu su\u0146u bar\u012bba ar brie\u017eiem un j\u0113ru 12 kg - MiuMjau<\/title>\n<meta name=\"description\" content=\"Ambrosia ir garda, ar lielisk\u0101m sast\u0101vda\u013c\u0101m un bez graudiem. Pla\u0161a da\u017e\u0101du gar\u0161u izv\u0113le - n\u0101c un atrodi sava su\u0146a iecien\u012bt\u0101ko!\" \/>\n<meta name=\"robots\" content=\"index, follow, max-snippet:-1, max-image-preview:large, max-video-preview:-1\" \/>\n<link rel=\"canonical\" href=\"https:\/\/miumjau.ee\/lv\/produkts\/ambrosia-bezgraudu-sunu-bariba-ar-brieziem-un-jeru-12-kg\/\" \/>\n<meta property=\"og:locale\" content=\"lv_LV\" \/>\n<meta property=\"og:type\" content=\"article\" \/>\n<meta property=\"og:title\" content=\"Ambrosia bezgraudu su\u0146u bar\u012bba ar brie\u017eiem un j\u0113ru 12 kg - MiuMjau\" \/>\n<meta property=\"og:description\" content=\"Ambrosia ir garda, ar lielisk\u0101m sast\u0101vda\u013c\u0101m un bez graudiem. Pla\u0161a da\u017e\u0101du gar\u0161u izv\u0113le - n\u0101c un atrodi sava su\u0146a iecien\u012bt\u0101ko!\" \/>\n<meta property=\"og:url\" content=\"https:\/\/miumjau.ee\/lv\/produkts\/ambrosia-bezgraudu-sunu-bariba-ar-brieziem-un-jeru-12-kg\/\" \/>\n<meta property=\"og:site_name\" content=\"MiuMjau\" \/>\n<meta property=\"article:publisher\" content=\"https:\/\/www.facebook.com\/miumjaupood\/\" \/>\n<meta property=\"article:modified_time\" content=\"2026-01-07T19:12:59+00:00\" \/>\n<meta property=\"og:image\" content=\"https:\/\/miumjau.ee\/wp-content\/uploads\/2025\/04\/ambrosia-venison-lamb-Photoroom.webp\" \/>\n\t<meta property=\"og:image:width\" content=\"600\" \/>\n\t<meta property=\"og:image:height\" content=\"800\" \/>\n\t<meta property=\"og:image:type\" content=\"image\/webp\" \/>\n<meta name=\"twitter:card\" content=\"summary_large_image\" \/>\n<script type=\"application\/ld+json\" class=\"yoast-schema-graph\">{\"@context\":\"https:\/\/schema.org\",\"@graph\":[{\"@type\":\"WebPage\",\"@id\":\"https:\/\/miumjau.ee\/lv\/produkts\/ambrosia-bezgraudu-sunu-bariba-ar-brieziem-un-jeru-12-kg\/\",\"url\":\"https:\/\/miumjau.ee\/lv\/produkts\/ambrosia-bezgraudu-sunu-bariba-ar-brieziem-un-jeru-12-kg\/\",\"name\":\"Ambrosia bezgraudu su\u0146u bar\u012bba ar brie\u017eiem un j\u0113ru 12 kg - MiuMjau\",\"isPartOf\":{\"@id\":\"https:\/\/miumjau.ee\/#website\"},\"primaryImageOfPage\":{\"@id\":\"https:\/\/miumjau.ee\/lv\/produkts\/ambrosia-bezgraudu-sunu-bariba-ar-brieziem-un-jeru-12-kg\/#primaryimage\"},\"image\":{\"@id\":\"https:\/\/miumjau.ee\/lv\/produkts\/ambrosia-bezgraudu-sunu-bariba-ar-brieziem-un-jeru-12-kg\/#primaryimage\"},\"thumbnailUrl\":\"https:\/\/miumjau.ee\/wp-content\/uploads\/2025\/04\/ambrosia-venison-lamb-Photoroom.webp\",\"datePublished\":\"2025-04-07T11:20:05+00:00\",\"dateModified\":\"2026-01-07T19:12:59+00:00\",\"description\":\"Ambrosia ir garda, ar lielisk\u0101m sast\u0101vda\u013c\u0101m un bez graudiem. Pla\u0161a da\u017e\u0101du gar\u0161u izv\u0113le - n\u0101c un atrodi sava su\u0146a iecien\u012bt\u0101ko!\",\"breadcrumb\":{\"@id\":\"https:\/\/miumjau.ee\/lv\/produkts\/ambrosia-bezgraudu-sunu-bariba-ar-brieziem-un-jeru-12-kg\/#breadcrumb\"},\"inLanguage\":\"lv-LV\",\"potentialAction\":[{\"@type\":\"ReadAction\",\"target\":[\"https:\/\/miumjau.ee\/lv\/produkts\/ambrosia-bezgraudu-sunu-bariba-ar-brieziem-un-jeru-12-kg\/\"]}]},{\"@type\":\"ImageObject\",\"inLanguage\":\"lv-LV\",\"@id\":\"https:\/\/miumjau.ee\/lv\/produkts\/ambrosia-bezgraudu-sunu-bariba-ar-brieziem-un-jeru-12-kg\/#primaryimage\",\"url\":\"https:\/\/miumjau.ee\/wp-content\/uploads\/2025\/04\/ambrosia-venison-lamb-Photoroom.webp\",\"contentUrl\":\"https:\/\/miumjau.ee\/wp-content\/uploads\/2025\/04\/ambrosia-venison-lamb-Photoroom.webp\",\"width\":600,\"height\":800},{\"@type\":\"BreadcrumbList\",\"@id\":\"https:\/\/miumjau.ee\/lv\/produkts\/ambrosia-bezgraudu-sunu-bariba-ar-brieziem-un-jeru-12-kg\/#breadcrumb\",\"itemListElement\":[{\"@type\":\"ListItem\",\"position\":1,\"name\":\"Home\",\"item\":\"https:\/\/miumjau.ee\/lv\/\"},{\"@type\":\"ListItem\",\"position\":2,\"name\":\"Veikals\",\"item\":\"https:\/\/miumjau.ee\/lv\/veikals\/\"},{\"@type\":\"ListItem\",\"position\":3,\"name\":\"Ambrosia bezgraudu su\u0146u bar\u012bba ar brie\u017eiem un j\u0113ru 12 kg\"}]},{\"@type\":\"WebSite\",\"@id\":\"https:\/\/miumjau.ee\/#website\",\"url\":\"https:\/\/miumjau.ee\/\",\"name\":\"MiuMjau\",\"description\":\"Kraapimispuud kassidele\",\"publisher\":{\"@id\":\"https:\/\/miumjau.ee\/#organization\"},\"potentialAction\":[{\"@type\":\"SearchAction\",\"target\":{\"@type\":\"EntryPoint\",\"urlTemplate\":\"https:\/\/miumjau.ee\/?s={search_term_string}\"},\"query-input\":{\"@type\":\"PropertyValueSpecification\",\"valueRequired\":true,\"valueName\":\"search_term_string\"}}],\"inLanguage\":\"lv-LV\"},{\"@type\":\"Organization\",\"@id\":\"https:\/\/miumjau.ee\/#organization\",\"name\":\"MiuMjau O\u00dc\",\"url\":\"https:\/\/miumjau.ee\/\",\"logo\":{\"@type\":\"ImageObject\",\"inLanguage\":\"lv-LV\",\"@id\":\"https:\/\/miumjau.ee\/#\/schema\/logo\/image\/\",\"url\":\"https:\/\/miumjau.ee\/wp-content\/uploads\/2022\/04\/MiuMjau-logo-kollane.png\",\"contentUrl\":\"https:\/\/miumjau.ee\/wp-content\/uploads\/2022\/04\/MiuMjau-logo-kollane.png\",\"width\":219,\"height\":100,\"caption\":\"MiuMjau O\u00dc\"},\"image\":{\"@id\":\"https:\/\/miumjau.ee\/#\/schema\/logo\/image\/\"},\"sameAs\":[\"https:\/\/www.facebook.com\/miumjaupood\/\"]}]}<\/script>\n<!-- \/ Yoast SEO plugin. -->","yoast_head_json":{"title":"Ambrosia bezgraudu su\u0146u bar\u012bba ar brie\u017eiem un j\u0113ru 12 kg - MiuMjau","description":"Ambrosia ir garda, ar lielisk\u0101m sast\u0101vda\u013c\u0101m un bez graudiem. Pla\u0161a da\u017e\u0101du gar\u0161u izv\u0113le - n\u0101c un atrodi sava su\u0146a iecien\u012bt\u0101ko!","robots":{"index":"index","follow":"follow","max-snippet":"max-snippet:-1","max-image-preview":"max-image-preview:large","max-video-preview":"max-video-preview:-1"},"canonical":"https:\/\/miumjau.ee\/lv\/produkts\/ambrosia-bezgraudu-sunu-bariba-ar-brieziem-un-jeru-12-kg\/","og_locale":"lv_LV","og_type":"article","og_title":"Ambrosia bezgraudu su\u0146u bar\u012bba ar brie\u017eiem un j\u0113ru 12 kg - MiuMjau","og_description":"Ambrosia ir garda, ar lielisk\u0101m sast\u0101vda\u013c\u0101m un bez graudiem. Pla\u0161a da\u017e\u0101du gar\u0161u izv\u0113le - n\u0101c un atrodi sava su\u0146a iecien\u012bt\u0101ko!","og_url":"https:\/\/miumjau.ee\/lv\/produkts\/ambrosia-bezgraudu-sunu-bariba-ar-brieziem-un-jeru-12-kg\/","og_site_name":"MiuMjau","article_publisher":"https:\/\/www.facebook.com\/miumjaupood\/","article_modified_time":"2026-01-07T19:12:59+00:00","og_image":[{"width":600,"height":800,"url":"https:\/\/miumjau.ee\/wp-content\/uploads\/2025\/04\/ambrosia-venison-lamb-Photoroom.webp","type":"image\/webp"}],"twitter_card":"summary_large_image","schema":{"@context":"https:\/\/schema.org","@graph":[{"@type":"WebPage","@id":"https:\/\/miumjau.ee\/lv\/produkts\/ambrosia-bezgraudu-sunu-bariba-ar-brieziem-un-jeru-12-kg\/","url":"https:\/\/miumjau.ee\/lv\/produkts\/ambrosia-bezgraudu-sunu-bariba-ar-brieziem-un-jeru-12-kg\/","name":"Ambrosia bezgraudu su\u0146u bar\u012bba ar brie\u017eiem un j\u0113ru 12 kg - MiuMjau","isPartOf":{"@id":"https:\/\/miumjau.ee\/#website"},"primaryImageOfPage":{"@id":"https:\/\/miumjau.ee\/lv\/produkts\/ambrosia-bezgraudu-sunu-bariba-ar-brieziem-un-jeru-12-kg\/#primaryimage"},"image":{"@id":"https:\/\/miumjau.ee\/lv\/produkts\/ambrosia-bezgraudu-sunu-bariba-ar-brieziem-un-jeru-12-kg\/#primaryimage"},"thumbnailUrl":"https:\/\/miumjau.ee\/wp-content\/uploads\/2025\/04\/ambrosia-venison-lamb-Photoroom.webp","datePublished":"2025-04-07T11:20:05+00:00","dateModified":"2026-01-07T19:12:59+00:00","description":"Ambrosia ir garda, ar lielisk\u0101m sast\u0101vda\u013c\u0101m un bez graudiem. Pla\u0161a da\u017e\u0101du gar\u0161u izv\u0113le - n\u0101c un atrodi sava su\u0146a iecien\u012bt\u0101ko!","breadcrumb":{"@id":"https:\/\/miumjau.ee\/lv\/produkts\/ambrosia-bezgraudu-sunu-bariba-ar-brieziem-un-jeru-12-kg\/#breadcrumb"},"inLanguage":"lv-LV","potentialAction":[{"@type":"ReadAction","target":["https:\/\/miumjau.ee\/lv\/produkts\/ambrosia-bezgraudu-sunu-bariba-ar-brieziem-un-jeru-12-kg\/"]}]},{"@type":"ImageObject","inLanguage":"lv-LV","@id":"https:\/\/miumjau.ee\/lv\/produkts\/ambrosia-bezgraudu-sunu-bariba-ar-brieziem-un-jeru-12-kg\/#primaryimage","url":"https:\/\/miumjau.ee\/wp-content\/uploads\/2025\/04\/ambrosia-venison-lamb-Photoroom.webp","contentUrl":"https:\/\/miumjau.ee\/wp-content\/uploads\/2025\/04\/ambrosia-venison-lamb-Photoroom.webp","width":600,"height":800},{"@type":"BreadcrumbList","@id":"https:\/\/miumjau.ee\/lv\/produkts\/ambrosia-bezgraudu-sunu-bariba-ar-brieziem-un-jeru-12-kg\/#breadcrumb","itemListElement":[{"@type":"ListItem","position":1,"name":"Home","item":"https:\/\/miumjau.ee\/lv\/"},{"@type":"ListItem","position":2,"name":"Veikals","item":"https:\/\/miumjau.ee\/lv\/veikals\/"},{"@type":"ListItem","position":3,"name":"Ambrosia bezgraudu su\u0146u bar\u012bba ar brie\u017eiem un j\u0113ru 12 kg"}]},{"@type":"WebSite","@id":"https:\/\/miumjau.ee\/#website","url":"https:\/\/miumjau.ee\/","name":"MiuMjau","description":"Kraapimispuud kassidele","publisher":{"@id":"https:\/\/miumjau.ee\/#organization"},"potentialAction":[{"@type":"SearchAction","target":{"@type":"EntryPoint","urlTemplate":"https:\/\/miumjau.ee\/?s={search_term_string}"},"query-input":{"@type":"PropertyValueSpecification","valueRequired":true,"valueName":"search_term_string"}}],"inLanguage":"lv-LV"},{"@type":"Organization","@id":"https:\/\/miumjau.ee\/#organization","name":"MiuMjau O\u00dc","url":"https:\/\/miumjau.ee\/","logo":{"@type":"ImageObject","inLanguage":"lv-LV","@id":"https:\/\/miumjau.ee\/#\/schema\/logo\/image\/","url":"https:\/\/miumjau.ee\/wp-content\/uploads\/2022\/04\/MiuMjau-logo-kollane.png","contentUrl":"https:\/\/miumjau.ee\/wp-content\/uploads\/2022\/04\/MiuMjau-logo-kollane.png","width":219,"height":100,"caption":"MiuMjau O\u00dc"},"image":{"@id":"https:\/\/miumjau.ee\/#\/schema\/logo\/image\/"},"sameAs":["https:\/\/www.facebook.com\/miumjaupood\/"]}]}},"_links":{"self":[{"href":"https:\/\/miumjau.ee\/lv\/wp-json\/wp\/v2\/product\/50964","targetHints":{"allow":["GET"]}}],"collection":[{"href":"https:\/\/miumjau.ee\/lv\/wp-json\/wp\/v2\/product"}],"about":[{"href":"https:\/\/miumjau.ee\/lv\/wp-json\/wp\/v2\/types\/product"}],"wp:featuredmedia":[{"embeddable":true,"href":"https:\/\/miumjau.ee\/lv\/wp-json\/wp\/v2\/media\/50963"}],"wp:attachment":[{"href":"https:\/\/miumjau.ee\/lv\/wp-json\/wp\/v2\/media?parent=50964"}],"wp:term":[{"taxonomy":"product_brand","embeddable":true,"href":"https:\/\/miumjau.ee\/lv\/wp-json\/wp\/v2\/product_brand?post=50964"},{"taxonomy":"product_cat","embeddable":true,"href":"https:\/\/miumjau.ee\/lv\/wp-json\/wp\/v2\/product_cat?post=50964"},{"taxonomy":"product_tag","embeddable":true,"href":"https:\/\/miumjau.ee\/lv\/wp-json\/wp\/v2\/product_tag?post=50964"}],"curies":[{"name":"wp","href":"https:\/\/api.w.org\/{rel}","templated":true}]}}