{"id":50961,"date":"2025-04-07T14:24:44","date_gmt":"2025-04-07T11:24:44","guid":{"rendered":"https:\/\/miumjau.ee\/toode\/ambrosia-bezgraudu-sunu-bariba-ar-titaru-un-trusu-2-kg\/"},"modified":"2026-01-07T21:12:59","modified_gmt":"2026-01-07T19:12:59","slug":"ambrosia-bezgraudu-sunu-bariba-ar-titaru-un-trusu-2-kg","status":"publish","type":"product","link":"https:\/\/miumjau.ee\/lv\/produkts\/ambrosia-bezgraudu-sunu-bariba-ar-titaru-un-trusu-2-kg\/","title":{"rendered":"Ambrosia bezgraudu su\u0146u bar\u012bba ar t\u012btaru un tru\u0161u 2 kg"},"content":{"rendered":"","protected":false},"excerpt":{"rendered":"<p><strong data-start=\"2331\" data-end=\"2431\">Ambrosia Fresh Turkey &amp; Rabbit<\/strong><\/p>\n<p>Ambrosia svaiga t\u012btara un tru\u0161a ga\u013ca \u2013 unik\u0101la un sabalans\u0113ta recepte pieaugu\u0161iem su\u0146iem!<\/p>\n<p>Svaigas t\u012btara filejas un \u017e\u0101v\u0113tas tru\u0161a ga\u013cas olbaltumviel\u0101m bag\u0101t\u0101 kombin\u0101cija nodro\u0161ina augstas kvalit\u0101tes bar\u012bbu, kas ir ide\u0101li piem\u0113rota vis\u0101m \u0161\u0137irn\u0113m. Recepte ir bag\u0101tin\u0101ta ar pre- un probiotik\u0101m, kas atbalsta gremo\u0161anu un stiprina im\u016bnsist\u0113mu. Hondroit\u012bns un glikozam\u012bns pal\u012bdz uztur\u0113t loc\u012btavu lokan\u012bbu, savuk\u0101rt taur\u012bns un L-karnit\u012bns atbalsta sirds un musku\u013cu darb\u012bbu.<\/p>\n<p>Vid\u0113ja izm\u0113ra saus\u0101 bar\u012bba ir piem\u0113rota visiem su\u0146iem!<\/p>\n<p>Sp\u0113c\u012bgs t\u012btara un tru\u0161a tand\u0113ms \u2013 dabiska apr\u016bpe katr\u0101 kumos\u0101!<\/p>\n<p>\ud83e\udd83 T\u012btara ga\u013ca \u2013 viegli sagremojams un zema tauku satura olbaltumvielu avots.<br \/>\n\ud83d\udc07 Tru\u0161a ga\u013ca \u2013 ekskluz\u012bva olbaltumviela, kas pal\u012bdz mazin\u0101t p\u0101rtikas nepanes\u012bbu.<\/p>\n<p>\ud83e\udda0 Pre- un probiotikas \u2013 sabalans\u0113tai gremo\u0161anai.<\/p>\n<p>\ud83e\uddb4 Glikozam\u012bns un hondroit\u012bns \u2013 loc\u012btavu kust\u012bguma uztur\u0113\u0161anai.<\/p>\n<p>\ud83d\udc93 Taur\u012bns un L-karnit\u012bns \u2013 sirds un musku\u013cu atbalstam.<\/p>\n<p>Vesel\u012bgi superprodukti ikdienas vitalit\u0101tei! \ud83e\udd66 Broko\u013ci \u2013 ar pretiekaisuma \u012bpa\u0161\u012bb\u0101m un atbalsta acu vesel\u012bbu.<\/p>\n<p>\ud83e\udd6c Spin\u0101ti \u2013 stiprina imunit\u0101ti un atbalsta asinsspiediena l\u012bdzsvaru.<\/p>\n<p>\ud83c\udf45 Tom\u0101ti \u2013 dab\u012bgs antioksidants.<\/p>\n<p>\ud83c\udf52 Dz\u0113rvenes \u2013 veicina asinsriti un sirds vesel\u012bbu.<\/p>\n<p>Mellenes \u2013 uzlabo gar\u012bg\u0101s sp\u0113jas un stiprina kaulus.<\/p>\n<p>Sast\u0101vda\u013cas: M\u0101jputnu ga\u013ca (35%, ieskaitot svaigu bezkaulu t\u012btaru 15%, \u017e\u0101v\u0113tu m\u0101jputnu ga\u013cu 20%), kartupe\u013cu p\u0101rslas, m\u0101jputnu tauki (11%), zir\u0146i, \u0161\u0137eltie zir\u0146i, hidroliz\u0113ts m\u0101jputnu prote\u012bns (10%), \u017e\u0101v\u0113ts tru\u0161a prote\u012bns (4%), \u017e\u0101v\u0113ta bie\u0161u m\u012bkstums, lins\u0113klas, cigori\u0146i (dab\u012bgs FOS un inul\u012bna avots), alus raugs, la\u0161a e\u013c\u013ca (0,5%), MOS un beta-glik\u0101ni, miner\u0101lvielas, \u017e\u0101v\u0113ti broko\u013ci, spin\u0101ti, tom\u0101ti, dz\u0113rvenes, mellenes, glikozam\u012bna hidrohlor\u012bds (150 mg\/kg), hondroit\u012bna sulf\u0101ts (150 mg\/kg), augu ekstrakti (Yucca schidigera, rozmar\u012bns, v\u012bnogu s\u0113klas, kurkuma, citrusaug\u013ci, krustnagli\u0146as).<\/p>\n<p>Piedevas (uz kg): A vitam\u012bns \u2013 14\u00a0000 SV, D3 vitam\u012bns \u2013 1\u00a0000 SV, E vitam\u012bns \u2013 350 mg, taur\u012bns \u2013 1\u00a0500 mg, L-karnit\u012bns \u2013 50 mg<\/p>\n<p>Anal\u012btiskais sast\u0101vs: Neapstr\u0101d\u0101ts prote\u012bns 30%, Neapstr\u0101d\u0101ti tauki 20%, Omega-3 tauksk\u0101bes 0,8%, Omega-6 tauksk\u0101bes 2,7%, Neapstr\u0101d\u0101tas \u0161\u0137iedrvielas 3%, Pelni 7,5%, Mitrums 9%, Kalcijs 1,6%, Fosfors 1%<\/p>\n<p>Metaboliz\u0113t\u0101 ener\u0123ija: 4\u00a0055 kcal\/kg<\/p>\n<p>\ud83d\udc99 Ambrosia svaiga t\u012btara un tru\u0161a ga\u013ca \u2013 gard\u0113\u017eu krauk\u0161\u0137\u012bga bar\u012bba, kas iepriecin\u0101s pat vispras\u012bg\u0101ko suni!<\/p>\n","protected":false},"featured_media":50960,"template":"","meta":[],"product_brand":[],"product_cat":[575],"product_tag":[],"class_list":{"0":"post-50961","1":"product","2":"type-product","3":"status-publish","4":"has-post-thumbnail","6":"product_cat-sausa-bariba-suniem","8":"first","9":"instock","10":"taxable","11":"shipping-taxable","12":"purchasable","13":"product-type-simple"},"yoast_head":"<!-- This site is optimized with the Yoast SEO plugin v27.2 - https:\/\/yoast.com\/product\/yoast-seo-wordpress\/ -->\n<title>Ambrosia bezgraudu su\u0146u bar\u012bba ar t\u012btaru un tru\u0161u 2 kg - MiuMjau<\/title>\n<meta name=\"description\" content=\"Ambrosia ir garda, ar lielisk\u0101m sast\u0101vda\u013c\u0101m un bez graudiem. Pla\u0161a da\u017e\u0101du gar\u0161u izv\u0113le - n\u0101c un atrodi sava su\u0146a iecien\u012bt\u0101ko!\" \/>\n<meta name=\"robots\" content=\"index, follow, max-snippet:-1, max-image-preview:large, max-video-preview:-1\" \/>\n<link rel=\"canonical\" href=\"https:\/\/miumjau.ee\/lv\/produkts\/ambrosia-bezgraudu-sunu-bariba-ar-titaru-un-trusu-2-kg\/\" \/>\n<meta property=\"og:locale\" content=\"lv_LV\" \/>\n<meta property=\"og:type\" content=\"article\" \/>\n<meta property=\"og:title\" content=\"Ambrosia bezgraudu su\u0146u bar\u012bba ar t\u012btaru un tru\u0161u 2 kg - MiuMjau\" \/>\n<meta property=\"og:description\" content=\"Ambrosia ir garda, ar lielisk\u0101m sast\u0101vda\u013c\u0101m un bez graudiem. Pla\u0161a da\u017e\u0101du gar\u0161u izv\u0113le - n\u0101c un atrodi sava su\u0146a iecien\u012bt\u0101ko!\" \/>\n<meta property=\"og:url\" content=\"https:\/\/miumjau.ee\/lv\/produkts\/ambrosia-bezgraudu-sunu-bariba-ar-titaru-un-trusu-2-kg\/\" \/>\n<meta property=\"og:site_name\" content=\"MiuMjau\" \/>\n<meta property=\"article:publisher\" content=\"https:\/\/www.facebook.com\/miumjaupood\/\" \/>\n<meta property=\"article:modified_time\" content=\"2026-01-07T19:12:59+00:00\" \/>\n<meta property=\"og:image\" content=\"https:\/\/miumjau.ee\/wp-content\/uploads\/2025\/04\/ambrosia-turkey-rabbit-adult-Photoroom.webp\" \/>\n\t<meta property=\"og:image:width\" content=\"600\" \/>\n\t<meta property=\"og:image:height\" content=\"800\" \/>\n\t<meta property=\"og:image:type\" content=\"image\/webp\" \/>\n<meta name=\"twitter:card\" content=\"summary_large_image\" \/>\n<script type=\"application\/ld+json\" class=\"yoast-schema-graph\">{\"@context\":\"https:\/\/schema.org\",\"@graph\":[{\"@type\":\"WebPage\",\"@id\":\"https:\/\/miumjau.ee\/lv\/produkts\/ambrosia-bezgraudu-sunu-bariba-ar-titaru-un-trusu-2-kg\/\",\"url\":\"https:\/\/miumjau.ee\/lv\/produkts\/ambrosia-bezgraudu-sunu-bariba-ar-titaru-un-trusu-2-kg\/\",\"name\":\"Ambrosia bezgraudu su\u0146u bar\u012bba ar t\u012btaru un tru\u0161u 2 kg - MiuMjau\",\"isPartOf\":{\"@id\":\"https:\/\/miumjau.ee\/#website\"},\"primaryImageOfPage\":{\"@id\":\"https:\/\/miumjau.ee\/lv\/produkts\/ambrosia-bezgraudu-sunu-bariba-ar-titaru-un-trusu-2-kg\/#primaryimage\"},\"image\":{\"@id\":\"https:\/\/miumjau.ee\/lv\/produkts\/ambrosia-bezgraudu-sunu-bariba-ar-titaru-un-trusu-2-kg\/#primaryimage\"},\"thumbnailUrl\":\"https:\/\/miumjau.ee\/wp-content\/uploads\/2025\/04\/ambrosia-turkey-rabbit-adult-Photoroom.webp\",\"datePublished\":\"2025-04-07T11:24:44+00:00\",\"dateModified\":\"2026-01-07T19:12:59+00:00\",\"description\":\"Ambrosia ir garda, ar lielisk\u0101m sast\u0101vda\u013c\u0101m un bez graudiem. Pla\u0161a da\u017e\u0101du gar\u0161u izv\u0113le - n\u0101c un atrodi sava su\u0146a iecien\u012bt\u0101ko!\",\"breadcrumb\":{\"@id\":\"https:\/\/miumjau.ee\/lv\/produkts\/ambrosia-bezgraudu-sunu-bariba-ar-titaru-un-trusu-2-kg\/#breadcrumb\"},\"inLanguage\":\"lv-LV\",\"potentialAction\":[{\"@type\":\"ReadAction\",\"target\":[\"https:\/\/miumjau.ee\/lv\/produkts\/ambrosia-bezgraudu-sunu-bariba-ar-titaru-un-trusu-2-kg\/\"]}]},{\"@type\":\"ImageObject\",\"inLanguage\":\"lv-LV\",\"@id\":\"https:\/\/miumjau.ee\/lv\/produkts\/ambrosia-bezgraudu-sunu-bariba-ar-titaru-un-trusu-2-kg\/#primaryimage\",\"url\":\"https:\/\/miumjau.ee\/wp-content\/uploads\/2025\/04\/ambrosia-turkey-rabbit-adult-Photoroom.webp\",\"contentUrl\":\"https:\/\/miumjau.ee\/wp-content\/uploads\/2025\/04\/ambrosia-turkey-rabbit-adult-Photoroom.webp\",\"width\":600,\"height\":800},{\"@type\":\"BreadcrumbList\",\"@id\":\"https:\/\/miumjau.ee\/lv\/produkts\/ambrosia-bezgraudu-sunu-bariba-ar-titaru-un-trusu-2-kg\/#breadcrumb\",\"itemListElement\":[{\"@type\":\"ListItem\",\"position\":1,\"name\":\"Home\",\"item\":\"https:\/\/miumjau.ee\/lv\/\"},{\"@type\":\"ListItem\",\"position\":2,\"name\":\"Veikals\",\"item\":\"https:\/\/miumjau.ee\/lv\/veikals\/\"},{\"@type\":\"ListItem\",\"position\":3,\"name\":\"Ambrosia bezgraudu su\u0146u bar\u012bba ar t\u012btaru un tru\u0161u 2 kg\"}]},{\"@type\":\"WebSite\",\"@id\":\"https:\/\/miumjau.ee\/#website\",\"url\":\"https:\/\/miumjau.ee\/\",\"name\":\"MiuMjau\",\"description\":\"Kraapimispuud kassidele\",\"publisher\":{\"@id\":\"https:\/\/miumjau.ee\/#organization\"},\"potentialAction\":[{\"@type\":\"SearchAction\",\"target\":{\"@type\":\"EntryPoint\",\"urlTemplate\":\"https:\/\/miumjau.ee\/?s={search_term_string}\"},\"query-input\":{\"@type\":\"PropertyValueSpecification\",\"valueRequired\":true,\"valueName\":\"search_term_string\"}}],\"inLanguage\":\"lv-LV\"},{\"@type\":\"Organization\",\"@id\":\"https:\/\/miumjau.ee\/#organization\",\"name\":\"MiuMjau O\u00dc\",\"url\":\"https:\/\/miumjau.ee\/\",\"logo\":{\"@type\":\"ImageObject\",\"inLanguage\":\"lv-LV\",\"@id\":\"https:\/\/miumjau.ee\/#\/schema\/logo\/image\/\",\"url\":\"https:\/\/miumjau.ee\/wp-content\/uploads\/2022\/04\/MiuMjau-logo-kollane.png\",\"contentUrl\":\"https:\/\/miumjau.ee\/wp-content\/uploads\/2022\/04\/MiuMjau-logo-kollane.png\",\"width\":219,\"height\":100,\"caption\":\"MiuMjau O\u00dc\"},\"image\":{\"@id\":\"https:\/\/miumjau.ee\/#\/schema\/logo\/image\/\"},\"sameAs\":[\"https:\/\/www.facebook.com\/miumjaupood\/\"]}]}<\/script>\n<!-- \/ Yoast SEO plugin. -->","yoast_head_json":{"title":"Ambrosia bezgraudu su\u0146u bar\u012bba ar t\u012btaru un tru\u0161u 2 kg - MiuMjau","description":"Ambrosia ir garda, ar lielisk\u0101m sast\u0101vda\u013c\u0101m un bez graudiem. Pla\u0161a da\u017e\u0101du gar\u0161u izv\u0113le - n\u0101c un atrodi sava su\u0146a iecien\u012bt\u0101ko!","robots":{"index":"index","follow":"follow","max-snippet":"max-snippet:-1","max-image-preview":"max-image-preview:large","max-video-preview":"max-video-preview:-1"},"canonical":"https:\/\/miumjau.ee\/lv\/produkts\/ambrosia-bezgraudu-sunu-bariba-ar-titaru-un-trusu-2-kg\/","og_locale":"lv_LV","og_type":"article","og_title":"Ambrosia bezgraudu su\u0146u bar\u012bba ar t\u012btaru un tru\u0161u 2 kg - MiuMjau","og_description":"Ambrosia ir garda, ar lielisk\u0101m sast\u0101vda\u013c\u0101m un bez graudiem. Pla\u0161a da\u017e\u0101du gar\u0161u izv\u0113le - n\u0101c un atrodi sava su\u0146a iecien\u012bt\u0101ko!","og_url":"https:\/\/miumjau.ee\/lv\/produkts\/ambrosia-bezgraudu-sunu-bariba-ar-titaru-un-trusu-2-kg\/","og_site_name":"MiuMjau","article_publisher":"https:\/\/www.facebook.com\/miumjaupood\/","article_modified_time":"2026-01-07T19:12:59+00:00","og_image":[{"width":600,"height":800,"url":"https:\/\/miumjau.ee\/wp-content\/uploads\/2025\/04\/ambrosia-turkey-rabbit-adult-Photoroom.webp","type":"image\/webp"}],"twitter_card":"summary_large_image","schema":{"@context":"https:\/\/schema.org","@graph":[{"@type":"WebPage","@id":"https:\/\/miumjau.ee\/lv\/produkts\/ambrosia-bezgraudu-sunu-bariba-ar-titaru-un-trusu-2-kg\/","url":"https:\/\/miumjau.ee\/lv\/produkts\/ambrosia-bezgraudu-sunu-bariba-ar-titaru-un-trusu-2-kg\/","name":"Ambrosia bezgraudu su\u0146u bar\u012bba ar t\u012btaru un tru\u0161u 2 kg - MiuMjau","isPartOf":{"@id":"https:\/\/miumjau.ee\/#website"},"primaryImageOfPage":{"@id":"https:\/\/miumjau.ee\/lv\/produkts\/ambrosia-bezgraudu-sunu-bariba-ar-titaru-un-trusu-2-kg\/#primaryimage"},"image":{"@id":"https:\/\/miumjau.ee\/lv\/produkts\/ambrosia-bezgraudu-sunu-bariba-ar-titaru-un-trusu-2-kg\/#primaryimage"},"thumbnailUrl":"https:\/\/miumjau.ee\/wp-content\/uploads\/2025\/04\/ambrosia-turkey-rabbit-adult-Photoroom.webp","datePublished":"2025-04-07T11:24:44+00:00","dateModified":"2026-01-07T19:12:59+00:00","description":"Ambrosia ir garda, ar lielisk\u0101m sast\u0101vda\u013c\u0101m un bez graudiem. Pla\u0161a da\u017e\u0101du gar\u0161u izv\u0113le - n\u0101c un atrodi sava su\u0146a iecien\u012bt\u0101ko!","breadcrumb":{"@id":"https:\/\/miumjau.ee\/lv\/produkts\/ambrosia-bezgraudu-sunu-bariba-ar-titaru-un-trusu-2-kg\/#breadcrumb"},"inLanguage":"lv-LV","potentialAction":[{"@type":"ReadAction","target":["https:\/\/miumjau.ee\/lv\/produkts\/ambrosia-bezgraudu-sunu-bariba-ar-titaru-un-trusu-2-kg\/"]}]},{"@type":"ImageObject","inLanguage":"lv-LV","@id":"https:\/\/miumjau.ee\/lv\/produkts\/ambrosia-bezgraudu-sunu-bariba-ar-titaru-un-trusu-2-kg\/#primaryimage","url":"https:\/\/miumjau.ee\/wp-content\/uploads\/2025\/04\/ambrosia-turkey-rabbit-adult-Photoroom.webp","contentUrl":"https:\/\/miumjau.ee\/wp-content\/uploads\/2025\/04\/ambrosia-turkey-rabbit-adult-Photoroom.webp","width":600,"height":800},{"@type":"BreadcrumbList","@id":"https:\/\/miumjau.ee\/lv\/produkts\/ambrosia-bezgraudu-sunu-bariba-ar-titaru-un-trusu-2-kg\/#breadcrumb","itemListElement":[{"@type":"ListItem","position":1,"name":"Home","item":"https:\/\/miumjau.ee\/lv\/"},{"@type":"ListItem","position":2,"name":"Veikals","item":"https:\/\/miumjau.ee\/lv\/veikals\/"},{"@type":"ListItem","position":3,"name":"Ambrosia bezgraudu su\u0146u bar\u012bba ar t\u012btaru un tru\u0161u 2 kg"}]},{"@type":"WebSite","@id":"https:\/\/miumjau.ee\/#website","url":"https:\/\/miumjau.ee\/","name":"MiuMjau","description":"Kraapimispuud kassidele","publisher":{"@id":"https:\/\/miumjau.ee\/#organization"},"potentialAction":[{"@type":"SearchAction","target":{"@type":"EntryPoint","urlTemplate":"https:\/\/miumjau.ee\/?s={search_term_string}"},"query-input":{"@type":"PropertyValueSpecification","valueRequired":true,"valueName":"search_term_string"}}],"inLanguage":"lv-LV"},{"@type":"Organization","@id":"https:\/\/miumjau.ee\/#organization","name":"MiuMjau O\u00dc","url":"https:\/\/miumjau.ee\/","logo":{"@type":"ImageObject","inLanguage":"lv-LV","@id":"https:\/\/miumjau.ee\/#\/schema\/logo\/image\/","url":"https:\/\/miumjau.ee\/wp-content\/uploads\/2022\/04\/MiuMjau-logo-kollane.png","contentUrl":"https:\/\/miumjau.ee\/wp-content\/uploads\/2022\/04\/MiuMjau-logo-kollane.png","width":219,"height":100,"caption":"MiuMjau O\u00dc"},"image":{"@id":"https:\/\/miumjau.ee\/#\/schema\/logo\/image\/"},"sameAs":["https:\/\/www.facebook.com\/miumjaupood\/"]}]}},"_links":{"self":[{"href":"https:\/\/miumjau.ee\/lv\/wp-json\/wp\/v2\/product\/50961","targetHints":{"allow":["GET"]}}],"collection":[{"href":"https:\/\/miumjau.ee\/lv\/wp-json\/wp\/v2\/product"}],"about":[{"href":"https:\/\/miumjau.ee\/lv\/wp-json\/wp\/v2\/types\/product"}],"wp:featuredmedia":[{"embeddable":true,"href":"https:\/\/miumjau.ee\/lv\/wp-json\/wp\/v2\/media\/50960"}],"wp:attachment":[{"href":"https:\/\/miumjau.ee\/lv\/wp-json\/wp\/v2\/media?parent=50961"}],"wp:term":[{"taxonomy":"product_brand","embeddable":true,"href":"https:\/\/miumjau.ee\/lv\/wp-json\/wp\/v2\/product_brand?post=50961"},{"taxonomy":"product_cat","embeddable":true,"href":"https:\/\/miumjau.ee\/lv\/wp-json\/wp\/v2\/product_cat?post=50961"},{"taxonomy":"product_tag","embeddable":true,"href":"https:\/\/miumjau.ee\/lv\/wp-json\/wp\/v2\/product_tag?post=50961"}],"curies":[{"name":"wp","href":"https:\/\/api.w.org\/{rel}","templated":true}]}}