{"id":50955,"date":"2025-04-07T15:38:24","date_gmt":"2025-04-07T12:38:24","guid":{"rendered":"https:\/\/miumjau.ee\/toode\/ambrosia-holistic-svaiga-jera-galas-bariba-suniem-15-kg\/"},"modified":"2026-01-07T21:13:06","modified_gmt":"2026-01-07T19:13:06","slug":"ambrosia-holistic-svaiga-jera-galas-bariba-suniem-15-kg","status":"publish","type":"product","link":"https:\/\/miumjau.ee\/lv\/produkts\/ambrosia-holistic-svaiga-jera-galas-bariba-suniem-15-kg\/","title":{"rendered":"Ambrosia Holistic svaiga j\u0113ra ga\u013cas bar\u012bba su\u0146iem 1,5 kg"},"content":{"rendered":"","protected":false},"excerpt":{"rendered":"<p><strong data-start=\"1669\" data-end=\"1766\">Ambrosia Fresh Lamb<\/strong><\/p>\n<p>Ambrosia svaiga j\u0113ra ga\u013ca \u2013 hipoaler\u0123iska j\u0113ra ga\u013cas superbar\u012bba pieaugu\u0161iem su\u0146iem!<\/p>\n<p>Ambrosia svaigas j\u0113ra ga\u013cas recepte ienes su\u0146u bar\u012bbas pasaul\u0113 t\u012bru un maigu j\u0113ra ga\u013cu \u2013 viegli sagremojamu, hipoaler\u0123isku olbaltumvielu avotu, kas ir lieliski piem\u0113rots ar\u012b su\u0146iem ar jut\u012bgu gremo\u0161anu. Vidusj\u016bras piesk\u0101riens ir pievienots ar ol\u012bve\u013c\u013cu, gar\u0161augiem un aug\u013ciem, nodro\u0161inot sabalans\u0113tu antioksidantu mais\u012bjumu, kas atbalsta j\u016bsu su\u0146a visp\u0101r\u0113jo vesel\u012bbu un vitalit\u0101ti.<\/p>\n<p>T\u012bras sast\u0101vda\u013cas, t\u012bra gar\u0161a \u2013 rad\u012bts, dom\u0101jot par su\u0146a labsaj\u016btu.<\/p>\n<p>\ud83d\udc11 Svaiga j\u0113ra ga\u013ca \u2013 augstas kvalit\u0101tes un viegli sagremojama olbaltumviela musku\u013cu stiprin\u0101\u0161anai.<\/p>\n<p>Ol\u012bve\u013c\u013ca \u2013 dab\u012bgs tauku avots, kas atbalsta \u0101das un ka\u017eoka vesel\u012bbu.<\/p>\n<p>\ud83c\udf4f Vidusj\u016bras aug\u013ci un gar\u0161augi \u2013 dabiski antioksidanti un gremo\u0161anas l\u012bdzek\u013ci.<\/p>\n<p>\ud83e\udda0 Pre- un probiotikas \u2013 atbalsta gremo\u0161anu un stiprina imunit\u0101ti.<\/p>\n<p>\ud83d\udc93 Taur\u012bna piedeva \u2013 sirds vesel\u012bbai.<\/p>\n<p>Sast\u0101vda\u013cas: J\u0113ra ga\u013ca 60% (ieskaitot svaigu j\u0113ra ga\u013cu 30%, \u017e\u0101v\u0113tu j\u0113ra ga\u013cu 22%, j\u0113ra taukus 5%, hidroliz\u0113tu j\u0113ra prote\u012bnu 3%), saldie kartupe\u013ci, veseli zir\u0146i, \u017e\u0101v\u0113ta lucerna, \u017e\u0101v\u0113ta bie\u0161u m\u012bkstums, cigori\u0146u sakne (inul\u012bna un FOS avots 1%), ol\u012bve\u013c\u013ca (0,5%), lins\u0113klas, MOS (mann\u0101noligosahar\u012bdi 0,15%), \u017e\u0101v\u0113ti \u0101boli, tom\u0101ti, grie\u0137u sier\u0101boli\u0146i, bumbieri, apels\u012bni, oregano, timi\u0101ns. Piedevas (uz kg): A vitam\u012bns \u2013 24\u00a0000 SV, D3 vitam\u012bns \u2013 2\u00a0000 SV, E vitam\u012bns \u2013 200 mg, taur\u012bns \u2013 1\u00a0500 mg<\/p>\n<p>Anal\u012btiskais sast\u0101vs: Neapstr\u0101d\u0101ts prote\u012bns 27\u00a0%, Neapstr\u0101d\u0101ti tauki 17\u00a0%, Omega-3 tauksk\u0101bes 0,4\u00a0%, Omega-6 tauksk\u0101bes 1,3\u00a0%, Neapstr\u0101d\u0101tas \u0161\u0137iedrvielas 4,5\u00a0%, Pelni 10\u00a0%, Mitrums 9\u00a0%, Kalcijs 2\u00a0%, Fosfors 1\u00a0%<\/p>\n<p>Metaboliz\u0113t\u0101 ener\u0123ija: 3633 kcal\/kg<\/p>\n<p>\ud83d\udc9a Ambrosia Fresh Lamb \u2013 t\u012bra j\u0113ra ga\u013ca, t\u012bra ener\u0123ija \u2013 rad\u012bts su\u0146iem, kuri ir peln\u012bju\u0161i lab\u0101ko!<\/p>\n","protected":false},"featured_media":50956,"template":"","meta":[],"product_brand":[],"product_cat":[575],"product_tag":[],"class_list":{"0":"post-50955","1":"product","2":"type-product","3":"status-publish","4":"has-post-thumbnail","6":"product_cat-sausa-bariba-suniem","8":"first","9":"instock","10":"taxable","11":"shipping-taxable","12":"purchasable","13":"product-type-simple"},"yoast_head":"<!-- This site is optimized with the Yoast SEO plugin v27.2 - https:\/\/yoast.com\/product\/yoast-seo-wordpress\/ -->\n<title>Ambrosia Holistic svaiga j\u0113ra ga\u013cas bar\u012bba su\u0146iem 1,5 kg - MiuMjau<\/title>\n<meta name=\"description\" content=\"Ambrosia ir garda, ar lielisk\u0101m sast\u0101vda\u013c\u0101m un bez graudiem. Pla\u0161a da\u017e\u0101du gar\u0161u izv\u0113le - n\u0101c un atrodi sava su\u0146a iecien\u012bt\u0101ko!\" \/>\n<meta name=\"robots\" content=\"index, follow, max-snippet:-1, max-image-preview:large, max-video-preview:-1\" \/>\n<link rel=\"canonical\" href=\"https:\/\/miumjau.ee\/lv\/produkts\/ambrosia-holistic-svaiga-jera-galas-bariba-suniem-15-kg\/\" \/>\n<meta property=\"og:locale\" content=\"lv_LV\" \/>\n<meta property=\"og:type\" content=\"article\" \/>\n<meta property=\"og:title\" content=\"Ambrosia Holistic svaiga j\u0113ra ga\u013cas bar\u012bba su\u0146iem 1,5 kg - MiuMjau\" \/>\n<meta property=\"og:description\" content=\"Ambrosia ir garda, ar lielisk\u0101m sast\u0101vda\u013c\u0101m un bez graudiem. Pla\u0161a da\u017e\u0101du gar\u0161u izv\u0113le - n\u0101c un atrodi sava su\u0146a iecien\u012bt\u0101ko!\" \/>\n<meta property=\"og:url\" content=\"https:\/\/miumjau.ee\/lv\/produkts\/ambrosia-holistic-svaiga-jera-galas-bariba-suniem-15-kg\/\" \/>\n<meta property=\"og:site_name\" content=\"MiuMjau\" \/>\n<meta property=\"article:publisher\" content=\"https:\/\/www.facebook.com\/miumjaupood\/\" \/>\n<meta property=\"article:modified_time\" content=\"2026-01-07T19:13:06+00:00\" \/>\n<meta property=\"og:image\" content=\"https:\/\/miumjau.ee\/wp-content\/uploads\/2025\/04\/ambrosia-adult-fresh-lamb-Photoroom.webp\" \/>\n\t<meta property=\"og:image:width\" content=\"600\" \/>\n\t<meta property=\"og:image:height\" content=\"800\" \/>\n\t<meta property=\"og:image:type\" content=\"image\/webp\" \/>\n<meta name=\"twitter:card\" content=\"summary_large_image\" \/>\n<script type=\"application\/ld+json\" class=\"yoast-schema-graph\">{\"@context\":\"https:\/\/schema.org\",\"@graph\":[{\"@type\":\"WebPage\",\"@id\":\"https:\/\/miumjau.ee\/lv\/produkts\/ambrosia-holistic-svaiga-jera-galas-bariba-suniem-15-kg\/\",\"url\":\"https:\/\/miumjau.ee\/lv\/produkts\/ambrosia-holistic-svaiga-jera-galas-bariba-suniem-15-kg\/\",\"name\":\"Ambrosia Holistic svaiga j\u0113ra ga\u013cas bar\u012bba su\u0146iem 1,5 kg - MiuMjau\",\"isPartOf\":{\"@id\":\"https:\/\/miumjau.ee\/#website\"},\"primaryImageOfPage\":{\"@id\":\"https:\/\/miumjau.ee\/lv\/produkts\/ambrosia-holistic-svaiga-jera-galas-bariba-suniem-15-kg\/#primaryimage\"},\"image\":{\"@id\":\"https:\/\/miumjau.ee\/lv\/produkts\/ambrosia-holistic-svaiga-jera-galas-bariba-suniem-15-kg\/#primaryimage\"},\"thumbnailUrl\":\"https:\/\/miumjau.ee\/wp-content\/uploads\/2025\/04\/ambrosia-adult-fresh-lamb-Photoroom.webp\",\"datePublished\":\"2025-04-07T12:38:24+00:00\",\"dateModified\":\"2026-01-07T19:13:06+00:00\",\"description\":\"Ambrosia ir garda, ar lielisk\u0101m sast\u0101vda\u013c\u0101m un bez graudiem. Pla\u0161a da\u017e\u0101du gar\u0161u izv\u0113le - n\u0101c un atrodi sava su\u0146a iecien\u012bt\u0101ko!\",\"breadcrumb\":{\"@id\":\"https:\/\/miumjau.ee\/lv\/produkts\/ambrosia-holistic-svaiga-jera-galas-bariba-suniem-15-kg\/#breadcrumb\"},\"inLanguage\":\"lv-LV\",\"potentialAction\":[{\"@type\":\"ReadAction\",\"target\":[\"https:\/\/miumjau.ee\/lv\/produkts\/ambrosia-holistic-svaiga-jera-galas-bariba-suniem-15-kg\/\"]}]},{\"@type\":\"ImageObject\",\"inLanguage\":\"lv-LV\",\"@id\":\"https:\/\/miumjau.ee\/lv\/produkts\/ambrosia-holistic-svaiga-jera-galas-bariba-suniem-15-kg\/#primaryimage\",\"url\":\"https:\/\/miumjau.ee\/wp-content\/uploads\/2025\/04\/ambrosia-adult-fresh-lamb-Photoroom.webp\",\"contentUrl\":\"https:\/\/miumjau.ee\/wp-content\/uploads\/2025\/04\/ambrosia-adult-fresh-lamb-Photoroom.webp\",\"width\":600,\"height\":800},{\"@type\":\"BreadcrumbList\",\"@id\":\"https:\/\/miumjau.ee\/lv\/produkts\/ambrosia-holistic-svaiga-jera-galas-bariba-suniem-15-kg\/#breadcrumb\",\"itemListElement\":[{\"@type\":\"ListItem\",\"position\":1,\"name\":\"Home\",\"item\":\"https:\/\/miumjau.ee\/lv\/\"},{\"@type\":\"ListItem\",\"position\":2,\"name\":\"Veikals\",\"item\":\"https:\/\/miumjau.ee\/lv\/veikals\/\"},{\"@type\":\"ListItem\",\"position\":3,\"name\":\"Ambrosia Holistic svaiga j\u0113ra ga\u013cas bar\u012bba su\u0146iem 1,5 kg\"}]},{\"@type\":\"WebSite\",\"@id\":\"https:\/\/miumjau.ee\/#website\",\"url\":\"https:\/\/miumjau.ee\/\",\"name\":\"MiuMjau\",\"description\":\"Kraapimispuud kassidele\",\"publisher\":{\"@id\":\"https:\/\/miumjau.ee\/#organization\"},\"potentialAction\":[{\"@type\":\"SearchAction\",\"target\":{\"@type\":\"EntryPoint\",\"urlTemplate\":\"https:\/\/miumjau.ee\/?s={search_term_string}\"},\"query-input\":{\"@type\":\"PropertyValueSpecification\",\"valueRequired\":true,\"valueName\":\"search_term_string\"}}],\"inLanguage\":\"lv-LV\"},{\"@type\":\"Organization\",\"@id\":\"https:\/\/miumjau.ee\/#organization\",\"name\":\"MiuMjau O\u00dc\",\"url\":\"https:\/\/miumjau.ee\/\",\"logo\":{\"@type\":\"ImageObject\",\"inLanguage\":\"lv-LV\",\"@id\":\"https:\/\/miumjau.ee\/#\/schema\/logo\/image\/\",\"url\":\"https:\/\/miumjau.ee\/wp-content\/uploads\/2022\/04\/MiuMjau-logo-kollane.png\",\"contentUrl\":\"https:\/\/miumjau.ee\/wp-content\/uploads\/2022\/04\/MiuMjau-logo-kollane.png\",\"width\":219,\"height\":100,\"caption\":\"MiuMjau O\u00dc\"},\"image\":{\"@id\":\"https:\/\/miumjau.ee\/#\/schema\/logo\/image\/\"},\"sameAs\":[\"https:\/\/www.facebook.com\/miumjaupood\/\"]}]}<\/script>\n<!-- \/ Yoast SEO plugin. -->","yoast_head_json":{"title":"Ambrosia Holistic svaiga j\u0113ra ga\u013cas bar\u012bba su\u0146iem 1,5 kg - MiuMjau","description":"Ambrosia ir garda, ar lielisk\u0101m sast\u0101vda\u013c\u0101m un bez graudiem. Pla\u0161a da\u017e\u0101du gar\u0161u izv\u0113le - n\u0101c un atrodi sava su\u0146a iecien\u012bt\u0101ko!","robots":{"index":"index","follow":"follow","max-snippet":"max-snippet:-1","max-image-preview":"max-image-preview:large","max-video-preview":"max-video-preview:-1"},"canonical":"https:\/\/miumjau.ee\/lv\/produkts\/ambrosia-holistic-svaiga-jera-galas-bariba-suniem-15-kg\/","og_locale":"lv_LV","og_type":"article","og_title":"Ambrosia Holistic svaiga j\u0113ra ga\u013cas bar\u012bba su\u0146iem 1,5 kg - MiuMjau","og_description":"Ambrosia ir garda, ar lielisk\u0101m sast\u0101vda\u013c\u0101m un bez graudiem. Pla\u0161a da\u017e\u0101du gar\u0161u izv\u0113le - n\u0101c un atrodi sava su\u0146a iecien\u012bt\u0101ko!","og_url":"https:\/\/miumjau.ee\/lv\/produkts\/ambrosia-holistic-svaiga-jera-galas-bariba-suniem-15-kg\/","og_site_name":"MiuMjau","article_publisher":"https:\/\/www.facebook.com\/miumjaupood\/","article_modified_time":"2026-01-07T19:13:06+00:00","og_image":[{"width":600,"height":800,"url":"https:\/\/miumjau.ee\/wp-content\/uploads\/2025\/04\/ambrosia-adult-fresh-lamb-Photoroom.webp","type":"image\/webp"}],"twitter_card":"summary_large_image","schema":{"@context":"https:\/\/schema.org","@graph":[{"@type":"WebPage","@id":"https:\/\/miumjau.ee\/lv\/produkts\/ambrosia-holistic-svaiga-jera-galas-bariba-suniem-15-kg\/","url":"https:\/\/miumjau.ee\/lv\/produkts\/ambrosia-holistic-svaiga-jera-galas-bariba-suniem-15-kg\/","name":"Ambrosia Holistic svaiga j\u0113ra ga\u013cas bar\u012bba su\u0146iem 1,5 kg - MiuMjau","isPartOf":{"@id":"https:\/\/miumjau.ee\/#website"},"primaryImageOfPage":{"@id":"https:\/\/miumjau.ee\/lv\/produkts\/ambrosia-holistic-svaiga-jera-galas-bariba-suniem-15-kg\/#primaryimage"},"image":{"@id":"https:\/\/miumjau.ee\/lv\/produkts\/ambrosia-holistic-svaiga-jera-galas-bariba-suniem-15-kg\/#primaryimage"},"thumbnailUrl":"https:\/\/miumjau.ee\/wp-content\/uploads\/2025\/04\/ambrosia-adult-fresh-lamb-Photoroom.webp","datePublished":"2025-04-07T12:38:24+00:00","dateModified":"2026-01-07T19:13:06+00:00","description":"Ambrosia ir garda, ar lielisk\u0101m sast\u0101vda\u013c\u0101m un bez graudiem. Pla\u0161a da\u017e\u0101du gar\u0161u izv\u0113le - n\u0101c un atrodi sava su\u0146a iecien\u012bt\u0101ko!","breadcrumb":{"@id":"https:\/\/miumjau.ee\/lv\/produkts\/ambrosia-holistic-svaiga-jera-galas-bariba-suniem-15-kg\/#breadcrumb"},"inLanguage":"lv-LV","potentialAction":[{"@type":"ReadAction","target":["https:\/\/miumjau.ee\/lv\/produkts\/ambrosia-holistic-svaiga-jera-galas-bariba-suniem-15-kg\/"]}]},{"@type":"ImageObject","inLanguage":"lv-LV","@id":"https:\/\/miumjau.ee\/lv\/produkts\/ambrosia-holistic-svaiga-jera-galas-bariba-suniem-15-kg\/#primaryimage","url":"https:\/\/miumjau.ee\/wp-content\/uploads\/2025\/04\/ambrosia-adult-fresh-lamb-Photoroom.webp","contentUrl":"https:\/\/miumjau.ee\/wp-content\/uploads\/2025\/04\/ambrosia-adult-fresh-lamb-Photoroom.webp","width":600,"height":800},{"@type":"BreadcrumbList","@id":"https:\/\/miumjau.ee\/lv\/produkts\/ambrosia-holistic-svaiga-jera-galas-bariba-suniem-15-kg\/#breadcrumb","itemListElement":[{"@type":"ListItem","position":1,"name":"Home","item":"https:\/\/miumjau.ee\/lv\/"},{"@type":"ListItem","position":2,"name":"Veikals","item":"https:\/\/miumjau.ee\/lv\/veikals\/"},{"@type":"ListItem","position":3,"name":"Ambrosia Holistic svaiga j\u0113ra ga\u013cas bar\u012bba su\u0146iem 1,5 kg"}]},{"@type":"WebSite","@id":"https:\/\/miumjau.ee\/#website","url":"https:\/\/miumjau.ee\/","name":"MiuMjau","description":"Kraapimispuud kassidele","publisher":{"@id":"https:\/\/miumjau.ee\/#organization"},"potentialAction":[{"@type":"SearchAction","target":{"@type":"EntryPoint","urlTemplate":"https:\/\/miumjau.ee\/?s={search_term_string}"},"query-input":{"@type":"PropertyValueSpecification","valueRequired":true,"valueName":"search_term_string"}}],"inLanguage":"lv-LV"},{"@type":"Organization","@id":"https:\/\/miumjau.ee\/#organization","name":"MiuMjau O\u00dc","url":"https:\/\/miumjau.ee\/","logo":{"@type":"ImageObject","inLanguage":"lv-LV","@id":"https:\/\/miumjau.ee\/#\/schema\/logo\/image\/","url":"https:\/\/miumjau.ee\/wp-content\/uploads\/2022\/04\/MiuMjau-logo-kollane.png","contentUrl":"https:\/\/miumjau.ee\/wp-content\/uploads\/2022\/04\/MiuMjau-logo-kollane.png","width":219,"height":100,"caption":"MiuMjau O\u00dc"},"image":{"@id":"https:\/\/miumjau.ee\/#\/schema\/logo\/image\/"},"sameAs":["https:\/\/www.facebook.com\/miumjaupood\/"]}]}},"_links":{"self":[{"href":"https:\/\/miumjau.ee\/lv\/wp-json\/wp\/v2\/product\/50955","targetHints":{"allow":["GET"]}}],"collection":[{"href":"https:\/\/miumjau.ee\/lv\/wp-json\/wp\/v2\/product"}],"about":[{"href":"https:\/\/miumjau.ee\/lv\/wp-json\/wp\/v2\/types\/product"}],"wp:featuredmedia":[{"embeddable":true,"href":"https:\/\/miumjau.ee\/lv\/wp-json\/wp\/v2\/media\/50956"}],"wp:attachment":[{"href":"https:\/\/miumjau.ee\/lv\/wp-json\/wp\/v2\/media?parent=50955"}],"wp:term":[{"taxonomy":"product_brand","embeddable":true,"href":"https:\/\/miumjau.ee\/lv\/wp-json\/wp\/v2\/product_brand?post=50955"},{"taxonomy":"product_cat","embeddable":true,"href":"https:\/\/miumjau.ee\/lv\/wp-json\/wp\/v2\/product_cat?post=50955"},{"taxonomy":"product_tag","embeddable":true,"href":"https:\/\/miumjau.ee\/lv\/wp-json\/wp\/v2\/product_tag?post=50955"}],"curies":[{"name":"wp","href":"https:\/\/api.w.org\/{rel}","templated":true}]}}