{"id":50952,"date":"2025-04-07T15:44:08","date_gmt":"2025-04-07T12:44:08","guid":{"rendered":"https:\/\/miumjau.ee\/toode\/ambrosia-svaiga-sunu-bariba-mini-skirnem-ar-lasi-un-trusiem-15-kg\/"},"modified":"2026-01-07T21:13:06","modified_gmt":"2026-01-07T19:13:06","slug":"ambrosia-svaiga-sunu-bariba-mini-skirnem-ar-lasi-un-trusiem-15-kg","status":"publish","type":"product","link":"https:\/\/miumjau.ee\/lv\/produkts\/ambrosia-svaiga-sunu-bariba-mini-skirnem-ar-lasi-un-trusiem-15-kg\/","title":{"rendered":"Ambrosia svaiga su\u0146u bar\u012bba mini \u0161\u0137irn\u0113m ar lasi un tru\u0161iem 1,5 kg"},"content":{"rendered":"","protected":false},"excerpt":{"rendered":"<p>Ambrosia svaigs lasis un trusis \u2013 barojo\u0161a un viegli sagremojama superbar\u012bba mazo \u0161\u0137ir\u0146u su\u0146iem!<\/p>\n<p>Ambrosia svaig\u0101 la\u0161a un trusis recepte ir \u012bpa\u0161i izstr\u0101d\u0101ta mazo \u0161\u0137ir\u0146u pieaugu\u0161iem su\u0146iem ar \u0101tr\u0101ku vielmai\u0146u un liel\u0101k\u0101m ener\u0123ijas vajadz\u012bb\u0101m. M\u0113s apvienojam viegli sagremojamu svaigu lasi ar uzturviel\u0101m bag\u0101tu tru\u0161a ga\u013cu, lai nodro\u0161in\u0101tu hipoaler\u0123isku, bezglut\u0113na recepti, kas atbalsta gremo\u0161anu, loc\u012btavu vesel\u012bbu un nodro\u0161ina nepiecie\u0161amo ener\u0123iju visas dienas garum\u0101.<\/p>\n<p>Ide\u0101li piem\u0113rots maziem \u0137erme\u0146iem ar liel\u0101m vajadz\u012bb\u0101m.<br \/>\n\ud83d\udc1f Viegli sagremojama la\u0161a un tru\u0161a ga\u013ca \u2013 augstas biolo\u0123isk\u0101s v\u0113rt\u012bbas olbaltumvielas musku\u013cu veido\u0161anai<br \/>\n\ud83c\udf60 Saldais kartupelis \u2013 bezglut\u0113na og\u013chidr\u0101tu avots, kas atbalsta gremo\u0161anu<br \/>\n\ud83e\udda0 Prebiotikas, probiotikas un m\u0101la miner\u0101li \u2013 pal\u012bdz uztur\u0113t pareizu gremo\u0161anu un nov\u0113r\u0161 gremo\u0161anas trauc\u0113jumus<br \/>\n\ud83e\uddb4 Glikozam\u012bns un hondroit\u012bns \u2013 loc\u012btav\u0101m, kur\u0101m j\u0101iztur maza su\u0146a liel\u0101 aktivit\u0101te<br \/>\n\ud83d\udc93 Taur\u012bna un L-karnit\u012bna uztura bag\u0101tin\u0101t\u0101js \u2013 atbalsta sirds darb\u012bbu un pal\u012bdz uztur\u0113t musku\u013cu masu<\/p>\n<p>Sast\u0101vda\u013cas: Lasis (20%, ieskaitot svaigu lasi 10%, \u017e\u0101v\u0113tu la\u0161a prote\u012bnu 10%), trusis (20%, ieskaitot svaigu tru\u0161a ga\u013cu 10%, \u017e\u0101v\u0113tu tru\u0161a ga\u013cu 10%), kartupe\u013cu ciete, hidroliz\u0113ts dz\u012bvnieku prote\u012bns (10%), zir\u0146i, \u0161\u0137eltie zir\u0146i, dz\u012bvnieku tauki (9%), saldais kartupelis, \u017e\u0101v\u0113ta bie\u0161u m\u012bkstums, lins\u0113klas, \u017e\u0101v\u0113ts alus raugs, MOS un beta-glik\u0101ni, la\u0161a e\u013c\u013ca (0,5%), cigori\u0146i (inul\u012bna un FOS avots), miner\u0101lvielas, \u017e\u0101v\u0113ti broko\u013ci, spin\u0101ti, tom\u0101ti, dz\u0113rvenes, mellenes, glikozam\u012bns (150 mg\/kg), hondroit\u012bna sulf\u0101ts (150 mg\/kg), augu ekstrakts (Yucca schidigera, rozmar\u012bns, v\u012bnogu s\u0113klas, kurkuma, citrusaug\u013ci, krustnagli\u0146as).<\/p>\n<p>Anal\u012btiskais sast\u0101vs: Neapstr\u0101d\u0101ts prote\u012bns 30%, Neapstr\u0101d\u0101ti tauki 20%, Omega-3 tauksk\u0101bes 1,1%, Omega-6 tauksk\u0101bes 3,4%, Pelni 6,5%, Neapstr\u0101d\u0101ta \u0161\u0137iedra 3%, Mitrums 9%, Kalcijs 1,1%, Fosfors 0,8%<br \/>\nPiedevas: A vitam\u012bns \u2013 14 000 SV, D3 vitam\u012bns \u2013 1 000 SV, E vitam\u012bns \u2013 350 mg, Taur\u012bns \u2013 1 500 mg, L-karnit\u012bns \u2013 50 mg<br \/>\nMetaboliz\u0113jam\u0101 ener\u0123ija: 4 055 kcal\/kg<\/p>\n<p>\ud83d\udc9a Ambrosia Fresh Salmon &amp; Rabbit \u2013 bar\u012bba, kas rad\u012bta maziem su\u0146iem, kas sniedz lielisku atbalstu!<\/p>\n","protected":false},"featured_media":50953,"template":"","meta":[],"product_brand":[],"product_cat":[575],"product_tag":[],"class_list":{"0":"post-50952","1":"product","2":"type-product","3":"status-publish","4":"has-post-thumbnail","6":"product_cat-sausa-bariba-suniem","8":"first","9":"instock","10":"taxable","11":"shipping-taxable","12":"purchasable","13":"product-type-simple"},"yoast_head":"<!-- This site is optimized with the Yoast SEO plugin v27.2 - https:\/\/yoast.com\/product\/yoast-seo-wordpress\/ -->\n<title>Ambrosia svaiga su\u0146u bar\u012bba mini \u0161\u0137irn\u0113m ar lasi un tru\u0161iem 1,5 kg - MiuMjau<\/title>\n<meta name=\"description\" content=\"Ambrosia ir garda, ar lielisk\u0101m sast\u0101vda\u013c\u0101m un bez graudiem. Pla\u0161a da\u017e\u0101du gar\u0161u izv\u0113le - n\u0101c un atrodi sava su\u0146a iecien\u012bt\u0101ko!\" \/>\n<meta name=\"robots\" content=\"index, follow, max-snippet:-1, max-image-preview:large, max-video-preview:-1\" \/>\n<link rel=\"canonical\" href=\"https:\/\/miumjau.ee\/lv\/produkts\/ambrosia-svaiga-sunu-bariba-mini-skirnem-ar-lasi-un-trusiem-15-kg\/\" \/>\n<meta property=\"og:locale\" content=\"lv_LV\" \/>\n<meta property=\"og:type\" content=\"article\" \/>\n<meta property=\"og:title\" content=\"Ambrosia svaiga su\u0146u bar\u012bba mini \u0161\u0137irn\u0113m ar lasi un tru\u0161iem 1,5 kg - MiuMjau\" \/>\n<meta property=\"og:description\" content=\"Ambrosia ir garda, ar lielisk\u0101m sast\u0101vda\u013c\u0101m un bez graudiem. Pla\u0161a da\u017e\u0101du gar\u0161u izv\u0113le - n\u0101c un atrodi sava su\u0146a iecien\u012bt\u0101ko!\" \/>\n<meta property=\"og:url\" content=\"https:\/\/miumjau.ee\/lv\/produkts\/ambrosia-svaiga-sunu-bariba-mini-skirnem-ar-lasi-un-trusiem-15-kg\/\" \/>\n<meta property=\"og:site_name\" content=\"MiuMjau\" \/>\n<meta property=\"article:publisher\" content=\"https:\/\/www.facebook.com\/miumjaupood\/\" \/>\n<meta property=\"article:modified_time\" content=\"2026-01-07T19:13:06+00:00\" \/>\n<meta property=\"og:image\" content=\"https:\/\/miumjau.ee\/wp-content\/uploads\/2025\/04\/Ambrosia-mini-salmon-rabbit-adult-Photoroom.webp\" \/>\n\t<meta property=\"og:image:width\" content=\"600\" \/>\n\t<meta property=\"og:image:height\" content=\"800\" \/>\n\t<meta property=\"og:image:type\" content=\"image\/webp\" \/>\n<meta name=\"twitter:card\" content=\"summary_large_image\" \/>\n<script type=\"application\/ld+json\" class=\"yoast-schema-graph\">{\"@context\":\"https:\/\/schema.org\",\"@graph\":[{\"@type\":\"WebPage\",\"@id\":\"https:\/\/miumjau.ee\/lv\/produkts\/ambrosia-svaiga-sunu-bariba-mini-skirnem-ar-lasi-un-trusiem-15-kg\/\",\"url\":\"https:\/\/miumjau.ee\/lv\/produkts\/ambrosia-svaiga-sunu-bariba-mini-skirnem-ar-lasi-un-trusiem-15-kg\/\",\"name\":\"Ambrosia svaiga su\u0146u bar\u012bba mini \u0161\u0137irn\u0113m ar lasi un tru\u0161iem 1,5 kg - MiuMjau\",\"isPartOf\":{\"@id\":\"https:\/\/miumjau.ee\/#website\"},\"primaryImageOfPage\":{\"@id\":\"https:\/\/miumjau.ee\/lv\/produkts\/ambrosia-svaiga-sunu-bariba-mini-skirnem-ar-lasi-un-trusiem-15-kg\/#primaryimage\"},\"image\":{\"@id\":\"https:\/\/miumjau.ee\/lv\/produkts\/ambrosia-svaiga-sunu-bariba-mini-skirnem-ar-lasi-un-trusiem-15-kg\/#primaryimage\"},\"thumbnailUrl\":\"https:\/\/miumjau.ee\/wp-content\/uploads\/2025\/04\/Ambrosia-mini-salmon-rabbit-adult-Photoroom.webp\",\"datePublished\":\"2025-04-07T12:44:08+00:00\",\"dateModified\":\"2026-01-07T19:13:06+00:00\",\"description\":\"Ambrosia ir garda, ar lielisk\u0101m sast\u0101vda\u013c\u0101m un bez graudiem. Pla\u0161a da\u017e\u0101du gar\u0161u izv\u0113le - n\u0101c un atrodi sava su\u0146a iecien\u012bt\u0101ko!\",\"breadcrumb\":{\"@id\":\"https:\/\/miumjau.ee\/lv\/produkts\/ambrosia-svaiga-sunu-bariba-mini-skirnem-ar-lasi-un-trusiem-15-kg\/#breadcrumb\"},\"inLanguage\":\"lv-LV\",\"potentialAction\":[{\"@type\":\"ReadAction\",\"target\":[\"https:\/\/miumjau.ee\/lv\/produkts\/ambrosia-svaiga-sunu-bariba-mini-skirnem-ar-lasi-un-trusiem-15-kg\/\"]}]},{\"@type\":\"ImageObject\",\"inLanguage\":\"lv-LV\",\"@id\":\"https:\/\/miumjau.ee\/lv\/produkts\/ambrosia-svaiga-sunu-bariba-mini-skirnem-ar-lasi-un-trusiem-15-kg\/#primaryimage\",\"url\":\"https:\/\/miumjau.ee\/wp-content\/uploads\/2025\/04\/Ambrosia-mini-salmon-rabbit-adult-Photoroom.webp\",\"contentUrl\":\"https:\/\/miumjau.ee\/wp-content\/uploads\/2025\/04\/Ambrosia-mini-salmon-rabbit-adult-Photoroom.webp\",\"width\":600,\"height\":800},{\"@type\":\"BreadcrumbList\",\"@id\":\"https:\/\/miumjau.ee\/lv\/produkts\/ambrosia-svaiga-sunu-bariba-mini-skirnem-ar-lasi-un-trusiem-15-kg\/#breadcrumb\",\"itemListElement\":[{\"@type\":\"ListItem\",\"position\":1,\"name\":\"Home\",\"item\":\"https:\/\/miumjau.ee\/lv\/\"},{\"@type\":\"ListItem\",\"position\":2,\"name\":\"Veikals\",\"item\":\"https:\/\/miumjau.ee\/lv\/veikals\/\"},{\"@type\":\"ListItem\",\"position\":3,\"name\":\"Ambrosia svaiga su\u0146u bar\u012bba mini \u0161\u0137irn\u0113m ar lasi un tru\u0161iem 1,5 kg\"}]},{\"@type\":\"WebSite\",\"@id\":\"https:\/\/miumjau.ee\/#website\",\"url\":\"https:\/\/miumjau.ee\/\",\"name\":\"MiuMjau\",\"description\":\"Kraapimispuud kassidele\",\"publisher\":{\"@id\":\"https:\/\/miumjau.ee\/#organization\"},\"potentialAction\":[{\"@type\":\"SearchAction\",\"target\":{\"@type\":\"EntryPoint\",\"urlTemplate\":\"https:\/\/miumjau.ee\/?s={search_term_string}\"},\"query-input\":{\"@type\":\"PropertyValueSpecification\",\"valueRequired\":true,\"valueName\":\"search_term_string\"}}],\"inLanguage\":\"lv-LV\"},{\"@type\":\"Organization\",\"@id\":\"https:\/\/miumjau.ee\/#organization\",\"name\":\"MiuMjau O\u00dc\",\"url\":\"https:\/\/miumjau.ee\/\",\"logo\":{\"@type\":\"ImageObject\",\"inLanguage\":\"lv-LV\",\"@id\":\"https:\/\/miumjau.ee\/#\/schema\/logo\/image\/\",\"url\":\"https:\/\/miumjau.ee\/wp-content\/uploads\/2022\/04\/MiuMjau-logo-kollane.png\",\"contentUrl\":\"https:\/\/miumjau.ee\/wp-content\/uploads\/2022\/04\/MiuMjau-logo-kollane.png\",\"width\":219,\"height\":100,\"caption\":\"MiuMjau O\u00dc\"},\"image\":{\"@id\":\"https:\/\/miumjau.ee\/#\/schema\/logo\/image\/\"},\"sameAs\":[\"https:\/\/www.facebook.com\/miumjaupood\/\"]}]}<\/script>\n<!-- \/ Yoast SEO plugin. -->","yoast_head_json":{"title":"Ambrosia svaiga su\u0146u bar\u012bba mini \u0161\u0137irn\u0113m ar lasi un tru\u0161iem 1,5 kg - MiuMjau","description":"Ambrosia ir garda, ar lielisk\u0101m sast\u0101vda\u013c\u0101m un bez graudiem. Pla\u0161a da\u017e\u0101du gar\u0161u izv\u0113le - n\u0101c un atrodi sava su\u0146a iecien\u012bt\u0101ko!","robots":{"index":"index","follow":"follow","max-snippet":"max-snippet:-1","max-image-preview":"max-image-preview:large","max-video-preview":"max-video-preview:-1"},"canonical":"https:\/\/miumjau.ee\/lv\/produkts\/ambrosia-svaiga-sunu-bariba-mini-skirnem-ar-lasi-un-trusiem-15-kg\/","og_locale":"lv_LV","og_type":"article","og_title":"Ambrosia svaiga su\u0146u bar\u012bba mini \u0161\u0137irn\u0113m ar lasi un tru\u0161iem 1,5 kg - MiuMjau","og_description":"Ambrosia ir garda, ar lielisk\u0101m sast\u0101vda\u013c\u0101m un bez graudiem. Pla\u0161a da\u017e\u0101du gar\u0161u izv\u0113le - n\u0101c un atrodi sava su\u0146a iecien\u012bt\u0101ko!","og_url":"https:\/\/miumjau.ee\/lv\/produkts\/ambrosia-svaiga-sunu-bariba-mini-skirnem-ar-lasi-un-trusiem-15-kg\/","og_site_name":"MiuMjau","article_publisher":"https:\/\/www.facebook.com\/miumjaupood\/","article_modified_time":"2026-01-07T19:13:06+00:00","og_image":[{"width":600,"height":800,"url":"https:\/\/miumjau.ee\/wp-content\/uploads\/2025\/04\/Ambrosia-mini-salmon-rabbit-adult-Photoroom.webp","type":"image\/webp"}],"twitter_card":"summary_large_image","schema":{"@context":"https:\/\/schema.org","@graph":[{"@type":"WebPage","@id":"https:\/\/miumjau.ee\/lv\/produkts\/ambrosia-svaiga-sunu-bariba-mini-skirnem-ar-lasi-un-trusiem-15-kg\/","url":"https:\/\/miumjau.ee\/lv\/produkts\/ambrosia-svaiga-sunu-bariba-mini-skirnem-ar-lasi-un-trusiem-15-kg\/","name":"Ambrosia svaiga su\u0146u bar\u012bba mini \u0161\u0137irn\u0113m ar lasi un tru\u0161iem 1,5 kg - MiuMjau","isPartOf":{"@id":"https:\/\/miumjau.ee\/#website"},"primaryImageOfPage":{"@id":"https:\/\/miumjau.ee\/lv\/produkts\/ambrosia-svaiga-sunu-bariba-mini-skirnem-ar-lasi-un-trusiem-15-kg\/#primaryimage"},"image":{"@id":"https:\/\/miumjau.ee\/lv\/produkts\/ambrosia-svaiga-sunu-bariba-mini-skirnem-ar-lasi-un-trusiem-15-kg\/#primaryimage"},"thumbnailUrl":"https:\/\/miumjau.ee\/wp-content\/uploads\/2025\/04\/Ambrosia-mini-salmon-rabbit-adult-Photoroom.webp","datePublished":"2025-04-07T12:44:08+00:00","dateModified":"2026-01-07T19:13:06+00:00","description":"Ambrosia ir garda, ar lielisk\u0101m sast\u0101vda\u013c\u0101m un bez graudiem. Pla\u0161a da\u017e\u0101du gar\u0161u izv\u0113le - n\u0101c un atrodi sava su\u0146a iecien\u012bt\u0101ko!","breadcrumb":{"@id":"https:\/\/miumjau.ee\/lv\/produkts\/ambrosia-svaiga-sunu-bariba-mini-skirnem-ar-lasi-un-trusiem-15-kg\/#breadcrumb"},"inLanguage":"lv-LV","potentialAction":[{"@type":"ReadAction","target":["https:\/\/miumjau.ee\/lv\/produkts\/ambrosia-svaiga-sunu-bariba-mini-skirnem-ar-lasi-un-trusiem-15-kg\/"]}]},{"@type":"ImageObject","inLanguage":"lv-LV","@id":"https:\/\/miumjau.ee\/lv\/produkts\/ambrosia-svaiga-sunu-bariba-mini-skirnem-ar-lasi-un-trusiem-15-kg\/#primaryimage","url":"https:\/\/miumjau.ee\/wp-content\/uploads\/2025\/04\/Ambrosia-mini-salmon-rabbit-adult-Photoroom.webp","contentUrl":"https:\/\/miumjau.ee\/wp-content\/uploads\/2025\/04\/Ambrosia-mini-salmon-rabbit-adult-Photoroom.webp","width":600,"height":800},{"@type":"BreadcrumbList","@id":"https:\/\/miumjau.ee\/lv\/produkts\/ambrosia-svaiga-sunu-bariba-mini-skirnem-ar-lasi-un-trusiem-15-kg\/#breadcrumb","itemListElement":[{"@type":"ListItem","position":1,"name":"Home","item":"https:\/\/miumjau.ee\/lv\/"},{"@type":"ListItem","position":2,"name":"Veikals","item":"https:\/\/miumjau.ee\/lv\/veikals\/"},{"@type":"ListItem","position":3,"name":"Ambrosia svaiga su\u0146u bar\u012bba mini \u0161\u0137irn\u0113m ar lasi un tru\u0161iem 1,5 kg"}]},{"@type":"WebSite","@id":"https:\/\/miumjau.ee\/#website","url":"https:\/\/miumjau.ee\/","name":"MiuMjau","description":"Kraapimispuud kassidele","publisher":{"@id":"https:\/\/miumjau.ee\/#organization"},"potentialAction":[{"@type":"SearchAction","target":{"@type":"EntryPoint","urlTemplate":"https:\/\/miumjau.ee\/?s={search_term_string}"},"query-input":{"@type":"PropertyValueSpecification","valueRequired":true,"valueName":"search_term_string"}}],"inLanguage":"lv-LV"},{"@type":"Organization","@id":"https:\/\/miumjau.ee\/#organization","name":"MiuMjau O\u00dc","url":"https:\/\/miumjau.ee\/","logo":{"@type":"ImageObject","inLanguage":"lv-LV","@id":"https:\/\/miumjau.ee\/#\/schema\/logo\/image\/","url":"https:\/\/miumjau.ee\/wp-content\/uploads\/2022\/04\/MiuMjau-logo-kollane.png","contentUrl":"https:\/\/miumjau.ee\/wp-content\/uploads\/2022\/04\/MiuMjau-logo-kollane.png","width":219,"height":100,"caption":"MiuMjau O\u00dc"},"image":{"@id":"https:\/\/miumjau.ee\/#\/schema\/logo\/image\/"},"sameAs":["https:\/\/www.facebook.com\/miumjaupood\/"]}]}},"_links":{"self":[{"href":"https:\/\/miumjau.ee\/lv\/wp-json\/wp\/v2\/product\/50952","targetHints":{"allow":["GET"]}}],"collection":[{"href":"https:\/\/miumjau.ee\/lv\/wp-json\/wp\/v2\/product"}],"about":[{"href":"https:\/\/miumjau.ee\/lv\/wp-json\/wp\/v2\/types\/product"}],"wp:featuredmedia":[{"embeddable":true,"href":"https:\/\/miumjau.ee\/lv\/wp-json\/wp\/v2\/media\/50953"}],"wp:attachment":[{"href":"https:\/\/miumjau.ee\/lv\/wp-json\/wp\/v2\/media?parent=50952"}],"wp:term":[{"taxonomy":"product_brand","embeddable":true,"href":"https:\/\/miumjau.ee\/lv\/wp-json\/wp\/v2\/product_brand?post=50952"},{"taxonomy":"product_cat","embeddable":true,"href":"https:\/\/miumjau.ee\/lv\/wp-json\/wp\/v2\/product_cat?post=50952"},{"taxonomy":"product_tag","embeddable":true,"href":"https:\/\/miumjau.ee\/lv\/wp-json\/wp\/v2\/product_tag?post=50952"}],"curies":[{"name":"wp","href":"https:\/\/api.w.org\/{rel}","templated":true}]}}