{"id":50949,"date":"2025-04-07T19:41:52","date_gmt":"2025-04-07T16:41:52","guid":{"rendered":"https:\/\/miumjau.ee\/toode\/ambrosia-kuceniem-un-augsanas-periodam-lielo-skirnu-bariba-ar-vistu-un-lasi-12-kg\/"},"modified":"2026-01-07T21:13:06","modified_gmt":"2026-01-07T19:13:06","slug":"ambrosia-kuceniem-un-augsanas-periodam-lielo-skirnu-bariba-ar-vistu-un-lasi-12-kg","status":"publish","type":"product","link":"https:\/\/miumjau.ee\/lv\/produkts\/ambrosia-kuceniem-un-augsanas-periodam-lielo-skirnu-bariba-ar-vistu-un-lasi-12-kg\/","title":{"rendered":"Ambrosia kuc\u0113niem un aug\u0161anas periodam lielo \u0161\u0137ir\u0146u bar\u012bba ar vistu un lasi 12 kg"},"content":{"rendered":"","protected":false},"excerpt":{"rendered":"<p>Ambrosia Puppy &amp; Growth \u2013 svaiga vista un lasis \u2013 pilnv\u0113rt\u012bga bar\u012bba lieliem kuc\u0113niem \u2013 vesel\u012bgas aug\u0161anas atbalstam!<\/p>\n<p>Recepte ir \u012bpa\u0161i rad\u012bta lielo \u0161\u0137ir\u0146u su\u0146iem, kuru aug\u0161anas period\u0101 nepiecie\u0161ams sabalans\u0113ts uzturs, kas atbalsta loc\u012btavas un kaulus. \u0160\u012b vid\u0113ja lieluma, krauk\u0161\u0137\u012bg\u0101 recepte apvieno svaigu vistu un \u017e\u0101v\u0113tu lasi, nodro\u0161inot augstas kvalit\u0101tes olbaltumvielas, neaizvietojam\u0101s tauksk\u0101bes, vitam\u012bnus un miner\u0101lvielas vesel\u012bgai un sp\u0113c\u012bgai aug\u0161anai.<\/p>\n<p>Vesel\u012bga aug\u0161ana, sp\u0113c\u012bgs \u0137ermenis.<br \/>\n\ud83d\udc14 Svaiga vistas ga\u013ca un lasis \u2013 augstas kvalit\u0101tes olbaltumvielas musku\u013cu att\u012bst\u012bbai<br \/>\n\ud83e\uddb4 Glikozam\u012bns un hondroit\u012bns \u2013 loc\u012btavu un skrim\u0161\u013cu att\u012bst\u012bbai<br \/>\n\ud83e\udda0 Prebiotikas un probiotikas \u2013 veicina gremo\u0161anas un im\u016bnsist\u0113mas vesel\u012bbu<br \/>\n\ud83c\udf3f Augu ekstrakti un ogas \u2013 dabiski antioksidanti stiprina organismu<\/p>\n<p>Sast\u0101vda\u013cas:<br \/>\nM\u0101jputnu ga\u013ca (37%, ieskaitot svaigu vistu 15%, \u017e\u0101v\u0113tu m\u0101jputnu ga\u013cu 22%), kartupe\u013cu ciete, m\u0101jputnu tauki (11,5%), za\u013cie zirn\u012b\u0161i, \u0161\u0137eltie zirn\u012b\u0161i, hidroliz\u0113ts vistas prote\u012bns (8%), \u017e\u0101v\u0113ts lasis (4%), bie\u0161u m\u012bkstums, lins\u0113klas, miner\u0101lvielas, \u017e\u0101v\u0113ts alus raugs, cigori\u0146i (inul\u012bna un FOS avots), la\u0161a e\u013c\u013ca (0,5%), MOS (mann\u0101noligosahar\u012bdi), glikozam\u012bns (750 mg\/kg), hondroit\u012bna sulf\u0101ts (750 mg\/kg), \u017e\u0101v\u0113ti broko\u013ci, spin\u0101ti, dz\u0113rvenes, mellenes, augu ekstrakts (Yucca schidigera, rozmar\u012bns, v\u012bnogu s\u0113klas, kurkuma, citrusaug\u013ci, krustnagli\u0146as).<\/p>\n<p>Anal\u012btiskais sast\u0101vs: Neapstr\u0101d\u0101ts prote\u012bns 30%, Neapstr\u0101d\u0101ti tauki 20%, Omega-3 tauksk\u0101bes 0,7%, Omega-6 tauksk\u0101bes 2,8%, Pelni 8,5%, \u0160\u0137iedrvielas 2,5%, Mitrums 9%, Kalcijs 1,6%, Fosfors 1,1%<\/p>\n<p>Piedevas: A vitam\u012bns \u2013 14 000 SV, D3 vitam\u012bns \u2013 1350 SV, E vitam\u012bns \u2013 400 mg, Taur\u012bns \u2013 1000 mg, L-karnit\u012bns \u2013 50 mg<\/p>\n<p>Metaboliz\u0113jam\u0101 ener\u0123ija: 3984 kcal\/kg<\/p>\n<p>\ud83d\udc9a Ambrosia Fresh Chicken &amp; Salmon \u2013 piln\u012bb\u0101 sabalans\u0113ta augo\u0161a bar\u012bba lielu \u0161\u0137ir\u0146u kuc\u0113niem un jauniem su\u0146iem, kas jau no pa\u0161a s\u0101kuma atbalsta loc\u012btavas, gremo\u0161anas sist\u0113mu un vitalit\u0101ti.<\/p>\n","protected":false},"featured_media":50950,"template":"","meta":[],"product_brand":[],"product_cat":[575],"product_tag":[],"class_list":{"0":"post-50949","1":"product","2":"type-product","3":"status-publish","4":"has-post-thumbnail","6":"product_cat-sausa-bariba-suniem","8":"first","9":"instock","10":"sale","11":"taxable","12":"shipping-taxable","13":"purchasable","14":"product-type-simple"},"yoast_head":"<!-- This site is optimized with the Yoast SEO plugin v27.2 - https:\/\/yoast.com\/product\/yoast-seo-wordpress\/ -->\n<title>Ambrosia kuc\u0113niem un aug\u0161anas periodam lielo \u0161\u0137ir\u0146u bar\u012bba ar vistu un lasi 12 kg - MiuMjau<\/title>\n<meta name=\"description\" content=\"Ambrosia ir garda, ar lielisk\u0101m sast\u0101vda\u013c\u0101m un bez graudiem. Pla\u0161a da\u017e\u0101du gar\u0161u izv\u0113le - n\u0101c un atrodi sava su\u0146a iecien\u012bt\u0101ko!\" \/>\n<meta name=\"robots\" content=\"index, follow, max-snippet:-1, max-image-preview:large, max-video-preview:-1\" \/>\n<link rel=\"canonical\" href=\"https:\/\/miumjau.ee\/lv\/produkts\/ambrosia-kuceniem-un-augsanas-periodam-lielo-skirnu-bariba-ar-vistu-un-lasi-12-kg\/\" \/>\n<meta property=\"og:locale\" content=\"lv_LV\" \/>\n<meta property=\"og:type\" content=\"article\" \/>\n<meta property=\"og:title\" content=\"Ambrosia kuc\u0113niem un aug\u0161anas periodam lielo \u0161\u0137ir\u0146u bar\u012bba ar vistu un lasi 12 kg - MiuMjau\" \/>\n<meta property=\"og:description\" content=\"Ambrosia ir garda, ar lielisk\u0101m sast\u0101vda\u013c\u0101m un bez graudiem. Pla\u0161a da\u017e\u0101du gar\u0161u izv\u0113le - n\u0101c un atrodi sava su\u0146a iecien\u012bt\u0101ko!\" \/>\n<meta property=\"og:url\" content=\"https:\/\/miumjau.ee\/lv\/produkts\/ambrosia-kuceniem-un-augsanas-periodam-lielo-skirnu-bariba-ar-vistu-un-lasi-12-kg\/\" \/>\n<meta property=\"og:site_name\" content=\"MiuMjau\" \/>\n<meta property=\"article:publisher\" content=\"https:\/\/www.facebook.com\/miumjaupood\/\" \/>\n<meta property=\"article:modified_time\" content=\"2026-01-07T19:13:06+00:00\" \/>\n<meta property=\"og:image\" content=\"https:\/\/miumjau.ee\/wp-content\/uploads\/2025\/04\/ambrosia-puppy-growth-chicken-salmon-Photoroom.webp\" \/>\n\t<meta property=\"og:image:width\" content=\"600\" \/>\n\t<meta property=\"og:image:height\" content=\"800\" \/>\n\t<meta property=\"og:image:type\" content=\"image\/webp\" \/>\n<meta name=\"twitter:card\" content=\"summary_large_image\" \/>\n<script type=\"application\/ld+json\" class=\"yoast-schema-graph\">{\"@context\":\"https:\/\/schema.org\",\"@graph\":[{\"@type\":\"WebPage\",\"@id\":\"https:\/\/miumjau.ee\/lv\/produkts\/ambrosia-kuceniem-un-augsanas-periodam-lielo-skirnu-bariba-ar-vistu-un-lasi-12-kg\/\",\"url\":\"https:\/\/miumjau.ee\/lv\/produkts\/ambrosia-kuceniem-un-augsanas-periodam-lielo-skirnu-bariba-ar-vistu-un-lasi-12-kg\/\",\"name\":\"Ambrosia kuc\u0113niem un aug\u0161anas periodam lielo \u0161\u0137ir\u0146u bar\u012bba ar vistu un lasi 12 kg - MiuMjau\",\"isPartOf\":{\"@id\":\"https:\/\/miumjau.ee\/#website\"},\"primaryImageOfPage\":{\"@id\":\"https:\/\/miumjau.ee\/lv\/produkts\/ambrosia-kuceniem-un-augsanas-periodam-lielo-skirnu-bariba-ar-vistu-un-lasi-12-kg\/#primaryimage\"},\"image\":{\"@id\":\"https:\/\/miumjau.ee\/lv\/produkts\/ambrosia-kuceniem-un-augsanas-periodam-lielo-skirnu-bariba-ar-vistu-un-lasi-12-kg\/#primaryimage\"},\"thumbnailUrl\":\"https:\/\/miumjau.ee\/wp-content\/uploads\/2025\/04\/ambrosia-puppy-growth-chicken-salmon-Photoroom.webp\",\"datePublished\":\"2025-04-07T16:41:52+00:00\",\"dateModified\":\"2026-01-07T19:13:06+00:00\",\"description\":\"Ambrosia ir garda, ar lielisk\u0101m sast\u0101vda\u013c\u0101m un bez graudiem. Pla\u0161a da\u017e\u0101du gar\u0161u izv\u0113le - n\u0101c un atrodi sava su\u0146a iecien\u012bt\u0101ko!\",\"breadcrumb\":{\"@id\":\"https:\/\/miumjau.ee\/lv\/produkts\/ambrosia-kuceniem-un-augsanas-periodam-lielo-skirnu-bariba-ar-vistu-un-lasi-12-kg\/#breadcrumb\"},\"inLanguage\":\"lv-LV\",\"potentialAction\":[{\"@type\":\"ReadAction\",\"target\":[\"https:\/\/miumjau.ee\/lv\/produkts\/ambrosia-kuceniem-un-augsanas-periodam-lielo-skirnu-bariba-ar-vistu-un-lasi-12-kg\/\"]}]},{\"@type\":\"ImageObject\",\"inLanguage\":\"lv-LV\",\"@id\":\"https:\/\/miumjau.ee\/lv\/produkts\/ambrosia-kuceniem-un-augsanas-periodam-lielo-skirnu-bariba-ar-vistu-un-lasi-12-kg\/#primaryimage\",\"url\":\"https:\/\/miumjau.ee\/wp-content\/uploads\/2025\/04\/ambrosia-puppy-growth-chicken-salmon-Photoroom.webp\",\"contentUrl\":\"https:\/\/miumjau.ee\/wp-content\/uploads\/2025\/04\/ambrosia-puppy-growth-chicken-salmon-Photoroom.webp\",\"width\":600,\"height\":800},{\"@type\":\"BreadcrumbList\",\"@id\":\"https:\/\/miumjau.ee\/lv\/produkts\/ambrosia-kuceniem-un-augsanas-periodam-lielo-skirnu-bariba-ar-vistu-un-lasi-12-kg\/#breadcrumb\",\"itemListElement\":[{\"@type\":\"ListItem\",\"position\":1,\"name\":\"Home\",\"item\":\"https:\/\/miumjau.ee\/lv\/\"},{\"@type\":\"ListItem\",\"position\":2,\"name\":\"Veikals\",\"item\":\"https:\/\/miumjau.ee\/lv\/veikals\/\"},{\"@type\":\"ListItem\",\"position\":3,\"name\":\"Ambrosia kuc\u0113niem un aug\u0161anas periodam lielo \u0161\u0137ir\u0146u bar\u012bba ar vistu un lasi 12 kg\"}]},{\"@type\":\"WebSite\",\"@id\":\"https:\/\/miumjau.ee\/#website\",\"url\":\"https:\/\/miumjau.ee\/\",\"name\":\"MiuMjau\",\"description\":\"Kraapimispuud kassidele\",\"publisher\":{\"@id\":\"https:\/\/miumjau.ee\/#organization\"},\"potentialAction\":[{\"@type\":\"SearchAction\",\"target\":{\"@type\":\"EntryPoint\",\"urlTemplate\":\"https:\/\/miumjau.ee\/?s={search_term_string}\"},\"query-input\":{\"@type\":\"PropertyValueSpecification\",\"valueRequired\":true,\"valueName\":\"search_term_string\"}}],\"inLanguage\":\"lv-LV\"},{\"@type\":\"Organization\",\"@id\":\"https:\/\/miumjau.ee\/#organization\",\"name\":\"MiuMjau O\u00dc\",\"url\":\"https:\/\/miumjau.ee\/\",\"logo\":{\"@type\":\"ImageObject\",\"inLanguage\":\"lv-LV\",\"@id\":\"https:\/\/miumjau.ee\/#\/schema\/logo\/image\/\",\"url\":\"https:\/\/miumjau.ee\/wp-content\/uploads\/2022\/04\/MiuMjau-logo-kollane.png\",\"contentUrl\":\"https:\/\/miumjau.ee\/wp-content\/uploads\/2022\/04\/MiuMjau-logo-kollane.png\",\"width\":219,\"height\":100,\"caption\":\"MiuMjau O\u00dc\"},\"image\":{\"@id\":\"https:\/\/miumjau.ee\/#\/schema\/logo\/image\/\"},\"sameAs\":[\"https:\/\/www.facebook.com\/miumjaupood\/\"]}]}<\/script>\n<!-- \/ Yoast SEO plugin. -->","yoast_head_json":{"title":"Ambrosia kuc\u0113niem un aug\u0161anas periodam lielo \u0161\u0137ir\u0146u bar\u012bba ar vistu un lasi 12 kg - MiuMjau","description":"Ambrosia ir garda, ar lielisk\u0101m sast\u0101vda\u013c\u0101m un bez graudiem. Pla\u0161a da\u017e\u0101du gar\u0161u izv\u0113le - n\u0101c un atrodi sava su\u0146a iecien\u012bt\u0101ko!","robots":{"index":"index","follow":"follow","max-snippet":"max-snippet:-1","max-image-preview":"max-image-preview:large","max-video-preview":"max-video-preview:-1"},"canonical":"https:\/\/miumjau.ee\/lv\/produkts\/ambrosia-kuceniem-un-augsanas-periodam-lielo-skirnu-bariba-ar-vistu-un-lasi-12-kg\/","og_locale":"lv_LV","og_type":"article","og_title":"Ambrosia kuc\u0113niem un aug\u0161anas periodam lielo \u0161\u0137ir\u0146u bar\u012bba ar vistu un lasi 12 kg - MiuMjau","og_description":"Ambrosia ir garda, ar lielisk\u0101m sast\u0101vda\u013c\u0101m un bez graudiem. Pla\u0161a da\u017e\u0101du gar\u0161u izv\u0113le - n\u0101c un atrodi sava su\u0146a iecien\u012bt\u0101ko!","og_url":"https:\/\/miumjau.ee\/lv\/produkts\/ambrosia-kuceniem-un-augsanas-periodam-lielo-skirnu-bariba-ar-vistu-un-lasi-12-kg\/","og_site_name":"MiuMjau","article_publisher":"https:\/\/www.facebook.com\/miumjaupood\/","article_modified_time":"2026-01-07T19:13:06+00:00","og_image":[{"width":600,"height":800,"url":"https:\/\/miumjau.ee\/wp-content\/uploads\/2025\/04\/ambrosia-puppy-growth-chicken-salmon-Photoroom.webp","type":"image\/webp"}],"twitter_card":"summary_large_image","schema":{"@context":"https:\/\/schema.org","@graph":[{"@type":"WebPage","@id":"https:\/\/miumjau.ee\/lv\/produkts\/ambrosia-kuceniem-un-augsanas-periodam-lielo-skirnu-bariba-ar-vistu-un-lasi-12-kg\/","url":"https:\/\/miumjau.ee\/lv\/produkts\/ambrosia-kuceniem-un-augsanas-periodam-lielo-skirnu-bariba-ar-vistu-un-lasi-12-kg\/","name":"Ambrosia kuc\u0113niem un aug\u0161anas periodam lielo \u0161\u0137ir\u0146u bar\u012bba ar vistu un lasi 12 kg - MiuMjau","isPartOf":{"@id":"https:\/\/miumjau.ee\/#website"},"primaryImageOfPage":{"@id":"https:\/\/miumjau.ee\/lv\/produkts\/ambrosia-kuceniem-un-augsanas-periodam-lielo-skirnu-bariba-ar-vistu-un-lasi-12-kg\/#primaryimage"},"image":{"@id":"https:\/\/miumjau.ee\/lv\/produkts\/ambrosia-kuceniem-un-augsanas-periodam-lielo-skirnu-bariba-ar-vistu-un-lasi-12-kg\/#primaryimage"},"thumbnailUrl":"https:\/\/miumjau.ee\/wp-content\/uploads\/2025\/04\/ambrosia-puppy-growth-chicken-salmon-Photoroom.webp","datePublished":"2025-04-07T16:41:52+00:00","dateModified":"2026-01-07T19:13:06+00:00","description":"Ambrosia ir garda, ar lielisk\u0101m sast\u0101vda\u013c\u0101m un bez graudiem. Pla\u0161a da\u017e\u0101du gar\u0161u izv\u0113le - n\u0101c un atrodi sava su\u0146a iecien\u012bt\u0101ko!","breadcrumb":{"@id":"https:\/\/miumjau.ee\/lv\/produkts\/ambrosia-kuceniem-un-augsanas-periodam-lielo-skirnu-bariba-ar-vistu-un-lasi-12-kg\/#breadcrumb"},"inLanguage":"lv-LV","potentialAction":[{"@type":"ReadAction","target":["https:\/\/miumjau.ee\/lv\/produkts\/ambrosia-kuceniem-un-augsanas-periodam-lielo-skirnu-bariba-ar-vistu-un-lasi-12-kg\/"]}]},{"@type":"ImageObject","inLanguage":"lv-LV","@id":"https:\/\/miumjau.ee\/lv\/produkts\/ambrosia-kuceniem-un-augsanas-periodam-lielo-skirnu-bariba-ar-vistu-un-lasi-12-kg\/#primaryimage","url":"https:\/\/miumjau.ee\/wp-content\/uploads\/2025\/04\/ambrosia-puppy-growth-chicken-salmon-Photoroom.webp","contentUrl":"https:\/\/miumjau.ee\/wp-content\/uploads\/2025\/04\/ambrosia-puppy-growth-chicken-salmon-Photoroom.webp","width":600,"height":800},{"@type":"BreadcrumbList","@id":"https:\/\/miumjau.ee\/lv\/produkts\/ambrosia-kuceniem-un-augsanas-periodam-lielo-skirnu-bariba-ar-vistu-un-lasi-12-kg\/#breadcrumb","itemListElement":[{"@type":"ListItem","position":1,"name":"Home","item":"https:\/\/miumjau.ee\/lv\/"},{"@type":"ListItem","position":2,"name":"Veikals","item":"https:\/\/miumjau.ee\/lv\/veikals\/"},{"@type":"ListItem","position":3,"name":"Ambrosia kuc\u0113niem un aug\u0161anas periodam lielo \u0161\u0137ir\u0146u bar\u012bba ar vistu un lasi 12 kg"}]},{"@type":"WebSite","@id":"https:\/\/miumjau.ee\/#website","url":"https:\/\/miumjau.ee\/","name":"MiuMjau","description":"Kraapimispuud kassidele","publisher":{"@id":"https:\/\/miumjau.ee\/#organization"},"potentialAction":[{"@type":"SearchAction","target":{"@type":"EntryPoint","urlTemplate":"https:\/\/miumjau.ee\/?s={search_term_string}"},"query-input":{"@type":"PropertyValueSpecification","valueRequired":true,"valueName":"search_term_string"}}],"inLanguage":"lv-LV"},{"@type":"Organization","@id":"https:\/\/miumjau.ee\/#organization","name":"MiuMjau O\u00dc","url":"https:\/\/miumjau.ee\/","logo":{"@type":"ImageObject","inLanguage":"lv-LV","@id":"https:\/\/miumjau.ee\/#\/schema\/logo\/image\/","url":"https:\/\/miumjau.ee\/wp-content\/uploads\/2022\/04\/MiuMjau-logo-kollane.png","contentUrl":"https:\/\/miumjau.ee\/wp-content\/uploads\/2022\/04\/MiuMjau-logo-kollane.png","width":219,"height":100,"caption":"MiuMjau O\u00dc"},"image":{"@id":"https:\/\/miumjau.ee\/#\/schema\/logo\/image\/"},"sameAs":["https:\/\/www.facebook.com\/miumjaupood\/"]}]}},"_links":{"self":[{"href":"https:\/\/miumjau.ee\/lv\/wp-json\/wp\/v2\/product\/50949","targetHints":{"allow":["GET"]}}],"collection":[{"href":"https:\/\/miumjau.ee\/lv\/wp-json\/wp\/v2\/product"}],"about":[{"href":"https:\/\/miumjau.ee\/lv\/wp-json\/wp\/v2\/types\/product"}],"wp:featuredmedia":[{"embeddable":true,"href":"https:\/\/miumjau.ee\/lv\/wp-json\/wp\/v2\/media\/50950"}],"wp:attachment":[{"href":"https:\/\/miumjau.ee\/lv\/wp-json\/wp\/v2\/media?parent=50949"}],"wp:term":[{"taxonomy":"product_brand","embeddable":true,"href":"https:\/\/miumjau.ee\/lv\/wp-json\/wp\/v2\/product_brand?post=50949"},{"taxonomy":"product_cat","embeddable":true,"href":"https:\/\/miumjau.ee\/lv\/wp-json\/wp\/v2\/product_cat?post=50949"},{"taxonomy":"product_tag","embeddable":true,"href":"https:\/\/miumjau.ee\/lv\/wp-json\/wp\/v2\/product_tag?post=50949"}],"curies":[{"name":"wp","href":"https:\/\/api.w.org\/{rel}","templated":true}]}}