{"id":50947,"date":"2025-04-07T19:45:44","date_gmt":"2025-04-07T16:45:44","guid":{"rendered":"https:\/\/miumjau.ee\/toode\/ambrosia-puppy-growth-ar-vistu-un-zivi-2kg\/"},"modified":"2026-01-07T21:13:06","modified_gmt":"2026-01-07T19:13:06","slug":"ambrosia-puppy-growth-ar-vistu-un-zivi-2kg","status":"publish","type":"product","link":"https:\/\/miumjau.ee\/lv\/produkts\/ambrosia-puppy-growth-ar-vistu-un-zivi-2kg\/","title":{"rendered":"Ambrosia Puppy &#038; Growth ar vistu un zivi 2kg"},"content":{"rendered":"","protected":false},"excerpt":{"rendered":"<p>Ambrosia Puppy &amp; Growth \u2013 pilnv\u0113rt\u012bga bar\u012bba ar vistu un svaig\u0101m ziv\u012bm visiem kuc\u0113niem \u2013 sabalans\u0113tai aug\u0161anai!<\/p>\n<p>Barojo\u0161a un viegli sagremojama recepte, kas apvieno svaigu zivju prote\u012bnu, augstas kvalit\u0101tes vistu un dabiskos antioksidantus, piem\u0113ram, broko\u013cus, spin\u0101tus, dz\u0113rvenes un mellenes. \u0160\u012b pilnv\u0113rt\u012bg\u0101 bar\u012bba ir paredz\u0113ta kuc\u0113nu vesel\u012bgai aug\u0161anai, nodro\u0161inot nepiecie\u0161am\u0101s uzturvielas katrai \u0161\u0137irnei.<\/p>\n<p>Gudra izv\u0113le jaunam kuc\u0113nam.<br \/>\n\ud83d\udc1f Svaigas zivis un vistas ga\u013ca \u2013 viegli sagremojamas olbaltumvielas smadzen\u0113m, musku\u013ciem un apmatojumam<br \/>\n\ud83e\uddb4 Kalcijs un fosfors \u2013 optim\u0101l\u0101 attiec\u012bb\u0101 skeleta att\u012bst\u012bbai<br \/>\n\ud83e\udda0 Prebiotikas un probiotikas \u2013 atbalsta gremo\u0161anu un stiprina im\u016bnsist\u0113mu<br \/>\n\ud83c\udf3f Dab\u012bgi ekstrakti \u2013 atbalsta vielmai\u0146u un visp\u0101r\u0113jo labsaj\u016btu<\/p>\n<p>Sast\u0101vda\u013cas: Zivis (21%, ieskaitot svaigas zivis 15%, \u017e\u0101v\u0113tas si\u013c\u0137es 6%), \u017e\u0101v\u0113ta vistas ga\u013ca (19%), kartupe\u013cu \u010dipsi, za\u013cie zirn\u012b\u0161i, \u0161\u0137eltie zirn\u012b\u0161i, dz\u012bvnieku tauki (11%), hidroliz\u0113ts dz\u012bvnieku prote\u012bns (8%), bie\u0161u m\u012bkstums, lins\u0113klas, miner\u0101lvielas, \u017e\u0101v\u0113ts alus raugs, la\u0161a e\u013c\u013ca (0,5%), cigori\u0146i (inul\u012bna un FOS avots), MOS (mann\u0101noligosahar\u012bdi), \u017e\u0101v\u0113ti broko\u013ci, spin\u0101ti, dz\u0113rvenes, mellenes, glikozam\u012bns (150 mg\/kg), hondroit\u012bns (150 mg\/kg), augu ekstrakti (rozmar\u012bns, v\u012bnogu kauli\u0146i, kurkuma, citrusaug\u013ci, krustnagli\u0146as).<\/p>\n<p>Anal\u012btiskais sast\u0101vs: Neapstr\u0101d\u0101ts prote\u012bns 32%, Neapstr\u0101d\u0101ti tauki 22%, Omega-3 tauksk\u0101bes 0,9%, Omega-6 tauksk\u0101bes 3,0%, Pelni 7,0%, \u0160\u0137iedrvielas 2,5%, Mitrums 9%, Kalcijs 1,4%, Fosfors 1,0%<\/p>\n<p>Piedevas: A vitam\u012bns \u2013 14 000 SV, D3 vitam\u012bns \u2013 1350 SV, E vitam\u012bns \u2013 400 mg, Taur\u012bns \u2013 1000 mg, L-karnit\u012bns \u2013 50 mg<\/p>\n<p>Metaboliz\u0113jam\u0101 ener\u0123ija: 3990 kcal\/kg<\/p>\n<p>\ud83d\udc9a Ambrosia vista un svaigas zivis \u2013 ide\u0101la recepte visu izm\u0113ru kuc\u0113niem, kuriem nepiecie\u0161ams sp\u0113c\u012bgs dz\u012bves s\u0101kums.<\/p>\n","protected":false},"featured_media":50948,"template":"","meta":[],"product_brand":[],"product_cat":[575],"product_tag":[],"class_list":{"0":"post-50947","1":"product","2":"type-product","3":"status-publish","4":"has-post-thumbnail","6":"product_cat-sausa-bariba-suniem","8":"first","9":"instock","10":"taxable","11":"shipping-taxable","12":"purchasable","13":"product-type-simple"},"yoast_head":"<!-- This site is optimized with the Yoast SEO plugin v27.2 - https:\/\/yoast.com\/product\/yoast-seo-wordpress\/ -->\n<title>Ambrosia Puppy &amp; Growth ar vistu un zivi 2kg - MiuMjau<\/title>\n<meta name=\"description\" content=\"Ambrosia ir garda, ar lielisk\u0101m sast\u0101vda\u013c\u0101m un bez graudiem. Pla\u0161a da\u017e\u0101du gar\u0161u izv\u0113le - n\u0101c un atrodi sava su\u0146a iecien\u012bt\u0101ko!\" \/>\n<meta name=\"robots\" content=\"index, follow, max-snippet:-1, max-image-preview:large, max-video-preview:-1\" \/>\n<link rel=\"canonical\" href=\"https:\/\/miumjau.ee\/lv\/produkts\/ambrosia-puppy-growth-ar-vistu-un-zivi-2kg\/\" \/>\n<meta property=\"og:locale\" content=\"lv_LV\" \/>\n<meta property=\"og:type\" content=\"article\" \/>\n<meta property=\"og:title\" content=\"Ambrosia Puppy &amp; Growth ar vistu un zivi 2kg - MiuMjau\" \/>\n<meta property=\"og:description\" content=\"Ambrosia ir garda, ar lielisk\u0101m sast\u0101vda\u013c\u0101m un bez graudiem. Pla\u0161a da\u017e\u0101du gar\u0161u izv\u0113le - n\u0101c un atrodi sava su\u0146a iecien\u012bt\u0101ko!\" \/>\n<meta property=\"og:url\" content=\"https:\/\/miumjau.ee\/lv\/produkts\/ambrosia-puppy-growth-ar-vistu-un-zivi-2kg\/\" \/>\n<meta property=\"og:site_name\" content=\"MiuMjau\" \/>\n<meta property=\"article:publisher\" content=\"https:\/\/www.facebook.com\/miumjaupood\/\" \/>\n<meta property=\"article:modified_time\" content=\"2026-01-07T19:13:06+00:00\" \/>\n<meta property=\"og:image\" content=\"https:\/\/miumjau.ee\/wp-content\/uploads\/2025\/04\/ambrosia-puppy-growth-chicken-fish-Photoroom.webp\" \/>\n\t<meta property=\"og:image:width\" content=\"600\" \/>\n\t<meta property=\"og:image:height\" content=\"800\" \/>\n\t<meta property=\"og:image:type\" content=\"image\/webp\" \/>\n<meta name=\"twitter:card\" content=\"summary_large_image\" \/>\n<script type=\"application\/ld+json\" class=\"yoast-schema-graph\">{\"@context\":\"https:\/\/schema.org\",\"@graph\":[{\"@type\":\"WebPage\",\"@id\":\"https:\/\/miumjau.ee\/lv\/produkts\/ambrosia-puppy-growth-ar-vistu-un-zivi-2kg\/\",\"url\":\"https:\/\/miumjau.ee\/lv\/produkts\/ambrosia-puppy-growth-ar-vistu-un-zivi-2kg\/\",\"name\":\"Ambrosia Puppy & Growth ar vistu un zivi 2kg - MiuMjau\",\"isPartOf\":{\"@id\":\"https:\/\/miumjau.ee\/#website\"},\"primaryImageOfPage\":{\"@id\":\"https:\/\/miumjau.ee\/lv\/produkts\/ambrosia-puppy-growth-ar-vistu-un-zivi-2kg\/#primaryimage\"},\"image\":{\"@id\":\"https:\/\/miumjau.ee\/lv\/produkts\/ambrosia-puppy-growth-ar-vistu-un-zivi-2kg\/#primaryimage\"},\"thumbnailUrl\":\"https:\/\/miumjau.ee\/wp-content\/uploads\/2025\/04\/ambrosia-puppy-growth-chicken-fish-Photoroom.webp\",\"datePublished\":\"2025-04-07T16:45:44+00:00\",\"dateModified\":\"2026-01-07T19:13:06+00:00\",\"description\":\"Ambrosia ir garda, ar lielisk\u0101m sast\u0101vda\u013c\u0101m un bez graudiem. Pla\u0161a da\u017e\u0101du gar\u0161u izv\u0113le - n\u0101c un atrodi sava su\u0146a iecien\u012bt\u0101ko!\",\"breadcrumb\":{\"@id\":\"https:\/\/miumjau.ee\/lv\/produkts\/ambrosia-puppy-growth-ar-vistu-un-zivi-2kg\/#breadcrumb\"},\"inLanguage\":\"lv-LV\",\"potentialAction\":[{\"@type\":\"ReadAction\",\"target\":[\"https:\/\/miumjau.ee\/lv\/produkts\/ambrosia-puppy-growth-ar-vistu-un-zivi-2kg\/\"]}]},{\"@type\":\"ImageObject\",\"inLanguage\":\"lv-LV\",\"@id\":\"https:\/\/miumjau.ee\/lv\/produkts\/ambrosia-puppy-growth-ar-vistu-un-zivi-2kg\/#primaryimage\",\"url\":\"https:\/\/miumjau.ee\/wp-content\/uploads\/2025\/04\/ambrosia-puppy-growth-chicken-fish-Photoroom.webp\",\"contentUrl\":\"https:\/\/miumjau.ee\/wp-content\/uploads\/2025\/04\/ambrosia-puppy-growth-chicken-fish-Photoroom.webp\",\"width\":600,\"height\":800},{\"@type\":\"BreadcrumbList\",\"@id\":\"https:\/\/miumjau.ee\/lv\/produkts\/ambrosia-puppy-growth-ar-vistu-un-zivi-2kg\/#breadcrumb\",\"itemListElement\":[{\"@type\":\"ListItem\",\"position\":1,\"name\":\"Home\",\"item\":\"https:\/\/miumjau.ee\/lv\/\"},{\"@type\":\"ListItem\",\"position\":2,\"name\":\"Veikals\",\"item\":\"https:\/\/miumjau.ee\/lv\/veikals\/\"},{\"@type\":\"ListItem\",\"position\":3,\"name\":\"Ambrosia Puppy &#038; Growth ar vistu un zivi 2kg\"}]},{\"@type\":\"WebSite\",\"@id\":\"https:\/\/miumjau.ee\/#website\",\"url\":\"https:\/\/miumjau.ee\/\",\"name\":\"MiuMjau\",\"description\":\"Kraapimispuud kassidele\",\"publisher\":{\"@id\":\"https:\/\/miumjau.ee\/#organization\"},\"potentialAction\":[{\"@type\":\"SearchAction\",\"target\":{\"@type\":\"EntryPoint\",\"urlTemplate\":\"https:\/\/miumjau.ee\/?s={search_term_string}\"},\"query-input\":{\"@type\":\"PropertyValueSpecification\",\"valueRequired\":true,\"valueName\":\"search_term_string\"}}],\"inLanguage\":\"lv-LV\"},{\"@type\":\"Organization\",\"@id\":\"https:\/\/miumjau.ee\/#organization\",\"name\":\"MiuMjau O\u00dc\",\"url\":\"https:\/\/miumjau.ee\/\",\"logo\":{\"@type\":\"ImageObject\",\"inLanguage\":\"lv-LV\",\"@id\":\"https:\/\/miumjau.ee\/#\/schema\/logo\/image\/\",\"url\":\"https:\/\/miumjau.ee\/wp-content\/uploads\/2022\/04\/MiuMjau-logo-kollane.png\",\"contentUrl\":\"https:\/\/miumjau.ee\/wp-content\/uploads\/2022\/04\/MiuMjau-logo-kollane.png\",\"width\":219,\"height\":100,\"caption\":\"MiuMjau O\u00dc\"},\"image\":{\"@id\":\"https:\/\/miumjau.ee\/#\/schema\/logo\/image\/\"},\"sameAs\":[\"https:\/\/www.facebook.com\/miumjaupood\/\"]}]}<\/script>\n<!-- \/ Yoast SEO plugin. -->","yoast_head_json":{"title":"Ambrosia Puppy & Growth ar vistu un zivi 2kg - MiuMjau","description":"Ambrosia ir garda, ar lielisk\u0101m sast\u0101vda\u013c\u0101m un bez graudiem. Pla\u0161a da\u017e\u0101du gar\u0161u izv\u0113le - n\u0101c un atrodi sava su\u0146a iecien\u012bt\u0101ko!","robots":{"index":"index","follow":"follow","max-snippet":"max-snippet:-1","max-image-preview":"max-image-preview:large","max-video-preview":"max-video-preview:-1"},"canonical":"https:\/\/miumjau.ee\/lv\/produkts\/ambrosia-puppy-growth-ar-vistu-un-zivi-2kg\/","og_locale":"lv_LV","og_type":"article","og_title":"Ambrosia Puppy & Growth ar vistu un zivi 2kg - MiuMjau","og_description":"Ambrosia ir garda, ar lielisk\u0101m sast\u0101vda\u013c\u0101m un bez graudiem. Pla\u0161a da\u017e\u0101du gar\u0161u izv\u0113le - n\u0101c un atrodi sava su\u0146a iecien\u012bt\u0101ko!","og_url":"https:\/\/miumjau.ee\/lv\/produkts\/ambrosia-puppy-growth-ar-vistu-un-zivi-2kg\/","og_site_name":"MiuMjau","article_publisher":"https:\/\/www.facebook.com\/miumjaupood\/","article_modified_time":"2026-01-07T19:13:06+00:00","og_image":[{"width":600,"height":800,"url":"https:\/\/miumjau.ee\/wp-content\/uploads\/2025\/04\/ambrosia-puppy-growth-chicken-fish-Photoroom.webp","type":"image\/webp"}],"twitter_card":"summary_large_image","schema":{"@context":"https:\/\/schema.org","@graph":[{"@type":"WebPage","@id":"https:\/\/miumjau.ee\/lv\/produkts\/ambrosia-puppy-growth-ar-vistu-un-zivi-2kg\/","url":"https:\/\/miumjau.ee\/lv\/produkts\/ambrosia-puppy-growth-ar-vistu-un-zivi-2kg\/","name":"Ambrosia Puppy & Growth ar vistu un zivi 2kg - MiuMjau","isPartOf":{"@id":"https:\/\/miumjau.ee\/#website"},"primaryImageOfPage":{"@id":"https:\/\/miumjau.ee\/lv\/produkts\/ambrosia-puppy-growth-ar-vistu-un-zivi-2kg\/#primaryimage"},"image":{"@id":"https:\/\/miumjau.ee\/lv\/produkts\/ambrosia-puppy-growth-ar-vistu-un-zivi-2kg\/#primaryimage"},"thumbnailUrl":"https:\/\/miumjau.ee\/wp-content\/uploads\/2025\/04\/ambrosia-puppy-growth-chicken-fish-Photoroom.webp","datePublished":"2025-04-07T16:45:44+00:00","dateModified":"2026-01-07T19:13:06+00:00","description":"Ambrosia ir garda, ar lielisk\u0101m sast\u0101vda\u013c\u0101m un bez graudiem. Pla\u0161a da\u017e\u0101du gar\u0161u izv\u0113le - n\u0101c un atrodi sava su\u0146a iecien\u012bt\u0101ko!","breadcrumb":{"@id":"https:\/\/miumjau.ee\/lv\/produkts\/ambrosia-puppy-growth-ar-vistu-un-zivi-2kg\/#breadcrumb"},"inLanguage":"lv-LV","potentialAction":[{"@type":"ReadAction","target":["https:\/\/miumjau.ee\/lv\/produkts\/ambrosia-puppy-growth-ar-vistu-un-zivi-2kg\/"]}]},{"@type":"ImageObject","inLanguage":"lv-LV","@id":"https:\/\/miumjau.ee\/lv\/produkts\/ambrosia-puppy-growth-ar-vistu-un-zivi-2kg\/#primaryimage","url":"https:\/\/miumjau.ee\/wp-content\/uploads\/2025\/04\/ambrosia-puppy-growth-chicken-fish-Photoroom.webp","contentUrl":"https:\/\/miumjau.ee\/wp-content\/uploads\/2025\/04\/ambrosia-puppy-growth-chicken-fish-Photoroom.webp","width":600,"height":800},{"@type":"BreadcrumbList","@id":"https:\/\/miumjau.ee\/lv\/produkts\/ambrosia-puppy-growth-ar-vistu-un-zivi-2kg\/#breadcrumb","itemListElement":[{"@type":"ListItem","position":1,"name":"Home","item":"https:\/\/miumjau.ee\/lv\/"},{"@type":"ListItem","position":2,"name":"Veikals","item":"https:\/\/miumjau.ee\/lv\/veikals\/"},{"@type":"ListItem","position":3,"name":"Ambrosia Puppy &#038; Growth ar vistu un zivi 2kg"}]},{"@type":"WebSite","@id":"https:\/\/miumjau.ee\/#website","url":"https:\/\/miumjau.ee\/","name":"MiuMjau","description":"Kraapimispuud kassidele","publisher":{"@id":"https:\/\/miumjau.ee\/#organization"},"potentialAction":[{"@type":"SearchAction","target":{"@type":"EntryPoint","urlTemplate":"https:\/\/miumjau.ee\/?s={search_term_string}"},"query-input":{"@type":"PropertyValueSpecification","valueRequired":true,"valueName":"search_term_string"}}],"inLanguage":"lv-LV"},{"@type":"Organization","@id":"https:\/\/miumjau.ee\/#organization","name":"MiuMjau O\u00dc","url":"https:\/\/miumjau.ee\/","logo":{"@type":"ImageObject","inLanguage":"lv-LV","@id":"https:\/\/miumjau.ee\/#\/schema\/logo\/image\/","url":"https:\/\/miumjau.ee\/wp-content\/uploads\/2022\/04\/MiuMjau-logo-kollane.png","contentUrl":"https:\/\/miumjau.ee\/wp-content\/uploads\/2022\/04\/MiuMjau-logo-kollane.png","width":219,"height":100,"caption":"MiuMjau O\u00dc"},"image":{"@id":"https:\/\/miumjau.ee\/#\/schema\/logo\/image\/"},"sameAs":["https:\/\/www.facebook.com\/miumjaupood\/"]}]}},"_links":{"self":[{"href":"https:\/\/miumjau.ee\/lv\/wp-json\/wp\/v2\/product\/50947","targetHints":{"allow":["GET"]}}],"collection":[{"href":"https:\/\/miumjau.ee\/lv\/wp-json\/wp\/v2\/product"}],"about":[{"href":"https:\/\/miumjau.ee\/lv\/wp-json\/wp\/v2\/types\/product"}],"wp:featuredmedia":[{"embeddable":true,"href":"https:\/\/miumjau.ee\/lv\/wp-json\/wp\/v2\/media\/50948"}],"wp:attachment":[{"href":"https:\/\/miumjau.ee\/lv\/wp-json\/wp\/v2\/media?parent=50947"}],"wp:term":[{"taxonomy":"product_brand","embeddable":true,"href":"https:\/\/miumjau.ee\/lv\/wp-json\/wp\/v2\/product_brand?post=50947"},{"taxonomy":"product_cat","embeddable":true,"href":"https:\/\/miumjau.ee\/lv\/wp-json\/wp\/v2\/product_cat?post=50947"},{"taxonomy":"product_tag","embeddable":true,"href":"https:\/\/miumjau.ee\/lv\/wp-json\/wp\/v2\/product_tag?post=50947"}],"curies":[{"name":"wp","href":"https:\/\/api.w.org\/{rel}","templated":true}]}}