{"id":50940,"date":"2025-04-07T21:02:57","date_gmt":"2025-04-07T18:02:57","guid":{"rendered":"https:\/\/miumjau.ee\/toode\/brit-care-mini-hair-skin-sunu-bariba-ar-lasi-un-silkem-400g\/"},"modified":"2026-01-07T21:13:12","modified_gmt":"2026-01-07T19:13:12","slug":"brit-care-mini-hair-skin-sunu-bariba-ar-lasi-un-silkem-400g","status":"publish","type":"product","link":"https:\/\/miumjau.ee\/lv\/produkts\/brit-care-mini-hair-skin-sunu-bariba-ar-lasi-un-silkem-400g\/","title":{"rendered":"Brit Care Mini Hair &#038; Skin su\u0146u bar\u012bba ar lasi un si\u013c\u0137\u0113m 400g"},"content":{"rendered":"","protected":false},"excerpt":{"rendered":"<p>Brit Care Mini &#8211; Hipoaler\u0123iska bezgraudu recepte pieaugu\u0161iem mini \u0161\u0137irnes su\u0146iem<\/p>\n<p>Sast\u0101vs: \u017e\u0101v\u0113ts lasis (25%), svaigs la\u0161a prote\u012bns (16%), \u017e\u0101v\u0113tas si\u013c\u0137es (14%), dzeltenie zir\u0146i, vistas tauki (konserv\u0113ti ar tokoferoliem), turku zir\u0146i, lins\u0113klas (4%), la\u0161a e\u013c\u013ca (3%), gri\u0137i, karalisk\u0101s makreles e\u013c\u013ca (1%), \u017e\u0101v\u0113ti \u0101boli, alus raugs, a\u013c\u0123es (0,5%, Ascophyllum nodosum), hidroliz\u0113tas v\u0113\u017eveid\u012bgo \u010daumalas (glikozam\u012bna avots, 260 mg\/kg), mellenes (230 mg\/kg &#8211; polifenolu avots 70 mg\/kg, flavono\u012bdu avots 30 mg\/kg), skrim\u0161\u013cu ekstrakts (hondroit\u012bna avots, 160 mg\/kg), mann\u0101noligosahar\u012bdi (150 mg\/kg), gar\u0161augi un aug\u013ci (rozmar\u012bns, krustnagli\u0146as, citrusaug\u013ci, kurkuma &#8211; 150 mg\/kg), fruktooligosahar\u012bdi (100 mg\/kg), Jukas \u0161idigera (Yucca schidigera) (100 mg\/kg), inul\u012bns (90 mg\/kg), piena dadzis (75 mg\/kg), smilts\u0113rk\u0161\u0137is (75 mg\/kg), kumel\u012btes (30 mg\/kg), krustnagli\u0146as (30 mg\/kg), salvija (25 mg\/kg)<\/p>\n<p>Anal\u012btiskais sast\u0101vs: kopprote\u012bns 32,0%, koptauki 18,0%, mitrums 10,0%, koppelni 8,4%, kop\u0161\u0137iedra 1,8%, kalcijs 1,3%, fosfors 1,0%, omega-3 tauksk\u0101bes 2,4%, omega-6 tauksk\u0101bes 2,7%<\/p>\n<p>Uzturvielas: A vitam\u012bns (3a672a) 20 000 SV, D3 vitam\u012bns (E671) 1500 SV, E vitam\u012bns (\u03b1-tokoferols) (3a700) 500 mg, C vitam\u012bns (3a312) 300 mg, hol\u012bna hlor\u012bds (3a890) 700 mg, taur\u012bns (3a370) 200 mg Biot\u012bns (3a880) 3 mg, B1 vitam\u012bns (3a821) 1 mg, B2 vitam\u012bns 4 mg, niacinam\u012bds (3a315) 12 mg, kalcija D-pantoten\u0101ts (3a841) 10 mg, B6 vitam\u012bns (3a831) 1 mg, folsk\u0101be (3a316) 0,5 mg, B12 vitam\u012bns 0,04 mg, cinks (3b606) 100 mg, dzelzs (E1) 80 mg, mang\u0101ns (E5) 40 mg, jods (3b201) 0,75 mg, var\u0161 (E4) 15 mg, sel\u0113ns (3b8.10) 0,2 mg<\/p>\n<p>Metaboliz\u0113jam\u0101 ener\u0123ija: 3880 kcal\/kg<\/p>\n","protected":false},"featured_media":50939,"template":"","meta":[],"product_brand":[],"product_cat":[575],"product_tag":[],"class_list":{"0":"post-50940","1":"product","2":"type-product","3":"status-publish","4":"has-post-thumbnail","6":"product_cat-sausa-bariba-suniem","8":"first","9":"instock","10":"sale","11":"taxable","12":"shipping-taxable","13":"purchasable","14":"product-type-simple"},"yoast_head":"<!-- This site is optimized with the Yoast SEO plugin v27.2 - https:\/\/yoast.com\/product\/yoast-seo-wordpress\/ -->\n<title>Brit Care Mini Hair &amp; Skin su\u0146u bar\u012bba ar lasi un si\u013c\u0137\u0113m 400g - MiuMjau<\/title>\n<meta name=\"description\" content=\"Brit Care Mini su\u0146u bar\u012bba ir bez graudiem un pilnv\u0113rt\u012bga, \u012bpa\u0161i maz\u0101kaj\u0101m \u0161\u0137irn\u0113m.\" \/>\n<meta name=\"robots\" content=\"index, follow, max-snippet:-1, max-image-preview:large, max-video-preview:-1\" \/>\n<link rel=\"canonical\" href=\"https:\/\/miumjau.ee\/lv\/produkts\/brit-care-mini-hair-skin-sunu-bariba-ar-lasi-un-silkem-400g\/\" \/>\n<meta property=\"og:locale\" content=\"lv_LV\" \/>\n<meta property=\"og:type\" content=\"article\" \/>\n<meta property=\"og:title\" content=\"Brit Care Mini Hair &amp; Skin su\u0146u bar\u012bba ar lasi un si\u013c\u0137\u0113m 400g - MiuMjau\" \/>\n<meta property=\"og:description\" content=\"Brit Care Mini su\u0146u bar\u012bba ir bez graudiem un pilnv\u0113rt\u012bga, \u012bpa\u0161i maz\u0101kaj\u0101m \u0161\u0137irn\u0113m.\" \/>\n<meta property=\"og:url\" content=\"https:\/\/miumjau.ee\/lv\/produkts\/brit-care-mini-hair-skin-sunu-bariba-ar-lasi-un-silkem-400g\/\" \/>\n<meta property=\"og:site_name\" content=\"MiuMjau\" \/>\n<meta property=\"article:publisher\" content=\"https:\/\/www.facebook.com\/miumjaupood\/\" \/>\n<meta property=\"article:modified_time\" content=\"2026-01-07T19:13:12+00:00\" \/>\n<meta property=\"og:image\" content=\"https:\/\/miumjau.ee\/wp-content\/uploads\/2025\/04\/brit-care-mini-koeratoit2.webp\" \/>\n\t<meta property=\"og:image:width\" content=\"600\" \/>\n\t<meta property=\"og:image:height\" content=\"800\" \/>\n\t<meta property=\"og:image:type\" content=\"image\/webp\" \/>\n<meta name=\"twitter:card\" content=\"summary_large_image\" \/>\n<script type=\"application\/ld+json\" class=\"yoast-schema-graph\">{\"@context\":\"https:\/\/schema.org\",\"@graph\":[{\"@type\":\"WebPage\",\"@id\":\"https:\/\/miumjau.ee\/lv\/produkts\/brit-care-mini-hair-skin-sunu-bariba-ar-lasi-un-silkem-400g\/\",\"url\":\"https:\/\/miumjau.ee\/lv\/produkts\/brit-care-mini-hair-skin-sunu-bariba-ar-lasi-un-silkem-400g\/\",\"name\":\"Brit Care Mini Hair & Skin su\u0146u bar\u012bba ar lasi un si\u013c\u0137\u0113m 400g - MiuMjau\",\"isPartOf\":{\"@id\":\"https:\/\/miumjau.ee\/#website\"},\"primaryImageOfPage\":{\"@id\":\"https:\/\/miumjau.ee\/lv\/produkts\/brit-care-mini-hair-skin-sunu-bariba-ar-lasi-un-silkem-400g\/#primaryimage\"},\"image\":{\"@id\":\"https:\/\/miumjau.ee\/lv\/produkts\/brit-care-mini-hair-skin-sunu-bariba-ar-lasi-un-silkem-400g\/#primaryimage\"},\"thumbnailUrl\":\"https:\/\/miumjau.ee\/wp-content\/uploads\/2025\/04\/brit-care-mini-koeratoit2.webp\",\"datePublished\":\"2025-04-07T18:02:57+00:00\",\"dateModified\":\"2026-01-07T19:13:12+00:00\",\"description\":\"Brit Care Mini su\u0146u bar\u012bba ir bez graudiem un pilnv\u0113rt\u012bga, \u012bpa\u0161i maz\u0101kaj\u0101m \u0161\u0137irn\u0113m.\",\"breadcrumb\":{\"@id\":\"https:\/\/miumjau.ee\/lv\/produkts\/brit-care-mini-hair-skin-sunu-bariba-ar-lasi-un-silkem-400g\/#breadcrumb\"},\"inLanguage\":\"lv-LV\",\"potentialAction\":[{\"@type\":\"ReadAction\",\"target\":[\"https:\/\/miumjau.ee\/lv\/produkts\/brit-care-mini-hair-skin-sunu-bariba-ar-lasi-un-silkem-400g\/\"]}]},{\"@type\":\"ImageObject\",\"inLanguage\":\"lv-LV\",\"@id\":\"https:\/\/miumjau.ee\/lv\/produkts\/brit-care-mini-hair-skin-sunu-bariba-ar-lasi-un-silkem-400g\/#primaryimage\",\"url\":\"https:\/\/miumjau.ee\/wp-content\/uploads\/2025\/04\/brit-care-mini-koeratoit2.webp\",\"contentUrl\":\"https:\/\/miumjau.ee\/wp-content\/uploads\/2025\/04\/brit-care-mini-koeratoit2.webp\",\"width\":600,\"height\":800},{\"@type\":\"BreadcrumbList\",\"@id\":\"https:\/\/miumjau.ee\/lv\/produkts\/brit-care-mini-hair-skin-sunu-bariba-ar-lasi-un-silkem-400g\/#breadcrumb\",\"itemListElement\":[{\"@type\":\"ListItem\",\"position\":1,\"name\":\"Home\",\"item\":\"https:\/\/miumjau.ee\/lv\/\"},{\"@type\":\"ListItem\",\"position\":2,\"name\":\"Veikals\",\"item\":\"https:\/\/miumjau.ee\/lv\/veikals\/\"},{\"@type\":\"ListItem\",\"position\":3,\"name\":\"Brit Care Mini Hair &#038; Skin su\u0146u bar\u012bba ar lasi un si\u013c\u0137\u0113m 400g\"}]},{\"@type\":\"WebSite\",\"@id\":\"https:\/\/miumjau.ee\/#website\",\"url\":\"https:\/\/miumjau.ee\/\",\"name\":\"MiuMjau\",\"description\":\"Kraapimispuud kassidele\",\"publisher\":{\"@id\":\"https:\/\/miumjau.ee\/#organization\"},\"potentialAction\":[{\"@type\":\"SearchAction\",\"target\":{\"@type\":\"EntryPoint\",\"urlTemplate\":\"https:\/\/miumjau.ee\/?s={search_term_string}\"},\"query-input\":{\"@type\":\"PropertyValueSpecification\",\"valueRequired\":true,\"valueName\":\"search_term_string\"}}],\"inLanguage\":\"lv-LV\"},{\"@type\":\"Organization\",\"@id\":\"https:\/\/miumjau.ee\/#organization\",\"name\":\"MiuMjau O\u00dc\",\"url\":\"https:\/\/miumjau.ee\/\",\"logo\":{\"@type\":\"ImageObject\",\"inLanguage\":\"lv-LV\",\"@id\":\"https:\/\/miumjau.ee\/#\/schema\/logo\/image\/\",\"url\":\"https:\/\/miumjau.ee\/wp-content\/uploads\/2022\/04\/MiuMjau-logo-kollane.png\",\"contentUrl\":\"https:\/\/miumjau.ee\/wp-content\/uploads\/2022\/04\/MiuMjau-logo-kollane.png\",\"width\":219,\"height\":100,\"caption\":\"MiuMjau O\u00dc\"},\"image\":{\"@id\":\"https:\/\/miumjau.ee\/#\/schema\/logo\/image\/\"},\"sameAs\":[\"https:\/\/www.facebook.com\/miumjaupood\/\"]}]}<\/script>\n<!-- \/ Yoast SEO plugin. -->","yoast_head_json":{"title":"Brit Care Mini Hair & Skin su\u0146u bar\u012bba ar lasi un si\u013c\u0137\u0113m 400g - MiuMjau","description":"Brit Care Mini su\u0146u bar\u012bba ir bez graudiem un pilnv\u0113rt\u012bga, \u012bpa\u0161i maz\u0101kaj\u0101m \u0161\u0137irn\u0113m.","robots":{"index":"index","follow":"follow","max-snippet":"max-snippet:-1","max-image-preview":"max-image-preview:large","max-video-preview":"max-video-preview:-1"},"canonical":"https:\/\/miumjau.ee\/lv\/produkts\/brit-care-mini-hair-skin-sunu-bariba-ar-lasi-un-silkem-400g\/","og_locale":"lv_LV","og_type":"article","og_title":"Brit Care Mini Hair & Skin su\u0146u bar\u012bba ar lasi un si\u013c\u0137\u0113m 400g - MiuMjau","og_description":"Brit Care Mini su\u0146u bar\u012bba ir bez graudiem un pilnv\u0113rt\u012bga, \u012bpa\u0161i maz\u0101kaj\u0101m \u0161\u0137irn\u0113m.","og_url":"https:\/\/miumjau.ee\/lv\/produkts\/brit-care-mini-hair-skin-sunu-bariba-ar-lasi-un-silkem-400g\/","og_site_name":"MiuMjau","article_publisher":"https:\/\/www.facebook.com\/miumjaupood\/","article_modified_time":"2026-01-07T19:13:12+00:00","og_image":[{"width":600,"height":800,"url":"https:\/\/miumjau.ee\/wp-content\/uploads\/2025\/04\/brit-care-mini-koeratoit2.webp","type":"image\/webp"}],"twitter_card":"summary_large_image","schema":{"@context":"https:\/\/schema.org","@graph":[{"@type":"WebPage","@id":"https:\/\/miumjau.ee\/lv\/produkts\/brit-care-mini-hair-skin-sunu-bariba-ar-lasi-un-silkem-400g\/","url":"https:\/\/miumjau.ee\/lv\/produkts\/brit-care-mini-hair-skin-sunu-bariba-ar-lasi-un-silkem-400g\/","name":"Brit Care Mini Hair & Skin su\u0146u bar\u012bba ar lasi un si\u013c\u0137\u0113m 400g - MiuMjau","isPartOf":{"@id":"https:\/\/miumjau.ee\/#website"},"primaryImageOfPage":{"@id":"https:\/\/miumjau.ee\/lv\/produkts\/brit-care-mini-hair-skin-sunu-bariba-ar-lasi-un-silkem-400g\/#primaryimage"},"image":{"@id":"https:\/\/miumjau.ee\/lv\/produkts\/brit-care-mini-hair-skin-sunu-bariba-ar-lasi-un-silkem-400g\/#primaryimage"},"thumbnailUrl":"https:\/\/miumjau.ee\/wp-content\/uploads\/2025\/04\/brit-care-mini-koeratoit2.webp","datePublished":"2025-04-07T18:02:57+00:00","dateModified":"2026-01-07T19:13:12+00:00","description":"Brit Care Mini su\u0146u bar\u012bba ir bez graudiem un pilnv\u0113rt\u012bga, \u012bpa\u0161i maz\u0101kaj\u0101m \u0161\u0137irn\u0113m.","breadcrumb":{"@id":"https:\/\/miumjau.ee\/lv\/produkts\/brit-care-mini-hair-skin-sunu-bariba-ar-lasi-un-silkem-400g\/#breadcrumb"},"inLanguage":"lv-LV","potentialAction":[{"@type":"ReadAction","target":["https:\/\/miumjau.ee\/lv\/produkts\/brit-care-mini-hair-skin-sunu-bariba-ar-lasi-un-silkem-400g\/"]}]},{"@type":"ImageObject","inLanguage":"lv-LV","@id":"https:\/\/miumjau.ee\/lv\/produkts\/brit-care-mini-hair-skin-sunu-bariba-ar-lasi-un-silkem-400g\/#primaryimage","url":"https:\/\/miumjau.ee\/wp-content\/uploads\/2025\/04\/brit-care-mini-koeratoit2.webp","contentUrl":"https:\/\/miumjau.ee\/wp-content\/uploads\/2025\/04\/brit-care-mini-koeratoit2.webp","width":600,"height":800},{"@type":"BreadcrumbList","@id":"https:\/\/miumjau.ee\/lv\/produkts\/brit-care-mini-hair-skin-sunu-bariba-ar-lasi-un-silkem-400g\/#breadcrumb","itemListElement":[{"@type":"ListItem","position":1,"name":"Home","item":"https:\/\/miumjau.ee\/lv\/"},{"@type":"ListItem","position":2,"name":"Veikals","item":"https:\/\/miumjau.ee\/lv\/veikals\/"},{"@type":"ListItem","position":3,"name":"Brit Care Mini Hair &#038; Skin su\u0146u bar\u012bba ar lasi un si\u013c\u0137\u0113m 400g"}]},{"@type":"WebSite","@id":"https:\/\/miumjau.ee\/#website","url":"https:\/\/miumjau.ee\/","name":"MiuMjau","description":"Kraapimispuud kassidele","publisher":{"@id":"https:\/\/miumjau.ee\/#organization"},"potentialAction":[{"@type":"SearchAction","target":{"@type":"EntryPoint","urlTemplate":"https:\/\/miumjau.ee\/?s={search_term_string}"},"query-input":{"@type":"PropertyValueSpecification","valueRequired":true,"valueName":"search_term_string"}}],"inLanguage":"lv-LV"},{"@type":"Organization","@id":"https:\/\/miumjau.ee\/#organization","name":"MiuMjau O\u00dc","url":"https:\/\/miumjau.ee\/","logo":{"@type":"ImageObject","inLanguage":"lv-LV","@id":"https:\/\/miumjau.ee\/#\/schema\/logo\/image\/","url":"https:\/\/miumjau.ee\/wp-content\/uploads\/2022\/04\/MiuMjau-logo-kollane.png","contentUrl":"https:\/\/miumjau.ee\/wp-content\/uploads\/2022\/04\/MiuMjau-logo-kollane.png","width":219,"height":100,"caption":"MiuMjau O\u00dc"},"image":{"@id":"https:\/\/miumjau.ee\/#\/schema\/logo\/image\/"},"sameAs":["https:\/\/www.facebook.com\/miumjaupood\/"]}]}},"_links":{"self":[{"href":"https:\/\/miumjau.ee\/lv\/wp-json\/wp\/v2\/product\/50940","targetHints":{"allow":["GET"]}}],"collection":[{"href":"https:\/\/miumjau.ee\/lv\/wp-json\/wp\/v2\/product"}],"about":[{"href":"https:\/\/miumjau.ee\/lv\/wp-json\/wp\/v2\/types\/product"}],"wp:featuredmedia":[{"embeddable":true,"href":"https:\/\/miumjau.ee\/lv\/wp-json\/wp\/v2\/media\/50939"}],"wp:attachment":[{"href":"https:\/\/miumjau.ee\/lv\/wp-json\/wp\/v2\/media?parent=50940"}],"wp:term":[{"taxonomy":"product_brand","embeddable":true,"href":"https:\/\/miumjau.ee\/lv\/wp-json\/wp\/v2\/product_brand?post=50940"},{"taxonomy":"product_cat","embeddable":true,"href":"https:\/\/miumjau.ee\/lv\/wp-json\/wp\/v2\/product_cat?post=50940"},{"taxonomy":"product_tag","embeddable":true,"href":"https:\/\/miumjau.ee\/lv\/wp-json\/wp\/v2\/product_tag?post=50940"}],"curies":[{"name":"wp","href":"https:\/\/api.w.org\/{rel}","templated":true}]}}