{"id":50932,"date":"2025-04-07T21:14:52","date_gmt":"2025-04-07T18:14:52","guid":{"rendered":"https:\/\/miumjau.ee\/toode\/brit-care-mini-puppy-bezgraudu-bariba-kuceniem-ar-jera-galu-400g\/"},"modified":"2026-01-07T21:13:12","modified_gmt":"2026-01-07T19:13:12","slug":"brit-care-mini-puppy-bezgraudu-bariba-kuceniem-ar-jera-galu-400g","status":"publish","type":"product","link":"https:\/\/miumjau.ee\/lv\/produkts\/brit-care-mini-puppy-bezgraudu-bariba-kuceniem-ar-jera-galu-400g\/","title":{"rendered":"Brit Care Mini Puppy bezgraudu bar\u012bba kuc\u0113niem ar j\u0113ra ga\u013cu 400g"},"content":{"rendered":"","protected":false},"excerpt":{"rendered":"<p>Bezglut\u0113na, hipoaler\u0123iska recepte mini \u0161\u0137irnes kuc\u0113niem (no 4. ned\u0113\u013cas l\u012bdz 10. m\u0113nesim) un vi\u0146u m\u0101t\u0113m.<\/p>\n<p><strong>Sast\u0101vs:<\/strong> <strong>j\u0113ra ga\u013cas milti<\/strong> 35%, <strong>svaigs j\u0113ra prote\u012bns<\/strong> 20%, dzeltenie zir\u0146i, <strong>vista tauki<\/strong> (konserv\u0113ti ar tokoferoliem), \u0137irbju zir\u0146i, <strong>lina s\u0113klas<\/strong> 5%, <strong>lasis e\u013c\u013ca<\/strong> 3%, gri\u0137i, \u017e\u0101v\u0113tas \u0101boli, alus raugs, j\u016bras a\u013c\u0123es (0,5%, Ascophyllum nodosum), hidroliz\u0113tas glieme\u017eu \u010daulas (glikozam\u012bna avots, 290 mg\/kg), <strong>mellenes<\/strong> (250 mg\/kg \u2013 polifenolu avots 75 mg\/kg, flavono\u012bdu avots 35 mg\/kg), skrim\u0161\u013ca ekstrakts (hondro\u012bna avots, 180 mg\/kg), man\u0101na-oligosahar\u012bdi (170 mg\/kg), gar\u0161augi un aug\u013ci (rozmar\u012bns, krustnagli\u0146as, citrusaug\u013ci, kurkuma \u2013 160 mg\/kg), frukto-oligosahar\u012bdi (110 mg\/kg), Yucca schidigera (110 mg\/kg), inul\u012bns (100 mg\/kg), m\u0101rdadzis (80 mg\/kg), p\u012bl\u0101d\u017ei (80 mg\/kg), kumel\u012bte (35 mg\/kg), krustnagli\u0146as (35 mg\/kg), salvija (30 mg\/kg).<\/p>\n<p><strong>Anal\u012btisk\u0101s sast\u0101vda\u013cas:<\/strong> <strong>prote\u012bns<\/strong> 33,0%, <strong>tauki<\/strong> 23,0%, mitrums 10,0%, pelni 8,5%, \u0161\u0137iedra 1,5%, kalcijs 1,6%, fosfors 1,3%, omega-3 tauksk\u0101bes 1,9%, omega-6 tauksk\u0101bes 3,2%, eikozapenta\u0113nsk\u0101be (EPA) 0,2%.<\/p>\n<p><strong>Bar\u012bbas piedevas:<\/strong> vit. A 23 000 IU, vit. D3 1 800 IU, vit. E 650 mg, vit. C 350 mg, hol\u012bns 700 mg, tauri\u012bns 220 mg, biot\u012bns 3,5 mg, vit. B1 1,2 mg, vit. B2 4,5 mg, niac\u012bnam\u012bds 15 mg, kalcija D-pantoten\u0101ts 12 mg, vit. B6 1,2 mg, folsk\u0101be 0,6 mg, vit. B12 0,04 mg, cinks 110 mg, dzelzs 90 mg, mang\u0101ns 45 mg, jods 0,8 mg, var\u0161 18 mg, sel\u0113ns 0,2 mg.<\/p>\n<p><strong>Metaboliz\u0113jam\u0101 ener\u0123ija:<\/strong> 4 200 kcal\/kg.<\/p>\n","protected":false},"featured_media":50933,"template":"","meta":[],"product_brand":[],"product_cat":[575],"product_tag":[],"class_list":{"0":"post-50932","1":"product","2":"type-product","3":"status-publish","4":"has-post-thumbnail","6":"product_cat-sausa-bariba-suniem","8":"first","9":"instock","10":"sale","11":"taxable","12":"shipping-taxable","13":"purchasable","14":"product-type-simple"},"yoast_head":"<!-- This site is optimized with the Yoast SEO plugin v27.2 - https:\/\/yoast.com\/product\/yoast-seo-wordpress\/ -->\n<title>Brit Care Mini Puppy bezgraudu bar\u012bba kuc\u0113niem ar j\u0113ra ga\u013cu 400g - MiuMjau<\/title>\n<meta name=\"description\" content=\"Brit Care Mini su\u0146u bar\u012bba ir bez graudiem un pilnv\u0113rt\u012bga, \u012bpa\u0161i maz\u0101kaj\u0101m \u0161\u0137irn\u0113m.\" \/>\n<meta name=\"robots\" content=\"index, follow, max-snippet:-1, max-image-preview:large, max-video-preview:-1\" \/>\n<link rel=\"canonical\" href=\"https:\/\/miumjau.ee\/lv\/produkts\/brit-care-mini-puppy-bezgraudu-bariba-kuceniem-ar-jera-galu-400g\/\" \/>\n<meta property=\"og:locale\" content=\"lv_LV\" \/>\n<meta property=\"og:type\" content=\"article\" \/>\n<meta property=\"og:title\" content=\"Brit Care Mini Puppy bezgraudu bar\u012bba kuc\u0113niem ar j\u0113ra ga\u013cu 400g - MiuMjau\" \/>\n<meta property=\"og:description\" content=\"Brit Care Mini su\u0146u bar\u012bba ir bez graudiem un pilnv\u0113rt\u012bga, \u012bpa\u0161i maz\u0101kaj\u0101m \u0161\u0137irn\u0113m.\" \/>\n<meta property=\"og:url\" content=\"https:\/\/miumjau.ee\/lv\/produkts\/brit-care-mini-puppy-bezgraudu-bariba-kuceniem-ar-jera-galu-400g\/\" \/>\n<meta property=\"og:site_name\" content=\"MiuMjau\" \/>\n<meta property=\"article:publisher\" content=\"https:\/\/www.facebook.com\/miumjaupood\/\" \/>\n<meta property=\"article:modified_time\" content=\"2026-01-07T19:13:12+00:00\" \/>\n<meta property=\"og:image\" content=\"https:\/\/miumjau.ee\/wp-content\/uploads\/2025\/04\/brit-care-mini-koeratoit4.webp\" \/>\n\t<meta property=\"og:image:width\" content=\"600\" \/>\n\t<meta property=\"og:image:height\" content=\"800\" \/>\n\t<meta property=\"og:image:type\" content=\"image\/webp\" \/>\n<meta name=\"twitter:card\" content=\"summary_large_image\" \/>\n<script type=\"application\/ld+json\" class=\"yoast-schema-graph\">{\"@context\":\"https:\/\/schema.org\",\"@graph\":[{\"@type\":\"WebPage\",\"@id\":\"https:\/\/miumjau.ee\/lv\/produkts\/brit-care-mini-puppy-bezgraudu-bariba-kuceniem-ar-jera-galu-400g\/\",\"url\":\"https:\/\/miumjau.ee\/lv\/produkts\/brit-care-mini-puppy-bezgraudu-bariba-kuceniem-ar-jera-galu-400g\/\",\"name\":\"Brit Care Mini Puppy bezgraudu bar\u012bba kuc\u0113niem ar j\u0113ra ga\u013cu 400g - MiuMjau\",\"isPartOf\":{\"@id\":\"https:\/\/miumjau.ee\/#website\"},\"primaryImageOfPage\":{\"@id\":\"https:\/\/miumjau.ee\/lv\/produkts\/brit-care-mini-puppy-bezgraudu-bariba-kuceniem-ar-jera-galu-400g\/#primaryimage\"},\"image\":{\"@id\":\"https:\/\/miumjau.ee\/lv\/produkts\/brit-care-mini-puppy-bezgraudu-bariba-kuceniem-ar-jera-galu-400g\/#primaryimage\"},\"thumbnailUrl\":\"https:\/\/miumjau.ee\/wp-content\/uploads\/2025\/04\/brit-care-mini-koeratoit4.webp\",\"datePublished\":\"2025-04-07T18:14:52+00:00\",\"dateModified\":\"2026-01-07T19:13:12+00:00\",\"description\":\"Brit Care Mini su\u0146u bar\u012bba ir bez graudiem un pilnv\u0113rt\u012bga, \u012bpa\u0161i maz\u0101kaj\u0101m \u0161\u0137irn\u0113m.\",\"breadcrumb\":{\"@id\":\"https:\/\/miumjau.ee\/lv\/produkts\/brit-care-mini-puppy-bezgraudu-bariba-kuceniem-ar-jera-galu-400g\/#breadcrumb\"},\"inLanguage\":\"lv-LV\",\"potentialAction\":[{\"@type\":\"ReadAction\",\"target\":[\"https:\/\/miumjau.ee\/lv\/produkts\/brit-care-mini-puppy-bezgraudu-bariba-kuceniem-ar-jera-galu-400g\/\"]}]},{\"@type\":\"ImageObject\",\"inLanguage\":\"lv-LV\",\"@id\":\"https:\/\/miumjau.ee\/lv\/produkts\/brit-care-mini-puppy-bezgraudu-bariba-kuceniem-ar-jera-galu-400g\/#primaryimage\",\"url\":\"https:\/\/miumjau.ee\/wp-content\/uploads\/2025\/04\/brit-care-mini-koeratoit4.webp\",\"contentUrl\":\"https:\/\/miumjau.ee\/wp-content\/uploads\/2025\/04\/brit-care-mini-koeratoit4.webp\",\"width\":600,\"height\":800},{\"@type\":\"BreadcrumbList\",\"@id\":\"https:\/\/miumjau.ee\/lv\/produkts\/brit-care-mini-puppy-bezgraudu-bariba-kuceniem-ar-jera-galu-400g\/#breadcrumb\",\"itemListElement\":[{\"@type\":\"ListItem\",\"position\":1,\"name\":\"Home\",\"item\":\"https:\/\/miumjau.ee\/lv\/\"},{\"@type\":\"ListItem\",\"position\":2,\"name\":\"Veikals\",\"item\":\"https:\/\/miumjau.ee\/lv\/veikals\/\"},{\"@type\":\"ListItem\",\"position\":3,\"name\":\"Brit Care Mini Puppy bezgraudu bar\u012bba kuc\u0113niem ar j\u0113ra ga\u013cu 400g\"}]},{\"@type\":\"WebSite\",\"@id\":\"https:\/\/miumjau.ee\/#website\",\"url\":\"https:\/\/miumjau.ee\/\",\"name\":\"MiuMjau\",\"description\":\"Kraapimispuud kassidele\",\"publisher\":{\"@id\":\"https:\/\/miumjau.ee\/#organization\"},\"potentialAction\":[{\"@type\":\"SearchAction\",\"target\":{\"@type\":\"EntryPoint\",\"urlTemplate\":\"https:\/\/miumjau.ee\/?s={search_term_string}\"},\"query-input\":{\"@type\":\"PropertyValueSpecification\",\"valueRequired\":true,\"valueName\":\"search_term_string\"}}],\"inLanguage\":\"lv-LV\"},{\"@type\":\"Organization\",\"@id\":\"https:\/\/miumjau.ee\/#organization\",\"name\":\"MiuMjau O\u00dc\",\"url\":\"https:\/\/miumjau.ee\/\",\"logo\":{\"@type\":\"ImageObject\",\"inLanguage\":\"lv-LV\",\"@id\":\"https:\/\/miumjau.ee\/#\/schema\/logo\/image\/\",\"url\":\"https:\/\/miumjau.ee\/wp-content\/uploads\/2022\/04\/MiuMjau-logo-kollane.png\",\"contentUrl\":\"https:\/\/miumjau.ee\/wp-content\/uploads\/2022\/04\/MiuMjau-logo-kollane.png\",\"width\":219,\"height\":100,\"caption\":\"MiuMjau O\u00dc\"},\"image\":{\"@id\":\"https:\/\/miumjau.ee\/#\/schema\/logo\/image\/\"},\"sameAs\":[\"https:\/\/www.facebook.com\/miumjaupood\/\"]}]}<\/script>\n<!-- \/ Yoast SEO plugin. -->","yoast_head_json":{"title":"Brit Care Mini Puppy bezgraudu bar\u012bba kuc\u0113niem ar j\u0113ra ga\u013cu 400g - MiuMjau","description":"Brit Care Mini su\u0146u bar\u012bba ir bez graudiem un pilnv\u0113rt\u012bga, \u012bpa\u0161i maz\u0101kaj\u0101m \u0161\u0137irn\u0113m.","robots":{"index":"index","follow":"follow","max-snippet":"max-snippet:-1","max-image-preview":"max-image-preview:large","max-video-preview":"max-video-preview:-1"},"canonical":"https:\/\/miumjau.ee\/lv\/produkts\/brit-care-mini-puppy-bezgraudu-bariba-kuceniem-ar-jera-galu-400g\/","og_locale":"lv_LV","og_type":"article","og_title":"Brit Care Mini Puppy bezgraudu bar\u012bba kuc\u0113niem ar j\u0113ra ga\u013cu 400g - MiuMjau","og_description":"Brit Care Mini su\u0146u bar\u012bba ir bez graudiem un pilnv\u0113rt\u012bga, \u012bpa\u0161i maz\u0101kaj\u0101m \u0161\u0137irn\u0113m.","og_url":"https:\/\/miumjau.ee\/lv\/produkts\/brit-care-mini-puppy-bezgraudu-bariba-kuceniem-ar-jera-galu-400g\/","og_site_name":"MiuMjau","article_publisher":"https:\/\/www.facebook.com\/miumjaupood\/","article_modified_time":"2026-01-07T19:13:12+00:00","og_image":[{"width":600,"height":800,"url":"https:\/\/miumjau.ee\/wp-content\/uploads\/2025\/04\/brit-care-mini-koeratoit4.webp","type":"image\/webp"}],"twitter_card":"summary_large_image","schema":{"@context":"https:\/\/schema.org","@graph":[{"@type":"WebPage","@id":"https:\/\/miumjau.ee\/lv\/produkts\/brit-care-mini-puppy-bezgraudu-bariba-kuceniem-ar-jera-galu-400g\/","url":"https:\/\/miumjau.ee\/lv\/produkts\/brit-care-mini-puppy-bezgraudu-bariba-kuceniem-ar-jera-galu-400g\/","name":"Brit Care Mini Puppy bezgraudu bar\u012bba kuc\u0113niem ar j\u0113ra ga\u013cu 400g - MiuMjau","isPartOf":{"@id":"https:\/\/miumjau.ee\/#website"},"primaryImageOfPage":{"@id":"https:\/\/miumjau.ee\/lv\/produkts\/brit-care-mini-puppy-bezgraudu-bariba-kuceniem-ar-jera-galu-400g\/#primaryimage"},"image":{"@id":"https:\/\/miumjau.ee\/lv\/produkts\/brit-care-mini-puppy-bezgraudu-bariba-kuceniem-ar-jera-galu-400g\/#primaryimage"},"thumbnailUrl":"https:\/\/miumjau.ee\/wp-content\/uploads\/2025\/04\/brit-care-mini-koeratoit4.webp","datePublished":"2025-04-07T18:14:52+00:00","dateModified":"2026-01-07T19:13:12+00:00","description":"Brit Care Mini su\u0146u bar\u012bba ir bez graudiem un pilnv\u0113rt\u012bga, \u012bpa\u0161i maz\u0101kaj\u0101m \u0161\u0137irn\u0113m.","breadcrumb":{"@id":"https:\/\/miumjau.ee\/lv\/produkts\/brit-care-mini-puppy-bezgraudu-bariba-kuceniem-ar-jera-galu-400g\/#breadcrumb"},"inLanguage":"lv-LV","potentialAction":[{"@type":"ReadAction","target":["https:\/\/miumjau.ee\/lv\/produkts\/brit-care-mini-puppy-bezgraudu-bariba-kuceniem-ar-jera-galu-400g\/"]}]},{"@type":"ImageObject","inLanguage":"lv-LV","@id":"https:\/\/miumjau.ee\/lv\/produkts\/brit-care-mini-puppy-bezgraudu-bariba-kuceniem-ar-jera-galu-400g\/#primaryimage","url":"https:\/\/miumjau.ee\/wp-content\/uploads\/2025\/04\/brit-care-mini-koeratoit4.webp","contentUrl":"https:\/\/miumjau.ee\/wp-content\/uploads\/2025\/04\/brit-care-mini-koeratoit4.webp","width":600,"height":800},{"@type":"BreadcrumbList","@id":"https:\/\/miumjau.ee\/lv\/produkts\/brit-care-mini-puppy-bezgraudu-bariba-kuceniem-ar-jera-galu-400g\/#breadcrumb","itemListElement":[{"@type":"ListItem","position":1,"name":"Home","item":"https:\/\/miumjau.ee\/lv\/"},{"@type":"ListItem","position":2,"name":"Veikals","item":"https:\/\/miumjau.ee\/lv\/veikals\/"},{"@type":"ListItem","position":3,"name":"Brit Care Mini Puppy bezgraudu bar\u012bba kuc\u0113niem ar j\u0113ra ga\u013cu 400g"}]},{"@type":"WebSite","@id":"https:\/\/miumjau.ee\/#website","url":"https:\/\/miumjau.ee\/","name":"MiuMjau","description":"Kraapimispuud kassidele","publisher":{"@id":"https:\/\/miumjau.ee\/#organization"},"potentialAction":[{"@type":"SearchAction","target":{"@type":"EntryPoint","urlTemplate":"https:\/\/miumjau.ee\/?s={search_term_string}"},"query-input":{"@type":"PropertyValueSpecification","valueRequired":true,"valueName":"search_term_string"}}],"inLanguage":"lv-LV"},{"@type":"Organization","@id":"https:\/\/miumjau.ee\/#organization","name":"MiuMjau O\u00dc","url":"https:\/\/miumjau.ee\/","logo":{"@type":"ImageObject","inLanguage":"lv-LV","@id":"https:\/\/miumjau.ee\/#\/schema\/logo\/image\/","url":"https:\/\/miumjau.ee\/wp-content\/uploads\/2022\/04\/MiuMjau-logo-kollane.png","contentUrl":"https:\/\/miumjau.ee\/wp-content\/uploads\/2022\/04\/MiuMjau-logo-kollane.png","width":219,"height":100,"caption":"MiuMjau O\u00dc"},"image":{"@id":"https:\/\/miumjau.ee\/#\/schema\/logo\/image\/"},"sameAs":["https:\/\/www.facebook.com\/miumjaupood\/"]}]}},"_links":{"self":[{"href":"https:\/\/miumjau.ee\/lv\/wp-json\/wp\/v2\/product\/50932","targetHints":{"allow":["GET"]}}],"collection":[{"href":"https:\/\/miumjau.ee\/lv\/wp-json\/wp\/v2\/product"}],"about":[{"href":"https:\/\/miumjau.ee\/lv\/wp-json\/wp\/v2\/types\/product"}],"wp:featuredmedia":[{"embeddable":true,"href":"https:\/\/miumjau.ee\/lv\/wp-json\/wp\/v2\/media\/50933"}],"wp:attachment":[{"href":"https:\/\/miumjau.ee\/lv\/wp-json\/wp\/v2\/media?parent=50932"}],"wp:term":[{"taxonomy":"product_brand","embeddable":true,"href":"https:\/\/miumjau.ee\/lv\/wp-json\/wp\/v2\/product_brand?post=50932"},{"taxonomy":"product_cat","embeddable":true,"href":"https:\/\/miumjau.ee\/lv\/wp-json\/wp\/v2\/product_cat?post=50932"},{"taxonomy":"product_tag","embeddable":true,"href":"https:\/\/miumjau.ee\/lv\/wp-json\/wp\/v2\/product_tag?post=50932"}],"curies":[{"name":"wp","href":"https:\/\/api.w.org\/{rel}","templated":true}]}}