{"id":50915,"date":"2025-04-08T09:58:32","date_gmt":"2025-04-08T06:58:32","guid":{"rendered":"https:\/\/miumjau.ee\/toode\/sunu-kosanas-nujinas-dental-ar-hlorofilu-l-21-cm-1-gab\/"},"modified":"2026-01-07T21:13:26","modified_gmt":"2026-01-07T19:13:26","slug":"sunu-kosanas-nujinas-dental-ar-hlorofilu-l-21-cm-1-gab","status":"publish","type":"product","link":"https:\/\/miumjau.ee\/lv\/produkts\/sunu-kosanas-nujinas-dental-ar-hlorofilu-l-21-cm-1-gab\/","title":{"rendered":"Su\u0146u ko\u0161anas n\u016bji\u0146as Dental ar hlorofilu, L-21 cm, 1 gab."},"content":{"rendered":"","protected":false},"excerpt":{"rendered":"<p>Ko\u0161\u013c\u0101jamas n\u016bji\u0146as pal\u012bdz t\u012br\u012bt zobus, samazina zobakmens veido\u0161anos un uztur elpu svaig\u0101ku. K\u0101rumam ir pievienots hlorofils, kas paz\u012bstams ar savu dziedino\u0161o un pretiekaisuma iedarb\u012bbu.<\/p>\n<p>K\u0101ruma garums: aptuveni 21 cm<\/p>\n<p>Baro\u0161anas nor\u0101d\u012bjumi: Var dot papildus \u0113dienam 1 gabali\u0146u dien\u0101. P\u0101rliecinies, ka sunim vienm\u0113r ir pieejams svaigs dzeramais \u016bdens. Glab\u0101t saus\u0101 un tum\u0161\u0101 viet\u0101.<\/p>\n","protected":false},"featured_media":50916,"template":"","meta":[],"product_brand":[],"product_cat":[576],"product_tag":[],"class_list":{"0":"post-50915","1":"product","2":"type-product","3":"status-publish","4":"has-post-thumbnail","6":"product_cat-naski-suniem","8":"first","9":"instock","10":"sale","11":"taxable","12":"shipping-taxable","13":"purchasable","14":"product-type-simple"},"yoast_head":"<!-- This site is optimized with the Yoast SEO plugin v27.2 - https:\/\/yoast.com\/product\/yoast-seo-wordpress\/ -->\n<title>Su\u0146u ko\u0161anas n\u016bji\u0146as Dental ar hlorofilu, L-21 cm, 1 gab. - MiuMjau<\/title>\n<meta name=\"description\" content=\"Zobu t\u012br\u012b\u0161anai un svaig\u0101kai elpai \u2013 **Dental ko\u0161\u013c\u0101jami n\u016bji\u0146as**. Dodiet sunim vienu k\u0101rumu dien\u0101 un izbaudiet svaig\u0101ku elpu kop\u0101 ar savu draugu.\" \/>\n<meta name=\"robots\" content=\"index, follow, max-snippet:-1, max-image-preview:large, max-video-preview:-1\" \/>\n<link rel=\"canonical\" href=\"https:\/\/miumjau.ee\/lv\/produkts\/sunu-kosanas-nujinas-dental-ar-hlorofilu-l-21-cm-1-gab\/\" \/>\n<meta property=\"og:locale\" content=\"lv_LV\" \/>\n<meta property=\"og:type\" content=\"article\" \/>\n<meta property=\"og:title\" content=\"Su\u0146u ko\u0161anas n\u016bji\u0146as Dental ar hlorofilu, L-21 cm, 1 gab. - MiuMjau\" \/>\n<meta property=\"og:description\" content=\"Zobu t\u012br\u012b\u0161anai un svaig\u0101kai elpai \u2013 **Dental ko\u0161\u013c\u0101jami n\u016bji\u0146as**. Dodiet sunim vienu k\u0101rumu dien\u0101 un izbaudiet svaig\u0101ku elpu kop\u0101 ar savu draugu.\" \/>\n<meta property=\"og:url\" content=\"https:\/\/miumjau.ee\/lv\/produkts\/sunu-kosanas-nujinas-dental-ar-hlorofilu-l-21-cm-1-gab\/\" \/>\n<meta property=\"og:site_name\" content=\"MiuMjau\" \/>\n<meta property=\"article:publisher\" content=\"https:\/\/www.facebook.com\/miumjaupood\/\" \/>\n<meta property=\"article:modified_time\" content=\"2026-01-07T19:13:26+00:00\" \/>\n<meta property=\"og:image\" content=\"https:\/\/miumjau.ee\/wp-content\/uploads\/2025\/04\/narimispulgad-koertele-mr-dental16.webp\" \/>\n\t<meta property=\"og:image:width\" content=\"1500\" \/>\n\t<meta property=\"og:image:height\" content=\"1500\" \/>\n\t<meta property=\"og:image:type\" content=\"image\/webp\" \/>\n<meta name=\"twitter:card\" content=\"summary_large_image\" \/>\n<script type=\"application\/ld+json\" class=\"yoast-schema-graph\">{\"@context\":\"https:\/\/schema.org\",\"@graph\":[{\"@type\":\"WebPage\",\"@id\":\"https:\/\/miumjau.ee\/lv\/produkts\/sunu-kosanas-nujinas-dental-ar-hlorofilu-l-21-cm-1-gab\/\",\"url\":\"https:\/\/miumjau.ee\/lv\/produkts\/sunu-kosanas-nujinas-dental-ar-hlorofilu-l-21-cm-1-gab\/\",\"name\":\"Su\u0146u ko\u0161anas n\u016bji\u0146as Dental ar hlorofilu, L-21 cm, 1 gab. - MiuMjau\",\"isPartOf\":{\"@id\":\"https:\/\/miumjau.ee\/#website\"},\"primaryImageOfPage\":{\"@id\":\"https:\/\/miumjau.ee\/lv\/produkts\/sunu-kosanas-nujinas-dental-ar-hlorofilu-l-21-cm-1-gab\/#primaryimage\"},\"image\":{\"@id\":\"https:\/\/miumjau.ee\/lv\/produkts\/sunu-kosanas-nujinas-dental-ar-hlorofilu-l-21-cm-1-gab\/#primaryimage\"},\"thumbnailUrl\":\"https:\/\/miumjau.ee\/wp-content\/uploads\/2025\/04\/narimispulgad-koertele-mr-dental16.webp\",\"datePublished\":\"2025-04-08T06:58:32+00:00\",\"dateModified\":\"2026-01-07T19:13:26+00:00\",\"description\":\"Zobu t\u012br\u012b\u0161anai un svaig\u0101kai elpai \u2013 **Dental ko\u0161\u013c\u0101jami n\u016bji\u0146as**. Dodiet sunim vienu k\u0101rumu dien\u0101 un izbaudiet svaig\u0101ku elpu kop\u0101 ar savu draugu.\",\"breadcrumb\":{\"@id\":\"https:\/\/miumjau.ee\/lv\/produkts\/sunu-kosanas-nujinas-dental-ar-hlorofilu-l-21-cm-1-gab\/#breadcrumb\"},\"inLanguage\":\"lv-LV\",\"potentialAction\":[{\"@type\":\"ReadAction\",\"target\":[\"https:\/\/miumjau.ee\/lv\/produkts\/sunu-kosanas-nujinas-dental-ar-hlorofilu-l-21-cm-1-gab\/\"]}]},{\"@type\":\"ImageObject\",\"inLanguage\":\"lv-LV\",\"@id\":\"https:\/\/miumjau.ee\/lv\/produkts\/sunu-kosanas-nujinas-dental-ar-hlorofilu-l-21-cm-1-gab\/#primaryimage\",\"url\":\"https:\/\/miumjau.ee\/wp-content\/uploads\/2025\/04\/narimispulgad-koertele-mr-dental16.webp\",\"contentUrl\":\"https:\/\/miumjau.ee\/wp-content\/uploads\/2025\/04\/narimispulgad-koertele-mr-dental16.webp\",\"width\":1500,\"height\":1500},{\"@type\":\"BreadcrumbList\",\"@id\":\"https:\/\/miumjau.ee\/lv\/produkts\/sunu-kosanas-nujinas-dental-ar-hlorofilu-l-21-cm-1-gab\/#breadcrumb\",\"itemListElement\":[{\"@type\":\"ListItem\",\"position\":1,\"name\":\"Home\",\"item\":\"https:\/\/miumjau.ee\/lv\/\"},{\"@type\":\"ListItem\",\"position\":2,\"name\":\"Veikals\",\"item\":\"https:\/\/miumjau.ee\/lv\/veikals\/\"},{\"@type\":\"ListItem\",\"position\":3,\"name\":\"Su\u0146u ko\u0161anas n\u016bji\u0146as Dental ar hlorofilu, L-21 cm, 1 gab.\"}]},{\"@type\":\"WebSite\",\"@id\":\"https:\/\/miumjau.ee\/#website\",\"url\":\"https:\/\/miumjau.ee\/\",\"name\":\"MiuMjau\",\"description\":\"Kraapimispuud kassidele\",\"publisher\":{\"@id\":\"https:\/\/miumjau.ee\/#organization\"},\"potentialAction\":[{\"@type\":\"SearchAction\",\"target\":{\"@type\":\"EntryPoint\",\"urlTemplate\":\"https:\/\/miumjau.ee\/?s={search_term_string}\"},\"query-input\":{\"@type\":\"PropertyValueSpecification\",\"valueRequired\":true,\"valueName\":\"search_term_string\"}}],\"inLanguage\":\"lv-LV\"},{\"@type\":\"Organization\",\"@id\":\"https:\/\/miumjau.ee\/#organization\",\"name\":\"MiuMjau O\u00dc\",\"url\":\"https:\/\/miumjau.ee\/\",\"logo\":{\"@type\":\"ImageObject\",\"inLanguage\":\"lv-LV\",\"@id\":\"https:\/\/miumjau.ee\/#\/schema\/logo\/image\/\",\"url\":\"https:\/\/miumjau.ee\/wp-content\/uploads\/2022\/04\/MiuMjau-logo-kollane.png\",\"contentUrl\":\"https:\/\/miumjau.ee\/wp-content\/uploads\/2022\/04\/MiuMjau-logo-kollane.png\",\"width\":219,\"height\":100,\"caption\":\"MiuMjau O\u00dc\"},\"image\":{\"@id\":\"https:\/\/miumjau.ee\/#\/schema\/logo\/image\/\"},\"sameAs\":[\"https:\/\/www.facebook.com\/miumjaupood\/\"]}]}<\/script>\n<!-- \/ Yoast SEO plugin. -->","yoast_head_json":{"title":"Su\u0146u ko\u0161anas n\u016bji\u0146as Dental ar hlorofilu, L-21 cm, 1 gab. - MiuMjau","description":"Zobu t\u012br\u012b\u0161anai un svaig\u0101kai elpai \u2013 **Dental ko\u0161\u013c\u0101jami n\u016bji\u0146as**. Dodiet sunim vienu k\u0101rumu dien\u0101 un izbaudiet svaig\u0101ku elpu kop\u0101 ar savu draugu.","robots":{"index":"index","follow":"follow","max-snippet":"max-snippet:-1","max-image-preview":"max-image-preview:large","max-video-preview":"max-video-preview:-1"},"canonical":"https:\/\/miumjau.ee\/lv\/produkts\/sunu-kosanas-nujinas-dental-ar-hlorofilu-l-21-cm-1-gab\/","og_locale":"lv_LV","og_type":"article","og_title":"Su\u0146u ko\u0161anas n\u016bji\u0146as Dental ar hlorofilu, L-21 cm, 1 gab. - MiuMjau","og_description":"Zobu t\u012br\u012b\u0161anai un svaig\u0101kai elpai \u2013 **Dental ko\u0161\u013c\u0101jami n\u016bji\u0146as**. Dodiet sunim vienu k\u0101rumu dien\u0101 un izbaudiet svaig\u0101ku elpu kop\u0101 ar savu draugu.","og_url":"https:\/\/miumjau.ee\/lv\/produkts\/sunu-kosanas-nujinas-dental-ar-hlorofilu-l-21-cm-1-gab\/","og_site_name":"MiuMjau","article_publisher":"https:\/\/www.facebook.com\/miumjaupood\/","article_modified_time":"2026-01-07T19:13:26+00:00","og_image":[{"width":1500,"height":1500,"url":"https:\/\/miumjau.ee\/wp-content\/uploads\/2025\/04\/narimispulgad-koertele-mr-dental16.webp","type":"image\/webp"}],"twitter_card":"summary_large_image","schema":{"@context":"https:\/\/schema.org","@graph":[{"@type":"WebPage","@id":"https:\/\/miumjau.ee\/lv\/produkts\/sunu-kosanas-nujinas-dental-ar-hlorofilu-l-21-cm-1-gab\/","url":"https:\/\/miumjau.ee\/lv\/produkts\/sunu-kosanas-nujinas-dental-ar-hlorofilu-l-21-cm-1-gab\/","name":"Su\u0146u ko\u0161anas n\u016bji\u0146as Dental ar hlorofilu, L-21 cm, 1 gab. - MiuMjau","isPartOf":{"@id":"https:\/\/miumjau.ee\/#website"},"primaryImageOfPage":{"@id":"https:\/\/miumjau.ee\/lv\/produkts\/sunu-kosanas-nujinas-dental-ar-hlorofilu-l-21-cm-1-gab\/#primaryimage"},"image":{"@id":"https:\/\/miumjau.ee\/lv\/produkts\/sunu-kosanas-nujinas-dental-ar-hlorofilu-l-21-cm-1-gab\/#primaryimage"},"thumbnailUrl":"https:\/\/miumjau.ee\/wp-content\/uploads\/2025\/04\/narimispulgad-koertele-mr-dental16.webp","datePublished":"2025-04-08T06:58:32+00:00","dateModified":"2026-01-07T19:13:26+00:00","description":"Zobu t\u012br\u012b\u0161anai un svaig\u0101kai elpai \u2013 **Dental ko\u0161\u013c\u0101jami n\u016bji\u0146as**. Dodiet sunim vienu k\u0101rumu dien\u0101 un izbaudiet svaig\u0101ku elpu kop\u0101 ar savu draugu.","breadcrumb":{"@id":"https:\/\/miumjau.ee\/lv\/produkts\/sunu-kosanas-nujinas-dental-ar-hlorofilu-l-21-cm-1-gab\/#breadcrumb"},"inLanguage":"lv-LV","potentialAction":[{"@type":"ReadAction","target":["https:\/\/miumjau.ee\/lv\/produkts\/sunu-kosanas-nujinas-dental-ar-hlorofilu-l-21-cm-1-gab\/"]}]},{"@type":"ImageObject","inLanguage":"lv-LV","@id":"https:\/\/miumjau.ee\/lv\/produkts\/sunu-kosanas-nujinas-dental-ar-hlorofilu-l-21-cm-1-gab\/#primaryimage","url":"https:\/\/miumjau.ee\/wp-content\/uploads\/2025\/04\/narimispulgad-koertele-mr-dental16.webp","contentUrl":"https:\/\/miumjau.ee\/wp-content\/uploads\/2025\/04\/narimispulgad-koertele-mr-dental16.webp","width":1500,"height":1500},{"@type":"BreadcrumbList","@id":"https:\/\/miumjau.ee\/lv\/produkts\/sunu-kosanas-nujinas-dental-ar-hlorofilu-l-21-cm-1-gab\/#breadcrumb","itemListElement":[{"@type":"ListItem","position":1,"name":"Home","item":"https:\/\/miumjau.ee\/lv\/"},{"@type":"ListItem","position":2,"name":"Veikals","item":"https:\/\/miumjau.ee\/lv\/veikals\/"},{"@type":"ListItem","position":3,"name":"Su\u0146u ko\u0161anas n\u016bji\u0146as Dental ar hlorofilu, L-21 cm, 1 gab."}]},{"@type":"WebSite","@id":"https:\/\/miumjau.ee\/#website","url":"https:\/\/miumjau.ee\/","name":"MiuMjau","description":"Kraapimispuud kassidele","publisher":{"@id":"https:\/\/miumjau.ee\/#organization"},"potentialAction":[{"@type":"SearchAction","target":{"@type":"EntryPoint","urlTemplate":"https:\/\/miumjau.ee\/?s={search_term_string}"},"query-input":{"@type":"PropertyValueSpecification","valueRequired":true,"valueName":"search_term_string"}}],"inLanguage":"lv-LV"},{"@type":"Organization","@id":"https:\/\/miumjau.ee\/#organization","name":"MiuMjau O\u00dc","url":"https:\/\/miumjau.ee\/","logo":{"@type":"ImageObject","inLanguage":"lv-LV","@id":"https:\/\/miumjau.ee\/#\/schema\/logo\/image\/","url":"https:\/\/miumjau.ee\/wp-content\/uploads\/2022\/04\/MiuMjau-logo-kollane.png","contentUrl":"https:\/\/miumjau.ee\/wp-content\/uploads\/2022\/04\/MiuMjau-logo-kollane.png","width":219,"height":100,"caption":"MiuMjau O\u00dc"},"image":{"@id":"https:\/\/miumjau.ee\/#\/schema\/logo\/image\/"},"sameAs":["https:\/\/www.facebook.com\/miumjaupood\/"]}]}},"_links":{"self":[{"href":"https:\/\/miumjau.ee\/lv\/wp-json\/wp\/v2\/product\/50915","targetHints":{"allow":["GET"]}}],"collection":[{"href":"https:\/\/miumjau.ee\/lv\/wp-json\/wp\/v2\/product"}],"about":[{"href":"https:\/\/miumjau.ee\/lv\/wp-json\/wp\/v2\/types\/product"}],"wp:featuredmedia":[{"embeddable":true,"href":"https:\/\/miumjau.ee\/lv\/wp-json\/wp\/v2\/media\/50916"}],"wp:attachment":[{"href":"https:\/\/miumjau.ee\/lv\/wp-json\/wp\/v2\/media?parent=50915"}],"wp:term":[{"taxonomy":"product_brand","embeddable":true,"href":"https:\/\/miumjau.ee\/lv\/wp-json\/wp\/v2\/product_brand?post=50915"},{"taxonomy":"product_cat","embeddable":true,"href":"https:\/\/miumjau.ee\/lv\/wp-json\/wp\/v2\/product_cat?post=50915"},{"taxonomy":"product_tag","embeddable":true,"href":"https:\/\/miumjau.ee\/lv\/wp-json\/wp\/v2\/product_tag?post=50915"}],"curies":[{"name":"wp","href":"https:\/\/api.w.org\/{rel}","templated":true}]}}