{"id":50911,"date":"2025-04-09T13:17:31","date_gmt":"2025-04-09T10:17:31","guid":{"rendered":"https:\/\/miumjau.ee\/toode\/ontario-garda-piles-pasta-kakiem-8x90g\/"},"modified":"2026-01-07T21:13:26","modified_gmt":"2026-01-07T19:13:26","slug":"ontario-garda-piles-pasta-kakiem-8x90g","status":"publish","type":"product","link":"https:\/\/miumjau.ee\/lv\/produkts\/ontario-garda-piles-pasta-kakiem-8x90g\/","title":{"rendered":"Ontario gard\u0101 p\u012bles pasta ka\u0137iem 8x90g"},"content":{"rendered":"","protected":false},"excerpt":{"rendered":"<p>ONTARIO p\u012bles svaigas ga\u013cas pasta &#8211; papildbar\u012bba \/ ka\u0137\u0113na k\u0101rums<\/p>\n<p>\u0112rta doz\u0113\u0161ana un uzglab\u0101\u0161ana ledusskap\u012b. Kaut kas jauns un aizraujo\u0161s j\u016bsu ka\u0137im! Ikvienam nepiecie\u0161ama da\u017e\u0101d\u012bba.<\/p>\n<p>Baro\u0161anas instrukcija: Dienas deva ir atkar\u012bga no j\u016bsu ka\u0137a aktivit\u0101tes l\u012bme\u0146a, vecuma un \u0161\u0137irnes.<\/p>\n<p>Sast\u0101vda\u013cas: vistas buljons 80,52%, p\u012ble 12,386%, vistas ga\u013ca 3,48%, ciete 2%, ksant\u0101na sve\u0137i 0,91%, s\u0101ls 0,4%, bonito zivju aromatiz\u0113t\u0101js 0,1%, izomaltoze 0,08%, taur\u012bns 0,08%, ES apstiprin\u0101tas kr\u0101svielas 0,03%, B8 vitam\u012bni 0,03%, B8 vitam\u012bns 0,006%.<\/p>\n<p>Anal\u012btisk\u0101s sast\u0101vda\u013cas: Neapstr\u0101d\u0101tas olbaltumvielas 3%, e\u013c\u013cas un tauki 0,1%, Neapstr\u0101d\u0101tas \u0161\u0137iedrvielas 1%, Neapstr\u0101d\u0101ti pelni 1,2%, Mitrums 92%.<\/p>\n","protected":false},"featured_media":50912,"template":"","meta":[],"product_brand":[],"product_cat":[570],"product_tag":[],"class_list":{"0":"post-50911","1":"product","2":"type-product","3":"status-publish","4":"has-post-thumbnail","6":"product_cat-naski","8":"first","9":"instock","10":"taxable","11":"shipping-taxable","12":"purchasable","13":"product-type-simple"},"yoast_head":"<!-- This site is optimized with the Yoast SEO plugin v27.2 - https:\/\/yoast.com\/product\/yoast-seo-wordpress\/ -->\n<title>Ontario gard\u0101 p\u012bles pasta ka\u0137iem 8x90g - MiuMjau<\/title>\n<meta name=\"description\" content=\"Ontario pastas var lietot k\u0101 piedevu sausajai bar\u012bbai vai k\u0101 na\u0161\u0137i. N\u0101ciet un izm\u0113\u0123iniet m\u016bsu jaunos un aizraujo\u0161os Ontario produktus! Pla\u0161s gar\u0161as piedz\u012bvojumu kl\u0101sts.\" \/>\n<meta name=\"robots\" content=\"index, follow, max-snippet:-1, max-image-preview:large, max-video-preview:-1\" \/>\n<link rel=\"canonical\" href=\"https:\/\/miumjau.ee\/lv\/produkts\/ontario-garda-piles-pasta-kakiem-8x90g\/\" \/>\n<meta property=\"og:locale\" content=\"lv_LV\" \/>\n<meta property=\"og:type\" content=\"article\" \/>\n<meta property=\"og:title\" content=\"Ontario gard\u0101 p\u012bles pasta ka\u0137iem 8x90g - MiuMjau\" \/>\n<meta property=\"og:description\" content=\"Ontario pastas var lietot k\u0101 piedevu sausajai bar\u012bbai vai k\u0101 na\u0161\u0137i. N\u0101ciet un izm\u0113\u0123iniet m\u016bsu jaunos un aizraujo\u0161os Ontario produktus! Pla\u0161s gar\u0161as piedz\u012bvojumu kl\u0101sts.\" \/>\n<meta property=\"og:url\" content=\"https:\/\/miumjau.ee\/lv\/produkts\/ontario-garda-piles-pasta-kakiem-8x90g\/\" \/>\n<meta property=\"og:site_name\" content=\"MiuMjau\" \/>\n<meta property=\"article:publisher\" content=\"https:\/\/www.facebook.com\/miumjaupood\/\" \/>\n<meta property=\"article:modified_time\" content=\"2026-01-07T19:13:26+00:00\" \/>\n<meta property=\"og:image\" content=\"https:\/\/miumjau.ee\/wp-content\/uploads\/2025\/04\/ontario-maius-kassidele-lihapasta5.webp\" \/>\n\t<meta property=\"og:image:width\" content=\"1200\" \/>\n\t<meta property=\"og:image:height\" content=\"1600\" \/>\n\t<meta property=\"og:image:type\" content=\"image\/webp\" \/>\n<meta name=\"twitter:card\" content=\"summary_large_image\" \/>\n<script type=\"application\/ld+json\" class=\"yoast-schema-graph\">{\"@context\":\"https:\/\/schema.org\",\"@graph\":[{\"@type\":\"WebPage\",\"@id\":\"https:\/\/miumjau.ee\/lv\/produkts\/ontario-garda-piles-pasta-kakiem-8x90g\/\",\"url\":\"https:\/\/miumjau.ee\/lv\/produkts\/ontario-garda-piles-pasta-kakiem-8x90g\/\",\"name\":\"Ontario gard\u0101 p\u012bles pasta ka\u0137iem 8x90g - MiuMjau\",\"isPartOf\":{\"@id\":\"https:\/\/miumjau.ee\/#website\"},\"primaryImageOfPage\":{\"@id\":\"https:\/\/miumjau.ee\/lv\/produkts\/ontario-garda-piles-pasta-kakiem-8x90g\/#primaryimage\"},\"image\":{\"@id\":\"https:\/\/miumjau.ee\/lv\/produkts\/ontario-garda-piles-pasta-kakiem-8x90g\/#primaryimage\"},\"thumbnailUrl\":\"https:\/\/miumjau.ee\/wp-content\/uploads\/2025\/04\/ontario-maius-kassidele-lihapasta5.webp\",\"datePublished\":\"2025-04-09T10:17:31+00:00\",\"dateModified\":\"2026-01-07T19:13:26+00:00\",\"description\":\"Ontario pastas var lietot k\u0101 piedevu sausajai bar\u012bbai vai k\u0101 na\u0161\u0137i. N\u0101ciet un izm\u0113\u0123iniet m\u016bsu jaunos un aizraujo\u0161os Ontario produktus! Pla\u0161s gar\u0161as piedz\u012bvojumu kl\u0101sts.\",\"breadcrumb\":{\"@id\":\"https:\/\/miumjau.ee\/lv\/produkts\/ontario-garda-piles-pasta-kakiem-8x90g\/#breadcrumb\"},\"inLanguage\":\"lv-LV\",\"potentialAction\":[{\"@type\":\"ReadAction\",\"target\":[\"https:\/\/miumjau.ee\/lv\/produkts\/ontario-garda-piles-pasta-kakiem-8x90g\/\"]}]},{\"@type\":\"ImageObject\",\"inLanguage\":\"lv-LV\",\"@id\":\"https:\/\/miumjau.ee\/lv\/produkts\/ontario-garda-piles-pasta-kakiem-8x90g\/#primaryimage\",\"url\":\"https:\/\/miumjau.ee\/wp-content\/uploads\/2025\/04\/ontario-maius-kassidele-lihapasta5.webp\",\"contentUrl\":\"https:\/\/miumjau.ee\/wp-content\/uploads\/2025\/04\/ontario-maius-kassidele-lihapasta5.webp\",\"width\":1200,\"height\":1600},{\"@type\":\"BreadcrumbList\",\"@id\":\"https:\/\/miumjau.ee\/lv\/produkts\/ontario-garda-piles-pasta-kakiem-8x90g\/#breadcrumb\",\"itemListElement\":[{\"@type\":\"ListItem\",\"position\":1,\"name\":\"Home\",\"item\":\"https:\/\/miumjau.ee\/lv\/\"},{\"@type\":\"ListItem\",\"position\":2,\"name\":\"Veikals\",\"item\":\"https:\/\/miumjau.ee\/lv\/veikals\/\"},{\"@type\":\"ListItem\",\"position\":3,\"name\":\"Ontario gard\u0101 p\u012bles pasta ka\u0137iem 8x90g\"}]},{\"@type\":\"WebSite\",\"@id\":\"https:\/\/miumjau.ee\/#website\",\"url\":\"https:\/\/miumjau.ee\/\",\"name\":\"MiuMjau\",\"description\":\"Kraapimispuud kassidele\",\"publisher\":{\"@id\":\"https:\/\/miumjau.ee\/#organization\"},\"potentialAction\":[{\"@type\":\"SearchAction\",\"target\":{\"@type\":\"EntryPoint\",\"urlTemplate\":\"https:\/\/miumjau.ee\/?s={search_term_string}\"},\"query-input\":{\"@type\":\"PropertyValueSpecification\",\"valueRequired\":true,\"valueName\":\"search_term_string\"}}],\"inLanguage\":\"lv-LV\"},{\"@type\":\"Organization\",\"@id\":\"https:\/\/miumjau.ee\/#organization\",\"name\":\"MiuMjau O\u00dc\",\"url\":\"https:\/\/miumjau.ee\/\",\"logo\":{\"@type\":\"ImageObject\",\"inLanguage\":\"lv-LV\",\"@id\":\"https:\/\/miumjau.ee\/#\/schema\/logo\/image\/\",\"url\":\"https:\/\/miumjau.ee\/wp-content\/uploads\/2022\/04\/MiuMjau-logo-kollane.png\",\"contentUrl\":\"https:\/\/miumjau.ee\/wp-content\/uploads\/2022\/04\/MiuMjau-logo-kollane.png\",\"width\":219,\"height\":100,\"caption\":\"MiuMjau O\u00dc\"},\"image\":{\"@id\":\"https:\/\/miumjau.ee\/#\/schema\/logo\/image\/\"},\"sameAs\":[\"https:\/\/www.facebook.com\/miumjaupood\/\"]}]}<\/script>\n<!-- \/ Yoast SEO plugin. -->","yoast_head_json":{"title":"Ontario gard\u0101 p\u012bles pasta ka\u0137iem 8x90g - MiuMjau","description":"Ontario pastas var lietot k\u0101 piedevu sausajai bar\u012bbai vai k\u0101 na\u0161\u0137i. N\u0101ciet un izm\u0113\u0123iniet m\u016bsu jaunos un aizraujo\u0161os Ontario produktus! Pla\u0161s gar\u0161as piedz\u012bvojumu kl\u0101sts.","robots":{"index":"index","follow":"follow","max-snippet":"max-snippet:-1","max-image-preview":"max-image-preview:large","max-video-preview":"max-video-preview:-1"},"canonical":"https:\/\/miumjau.ee\/lv\/produkts\/ontario-garda-piles-pasta-kakiem-8x90g\/","og_locale":"lv_LV","og_type":"article","og_title":"Ontario gard\u0101 p\u012bles pasta ka\u0137iem 8x90g - MiuMjau","og_description":"Ontario pastas var lietot k\u0101 piedevu sausajai bar\u012bbai vai k\u0101 na\u0161\u0137i. N\u0101ciet un izm\u0113\u0123iniet m\u016bsu jaunos un aizraujo\u0161os Ontario produktus! Pla\u0161s gar\u0161as piedz\u012bvojumu kl\u0101sts.","og_url":"https:\/\/miumjau.ee\/lv\/produkts\/ontario-garda-piles-pasta-kakiem-8x90g\/","og_site_name":"MiuMjau","article_publisher":"https:\/\/www.facebook.com\/miumjaupood\/","article_modified_time":"2026-01-07T19:13:26+00:00","og_image":[{"width":1200,"height":1600,"url":"https:\/\/miumjau.ee\/wp-content\/uploads\/2025\/04\/ontario-maius-kassidele-lihapasta5.webp","type":"image\/webp"}],"twitter_card":"summary_large_image","schema":{"@context":"https:\/\/schema.org","@graph":[{"@type":"WebPage","@id":"https:\/\/miumjau.ee\/lv\/produkts\/ontario-garda-piles-pasta-kakiem-8x90g\/","url":"https:\/\/miumjau.ee\/lv\/produkts\/ontario-garda-piles-pasta-kakiem-8x90g\/","name":"Ontario gard\u0101 p\u012bles pasta ka\u0137iem 8x90g - MiuMjau","isPartOf":{"@id":"https:\/\/miumjau.ee\/#website"},"primaryImageOfPage":{"@id":"https:\/\/miumjau.ee\/lv\/produkts\/ontario-garda-piles-pasta-kakiem-8x90g\/#primaryimage"},"image":{"@id":"https:\/\/miumjau.ee\/lv\/produkts\/ontario-garda-piles-pasta-kakiem-8x90g\/#primaryimage"},"thumbnailUrl":"https:\/\/miumjau.ee\/wp-content\/uploads\/2025\/04\/ontario-maius-kassidele-lihapasta5.webp","datePublished":"2025-04-09T10:17:31+00:00","dateModified":"2026-01-07T19:13:26+00:00","description":"Ontario pastas var lietot k\u0101 piedevu sausajai bar\u012bbai vai k\u0101 na\u0161\u0137i. N\u0101ciet un izm\u0113\u0123iniet m\u016bsu jaunos un aizraujo\u0161os Ontario produktus! Pla\u0161s gar\u0161as piedz\u012bvojumu kl\u0101sts.","breadcrumb":{"@id":"https:\/\/miumjau.ee\/lv\/produkts\/ontario-garda-piles-pasta-kakiem-8x90g\/#breadcrumb"},"inLanguage":"lv-LV","potentialAction":[{"@type":"ReadAction","target":["https:\/\/miumjau.ee\/lv\/produkts\/ontario-garda-piles-pasta-kakiem-8x90g\/"]}]},{"@type":"ImageObject","inLanguage":"lv-LV","@id":"https:\/\/miumjau.ee\/lv\/produkts\/ontario-garda-piles-pasta-kakiem-8x90g\/#primaryimage","url":"https:\/\/miumjau.ee\/wp-content\/uploads\/2025\/04\/ontario-maius-kassidele-lihapasta5.webp","contentUrl":"https:\/\/miumjau.ee\/wp-content\/uploads\/2025\/04\/ontario-maius-kassidele-lihapasta5.webp","width":1200,"height":1600},{"@type":"BreadcrumbList","@id":"https:\/\/miumjau.ee\/lv\/produkts\/ontario-garda-piles-pasta-kakiem-8x90g\/#breadcrumb","itemListElement":[{"@type":"ListItem","position":1,"name":"Home","item":"https:\/\/miumjau.ee\/lv\/"},{"@type":"ListItem","position":2,"name":"Veikals","item":"https:\/\/miumjau.ee\/lv\/veikals\/"},{"@type":"ListItem","position":3,"name":"Ontario gard\u0101 p\u012bles pasta ka\u0137iem 8x90g"}]},{"@type":"WebSite","@id":"https:\/\/miumjau.ee\/#website","url":"https:\/\/miumjau.ee\/","name":"MiuMjau","description":"Kraapimispuud kassidele","publisher":{"@id":"https:\/\/miumjau.ee\/#organization"},"potentialAction":[{"@type":"SearchAction","target":{"@type":"EntryPoint","urlTemplate":"https:\/\/miumjau.ee\/?s={search_term_string}"},"query-input":{"@type":"PropertyValueSpecification","valueRequired":true,"valueName":"search_term_string"}}],"inLanguage":"lv-LV"},{"@type":"Organization","@id":"https:\/\/miumjau.ee\/#organization","name":"MiuMjau O\u00dc","url":"https:\/\/miumjau.ee\/","logo":{"@type":"ImageObject","inLanguage":"lv-LV","@id":"https:\/\/miumjau.ee\/#\/schema\/logo\/image\/","url":"https:\/\/miumjau.ee\/wp-content\/uploads\/2022\/04\/MiuMjau-logo-kollane.png","contentUrl":"https:\/\/miumjau.ee\/wp-content\/uploads\/2022\/04\/MiuMjau-logo-kollane.png","width":219,"height":100,"caption":"MiuMjau O\u00dc"},"image":{"@id":"https:\/\/miumjau.ee\/#\/schema\/logo\/image\/"},"sameAs":["https:\/\/www.facebook.com\/miumjaupood\/"]}]}},"_links":{"self":[{"href":"https:\/\/miumjau.ee\/lv\/wp-json\/wp\/v2\/product\/50911","targetHints":{"allow":["GET"]}}],"collection":[{"href":"https:\/\/miumjau.ee\/lv\/wp-json\/wp\/v2\/product"}],"about":[{"href":"https:\/\/miumjau.ee\/lv\/wp-json\/wp\/v2\/types\/product"}],"wp:featuredmedia":[{"embeddable":true,"href":"https:\/\/miumjau.ee\/lv\/wp-json\/wp\/v2\/media\/50912"}],"wp:attachment":[{"href":"https:\/\/miumjau.ee\/lv\/wp-json\/wp\/v2\/media?parent=50911"}],"wp:term":[{"taxonomy":"product_brand","embeddable":true,"href":"https:\/\/miumjau.ee\/lv\/wp-json\/wp\/v2\/product_brand?post=50911"},{"taxonomy":"product_cat","embeddable":true,"href":"https:\/\/miumjau.ee\/lv\/wp-json\/wp\/v2\/product_cat?post=50911"},{"taxonomy":"product_tag","embeddable":true,"href":"https:\/\/miumjau.ee\/lv\/wp-json\/wp\/v2\/product_tag?post=50911"}],"curies":[{"name":"wp","href":"https:\/\/api.w.org\/{rel}","templated":true}]}}