{"id":50866,"date":"2024-08-09T11:56:17","date_gmt":"2024-08-09T08:56:17","guid":{"rendered":"https:\/\/miumjau.ee\/toode\/ambrosia-sausais-bariba-kakiem-titars-un-vista-5-kg\/"},"modified":"2026-01-07T21:13:26","modified_gmt":"2026-01-07T19:13:26","slug":"ambrosia-sausais-bariba-kakiem-titars-un-vista-5-kg","status":"publish","type":"product","link":"https:\/\/miumjau.ee\/lv\/produkts\/ambrosia-sausais-bariba-kakiem-titars-un-vista-5-kg\/","title":{"rendered":"Ambrosia sausais bar\u012bba ka\u0137iem, t\u012btars un vista, 5 kg"},"content":{"rendered":"","protected":false},"excerpt":{"rendered":"<p data-start=\"112\" data-end=\"303\">Piln\u012bga un daudzveid\u012bga bar\u012bba, kas piem\u0113rota gan ka\u0137\u0113niem, gan pieaugu\u0161iem ka\u0137iem. Ar \u0161o bar\u012bbu nav j\u0101uztraucas par graudiem vai iesp\u0113jamiem alerg\u0113niem. 71% dz\u012bvnieku izcelsmes sast\u0101vda\u013cu!<\/p>\n<p data-start=\"305\" data-end=\"772\"><strong data-start=\"305\" data-end=\"336\">Kas padara \u0161o bar\u012bbu \u012bpa\u0161u?<\/strong><br data-start=\"336\" data-end=\"339\" \/>\u0160\u012b bar\u012bba satur 71% dz\u012bvnieku izcelsmes sast\u0101vda\u013cu, un 88% no olbaltumvielu daudzuma n\u0101k no dz\u012bvnieku avotiem, nodro\u0161inot ka\u0137im augstas olbaltumvielu di\u0113tu. Sast\u0101vda\u013cas, piem\u0113ram, svaigs t\u012btars, vista, \u0137irbis, spin\u0101ti, dz\u0113rvenes un mellenes, nodro\u0161ina pilnv\u0113rt\u012bgu uzturu. Omega-3 un Omega-6 tauksk\u0101bes atbalsta ka\u0137a spalvas vesel\u012bbu un visp\u0101r\u0113jo labsaj\u016btu. \u0160\u012b graudaugu br\u012bv\u0101 bar\u012bba ir ide\u0101la izv\u0113le ar\u012b ka\u0137iem ar jut\u012bgu gremo\u0161anu.<\/p>\n<p data-start=\"774\" data-end=\"1433\"><strong data-start=\"774\" data-end=\"790\">Sast\u0101vda\u013cas:<\/strong> T\u012btars (30%, tai skait\u0101 svaigs bezkaulu t\u012btars 25% un dehidr\u0113ts t\u012btara prote\u012bns 5%), dehidr\u0113ts vistas prote\u012bns (27%), kartupe\u013cu ciete, za\u013cie zir\u0146i (10%), hidroliz\u0113ts dz\u012bvnieku prote\u012bns (6,5%), dz\u012bvnieku tauki (6,5%), la\u0161u e\u013c\u013ca (2%), kalt\u0113ta bie\u0161u masa, kartupe\u013cu prote\u012bns, lins\u0113klas, miner\u0101lvielas, kalt\u0113ts cikorijas sakne (0,5%) (dab\u012bgs FOS un inul\u012bna avots), MOS un beta glik\u0101ni, kalt\u0113ts alus raugs, kalt\u0113ts \u0137irbis, kalt\u0113ti spin\u0101ti, kalt\u0113ti tom\u0101ti, kalt\u0113tas dz\u0113rvenes, kalt\u0113tas mellenes, glikozam\u012bna hidrohlor\u012bds (100 mg\/kg), hondroit\u012bnsulf\u0101ts (100 mg\/kg), kalt\u0113ti gar\u0161augi (Yucca schidigera, rozmar\u012bns, kurkuma, citrusaug\u013ci, Eugenia sp).<\/p>\n<p data-start=\"1435\" data-end=\"1653\"><strong data-start=\"1435\" data-end=\"1461\">Anal\u012btisk\u0101 sast\u0101vda\u013ca:<\/strong> Svaigs prote\u012bns 40%, svaigi tauki 20%, Omega-3 tauksk\u0101bes 1,2%, Omega-6 tauksk\u0101bes 2,8%, pelni 8,5%, \u0161\u0137iedrvielas 2,0%, mitrums 9,0%, kalcijs (Ca) 1,6%, fosfors (P) 1,1%, magnijs (Mg) 0,1%.<\/p>\n<p data-start=\"1655\" data-end=\"1695\">Bar\u012bbas kaloriju saturs: 4061 kcal\/kg.<\/p>\n<p data-start=\"1697\" data-end=\"1719\"><strong data-start=\"1697\" data-end=\"1717\">Pieejams uzreiz!<\/strong><\/p>\n","protected":false},"featured_media":50867,"template":"","meta":[],"product_brand":[],"product_cat":[569],"product_tag":[],"class_list":{"0":"post-50866","1":"product","2":"type-product","3":"status-publish","4":"has-post-thumbnail","6":"product_cat-sausa-bariba","8":"first","9":"instock","10":"taxable","11":"shipping-taxable","12":"purchasable","13":"product-type-simple"},"yoast_head":"<!-- This site is optimized with the Yoast SEO plugin v27.2 - https:\/\/yoast.com\/product\/yoast-seo-wordpress\/ -->\n<title>Ambrosia sausais bar\u012bba ka\u0137iem, t\u012btars un vista, 5 kg - MiuMjau<\/title>\n<meta name=\"robots\" content=\"index, follow, max-snippet:-1, max-image-preview:large, max-video-preview:-1\" \/>\n<link rel=\"canonical\" href=\"https:\/\/miumjau.ee\/lv\/produkts\/ambrosia-sausais-bariba-kakiem-titars-un-vista-5-kg\/\" \/>\n<meta property=\"og:locale\" content=\"lv_LV\" \/>\n<meta property=\"og:type\" content=\"article\" \/>\n<meta property=\"og:title\" content=\"Ambrosia sausais bar\u012bba ka\u0137iem, t\u012btars un vista, 5 kg - MiuMjau\" \/>\n<meta property=\"og:description\" content=\"Piln\u012bga un daudzveid\u012bga bar\u012bba, kas piem\u0113rota gan ka\u0137\u0113niem, gan pieaugu\u0161iem ka\u0137iem. Ar \u0161o bar\u012bbu nav j\u0101uztraucas par graudiem vai iesp\u0113jamiem alerg\u0113niem. 71% dz\u012bvnieku izcelsmes sast\u0101vda\u013cu! Kas padara \u0161o bar\u012bbu \u012bpa\u0161u?\u0160\u012b bar\u012bba satur 71% dz\u012bvnieku izcelsmes sast\u0101vda\u013cu, un 88% no olbaltumvielu daudzuma n\u0101k no dz\u012bvnieku avotiem, nodro\u0161inot ka\u0137im augstas olbaltumvielu di\u0113tu. Sast\u0101vda\u013cas, piem\u0113ram, svaigs t\u012btars, vista, \u0137irbis, spin\u0101ti, dz\u0113rvenes un mellenes, nodro\u0161ina pilnv\u0113rt\u012bgu uzturu. Omega-3 un Omega-6 tauksk\u0101bes atbalsta ka\u0137a spalvas vesel\u012bbu un visp\u0101r\u0113jo labsaj\u016btu. \u0160\u012b graudaugu br\u012bv\u0101 bar\u012bba ir ide\u0101la izv\u0113le ar\u012b ka\u0137iem ar jut\u012bgu gremo\u0161anu. Sast\u0101vda\u013cas: T\u012btars (30%, tai skait\u0101 svaigs bezkaulu t\u012btars 25% un dehidr\u0113ts t\u012btara prote\u012bns 5%), dehidr\u0113ts vistas prote\u012bns (27%), kartupe\u013cu ciete, za\u013cie zir\u0146i (10%), hidroliz\u0113ts dz\u012bvnieku prote\u012bns (6,5%), dz\u012bvnieku tauki (6,5%), la\u0161u e\u013c\u013ca (2%), kalt\u0113ta bie\u0161u masa, kartupe\u013cu prote\u012bns, lins\u0113klas, miner\u0101lvielas, kalt\u0113ts cikorijas sakne (0,5%) (dab\u012bgs FOS un inul\u012bna avots), MOS un beta glik\u0101ni, kalt\u0113ts alus raugs, kalt\u0113ts \u0137irbis, kalt\u0113ti spin\u0101ti, kalt\u0113ti tom\u0101ti, kalt\u0113tas dz\u0113rvenes, kalt\u0113tas mellenes, glikozam\u012bna hidrohlor\u012bds (100 mg\/kg), hondroit\u012bnsulf\u0101ts (100 mg\/kg), kalt\u0113ti gar\u0161augi (Yucca schidigera, rozmar\u012bns, kurkuma, citrusaug\u013ci, Eugenia sp). Anal\u012btisk\u0101 sast\u0101vda\u013ca: Svaigs prote\u012bns 40%, svaigi tauki 20%, Omega-3 tauksk\u0101bes 1,2%, Omega-6 tauksk\u0101bes 2,8%, pelni 8,5%, \u0161\u0137iedrvielas 2,0%, mitrums 9,0%, kalcijs (Ca) 1,6%, fosfors (P) 1,1%, magnijs (Mg) 0,1%. Bar\u012bbas kaloriju saturs: 4061 kcal\/kg. Pieejams uzreiz!\" \/>\n<meta property=\"og:url\" content=\"https:\/\/miumjau.ee\/lv\/produkts\/ambrosia-sausais-bariba-kakiem-titars-un-vista-5-kg\/\" \/>\n<meta property=\"og:site_name\" content=\"MiuMjau\" \/>\n<meta property=\"article:publisher\" content=\"https:\/\/www.facebook.com\/miumjaupood\/\" \/>\n<meta property=\"article:modified_time\" content=\"2026-01-07T19:13:26+00:00\" \/>\n<meta property=\"og:image\" content=\"https:\/\/miumjau.ee\/wp-content\/uploads\/2024\/08\/ambrosia-Fresh-Turkey-Chicken-0o-.jpg\" \/>\n\t<meta property=\"og:image:width\" content=\"600\" \/>\n\t<meta property=\"og:image:height\" content=\"800\" \/>\n\t<meta property=\"og:image:type\" content=\"image\/jpeg\" \/>\n<meta name=\"twitter:card\" content=\"summary_large_image\" \/>\n<script type=\"application\/ld+json\" class=\"yoast-schema-graph\">{\"@context\":\"https:\/\/schema.org\",\"@graph\":[{\"@type\":\"WebPage\",\"@id\":\"https:\/\/miumjau.ee\/lv\/produkts\/ambrosia-sausais-bariba-kakiem-titars-un-vista-5-kg\/\",\"url\":\"https:\/\/miumjau.ee\/lv\/produkts\/ambrosia-sausais-bariba-kakiem-titars-un-vista-5-kg\/\",\"name\":\"Ambrosia sausais bar\u012bba ka\u0137iem, t\u012btars un vista, 5 kg - MiuMjau\",\"isPartOf\":{\"@id\":\"https:\/\/miumjau.ee\/#website\"},\"primaryImageOfPage\":{\"@id\":\"https:\/\/miumjau.ee\/lv\/produkts\/ambrosia-sausais-bariba-kakiem-titars-un-vista-5-kg\/#primaryimage\"},\"image\":{\"@id\":\"https:\/\/miumjau.ee\/lv\/produkts\/ambrosia-sausais-bariba-kakiem-titars-un-vista-5-kg\/#primaryimage\"},\"thumbnailUrl\":\"https:\/\/miumjau.ee\/wp-content\/uploads\/2024\/08\/ambrosia-Fresh-Turkey-Chicken-0o-.jpg\",\"datePublished\":\"2024-08-09T08:56:17+00:00\",\"dateModified\":\"2026-01-07T19:13:26+00:00\",\"breadcrumb\":{\"@id\":\"https:\/\/miumjau.ee\/lv\/produkts\/ambrosia-sausais-bariba-kakiem-titars-un-vista-5-kg\/#breadcrumb\"},\"inLanguage\":\"lv-LV\",\"potentialAction\":[{\"@type\":\"ReadAction\",\"target\":[\"https:\/\/miumjau.ee\/lv\/produkts\/ambrosia-sausais-bariba-kakiem-titars-un-vista-5-kg\/\"]}]},{\"@type\":\"ImageObject\",\"inLanguage\":\"lv-LV\",\"@id\":\"https:\/\/miumjau.ee\/lv\/produkts\/ambrosia-sausais-bariba-kakiem-titars-un-vista-5-kg\/#primaryimage\",\"url\":\"https:\/\/miumjau.ee\/wp-content\/uploads\/2024\/08\/ambrosia-Fresh-Turkey-Chicken-0o-.jpg\",\"contentUrl\":\"https:\/\/miumjau.ee\/wp-content\/uploads\/2024\/08\/ambrosia-Fresh-Turkey-Chicken-0o-.jpg\",\"width\":600,\"height\":800},{\"@type\":\"BreadcrumbList\",\"@id\":\"https:\/\/miumjau.ee\/lv\/produkts\/ambrosia-sausais-bariba-kakiem-titars-un-vista-5-kg\/#breadcrumb\",\"itemListElement\":[{\"@type\":\"ListItem\",\"position\":1,\"name\":\"Home\",\"item\":\"https:\/\/miumjau.ee\/lv\/\"},{\"@type\":\"ListItem\",\"position\":2,\"name\":\"Veikals\",\"item\":\"https:\/\/miumjau.ee\/lv\/veikals\/\"},{\"@type\":\"ListItem\",\"position\":3,\"name\":\"Ambrosia sausais bar\u012bba ka\u0137iem, t\u012btars un vista, 5 kg\"}]},{\"@type\":\"WebSite\",\"@id\":\"https:\/\/miumjau.ee\/#website\",\"url\":\"https:\/\/miumjau.ee\/\",\"name\":\"MiuMjau\",\"description\":\"Kraapimispuud kassidele\",\"publisher\":{\"@id\":\"https:\/\/miumjau.ee\/#organization\"},\"potentialAction\":[{\"@type\":\"SearchAction\",\"target\":{\"@type\":\"EntryPoint\",\"urlTemplate\":\"https:\/\/miumjau.ee\/?s={search_term_string}\"},\"query-input\":{\"@type\":\"PropertyValueSpecification\",\"valueRequired\":true,\"valueName\":\"search_term_string\"}}],\"inLanguage\":\"lv-LV\"},{\"@type\":\"Organization\",\"@id\":\"https:\/\/miumjau.ee\/#organization\",\"name\":\"MiuMjau O\u00dc\",\"url\":\"https:\/\/miumjau.ee\/\",\"logo\":{\"@type\":\"ImageObject\",\"inLanguage\":\"lv-LV\",\"@id\":\"https:\/\/miumjau.ee\/#\/schema\/logo\/image\/\",\"url\":\"https:\/\/miumjau.ee\/wp-content\/uploads\/2022\/04\/MiuMjau-logo-kollane.png\",\"contentUrl\":\"https:\/\/miumjau.ee\/wp-content\/uploads\/2022\/04\/MiuMjau-logo-kollane.png\",\"width\":219,\"height\":100,\"caption\":\"MiuMjau O\u00dc\"},\"image\":{\"@id\":\"https:\/\/miumjau.ee\/#\/schema\/logo\/image\/\"},\"sameAs\":[\"https:\/\/www.facebook.com\/miumjaupood\/\"]}]}<\/script>\n<!-- \/ Yoast SEO plugin. -->","yoast_head_json":{"title":"Ambrosia sausais bar\u012bba ka\u0137iem, t\u012btars un vista, 5 kg - MiuMjau","robots":{"index":"index","follow":"follow","max-snippet":"max-snippet:-1","max-image-preview":"max-image-preview:large","max-video-preview":"max-video-preview:-1"},"canonical":"https:\/\/miumjau.ee\/lv\/produkts\/ambrosia-sausais-bariba-kakiem-titars-un-vista-5-kg\/","og_locale":"lv_LV","og_type":"article","og_title":"Ambrosia sausais bar\u012bba ka\u0137iem, t\u012btars un vista, 5 kg - MiuMjau","og_description":"Piln\u012bga un daudzveid\u012bga bar\u012bba, kas piem\u0113rota gan ka\u0137\u0113niem, gan pieaugu\u0161iem ka\u0137iem. Ar \u0161o bar\u012bbu nav j\u0101uztraucas par graudiem vai iesp\u0113jamiem alerg\u0113niem. 71% dz\u012bvnieku izcelsmes sast\u0101vda\u013cu! Kas padara \u0161o bar\u012bbu \u012bpa\u0161u?\u0160\u012b bar\u012bba satur 71% dz\u012bvnieku izcelsmes sast\u0101vda\u013cu, un 88% no olbaltumvielu daudzuma n\u0101k no dz\u012bvnieku avotiem, nodro\u0161inot ka\u0137im augstas olbaltumvielu di\u0113tu. Sast\u0101vda\u013cas, piem\u0113ram, svaigs t\u012btars, vista, \u0137irbis, spin\u0101ti, dz\u0113rvenes un mellenes, nodro\u0161ina pilnv\u0113rt\u012bgu uzturu. Omega-3 un Omega-6 tauksk\u0101bes atbalsta ka\u0137a spalvas vesel\u012bbu un visp\u0101r\u0113jo labsaj\u016btu. \u0160\u012b graudaugu br\u012bv\u0101 bar\u012bba ir ide\u0101la izv\u0113le ar\u012b ka\u0137iem ar jut\u012bgu gremo\u0161anu. Sast\u0101vda\u013cas: T\u012btars (30%, tai skait\u0101 svaigs bezkaulu t\u012btars 25% un dehidr\u0113ts t\u012btara prote\u012bns 5%), dehidr\u0113ts vistas prote\u012bns (27%), kartupe\u013cu ciete, za\u013cie zir\u0146i (10%), hidroliz\u0113ts dz\u012bvnieku prote\u012bns (6,5%), dz\u012bvnieku tauki (6,5%), la\u0161u e\u013c\u013ca (2%), kalt\u0113ta bie\u0161u masa, kartupe\u013cu prote\u012bns, lins\u0113klas, miner\u0101lvielas, kalt\u0113ts cikorijas sakne (0,5%) (dab\u012bgs FOS un inul\u012bna avots), MOS un beta glik\u0101ni, kalt\u0113ts alus raugs, kalt\u0113ts \u0137irbis, kalt\u0113ti spin\u0101ti, kalt\u0113ti tom\u0101ti, kalt\u0113tas dz\u0113rvenes, kalt\u0113tas mellenes, glikozam\u012bna hidrohlor\u012bds (100 mg\/kg), hondroit\u012bnsulf\u0101ts (100 mg\/kg), kalt\u0113ti gar\u0161augi (Yucca schidigera, rozmar\u012bns, kurkuma, citrusaug\u013ci, Eugenia sp). Anal\u012btisk\u0101 sast\u0101vda\u013ca: Svaigs prote\u012bns 40%, svaigi tauki 20%, Omega-3 tauksk\u0101bes 1,2%, Omega-6 tauksk\u0101bes 2,8%, pelni 8,5%, \u0161\u0137iedrvielas 2,0%, mitrums 9,0%, kalcijs (Ca) 1,6%, fosfors (P) 1,1%, magnijs (Mg) 0,1%. Bar\u012bbas kaloriju saturs: 4061 kcal\/kg. Pieejams uzreiz!","og_url":"https:\/\/miumjau.ee\/lv\/produkts\/ambrosia-sausais-bariba-kakiem-titars-un-vista-5-kg\/","og_site_name":"MiuMjau","article_publisher":"https:\/\/www.facebook.com\/miumjaupood\/","article_modified_time":"2026-01-07T19:13:26+00:00","og_image":[{"width":600,"height":800,"url":"https:\/\/miumjau.ee\/wp-content\/uploads\/2024\/08\/ambrosia-Fresh-Turkey-Chicken-0o-.jpg","type":"image\/jpeg"}],"twitter_card":"summary_large_image","schema":{"@context":"https:\/\/schema.org","@graph":[{"@type":"WebPage","@id":"https:\/\/miumjau.ee\/lv\/produkts\/ambrosia-sausais-bariba-kakiem-titars-un-vista-5-kg\/","url":"https:\/\/miumjau.ee\/lv\/produkts\/ambrosia-sausais-bariba-kakiem-titars-un-vista-5-kg\/","name":"Ambrosia sausais bar\u012bba ka\u0137iem, t\u012btars un vista, 5 kg - MiuMjau","isPartOf":{"@id":"https:\/\/miumjau.ee\/#website"},"primaryImageOfPage":{"@id":"https:\/\/miumjau.ee\/lv\/produkts\/ambrosia-sausais-bariba-kakiem-titars-un-vista-5-kg\/#primaryimage"},"image":{"@id":"https:\/\/miumjau.ee\/lv\/produkts\/ambrosia-sausais-bariba-kakiem-titars-un-vista-5-kg\/#primaryimage"},"thumbnailUrl":"https:\/\/miumjau.ee\/wp-content\/uploads\/2024\/08\/ambrosia-Fresh-Turkey-Chicken-0o-.jpg","datePublished":"2024-08-09T08:56:17+00:00","dateModified":"2026-01-07T19:13:26+00:00","breadcrumb":{"@id":"https:\/\/miumjau.ee\/lv\/produkts\/ambrosia-sausais-bariba-kakiem-titars-un-vista-5-kg\/#breadcrumb"},"inLanguage":"lv-LV","potentialAction":[{"@type":"ReadAction","target":["https:\/\/miumjau.ee\/lv\/produkts\/ambrosia-sausais-bariba-kakiem-titars-un-vista-5-kg\/"]}]},{"@type":"ImageObject","inLanguage":"lv-LV","@id":"https:\/\/miumjau.ee\/lv\/produkts\/ambrosia-sausais-bariba-kakiem-titars-un-vista-5-kg\/#primaryimage","url":"https:\/\/miumjau.ee\/wp-content\/uploads\/2024\/08\/ambrosia-Fresh-Turkey-Chicken-0o-.jpg","contentUrl":"https:\/\/miumjau.ee\/wp-content\/uploads\/2024\/08\/ambrosia-Fresh-Turkey-Chicken-0o-.jpg","width":600,"height":800},{"@type":"BreadcrumbList","@id":"https:\/\/miumjau.ee\/lv\/produkts\/ambrosia-sausais-bariba-kakiem-titars-un-vista-5-kg\/#breadcrumb","itemListElement":[{"@type":"ListItem","position":1,"name":"Home","item":"https:\/\/miumjau.ee\/lv\/"},{"@type":"ListItem","position":2,"name":"Veikals","item":"https:\/\/miumjau.ee\/lv\/veikals\/"},{"@type":"ListItem","position":3,"name":"Ambrosia sausais bar\u012bba ka\u0137iem, t\u012btars un vista, 5 kg"}]},{"@type":"WebSite","@id":"https:\/\/miumjau.ee\/#website","url":"https:\/\/miumjau.ee\/","name":"MiuMjau","description":"Kraapimispuud kassidele","publisher":{"@id":"https:\/\/miumjau.ee\/#organization"},"potentialAction":[{"@type":"SearchAction","target":{"@type":"EntryPoint","urlTemplate":"https:\/\/miumjau.ee\/?s={search_term_string}"},"query-input":{"@type":"PropertyValueSpecification","valueRequired":true,"valueName":"search_term_string"}}],"inLanguage":"lv-LV"},{"@type":"Organization","@id":"https:\/\/miumjau.ee\/#organization","name":"MiuMjau O\u00dc","url":"https:\/\/miumjau.ee\/","logo":{"@type":"ImageObject","inLanguage":"lv-LV","@id":"https:\/\/miumjau.ee\/#\/schema\/logo\/image\/","url":"https:\/\/miumjau.ee\/wp-content\/uploads\/2022\/04\/MiuMjau-logo-kollane.png","contentUrl":"https:\/\/miumjau.ee\/wp-content\/uploads\/2022\/04\/MiuMjau-logo-kollane.png","width":219,"height":100,"caption":"MiuMjau O\u00dc"},"image":{"@id":"https:\/\/miumjau.ee\/#\/schema\/logo\/image\/"},"sameAs":["https:\/\/www.facebook.com\/miumjaupood\/"]}]}},"_links":{"self":[{"href":"https:\/\/miumjau.ee\/lv\/wp-json\/wp\/v2\/product\/50866","targetHints":{"allow":["GET"]}}],"collection":[{"href":"https:\/\/miumjau.ee\/lv\/wp-json\/wp\/v2\/product"}],"about":[{"href":"https:\/\/miumjau.ee\/lv\/wp-json\/wp\/v2\/types\/product"}],"wp:featuredmedia":[{"embeddable":true,"href":"https:\/\/miumjau.ee\/lv\/wp-json\/wp\/v2\/media\/50867"}],"wp:attachment":[{"href":"https:\/\/miumjau.ee\/lv\/wp-json\/wp\/v2\/media?parent=50866"}],"wp:term":[{"taxonomy":"product_brand","embeddable":true,"href":"https:\/\/miumjau.ee\/lv\/wp-json\/wp\/v2\/product_brand?post=50866"},{"taxonomy":"product_cat","embeddable":true,"href":"https:\/\/miumjau.ee\/lv\/wp-json\/wp\/v2\/product_cat?post=50866"},{"taxonomy":"product_tag","embeddable":true,"href":"https:\/\/miumjau.ee\/lv\/wp-json\/wp\/v2\/product_tag?post=50866"}],"curies":[{"name":"wp","href":"https:\/\/api.w.org\/{rel}","templated":true}]}}