{"id":50855,"date":"2024-08-09T12:27:15","date_gmt":"2024-08-09T09:27:15","guid":{"rendered":"https:\/\/miumjau.ee\/toode\/ambrosia-sausais-bariba-kakiem-titars-un-silke-15-kg\/"},"modified":"2026-01-07T21:13:33","modified_gmt":"2026-01-07T19:13:33","slug":"ambrosia-sausais-bariba-kakiem-titars-un-silke-15-kg","status":"publish","type":"product","link":"https:\/\/miumjau.ee\/lv\/produkts\/ambrosia-sausais-bariba-kakiem-titars-un-silke-15-kg\/","title":{"rendered":"Ambrosia sausais bar\u012bba ka\u0137iem, t\u012btars un si\u013c\u0137e, 1,5 kg"},"content":{"rendered":"","protected":false},"excerpt":{"rendered":"<p data-start=\"112\" data-end=\"556\">Ide\u0101la bar\u012bba pieaugu\u0161iem, vec\u0101kiem, steriliz\u0113tiem un liek\u0101 svara ka\u0137iem. \u0160\u012b sabalans\u0113t\u0101 di\u0113ta satur 59% dz\u012bvnieku izcelsmes sast\u0101vda\u013cu un 73% dz\u012bvnieku olbaltumvielu avotu, nodro\u0161inot vesel\u012bgu un gar\u0161\u012bgu uzturu. Sast\u0101vda\u013cas, piem\u0113ram, svaigs t\u012btars, kalt\u0113ta si\u013c\u0137e, \u0137irbis, spin\u0101ti, dz\u0113rvenes un mellenes, nodro\u0161ina ka\u0137im visas nepiecie\u0161am\u0101s uzturvielas un vitam\u012bnus. Zema tauku satura bar\u012bba atbalsta spalvas vesel\u012bbu un visp\u0101r\u0113jo labsaj\u016btu.<\/p>\n<p data-start=\"558\" data-end=\"1194\"><strong data-start=\"558\" data-end=\"574\">Sast\u0101vda\u013cas:<\/strong> T\u012btars (32%, tai skait\u0101 svaigs bezkaulu t\u012btars 25% un dehidr\u0113ts t\u012btara prote\u012bns 7%), dehidr\u0113ta si\u013c\u0137e (17%), kartupe\u013cu ciete, za\u013cie zir\u0146i, hidroliz\u0113ts dz\u012bvnieku prote\u012bns (6,5%), kartupe\u013cu prote\u012bns, la\u0161u e\u013c\u013ca (2%), kalt\u0113ta bie\u0161u masa, dz\u012bvnieku tauki (1,5%), lins\u0113klas, miner\u0101lvielas, kalt\u0113ts cikorijas sakne (dab\u012bgs FOS un inul\u012bna avots), MOS un beta glik\u0101ni, kalt\u0113ts alus raugs, kalt\u0113ts \u0137irbis, kalt\u0113ti spin\u0101ti, kalt\u0113ti tom\u0101ti, kalt\u0113tas dz\u0113rvenes, kalt\u0113tas mellenes, glikozam\u012bna hidrohlor\u012bds (100 mg\/kg), hondroit\u012bnsulf\u0101ts (100 mg\/kg), kalt\u0113ti gar\u0161augi (Yucca schidigera, rozmar\u012bns, kurkuma, citrusaug\u013ci, Eugenia sp).<\/p>\n<p data-start=\"1196\" data-end=\"1415\"><strong data-start=\"1196\" data-end=\"1222\">Uzturv\u0113rt\u012bbas anal\u012bze:<\/strong> Svaigs prote\u012bns 38%, svaigi tauki 12%, Omega-3 tauksk\u0101bes 0,6%, Omega-6 tauksk\u0101bes 1,6%, pelni 7,5%, \u0161\u0137iedrvielas 2,0%, mitrums 9,0%, kalcijs (Ca) 1,0%, fosfors (P) 0,9%, magnijs (Mg) 0,09%.<\/p>\n<p data-start=\"1417\" data-end=\"1457\">Bar\u012bbas kaloriju saturs: 3720 kcal\/kg.<\/p>\n<p data-start=\"1459\" data-end=\"1481\"><strong data-start=\"1459\" data-end=\"1479\">Pieejams uzreiz!<\/strong><\/p>\n","protected":false},"featured_media":50856,"template":"","meta":[],"product_brand":[],"product_cat":[569],"product_tag":[],"class_list":{"0":"post-50855","1":"product","2":"type-product","3":"status-publish","4":"has-post-thumbnail","6":"product_cat-sausa-bariba","8":"first","9":"instock","10":"taxable","11":"shipping-taxable","12":"purchasable","13":"product-type-simple"},"yoast_head":"<!-- This site is optimized with the Yoast SEO plugin v27.2 - https:\/\/yoast.com\/product\/yoast-seo-wordpress\/ -->\n<title>Ambrosia sausais bar\u012bba ka\u0137iem, t\u012btars un si\u013c\u0137e, 1,5 kg - MiuMjau<\/title>\n<meta name=\"robots\" content=\"index, follow, max-snippet:-1, max-image-preview:large, max-video-preview:-1\" \/>\n<link rel=\"canonical\" href=\"https:\/\/miumjau.ee\/lv\/produkts\/ambrosia-sausais-bariba-kakiem-titars-un-silke-15-kg\/\" \/>\n<meta property=\"og:locale\" content=\"lv_LV\" \/>\n<meta property=\"og:type\" content=\"article\" \/>\n<meta property=\"og:title\" content=\"Ambrosia sausais bar\u012bba ka\u0137iem, t\u012btars un si\u013c\u0137e, 1,5 kg - MiuMjau\" \/>\n<meta property=\"og:description\" content=\"Ide\u0101la bar\u012bba pieaugu\u0161iem, vec\u0101kiem, steriliz\u0113tiem un liek\u0101 svara ka\u0137iem. \u0160\u012b sabalans\u0113t\u0101 di\u0113ta satur 59% dz\u012bvnieku izcelsmes sast\u0101vda\u013cu un 73% dz\u012bvnieku olbaltumvielu avotu, nodro\u0161inot vesel\u012bgu un gar\u0161\u012bgu uzturu. Sast\u0101vda\u013cas, piem\u0113ram, svaigs t\u012btars, kalt\u0113ta si\u013c\u0137e, \u0137irbis, spin\u0101ti, dz\u0113rvenes un mellenes, nodro\u0161ina ka\u0137im visas nepiecie\u0161am\u0101s uzturvielas un vitam\u012bnus. Zema tauku satura bar\u012bba atbalsta spalvas vesel\u012bbu un visp\u0101r\u0113jo labsaj\u016btu. Sast\u0101vda\u013cas: T\u012btars (32%, tai skait\u0101 svaigs bezkaulu t\u012btars 25% un dehidr\u0113ts t\u012btara prote\u012bns 7%), dehidr\u0113ta si\u013c\u0137e (17%), kartupe\u013cu ciete, za\u013cie zir\u0146i, hidroliz\u0113ts dz\u012bvnieku prote\u012bns (6,5%), kartupe\u013cu prote\u012bns, la\u0161u e\u013c\u013ca (2%), kalt\u0113ta bie\u0161u masa, dz\u012bvnieku tauki (1,5%), lins\u0113klas, miner\u0101lvielas, kalt\u0113ts cikorijas sakne (dab\u012bgs FOS un inul\u012bna avots), MOS un beta glik\u0101ni, kalt\u0113ts alus raugs, kalt\u0113ts \u0137irbis, kalt\u0113ti spin\u0101ti, kalt\u0113ti tom\u0101ti, kalt\u0113tas dz\u0113rvenes, kalt\u0113tas mellenes, glikozam\u012bna hidrohlor\u012bds (100 mg\/kg), hondroit\u012bnsulf\u0101ts (100 mg\/kg), kalt\u0113ti gar\u0161augi (Yucca schidigera, rozmar\u012bns, kurkuma, citrusaug\u013ci, Eugenia sp). Uzturv\u0113rt\u012bbas anal\u012bze: Svaigs prote\u012bns 38%, svaigi tauki 12%, Omega-3 tauksk\u0101bes 0,6%, Omega-6 tauksk\u0101bes 1,6%, pelni 7,5%, \u0161\u0137iedrvielas 2,0%, mitrums 9,0%, kalcijs (Ca) 1,0%, fosfors (P) 0,9%, magnijs (Mg) 0,09%. Bar\u012bbas kaloriju saturs: 3720 kcal\/kg. Pieejams uzreiz!\" \/>\n<meta property=\"og:url\" content=\"https:\/\/miumjau.ee\/lv\/produkts\/ambrosia-sausais-bariba-kakiem-titars-un-silke-15-kg\/\" \/>\n<meta property=\"og:site_name\" content=\"MiuMjau\" \/>\n<meta property=\"article:publisher\" content=\"https:\/\/www.facebook.com\/miumjaupood\/\" \/>\n<meta property=\"article:modified_time\" content=\"2026-01-07T19:13:33+00:00\" \/>\n<meta property=\"og:image\" content=\"https:\/\/miumjau.ee\/wp-content\/uploads\/2024\/08\/ambrosia-Adult-Senior-Sterilized-Obese-Cat-Fresh-Turkey-Herring-0o-.jpg\" \/>\n\t<meta property=\"og:image:width\" content=\"600\" \/>\n\t<meta property=\"og:image:height\" content=\"800\" \/>\n\t<meta property=\"og:image:type\" content=\"image\/jpeg\" \/>\n<meta name=\"twitter:card\" content=\"summary_large_image\" \/>\n<script type=\"application\/ld+json\" class=\"yoast-schema-graph\">{\"@context\":\"https:\/\/schema.org\",\"@graph\":[{\"@type\":\"WebPage\",\"@id\":\"https:\/\/miumjau.ee\/lv\/produkts\/ambrosia-sausais-bariba-kakiem-titars-un-silke-15-kg\/\",\"url\":\"https:\/\/miumjau.ee\/lv\/produkts\/ambrosia-sausais-bariba-kakiem-titars-un-silke-15-kg\/\",\"name\":\"Ambrosia sausais bar\u012bba ka\u0137iem, t\u012btars un si\u013c\u0137e, 1,5 kg - MiuMjau\",\"isPartOf\":{\"@id\":\"https:\/\/miumjau.ee\/#website\"},\"primaryImageOfPage\":{\"@id\":\"https:\/\/miumjau.ee\/lv\/produkts\/ambrosia-sausais-bariba-kakiem-titars-un-silke-15-kg\/#primaryimage\"},\"image\":{\"@id\":\"https:\/\/miumjau.ee\/lv\/produkts\/ambrosia-sausais-bariba-kakiem-titars-un-silke-15-kg\/#primaryimage\"},\"thumbnailUrl\":\"https:\/\/miumjau.ee\/wp-content\/uploads\/2024\/08\/ambrosia-Adult-Senior-Sterilized-Obese-Cat-Fresh-Turkey-Herring-0o-.jpg\",\"datePublished\":\"2024-08-09T09:27:15+00:00\",\"dateModified\":\"2026-01-07T19:13:33+00:00\",\"breadcrumb\":{\"@id\":\"https:\/\/miumjau.ee\/lv\/produkts\/ambrosia-sausais-bariba-kakiem-titars-un-silke-15-kg\/#breadcrumb\"},\"inLanguage\":\"lv-LV\",\"potentialAction\":[{\"@type\":\"ReadAction\",\"target\":[\"https:\/\/miumjau.ee\/lv\/produkts\/ambrosia-sausais-bariba-kakiem-titars-un-silke-15-kg\/\"]}]},{\"@type\":\"ImageObject\",\"inLanguage\":\"lv-LV\",\"@id\":\"https:\/\/miumjau.ee\/lv\/produkts\/ambrosia-sausais-bariba-kakiem-titars-un-silke-15-kg\/#primaryimage\",\"url\":\"https:\/\/miumjau.ee\/wp-content\/uploads\/2024\/08\/ambrosia-Adult-Senior-Sterilized-Obese-Cat-Fresh-Turkey-Herring-0o-.jpg\",\"contentUrl\":\"https:\/\/miumjau.ee\/wp-content\/uploads\/2024\/08\/ambrosia-Adult-Senior-Sterilized-Obese-Cat-Fresh-Turkey-Herring-0o-.jpg\",\"width\":600,\"height\":800},{\"@type\":\"BreadcrumbList\",\"@id\":\"https:\/\/miumjau.ee\/lv\/produkts\/ambrosia-sausais-bariba-kakiem-titars-un-silke-15-kg\/#breadcrumb\",\"itemListElement\":[{\"@type\":\"ListItem\",\"position\":1,\"name\":\"Home\",\"item\":\"https:\/\/miumjau.ee\/lv\/\"},{\"@type\":\"ListItem\",\"position\":2,\"name\":\"Veikals\",\"item\":\"https:\/\/miumjau.ee\/lv\/veikals\/\"},{\"@type\":\"ListItem\",\"position\":3,\"name\":\"Ambrosia sausais bar\u012bba ka\u0137iem, t\u012btars un si\u013c\u0137e, 1,5 kg\"}]},{\"@type\":\"WebSite\",\"@id\":\"https:\/\/miumjau.ee\/#website\",\"url\":\"https:\/\/miumjau.ee\/\",\"name\":\"MiuMjau\",\"description\":\"Kraapimispuud kassidele\",\"publisher\":{\"@id\":\"https:\/\/miumjau.ee\/#organization\"},\"potentialAction\":[{\"@type\":\"SearchAction\",\"target\":{\"@type\":\"EntryPoint\",\"urlTemplate\":\"https:\/\/miumjau.ee\/?s={search_term_string}\"},\"query-input\":{\"@type\":\"PropertyValueSpecification\",\"valueRequired\":true,\"valueName\":\"search_term_string\"}}],\"inLanguage\":\"lv-LV\"},{\"@type\":\"Organization\",\"@id\":\"https:\/\/miumjau.ee\/#organization\",\"name\":\"MiuMjau O\u00dc\",\"url\":\"https:\/\/miumjau.ee\/\",\"logo\":{\"@type\":\"ImageObject\",\"inLanguage\":\"lv-LV\",\"@id\":\"https:\/\/miumjau.ee\/#\/schema\/logo\/image\/\",\"url\":\"https:\/\/miumjau.ee\/wp-content\/uploads\/2022\/04\/MiuMjau-logo-kollane.png\",\"contentUrl\":\"https:\/\/miumjau.ee\/wp-content\/uploads\/2022\/04\/MiuMjau-logo-kollane.png\",\"width\":219,\"height\":100,\"caption\":\"MiuMjau O\u00dc\"},\"image\":{\"@id\":\"https:\/\/miumjau.ee\/#\/schema\/logo\/image\/\"},\"sameAs\":[\"https:\/\/www.facebook.com\/miumjaupood\/\"]}]}<\/script>\n<!-- \/ Yoast SEO plugin. -->","yoast_head_json":{"title":"Ambrosia sausais bar\u012bba ka\u0137iem, t\u012btars un si\u013c\u0137e, 1,5 kg - MiuMjau","robots":{"index":"index","follow":"follow","max-snippet":"max-snippet:-1","max-image-preview":"max-image-preview:large","max-video-preview":"max-video-preview:-1"},"canonical":"https:\/\/miumjau.ee\/lv\/produkts\/ambrosia-sausais-bariba-kakiem-titars-un-silke-15-kg\/","og_locale":"lv_LV","og_type":"article","og_title":"Ambrosia sausais bar\u012bba ka\u0137iem, t\u012btars un si\u013c\u0137e, 1,5 kg - MiuMjau","og_description":"Ide\u0101la bar\u012bba pieaugu\u0161iem, vec\u0101kiem, steriliz\u0113tiem un liek\u0101 svara ka\u0137iem. \u0160\u012b sabalans\u0113t\u0101 di\u0113ta satur 59% dz\u012bvnieku izcelsmes sast\u0101vda\u013cu un 73% dz\u012bvnieku olbaltumvielu avotu, nodro\u0161inot vesel\u012bgu un gar\u0161\u012bgu uzturu. Sast\u0101vda\u013cas, piem\u0113ram, svaigs t\u012btars, kalt\u0113ta si\u013c\u0137e, \u0137irbis, spin\u0101ti, dz\u0113rvenes un mellenes, nodro\u0161ina ka\u0137im visas nepiecie\u0161am\u0101s uzturvielas un vitam\u012bnus. Zema tauku satura bar\u012bba atbalsta spalvas vesel\u012bbu un visp\u0101r\u0113jo labsaj\u016btu. Sast\u0101vda\u013cas: T\u012btars (32%, tai skait\u0101 svaigs bezkaulu t\u012btars 25% un dehidr\u0113ts t\u012btara prote\u012bns 7%), dehidr\u0113ta si\u013c\u0137e (17%), kartupe\u013cu ciete, za\u013cie zir\u0146i, hidroliz\u0113ts dz\u012bvnieku prote\u012bns (6,5%), kartupe\u013cu prote\u012bns, la\u0161u e\u013c\u013ca (2%), kalt\u0113ta bie\u0161u masa, dz\u012bvnieku tauki (1,5%), lins\u0113klas, miner\u0101lvielas, kalt\u0113ts cikorijas sakne (dab\u012bgs FOS un inul\u012bna avots), MOS un beta glik\u0101ni, kalt\u0113ts alus raugs, kalt\u0113ts \u0137irbis, kalt\u0113ti spin\u0101ti, kalt\u0113ti tom\u0101ti, kalt\u0113tas dz\u0113rvenes, kalt\u0113tas mellenes, glikozam\u012bna hidrohlor\u012bds (100 mg\/kg), hondroit\u012bnsulf\u0101ts (100 mg\/kg), kalt\u0113ti gar\u0161augi (Yucca schidigera, rozmar\u012bns, kurkuma, citrusaug\u013ci, Eugenia sp). Uzturv\u0113rt\u012bbas anal\u012bze: Svaigs prote\u012bns 38%, svaigi tauki 12%, Omega-3 tauksk\u0101bes 0,6%, Omega-6 tauksk\u0101bes 1,6%, pelni 7,5%, \u0161\u0137iedrvielas 2,0%, mitrums 9,0%, kalcijs (Ca) 1,0%, fosfors (P) 0,9%, magnijs (Mg) 0,09%. Bar\u012bbas kaloriju saturs: 3720 kcal\/kg. Pieejams uzreiz!","og_url":"https:\/\/miumjau.ee\/lv\/produkts\/ambrosia-sausais-bariba-kakiem-titars-un-silke-15-kg\/","og_site_name":"MiuMjau","article_publisher":"https:\/\/www.facebook.com\/miumjaupood\/","article_modified_time":"2026-01-07T19:13:33+00:00","og_image":[{"width":600,"height":800,"url":"https:\/\/miumjau.ee\/wp-content\/uploads\/2024\/08\/ambrosia-Adult-Senior-Sterilized-Obese-Cat-Fresh-Turkey-Herring-0o-.jpg","type":"image\/jpeg"}],"twitter_card":"summary_large_image","schema":{"@context":"https:\/\/schema.org","@graph":[{"@type":"WebPage","@id":"https:\/\/miumjau.ee\/lv\/produkts\/ambrosia-sausais-bariba-kakiem-titars-un-silke-15-kg\/","url":"https:\/\/miumjau.ee\/lv\/produkts\/ambrosia-sausais-bariba-kakiem-titars-un-silke-15-kg\/","name":"Ambrosia sausais bar\u012bba ka\u0137iem, t\u012btars un si\u013c\u0137e, 1,5 kg - MiuMjau","isPartOf":{"@id":"https:\/\/miumjau.ee\/#website"},"primaryImageOfPage":{"@id":"https:\/\/miumjau.ee\/lv\/produkts\/ambrosia-sausais-bariba-kakiem-titars-un-silke-15-kg\/#primaryimage"},"image":{"@id":"https:\/\/miumjau.ee\/lv\/produkts\/ambrosia-sausais-bariba-kakiem-titars-un-silke-15-kg\/#primaryimage"},"thumbnailUrl":"https:\/\/miumjau.ee\/wp-content\/uploads\/2024\/08\/ambrosia-Adult-Senior-Sterilized-Obese-Cat-Fresh-Turkey-Herring-0o-.jpg","datePublished":"2024-08-09T09:27:15+00:00","dateModified":"2026-01-07T19:13:33+00:00","breadcrumb":{"@id":"https:\/\/miumjau.ee\/lv\/produkts\/ambrosia-sausais-bariba-kakiem-titars-un-silke-15-kg\/#breadcrumb"},"inLanguage":"lv-LV","potentialAction":[{"@type":"ReadAction","target":["https:\/\/miumjau.ee\/lv\/produkts\/ambrosia-sausais-bariba-kakiem-titars-un-silke-15-kg\/"]}]},{"@type":"ImageObject","inLanguage":"lv-LV","@id":"https:\/\/miumjau.ee\/lv\/produkts\/ambrosia-sausais-bariba-kakiem-titars-un-silke-15-kg\/#primaryimage","url":"https:\/\/miumjau.ee\/wp-content\/uploads\/2024\/08\/ambrosia-Adult-Senior-Sterilized-Obese-Cat-Fresh-Turkey-Herring-0o-.jpg","contentUrl":"https:\/\/miumjau.ee\/wp-content\/uploads\/2024\/08\/ambrosia-Adult-Senior-Sterilized-Obese-Cat-Fresh-Turkey-Herring-0o-.jpg","width":600,"height":800},{"@type":"BreadcrumbList","@id":"https:\/\/miumjau.ee\/lv\/produkts\/ambrosia-sausais-bariba-kakiem-titars-un-silke-15-kg\/#breadcrumb","itemListElement":[{"@type":"ListItem","position":1,"name":"Home","item":"https:\/\/miumjau.ee\/lv\/"},{"@type":"ListItem","position":2,"name":"Veikals","item":"https:\/\/miumjau.ee\/lv\/veikals\/"},{"@type":"ListItem","position":3,"name":"Ambrosia sausais bar\u012bba ka\u0137iem, t\u012btars un si\u013c\u0137e, 1,5 kg"}]},{"@type":"WebSite","@id":"https:\/\/miumjau.ee\/#website","url":"https:\/\/miumjau.ee\/","name":"MiuMjau","description":"Kraapimispuud kassidele","publisher":{"@id":"https:\/\/miumjau.ee\/#organization"},"potentialAction":[{"@type":"SearchAction","target":{"@type":"EntryPoint","urlTemplate":"https:\/\/miumjau.ee\/?s={search_term_string}"},"query-input":{"@type":"PropertyValueSpecification","valueRequired":true,"valueName":"search_term_string"}}],"inLanguage":"lv-LV"},{"@type":"Organization","@id":"https:\/\/miumjau.ee\/#organization","name":"MiuMjau O\u00dc","url":"https:\/\/miumjau.ee\/","logo":{"@type":"ImageObject","inLanguage":"lv-LV","@id":"https:\/\/miumjau.ee\/#\/schema\/logo\/image\/","url":"https:\/\/miumjau.ee\/wp-content\/uploads\/2022\/04\/MiuMjau-logo-kollane.png","contentUrl":"https:\/\/miumjau.ee\/wp-content\/uploads\/2022\/04\/MiuMjau-logo-kollane.png","width":219,"height":100,"caption":"MiuMjau O\u00dc"},"image":{"@id":"https:\/\/miumjau.ee\/#\/schema\/logo\/image\/"},"sameAs":["https:\/\/www.facebook.com\/miumjaupood\/"]}]}},"_links":{"self":[{"href":"https:\/\/miumjau.ee\/lv\/wp-json\/wp\/v2\/product\/50855","targetHints":{"allow":["GET"]}}],"collection":[{"href":"https:\/\/miumjau.ee\/lv\/wp-json\/wp\/v2\/product"}],"about":[{"href":"https:\/\/miumjau.ee\/lv\/wp-json\/wp\/v2\/types\/product"}],"wp:featuredmedia":[{"embeddable":true,"href":"https:\/\/miumjau.ee\/lv\/wp-json\/wp\/v2\/media\/50856"}],"wp:attachment":[{"href":"https:\/\/miumjau.ee\/lv\/wp-json\/wp\/v2\/media?parent=50855"}],"wp:term":[{"taxonomy":"product_brand","embeddable":true,"href":"https:\/\/miumjau.ee\/lv\/wp-json\/wp\/v2\/product_brand?post=50855"},{"taxonomy":"product_cat","embeddable":true,"href":"https:\/\/miumjau.ee\/lv\/wp-json\/wp\/v2\/product_cat?post=50855"},{"taxonomy":"product_tag","embeddable":true,"href":"https:\/\/miumjau.ee\/lv\/wp-json\/wp\/v2\/product_tag?post=50855"}],"curies":[{"name":"wp","href":"https:\/\/api.w.org\/{rel}","templated":true}]}}